{"id":9577,"date":"2025-10-01T08:03:52","date_gmt":"2025-10-01T08:03:52","guid":{"rendered":"https:\/\/i4f.com\/stair-tread-technologies\/"},"modified":"2025-10-23T12:54:47","modified_gmt":"2025-10-23T12:54:47","slug":"stair-tread-technologies","status":"publish","type":"page","link":"https:\/\/i4f.com\/vi\/stair-tread-technologies\/","title":{"rendered":"Stair Tread Technologies"},"content":{"rendered":"        <section class=\"block hero\" id=\"block_68f7978fb6414\">\n          <div class=\"hero-content\" style=\"background-image: url('https:\/\/i4f.com\/app\/uploads\/2025\/10\/Projekt-bez-nazwy-2025-10-01T095929.550.png')\">\n                              <img loading=\"lazy\" decoding=\"async\" src=\"https:\/\/i4f.com\/app\/uploads\/2025\/10\/Projekt-bez-nazwy-2025-10-01T095929.550-1080x820.png\" alt=\"C\u00f4ng ngh\u1ec7 b\u1eadc c\u1ea7u thang li\u1ec1n m\u1ea3nh, li\u1ec1n m\u1ea1ch v\u00e0 c\u00f3 kh\u1ea3 n\u0103ng u\u1ed1n cong \u0111\u1ed9c \u0111\u00e1o\"\n         srcset=\"https:\/\/i4f.com\/app\/uploads\/2025\/10\/Projekt-bez-nazwy-2025-10-01T095929.550-350x0-c-default.png 320w,https:\/\/i4f.com\/app\/uploads\/2025\/10\/Projekt-bez-nazwy-2025-10-01T095929.550-1080x820.png 640w, https:\/\/i4f.com\/app\/uploads\/2025\/10\/Projekt-bez-nazwy-2025-10-01T095929.550.png 1024w\"\n         sizes=\"auto, 100vw\" class=\"img-fluid hero-mobile\" width=\"1080\"\n         height=\"820\"\/>\n    \n\n            <div class=\"container\">\n              <div class=\"overlay\"><\/div>\n              <div class=\"row align-items-center\">\n                <div class=\"col-lg-5\">\n                  <div class=\"hero-body\">\n                    <div class=\"hero-logo\">\n                      <img decoding=\"async\" src=\"https:\/\/i4f.com\/app\/uploads\/2025\/10\/i4F-stair-tread-199x50.png\" alt=\"\" \/>\n                    <\/div>\n                    <h1>C\u00f4ng ngh\u1ec7 b\u1eadc c\u1ea7u thang li\u1ec1n m\u1ea3nh, li\u1ec1n m\u1ea1ch v\u00e0 c\u00f3 kh\u1ea3 n\u0103ng u\u1ed1n cong \u0111\u1ed9c \u0111\u00e1o<\/h1>\n                    <p>M\u1ed9t c\u00f4ng ngh\u1ec7 ph\u1ee7 b\u1eadc c\u1ea7u thang \u0111\u01b0\u1ee3c c\u1ea5p b\u1eb1ng s\u00e1ng ch\u1ebf, gi\u00fap l\u1eafp \u0111\u1eb7t l\u1edbp \u1ed1p c\u1ea7u thang v\u00e0 c\u1ea3i t\u1ea1o d\u1ec5 d\u00e0ng h\u01a1n bao gi\u1edd h\u1ebft.  Nh\u1edd s\u1ef1 h\u1ee3p t\u00e1c n\u00e0y, i4F \u0111\u00e3 c\u00f3 quy\u1ec1n c\u1ea5p ph\u00e9p \u0111\u1ed9c quy\u1ec1n cho c\u00f4ng ngh\u1ec7 b\u1eadc c\u1ea7u thang li\u1ec1n m\u1ea3nh, li\u1ec1n m\u1ea1ch, \u0111\u01b0\u1ee3c thi\u1ebft k\u1ebf b\u1ec1n ch\u1eafc, ch\u1ed1ng n\u01b0\u1edbc, an to\u00e0n, \u0111\u1ed3ng th\u1eddi t\u1ea1o d\u00f2ng thi\u1ebft k\u1ebf li\u1ec1n m\u1ea1ch t\u1eeb s\u00e0n v\u00e0 t\u01b0\u1eddng \u0111\u1ebfn c\u1ea7u thang.  V\u00ec c\u00f4ng ngh\u1ec7 n\u00e0y t\u01b0\u01a1ng th\u00edch v\u1edbi m\u1ecdi lo\u1ea1i v\u1eadt li\u1ec7u s\u00e0n, n\u00f3 t\u1eadn d\u1ee5ng \u0111\u01b0\u1ee3c s\u1ef1 k\u1ebft h\u1ee3p m\u1ea1nh m\u1ebd v\u1edbi m\u1ea1ng l\u01b0\u1edbi kh\u00e1ch h\u00e0ng to\u00e0n c\u1ea7u l\u00e2u n\u0103m c\u1ee7a i4F, tr\u1ea3i r\u1ed9ng tr\u00ean nhi\u1ec1u ph\u00e2n kh\u00fac s\u00e0n kh\u00e1c nhau.<\/p>\n                    <p class=\"hero-links\">\n                      <a href=\"#Taking-Flooring\" class=\"btn  btn-primary\">Xem c\u00e1c c\u00f4ng ngh\u1ec7 c\u1ee7a ch\u00fang t\u00f4i &nbsp; <svg width=\"24\" height=\"24\" viewBox=\"0 0 24 24\" fill=\"none\" xmlns=\"http:\/\/www.w3.org\/2000\/svg\">\n<path d=\"M12 5V19\" stroke=\"#304757\" stroke-width=\"2\" stroke-linecap=\"round\" stroke-linejoin=\"round\"\/>\n<path d=\"M19 12L12 19L5 12\" stroke=\"#304757\" stroke-width=\"2\" stroke-linecap=\"round\" stroke-linejoin=\"round\"\/>\n<\/svg>\n<\/a>\n                      <a href=\"https:\/\/i4f.com\/contact\/?tab=block_60d3b16e96657-2-form#block_60d3b16596656\" class=\"btn  btn-outline-secondary\">Tr\u1edf th\u00e0nh m\u1ed9t kh\u00e1ch h\u00e0ng \u0111\u01b0\u1ee3c c\u1ea5p ph\u00e9p<\/a>\n                    <\/p>\n                  <\/div>\n                <\/div>\n                <div class=\"col d-none d-lg-block hero-spacer\">\n                <\/div>\n              <\/div>\n            <\/div>\n          <\/div>\n        <\/section>\n\n        <section class=\"block text-image main align-right overlap\" id=\"block_68f7978fc2166\">\n        <div class=\"container-outer\">\n        <div class=\"block-wrapper\">\n          <div class=\"container\">\n            <div class=\"row align-items-center\">\n            <div class=\"responsive_reverse\">\n<div class=\"col-xl-6 order-xl-2\">\n                <div class=\"txtimg-body\">\n                    <h2>Ch\u1ed1ng m\u00e0i m\u00f2n cao, ch\u1ed1ng tr\u01a1n tr\u01b0\u1ee3t v\u00e0 ch\u1ecbu n\u01b0\u1edbc<\/h2>\n                    <p>C\u00f4ng ngh\u1ec7 n\u00e0y gi\u1ea3i quy\u1ebft nh\u1eefng th\u00e1ch th\u1ee9c th\u01b0\u1eddng g\u1eb7p c\u1ee7a c\u00e1c l\u1edbp ph\u1ee7 c\u1ea7u thang truy\u1ec1n th\u1ed1ng, \u0111\u1eb7c bi\u1ec7t l\u00e0 vi\u1ec7c ph\u1ee5 thu\u1ed9c v\u00e0o c\u00e1c h\u1ec7 th\u1ed1ng profile thi\u1ebfu th\u1ea9m m\u1ef9.  C\u00f4ng ngh\u1ec7 Stair Tread cho ph\u00e9p c\u00e1c nh\u00e0 s\u1ea3n xu\u1ea5t t\u1ea1o ra nh\u1eefng c\u1ea7u thang v\u1eeba th\u1ea9m m\u1ef9, v\u1eeba b\u1ec1n ch\u1eafc, ch\u1ed1ng tr\u01a1n tr\u01b0\u1ee3t v\u00e0 li\u1ec1n m\u1ea1ch, v\u1edbi m\u1ed7i m\u0169i b\u1eadc \u0111\u01b0\u1ee3c ch\u1ebf t\u1ea1o t\u1eeb m\u1ed9t m\u1ea3nh v\u1eadt li\u1ec7u duy nh\u1ea5t.<\/p>\n\n\n                <\/div>\n                <div class=\"col-xl-6 order-xl-1\">\n                <div class=\"txtimg-image text-center\">\n                                      <img loading=\"lazy\" decoding=\"async\" src=\"https:\/\/i4f.com\/app\/uploads\/2025\/10\/Rigid-trede-920x518.jpg\" alt=\"\"\n         srcset=\"https:\/\/i4f.com\/app\/uploads\/2025\/10\/Rigid-trede-350x0-c-default.jpg 320w,https:\/\/i4f.com\/app\/uploads\/2025\/10\/Rigid-trede-920x518.jpg 640w, https:\/\/i4f.com\/app\/uploads\/2025\/10\/Rigid-trede-1840x1036.jpg 1024w\"\n         sizes=\"auto, 100vw\" class=\"img-fluid\" width=\"920\"\n         height=\"518\"\/>\n    \n\n                <\/div>\n                <\/div>\n              <\/div>\n                  <\/div>\n                <\/div>\n              <\/div>  \n            <\/div>\n              <div class=\"responsive_default align-items-center\">\n                <div class=\"col-xl-6 order-xl-2\">\n                  <div class=\"txtimg-image text-center\">\n                                      <img loading=\"lazy\" decoding=\"async\" src=\"https:\/\/i4f.com\/app\/uploads\/2025\/10\/Rigid-trede-920x518.jpg\" alt=\"\"\n         srcset=\"https:\/\/i4f.com\/app\/uploads\/2025\/10\/Rigid-trede-350x0-c-default.jpg 320w,https:\/\/i4f.com\/app\/uploads\/2025\/10\/Rigid-trede-920x518.jpg 640w, https:\/\/i4f.com\/app\/uploads\/2025\/10\/Rigid-trede-1840x1036.jpg 1024w\"\n         sizes=\"auto, 100vw\" class=\"img-fluid\" width=\"920\"\n         height=\"518\"\/>\n    \n\n                  <\/div>\n                <\/div>\n                <div class=\"col-xl-6 order-xl-1\">\n                  <div class=\"txtimg-body\">\n                    <h2>Ch\u1ed1ng m\u00e0i m\u00f2n cao, ch\u1ed1ng tr\u01a1n tr\u01b0\u1ee3t v\u00e0 ch\u1ecbu n\u01b0\u1edbc<\/h2>\n                    <p>C\u00f4ng ngh\u1ec7 n\u00e0y gi\u1ea3i quy\u1ebft nh\u1eefng th\u00e1ch th\u1ee9c th\u01b0\u1eddng g\u1eb7p c\u1ee7a c\u00e1c l\u1edbp ph\u1ee7 c\u1ea7u thang truy\u1ec1n th\u1ed1ng, \u0111\u1eb7c bi\u1ec7t l\u00e0 vi\u1ec7c ph\u1ee5 thu\u1ed9c v\u00e0o c\u00e1c h\u1ec7 th\u1ed1ng profile thi\u1ebfu th\u1ea9m m\u1ef9.  C\u00f4ng ngh\u1ec7 Stair Tread cho ph\u00e9p c\u00e1c nh\u00e0 s\u1ea3n xu\u1ea5t t\u1ea1o ra nh\u1eefng c\u1ea7u thang v\u1eeba th\u1ea9m m\u1ef9, v\u1eeba b\u1ec1n ch\u1eafc, ch\u1ed1ng tr\u01a1n tr\u01b0\u1ee3t v\u00e0 li\u1ec1n m\u1ea1ch, v\u1edbi m\u1ed7i m\u0169i b\u1eadc \u0111\u01b0\u1ee3c ch\u1ebf t\u1ea1o t\u1eeb m\u1ed9t m\u1ea3nh v\u1eadt li\u1ec7u duy nh\u1ea5t.<\/p>\n\n                  <\/div>\n                <\/div>\n              <\/div>\n            <\/div>\n          <\/div>\n        <\/div>\n        <\/div>\n        <\/section>\n\n        <section class=\"block text-image main align-left \" id=\"block_68f7978fc3df6\">\n        <div class=\"container-outer\">\n          <div class=\"container\">\n            <div class=\"row align-items-center\">\n            <div class=\"responsive_reverse\">\n<div class=\"col-xl-7\">\n                <div class=\"txtimg-body\">\n                    <h2>T\u01b0\u01a1ng th\u00edch v\u1edbi m\u1ecdi lo\u1ea1i v\u1eadt li\u1ec7u s\u00e0n<\/h2>\n                    <p>Gi\u1ea3i ph\u00e1p \u0111\u1ed9t ph\u00e1 n\u00e0y t\u01b0\u01a1ng th\u00edch v\u1edbi m\u1ecdi lo\u1ea1i v\u1eadt li\u1ec7u s\u00e0n, m\u1edf ra v\u00f4 v\u00e0n c\u01a1 h\u1ed9i thi\u1ebft k\u1ebf cho c\u1ea3 kh\u00f4ng gian nh\u00e0 \u1edf l\u1eabn th\u01b0\u01a1ng m\u1ea1i.<\/p>\n\n\n                <\/div>\n                <div class=\"col-xl-5\">\n                <div class=\"txtimg-image text-center\">\n                                      <img loading=\"lazy\" decoding=\"async\" src=\"https:\/\/i4f.com\/app\/uploads\/2025\/10\/VICstairs-PVC-LVT-trapbekleding-traprenovatie-920x518.jpg\" alt=\"\"\n         srcset=\"https:\/\/i4f.com\/app\/uploads\/2025\/10\/VICstairs-PVC-LVT-trapbekleding-traprenovatie-350x0-c-default.jpg 320w,https:\/\/i4f.com\/app\/uploads\/2025\/10\/VICstairs-PVC-LVT-trapbekleding-traprenovatie-920x518.jpg 640w, https:\/\/i4f.com\/app\/uploads\/2025\/10\/VICstairs-PVC-LVT-trapbekleding-traprenovatie-1840x1036.jpg 1024w\"\n         sizes=\"auto, 100vw\" class=\"img-fluid\" width=\"920\"\n         height=\"518\"\/>\n    \n\n                <\/div>\n                <\/div>\n              <\/div>\n                  <\/div>\n                <\/div>\n              <\/div>  \n            <\/div>\n              <div class=\"responsive_default align-items-center\">\n                <div class=\"col-xl-7\">\n                  <div class=\"txtimg-image text-center\">\n                                      <img loading=\"lazy\" decoding=\"async\" src=\"https:\/\/i4f.com\/app\/uploads\/2025\/10\/VICstairs-PVC-LVT-trapbekleding-traprenovatie-920x518.jpg\" alt=\"\"\n         srcset=\"https:\/\/i4f.com\/app\/uploads\/2025\/10\/VICstairs-PVC-LVT-trapbekleding-traprenovatie-350x0-c-default.jpg 320w,https:\/\/i4f.com\/app\/uploads\/2025\/10\/VICstairs-PVC-LVT-trapbekleding-traprenovatie-920x518.jpg 640w, https:\/\/i4f.com\/app\/uploads\/2025\/10\/VICstairs-PVC-LVT-trapbekleding-traprenovatie-1840x1036.jpg 1024w\"\n         sizes=\"auto, 100vw\" class=\"img-fluid\" width=\"920\"\n         height=\"518\"\/>\n    \n\n                  <\/div>\n                <\/div>\n                <div class=\"col-xl-5\">\n                  <div class=\"txtimg-body\">\n                    <h2>T\u01b0\u01a1ng th\u00edch v\u1edbi m\u1ecdi lo\u1ea1i v\u1eadt li\u1ec7u s\u00e0n<\/h2>\n                    <p>Gi\u1ea3i ph\u00e1p \u0111\u1ed9t ph\u00e1 n\u00e0y t\u01b0\u01a1ng th\u00edch v\u1edbi m\u1ecdi lo\u1ea1i v\u1eadt li\u1ec7u s\u00e0n, m\u1edf ra v\u00f4 v\u00e0n c\u01a1 h\u1ed9i thi\u1ebft k\u1ebf cho c\u1ea3 kh\u00f4ng gian nh\u00e0 \u1edf l\u1eabn th\u01b0\u01a1ng m\u1ea1i.<\/p>\n\n                  <\/div>\n                <\/div>\n              <\/div>\n            <\/div>\n          <\/div>\n        <\/div>\n        <\/section>\n\n        <section class=\"block cta image\" id=\"block_60ddb636d0802\">\n          <div class=\"container\">\n  <div class=\"row\">\n    <div class=\"col-lg-8 offset-lg-2\">\n      <div class=\"cta-bg\">\n        <div class=\"row align-items-center\">\n          <div class=\"col-xl-3\">\n            <div class=\"cta-image\">\n                                <img loading=\"lazy\" decoding=\"async\" src=\"https:\/\/i4f.com\/app\/uploads\/2021\/06\/Newsletter-preview-1-360x370.png\" alt=\"Lu\u00f4n c\u1eadp nh\u1eadt v\u1ec1 i4F\"\n         srcset=\"https:\/\/i4f.com\/app\/uploads\/2021\/06\/Newsletter-preview-1-350x0-c-default.png 320w,https:\/\/i4f.com\/app\/uploads\/2021\/06\/Newsletter-preview-1-360x370.png 640w, https:\/\/i4f.com\/app\/uploads\/2021\/06\/Newsletter-preview-1-716x740.png 1024w\"\n         sizes=\"auto, 100vw\" class=\"img-fluid\" width=\"360\"\n         height=\"370\"\/>\n    \n\n            <\/div>\n          <\/div>\n          <div class=\"col-xl-9\">\n            <div class=\"cta-content\">\n              <h3>Lu\u00f4n c\u1eadp nh\u1eadt v\u1ec1 i4F<\/h3>\n              <ul>\n                <li>Tin t\u1ee9c m\u1edbi nh\u1ea5t trong ng\u00e0nh \u0111\u01b0\u1ee3c g\u1eedi th\u1eb3ng t\u1edbi h\u1ed9p th\u01b0 \u0111\u1ebfn c\u1ee7a b\u1ea1n<\/li>\n                <li>T\u00ecm hi\u1ec3u th\u00eam v\u1ec1 c\u00e1c c\u00f4ng ngh\u1ec7 v\u00e0 nh\u1eefng s\u1ef1 ki\u1ec7n s\u1eafp t\u1edbi c\u1ee7a ch\u00fang t\u00f4i<\/li>\n              <\/ul>\n              <form action=\"\/vi\/stair-tread-technologies\/#block_60ddb636d0802\" method=\"post\" class=\"form-mailing-list form-process\" data-action=\"subscribe\" data-nonce=\"4eccfbc259\" data-post-id=\"9577\" novalidate>\n                <div class='form-container'>\n                  <div class=\"alert alert-danger error\"><\/div>\n                  <label for=\"email\">\u0110\u1ecba ch\u1ec9 email c\u1ee7a b\u1ea1n<\/label>\n                  <div class=\"row g-0 align-items-center\">\n                    <div class=\"col-7\">\n                      <input id=\"email\" name=\"email\" type=\"email\" value=\"\" class=\"form-control\" \/>\n                    <\/div>\n                    <div class=\"col-5\">\n                      <button class=\"btn btn-sm btn-primary\">Lu\u00f4n c\u1eadp nh\u1eadt cho t\u00f4i<\/button>\n                    <\/div>\n                  <\/div>\n                <\/div>\n                <div class=\"form-thank-you\">\n                  <h3>C\u1ea3m \u01a1n b\u1ea1n \u0111\u00e3 \u0111\u0103ng k\u00fd<\/h3>\n                <\/div>\n              <\/form>\n            <\/div>\n          <\/div>\n        <\/div>\n      <\/div>\n    <\/div>\n  <\/div>\n          <\/div>\n        <\/section>\n\n","protected":false},"excerpt":{"rendered":"","protected":false},"author":6,"featured_media":0,"parent":0,"menu_order":0,"comment_status":"closed","ping_status":"closed","template":"","meta":{"_acf_changed":false,"content-type":"","footnotes":""},"class_list":["post-9577","page","type-page","status-publish","hentry"],"acf":[],"yoast_head":"<!-- This site is optimized with the Yoast SEO plugin v24.8.1 - https:\/\/yoast.com\/wordpress\/plugins\/seo\/ -->\n<title>Outdoor Technologies Overview | i4F<\/title>\n<meta name=\"description\" content=\"i4F m\u1edf r\u1ed9ng kh\u00f4ng gian t\u1eeb trong ra ngo\u00e0i, bi\u1ebfn nh\u1eefng khu v\u1ef1c ngo\u00e0i tr\u1eddi th\u00e0nh n\u01a1i ch\u01b0a t\u1eebng c\u00f3 tr\u01b0\u1edbc \u0111\u00e2y.\" \/>\n<meta name=\"robots\" content=\"index, follow, max-snippet:-1, max-image-preview:large, max-video-preview:-1\" \/>\n<link rel=\"canonical\" href=\"https:\/\/i4f.com\/vi\/stair-tread-technologies\/\" \/>\n<meta property=\"og:locale\" content=\"vi_VN\" \/>\n<meta property=\"og:type\" content=\"article\" \/>\n<meta property=\"og:title\" content=\"Outdoor Technologies Overview | i4F\" \/>\n<meta property=\"og:description\" content=\"i4F m\u1edf r\u1ed9ng kh\u00f4ng gian t\u1eeb trong ra ngo\u00e0i, bi\u1ebfn nh\u1eefng khu v\u1ef1c ngo\u00e0i tr\u1eddi th\u00e0nh n\u01a1i ch\u01b0a t\u1eebng c\u00f3 tr\u01b0\u1edbc \u0111\u00e2y.\" \/>\n<meta property=\"og:url\" content=\"https:\/\/i4f.com\/vi\/stair-tread-technologies\/\" \/>\n<meta property=\"og:site_name\" content=\"i4F\" \/>\n<meta property=\"article:modified_time\" content=\"2025-10-23T12:54:47+00:00\" \/>\n<meta name=\"twitter:card\" content=\"summary_large_image\" \/>\n<script type=\"application\/ld+json\" class=\"yoast-schema-graph\">{\"@context\":\"https:\/\/schema.org\",\"@graph\":[{\"@type\":\"WebPage\",\"@id\":\"https:\/\/i4f.com\/vi\/stair-tread-technologies\/\",\"url\":\"https:\/\/i4f.com\/vi\/stair-tread-technologies\/\",\"name\":\"Outdoor Technologies Overview | i4F\",\"isPartOf\":{\"@id\":\"https:\/\/i4f.com\/vi\/#website\"},\"datePublished\":\"2025-10-01T08:03:52+00:00\",\"dateModified\":\"2025-10-23T12:54:47+00:00\",\"description\":\"i4F m\u1edf r\u1ed9ng kh\u00f4ng gian t\u1eeb trong ra ngo\u00e0i, bi\u1ebfn nh\u1eefng khu v\u1ef1c ngo\u00e0i tr\u1eddi th\u00e0nh n\u01a1i ch\u01b0a t\u1eebng c\u00f3 tr\u01b0\u1edbc \u0111\u00e2y.\",\"breadcrumb\":{\"@id\":\"https:\/\/i4f.com\/vi\/stair-tread-technologies\/#breadcrumb\"},\"inLanguage\":\"vi-VN\",\"potentialAction\":[{\"@type\":\"ReadAction\",\"target\":[\"https:\/\/i4f.com\/vi\/stair-tread-technologies\/\"]}]},{\"@type\":\"BreadcrumbList\",\"@id\":\"https:\/\/i4f.com\/vi\/stair-tread-technologies\/#breadcrumb\",\"itemListElement\":[{\"@type\":\"ListItem\",\"position\":1,\"name\":\"Home\",\"item\":\"https:\/\/i4f.com\/vi\/\"},{\"@type\":\"ListItem\",\"position\":2,\"name\":\"Stair Tread Technologies\"}]},{\"@type\":\"WebSite\",\"@id\":\"https:\/\/i4f.com\/vi\/#website\",\"url\":\"https:\/\/i4f.com\/vi\/\",\"name\":\"i4F\",\"description\":\"\",\"potentialAction\":[{\"@type\":\"SearchAction\",\"target\":{\"@type\":\"EntryPoint\",\"urlTemplate\":\"https:\/\/i4f.com\/vi\/?s={search_term_string}\"},\"query-input\":{\"@type\":\"PropertyValueSpecification\",\"valueRequired\":true,\"valueName\":\"search_term_string\"}}],\"inLanguage\":\"vi-VN\"}]}<\/script>\n<!-- \/ Yoast SEO plugin. -->","yoast_head_json":{"title":"Outdoor Technologies Overview | i4F","description":"i4F m\u1edf r\u1ed9ng kh\u00f4ng gian t\u1eeb trong ra ngo\u00e0i, bi\u1ebfn nh\u1eefng khu v\u1ef1c ngo\u00e0i tr\u1eddi th\u00e0nh n\u01a1i ch\u01b0a t\u1eebng c\u00f3 tr\u01b0\u1edbc \u0111\u00e2y.","robots":{"index":"index","follow":"follow","max-snippet":"max-snippet:-1","max-image-preview":"max-image-preview:large","max-video-preview":"max-video-preview:-1"},"canonical":"https:\/\/i4f.com\/vi\/stair-tread-technologies\/","og_locale":"vi_VN","og_type":"article","og_title":"Outdoor Technologies Overview | i4F","og_description":"i4F m\u1edf r\u1ed9ng kh\u00f4ng gian t\u1eeb trong ra ngo\u00e0i, bi\u1ebfn nh\u1eefng khu v\u1ef1c ngo\u00e0i tr\u1eddi th\u00e0nh n\u01a1i ch\u01b0a t\u1eebng c\u00f3 tr\u01b0\u1edbc \u0111\u00e2y.","og_url":"https:\/\/i4f.com\/vi\/stair-tread-technologies\/","og_site_name":"i4F","article_modified_time":"2025-10-23T12:54:47+00:00","twitter_card":"summary_large_image","schema":{"@context":"https:\/\/schema.org","@graph":[{"@type":"WebPage","@id":"https:\/\/i4f.com\/vi\/stair-tread-technologies\/","url":"https:\/\/i4f.com\/vi\/stair-tread-technologies\/","name":"Outdoor Technologies Overview | i4F","isPartOf":{"@id":"https:\/\/i4f.com\/vi\/#website"},"datePublished":"2025-10-01T08:03:52+00:00","dateModified":"2025-10-23T12:54:47+00:00","description":"i4F m\u1edf r\u1ed9ng kh\u00f4ng gian t\u1eeb trong ra ngo\u00e0i, bi\u1ebfn nh\u1eefng khu v\u1ef1c ngo\u00e0i tr\u1eddi th\u00e0nh n\u01a1i ch\u01b0a t\u1eebng c\u00f3 tr\u01b0\u1edbc \u0111\u00e2y.","breadcrumb":{"@id":"https:\/\/i4f.com\/vi\/stair-tread-technologies\/#breadcrumb"},"inLanguage":"vi-VN","potentialAction":[{"@type":"ReadAction","target":["https:\/\/i4f.com\/vi\/stair-tread-technologies\/"]}]},{"@type":"BreadcrumbList","@id":"https:\/\/i4f.com\/vi\/stair-tread-technologies\/#breadcrumb","itemListElement":[{"@type":"ListItem","position":1,"name":"Home","item":"https:\/\/i4f.com\/vi\/"},{"@type":"ListItem","position":2,"name":"Stair Tread Technologies"}]},{"@type":"WebSite","@id":"https:\/\/i4f.com\/vi\/#website","url":"https:\/\/i4f.com\/vi\/","name":"i4F","description":"","potentialAction":[{"@type":"SearchAction","target":{"@type":"EntryPoint","urlTemplate":"https:\/\/i4f.com\/vi\/?s={search_term_string}"},"query-input":{"@type":"PropertyValueSpecification","valueRequired":true,"valueName":"search_term_string"}}],"inLanguage":"vi-VN"}]}},"_links":{"self":[{"href":"https:\/\/i4f.com\/vi\/wp-json\/wp\/v2\/pages\/9577","targetHints":{"allow":["GET"]}}],"collection":[{"href":"https:\/\/i4f.com\/vi\/wp-json\/wp\/v2\/pages"}],"about":[{"href":"https:\/\/i4f.com\/vi\/wp-json\/wp\/v2\/types\/page"}],"author":[{"embeddable":true,"href":"https:\/\/i4f.com\/vi\/wp-json\/wp\/v2\/users\/6"}],"replies":[{"embeddable":true,"href":"https:\/\/i4f.com\/vi\/wp-json\/wp\/v2\/comments?post=9577"}],"version-history":[{"count":1,"href":"https:\/\/i4f.com\/vi\/wp-json\/wp\/v2\/pages\/9577\/revisions"}],"predecessor-version":[{"id":9578,"href":"https:\/\/i4f.com\/vi\/wp-json\/wp\/v2\/pages\/9577\/revisions\/9578"}],"wp:attachment":[{"href":"https:\/\/i4f.com\/vi\/wp-json\/wp\/v2\/media?parent=9577"}],"curies":[{"name":"wp","href":"https:\/\/api.w.org\/{rel}","templated":true}]}}