{"id":9575,"date":"2024-01-03T10:44:25","date_gmt":"2024-01-03T10:44:25","guid":{"rendered":"https:\/\/i4f.com\/i4f-clikdek\/"},"modified":"2025-10-23T13:57:53","modified_gmt":"2025-10-23T13:57:53","slug":"i4f-clikdek","status":"publish","type":"page","link":"https:\/\/i4f.com\/vi\/i4f-clikdek\/","title":{"rendered":"i4F ClikDek"},"content":{"rendered":"  <section class=\"block landing-hero text-is-white\" id=\"block_68fa345dbe10f\" style=\"background-color: #d1761b\">\n    <div class=\"hero-content\">\n      <div id=\"grad\" class=\"container\">\n      <style>#grad:before { background-image: linear-gradient(90deg, #d1761b 50%, rgba(178, 208, 231, 0));}<\/style>\n        <div class=\"row\">\n          <div class=\"col-lg-6 col-md-6 col-sm-6 col-6\">\n                          <div class=\"hero-logo\">\n                <img decoding=\"async\" src=\"https:\/\/i4f.com\/app\/uploads\/2025\/02\/Projekt-bez-nazwy-32-260x33.png\" alt=\"\"\/>\n              <\/div>\n                      <\/div>\n        \n                     <div class=\"col-lg-6 col-md-6 col-sm-6 d-lg-flex d-md-flex d-sm-flex d-flex col-6 justify-content-end\">\n              <ul class=\"nav-language\">\n                                  <li class=\"nav-link\"><a\n                      href=\"https:\/\/i4f.com\/\">EN<\/a><\/li>\n                                  <li class=\"nav-link\"><a\n                      href=\"https:\/\/i4f.com\/de\/\">DE<\/a><\/li>\n                                  <li class=\"nav-link\"><a\n                      href=\"https:\/\/i4f.com\/fr\/\">FR<\/a><\/li>\n                                  <li class=\"nav-link active\"><a\n                      href=\"https:\/\/i4f.com\/vi\/\">VI<\/a><\/li>\n                                  <li class=\"nav-link\"><a\n                      href=\"https:\/\/i4f.com\/zh-hans\/\">\u4e2d\u6587<\/a><\/li>\n                              <\/ul>\n            <\/div>\n           \n\n          <!-- hardcoded lag menu \n          <div class=\"col-lg-6 col-md-6 col-sm-6 d-lg-flex d-md-flex d-sm-flex d-flex col-6 justify-content-end\">\n            <ul class=\"nav-language\">\n              <li class=\"nav-link active\">\n                <a href=\"https:\/\/i4f.com\/belite\/\">\n                  EN\n                <\/a>\n              <\/li>\n              <li class=\"nav-link\">\n                <a href=\"https:\/\/i4f.com\/zh-hans\/be-lite\/\">\n                  \u4e2d\u6587\n                <\/a>\n              <\/li>  \n            <\/ul>\n          <\/div> -->\n\n        <\/div>\n        <div class=\"hero-bg d-md-none mb-5\"\n             style=\"background-image: url('https:\/\/i4f.com\/app\/uploads\/2025\/04\/outdoor.png')\"><\/div>\n        <div class=\"row align-items-center\">\n          <div class=\"col-lg-6 col-xxl-6 hero-text\">\n            <div class=\"hero-body\">\n                              <h6>Gi\u00fap l\u1eafp \u0111\u1eb7t s\u00e0n ngo\u00e0i tr\u1eddi d\u1ec5 d\u00e0ng cho m\u1ecdi ng\u01b0\u1eddi<\/h6>\n                            <h1>D\u1ec5 th\u00f4i m\u00e0!<\/h1>\n\n                              <p><p data-start=\"112\" data-end=\"370\">C\u00e1c chuy\u00ean gia trong ng\u00e0nh cho r\u1eb1ng c\u00f4ng ngh\u1ec7 kh\u00f3a th\u00f4ng minh Smart-Fixing c\u1ee7a ch\u00fang t\u00f4i, gi\u00fap l\u1eafp \u0111\u1eb7t s\u00e0n decking tr\u1edf n\u00ean c\u1ef1c k\u1ef3 d\u1ec5 d\u00e0ng, l\u00e0 h\u1ec7 th\u1ed1ng t\u1ed1t nh\u1ea5t hi\u1ec7n c\u00f3.<br data-start=\"292\" data-end=\"295\" \/>V\u00e0 ch\u00fang t\u00f4i ch\u1eafc ch\u1eafn r\u1eb1ng t\u1ea5t c\u1ea3 kh\u00e1ch h\u00e0ng c\u1ee7a b\u1ea1n c\u0169ng s\u1ebd \u0111\u1ed3ng \u00fd.<\/p><\/p>\n                            <p class=\"hero-links\">\n                                  <a id=\"hero-block_68fa345dbe10f-cta\" href=\"http:\/\/i4f.com\/contact\" class=\"btn btn-sm btn-primary\">Y\u00eau c\u1ea7u m\u1eabu th\u1eed<\/a>\n                                              <\/p>\n            <\/div>\n          <\/div>\n        <\/div>\n      <\/div>\n      <div id=\"hero-intersection-target\"><\/div>\n    <\/div>\n    <div class=\"hero-bg d-none d-md-block\"\n         style=\"background-image: url('https:\/\/i4f.com\/app\/uploads\/2025\/04\/outdoor.png')\"><\/div>\n  <\/section>\n            <section class=\"block is-hexagon text-image main align-left \" id=\"block_68fa345dbe18e\">\n        <div class=\"container-outer\">\n          <div class=\"container\">\n            <div class=\"row align-items-center\">\n            <div class=\"responsive_reverse\">\n<div class=\"col-xl-7\">\n                <div class=\"txtimg-body\">\n                    <div class=\"logo\">\n                      <img decoding=\"async\" src=\"https:\/\/i4f.com\/app\/uploads\/2025\/02\/Projekt-bez-nazwy-32-260x33.png\" alt=\"\" \/>\n                    <\/div>\n                    <h2><\/h2>\n                    <p data-start=\"122\" data-end=\"291\">i4F ClikDek\u00ae l\u00e0 c\u00f4ng ngh\u1ec7 s\u00e0n decking kh\u00f3a th\u00f4ng minh m\u1edbi c\u1ee7a i4F, mang \u0111\u1ebfn vi\u1ec7c l\u1eafp \u0111\u1eb7t d\u1ec5 d\u00e0ng, nhanh g\u1ea5p 3 l\u1ea7n so v\u1edbi h\u1ec7 th\u1ed1ng s\u00e0n decking truy\u1ec1n th\u1ed1ng.<\/p>\n\n<p data-start=\"293\" data-end=\"789\">Ph\u01b0\u01a1ng ph\u00e1p kh\u00f3a th\u00f4ng minh \u0111\u01b0\u1ee3c c\u1ea5p b\u1eb1ng s\u00e1ng ch\u1ebf c\u1ee7a ch\u00fang t\u00f4i \u0111\u00e3 \u0111\u01b0\u1ee3c ng\u00e0nh c\u00f4ng nghi\u1ec7p c\u00f4ng nh\u1eadn l\u00e0 h\u1ec7 th\u1ed1ng t\u1ed1t nh\u1ea5t v\u00ec nhi\u1ec1u l\u00fd do h\u1ee3p l\u00fd.<br data-start=\"445\" data-end=\"448\" \/>Vi\u1ec7c l\u1eafp \u0111\u1eb7t kh\u00f4ng c\u1ea7n \u1ed1c v\u00edt v\u1edbi i4F ClikDek\u00ae r\u1ea5t linh ho\u1ea1t, cho ph\u00e9p truy c\u1eadp m\u1ecdi l\u00fac, m\u1ecdi n\u01a1i trong v\u00e0i gi\u00e2y, v\u00e0 h\u1ed3 s\u01a1 (profile) v\u00f4 h\u00ecnh gi\u00fap gi\u1ea3m chi ph\u00ed b\u1ea3o tr\u00ec, lo\u1ea1i b\u1ecf t\u00ecnh tr\u1ea1ng m\u1ea5t v\u1eadt d\u1ee5ng gi\u1eefa c\u00e1c t\u1ea5m.<br data-start=\"680\" data-end=\"683\" \/>H\u1ed3 s\u01a1 v\u00f4 h\u00ecnh n\u00e0y c\u0169ng gi\u1ea5u c\u00e1c k\u1eb9p (clips), g\u00f3p ph\u1ea7n mang l\u1ea1i v\u1ebb \u0111\u1eb9p li\u1ec1n m\u1ea1ch cho s\u00e0n decking.<\/p>\n\n\n                <\/div>\n                <div class=\"col-xl-5\">\n                <div class=\"txtimg-image text-center\">\n                                      <img loading=\"lazy\" decoding=\"async\" src=\"https:\/\/i4f.com\/app\/uploads\/2025\/04\/3X-FASTER-SHARK-EDITADA-920x518.png\" alt=\"\"\n         srcset=\"https:\/\/i4f.com\/app\/uploads\/2025\/04\/3X-FASTER-SHARK-EDITADA-350x0-c-default.png 320w,https:\/\/i4f.com\/app\/uploads\/2025\/04\/3X-FASTER-SHARK-EDITADA-920x518.png 640w, https:\/\/i4f.com\/app\/uploads\/2025\/04\/3X-FASTER-SHARK-EDITADA-1840x1036.png 1024w\"\n         sizes=\"auto, 100vw\" class=\"img-fluid\" width=\"920\"\n         height=\"518\"\/>\n    \n\n                <\/div>\n                <\/div>\n              <\/div>\n                  <\/div>\n                <\/div>\n              <\/div>  \n            <\/div>\n              <div class=\"responsive_default align-items-center\">\n                <div class=\"col-xl-7\">\n                  <div class=\"txtimg-image text-center\">\n                                      <img loading=\"lazy\" decoding=\"async\" src=\"https:\/\/i4f.com\/app\/uploads\/2025\/04\/3X-FASTER-SHARK-EDITADA-920x518.png\" alt=\"\"\n         srcset=\"https:\/\/i4f.com\/app\/uploads\/2025\/04\/3X-FASTER-SHARK-EDITADA-350x0-c-default.png 320w,https:\/\/i4f.com\/app\/uploads\/2025\/04\/3X-FASTER-SHARK-EDITADA-920x518.png 640w, https:\/\/i4f.com\/app\/uploads\/2025\/04\/3X-FASTER-SHARK-EDITADA-1840x1036.png 1024w\"\n         sizes=\"auto, 100vw\" class=\"img-fluid\" width=\"920\"\n         height=\"518\"\/>\n    \n\n                  <\/div>\n                <\/div>\n                <div class=\"col-xl-5\">\n                  <div class=\"txtimg-body\">\n                    <div class=\"logo\">\n                      <img decoding=\"async\" src=\"https:\/\/i4f.com\/app\/uploads\/2025\/02\/Projekt-bez-nazwy-32-260x33.png\" alt=\"\" \/>\n                    <\/div>\n                    <h2><\/h2>\n                    <p data-start=\"122\" data-end=\"291\">i4F ClikDek\u00ae l\u00e0 c\u00f4ng ngh\u1ec7 s\u00e0n decking kh\u00f3a th\u00f4ng minh m\u1edbi c\u1ee7a i4F, mang \u0111\u1ebfn vi\u1ec7c l\u1eafp \u0111\u1eb7t d\u1ec5 d\u00e0ng, nhanh g\u1ea5p 3 l\u1ea7n so v\u1edbi h\u1ec7 th\u1ed1ng s\u00e0n decking truy\u1ec1n th\u1ed1ng.<\/p>\n\n<p data-start=\"293\" data-end=\"789\">Ph\u01b0\u01a1ng ph\u00e1p kh\u00f3a th\u00f4ng minh \u0111\u01b0\u1ee3c c\u1ea5p b\u1eb1ng s\u00e1ng ch\u1ebf c\u1ee7a ch\u00fang t\u00f4i \u0111\u00e3 \u0111\u01b0\u1ee3c ng\u00e0nh c\u00f4ng nghi\u1ec7p c\u00f4ng nh\u1eadn l\u00e0 h\u1ec7 th\u1ed1ng t\u1ed1t nh\u1ea5t v\u00ec nhi\u1ec1u l\u00fd do h\u1ee3p l\u00fd.<br data-start=\"445\" data-end=\"448\" \/>Vi\u1ec7c l\u1eafp \u0111\u1eb7t kh\u00f4ng c\u1ea7n \u1ed1c v\u00edt v\u1edbi i4F ClikDek\u00ae r\u1ea5t linh ho\u1ea1t, cho ph\u00e9p truy c\u1eadp m\u1ecdi l\u00fac, m\u1ecdi n\u01a1i trong v\u00e0i gi\u00e2y, v\u00e0 h\u1ed3 s\u01a1 (profile) v\u00f4 h\u00ecnh gi\u00fap gi\u1ea3m chi ph\u00ed b\u1ea3o tr\u00ec, lo\u1ea1i b\u1ecf t\u00ecnh tr\u1ea1ng m\u1ea5t v\u1eadt d\u1ee5ng gi\u1eefa c\u00e1c t\u1ea5m.<br data-start=\"680\" data-end=\"683\" \/>H\u1ed3 s\u01a1 v\u00f4 h\u00ecnh n\u00e0y c\u0169ng gi\u1ea5u c\u00e1c k\u1eb9p (clips), g\u00f3p ph\u1ea7n mang l\u1ea1i v\u1ebb \u0111\u1eb9p li\u1ec1n m\u1ea1ch cho s\u00e0n decking.<\/p>\n\n                  <\/div>\n                <\/div>\n              <\/div>\n            <\/div>\n          <\/div>\n        <\/div>\n        <\/section>\n\n\n<div class=\"wp-block-columns is-layout-flex wp-container-core-columns-is-layout-1 wp-block-columns-is-layout-flex\">\n<div class=\"wp-block-column is-layout-flow wp-block-column-is-layout-flow\">        <section class=\"block text-image main align-right \" id=\"block_68fa345dc1669\">\n        <div class=\"container-outer\">\n          <div class=\"container\">\n            <div class=\"row align-items-center\">\n            <div class=\"responsive_reverse\">\n<div class=\"col-xl-7 order-xl-2\">\n                <div class=\"txtimg-body\">\n                    <div class=\"logo\">\n                      <img decoding=\"async\" src=\"https:\/\/i4f.com\/app\/uploads\/2025\/10\/i4F-ClikDek-Screwlocknew_CMYK.pdf-260x24.jpg\" alt=\"\" \/>\n                    <\/div>\n                    <h2><\/h2>\n                    <p data-start=\"122\" data-end=\"385\">i4F ClikDek\u00ae ScrewLock l\u00e0 c\u00f4ng ngh\u1ec7 s\u00e0n decking kh\u00f3a th\u00f4ng minh m\u1edbi nh\u1ea5t c\u1ee7a i4F, mang \u0111\u1ebfn k\u1eb9p s\u00e0n d\u1ec5 l\u1eafp b\u1eb1ng v\u00edt \u0111\u1ed3ng th\u1eddi t\u0103ng c\u01b0\u1eddng kh\u1ea3 n\u0103ng truy c\u1eadp ch\u01b0a t\u1eebng c\u00f3.<br data-start=\"305\" data-end=\"308\" \/>B\u1ea1n c\u00f3 th\u1ec3 th\u00e1o t\u1ea5m s\u00e0n v\u00e0 l\u1eafp l\u1ea1i ch\u1ec9 trong v\u00e0i gi\u00e2y m\u1ed9t c\u00e1ch d\u1ec5 d\u00e0ng.<\/p>\n\n<p data-start=\"387\" data-end=\"563\">Ngo\u00e0i ra, h\u1ec7 th\u1ed1ng m\u1edbi n\u00e0y t\u01b0\u01a1ng th\u00edch v\u1edbi h\u1ed3 s\u01a1 v\u00f4 h\u00ecnh (invisible profile) c\u1ee7a ClikDek, gi\u00fap gi\u1ea3m chi ph\u00ed b\u1ea3o tr\u00ec, lo\u1ea1i b\u1ecf t\u00ecnh tr\u1ea1ng m\u1ea5t v\u1eadt d\u1ee5ng gi\u1eefa c\u00e1c t\u1ea5m.<\/p>\n\n\n                <\/div>\n                <div class=\"col-xl-5 order-xl-1\">\n                <div class=\"txtimg-image text-center\">\n                                      <img loading=\"lazy\" decoding=\"async\" src=\"https:\/\/i4f.com\/app\/uploads\/2025\/04\/render-wood-joist-920x518.jpg\" alt=\"\"\n         srcset=\"https:\/\/i4f.com\/app\/uploads\/2025\/04\/render-wood-joist-350x0-c-default.jpg 320w,https:\/\/i4f.com\/app\/uploads\/2025\/04\/render-wood-joist-920x518.jpg 640w, https:\/\/i4f.com\/app\/uploads\/2025\/04\/render-wood-joist-1840x1036.jpg 1024w\"\n         sizes=\"auto, 100vw\" class=\"img-fluid\" width=\"920\"\n         height=\"518\"\/>\n    \n\n                <\/div>\n                <\/div>\n              <\/div>\n                  <\/div>\n                <\/div>\n              <\/div>  \n            <\/div>\n              <div class=\"responsive_default align-items-center\">\n                <div class=\"col-xl-7 order-xl-2\">\n                  <div class=\"txtimg-image text-center\">\n                                      <img loading=\"lazy\" decoding=\"async\" src=\"https:\/\/i4f.com\/app\/uploads\/2025\/04\/render-wood-joist-920x518.jpg\" alt=\"\"\n         srcset=\"https:\/\/i4f.com\/app\/uploads\/2025\/04\/render-wood-joist-350x0-c-default.jpg 320w,https:\/\/i4f.com\/app\/uploads\/2025\/04\/render-wood-joist-920x518.jpg 640w, https:\/\/i4f.com\/app\/uploads\/2025\/04\/render-wood-joist-1840x1036.jpg 1024w\"\n         sizes=\"auto, 100vw\" class=\"img-fluid\" width=\"920\"\n         height=\"518\"\/>\n    \n\n                  <\/div>\n                <\/div>\n                <div class=\"col-xl-5 order-xl-1\">\n                  <div class=\"txtimg-body\">\n                    <div class=\"logo\">\n                      <img decoding=\"async\" src=\"https:\/\/i4f.com\/app\/uploads\/2025\/10\/i4F-ClikDek-Screwlocknew_CMYK.pdf-260x24.jpg\" alt=\"\" \/>\n                    <\/div>\n                    <h2><\/h2>\n                    <p data-start=\"122\" data-end=\"385\">i4F ClikDek\u00ae ScrewLock l\u00e0 c\u00f4ng ngh\u1ec7 s\u00e0n decking kh\u00f3a th\u00f4ng minh m\u1edbi nh\u1ea5t c\u1ee7a i4F, mang \u0111\u1ebfn k\u1eb9p s\u00e0n d\u1ec5 l\u1eafp b\u1eb1ng v\u00edt \u0111\u1ed3ng th\u1eddi t\u0103ng c\u01b0\u1eddng kh\u1ea3 n\u0103ng truy c\u1eadp ch\u01b0a t\u1eebng c\u00f3.<br data-start=\"305\" data-end=\"308\" \/>B\u1ea1n c\u00f3 th\u1ec3 th\u00e1o t\u1ea5m s\u00e0n v\u00e0 l\u1eafp l\u1ea1i ch\u1ec9 trong v\u00e0i gi\u00e2y m\u1ed9t c\u00e1ch d\u1ec5 d\u00e0ng.<\/p>\n\n<p data-start=\"387\" data-end=\"563\">Ngo\u00e0i ra, h\u1ec7 th\u1ed1ng m\u1edbi n\u00e0y t\u01b0\u01a1ng th\u00edch v\u1edbi h\u1ed3 s\u01a1 v\u00f4 h\u00ecnh (invisible profile) c\u1ee7a ClikDek, gi\u00fap gi\u1ea3m chi ph\u00ed b\u1ea3o tr\u00ec, lo\u1ea1i b\u1ecf t\u00ecnh tr\u1ea1ng m\u1ea5t v\u1eadt d\u1ee5ng gi\u1eefa c\u00e1c t\u1ea5m.<\/p>\n\n                  <\/div>\n                <\/div>\n              <\/div>\n            <\/div>\n          <\/div>\n        <\/div>\n        <\/section>\n\n<\/div>\n<\/div>\n        <section class=\"block form\" id=\"block_68fa345dc16b5\">\n          <div class=\"container\">\n<div class=\"tab-container\">\n  <button class=\"tab-button\"><\/button>\n  <ul class=\"nav nav-pills rows\" role=\"tablist\">\n      <li class=\"nav-item col-lg-3\" role=\"presentation\">\n      <button class=\"nav-link active\" id=\"block_68fa345dc16b5-1-form\" data-bs-toggle=\"tab\" data-bs-target=\"#block_68fa345dc16b5-1\" type=\"button\" role=\"tab\" aria-controls=\"block_68fa345dc16b5-1\" aria-selected=\"true\"><\/button>\n    <\/li>\n  <\/ul>\n  <div class=\"row\">\n    <div class=\"col-xl-6 offset-xl-3 tab-content\">\n        <div class=\"tab-pane fade show active\" id=\"block_68fa345dc16b5-1\" role=\"tabpanel\" aria-labelledby=\"block_68fa345dc16b5-1-form\">\n        <div class=\"heading text-center\">\n          <p>\u0110\u1ec3 t\u00ecm hi\u1ec3u th\u00eam v\u1ec1 i4F ClikDek v\u00e0 nh\u1eadn m\u1eabu th\u1eed, h\u00e3y li\u00ean h\u1ec7 v\u1edbi ch\u00fang t\u00f4i qua bi\u1ec3u m\u1eabu b\u00ean d\u01b0\u1edbi.<\/p>\n        <\/div>\n        <div class=\"col-xl-8 offset-xl-2\">\n          <div class=\"form\">\n            <form action=\"\/vi\/i4f-clikdek\/#block_68fa345dc16b5-1-form\" method=\"post\" class=\"form-contact form-process\" data-action=\"contact\" data-nonce=\"9163d0fdf0\" data-post-id=\"9575\" novalidate>\n              <div class='form-container'>\n                <div class=\"alert alert-danger error\"><\/div>\n                <input type=\"hidden\" name=\"tab\" value=\"block_68fa345dc16b5-1-form\" \/>\n                <input type=\"hidden\" name=\"MMERGE6\" value=\"Lead Form\" \/>\n                <input type=\"hidden\" name=\"required\" value=\"EMAIL\" \/>\n                <input type=\"hidden\" name=\"site\" value=\"\" \/>\n                <h5>Y\u00eau c\u1ea7u m\u1eabu th\u1eed<\/h5>\n                <p>\n                  <label for=\"block_68fa345dc16b5-1-firstname\">T\u00ean<\/label>\n                  <input id=\"block_68fa345dc16b5-1-firstname\" type=\"text\" name=\"FNAME\" class=\"form-control\" value=\"\" \/>\n                <\/p>\n                <p>\n                  <label for=\"block_68fa345dc16b5-1-lastname\">H\u1ecd<\/label>\n                  <input id=\"block_68fa345dc16b5-1-lastname\" type=\"text\" name=\"LNAME\" class=\"form-control\" value=\"\" \/>\n                <\/p>\n                <p>\n                  <label for=\"block_68fa345dc16b5-1-company\">C\u00f4ng ty<\/label>\n                  <input id=\"block_68fa345dc16b5-1-company\" type=\"text\" name=\"MMERGE5\" class=\"form-control\" value=\"\" \/>\n                <\/p>\n                <p>\n                  <label for=\"block_68fa345dc16b5-1-email\">Email<\/label>\n                  <input id=\"block_68fa345dc16b5-1-email\" type=\"text\" name=\"EMAIL\" class=\"form-control\" value=\"\" required\/>\n                <\/p>\n                <p>\n                  <label for=\"block_68fa345dc16b5-1-message\">Tin nh\u1eafn<\/label>\n                  <textarea id=\"block_68fa345dc16b5-1-message\" rows=\"6\" class=\"form-control\" name=\"message\"><\/textarea>\n                <\/p>\n                <p>\n                  <div class=\"form-check\">\n                    <input class=\"form-check-input\" type=\"checkbox\" value=\"1\" name=\"newsletter\" id=\"block_68fa345dc16b5-1-newsletter\">\n                    <label class=\"form-check-label\" for=\"block_68fa345dc16b5-1-newsletter\">Th\u00eam t\u00f4i v\u00e0o b\u1ea3n tin c\u1ee7a b\u1ea1n<\/label>\n                  <\/div>\n                <\/p>\n                <p class=\"g-recaptcha\" data-sitekey=\"6LeTV38bAAAAAFtfbAsUy3i58iEa5SHcUp9z-jRV\"><\/p>\n                <p>\n                  <button class=\"btn btn-sm btn-primary\">G\u1eedi tin nh\u1eafn<\/button>\n                <\/p>\n              <\/div>\n              <div class=\"form-thank-you\">\n                <h3>C\u1ea3m \u01a1n b\u1ea1n \u0111\u00e3 g\u1eedi<\/h3>\n              <\/div>\n            <\/form>\n          <\/div>\n        <\/div>\n      <\/div>\n    <\/div>\n  <\/div>\n<\/div>\n          <\/div>\n        <\/section>\n\n        <section class=\"block cta image\" id=\"block_60ddb636d0802\">\n          <div class=\"container\">\n  <div class=\"row\">\n    <div class=\"col-lg-8 offset-lg-2\">\n      <div class=\"cta-bg\">\n        <div class=\"row align-items-center\">\n          <div class=\"col-xl-3\">\n            <div class=\"cta-image\">\n                                <img loading=\"lazy\" decoding=\"async\" src=\"https:\/\/i4f.com\/app\/uploads\/2021\/06\/Newsletter-preview-1-360x370.png\" alt=\"Lu\u00f4n c\u1eadp nh\u1eadt v\u1ec1 i4F\"\n         srcset=\"https:\/\/i4f.com\/app\/uploads\/2021\/06\/Newsletter-preview-1-350x0-c-default.png 320w,https:\/\/i4f.com\/app\/uploads\/2021\/06\/Newsletter-preview-1-360x370.png 640w, https:\/\/i4f.com\/app\/uploads\/2021\/06\/Newsletter-preview-1-716x740.png 1024w\"\n         sizes=\"auto, 100vw\" class=\"img-fluid\" width=\"360\"\n         height=\"370\"\/>\n    \n\n            <\/div>\n          <\/div>\n          <div class=\"col-xl-9\">\n            <div class=\"cta-content\">\n              <h3>Lu\u00f4n c\u1eadp nh\u1eadt v\u1ec1 i4F<\/h3>\n              <ul>\n                <li>Tin t\u1ee9c m\u1edbi nh\u1ea5t trong ng\u00e0nh \u0111\u01b0\u1ee3c g\u1eedi th\u1eb3ng t\u1edbi h\u1ed9p th\u01b0 \u0111\u1ebfn c\u1ee7a b\u1ea1n<\/li>\n                <li>T\u00ecm hi\u1ec3u th\u00eam v\u1ec1 c\u00e1c c\u00f4ng ngh\u1ec7 v\u00e0 nh\u1eefng s\u1ef1 ki\u1ec7n s\u1eafp t\u1edbi c\u1ee7a ch\u00fang t\u00f4i<\/li>\n              <\/ul>\n              <form action=\"\/vi\/i4f-clikdek\/#block_60ddb636d0802\" method=\"post\" class=\"form-mailing-list form-process\" data-action=\"subscribe\" data-nonce=\"52ca4a560e\" data-post-id=\"9575\" novalidate>\n                <div class='form-container'>\n                  <div class=\"alert alert-danger error\"><\/div>\n                  <label for=\"email\">\u0110\u1ecba ch\u1ec9 email c\u1ee7a b\u1ea1n<\/label>\n                  <div class=\"row g-0 align-items-center\">\n                    <div class=\"col-7\">\n                      <input id=\"email\" name=\"email\" type=\"email\" value=\"\" class=\"form-control\" \/>\n                    <\/div>\n                    <div class=\"col-5\">\n                      <button class=\"btn btn-sm btn-primary\">Lu\u00f4n c\u1eadp nh\u1eadt cho t\u00f4i<\/button>\n                    <\/div>\n                  <\/div>\n                <\/div>\n                <div class=\"form-thank-you\">\n                  <h3>C\u1ea3m \u01a1n b\u1ea1n \u0111\u00e3 \u0111\u0103ng k\u00fd<\/h3>\n                <\/div>\n              <\/form>\n            <\/div>\n          <\/div>\n        <\/div>\n      <\/div>\n    <\/div>\n  <\/div>\n          <\/div>\n        <\/section>\n\n","protected":false},"excerpt":{"rendered":"","protected":false},"author":6,"featured_media":0,"parent":0,"menu_order":0,"comment_status":"closed","ping_status":"closed","template":"templates\/page-landing.php","meta":{"_acf_changed":false,"content-type":"","footnotes":""},"class_list":["post-9575","page","type-page","status-publish","hentry"],"acf":[],"yoast_head":"<!-- This site is optimized with the Yoast SEO plugin v24.8.1 - https:\/\/yoast.com\/wordpress\/plugins\/seo\/ -->\n<title>i4F ClikDek - i4F<\/title>\n<meta name=\"robots\" content=\"index, follow, max-snippet:-1, max-image-preview:large, max-video-preview:-1\" \/>\n<link rel=\"canonical\" href=\"https:\/\/i4f.com\/vi\/i4f-clikdek\/\" \/>\n<meta property=\"og:locale\" content=\"vi_VN\" \/>\n<meta property=\"og:type\" content=\"article\" \/>\n<meta property=\"og:title\" content=\"i4F ClikDek - i4F\" \/>\n<meta property=\"og:url\" content=\"https:\/\/i4f.com\/vi\/i4f-clikdek\/\" \/>\n<meta property=\"og:site_name\" content=\"i4F\" \/>\n<meta property=\"article:modified_time\" content=\"2025-10-23T13:57:53+00:00\" \/>\n<meta name=\"twitter:card\" content=\"summary_large_image\" \/>\n<script type=\"application\/ld+json\" class=\"yoast-schema-graph\">{\"@context\":\"https:\/\/schema.org\",\"@graph\":[{\"@type\":\"WebPage\",\"@id\":\"https:\/\/i4f.com\/vi\/i4f-clikdek\/\",\"url\":\"https:\/\/i4f.com\/vi\/i4f-clikdek\/\",\"name\":\"i4F ClikDek - i4F\",\"isPartOf\":{\"@id\":\"https:\/\/i4f.com\/vi\/#website\"},\"datePublished\":\"2024-01-03T10:44:25+00:00\",\"dateModified\":\"2025-10-23T13:57:53+00:00\",\"breadcrumb\":{\"@id\":\"https:\/\/i4f.com\/vi\/i4f-clikdek\/#breadcrumb\"},\"inLanguage\":\"vi-VN\",\"potentialAction\":[{\"@type\":\"ReadAction\",\"target\":[\"https:\/\/i4f.com\/vi\/i4f-clikdek\/\"]}]},{\"@type\":\"BreadcrumbList\",\"@id\":\"https:\/\/i4f.com\/vi\/i4f-clikdek\/#breadcrumb\",\"itemListElement\":[{\"@type\":\"ListItem\",\"position\":1,\"name\":\"Home\",\"item\":\"https:\/\/i4f.com\/vi\/\"},{\"@type\":\"ListItem\",\"position\":2,\"name\":\"i4F ClikDek\"}]},{\"@type\":\"WebSite\",\"@id\":\"https:\/\/i4f.com\/vi\/#website\",\"url\":\"https:\/\/i4f.com\/vi\/\",\"name\":\"i4F\",\"description\":\"\",\"potentialAction\":[{\"@type\":\"SearchAction\",\"target\":{\"@type\":\"EntryPoint\",\"urlTemplate\":\"https:\/\/i4f.com\/vi\/?s={search_term_string}\"},\"query-input\":{\"@type\":\"PropertyValueSpecification\",\"valueRequired\":true,\"valueName\":\"search_term_string\"}}],\"inLanguage\":\"vi-VN\"}]}<\/script>\n<!-- \/ Yoast SEO plugin. -->","yoast_head_json":{"title":"i4F ClikDek - i4F","robots":{"index":"index","follow":"follow","max-snippet":"max-snippet:-1","max-image-preview":"max-image-preview:large","max-video-preview":"max-video-preview:-1"},"canonical":"https:\/\/i4f.com\/vi\/i4f-clikdek\/","og_locale":"vi_VN","og_type":"article","og_title":"i4F ClikDek - i4F","og_url":"https:\/\/i4f.com\/vi\/i4f-clikdek\/","og_site_name":"i4F","article_modified_time":"2025-10-23T13:57:53+00:00","twitter_card":"summary_large_image","schema":{"@context":"https:\/\/schema.org","@graph":[{"@type":"WebPage","@id":"https:\/\/i4f.com\/vi\/i4f-clikdek\/","url":"https:\/\/i4f.com\/vi\/i4f-clikdek\/","name":"i4F ClikDek - i4F","isPartOf":{"@id":"https:\/\/i4f.com\/vi\/#website"},"datePublished":"2024-01-03T10:44:25+00:00","dateModified":"2025-10-23T13:57:53+00:00","breadcrumb":{"@id":"https:\/\/i4f.com\/vi\/i4f-clikdek\/#breadcrumb"},"inLanguage":"vi-VN","potentialAction":[{"@type":"ReadAction","target":["https:\/\/i4f.com\/vi\/i4f-clikdek\/"]}]},{"@type":"BreadcrumbList","@id":"https:\/\/i4f.com\/vi\/i4f-clikdek\/#breadcrumb","itemListElement":[{"@type":"ListItem","position":1,"name":"Home","item":"https:\/\/i4f.com\/vi\/"},{"@type":"ListItem","position":2,"name":"i4F ClikDek"}]},{"@type":"WebSite","@id":"https:\/\/i4f.com\/vi\/#website","url":"https:\/\/i4f.com\/vi\/","name":"i4F","description":"","potentialAction":[{"@type":"SearchAction","target":{"@type":"EntryPoint","urlTemplate":"https:\/\/i4f.com\/vi\/?s={search_term_string}"},"query-input":{"@type":"PropertyValueSpecification","valueRequired":true,"valueName":"search_term_string"}}],"inLanguage":"vi-VN"}]}},"_links":{"self":[{"href":"https:\/\/i4f.com\/vi\/wp-json\/wp\/v2\/pages\/9575","targetHints":{"allow":["GET"]}}],"collection":[{"href":"https:\/\/i4f.com\/vi\/wp-json\/wp\/v2\/pages"}],"about":[{"href":"https:\/\/i4f.com\/vi\/wp-json\/wp\/v2\/types\/page"}],"author":[{"embeddable":true,"href":"https:\/\/i4f.com\/vi\/wp-json\/wp\/v2\/users\/6"}],"replies":[{"embeddable":true,"href":"https:\/\/i4f.com\/vi\/wp-json\/wp\/v2\/comments?post=9575"}],"version-history":[{"count":4,"href":"https:\/\/i4f.com\/vi\/wp-json\/wp\/v2\/pages\/9575\/revisions"}],"predecessor-version":[{"id":9605,"href":"https:\/\/i4f.com\/vi\/wp-json\/wp\/v2\/pages\/9575\/revisions\/9605"}],"wp:attachment":[{"href":"https:\/\/i4f.com\/vi\/wp-json\/wp\/v2\/media?parent=9575"}],"curies":[{"name":"wp","href":"https:\/\/api.w.org\/{rel}","templated":true}]}}