{"id":9571,"date":"2023-01-05T14:27:25","date_gmt":"2023-01-05T14:27:25","guid":{"rendered":"https:\/\/i4f.com\/aquaprotect\/"},"modified":"2025-10-23T12:50:57","modified_gmt":"2025-10-23T12:50:57","slug":"aquaprotect","status":"publish","type":"page","link":"https:\/\/i4f.com\/vi\/aquaprotect\/","title":{"rendered":"Aquaprotect"},"content":{"rendered":"  <section class=\"block landing-hero text-is-white\" id=\"block_67c1c80c78b39\" style=\"background-color: #122945\">\n    <div class=\"hero-content\">\n      <div id=\"grad\" class=\"container\">\n      <style>#grad:before { background-image: linear-gradient(90deg, #122945 50%, rgba(178, 208, 231, 0));}<\/style>\n        <div class=\"row\">\n          <div class=\"col-lg-6 col-md-6 col-sm-6 col-6\">\n                          <div class=\"hero-logo\">\n                <img decoding=\"async\" src=\"https:\/\/i4f.com\/app\/uploads\/2025\/02\/i4F-Be-Lite-logo.pdf-1-96x50.png\" alt=\"\"\/>\n              <\/div>\n                      <\/div>\n        \n                     <div class=\"col-lg-6 col-md-6 col-sm-6 d-lg-flex d-md-flex d-sm-flex d-flex col-6 justify-content-end\">\n              <ul class=\"nav-language\">\n                                  <li class=\"nav-link\"><a\n                      href=\"https:\/\/i4f.com\/\">EN<\/a><\/li>\n                                  <li class=\"nav-link\"><a\n                      href=\"https:\/\/i4f.com\/de\/\">DE<\/a><\/li>\n                                  <li class=\"nav-link\"><a\n                      href=\"https:\/\/i4f.com\/fr\/\">FR<\/a><\/li>\n                                  <li class=\"nav-link active\"><a\n                      href=\"https:\/\/i4f.com\/vi\/\">VI<\/a><\/li>\n                                  <li class=\"nav-link\"><a\n                      href=\"https:\/\/i4f.com\/zh-hans\/\">\u4e2d\u6587<\/a><\/li>\n                              <\/ul>\n            <\/div>\n           \n\n          <!-- hardcoded lag menu \n          <div class=\"col-lg-6 col-md-6 col-sm-6 d-lg-flex d-md-flex d-sm-flex d-flex col-6 justify-content-end\">\n            <ul class=\"nav-language\">\n              <li class=\"nav-link active\">\n                <a href=\"https:\/\/i4f.com\/belite\/\">\n                  EN\n                <\/a>\n              <\/li>\n              <li class=\"nav-link\">\n                <a href=\"https:\/\/i4f.com\/zh-hans\/be-lite\/\">\n                  \u4e2d\u6587\n                <\/a>\n              <\/li>  \n            <\/ul>\n          <\/div> -->\n\n        <\/div>\n        <div class=\"hero-bg d-md-none mb-5\"\n             style=\"background-image: url('https:\/\/i4f.com\/app\/uploads\/2023\/01\/background-image-aquaprotect_1.jpg')\"><\/div>\n        <div class=\"row align-items-center\">\n          <div class=\"col-lg-6 col-xxl-6 hero-text\">\n            <div class=\"hero-body\">\n                              <h6>C\u00f4ng ngh\u1ec7 th\u1ea5m ch\u1ed1ng s\u01b0ng n\u1edf do n\u01b0\u1edbc cho laminate<\/h6>\n                            <h1>Ng\u0103n s\u01b0ng n\u1edf. Kh\u00f4ng ng\u0103n ni\u1ec1m vui.<\/h1>\n\n                              <p><p data-start=\"115\" data-end=\"361\">T\u1ea1o \u1ea5n t\u01b0\u1ee3ng tr\u00ean th\u1ecb tr\u01b0\u1eddng s\u00e0n v\u1edbi c\u00f4ng ngh\u1ec7 \u0111\u01b0\u1ee3c c\u1ea5p b\u1eb1ng s\u00e1ng ch\u1ebf AquaProtect c\u1ee7a i4F.<br data-start=\"213\" data-end=\"216\" \/>C\u00f4ng ngh\u1ec7 th\u1ea9m th\u1ea5u ch\u00ednh x\u00e1c cao gi\u00fap gi\u1ea3m t\u1ed1i \u0111a nguy c\u01a1 s\u01b0ng n\u1edf tr\u00ean c\u00e1c t\u1ea5m laminate v\u00e0 t\u0103ng c\u01b0\u1eddng \u0111\u00e1ng k\u1ec3 kh\u1ea3 n\u0103ng ch\u1ed1ng n\u01b0\u1edbc.<\/p><br><p data-start=\"363\" data-end=\"496\">\u0110\u1ea1t \u0111\u01b0\u1ee3c k\u1ebft qu\u1ea3 ch\u1ea5t l\u01b0\u1ee3ng cao h\u01a1n v\u1edbi c\u00e1c t\u1ea5m HDF ti\u00eau chu\u1ea9n v\u00e0 mang \u0111\u1ebfn cho kh\u00e1ch h\u00e0ng s\u00e0n nh\u00e0 tuy\u1ec7t v\u1eddi, kh\u00f4ng lo l\u1eafng.<\/p><\/p>\n                            <p class=\"hero-links\">\n                                  <a id=\"hero-block_67c1c80c78b39-cta\" href=\"https:\/\/youtu.be\/oFM-IuHslSc\" class=\"btn btn-sm btn-primary\">Xem video<\/a>\n                                              <\/p>\n            <\/div>\n          <\/div>\n        <\/div>\n      <\/div>\n      <div id=\"hero-intersection-target\"><\/div>\n    <\/div>\n    <div class=\"hero-bg d-none d-md-block\"\n         style=\"background-image: url('https:\/\/i4f.com\/app\/uploads\/2023\/01\/background-image-aquaprotect_1.jpg')\"><\/div>\n  <\/section>\n            <section class=\"block is-default text-image main align-right overlap\" id=\"block_67c1c80c78be2\">\n        <div class=\"container-outer\">\n        <div class=\"block-wrapper\">\n          <div class=\"container\">\n            <div class=\"row align-items-center\">\n            <div class=\"responsive_reverse\">\n<div class=\"col-xl-6 order-xl-2\">\n                <div class=\"txtimg-body\">\n                    <h2>C\u00f4ng ngh\u1ec7 th\u1ea9m th\u1ea5u ch\u00ednh x\u00e1c cao cho laminate<\/h2>\n                    <p>i4F AquaProtect l\u00e0 c\u00f4ng ngh\u1ec7 th\u1ea9m th\u1ea5u ch\u00ednh x\u00e1c, ti\u1ebft ki\u1ec7m nguy\u00ean li\u1ec7u, gi\u00fap b\u1ea3o v\u1ec7 c\u00e1c t\u1ea5m HDF l\u00f5i laminate kh\u1ecfi s\u01b0ng n\u1edf do n\u01b0\u1edbc l\u00ean t\u1edbi 75%, t\u1eeb \u0111\u00f3 t\u0103ng c\u01b0\u1eddng kh\u1ea3 n\u0103ng ch\u1ed1ng n\u01b0\u1edbc t\u1ed5ng th\u1ec3 \u0111\u00e1ng k\u1ec3.  C\u00f4ng ngh\u1ec7 n\u00e0y \u00e1p d\u1ee5ng ch\u1ea5t th\u1ea5m k\u1ef5 n\u01b0\u1edbc, tr\u00e1nh phun d\u01b0 th\u1eeba kh\u00f4ng c\u1ea7n thi\u1ebft, \u0111\u1ed3ng th\u1eddi b\u00edt k\u00edn c\u00e1c c\u1ea1nh ron c\u1ee7a c\u1ea3 t\u1ea5m laminate V-groove v\u00e0 kh\u00f4ng V-groove.  C\u00e1c t\u1ea5m laminate \u0111\u01b0\u1ee3c x\u1eed l\u00fd b\u1eb1ng AquaProtect \u0111\u00e1p \u1ee9ng t\u1ea5t c\u1ea3 c\u00e1c ti\u00eau chu\u1ea9n v\u00e0 ki\u1ec3m tra ch\u1ed1ng n\u01b0\u1edbc laminate qu\u1ed1c t\u1ebf \u0111\u01b0\u1ee3c c\u00f4ng nh\u1eadn, bao g\u1ed3m NALFA v\u00e0 ISO 4760.<\/p>\n\n\n                <\/div>\n                <div class=\"col-xl-6 order-xl-1\">\n                <div class=\"txtimg-image text-center\">\n                                      <img loading=\"lazy\" decoding=\"async\" src=\"https:\/\/i4f.com\/app\/uploads\/2023\/01\/Drop-lock-i-click4U-water-resistant-water-drop-edit-920x518.jpg\" alt=\"Aquaprotect\"\n         srcset=\"https:\/\/i4f.com\/app\/uploads\/2023\/01\/Drop-lock-i-click4U-water-resistant-water-drop-edit-350x0-c-default.jpg 320w,https:\/\/i4f.com\/app\/uploads\/2023\/01\/Drop-lock-i-click4U-water-resistant-water-drop-edit-920x518.jpg 640w, https:\/\/i4f.com\/app\/uploads\/2023\/01\/Drop-lock-i-click4U-water-resistant-water-drop-edit-1840x1036.jpg 1024w\"\n         sizes=\"auto, 100vw\" class=\"img-fluid\" width=\"920\"\n         height=\"518\"\/>\n    \n\n                <\/div>\n                <\/div>\n              <\/div>\n                    <p>\n                        <a href=\"https:\/\/i4f.com\/app\/uploads\/2023\/01\/i4F-leaflet-Aquaprotect-2023_EN.pdf\" class=\"btn  btn-primary\">T\u1ea3i t\u1edd r\u01a1i<\/a>\n                        <\/p>\n                  <\/div>\n                <\/div>\n              <\/div>  \n            <\/div>\n              <div class=\"responsive_default align-items-center\">\n                <div class=\"col-xl-6 order-xl-2\">\n                  <div class=\"txtimg-image text-center\">\n                                      <img loading=\"lazy\" decoding=\"async\" src=\"https:\/\/i4f.com\/app\/uploads\/2023\/01\/Drop-lock-i-click4U-water-resistant-water-drop-edit-920x518.jpg\" alt=\"Aquaprotect\"\n         srcset=\"https:\/\/i4f.com\/app\/uploads\/2023\/01\/Drop-lock-i-click4U-water-resistant-water-drop-edit-350x0-c-default.jpg 320w,https:\/\/i4f.com\/app\/uploads\/2023\/01\/Drop-lock-i-click4U-water-resistant-water-drop-edit-920x518.jpg 640w, https:\/\/i4f.com\/app\/uploads\/2023\/01\/Drop-lock-i-click4U-water-resistant-water-drop-edit-1840x1036.jpg 1024w\"\n         sizes=\"auto, 100vw\" class=\"img-fluid\" width=\"920\"\n         height=\"518\"\/>\n    \n\n                  <\/div>\n                <\/div>\n                <div class=\"col-xl-6 order-xl-1\">\n                  <div class=\"txtimg-body\">\n                    <h2>C\u00f4ng ngh\u1ec7 th\u1ea9m th\u1ea5u ch\u00ednh x\u00e1c cao cho laminate<\/h2>\n                    <p>i4F AquaProtect l\u00e0 c\u00f4ng ngh\u1ec7 th\u1ea9m th\u1ea5u ch\u00ednh x\u00e1c, ti\u1ebft ki\u1ec7m nguy\u00ean li\u1ec7u, gi\u00fap b\u1ea3o v\u1ec7 c\u00e1c t\u1ea5m HDF l\u00f5i laminate kh\u1ecfi s\u01b0ng n\u1edf do n\u01b0\u1edbc l\u00ean t\u1edbi 75%, t\u1eeb \u0111\u00f3 t\u0103ng c\u01b0\u1eddng kh\u1ea3 n\u0103ng ch\u1ed1ng n\u01b0\u1edbc t\u1ed5ng th\u1ec3 \u0111\u00e1ng k\u1ec3.  C\u00f4ng ngh\u1ec7 n\u00e0y \u00e1p d\u1ee5ng ch\u1ea5t th\u1ea5m k\u1ef5 n\u01b0\u1edbc, tr\u00e1nh phun d\u01b0 th\u1eeba kh\u00f4ng c\u1ea7n thi\u1ebft, \u0111\u1ed3ng th\u1eddi b\u00edt k\u00edn c\u00e1c c\u1ea1nh ron c\u1ee7a c\u1ea3 t\u1ea5m laminate V-groove v\u00e0 kh\u00f4ng V-groove.  C\u00e1c t\u1ea5m laminate \u0111\u01b0\u1ee3c x\u1eed l\u00fd b\u1eb1ng AquaProtect \u0111\u00e1p \u1ee9ng t\u1ea5t c\u1ea3 c\u00e1c ti\u00eau chu\u1ea9n v\u00e0 ki\u1ec3m tra ch\u1ed1ng n\u01b0\u1edbc laminate qu\u1ed1c t\u1ebf \u0111\u01b0\u1ee3c c\u00f4ng nh\u1eadn, bao g\u1ed3m NALFA v\u00e0 ISO 4760.<\/p>\n\n                    <p>\n                        <a href=\"https:\/\/i4f.com\/app\/uploads\/2023\/01\/i4F-leaflet-Aquaprotect-2023_EN.pdf\" class=\"btn  btn-primary\">T\u1ea3i t\u1edd r\u01a1i<\/a>\n                        <\/p>\n                  <\/div>\n                <\/div>\n              <\/div>\n            <\/div>\n          <\/div>\n        <\/div>\n        <\/div>\n        <\/section>\n\n        <section class=\"block heading center\" id=\"block_67c1c80c78c0b\">\n          <div class=\"container\">\n  <div class=\"row\">\n    <div class=\"col-lg-8 offset-lg-2\">\n      <h2>Xem video<\/h2>\n      <p>Phi\u00ean b\u1ea3n ti\u1ebfng \u0110\u1ee9c v\u00e0 ti\u1ebfng Trung c\u00f3 s\u1eb5n theo y\u00eau c\u1ea7u<\/p>\n    <\/div>\n  <\/div>\n          <\/div>\n        <\/section>\n\n        <section class=\"block video\" id=\"block_67c1c80c78c2d\">\n          <div class=\"container\">\n  <div class=\"row\">\n      <div class=\"col-md-8 offset-md-2\">\n          <!-- test: not_cn -->\n      <div class=\"video-player\">\n        <div class=\"video-cover\">\n                                     <img loading=\"lazy\" decoding=\"async\" src=\"https:\/\/i4f.com\/app\/uploads\/2023\/01\/00.16-920x518.jpg\" alt=\"Video thumbnail\"\n         srcset=\"https:\/\/i4f.com\/app\/uploads\/2023\/01\/00.16-350x0-c-default.jpg 320w,https:\/\/i4f.com\/app\/uploads\/2023\/01\/00.16-920x518.jpg 640w, https:\/\/i4f.com\/app\/uploads\/2023\/01\/00.16-1840x1036.jpg 1024w\"\n         sizes=\"auto, 100vw\" class=\"img-fluid\" width=\"920\"\n         height=\"518\"\/>\n    \n\n          <button class=\"play-btn\"><svg width=\"75\" height=\"75\" viewBox=\"0 0 75 75\" fill=\"none\" xmlns=\"http:\/\/www.w3.org\/2000\/svg\">\n<circle cx=\"37.0634\" cy=\"37.5633\" r=\"36.5634\" fill=\"url(#paint0_linear)\" stroke=\"white\"\/>\n<path d=\"M28.6621 25.2088L48.4293 38.0574L28.6621 50.9061V25.2088Z\" fill=\"white\"\/>\n<defs>\n<linearGradient id=\"paint0_linear\" x1=\"-2.1099e-06\" y1=\"41.1243\" x2=\"74.1268\" y2=\"41.1243\" gradientUnits=\"userSpaceOnUse\">\n<stop stop-color=\"#465865\"\/>\n<stop offset=\"1\" stop-color=\"#0A0E11\"\/>\n<\/linearGradient>\n<\/defs>\n<\/svg>\n<span>1:33<\/span><\/button>\n        <\/div>\n        <div class=\"ratio ratio-16x9\">\n          <iframe loading=\"lazy\" title=\"i4F AquaProtect: Stop the swelling. Not the fun\" width=\"920\" height=\"518\" src=\"https:\/\/www.youtube.com\/embed\/oFM-IuHslSc?feature=oembed&#038;controls=1&#038;hd=1&#038;autohide=1&#038;rel=0\" frameborder=\"0\" allow=\"accelerometer; autoplay; clipboard-write; encrypted-media; gyroscope; picture-in-picture; web-share\" referrerpolicy=\"strict-origin-when-cross-origin\" allowfullscreen class=\"embed-responsive-item\"><\/iframe>\n        <\/div>\n      <\/div>\n                    \n    <\/div>\n    <\/div>\n          <\/div>\n        <\/section>\n\n        <section class=\"block heading center\" id=\"block_67c1c80c78c58\">\n          <div class=\"container\">\n  <div class=\"row\">\n    <div class=\"col-lg-8 offset-lg-2\">\n      <h2>T\u0103ng c\u01b0\u1eddng kh\u1ea3 n\u0103ng ch\u1ed1ng n\u01b0\u1edbc \u0111\u00e1ng k\u1ec3<\/h2>\n      <p>Ho\u00e0n to\u00e0n t\u01b0\u01a1ng th\u00edch v\u1edbi c\u00e1c d\u00e2y chuy\u1ec1n s\u1ea3n xu\u1ea5t laminate hi\u1ec7n c\u00f3, AquaProtect l\u00e0 m\u1ed9t gi\u1ea3i ph\u00e1p \u0111\u1ed9c \u0111\u00e1o, gi\u00fap c\u00e1c nh\u00e0 s\u1ea3n xu\u1ea5t n\u00e2ng c\u1ea5p \u0111\u00e1ng k\u1ec3 s\u1ea3n ph\u1ea9m v\u1edbi m\u1ee9c \u0111\u1ea7u t\u01b0 t\u01b0\u01a1ng \u0111\u1ed1i th\u1ea5p.<br><br>C\u00f4ng ngh\u1ec7 n\u00e0y mang l\u1ea1i hi\u1ec7u su\u1ea5t ch\u1ed1ng \u1ea9m t\u01b0\u01a1ng \u0111\u01b0\u01a1ng c\u00e1c t\u1ea5m HDF l\u00f5i laminate ti\u00eau chu\u1ea9n v\u1edbi 20% h\u00e0m l\u01b0\u1ee3ng nh\u1ef1a cao h\u01a1n, v\u00e0 ho\u1ea1t \u0111\u1ed9ng v\u1edbi m\u1ecdi lo\u1ea1i kh\u00f3a h\u00e8m.<br><br>C\u00f4ng th\u1ee9c \u0111\u1ed9c \u0111\u00e1o c\u1ee7a ch\u1ea5t th\u1ea5m \u0111\u01b0\u1ee3c cung c\u1ea5p b\u1edfi Riepe, c\u00f4ng ty d\u1eabn \u0111\u1ea7u th\u1ecb tr\u01b0\u1eddng trong c\u00e1c gi\u1ea3i ph\u00e1p phun cho ng\u00e0nh ch\u1ebf bi\u1ebfn g\u1ed7, v\u00e0 ch\u1ec9 c\u00f3 s\u1eb5n \u0111\u1ed9c quy\u1ec1n cho c\u00e1c \u0111\u01a1n v\u1ecb \u0111\u01b0\u1ee3c c\u1ea5p gi\u1ea5y ph\u00e9p AquaProtect.<\/p>\n    <\/div>\n  <\/div>\n          <\/div>\n        <\/section>\n\n        <section class=\"block cta image\" id=\"block_60ddb636d0802\">\n          <div class=\"container\">\n  <div class=\"row\">\n    <div class=\"col-lg-8 offset-lg-2\">\n      <div class=\"cta-bg\">\n        <div class=\"row align-items-center\">\n          <div class=\"col-xl-3\">\n            <div class=\"cta-image\">\n                                <img loading=\"lazy\" decoding=\"async\" src=\"https:\/\/i4f.com\/app\/uploads\/2021\/06\/Newsletter-preview-1-360x370.png\" alt=\"Lu\u00f4n c\u1eadp nh\u1eadt v\u1ec1 i4F\"\n         srcset=\"https:\/\/i4f.com\/app\/uploads\/2021\/06\/Newsletter-preview-1-350x0-c-default.png 320w,https:\/\/i4f.com\/app\/uploads\/2021\/06\/Newsletter-preview-1-360x370.png 640w, https:\/\/i4f.com\/app\/uploads\/2021\/06\/Newsletter-preview-1-716x740.png 1024w\"\n         sizes=\"auto, 100vw\" class=\"img-fluid\" width=\"360\"\n         height=\"370\"\/>\n    \n\n            <\/div>\n          <\/div>\n          <div class=\"col-xl-9\">\n            <div class=\"cta-content\">\n              <h3>Lu\u00f4n c\u1eadp nh\u1eadt v\u1ec1 i4F<\/h3>\n              <ul>\n                <li>Tin t\u1ee9c m\u1edbi nh\u1ea5t trong ng\u00e0nh \u0111\u01b0\u1ee3c g\u1eedi th\u1eb3ng t\u1edbi h\u1ed9p th\u01b0 \u0111\u1ebfn c\u1ee7a b\u1ea1n<\/li>\n                <li>T\u00ecm hi\u1ec3u th\u00eam v\u1ec1 c\u00e1c c\u00f4ng ngh\u1ec7 v\u00e0 nh\u1eefng s\u1ef1 ki\u1ec7n s\u1eafp t\u1edbi c\u1ee7a ch\u00fang t\u00f4i<\/li>\n              <\/ul>\n              <form action=\"\/vi\/aquaprotect\/#block_60ddb636d0802\" method=\"post\" class=\"form-mailing-list form-process\" data-action=\"subscribe\" data-nonce=\"bf16aed99d\" data-post-id=\"9571\" novalidate>\n                <div class='form-container'>\n                  <div class=\"alert alert-danger error\"><\/div>\n                  <label for=\"email\">\u0110\u1ecba ch\u1ec9 email c\u1ee7a b\u1ea1n<\/label>\n                  <div class=\"row g-0 align-items-center\">\n                    <div class=\"col-7\">\n                      <input id=\"email\" name=\"email\" type=\"email\" value=\"\" class=\"form-control\" \/>\n                    <\/div>\n                    <div class=\"col-5\">\n                      <button class=\"btn btn-sm btn-primary\">Lu\u00f4n c\u1eadp nh\u1eadt cho t\u00f4i<\/button>\n                    <\/div>\n                  <\/div>\n                <\/div>\n                <div class=\"form-thank-you\">\n                  <h3>C\u1ea3m \u01a1n b\u1ea1n \u0111\u00e3 \u0111\u0103ng k\u00fd<\/h3>\n                <\/div>\n              <\/form>\n            <\/div>\n          <\/div>\n        <\/div>\n      <\/div>\n    <\/div>\n  <\/div>\n          <\/div>\n        <\/section>\n\n","protected":false},"excerpt":{"rendered":"","protected":false},"author":6,"featured_media":0,"parent":0,"menu_order":0,"comment_status":"closed","ping_status":"closed","template":"templates\/page-landing.php","meta":{"_acf_changed":false,"content-type":"","footnotes":""},"class_list":["post-9571","page","type-page","status-publish","hentry"],"acf":[],"yoast_head":"<!-- This site is optimized with the Yoast SEO plugin v24.8.1 - https:\/\/yoast.com\/wordpress\/plugins\/seo\/ -->\n<title>Aquaprotect - i4F<\/title>\n<meta name=\"robots\" content=\"index, follow, max-snippet:-1, max-image-preview:large, max-video-preview:-1\" \/>\n<link rel=\"canonical\" href=\"https:\/\/i4f.com\/vi\/aquaprotect\/\" \/>\n<meta property=\"og:locale\" content=\"vi_VN\" \/>\n<meta property=\"og:type\" content=\"article\" \/>\n<meta property=\"og:title\" content=\"Aquaprotect - i4F\" \/>\n<meta property=\"og:url\" content=\"https:\/\/i4f.com\/vi\/aquaprotect\/\" \/>\n<meta property=\"og:site_name\" content=\"i4F\" \/>\n<meta property=\"article:modified_time\" content=\"2025-10-23T12:50:57+00:00\" \/>\n<meta name=\"twitter:card\" content=\"summary_large_image\" \/>\n<script type=\"application\/ld+json\" class=\"yoast-schema-graph\">{\"@context\":\"https:\/\/schema.org\",\"@graph\":[{\"@type\":\"WebPage\",\"@id\":\"https:\/\/i4f.com\/vi\/aquaprotect\/\",\"url\":\"https:\/\/i4f.com\/vi\/aquaprotect\/\",\"name\":\"Aquaprotect - i4F\",\"isPartOf\":{\"@id\":\"https:\/\/i4f.com\/vi\/#website\"},\"datePublished\":\"2023-01-05T14:27:25+00:00\",\"dateModified\":\"2025-10-23T12:50:57+00:00\",\"breadcrumb\":{\"@id\":\"https:\/\/i4f.com\/vi\/aquaprotect\/#breadcrumb\"},\"inLanguage\":\"vi-VN\",\"potentialAction\":[{\"@type\":\"ReadAction\",\"target\":[\"https:\/\/i4f.com\/vi\/aquaprotect\/\"]}]},{\"@type\":\"BreadcrumbList\",\"@id\":\"https:\/\/i4f.com\/vi\/aquaprotect\/#breadcrumb\",\"itemListElement\":[{\"@type\":\"ListItem\",\"position\":1,\"name\":\"Home\",\"item\":\"https:\/\/i4f.com\/vi\/\"},{\"@type\":\"ListItem\",\"position\":2,\"name\":\"Aquaprotect\"}]},{\"@type\":\"WebSite\",\"@id\":\"https:\/\/i4f.com\/vi\/#website\",\"url\":\"https:\/\/i4f.com\/vi\/\",\"name\":\"i4F\",\"description\":\"\",\"potentialAction\":[{\"@type\":\"SearchAction\",\"target\":{\"@type\":\"EntryPoint\",\"urlTemplate\":\"https:\/\/i4f.com\/vi\/?s={search_term_string}\"},\"query-input\":{\"@type\":\"PropertyValueSpecification\",\"valueRequired\":true,\"valueName\":\"search_term_string\"}}],\"inLanguage\":\"vi-VN\"}]}<\/script>\n<!-- \/ Yoast SEO plugin. -->","yoast_head_json":{"title":"Aquaprotect - i4F","robots":{"index":"index","follow":"follow","max-snippet":"max-snippet:-1","max-image-preview":"max-image-preview:large","max-video-preview":"max-video-preview:-1"},"canonical":"https:\/\/i4f.com\/vi\/aquaprotect\/","og_locale":"vi_VN","og_type":"article","og_title":"Aquaprotect - i4F","og_url":"https:\/\/i4f.com\/vi\/aquaprotect\/","og_site_name":"i4F","article_modified_time":"2025-10-23T12:50:57+00:00","twitter_card":"summary_large_image","schema":{"@context":"https:\/\/schema.org","@graph":[{"@type":"WebPage","@id":"https:\/\/i4f.com\/vi\/aquaprotect\/","url":"https:\/\/i4f.com\/vi\/aquaprotect\/","name":"Aquaprotect - i4F","isPartOf":{"@id":"https:\/\/i4f.com\/vi\/#website"},"datePublished":"2023-01-05T14:27:25+00:00","dateModified":"2025-10-23T12:50:57+00:00","breadcrumb":{"@id":"https:\/\/i4f.com\/vi\/aquaprotect\/#breadcrumb"},"inLanguage":"vi-VN","potentialAction":[{"@type":"ReadAction","target":["https:\/\/i4f.com\/vi\/aquaprotect\/"]}]},{"@type":"BreadcrumbList","@id":"https:\/\/i4f.com\/vi\/aquaprotect\/#breadcrumb","itemListElement":[{"@type":"ListItem","position":1,"name":"Home","item":"https:\/\/i4f.com\/vi\/"},{"@type":"ListItem","position":2,"name":"Aquaprotect"}]},{"@type":"WebSite","@id":"https:\/\/i4f.com\/vi\/#website","url":"https:\/\/i4f.com\/vi\/","name":"i4F","description":"","potentialAction":[{"@type":"SearchAction","target":{"@type":"EntryPoint","urlTemplate":"https:\/\/i4f.com\/vi\/?s={search_term_string}"},"query-input":{"@type":"PropertyValueSpecification","valueRequired":true,"valueName":"search_term_string"}}],"inLanguage":"vi-VN"}]}},"_links":{"self":[{"href":"https:\/\/i4f.com\/vi\/wp-json\/wp\/v2\/pages\/9571","targetHints":{"allow":["GET"]}}],"collection":[{"href":"https:\/\/i4f.com\/vi\/wp-json\/wp\/v2\/pages"}],"about":[{"href":"https:\/\/i4f.com\/vi\/wp-json\/wp\/v2\/types\/page"}],"author":[{"embeddable":true,"href":"https:\/\/i4f.com\/vi\/wp-json\/wp\/v2\/users\/6"}],"replies":[{"embeddable":true,"href":"https:\/\/i4f.com\/vi\/wp-json\/wp\/v2\/comments?post=9571"}],"version-history":[{"count":1,"href":"https:\/\/i4f.com\/vi\/wp-json\/wp\/v2\/pages\/9571\/revisions"}],"predecessor-version":[{"id":9572,"href":"https:\/\/i4f.com\/vi\/wp-json\/wp\/v2\/pages\/9571\/revisions\/9572"}],"wp:attachment":[{"href":"https:\/\/i4f.com\/vi\/wp-json\/wp\/v2\/media?parent=9571"}],"curies":[{"name":"wp","href":"https:\/\/api.w.org\/{rel}","templated":true}]}}