{"id":9569,"date":"2022-10-04T11:56:18","date_gmt":"2022-10-04T11:56:18","guid":{"rendered":"https:\/\/i4f.com\/be-lite\/"},"modified":"2025-10-23T12:48:44","modified_gmt":"2025-10-23T12:48:44","slug":"be-lite","status":"publish","type":"page","link":"https:\/\/i4f.com\/vi\/be-lite\/","title":{"rendered":"Be-Lite"},"content":{"rendered":"  <section class=\"block landing-hero text-is-white\" id=\"block_67c1c7d23c697\" style=\"background-color: #222b05\">\n    <div class=\"hero-content\">\n      <div id=\"grad\" class=\"container\">\n      <style>#grad:before { background-image: linear-gradient(90deg, #222b05 50%, rgba(178, 208, 231, 0));}<\/style>\n        <div class=\"row\">\n          <div class=\"col-lg-6 col-md-6 col-sm-6 col-6\">\n                          <div class=\"hero-logo\">\n                <img decoding=\"async\" src=\"https:\/\/i4f.com\/app\/uploads\/2025\/02\/i4F-Be-Lite-logo.pdf-2-96x50.png\" alt=\"\"\/>\n              <\/div>\n                      <\/div>\n        \n                     <div class=\"col-lg-6 col-md-6 col-sm-6 d-lg-flex d-md-flex d-sm-flex d-flex col-6 justify-content-end\">\n              <ul class=\"nav-language\">\n                                  <li class=\"nav-link\"><a\n                      href=\"https:\/\/i4f.com\/\">EN<\/a><\/li>\n                                  <li class=\"nav-link\"><a\n                      href=\"https:\/\/i4f.com\/de\/\">DE<\/a><\/li>\n                                  <li class=\"nav-link\"><a\n                      href=\"https:\/\/i4f.com\/fr\/\">FR<\/a><\/li>\n                                  <li class=\"nav-link active\"><a\n                      href=\"https:\/\/i4f.com\/vi\/\">VI<\/a><\/li>\n                                  <li class=\"nav-link\"><a\n                      href=\"https:\/\/i4f.com\/zh-hans\/\">\u4e2d\u6587<\/a><\/li>\n                              <\/ul>\n            <\/div>\n           \n\n          <!-- hardcoded lag menu \n          <div class=\"col-lg-6 col-md-6 col-sm-6 d-lg-flex d-md-flex d-sm-flex d-flex col-6 justify-content-end\">\n            <ul class=\"nav-language\">\n              <li class=\"nav-link active\">\n                <a href=\"https:\/\/i4f.com\/belite\/\">\n                  EN\n                <\/a>\n              <\/li>\n              <li class=\"nav-link\">\n                <a href=\"https:\/\/i4f.com\/zh-hans\/be-lite\/\">\n                  \u4e2d\u6587\n                <\/a>\n              <\/li>  \n            <\/ul>\n          <\/div> -->\n\n        <\/div>\n        <div class=\"hero-bg d-md-none mb-5\"\n             style=\"background-image: url('https:\/\/i4f.com\/app\/uploads\/2022\/08\/ADCEPT-Be-lite-7-Clean-no-logo-only-process-technologies-1-4782x2280.png')\"><\/div>\n        <div class=\"row align-items-center\">\n          <div class=\"col-lg-6 col-xxl-6 hero-text\">\n            <div class=\"hero-body\">\n                              <h6>C\u00e1ch b\u1ec1n v\u1eefng h\u01a1n \u0111\u1ec3 s\u1ea3n xu\u1ea5t c\u00e1c t\u1ea5m SPC<\/h6>\n                            <h1>Ti\u1ebft ki\u1ec7m b\u1ec1n v\u1eefng v\u00e0 nh\u1eb9 kh\u00f4ng t\u01b0\u1edfng<\/h1>\n\n                              <p>B\u1ea1n \u0111\u00e3 nghe \u201c\u1ed3n \u00e0o\u201d v\u1ec1 c\u00f4ng ngh\u1ec7 i4F Be-Lite\u00ae ch\u01b0a? C\u00f4ng ngh\u1ec7 n\u00e0y t\u1ea1o ra c\u00e1c t\u1ea5m SPC c\u1ef1c k\u1ef3 nh\u1eb9 theo c\u00e1ch b\u1ec1n v\u1eefng, gi\u00fap gi\u1ea3m t\u1edbi 20% t\u1ed5ng l\u01b0\u1ee3ng v\u1eadt li\u1ec7u l\u00f5i. Ngo\u00e0i ra, gi\u1ea3m chi ph\u00ed v\u1eadn chuy\u1ec3n \u00edt nh\u1ea5t 6% v\u00e0 ti\u1ebft ki\u1ec7m CO\u2082 \u1edf m\u1ecdi giai \u0111o\u1ea1n, t\u1eeb nh\u00e0 m\u00e1y \u0111\u1ebfn khi l\u1eafp \u0111\u1eb7t.<\/p>\n                            <p class=\"hero-links\">\n                                  <a id=\"hero-block_67c1c7d23c697-cta\" href=\"https:\/\/i4f.com\/app\/uploads\/2022\/09\/04.-folder-Be-Lite-single-pages-online-1.pdf\" class=\"btn btn-sm btn-primary\">T\u1ea3i brochure<\/a>\n                                              <\/p>\n            <\/div>\n          <\/div>\n        <\/div>\n      <\/div>\n      <div id=\"hero-intersection-target\"><\/div>\n    <\/div>\n    <div class=\"hero-bg d-none d-md-block\"\n         style=\"background-image: url('https:\/\/i4f.com\/app\/uploads\/2022\/08\/ADCEPT-Be-lite-7-Clean-no-logo-only-process-technologies-1-4782x2280.png')\"><\/div>\n  <\/section>\n            <section class=\"block is-default text-image main align-right overlap\" id=\"block_67c1c7d23c6f8\">\n        <div class=\"container-outer\">\n        <div class=\"block-wrapper\">\n          <div class=\"container\">\n            <div class=\"row align-items-center\">\n            <div class=\"responsive_reverse\">\n<div class=\"col-xl-6 order-xl-2\">\n                <div class=\"txtimg-body\">\n                    <h2>H\u00e3y s\u1eb5n s\u00e0ng \u0111\u1ec3 \u201cong\u201d \u1ea5n t\u01b0\u1ee3ng<\/h2>\n                    <p data-start=\"122\" data-end=\"440\">i4F Be-Lite\u00ae l\u00e0 c\u00f4ng ngh\u1ec7 m\u1edbi \u0111\u01b0\u1ee3c c\u1ea5p b\u1eb1ng s\u00e1ng ch\u1ebf, gi\u00fap gi\u1ea3m \u0111\u00e1ng k\u1ec3 l\u01b0\u1ee3ng v\u1eadt li\u1ec7u l\u00f5i SPC trong qu\u00e1 tr\u00ecnh s\u1ea3n xu\u1ea5t c\u00e1c t\u1ea5m \u1ed1p trang tr\u00ed m\u00e0 kh\u00f4ng l\u00e0m gi\u1ea3m hi\u1ec7u su\u1ea5t.<br data-start=\"307\" data-end=\"310\" \/>V\u00ec c\u00e1c t\u1ea5m SPC s\u1ea3n xu\u1ea5t b\u1eb1ng i4F Be-Lite nh\u1eb9 h\u01a1n \u0111\u00e1ng k\u1ec3, chi ph\u00ed s\u1ea3n xu\u1ea5t v\u00e0 v\u1eadn chuy\u1ec3n c\u0169ng \u0111\u01b0\u1ee3c gi\u1ea3m \u0111\u00e1ng k\u1ec3.<\/p>\n\n<p data-start=\"442\" data-end=\"679\">C\u00f4ng ngh\u1ec7 n\u00e0y c\u1ea3i thi\u1ec7n r\u00f5 r\u1ec7t d\u1ea5u ch\u00e2n carbon c\u1ee7a ng\u00e0nh s\u00e0n trong khi v\u1eabn mang l\u1ea1i l\u1ee3i \u00edch v\u1ec1 chi ph\u00ed cho nh\u00e0 s\u1ea3n xu\u1ea5t, t\u1ea1o ra s\u1ef1 kh\u00e1c bi\u1ec7t \u00fd ngh\u0129a v\u00e0 th\u1ef1c s\u1ef1 l\u00e0 m\u1ed9t gi\u1ea3i ph\u00e1p \u0111\u00f4i b\u00ean c\u00f9ng c\u00f3 l\u1ee3i cho c\u1ea3 ng\u00e0nh v\u00e0 h\u00e0nh tinh.<\/p>\n\n<p data-start=\"681\" data-end=\"907\">i4F Be-Lite\u00ae ch\u1ec9 c\u00f3 t\u1ea1i i4F th\u00f4ng qua gi\u1ea5y ph\u00e9p i4F v\u00e0 l\u00e0 m\u1ed9t ph\u1ea7n trong danh m\u1ee5c c\u00e1c c\u00f4ng ngh\u1ec7 quy tr\u00ecnh t\u1eadp trung v\u00e0o b\u1ec1n v\u1eefng c\u1ee7a i4F.<br data-start=\"830\" data-end=\"833\" \/>C\u00f4ng ngh\u1ec7 n\u00e0y l\u00e0 k\u1ebft qu\u1ea3 c\u1ee7a h\u1ee3p t\u00e1c b\u1eb1ng s\u00e1ng ch\u1ebf v\u1edbi CFL Flooring.<\/p>\n\n\n                <\/div>\n                <div class=\"col-xl-6 order-xl-1\">\n                <div class=\"txtimg-image text-center\">\n                                      <img loading=\"lazy\" decoding=\"async\" src=\"https:\/\/i4f.com\/app\/uploads\/2022\/09\/card-showcase-lg.png\" alt=\"\"\n         srcset=\"https:\/\/i4f.com\/app\/uploads\/2022\/09\/card-showcase-lg-350x0-c-default.png 320w,https:\/\/i4f.com\/app\/uploads\/2022\/09\/card-showcase-lg.png 640w, https:\/\/i4f.com\/app\/uploads\/2022\/09\/card-showcase-lg.png 1024w\"\n         sizes=\"auto, 100vw\" class=\"img-fluid\" width=\"764\"\n         height=\"430\"\/>\n    \n\n                <\/div>\n                <\/div>\n              <\/div>\n                    <p>\n                        <a href=\"https:\/\/www.youtube.com\/watch?v=Q6x0_E1m218\" class=\"btn  btn-primary\">Xem c\u00e1c l\u1ee3i \u00edch<\/a>\n                          <a href=\"https:\/\/i4f.com\/article\/i4f-be-lite-technology-i4f-and-cfl-flooring-partner-to-deliver-more-sustainable-manufacturing-process-for-spc-panels\/\" class=\"more\">Th\u00f4ng c\u00e1o b\u00e1o ch\u00ed Be-Lite<\/a>\n                      <\/p>\n                  <\/div>\n                <\/div>\n              <\/div>  \n            <\/div>\n              <div class=\"responsive_default align-items-center\">\n                <div class=\"col-xl-6 order-xl-2\">\n                  <div class=\"txtimg-image text-center\">\n                                      <img loading=\"lazy\" decoding=\"async\" src=\"https:\/\/i4f.com\/app\/uploads\/2022\/09\/card-showcase-lg.png\" alt=\"\"\n         srcset=\"https:\/\/i4f.com\/app\/uploads\/2022\/09\/card-showcase-lg-350x0-c-default.png 320w,https:\/\/i4f.com\/app\/uploads\/2022\/09\/card-showcase-lg.png 640w, https:\/\/i4f.com\/app\/uploads\/2022\/09\/card-showcase-lg.png 1024w\"\n         sizes=\"auto, 100vw\" class=\"img-fluid\" width=\"764\"\n         height=\"430\"\/>\n    \n\n                  <\/div>\n                <\/div>\n                <div class=\"col-xl-6 order-xl-1\">\n                  <div class=\"txtimg-body\">\n                    <h2>H\u00e3y s\u1eb5n s\u00e0ng \u0111\u1ec3 \u201cong\u201d \u1ea5n t\u01b0\u1ee3ng<\/h2>\n                    <p data-start=\"122\" data-end=\"440\">i4F Be-Lite\u00ae l\u00e0 c\u00f4ng ngh\u1ec7 m\u1edbi \u0111\u01b0\u1ee3c c\u1ea5p b\u1eb1ng s\u00e1ng ch\u1ebf, gi\u00fap gi\u1ea3m \u0111\u00e1ng k\u1ec3 l\u01b0\u1ee3ng v\u1eadt li\u1ec7u l\u00f5i SPC trong qu\u00e1 tr\u00ecnh s\u1ea3n xu\u1ea5t c\u00e1c t\u1ea5m \u1ed1p trang tr\u00ed m\u00e0 kh\u00f4ng l\u00e0m gi\u1ea3m hi\u1ec7u su\u1ea5t.<br data-start=\"307\" data-end=\"310\" \/>V\u00ec c\u00e1c t\u1ea5m SPC s\u1ea3n xu\u1ea5t b\u1eb1ng i4F Be-Lite nh\u1eb9 h\u01a1n \u0111\u00e1ng k\u1ec3, chi ph\u00ed s\u1ea3n xu\u1ea5t v\u00e0 v\u1eadn chuy\u1ec3n c\u0169ng \u0111\u01b0\u1ee3c gi\u1ea3m \u0111\u00e1ng k\u1ec3.<\/p>\n\n<p data-start=\"442\" data-end=\"679\">C\u00f4ng ngh\u1ec7 n\u00e0y c\u1ea3i thi\u1ec7n r\u00f5 r\u1ec7t d\u1ea5u ch\u00e2n carbon c\u1ee7a ng\u00e0nh s\u00e0n trong khi v\u1eabn mang l\u1ea1i l\u1ee3i \u00edch v\u1ec1 chi ph\u00ed cho nh\u00e0 s\u1ea3n xu\u1ea5t, t\u1ea1o ra s\u1ef1 kh\u00e1c bi\u1ec7t \u00fd ngh\u0129a v\u00e0 th\u1ef1c s\u1ef1 l\u00e0 m\u1ed9t gi\u1ea3i ph\u00e1p \u0111\u00f4i b\u00ean c\u00f9ng c\u00f3 l\u1ee3i cho c\u1ea3 ng\u00e0nh v\u00e0 h\u00e0nh tinh.<\/p>\n\n<p data-start=\"681\" data-end=\"907\">i4F Be-Lite\u00ae ch\u1ec9 c\u00f3 t\u1ea1i i4F th\u00f4ng qua gi\u1ea5y ph\u00e9p i4F v\u00e0 l\u00e0 m\u1ed9t ph\u1ea7n trong danh m\u1ee5c c\u00e1c c\u00f4ng ngh\u1ec7 quy tr\u00ecnh t\u1eadp trung v\u00e0o b\u1ec1n v\u1eefng c\u1ee7a i4F.<br data-start=\"830\" data-end=\"833\" \/>C\u00f4ng ngh\u1ec7 n\u00e0y l\u00e0 k\u1ebft qu\u1ea3 c\u1ee7a h\u1ee3p t\u00e1c b\u1eb1ng s\u00e1ng ch\u1ebf v\u1edbi CFL Flooring.<\/p>\n\n                    <p>\n                        <a href=\"https:\/\/www.youtube.com\/watch?v=Q6x0_E1m218\" class=\"btn  btn-primary\">Xem c\u00e1c l\u1ee3i \u00edch<\/a>\n                          <a href=\"https:\/\/i4f.com\/article\/i4f-be-lite-technology-i4f-and-cfl-flooring-partner-to-deliver-more-sustainable-manufacturing-process-for-spc-panels\/\" class=\"more\">Th\u00f4ng c\u00e1o b\u00e1o ch\u00ed Be-Lite<\/a>\n                      <\/p>\n                  <\/div>\n                <\/div>\n              <\/div>\n            <\/div>\n          <\/div>\n        <\/div>\n        <\/div>\n        <\/section>\n\n        <section class=\"block heading center\" id=\"block_67c1c7d23c729\">\n          <div class=\"container\">\n  <div class=\"row\">\n    <div class=\"col-lg-8 offset-lg-2\">\n      <h2>V\u1eady t\u1ea5t c\u1ea3 \u201c\u1ed3n \u00e0o\u201d n\u00e0y l\u00e0 v\u1ec1 \u0111i\u1ec1u g\u00ec?<\/h2>\n      <p>i4F Be-Lite l\u00e0 c\u00f4ng ngh\u1ec7 t\u1ea1o h\u00ecnh nhi\u1ec7t m\u00e0 t\u00f9y thu\u1ed9c v\u00e0o \u0111\u1ed9 d\u00e0y l\u00f5i c\u1ee7a t\u1ea5m v\u00e0 h\u00ecnh d\u1ea1ng i4F Be-Lite s\u1eed d\u1ee5ng, gi\u00fap gi\u1ea3m t\u1edbi 20% l\u01b0\u1ee3ng v\u1eadt li\u1ec7u th\u00f4 trong qu\u00e1 tr\u00ecnh s\u1ea3n xu\u1ea5t l\u00f5i t\u1ea5m.  \u0110i\u1ec1u n\u00e0y kh\u00e1c v\u1edbi c\u00e1c k\u1ef9 thu\u1eadt ti\u1ebft ki\u1ec7m v\u1eadt li\u1ec7u hi\u1ec7n c\u00f3, v\u1ed1n lo\u1ea1i b\u1ecf v\u00e0 t\u00e1i ch\u1ebf v\u1eadt li\u1ec7u sau khi s\u1ea3n xu\u1ea5t t\u1ea5m, d\u1eabn \u0111\u1ebfn t\u0103ng chi ph\u00ed v\u00e0 ph\u00e1t th\u1ea3i CO\u2082 li\u00ean quan \u0111\u1ebfn v\u1eadn chuy\u1ec3n v\u00e0 t\u00e1i ch\u1ebf ph\u1ebf li\u1ec7u.  C\u00e1c t\u1ea5m SPC nh\u1eb9 h\u01a1n v\u1eabn duy tr\u00ec hi\u1ec7u su\u1ea5t t\u1ed1i \u01b0u, \u0111\u1ed3ng th\u1eddi gi\u1ea3m \u00edt nh\u1ea5t 5% chi ph\u00ed nguy\u00ean v\u1eadt li\u1ec7u t\u1ed5ng th\u1ec3 c\u1ee7a t\u1ea5m v\u00e0 gi\u1ea3m chi ph\u00ed v\u1eadn chuy\u1ec3n \u00edt nh\u1ea5t 6%.<\/p>\n    <\/div>\n  <\/div>\n          <\/div>\n        <\/section>\n\n        <section class=\"block video\" id=\"block_67c1c7d23c74d\">\n          <div class=\"container\">\n  <div class=\"row\">\n      <div class=\"col-md-8 offset-md-2\">\n          <!-- test: not_cn -->\n      <div class=\"video-player\">\n        <div class=\"video-cover\">\n                                     <img loading=\"lazy\" decoding=\"async\" src=\"https:\/\/i4f.com\/app\/uploads\/2022\/09\/vidthumbnail-920x518.png\" alt=\"Video thumbnail\"\n         srcset=\"https:\/\/i4f.com\/app\/uploads\/2022\/09\/vidthumbnail-350x0-c-default.png 320w,https:\/\/i4f.com\/app\/uploads\/2022\/09\/vidthumbnail-920x518.png 640w, https:\/\/i4f.com\/app\/uploads\/2022\/09\/vidthumbnail.png 1024w\"\n         sizes=\"auto, 100vw\" class=\"img-fluid\" width=\"920\"\n         height=\"518\"\/>\n    \n\n          <button class=\"play-btn\"><svg width=\"75\" height=\"75\" viewBox=\"0 0 75 75\" fill=\"none\" xmlns=\"http:\/\/www.w3.org\/2000\/svg\">\n<circle cx=\"37.0634\" cy=\"37.5633\" r=\"36.5634\" fill=\"url(#paint0_linear)\" stroke=\"white\"\/>\n<path d=\"M28.6621 25.2088L48.4293 38.0574L28.6621 50.9061V25.2088Z\" fill=\"white\"\/>\n<defs>\n<linearGradient id=\"paint0_linear\" x1=\"-2.1099e-06\" y1=\"41.1243\" x2=\"74.1268\" y2=\"41.1243\" gradientUnits=\"userSpaceOnUse\">\n<stop stop-color=\"#465865\"\/>\n<stop offset=\"1\" stop-color=\"#0A0E11\"\/>\n<\/linearGradient>\n<\/defs>\n<\/svg>\n<\/button>\n        <\/div>\n        <div class=\"ratio ratio-16x9\">\n          <iframe loading=\"lazy\" title=\"i4F Be-Lite\u00ae: Sustainable savings and unbeelievably light\" width=\"920\" height=\"518\" src=\"https:\/\/www.youtube.com\/embed\/Q6x0_E1m218?feature=oembed&#038;controls=1&#038;hd=1&#038;autohide=1&#038;rel=0\" frameborder=\"0\" allow=\"accelerometer; autoplay; clipboard-write; encrypted-media; gyroscope; picture-in-picture; web-share\" referrerpolicy=\"strict-origin-when-cross-origin\" allowfullscreen class=\"embed-responsive-item\"><\/iframe>\n        <\/div>\n      <\/div>\n                    \n    <\/div>\n    <\/div>\n          <\/div>\n        <\/section>\n\n        <section class=\"block quote\" id=\"block_67c1c7d23c76a\">\n          <div class=\"container\">\n  <div class=\"row\">\n    <div class=\"col-md-8 offset-md-2\">\n      <p class=\"quote-content\">\u00cdt r\u00e1c th\u1ea3i, \u00edt chi ph\u00ed, \u00edt CO\u2082, \u00edt t\u00e1c \u0111\u1ed9ng<\/p>\n      <div class=\"quote-info d-flex align-items-center\">\n        <div class=\"quote-name\">\n          <p><strong><\/strong><br \/>\n            <\/p>\n        <\/div>\n      <\/div>\n    <\/div>\n  <\/div>\n          <\/div>\n        <\/section>\n\n        <section class=\"block is-default text-image main align-left \" id=\"block_67c1c7d23c796\">\n        <div class=\"container-outer\">\n          <div class=\"container\">\n            <div class=\"row align-items-center\">\n            <div class=\"responsive_reverse\">\n<div class=\"col-xl-7\">\n                <div class=\"txtimg-body\">\n                    <h2>i4F Be-Lite kh\u00f4ng \u201cl\u00e0m kh\u1ed5\u201d h\u00e0nh tinh<\/h2>\n                    <p>Chuy\u1ec3n sang c\u00f4ng ngh\u1ec7 i4F Be-Lite\u00ae \u0111\u1ec3 s\u1ea3n xu\u1ea5t c\u00e1c t\u1ea5m SPC b\u1ec1n v\u1eefng mang l\u1ea1i l\u1ee3i \u00edch l\u1edbn v\u1edbi m\u1ee9c \u0111\u1ea7u t\u01b0 t\u01b0\u01a1ng \u0111\u1ed1i th\u1ea5p.<br \/>D\u1ef1a tr\u00ean s\u1ed1 l\u01b0\u1ee3ng t\u1ea5m m\u00e0 h\u1ea7u h\u1ebft c\u00e1c nh\u00e0 s\u1ea3n xu\u1ea5t t\u1ea1o ra, m\u1ee9c \u0111\u1ea7u t\u01b0 n\u00e0y c\u00f3 th\u1ec3 ho\u00e0n v\u1ed1n ch\u1ec9 trong v\u00f2ng hai tu\u1ea7n.<\/p>\n\n\n                <\/div>\n                <div class=\"col-xl-5\">\n                <div class=\"txtimg-image text-center\">\n                                      <img loading=\"lazy\" decoding=\"async\" src=\"https:\/\/i4f.com\/app\/uploads\/2025\/02\/i4F-Be-Lite-logo.pdf-2-1-920x518.png\" alt=\"\"\n         srcset=\"https:\/\/i4f.com\/app\/uploads\/2025\/02\/i4F-Be-Lite-logo.pdf-2-1-350x0-c-default.png 320w,https:\/\/i4f.com\/app\/uploads\/2025\/02\/i4F-Be-Lite-logo.pdf-2-1-920x518.png 640w, https:\/\/i4f.com\/app\/uploads\/2025\/02\/i4F-Be-Lite-logo.pdf-2-1.png 1024w\"\n         sizes=\"auto, 100vw\" class=\"img-fluid\" width=\"920\"\n         height=\"518\"\/>\n    \n\n                <\/div>\n                <\/div>\n              <\/div>\n                    <p>\n                        <a href=\"https:\/\/i4f.com\/app\/uploads\/2022\/09\/04.-folder-Be-Lite-single-pages-online-1.pdf\" class=\"btn  btn-primary\">T\u1ea3i brochure<\/a>\n                        <\/p>\n                  <\/div>\n                <\/div>\n              <\/div>  \n            <\/div>\n              <div class=\"responsive_default align-items-center\">\n                <div class=\"col-xl-7\">\n                  <div class=\"txtimg-image text-center\">\n                                      <img loading=\"lazy\" decoding=\"async\" src=\"https:\/\/i4f.com\/app\/uploads\/2025\/02\/i4F-Be-Lite-logo.pdf-2-1-920x518.png\" alt=\"\"\n         srcset=\"https:\/\/i4f.com\/app\/uploads\/2025\/02\/i4F-Be-Lite-logo.pdf-2-1-350x0-c-default.png 320w,https:\/\/i4f.com\/app\/uploads\/2025\/02\/i4F-Be-Lite-logo.pdf-2-1-920x518.png 640w, https:\/\/i4f.com\/app\/uploads\/2025\/02\/i4F-Be-Lite-logo.pdf-2-1.png 1024w\"\n         sizes=\"auto, 100vw\" class=\"img-fluid\" width=\"920\"\n         height=\"518\"\/>\n    \n\n                  <\/div>\n                <\/div>\n                <div class=\"col-xl-5\">\n                  <div class=\"txtimg-body\">\n                    <h2>i4F Be-Lite kh\u00f4ng \u201cl\u00e0m kh\u1ed5\u201d h\u00e0nh tinh<\/h2>\n                    <p>Chuy\u1ec3n sang c\u00f4ng ngh\u1ec7 i4F Be-Lite\u00ae \u0111\u1ec3 s\u1ea3n xu\u1ea5t c\u00e1c t\u1ea5m SPC b\u1ec1n v\u1eefng mang l\u1ea1i l\u1ee3i \u00edch l\u1edbn v\u1edbi m\u1ee9c \u0111\u1ea7u t\u01b0 t\u01b0\u01a1ng \u0111\u1ed1i th\u1ea5p.<br \/>D\u1ef1a tr\u00ean s\u1ed1 l\u01b0\u1ee3ng t\u1ea5m m\u00e0 h\u1ea7u h\u1ebft c\u00e1c nh\u00e0 s\u1ea3n xu\u1ea5t t\u1ea1o ra, m\u1ee9c \u0111\u1ea7u t\u01b0 n\u00e0y c\u00f3 th\u1ec3 ho\u00e0n v\u1ed1n ch\u1ec9 trong v\u00f2ng hai tu\u1ea7n.<\/p>\n\n                    <p>\n                        <a href=\"https:\/\/i4f.com\/app\/uploads\/2022\/09\/04.-folder-Be-Lite-single-pages-online-1.pdf\" class=\"btn  btn-primary\">T\u1ea3i brochure<\/a>\n                        <\/p>\n                  <\/div>\n                <\/div>\n              <\/div>\n            <\/div>\n          <\/div>\n        <\/div>\n        <\/section>\n\n        <section class=\"block cta image\" id=\"block_60ddb636d0802\">\n          <div class=\"container\">\n  <div class=\"row\">\n    <div class=\"col-lg-8 offset-lg-2\">\n      <div class=\"cta-bg\">\n        <div class=\"row align-items-center\">\n          <div class=\"col-xl-3\">\n            <div class=\"cta-image\">\n                                <img loading=\"lazy\" decoding=\"async\" src=\"https:\/\/i4f.com\/app\/uploads\/2021\/06\/Newsletter-preview-1-360x370.png\" alt=\"Lu\u00f4n c\u1eadp nh\u1eadt v\u1ec1 i4F\"\n         srcset=\"https:\/\/i4f.com\/app\/uploads\/2021\/06\/Newsletter-preview-1-350x0-c-default.png 320w,https:\/\/i4f.com\/app\/uploads\/2021\/06\/Newsletter-preview-1-360x370.png 640w, https:\/\/i4f.com\/app\/uploads\/2021\/06\/Newsletter-preview-1-716x740.png 1024w\"\n         sizes=\"auto, 100vw\" class=\"img-fluid\" width=\"360\"\n         height=\"370\"\/>\n    \n\n            <\/div>\n          <\/div>\n          <div class=\"col-xl-9\">\n            <div class=\"cta-content\">\n              <h3>Lu\u00f4n c\u1eadp nh\u1eadt v\u1ec1 i4F<\/h3>\n              <ul>\n                <li>Tin t\u1ee9c m\u1edbi nh\u1ea5t trong ng\u00e0nh \u0111\u01b0\u1ee3c g\u1eedi th\u1eb3ng t\u1edbi h\u1ed9p th\u01b0 \u0111\u1ebfn c\u1ee7a b\u1ea1n<\/li>\n                <li>T\u00ecm hi\u1ec3u th\u00eam v\u1ec1 c\u00e1c c\u00f4ng ngh\u1ec7 v\u00e0 nh\u1eefng s\u1ef1 ki\u1ec7n s\u1eafp t\u1edbi c\u1ee7a ch\u00fang t\u00f4i<\/li>\n              <\/ul>\n              <form action=\"\/vi\/be-lite\/#block_60ddb636d0802\" method=\"post\" class=\"form-mailing-list form-process\" data-action=\"subscribe\" data-nonce=\"10780a3a03\" data-post-id=\"9569\" novalidate>\n                <div class='form-container'>\n                  <div class=\"alert alert-danger error\"><\/div>\n                  <label for=\"email\">\u0110\u1ecba ch\u1ec9 email c\u1ee7a b\u1ea1n<\/label>\n                  <div class=\"row g-0 align-items-center\">\n                    <div class=\"col-7\">\n                      <input id=\"email\" name=\"email\" type=\"email\" value=\"\" class=\"form-control\" \/>\n                    <\/div>\n                    <div class=\"col-5\">\n                      <button class=\"btn btn-sm btn-primary\">Lu\u00f4n c\u1eadp nh\u1eadt cho t\u00f4i<\/button>\n                    <\/div>\n                  <\/div>\n                <\/div>\n                <div class=\"form-thank-you\">\n                  <h3>C\u1ea3m \u01a1n b\u1ea1n \u0111\u00e3 \u0111\u0103ng k\u00fd<\/h3>\n                <\/div>\n              <\/form>\n            <\/div>\n          <\/div>\n        <\/div>\n      <\/div>\n    <\/div>\n  <\/div>\n          <\/div>\n        <\/section>\n\n","protected":false},"excerpt":{"rendered":"","protected":false},"author":14,"featured_media":0,"parent":0,"menu_order":0,"comment_status":"closed","ping_status":"closed","template":"templates\/page-landing.php","meta":{"_acf_changed":false,"content-type":"","footnotes":""},"class_list":["post-9569","page","type-page","status-publish","hentry"],"acf":[],"yoast_head":"<!-- This site is optimized with the Yoast SEO plugin v24.8.1 - https:\/\/yoast.com\/wordpress\/plugins\/seo\/ -->\n<title>Be-Lite - i4F<\/title>\n<meta name=\"robots\" content=\"index, follow, max-snippet:-1, max-image-preview:large, max-video-preview:-1\" \/>\n<link rel=\"canonical\" href=\"https:\/\/i4f.com\/vi\/be-lite\/\" \/>\n<meta property=\"og:locale\" content=\"vi_VN\" \/>\n<meta property=\"og:type\" content=\"article\" \/>\n<meta property=\"og:title\" content=\"Be-Lite - i4F\" \/>\n<meta property=\"og:url\" content=\"https:\/\/i4f.com\/vi\/be-lite\/\" \/>\n<meta property=\"og:site_name\" content=\"i4F\" \/>\n<meta property=\"article:modified_time\" content=\"2025-10-23T12:48:44+00:00\" \/>\n<meta name=\"twitter:card\" content=\"summary_large_image\" \/>\n<script type=\"application\/ld+json\" class=\"yoast-schema-graph\">{\"@context\":\"https:\/\/schema.org\",\"@graph\":[{\"@type\":\"WebPage\",\"@id\":\"https:\/\/i4f.com\/vi\/be-lite\/\",\"url\":\"https:\/\/i4f.com\/vi\/be-lite\/\",\"name\":\"Be-Lite - i4F\",\"isPartOf\":{\"@id\":\"https:\/\/i4f.com\/vi\/#website\"},\"datePublished\":\"2022-10-04T11:56:18+00:00\",\"dateModified\":\"2025-10-23T12:48:44+00:00\",\"breadcrumb\":{\"@id\":\"https:\/\/i4f.com\/vi\/be-lite\/#breadcrumb\"},\"inLanguage\":\"vi-VN\",\"potentialAction\":[{\"@type\":\"ReadAction\",\"target\":[\"https:\/\/i4f.com\/vi\/be-lite\/\"]}]},{\"@type\":\"BreadcrumbList\",\"@id\":\"https:\/\/i4f.com\/vi\/be-lite\/#breadcrumb\",\"itemListElement\":[{\"@type\":\"ListItem\",\"position\":1,\"name\":\"Home\",\"item\":\"https:\/\/i4f.com\/vi\/\"},{\"@type\":\"ListItem\",\"position\":2,\"name\":\"Be-Lite\"}]},{\"@type\":\"WebSite\",\"@id\":\"https:\/\/i4f.com\/vi\/#website\",\"url\":\"https:\/\/i4f.com\/vi\/\",\"name\":\"i4F\",\"description\":\"\",\"potentialAction\":[{\"@type\":\"SearchAction\",\"target\":{\"@type\":\"EntryPoint\",\"urlTemplate\":\"https:\/\/i4f.com\/vi\/?s={search_term_string}\"},\"query-input\":{\"@type\":\"PropertyValueSpecification\",\"valueRequired\":true,\"valueName\":\"search_term_string\"}}],\"inLanguage\":\"vi-VN\"}]}<\/script>\n<!-- \/ Yoast SEO plugin. -->","yoast_head_json":{"title":"Be-Lite - i4F","robots":{"index":"index","follow":"follow","max-snippet":"max-snippet:-1","max-image-preview":"max-image-preview:large","max-video-preview":"max-video-preview:-1"},"canonical":"https:\/\/i4f.com\/vi\/be-lite\/","og_locale":"vi_VN","og_type":"article","og_title":"Be-Lite - i4F","og_url":"https:\/\/i4f.com\/vi\/be-lite\/","og_site_name":"i4F","article_modified_time":"2025-10-23T12:48:44+00:00","twitter_card":"summary_large_image","schema":{"@context":"https:\/\/schema.org","@graph":[{"@type":"WebPage","@id":"https:\/\/i4f.com\/vi\/be-lite\/","url":"https:\/\/i4f.com\/vi\/be-lite\/","name":"Be-Lite - i4F","isPartOf":{"@id":"https:\/\/i4f.com\/vi\/#website"},"datePublished":"2022-10-04T11:56:18+00:00","dateModified":"2025-10-23T12:48:44+00:00","breadcrumb":{"@id":"https:\/\/i4f.com\/vi\/be-lite\/#breadcrumb"},"inLanguage":"vi-VN","potentialAction":[{"@type":"ReadAction","target":["https:\/\/i4f.com\/vi\/be-lite\/"]}]},{"@type":"BreadcrumbList","@id":"https:\/\/i4f.com\/vi\/be-lite\/#breadcrumb","itemListElement":[{"@type":"ListItem","position":1,"name":"Home","item":"https:\/\/i4f.com\/vi\/"},{"@type":"ListItem","position":2,"name":"Be-Lite"}]},{"@type":"WebSite","@id":"https:\/\/i4f.com\/vi\/#website","url":"https:\/\/i4f.com\/vi\/","name":"i4F","description":"","potentialAction":[{"@type":"SearchAction","target":{"@type":"EntryPoint","urlTemplate":"https:\/\/i4f.com\/vi\/?s={search_term_string}"},"query-input":{"@type":"PropertyValueSpecification","valueRequired":true,"valueName":"search_term_string"}}],"inLanguage":"vi-VN"}]}},"_links":{"self":[{"href":"https:\/\/i4f.com\/vi\/wp-json\/wp\/v2\/pages\/9569","targetHints":{"allow":["GET"]}}],"collection":[{"href":"https:\/\/i4f.com\/vi\/wp-json\/wp\/v2\/pages"}],"about":[{"href":"https:\/\/i4f.com\/vi\/wp-json\/wp\/v2\/types\/page"}],"author":[{"embeddable":true,"href":"https:\/\/i4f.com\/vi\/wp-json\/wp\/v2\/users\/14"}],"replies":[{"embeddable":true,"href":"https:\/\/i4f.com\/vi\/wp-json\/wp\/v2\/comments?post=9569"}],"version-history":[{"count":1,"href":"https:\/\/i4f.com\/vi\/wp-json\/wp\/v2\/pages\/9569\/revisions"}],"predecessor-version":[{"id":9570,"href":"https:\/\/i4f.com\/vi\/wp-json\/wp\/v2\/pages\/9569\/revisions\/9570"}],"wp:attachment":[{"href":"https:\/\/i4f.com\/vi\/wp-json\/wp\/v2\/media?parent=9569"}],"curies":[{"name":"wp","href":"https:\/\/api.w.org\/{rel}","templated":true}]}}