{"id":9458,"date":"2024-01-02T15:25:50","date_gmt":"2024-01-02T15:25:50","guid":{"rendered":"https:\/\/i4f.com\/cong-nghe-ngoai-troi\/"},"modified":"2025-10-23T12:51:14","modified_gmt":"2025-10-23T12:51:14","slug":"cong-nghe-ngoai-troi","status":"publish","type":"page","link":"https:\/\/i4f.com\/vi\/cong-nghe-ngoai-troi\/","title":{"rendered":"C\u00f4ng ngh\u1ec7 ngo\u00e0i tr\u1eddi"},"content":{"rendered":"        <section class=\"block hero\" id=\"block_6863aef0dde2d\">\n          <div class=\"hero-content\" style=\"background-image: url('https:\/\/i4f.com\/app\/uploads\/2024\/01\/shutterstock_2293354445-6000x2280.jpg')\">\n                              <img loading=\"lazy\" decoding=\"async\" src=\"https:\/\/i4f.com\/app\/uploads\/2024\/01\/shutterstock_2293354445-1440x820.jpg\" alt=\"Kh\u00f4ng gian ngo\u00e0i tr\u1eddi ch\u01b0a t\u1eebng c\u00f3\"\n         srcset=\"https:\/\/i4f.com\/app\/uploads\/2024\/01\/shutterstock_2293354445-scaled-350x0-c-default.jpg 320w,https:\/\/i4f.com\/app\/uploads\/2024\/01\/shutterstock_2293354445-1440x820.jpg 640w, https:\/\/i4f.com\/app\/uploads\/2024\/01\/shutterstock_2293354445-2880x1640.jpg 1024w\"\n         sizes=\"auto, 100vw\" class=\"img-fluid hero-mobile\" width=\"1440\"\n         height=\"820\"\/>\n    \n\n            <div class=\"container\">\n              <div class=\"overlay\"><\/div>\n              <div class=\"row align-items-center\">\n                <div class=\"col-lg-5\">\n                  <div class=\"hero-body\">\n                    <div class=\"hero-logo\">\n                      <img decoding=\"async\" src=\"https:\/\/i4f.com\/app\/uploads\/2025\/07\/i4F-Outdoor-Technologies-Cluster-new-logo_aeonik-150x50.png\" alt=\"\" \/>\n                    <\/div>\n                    <h1>Kh\u00f4ng gian ngo\u00e0i tr\u1eddi ch\u01b0a t\u1eebng c\u00f3<\/h1>\n                    <p>Sau nhi\u1ec1u n\u0103m cung c\u1ea5p c\u00e1c c\u00f4ng ngh\u1ec7 s\u00e1ng t\u1ea1o v\u00e0 \u00fd ngh\u0129a, bi\u1ebfn \u0111\u1ed5i m\u00f4i tr\u01b0\u1eddng trong nh\u00e0 \u0111\u1ec3 con ng\u01b0\u1eddi c\u00f3 th\u1ec3 s\u1ed1ng, l\u00e0m vi\u1ec7c v\u00e0 gi\u1ea3i tr\u00ed, ch\u00fang t\u00f4i \u0111\u00e3 quy\u1ebft \u0111\u1ecbnh \u0111\u01b0a kinh nghi\u1ec7m v\u00e0 t\u1ea7m nh\u00ecn c\u1ee7a m\u00ecnh ra ngo\u00e0i tr\u1eddi, gi\u00fap m\u1ecdi ng\u01b0\u1eddi d\u1ec5 d\u00e0ng v\u00e0 nhanh ch\u00f3ng bi\u1ebfn \u0111\u1ed5i kh\u00f4ng gian ngo\u00e0i tr\u1eddi c\u1ee7a h\u1ecd. C\u00e1c c\u00f4ng ngh\u1ec7 \u0111\u1ed9t ph\u00e1 c\u1ee7a ch\u00fang t\u00f4i \u0111\u01b0\u1ee3c thi\u1ebft k\u1ebf \u0111\u1ec3 n\u00e2ng t\u1ea7m c\u00e1c s\u1ea3n ph\u1ea9m ngo\u00e0i tr\u1eddi l\u00ean m\u1ed9t c\u1ea5p \u0111\u1ed9 m\u1edbi.<\/p>\n                    <p class=\"hero-links\">\n                      <a href=\"#Taking-Flooring\" class=\"btn  btn-primary\">Xem c\u00e1c c\u00f4ng ngh\u1ec7 c\u1ee7a ch\u00fang t\u00f4i &nbsp; <svg width=\"24\" height=\"24\" viewBox=\"0 0 24 24\" fill=\"none\" xmlns=\"http:\/\/www.w3.org\/2000\/svg\">\n<path d=\"M12 5V19\" stroke=\"#304757\" stroke-width=\"2\" stroke-linecap=\"round\" stroke-linejoin=\"round\"\/>\n<path d=\"M19 12L12 19L5 12\" stroke=\"#304757\" stroke-width=\"2\" stroke-linecap=\"round\" stroke-linejoin=\"round\"\/>\n<\/svg>\n<\/a>\n                      <a href=\"https:\/\/i4f.com\/contact\/?tab=block_60d3b16e96657-2-form#block_60d3b16596656\" class=\"btn  btn-outline-secondary\">Tr\u1edf th\u00e0nh m\u1ed9t kh\u00e1ch h\u00e0ng \u0111\u01b0\u1ee3c c\u1ea5p ph\u00e9p<\/a>\n                    <\/p>\n                  <\/div>\n                <\/div>\n                <div class=\"col d-none d-lg-block hero-spacer\">\n                <\/div>\n              <\/div>\n            <\/div>\n          <\/div>\n        <\/section>\n\n        <section class=\"block text-image main align-right overlap\" id=\"block_6863aef0dded9\">\n        <div class=\"container-outer\">\n        <div class=\"block-wrapper\">\n          <div class=\"container\">\n            <div class=\"row align-items-center\">\n            <div class=\"responsive_reverse\">\n<div class=\"col-xl-6 order-xl-2\">\n                <div class=\"txtimg-body\">\n                    <div class=\"logo\">\n                      <img decoding=\"async\" src=\"https:\/\/i4f.com\/app\/uploads\/2025\/02\/Projekt-bez-nazwy-32-260x33.png\" alt=\"\" \/>\n                    <\/div>\n                    <h2>Gi\u00fap l\u1eafp \u0111\u1eb7t s\u00e0n ngo\u00e0i tr\u1eddi d\u1ec5 d\u00e0ng cho m\u1ecdi ng\u01b0\u1eddi<\/h2>\n                    <p>Ph\u01b0\u01a1ng ph\u00e1p c\u1ed1 \u0111\u1ecbnh th\u00f4ng minh \u0111\u00e3 \u0111\u01b0\u1ee3c c\u1ea5p b\u1eb1ng s\u00e1ng ch\u1ebf c\u1ee7a ch\u00fang t\u00f4i \u0111\u01b0\u1ee3c ng\u00e0nh c\u00f4ng nghi\u1ec7p c\u00f4ng nh\u1eadn l\u00e0 h\u1ec7 th\u1ed1ng t\u1ed1t nh\u1ea5t hi\u1ec7n c\u00f3 v\u00ec nhi\u1ec1u l\u00fd do ch\u00ednh \u0111\u00e1ng. Vi\u1ec7c l\u1eafp \u0111\u1eb7t v\u1edbi i4F ClikDek nhanh g\u1ea5p 3 l\u1ea7n v\u00e0 c\u1ef1c k\u1ef3 linh ho\u1ea1t, cho ph\u00e9p truy c\u1eadp m\u1ecdi l\u00fac, m\u1ecdi n\u01a1i ch\u1ec9 trong v\u00e0i gi\u00e2y. Kh\u00f3a c\u01a1 h\u1ecdc c\u1ee7a n\u00f3 v\u1eeba ch\u1eafc ch\u1eafn v\u1eeba linh ho\u1ea1t, ngh\u0129a l\u00e0 b\u1ea1n lu\u00f4n c\u00f3 th\u1ec3 th\u00e1o l\u1eafp l\u1ea1i, v\u00e0 ph\u1ea7n vi\u1ec1n \u1ea9n gi\u00fap gi\u1ea3m thi\u1ec3u b\u1ea3o d\u01b0\u1ee1ng v\u00ec vi\u1ec7c r\u01a1i m\u1ea5t v\u1eadt d\u1ee5ng gi\u1eefa c\u00e1c t\u1ea5m \u0111\u01b0\u1ee3c lo\u1ea1i b\u1ecf ho\u00e0n to\u00e0n.<\/p>\n\n\n                <\/div>\n                <div class=\"col-xl-6 order-xl-1\">\n                <div class=\"txtimg-image text-center\">\n                                      <img loading=\"lazy\" decoding=\"async\" src=\"https:\/\/i4f.com\/app\/uploads\/2025\/04\/3X-FASTER-SHARK-EDITADA-920x518.png\" alt=\"\"\n         srcset=\"https:\/\/i4f.com\/app\/uploads\/2025\/04\/3X-FASTER-SHARK-EDITADA-350x0-c-default.png 320w,https:\/\/i4f.com\/app\/uploads\/2025\/04\/3X-FASTER-SHARK-EDITADA-920x518.png 640w, https:\/\/i4f.com\/app\/uploads\/2025\/04\/3X-FASTER-SHARK-EDITADA-1840x1036.png 1024w\"\n         sizes=\"auto, 100vw\" class=\"img-fluid\" width=\"920\"\n         height=\"518\"\/>\n    \n\n                <\/div>\n                <\/div>\n              <\/div>\n                    <p>\n                        <a href=\"https:\/\/i4f.com\/clikdek\/\" class=\"btn  btn-primary\">T\u00ecm hi\u1ec3u th\u00eam<\/a>\n                        <\/p>\n                  <\/div>\n                <\/div>\n              <\/div>  \n            <\/div>\n              <div class=\"responsive_default align-items-center\">\n                <div class=\"col-xl-6 order-xl-2\">\n                  <div class=\"txtimg-image text-center\">\n                                      <img loading=\"lazy\" decoding=\"async\" src=\"https:\/\/i4f.com\/app\/uploads\/2025\/04\/3X-FASTER-SHARK-EDITADA-920x518.png\" alt=\"\"\n         srcset=\"https:\/\/i4f.com\/app\/uploads\/2025\/04\/3X-FASTER-SHARK-EDITADA-350x0-c-default.png 320w,https:\/\/i4f.com\/app\/uploads\/2025\/04\/3X-FASTER-SHARK-EDITADA-920x518.png 640w, https:\/\/i4f.com\/app\/uploads\/2025\/04\/3X-FASTER-SHARK-EDITADA-1840x1036.png 1024w\"\n         sizes=\"auto, 100vw\" class=\"img-fluid\" width=\"920\"\n         height=\"518\"\/>\n    \n\n                  <\/div>\n                <\/div>\n                <div class=\"col-xl-6 order-xl-1\">\n                  <div class=\"txtimg-body\">\n                    <div class=\"logo\">\n                      <img decoding=\"async\" src=\"https:\/\/i4f.com\/app\/uploads\/2025\/02\/Projekt-bez-nazwy-32-260x33.png\" alt=\"\" \/>\n                    <\/div>\n                    <h2>Gi\u00fap l\u1eafp \u0111\u1eb7t s\u00e0n ngo\u00e0i tr\u1eddi d\u1ec5 d\u00e0ng cho m\u1ecdi ng\u01b0\u1eddi<\/h2>\n                    <p>Ph\u01b0\u01a1ng ph\u00e1p c\u1ed1 \u0111\u1ecbnh th\u00f4ng minh \u0111\u00e3 \u0111\u01b0\u1ee3c c\u1ea5p b\u1eb1ng s\u00e1ng ch\u1ebf c\u1ee7a ch\u00fang t\u00f4i \u0111\u01b0\u1ee3c ng\u00e0nh c\u00f4ng nghi\u1ec7p c\u00f4ng nh\u1eadn l\u00e0 h\u1ec7 th\u1ed1ng t\u1ed1t nh\u1ea5t hi\u1ec7n c\u00f3 v\u00ec nhi\u1ec1u l\u00fd do ch\u00ednh \u0111\u00e1ng. Vi\u1ec7c l\u1eafp \u0111\u1eb7t v\u1edbi i4F ClikDek nhanh g\u1ea5p 3 l\u1ea7n v\u00e0 c\u1ef1c k\u1ef3 linh ho\u1ea1t, cho ph\u00e9p truy c\u1eadp m\u1ecdi l\u00fac, m\u1ecdi n\u01a1i ch\u1ec9 trong v\u00e0i gi\u00e2y. Kh\u00f3a c\u01a1 h\u1ecdc c\u1ee7a n\u00f3 v\u1eeba ch\u1eafc ch\u1eafn v\u1eeba linh ho\u1ea1t, ngh\u0129a l\u00e0 b\u1ea1n lu\u00f4n c\u00f3 th\u1ec3 th\u00e1o l\u1eafp l\u1ea1i, v\u00e0 ph\u1ea7n vi\u1ec1n \u1ea9n gi\u00fap gi\u1ea3m thi\u1ec3u b\u1ea3o d\u01b0\u1ee1ng v\u00ec vi\u1ec7c r\u01a1i m\u1ea5t v\u1eadt d\u1ee5ng gi\u1eefa c\u00e1c t\u1ea5m \u0111\u01b0\u1ee3c lo\u1ea1i b\u1ecf ho\u00e0n to\u00e0n.<\/p>\n\n                    <p>\n                        <a href=\"https:\/\/i4f.com\/clikdek\/\" class=\"btn  btn-primary\">T\u00ecm hi\u1ec3u th\u00eam<\/a>\n                        <\/p>\n                  <\/div>\n                <\/div>\n              <\/div>\n            <\/div>\n          <\/div>\n        <\/div>\n        <\/div>\n        <\/section>\n\n        <section class=\"block cta image\" id=\"block_60ddb636d0802\">\n          <div class=\"container\">\n  <div class=\"row\">\n    <div class=\"col-lg-8 offset-lg-2\">\n      <div class=\"cta-bg\">\n        <div class=\"row align-items-center\">\n          <div class=\"col-xl-3\">\n            <div class=\"cta-image\">\n                                <img loading=\"lazy\" decoding=\"async\" src=\"https:\/\/i4f.com\/app\/uploads\/2021\/06\/Newsletter-preview-1-360x370.png\" alt=\"Lu\u00f4n c\u1eadp nh\u1eadt v\u1ec1 i4F\"\n         srcset=\"https:\/\/i4f.com\/app\/uploads\/2021\/06\/Newsletter-preview-1-350x0-c-default.png 320w,https:\/\/i4f.com\/app\/uploads\/2021\/06\/Newsletter-preview-1-360x370.png 640w, https:\/\/i4f.com\/app\/uploads\/2021\/06\/Newsletter-preview-1-716x740.png 1024w\"\n         sizes=\"auto, 100vw\" class=\"img-fluid\" width=\"360\"\n         height=\"370\"\/>\n    \n\n            <\/div>\n          <\/div>\n          <div class=\"col-xl-9\">\n            <div class=\"cta-content\">\n              <h3>Lu\u00f4n c\u1eadp nh\u1eadt v\u1ec1 i4F<\/h3>\n              <ul>\n                <li>Tin t\u1ee9c m\u1edbi nh\u1ea5t trong ng\u00e0nh \u0111\u01b0\u1ee3c g\u1eedi th\u1eb3ng t\u1edbi h\u1ed9p th\u01b0 \u0111\u1ebfn c\u1ee7a b\u1ea1n<\/li>\n                <li>T\u00ecm hi\u1ec3u th\u00eam v\u1ec1 c\u00e1c c\u00f4ng ngh\u1ec7 v\u00e0 nh\u1eefng s\u1ef1 ki\u1ec7n s\u1eafp t\u1edbi c\u1ee7a ch\u00fang t\u00f4i<\/li>\n              <\/ul>\n              <form action=\"\/vi\/cong-nghe-ngoai-troi\/#block_60ddb636d0802\" method=\"post\" class=\"form-mailing-list form-process\" data-action=\"subscribe\" data-nonce=\"cdbb153289\" data-post-id=\"9458\" novalidate>\n                <div class='form-container'>\n                  <div class=\"alert alert-danger error\"><\/div>\n                  <label for=\"email\">\u0110\u1ecba ch\u1ec9 email c\u1ee7a b\u1ea1n<\/label>\n                  <div class=\"row g-0 align-items-center\">\n                    <div class=\"col-7\">\n                      <input id=\"email\" name=\"email\" type=\"email\" value=\"\" class=\"form-control\" \/>\n                    <\/div>\n                    <div class=\"col-5\">\n                      <button class=\"btn btn-sm btn-primary\">Lu\u00f4n c\u1eadp nh\u1eadt cho t\u00f4i<\/button>\n                    <\/div>\n                  <\/div>\n                <\/div>\n                <div class=\"form-thank-you\">\n                  <h3>C\u1ea3m \u01a1n b\u1ea1n \u0111\u00e3 \u0111\u0103ng k\u00fd<\/h3>\n                <\/div>\n              <\/form>\n            <\/div>\n          <\/div>\n        <\/div>\n      <\/div>\n    <\/div>\n  <\/div>\n          <\/div>\n        <\/section>\n\n","protected":false},"excerpt":{"rendered":"","protected":false},"author":14,"featured_media":0,"parent":0,"menu_order":0,"comment_status":"closed","ping_status":"closed","template":"","meta":{"_acf_changed":false,"content-type":"","footnotes":""},"class_list":["post-9458","page","type-page","status-publish","hentry"],"acf":[],"yoast_head":"<!-- This site is optimized with the Yoast SEO plugin v24.8.1 - https:\/\/yoast.com\/wordpress\/plugins\/seo\/ -->\n<title>Outdoor Technologies Overview | i4F<\/title>\n<meta name=\"description\" content=\"i4F m\u1edf r\u1ed9ng kh\u00f4ng gian n\u1ed9i th\u1ea5t ra ngo\u00e0i v\u00e0 bi\u1ebfn c\u00e1c kh\u00f4ng gian ngo\u00e0i tr\u1eddi tr\u1edf n\u00ean ch\u01b0a t\u1eebng c\u00f3.\" \/>\n<meta name=\"robots\" content=\"index, follow, max-snippet:-1, max-image-preview:large, max-video-preview:-1\" \/>\n<link rel=\"canonical\" href=\"https:\/\/i4f.com\/vi\/cong-nghe-ngoai-troi\/\" \/>\n<meta property=\"og:locale\" content=\"vi_VN\" \/>\n<meta property=\"og:type\" content=\"article\" \/>\n<meta property=\"og:title\" content=\"Outdoor Technologies Overview | i4F\" \/>\n<meta property=\"og:description\" content=\"i4F m\u1edf r\u1ed9ng kh\u00f4ng gian n\u1ed9i th\u1ea5t ra ngo\u00e0i v\u00e0 bi\u1ebfn c\u00e1c kh\u00f4ng gian ngo\u00e0i tr\u1eddi tr\u1edf n\u00ean ch\u01b0a t\u1eebng c\u00f3.\" \/>\n<meta property=\"og:url\" content=\"https:\/\/i4f.com\/vi\/cong-nghe-ngoai-troi\/\" \/>\n<meta property=\"og:site_name\" content=\"i4F\" \/>\n<meta property=\"article:modified_time\" content=\"2025-10-23T12:51:14+00:00\" \/>\n<meta name=\"twitter:card\" content=\"summary_large_image\" \/>\n<script type=\"application\/ld+json\" class=\"yoast-schema-graph\">{\"@context\":\"https:\/\/schema.org\",\"@graph\":[{\"@type\":\"WebPage\",\"@id\":\"https:\/\/i4f.com\/vi\/cong-nghe-ngoai-troi\/\",\"url\":\"https:\/\/i4f.com\/vi\/cong-nghe-ngoai-troi\/\",\"name\":\"Outdoor Technologies Overview | i4F\",\"isPartOf\":{\"@id\":\"https:\/\/i4f.com\/vi\/#website\"},\"datePublished\":\"2024-01-02T15:25:50+00:00\",\"dateModified\":\"2025-10-23T12:51:14+00:00\",\"description\":\"i4F m\u1edf r\u1ed9ng kh\u00f4ng gian n\u1ed9i th\u1ea5t ra ngo\u00e0i v\u00e0 bi\u1ebfn c\u00e1c kh\u00f4ng gian ngo\u00e0i tr\u1eddi tr\u1edf n\u00ean ch\u01b0a t\u1eebng c\u00f3.\",\"breadcrumb\":{\"@id\":\"https:\/\/i4f.com\/vi\/cong-nghe-ngoai-troi\/#breadcrumb\"},\"inLanguage\":\"vi-VN\",\"potentialAction\":[{\"@type\":\"ReadAction\",\"target\":[\"https:\/\/i4f.com\/vi\/cong-nghe-ngoai-troi\/\"]}]},{\"@type\":\"BreadcrumbList\",\"@id\":\"https:\/\/i4f.com\/vi\/cong-nghe-ngoai-troi\/#breadcrumb\",\"itemListElement\":[{\"@type\":\"ListItem\",\"position\":1,\"name\":\"Home\",\"item\":\"https:\/\/i4f.com\/vi\/\"},{\"@type\":\"ListItem\",\"position\":2,\"name\":\"C\u00f4ng ngh\u1ec7 ngo\u00e0i tr\u1eddi\"}]},{\"@type\":\"WebSite\",\"@id\":\"https:\/\/i4f.com\/vi\/#website\",\"url\":\"https:\/\/i4f.com\/vi\/\",\"name\":\"i4F\",\"description\":\"\",\"potentialAction\":[{\"@type\":\"SearchAction\",\"target\":{\"@type\":\"EntryPoint\",\"urlTemplate\":\"https:\/\/i4f.com\/vi\/?s={search_term_string}\"},\"query-input\":{\"@type\":\"PropertyValueSpecification\",\"valueRequired\":true,\"valueName\":\"search_term_string\"}}],\"inLanguage\":\"vi-VN\"}]}<\/script>\n<!-- \/ Yoast SEO plugin. -->","yoast_head_json":{"title":"Outdoor Technologies Overview | i4F","description":"i4F m\u1edf r\u1ed9ng kh\u00f4ng gian n\u1ed9i th\u1ea5t ra ngo\u00e0i v\u00e0 bi\u1ebfn c\u00e1c kh\u00f4ng gian ngo\u00e0i tr\u1eddi tr\u1edf n\u00ean ch\u01b0a t\u1eebng c\u00f3.","robots":{"index":"index","follow":"follow","max-snippet":"max-snippet:-1","max-image-preview":"max-image-preview:large","max-video-preview":"max-video-preview:-1"},"canonical":"https:\/\/i4f.com\/vi\/cong-nghe-ngoai-troi\/","og_locale":"vi_VN","og_type":"article","og_title":"Outdoor Technologies Overview | i4F","og_description":"i4F m\u1edf r\u1ed9ng kh\u00f4ng gian n\u1ed9i th\u1ea5t ra ngo\u00e0i v\u00e0 bi\u1ebfn c\u00e1c kh\u00f4ng gian ngo\u00e0i tr\u1eddi tr\u1edf n\u00ean ch\u01b0a t\u1eebng c\u00f3.","og_url":"https:\/\/i4f.com\/vi\/cong-nghe-ngoai-troi\/","og_site_name":"i4F","article_modified_time":"2025-10-23T12:51:14+00:00","twitter_card":"summary_large_image","schema":{"@context":"https:\/\/schema.org","@graph":[{"@type":"WebPage","@id":"https:\/\/i4f.com\/vi\/cong-nghe-ngoai-troi\/","url":"https:\/\/i4f.com\/vi\/cong-nghe-ngoai-troi\/","name":"Outdoor Technologies Overview | i4F","isPartOf":{"@id":"https:\/\/i4f.com\/vi\/#website"},"datePublished":"2024-01-02T15:25:50+00:00","dateModified":"2025-10-23T12:51:14+00:00","description":"i4F m\u1edf r\u1ed9ng kh\u00f4ng gian n\u1ed9i th\u1ea5t ra ngo\u00e0i v\u00e0 bi\u1ebfn c\u00e1c kh\u00f4ng gian ngo\u00e0i tr\u1eddi tr\u1edf n\u00ean ch\u01b0a t\u1eebng c\u00f3.","breadcrumb":{"@id":"https:\/\/i4f.com\/vi\/cong-nghe-ngoai-troi\/#breadcrumb"},"inLanguage":"vi-VN","potentialAction":[{"@type":"ReadAction","target":["https:\/\/i4f.com\/vi\/cong-nghe-ngoai-troi\/"]}]},{"@type":"BreadcrumbList","@id":"https:\/\/i4f.com\/vi\/cong-nghe-ngoai-troi\/#breadcrumb","itemListElement":[{"@type":"ListItem","position":1,"name":"Home","item":"https:\/\/i4f.com\/vi\/"},{"@type":"ListItem","position":2,"name":"C\u00f4ng ngh\u1ec7 ngo\u00e0i tr\u1eddi"}]},{"@type":"WebSite","@id":"https:\/\/i4f.com\/vi\/#website","url":"https:\/\/i4f.com\/vi\/","name":"i4F","description":"","potentialAction":[{"@type":"SearchAction","target":{"@type":"EntryPoint","urlTemplate":"https:\/\/i4f.com\/vi\/?s={search_term_string}"},"query-input":{"@type":"PropertyValueSpecification","valueRequired":true,"valueName":"search_term_string"}}],"inLanguage":"vi-VN"}]}},"_links":{"self":[{"href":"https:\/\/i4f.com\/vi\/wp-json\/wp\/v2\/pages\/9458","targetHints":{"allow":["GET"]}}],"collection":[{"href":"https:\/\/i4f.com\/vi\/wp-json\/wp\/v2\/pages"}],"about":[{"href":"https:\/\/i4f.com\/vi\/wp-json\/wp\/v2\/types\/page"}],"author":[{"embeddable":true,"href":"https:\/\/i4f.com\/vi\/wp-json\/wp\/v2\/users\/14"}],"replies":[{"embeddable":true,"href":"https:\/\/i4f.com\/vi\/wp-json\/wp\/v2\/comments?post=9458"}],"version-history":[{"count":3,"href":"https:\/\/i4f.com\/vi\/wp-json\/wp\/v2\/pages\/9458\/revisions"}],"predecessor-version":[{"id":9574,"href":"https:\/\/i4f.com\/vi\/wp-json\/wp\/v2\/pages\/9458\/revisions\/9574"}],"wp:attachment":[{"href":"https:\/\/i4f.com\/vi\/wp-json\/wp\/v2\/media?parent=9458"}],"curies":[{"name":"wp","href":"https:\/\/api.w.org\/{rel}","templated":true}]}}