{"id":3271,"date":"2021-06-10T12:17:13","date_gmt":"2021-06-10T12:17:13","guid":{"rendered":"https:\/\/i4f.com\/ve-chung-toi\/muc-dich\/"},"modified":"2021-12-14T13:43:47","modified_gmt":"2021-12-14T13:43:47","slug":"muc-dich","status":"publish","type":"page","link":"https:\/\/i4f.com\/vi\/ve-chung-toi\/muc-dich\/","title":{"rendered":"M\u1ee5c \u0111\u00edch"},"content":{"rendered":"        <section class=\"block hero\" id=\"block_60c20196df5d5\">\n          <div class=\"hero-content\" style=\"background-image: url('https:\/\/i4f.com\/app\/uploads\/2021\/06\/About-us-header_collage-v2.jpg')\">\n                              <img loading=\"lazy\" decoding=\"async\" src=\"https:\/\/i4f.com\/app\/uploads\/2021\/06\/About-us-header_collage-v2-1440x640.jpg\" alt=\"Chuy\u1ec3n \u0111\u1ed5i k\u1ebft n\u1ed1i nh\u1eb1m \u0111\u1ea1t hi\u1ec7u qu\u1ea3 t\u1ed1t h\u01a1n \"\n         srcset=\"https:\/\/i4f.com\/app\/uploads\/2021\/06\/About-us-header_collage-v2-350x0-c-default.jpg 320w,https:\/\/i4f.com\/app\/uploads\/2021\/06\/About-us-header_collage-v2-1440x640.jpg 640w, https:\/\/i4f.com\/app\/uploads\/2021\/06\/About-us-header_collage-v2.jpg 1024w\"\n         sizes=\"auto, 100vw\" class=\"img-fluid hero-mobile\" width=\"1440\"\n         height=\"640\"\/>\n    \n\n            <div class=\"container\">\n              <div class=\"overlay\"><\/div>\n              <div class=\"row align-items-center\">\n                <div class=\"col-lg-5\">\n                  <div class=\"hero-body\">\n                    <h1>Chuy\u1ec3n \u0111\u1ed5i k\u1ebft n\u1ed1i nh\u1eb1m \u0111\u1ea1t hi\u1ec7u qu\u1ea3 t\u1ed1t h\u01a1n <\/h1>\n                    <p>T\u1ea1i i4F, ch\u00fang t\u00f4i ph\u00e1t tri\u1ec3n nh\u1eefng c\u00f4ng ngh\u1ec7 \u0111\u00e3 \u0111\u01b0\u1ee3c c\u1ea5p b\u1eb1ng s\u00e1ng ch\u1ebf \u0111ang c\u00e1ch m\u1ea1ng h\u00f3a ng\u00e0nh c\u00f4ng nghi\u1ec7p v\u00e1n s\u00e0n v\u00e0 h\u01a1n th\u1ebf n\u1eefa. B\u1eb1ng c\u00e1ch chuy\u1ec3n \u0111\u1ed5i c\u00e1c k\u1ebft n\u1ed1i, ch\u00fang t\u00f4i \u0111ang c\u1ea3i thi\u1ec7n m\u00f4i tr\u01b0\u1eddng m\u00e0 m\u1ecdi ng\u01b0\u1eddi sinh s\u1ed1ng, l\u00e0m vi\u1ec7c v\u00e0 vui ch\u01a1i. <\/p>\n                    <p class=\"hero-links\">\n                      <a href=\"#Why-we\" class=\"btn  btn-primary\">T\u00ecm hi\u1ec3u s\u1ef1 kh\u00e1c bi\u1ec7t c\u1ee7a ch\u00fang t\u00f4i  &nbsp; <svg width=\"24\" height=\"24\" viewBox=\"0 0 24 24\" fill=\"none\" xmlns=\"http:\/\/www.w3.org\/2000\/svg\">\n<path d=\"M12 5V19\" stroke=\"#304757\" stroke-width=\"2\" stroke-linecap=\"round\" stroke-linejoin=\"round\"\/>\n<path d=\"M19 12L12 19L5 12\" stroke=\"#304757\" stroke-width=\"2\" stroke-linecap=\"round\" stroke-linejoin=\"round\"\/>\n<\/svg>\n<\/a>\n                      <a href=\"https:\/\/i4f.com\/vi\/contact\/?tab=block_60d3b16e96657-2-form#block_60d3b16596656\" class=\"btn  btn-outline-secondary\">Tr\u1edf th\u00e0nh m\u1ed9t kh\u00e1ch h\u00e0ng \u0111\u01b0\u1ee3c c\u1ea5p ph\u00e9p <\/a>\n                    <\/p>\n                  <\/div>\n                <\/div>\n                <div class=\"col d-none d-lg-block hero-spacer\">\n                <\/div>\n              <\/div>\n            <\/div>\n          <\/div>\n        <\/section>\n\n\n\n        <section class=\"block feature-list\" id=\"Why-we\">\n          <div class=\"container\">\n    <div class=\"heading\">\n      <div class=\"row\">\n        <div class=\"col-lg-8 offset-lg-2\">\n          <p class=\"section\">M\u1ee4C \u0110\u00cdCH. T\u1ea6M NH\u00ccN. S\u1ee8 M\u1ec6NH<\/p>\n          <h2>V\u00ec sao ch\u00fang t\u00f4i l\u00e0m \u0111i\u1ec1u n\u00e0y<\/h2>\n          <p>Ch\u00fang t\u00f4i tin r\u1eb1ng ngay c\u1ea3 nh\u1eefng c\u1ea3i ti\u1ebfn nh\u1ecf nh\u1ea5t c\u0169ng mang l\u1ea1i ti\u1ec1m n\u0103ng thay \u0111\u1ed5i kh\u00f4ng ch\u1ec9 ri\u00eang s\u1ea3n ph\u1ea9m m\u00e0 c\u00f2n c\u1ea3 cu\u1ed9c s\u1ed1ng c\u1ee7a nh\u1eefng ng\u01b0\u1eddi s\u1eed d\u1ee5ng s\u1ea3n ph\u1ea9m. \u0110\u00f3 l\u00e0 l\u00fd do t\u1ea1i sao ch\u00fang t\u00f4i s\u1edf h\u1eefu v\u00e0 \u0111\u1ea1i di\u1ec7n cho h\u00e0ng ngh\u00ecn b\u1eb1ng s\u00e1ng ch\u1ebf v\u00e0 c\u00f4ng ngh\u1ec7. V\u00e0 \u0111\u00f3 c\u0169ng ch\u00ednh l\u00e0 l\u00fd do t\u1ea1i sao ch\u00fang t\u00f4i ti\u1ebfp t\u1ee5c ph\u00e1t tri\u1ec3n h\u01a1n n\u1eefa, c\u1ea3 theo c\u00e1ch \u0111\u1ed9c l\u1eadp l\u1eabn song h\u00e0nh v\u1edbi c\u00e1c \u0111\u1ed1i t\u00e1c c\u1ee7a m\u00ecnh.<\/p>\n        <\/div>\n      <\/div>\n    <\/div>\n    <div class=\"row\">\n        <div class=\"col-lg-4\">\n      <div class=\"item\">\n                      <h5>M\u1ee5c \u0111\u00edch<\/h5>\n        <p>Th\u00e1ch th\u1ee9c v\u00e0 c\u1ea3i thi\u1ec7n t\u1ea5t th\u1ea3y m\u1ecdi \u0111i\u1ec1u trong th\u1ebf gi\u1edbi c\u1ee7a ch\u00fang ta.<\/p>\n            <\/div>\n    <\/div>\n        <div class=\"col-lg-4\">\n      <div class=\"item\">\n                      <h5>T\u1ea7m nh\u00ecn<\/h5>\n        <p>N\u00e2ng cao n\u01a1i m\u1ecdi ng\u01b0\u1eddi sinh s\u1ed1ng, l\u00e0m vi\u1ec7c, vui ch\u01a1i b\u1eb1ng nh\u1eefng c\u00f4ng ngh\u1ec7 \u0111\u1ec9nh cao t\u1eeb v\u00e1n s\u00e0n tr\u1edf l\u00ean.<\/p>\n            <\/div>\n    <\/div>\n        <div class=\"col-lg-4\">\n      <div class=\"item\">\n                      <h5>S\u1ee9 m\u1ec7nh<\/h5>\n        <p>Li\u00ean t\u1ee5c c\u00e1ch m\u1ea1ng h\u00f3a c\u00f4ng ngh\u1ec7 v\u00e1n s\u00e0n v\u00e0 h\u01a1n th\u1ebf n\u1eefa, th\u00f4ng qua s\u1ef1 v\u01b0\u1ee3t tr\u1ed9i v\u1ec1 c\u00f4ng ngh\u1ec7, s\u1ef1 \u0111\u1ed5i m\u1edbi gi\u00e0u \u00fd ngh\u0129a v\u00e0 quan h\u1ec7 \u0111\u1ed1i t\u00e1c nh\u00e2n s\u1ef1.<\/p>\n            <\/div>\n    <\/div>\n      <\/div>\n            <\/div>\n        <\/section>\n\n\n\n        <section class=\"block feature-list\" id=\"block_60c2025fdf5ea\">\n          <div class=\"container\">\n    <div class=\"heading\">\n      <div class=\"row\">\n        <div class=\"col-lg-8 offset-lg-2\">\n          <p class=\"section\">GI\u00daP i4F TR\u1ede N\u00caN N\u1ed4I B\u1eacT<\/p>\n          <h2>Ph\u01b0\u01a1ng ph\u00e1p tham v\u1ea5n c\u1ee7a ch\u00fang t\u00f4i<\/h2>\n          <p>X\u00e9t v\u1ec1 c\u00e1c m\u1ed1i quan h\u1ec7 kinh doanh, ch\u00fang t\u00f4i l\u00e0 m\u1ed9t lu\u1ed3ng gi\u00f3 m\u1edbi. Kh\u00e1ch h\u00e0ng c\u1ee7a ch\u00fang t\u00f4i l\u00e0 \u0111\u1ed1i t\u00e1c c\u1ee7a ch\u00fang t\u00f4i. V\u00e0 th\u00f4ng qua quan h\u1ec7 \u0111\u1ed1i t\u00e1c, ch\u00fang t\u00f4i l\u00e0m vi\u1ec7c, \u0111\u1ed5i m\u1edbi v\u00e0 th\u00e0nh c\u00f4ng c\u00f9ng nhau<\/p>\n        <\/div>\n      <\/div>\n    <\/div>\n    <div class=\"row\">\n        <div class=\"col-lg-3\">\n      <div class=\"item\">\n                      <h5>Nh\u00e2n s\u1ef1 c\u1ee7a ch\u00fang t\u00f4i <\/h5>\n        <p>Ch\u00fang t\u00f4i l\u00e0 m\u1ed9t nh\u00f3m g\u1ed3m nh\u1eefng ng\u01b0\u1eddi \u0111\u1eb7c bi\u1ec7t: c\u00e1c chuy\u00ean gia, nh\u00e0 chuy\u00ean m\u00f4n, nh\u1eefng k\u1ebb m\u1ed9ng m\u01a1 v\u00e0 ng\u01b0\u1eddi th\u1ef1c hi\u1ec7n. Ch\u00fang t\u00f4i quy t\u1ee5 \u0111\u1ed9i ng\u0169 doanh nh\u00e2n c\u00f3 t\u00e2m c\u00f9ng theo \u0111u\u1ed5i \u0111am m\u00ea \u0111\u1ed5i m\u1edbi m\u1ed9t c\u00e1ch gi\u00e0u \u00fd ngh\u0129a. <\/p>\n            <\/div>\n    <\/div>\n        <div class=\"col-lg-3\">\n      <div class=\"item\">\n                      <h5>S\u1ef1 v\u01b0\u1ee3t tr\u1ed9i v\u1ec1 k\u1ef9 thu\u1eadt c\u1ee7a ch\u00fang t\u00f4i <\/h5>\n        <p>Ch\u00fang t\u00f4i th\u00e1ch th\u1ee9c m\u1ecdi \u0111i\u1ec1u l\u1edbn nh\u1ecf trong nhi\u1ec7m v\u1ee5 c\u1ea3i ti\u1ebfn li\u00ean t\u1ee5c c\u1ee7a m\u00ecnh. Th\u00f4ng qua chi ti\u1ebft, \u0111\u1ed9 ch\u00ednh x\u00e1c v\u00e0 chuy\u00ean m\u00f4n v\u1ec1 th\u1ecb tr\u01b0\u1eddng, ch\u00fang t\u00f4i s\u1ebd t\u00ecm ra c\u00e1ch gi\u1ea3i quy\u1ebft m\u1ecdi v\u1ea5n \u0111\u1ec1. <\/p>\n            <\/div>\n    <\/div>\n        <div class=\"col-lg-3\">\n      <div class=\"item\">\n                      <h5>V\u0103n h\u00f3a c\u1ee7a ch\u00fang t\u00f4i <\/h5>\n        <p>\u0110\u00e2y kh\u00f4ng ch\u1ec9 l\u00e0 c\u00f4ng vi\u1ec7c. \u0110\u00e2y l\u00e0 m\u1ed9t gia \u0111\u00ecnh. M\u1ecdi ng\u01b0\u1eddi t\u1eadn t\u1ee5y gi\u00fap \u0111\u1ee1 l\u1eabn nhau nh\u1eb1m \u0111\u1ea1t \u0111\u1ebfn c\u00e1c m\u1ee5c ti\u00eau chung \u0111\u00e3 \u0111\u01b0\u1ee3c x\u00e1c \u0111\u1ecbnh r\u00f5 r\u00e0ng. Ch\u00fang ta \u0111ang k\u1ec1 vai ti\u1ebfn b\u01b0\u1edbc tr\u00ean m\u1ed9t h\u00e0nh tr\u00ecnh, t\u1ea1o d\u1ef1ng con \u0111\u01b0\u1eddng ri\u00eang. V\u00e0 ch\u00fang t\u00f4i \u0111\u1ea3m b\u1ea3o r\u1eb1ng ch\u00fang ta \u0111\u1ec1u s\u1ebd t\u1eadn h\u01b0\u1edfng chuy\u1ebfn \u0111i n\u00e0y. \n<\/p>\n            <\/div>\n    <\/div>\n        <div class=\"col-lg-3\">\n      <div class=\"item\">\n                      <h5>Nhu c\u1ea7u c\u1ee7a b\u1ea1n<\/h5>\n        <p>Ch\u00fang t\u00f4i kh\u00f4ng gi\u1edbi h\u1ea1n ph\u01b0\u01a1ng th\u1ee9c l\u00e0m vi\u1ec7c c\u1ee7a c\u00e1c b\u1ea1n; ch\u00fang t\u00f4i gi\u00fap b\u1ea1n l\u00e0m \u0111i\u1ec1u \u0111\u00f3. i4F cung c\u1ea5p cho kh\u00e1ch h\u00e0ng \u0111\u01b0\u1ee3c c\u1ea5p ph\u00e9p quy\u1ec1n t\u1ef1 do l\u1ef1a ch\u1ecdn ch\u01b0a t\u1eebng c\u00f3 b\u1eb1ng c\u00e1ch cung c\u1ea5p nhi\u1ec1u t\u00f9y ch\u1ecdn h\u01a1n \u0111\u1ec3 ch\u1ecdn l\u1ef1a c\u00e1c b\u1eb1ng s\u00e1ng ch\u1ebf ho\u1eb7c nh\u00f3m b\u1eb1ng s\u00e1ng ch\u1ebf \u0111\u00e1p \u1ee9ng t\u1ed1t nh\u1ea5t nhu c\u1ea7u c\u1ee7a doanh nghi\u1ec7p. <\/p>\n            <\/div>\n    <\/div>\n      <\/div>\n            <\/div>\n        <\/section>\n\n\n\n        <section class=\"block cta image\" id=\"block_60ddb636d0802\">\n          <div class=\"container\">\n  <div class=\"row\">\n    <div class=\"col-lg-8 offset-lg-2\">\n      <div class=\"cta-bg\">\n        <div class=\"row align-items-center\">\n          <div class=\"col-xl-3\">\n            <div class=\"cta-image\">\n                                <img loading=\"lazy\" decoding=\"async\" src=\"https:\/\/i4f.com\/app\/uploads\/2021\/06\/Newsletter-preview-1-360x370.png\" alt=\"Lu\u00f4n c\u1eadp nh\u1eadt v\u1ec1 i4F\"\n         srcset=\"https:\/\/i4f.com\/app\/uploads\/2021\/06\/Newsletter-preview-1-350x0-c-default.png 320w,https:\/\/i4f.com\/app\/uploads\/2021\/06\/Newsletter-preview-1-360x370.png 640w, https:\/\/i4f.com\/app\/uploads\/2021\/06\/Newsletter-preview-1-716x740.png 1024w\"\n         sizes=\"auto, 100vw\" class=\"img-fluid\" width=\"360\"\n         height=\"370\"\/>\n    \n\n            <\/div>\n          <\/div>\n          <div class=\"col-xl-9\">\n            <div class=\"cta-content\">\n              <h3>Lu\u00f4n c\u1eadp nh\u1eadt v\u1ec1 i4F<\/h3>\n              <ul>\n                <li>Tin t\u1ee9c m\u1edbi nh\u1ea5t trong ng\u00e0nh \u0111\u01b0\u1ee3c g\u1eedi th\u1eb3ng t\u1edbi h\u1ed9p th\u01b0 \u0111\u1ebfn c\u1ee7a b\u1ea1n<\/li>\n                <li>T\u00ecm hi\u1ec3u th\u00eam v\u1ec1 c\u00e1c c\u00f4ng ngh\u1ec7 v\u00e0 nh\u1eefng s\u1ef1 ki\u1ec7n s\u1eafp t\u1edbi c\u1ee7a ch\u00fang t\u00f4i<\/li>\n              <\/ul>\n              <form action=\"\/vi\/ve-chung-toi\/muc-dich\/#block_60ddb636d0802\" method=\"post\" class=\"form-mailing-list form-process\" data-action=\"subscribe\" data-nonce=\"1694a74ae7\" data-post-id=\"3271\" novalidate>\n                <div class='form-container'>\n                  <div class=\"alert alert-danger error\"><\/div>\n                  <label for=\"email\">\u0110\u1ecba ch\u1ec9 email c\u1ee7a b\u1ea1n<\/label>\n                  <div class=\"row g-0 align-items-center\">\n                    <div class=\"col-7\">\n                      <input id=\"email\" name=\"email\" type=\"email\" value=\"\" class=\"form-control\" \/>\n                    <\/div>\n                    <div class=\"col-5\">\n                      <button class=\"btn btn-sm btn-primary\">Lu\u00f4n c\u1eadp nh\u1eadt cho t\u00f4i<\/button>\n                    <\/div>\n                  <\/div>\n                <\/div>\n                <div class=\"form-thank-you\">\n                  <h3>C\u1ea3m \u01a1n b\u1ea1n \u0111\u00e3 \u0111\u0103ng k\u00fd<\/h3>\n                <\/div>\n              <\/form>\n            <\/div>\n          <\/div>\n        <\/div>\n      <\/div>\n    <\/div>\n  <\/div>\n          <\/div>\n        <\/section>\n\n","protected":false},"excerpt":{"rendered":"","protected":false},"author":14,"featured_media":0,"parent":3136,"menu_order":0,"comment_status":"closed","ping_status":"closed","template":"","meta":{"_acf_changed":false,"content-type":"","footnotes":""},"class_list":["post-3271","page","type-page","status-publish","hentry"],"acf":[],"yoast_head":"<!-- This site is optimized with the Yoast SEO plugin v24.8.1 - https:\/\/yoast.com\/wordpress\/plugins\/seo\/ -->\n<title>M\u1ee5c \u0111\u00edch - i4F<\/title>\n<meta name=\"description\" content=\"\u0110\u1ed1i v\u1edbi i4F, th\u1ebf gi\u1edbi c\u1ee7a ch\u00fang ta \u0111ang ph\u00e1t tri\u1ec3n nhanh ch\u00f3ng. M\u1ee5c \u0111\u00edch c\u1ee7a ch\u00fang t\u00f4i l\u00e0 th\u00e1ch th\u1ee9c v\u00e0 c\u1ea3i thi\u1ec7n t\u1ea5t th\u1ea3y m\u1ecdi \u0111i\u1ec1u li\u00ean quan ho\u1eb7c b\u1ecb \u1ea3nh h\u01b0\u1edfng b\u1edfi c\u00e1c l\u0129nh v\u1ef1c chuy\u00ean m\u00f4n c\u1ee7a m\u00ecnh.\" \/>\n<meta name=\"robots\" content=\"index, follow, max-snippet:-1, max-image-preview:large, max-video-preview:-1\" \/>\n<link rel=\"canonical\" href=\"https:\/\/i4f.com\/vi\/ve-chung-toi\/muc-dich\/\" \/>\n<meta property=\"og:locale\" content=\"vi_VN\" \/>\n<meta property=\"og:type\" content=\"article\" \/>\n<meta property=\"og:title\" content=\"M\u1ee5c \u0111\u00edch - i4F\" \/>\n<meta property=\"og:description\" content=\"\u0110\u1ed1i v\u1edbi i4F, th\u1ebf gi\u1edbi c\u1ee7a ch\u00fang ta \u0111ang ph\u00e1t tri\u1ec3n nhanh ch\u00f3ng. M\u1ee5c \u0111\u00edch c\u1ee7a ch\u00fang t\u00f4i l\u00e0 th\u00e1ch th\u1ee9c v\u00e0 c\u1ea3i thi\u1ec7n t\u1ea5t th\u1ea3y m\u1ecdi \u0111i\u1ec1u li\u00ean quan ho\u1eb7c b\u1ecb \u1ea3nh h\u01b0\u1edfng b\u1edfi c\u00e1c l\u0129nh v\u1ef1c chuy\u00ean m\u00f4n c\u1ee7a m\u00ecnh.\" \/>\n<meta property=\"og:url\" content=\"https:\/\/i4f.com\/vi\/ve-chung-toi\/muc-dich\/\" \/>\n<meta property=\"og:site_name\" content=\"i4F\" \/>\n<meta property=\"article:modified_time\" content=\"2021-12-14T13:43:47+00:00\" \/>\n<meta name=\"twitter:card\" content=\"summary_large_image\" \/>\n<script type=\"application\/ld+json\" class=\"yoast-schema-graph\">{\"@context\":\"https:\/\/schema.org\",\"@graph\":[{\"@type\":\"WebPage\",\"@id\":\"https:\/\/i4f.com\/vi\/ve-chung-toi\/muc-dich\/\",\"url\":\"https:\/\/i4f.com\/vi\/ve-chung-toi\/muc-dich\/\",\"name\":\"M\u1ee5c \u0111\u00edch - i4F\",\"isPartOf\":{\"@id\":\"https:\/\/i4f.com\/vi\/#website\"},\"datePublished\":\"2021-06-10T12:17:13+00:00\",\"dateModified\":\"2021-12-14T13:43:47+00:00\",\"description\":\"\u0110\u1ed1i v\u1edbi i4F, th\u1ebf gi\u1edbi c\u1ee7a ch\u00fang ta \u0111ang ph\u00e1t tri\u1ec3n nhanh ch\u00f3ng. M\u1ee5c \u0111\u00edch c\u1ee7a ch\u00fang t\u00f4i l\u00e0 th\u00e1ch th\u1ee9c v\u00e0 c\u1ea3i thi\u1ec7n t\u1ea5t th\u1ea3y m\u1ecdi \u0111i\u1ec1u li\u00ean quan ho\u1eb7c b\u1ecb \u1ea3nh h\u01b0\u1edfng b\u1edfi c\u00e1c l\u0129nh v\u1ef1c chuy\u00ean m\u00f4n c\u1ee7a m\u00ecnh.\",\"breadcrumb\":{\"@id\":\"https:\/\/i4f.com\/vi\/ve-chung-toi\/muc-dich\/#breadcrumb\"},\"inLanguage\":\"vi-VN\",\"potentialAction\":[{\"@type\":\"ReadAction\",\"target\":[\"https:\/\/i4f.com\/vi\/ve-chung-toi\/muc-dich\/\"]}]},{\"@type\":\"BreadcrumbList\",\"@id\":\"https:\/\/i4f.com\/vi\/ve-chung-toi\/muc-dich\/#breadcrumb\",\"itemListElement\":[{\"@type\":\"ListItem\",\"position\":1,\"name\":\"Home\",\"item\":\"https:\/\/i4f.com\/vi\/\"},{\"@type\":\"ListItem\",\"position\":2,\"name\":\"V\u1ec1 ch\u00fang t\u00f4i\",\"item\":\"https:\/\/i4f.com\/vi\/ve-chung-toi\/\"},{\"@type\":\"ListItem\",\"position\":3,\"name\":\"M\u1ee5c \u0111\u00edch\"}]},{\"@type\":\"WebSite\",\"@id\":\"https:\/\/i4f.com\/vi\/#website\",\"url\":\"https:\/\/i4f.com\/vi\/\",\"name\":\"i4F\",\"description\":\"\",\"potentialAction\":[{\"@type\":\"SearchAction\",\"target\":{\"@type\":\"EntryPoint\",\"urlTemplate\":\"https:\/\/i4f.com\/vi\/?s={search_term_string}\"},\"query-input\":{\"@type\":\"PropertyValueSpecification\",\"valueRequired\":true,\"valueName\":\"search_term_string\"}}],\"inLanguage\":\"vi-VN\"}]}<\/script>\n<!-- \/ Yoast SEO plugin. -->","yoast_head_json":{"title":"M\u1ee5c \u0111\u00edch - i4F","description":"\u0110\u1ed1i v\u1edbi i4F, th\u1ebf gi\u1edbi c\u1ee7a ch\u00fang ta \u0111ang ph\u00e1t tri\u1ec3n nhanh ch\u00f3ng. M\u1ee5c \u0111\u00edch c\u1ee7a ch\u00fang t\u00f4i l\u00e0 th\u00e1ch th\u1ee9c v\u00e0 c\u1ea3i thi\u1ec7n t\u1ea5t th\u1ea3y m\u1ecdi \u0111i\u1ec1u li\u00ean quan ho\u1eb7c b\u1ecb \u1ea3nh h\u01b0\u1edfng b\u1edfi c\u00e1c l\u0129nh v\u1ef1c chuy\u00ean m\u00f4n c\u1ee7a m\u00ecnh.","robots":{"index":"index","follow":"follow","max-snippet":"max-snippet:-1","max-image-preview":"max-image-preview:large","max-video-preview":"max-video-preview:-1"},"canonical":"https:\/\/i4f.com\/vi\/ve-chung-toi\/muc-dich\/","og_locale":"vi_VN","og_type":"article","og_title":"M\u1ee5c \u0111\u00edch - i4F","og_description":"\u0110\u1ed1i v\u1edbi i4F, th\u1ebf gi\u1edbi c\u1ee7a ch\u00fang ta \u0111ang ph\u00e1t tri\u1ec3n nhanh ch\u00f3ng. M\u1ee5c \u0111\u00edch c\u1ee7a ch\u00fang t\u00f4i l\u00e0 th\u00e1ch th\u1ee9c v\u00e0 c\u1ea3i thi\u1ec7n t\u1ea5t th\u1ea3y m\u1ecdi \u0111i\u1ec1u li\u00ean quan ho\u1eb7c b\u1ecb \u1ea3nh h\u01b0\u1edfng b\u1edfi c\u00e1c l\u0129nh v\u1ef1c chuy\u00ean m\u00f4n c\u1ee7a m\u00ecnh.","og_url":"https:\/\/i4f.com\/vi\/ve-chung-toi\/muc-dich\/","og_site_name":"i4F","article_modified_time":"2021-12-14T13:43:47+00:00","twitter_card":"summary_large_image","schema":{"@context":"https:\/\/schema.org","@graph":[{"@type":"WebPage","@id":"https:\/\/i4f.com\/vi\/ve-chung-toi\/muc-dich\/","url":"https:\/\/i4f.com\/vi\/ve-chung-toi\/muc-dich\/","name":"M\u1ee5c \u0111\u00edch - i4F","isPartOf":{"@id":"https:\/\/i4f.com\/vi\/#website"},"datePublished":"2021-06-10T12:17:13+00:00","dateModified":"2021-12-14T13:43:47+00:00","description":"\u0110\u1ed1i v\u1edbi i4F, th\u1ebf gi\u1edbi c\u1ee7a ch\u00fang ta \u0111ang ph\u00e1t tri\u1ec3n nhanh ch\u00f3ng. M\u1ee5c \u0111\u00edch c\u1ee7a ch\u00fang t\u00f4i l\u00e0 th\u00e1ch th\u1ee9c v\u00e0 c\u1ea3i thi\u1ec7n t\u1ea5t th\u1ea3y m\u1ecdi \u0111i\u1ec1u li\u00ean quan ho\u1eb7c b\u1ecb \u1ea3nh h\u01b0\u1edfng b\u1edfi c\u00e1c l\u0129nh v\u1ef1c chuy\u00ean m\u00f4n c\u1ee7a m\u00ecnh.","breadcrumb":{"@id":"https:\/\/i4f.com\/vi\/ve-chung-toi\/muc-dich\/#breadcrumb"},"inLanguage":"vi-VN","potentialAction":[{"@type":"ReadAction","target":["https:\/\/i4f.com\/vi\/ve-chung-toi\/muc-dich\/"]}]},{"@type":"BreadcrumbList","@id":"https:\/\/i4f.com\/vi\/ve-chung-toi\/muc-dich\/#breadcrumb","itemListElement":[{"@type":"ListItem","position":1,"name":"Home","item":"https:\/\/i4f.com\/vi\/"},{"@type":"ListItem","position":2,"name":"V\u1ec1 ch\u00fang t\u00f4i","item":"https:\/\/i4f.com\/vi\/ve-chung-toi\/"},{"@type":"ListItem","position":3,"name":"M\u1ee5c \u0111\u00edch"}]},{"@type":"WebSite","@id":"https:\/\/i4f.com\/vi\/#website","url":"https:\/\/i4f.com\/vi\/","name":"i4F","description":"","potentialAction":[{"@type":"SearchAction","target":{"@type":"EntryPoint","urlTemplate":"https:\/\/i4f.com\/vi\/?s={search_term_string}"},"query-input":{"@type":"PropertyValueSpecification","valueRequired":true,"valueName":"search_term_string"}}],"inLanguage":"vi-VN"}]}},"_links":{"self":[{"href":"https:\/\/i4f.com\/vi\/wp-json\/wp\/v2\/pages\/3271","targetHints":{"allow":["GET"]}}],"collection":[{"href":"https:\/\/i4f.com\/vi\/wp-json\/wp\/v2\/pages"}],"about":[{"href":"https:\/\/i4f.com\/vi\/wp-json\/wp\/v2\/types\/page"}],"author":[{"embeddable":true,"href":"https:\/\/i4f.com\/vi\/wp-json\/wp\/v2\/users\/14"}],"replies":[{"embeddable":true,"href":"https:\/\/i4f.com\/vi\/wp-json\/wp\/v2\/comments?post=3271"}],"version-history":[{"count":4,"href":"https:\/\/i4f.com\/vi\/wp-json\/wp\/v2\/pages\/3271\/revisions"}],"predecessor-version":[{"id":3617,"href":"https:\/\/i4f.com\/vi\/wp-json\/wp\/v2\/pages\/3271\/revisions\/3617"}],"up":[{"embeddable":true,"href":"https:\/\/i4f.com\/vi\/wp-json\/wp\/v2\/pages\/3136"}],"wp:attachment":[{"href":"https:\/\/i4f.com\/vi\/wp-json\/wp\/v2\/media?parent=3271"}],"curies":[{"name":"wp","href":"https:\/\/api.w.org\/{rel}","templated":true}]}}