{"id":3241,"date":"2021-06-10T12:09:28","date_gmt":"2021-06-10T12:09:28","guid":{"rendered":"https:\/\/i4f.com\/ve-chung-toi\/cac-quan-he-doi-tac-chien-luoc\/"},"modified":"2025-10-23T13:09:26","modified_gmt":"2025-10-23T13:09:26","slug":"cac-quan-he-doi-tac-chien-luoc","status":"publish","type":"page","link":"https:\/\/i4f.com\/vi\/ve-chung-toi\/cac-quan-he-doi-tac-chien-luoc\/","title":{"rendered":"C\u00e1c quan h\u1ec7 \u0111\u1ed1i t\u00e1c chi\u1ebfn l\u01b0\u1ee3c"},"content":{"rendered":"        <section class=\"block hero\" id=\"block_68fa2906cbd50\">\n          <div class=\"hero-content\" style=\"background-image: url('https:\/\/i4f.com\/app\/themes\/i4f\/assets\/img\/placeholder\/hero-3000x1140.jpg')\">\n              <img decoding=\"async\" src=\"https:\/\/i4f.com\/app\/themes\/i4f\/assets\/img\/placeholder\/full-1440x820.jpg\" alt=\"K\u1ebft n\u1ed1i v\u1edbi nhau th\u00f4ng qua c\u00e1c quan h\u1ec7 \u0111\u1ed1i t\u00e1c chi\u1ebfn l\u01b0\u1ee3c \" class=\"img-fluid hero-mobile\"\/>\n\n\n            <div class=\"container\">\n              <div class=\"overlay\"><\/div>\n              <div class=\"row align-items-center\">\n                <div class=\"col-lg-5\">\n                  <div class=\"hero-body\">\n                    <h1>K\u1ebft n\u1ed1i v\u1edbi nhau th\u00f4ng qua c\u00e1c quan h\u1ec7 \u0111\u1ed1i t\u00e1c chi\u1ebfn l\u01b0\u1ee3c <\/h1>\n                    <p>Ngay t\u1eeb \u0111\u1ea7u, ch\u00fang t\u00f4i \u0111\u00e3 th\u1ea5u hi\u1ec3u t\u1ea7m quan tr\u1ecdng c\u1ee7a c\u00e1c quan h\u1ec7 \u0111\u1ed1i t\u00e1c. Trong qu\u00e1 tr\u00ecnh l\u00e0m vi\u1ec7c v\u1edbi c\u00e1c \u0111\u1ed1i t\u00e1c c\u1ee7a m\u00ecnh, ch\u00fang t\u00f4i lu\u00f4n cung c\u1ea5p c\u00e1c c\u00f4ng ngh\u1ec7 ti\u00ean ti\u1ebfn nh\u1ea5t tr\u00ean th\u1ebf gi\u1edbi, mang \u0111\u1ebfn c\u00e1c gi\u1ea3i ph\u00e1p s\u00e1ng t\u1ea1o, m\u1ea1nh m\u1ebd, b\u1ec1n b\u1ec9 v\u00e0 d\u1ec5 l\u1eafp \u0111\u1eb7t. <\/p>\n                    <p class=\"hero-links\">\n                      <a href=\"#strong-partnerships\" class=\"btn  btn-primary\">Xem tin t\u1ee9c \u0111\u1ed1i t\u00e1c m\u1edbi nh\u1ea5t  &nbsp; <svg width=\"24\" height=\"24\" viewBox=\"0 0 24 24\" fill=\"none\" xmlns=\"http:\/\/www.w3.org\/2000\/svg\">\n<path d=\"M12 5V19\" stroke=\"#304757\" stroke-width=\"2\" stroke-linecap=\"round\" stroke-linejoin=\"round\"\/>\n<path d=\"M19 12L12 19L5 12\" stroke=\"#304757\" stroke-width=\"2\" stroke-linecap=\"round\" stroke-linejoin=\"round\"\/>\n<\/svg>\n<\/a>\n                    <\/p>\n                  <\/div>\n                <\/div>\n                <div class=\"col d-none d-lg-block hero-spacer\">\n                <\/div>\n              <\/div>\n            <\/div>\n          <\/div>\n        <\/section>\n\n        <section class=\"block heading center\" id=\"block_68fa2906cbd85\">\n          <div class=\"container\">\n  <div class=\"row\">\n    <div class=\"col-lg-8 offset-lg-2\">\n      <h2>C\u00e1c quan h\u1ec7 \u0111\u1ed1i t\u00e1c m\u1ea1nh m\u1ebd c\u1ee7ng c\u1ed1 c\u00e1c c\u00f4ng ngh\u1ec7 c\u1ee7a ch\u00fang t\u00f4i<\/h2>\n      <p>i4F v\u00e0 c\u00e1c \u0111\u01a1n v\u1ecb c\u1ea3i ti\u1ebfn v\u00e1n s\u00e0n h\u00e0ng \u0111\u1ea7u th\u1ebf gi\u1edbi ch\u00ednh l\u00e0 s\u1ef1 ph\u00f9 h\u1ee3p ho\u00e0n h\u1ea3o cho vi\u1ec7c th\u00fac \u0111\u1ea9y s\u1ef1 ph\u00e1t tri\u1ec3n c\u00f4ng vi\u1ec7c kinh doanh m\u1edbi. Ch\u00fang t\u00f4i k\u1ebft h\u1ee3p \u0111\u1ed5i m\u1edbi v\u00e0 c\u00f4ng ngh\u1ec7 v\u00ec m\u1ed9t m\u1ee5c ti\u00eau chung: cung c\u1ea5p c\u00e1c gi\u1ea3i ph\u00e1p m\u1edbi h\u01b0\u1edbng t\u1edbi t\u01b0\u01a1ng lai cho ng\u00e0nh.<\/p>\n    <\/div>\n  <\/div>\n          <\/div>\n        <\/section>\n\n        <section class=\"block news feed latest\" id=\"block_68fa2906cbda5\">\n          <div class=\"container\">\n            <h6 class=\"title text-center\">Tin m\u1edbi nh\u1ea5t<\/h6>\n            <div class=\"row pb-5\">\n              <div class=\"col-md-4\">\n                <p class=\"date\">Jan 27, 2026<\/p>\n                <p>Lioncore selects i4F as exclusive licensor for its new patented L-SPC lightweight rigid core product build-up and composition<\/p>\n                <p><a href=\"https:\/\/i4f.com\/vi\/article\/lioncore-selects-i4f-as-exclusive-licensor-for-its-new-patented-l-spc-lightweight-rigid-core-product-build-up-and-composition\/\" class=\"more\">\u0110\u1ecdc b\u00e0i vi\u1ebft<\/a><\/p>\n              <\/div>\n              <div class=\"col-md-4\">\n                <p class=\"date\">Oct 23, 2025<\/p>\n                <p>i4F partners with Finished Edge Technology; Launches Stair Tread technologies in the United States<\/p>\n                <p><a href=\"https:\/\/i4f.com\/vi\/article\/i4f-partners-with-finished-edge-technology-launches-stair-tread-technologies-in-the-united-states\/\" class=\"more\">\u0110\u1ecdc b\u00e0i vi\u1ebft<\/a><\/p>\n              <\/div>\n              <div class=\"col-md-4\">\n                <p class=\"date\">Aug 26, 2025<\/p>\n                <p>i4F announces technology partnership with VICstairs for StepVue, a uniquely bendable one-piece, seamless stair nose technology<\/p>\n                <p><a href=\"https:\/\/i4f.com\/vi\/article\/i4f-announces-technology-partnership-with-vicstairs-for-stepvue-a-uniquely-bendable-one-piece-seamless-stair-nose-technology\/\" class=\"more\">\u0110\u1ecdc b\u00e0i vi\u1ebft<\/a><\/p>\n              <\/div>\n            <\/div>\n            <p class=\"text-center\"><a href=\"https:\/\/i4f.com\/vi\/tin-tuc\/\" class=\"btn btn-outline-secondary\">Xem t\u1ea5t c\u1ea3 tin t\u1ee9c<\/a><\/p>\n          <\/div>\n        <\/section>\n\n        <section class=\"block cta cta-text\" id=\"block_60ddb636d0802\">\n          <div class=\"container\">\n  <div class=\"row\">\n    <div class=\"col-xl-8 offset-xl-2\">\n        <div class=\"cta-content\">\n          <h3>B\u1ea1n s\u1ebd \u0111\u01b0\u1ee3c h\u00f2a m\u00ecnh v\u00e0o m\u1ed9t c\u00f4ng ty tuy\u1ec7t v\u1eddi<\/h3>\n          <div class=\"row\">\n            <div class=\"col-lg-6 offset-lg-3\">\n              <p>C\u00f4ng ngh\u1ec7 lu\u00f4n ti\u1ebfn l\u00ean, nh\u1ea5t l\u00e0 trong ng\u00e0nh v\u00e1n s\u00e0n. \u0110\u1ec3 lu\u00f4n \u0111i tr\u01b0\u1edbc m\u1ed9t b\u01b0\u1edbc so v\u1edbi nhu c\u1ea7u c\u1ea3i ti\u1ebfn v\u00e1n s\u00e0n, h\u00e3y tham gia c\u00f9ng nhi\u1ec1u \u0111\u1ed1i t\u00e1c \u0111\u00e3 tr\u1edf th\u00e0nh kh\u00e1ch h\u00e0ng \u0111\u01b0\u1ee3c c\u1ea5p ph\u00e9p c\u1ee7a i4F.<\/p>\n              <p class=\"hero-links\">\n                  <a href=\"https:\/\/i4f.com\/contact\/?tab=block_60d3b16e96657-2-form#block_60d3b16596656\" class=\"btn  btn-primary\">Tr\u1edf th\u00e0nh m\u1ed9t kh\u00e1ch h\u00e0ng \u0111\u01b0\u1ee3c c\u1ea5p ph\u00e9p<\/a>\n                    <a href=\"https:\/\/i4f.com\/licensees\/\" class=\"more\">Xem t\u1ea5t c\u1ea3 kh\u00e1ch h\u00e0ng \u0111\u01b0\u1ee3c c\u1ea5p ph\u00e9p c\u1ee7a ch\u00fang t\u00f4i<\/a>\n                <\/p>\n            <\/div>\n          <\/div>\n      <\/div>\n    <\/div>\n  <\/div>\n          <\/div>\n        <\/section>\n\n","protected":false},"excerpt":{"rendered":"","protected":false},"author":14,"featured_media":0,"parent":3136,"menu_order":0,"comment_status":"closed","ping_status":"closed","template":"","meta":{"_acf_changed":false,"content-type":"","footnotes":""},"class_list":["post-3241","page","type-page","status-publish","hentry"],"acf":[],"yoast_head":"<!-- This site is optimized with the Yoast SEO plugin v24.8.1 - https:\/\/yoast.com\/wordpress\/plugins\/seo\/ -->\n<title>Connecting Together Through Strategic Partnerships | i4F<\/title>\n<meta name=\"description\" content=\"Th\u00f4ng qua c\u00e1c quan h\u1ec7 \u0111\u1ed1i t\u00e1c chi\u1ebfn l\u01b0\u1ee3c, i4F l\u00e0m vi\u1ec7c c\u00f9ng v\u1edbi c\u00e1c nh\u00e0 s\u1ea3n xu\u1ea5t v\u00e1n s\u00e0n h\u00e0ng \u0111\u1ea7u th\u1ebf gi\u1edbi \u0111\u1ec3 t\u1ea1o ra m\u1ed9t ng\u00e0nh c\u00f4ng nghi\u1ec7p m\u1ea1nh m\u1ebd h\u01a1n, c\u00f3 l\u1ee3i nhu\u1eadn cao h\u01a1n.\" \/>\n<meta name=\"robots\" content=\"index, follow, max-snippet:-1, max-image-preview:large, max-video-preview:-1\" \/>\n<link rel=\"canonical\" href=\"https:\/\/i4f.com\/vi\/ve-chung-toi\/cac-quan-he-doi-tac-chien-luoc\/\" \/>\n<meta property=\"og:locale\" content=\"vi_VN\" \/>\n<meta property=\"og:type\" content=\"article\" \/>\n<meta property=\"og:title\" content=\"Connecting Together Through Strategic Partnerships | i4F\" \/>\n<meta property=\"og:description\" content=\"Th\u00f4ng qua c\u00e1c quan h\u1ec7 \u0111\u1ed1i t\u00e1c chi\u1ebfn l\u01b0\u1ee3c, i4F l\u00e0m vi\u1ec7c c\u00f9ng v\u1edbi c\u00e1c nh\u00e0 s\u1ea3n xu\u1ea5t v\u00e1n s\u00e0n h\u00e0ng \u0111\u1ea7u th\u1ebf gi\u1edbi \u0111\u1ec3 t\u1ea1o ra m\u1ed9t ng\u00e0nh c\u00f4ng nghi\u1ec7p m\u1ea1nh m\u1ebd h\u01a1n, c\u00f3 l\u1ee3i nhu\u1eadn cao h\u01a1n.\" \/>\n<meta property=\"og:url\" content=\"https:\/\/i4f.com\/vi\/ve-chung-toi\/cac-quan-he-doi-tac-chien-luoc\/\" \/>\n<meta property=\"og:site_name\" content=\"i4F\" \/>\n<meta property=\"article:modified_time\" content=\"2025-10-23T13:09:26+00:00\" \/>\n<meta name=\"twitter:card\" content=\"summary_large_image\" \/>\n<script type=\"application\/ld+json\" class=\"yoast-schema-graph\">{\"@context\":\"https:\/\/schema.org\",\"@graph\":[{\"@type\":\"WebPage\",\"@id\":\"https:\/\/i4f.com\/vi\/ve-chung-toi\/cac-quan-he-doi-tac-chien-luoc\/\",\"url\":\"https:\/\/i4f.com\/vi\/ve-chung-toi\/cac-quan-he-doi-tac-chien-luoc\/\",\"name\":\"Connecting Together Through Strategic Partnerships | i4F\",\"isPartOf\":{\"@id\":\"https:\/\/i4f.com\/vi\/#website\"},\"datePublished\":\"2021-06-10T12:09:28+00:00\",\"dateModified\":\"2025-10-23T13:09:26+00:00\",\"description\":\"Th\u00f4ng qua c\u00e1c quan h\u1ec7 \u0111\u1ed1i t\u00e1c chi\u1ebfn l\u01b0\u1ee3c, i4F l\u00e0m vi\u1ec7c c\u00f9ng v\u1edbi c\u00e1c nh\u00e0 s\u1ea3n xu\u1ea5t v\u00e1n s\u00e0n h\u00e0ng \u0111\u1ea7u th\u1ebf gi\u1edbi \u0111\u1ec3 t\u1ea1o ra m\u1ed9t ng\u00e0nh c\u00f4ng nghi\u1ec7p m\u1ea1nh m\u1ebd h\u01a1n, c\u00f3 l\u1ee3i nhu\u1eadn cao h\u01a1n.\",\"breadcrumb\":{\"@id\":\"https:\/\/i4f.com\/vi\/ve-chung-toi\/cac-quan-he-doi-tac-chien-luoc\/#breadcrumb\"},\"inLanguage\":\"vi-VN\",\"potentialAction\":[{\"@type\":\"ReadAction\",\"target\":[\"https:\/\/i4f.com\/vi\/ve-chung-toi\/cac-quan-he-doi-tac-chien-luoc\/\"]}]},{\"@type\":\"BreadcrumbList\",\"@id\":\"https:\/\/i4f.com\/vi\/ve-chung-toi\/cac-quan-he-doi-tac-chien-luoc\/#breadcrumb\",\"itemListElement\":[{\"@type\":\"ListItem\",\"position\":1,\"name\":\"Home\",\"item\":\"https:\/\/i4f.com\/vi\/\"},{\"@type\":\"ListItem\",\"position\":2,\"name\":\"V\u1ec1 ch\u00fang t\u00f4i\",\"item\":\"https:\/\/i4f.com\/vi\/ve-chung-toi\/\"},{\"@type\":\"ListItem\",\"position\":3,\"name\":\"C\u00e1c quan h\u1ec7 \u0111\u1ed1i t\u00e1c chi\u1ebfn l\u01b0\u1ee3c\"}]},{\"@type\":\"WebSite\",\"@id\":\"https:\/\/i4f.com\/vi\/#website\",\"url\":\"https:\/\/i4f.com\/vi\/\",\"name\":\"i4F\",\"description\":\"\",\"potentialAction\":[{\"@type\":\"SearchAction\",\"target\":{\"@type\":\"EntryPoint\",\"urlTemplate\":\"https:\/\/i4f.com\/vi\/?s={search_term_string}\"},\"query-input\":{\"@type\":\"PropertyValueSpecification\",\"valueRequired\":true,\"valueName\":\"search_term_string\"}}],\"inLanguage\":\"vi-VN\"}]}<\/script>\n<!-- \/ Yoast SEO plugin. -->","yoast_head_json":{"title":"Connecting Together Through Strategic Partnerships | i4F","description":"Th\u00f4ng qua c\u00e1c quan h\u1ec7 \u0111\u1ed1i t\u00e1c chi\u1ebfn l\u01b0\u1ee3c, i4F l\u00e0m vi\u1ec7c c\u00f9ng v\u1edbi c\u00e1c nh\u00e0 s\u1ea3n xu\u1ea5t v\u00e1n s\u00e0n h\u00e0ng \u0111\u1ea7u th\u1ebf gi\u1edbi \u0111\u1ec3 t\u1ea1o ra m\u1ed9t ng\u00e0nh c\u00f4ng nghi\u1ec7p m\u1ea1nh m\u1ebd h\u01a1n, c\u00f3 l\u1ee3i nhu\u1eadn cao h\u01a1n.","robots":{"index":"index","follow":"follow","max-snippet":"max-snippet:-1","max-image-preview":"max-image-preview:large","max-video-preview":"max-video-preview:-1"},"canonical":"https:\/\/i4f.com\/vi\/ve-chung-toi\/cac-quan-he-doi-tac-chien-luoc\/","og_locale":"vi_VN","og_type":"article","og_title":"Connecting Together Through Strategic Partnerships | i4F","og_description":"Th\u00f4ng qua c\u00e1c quan h\u1ec7 \u0111\u1ed1i t\u00e1c chi\u1ebfn l\u01b0\u1ee3c, i4F l\u00e0m vi\u1ec7c c\u00f9ng v\u1edbi c\u00e1c nh\u00e0 s\u1ea3n xu\u1ea5t v\u00e1n s\u00e0n h\u00e0ng \u0111\u1ea7u th\u1ebf gi\u1edbi \u0111\u1ec3 t\u1ea1o ra m\u1ed9t ng\u00e0nh c\u00f4ng nghi\u1ec7p m\u1ea1nh m\u1ebd h\u01a1n, c\u00f3 l\u1ee3i nhu\u1eadn cao h\u01a1n.","og_url":"https:\/\/i4f.com\/vi\/ve-chung-toi\/cac-quan-he-doi-tac-chien-luoc\/","og_site_name":"i4F","article_modified_time":"2025-10-23T13:09:26+00:00","twitter_card":"summary_large_image","schema":{"@context":"https:\/\/schema.org","@graph":[{"@type":"WebPage","@id":"https:\/\/i4f.com\/vi\/ve-chung-toi\/cac-quan-he-doi-tac-chien-luoc\/","url":"https:\/\/i4f.com\/vi\/ve-chung-toi\/cac-quan-he-doi-tac-chien-luoc\/","name":"Connecting Together Through Strategic Partnerships | i4F","isPartOf":{"@id":"https:\/\/i4f.com\/vi\/#website"},"datePublished":"2021-06-10T12:09:28+00:00","dateModified":"2025-10-23T13:09:26+00:00","description":"Th\u00f4ng qua c\u00e1c quan h\u1ec7 \u0111\u1ed1i t\u00e1c chi\u1ebfn l\u01b0\u1ee3c, i4F l\u00e0m vi\u1ec7c c\u00f9ng v\u1edbi c\u00e1c nh\u00e0 s\u1ea3n xu\u1ea5t v\u00e1n s\u00e0n h\u00e0ng \u0111\u1ea7u th\u1ebf gi\u1edbi \u0111\u1ec3 t\u1ea1o ra m\u1ed9t ng\u00e0nh c\u00f4ng nghi\u1ec7p m\u1ea1nh m\u1ebd h\u01a1n, c\u00f3 l\u1ee3i nhu\u1eadn cao h\u01a1n.","breadcrumb":{"@id":"https:\/\/i4f.com\/vi\/ve-chung-toi\/cac-quan-he-doi-tac-chien-luoc\/#breadcrumb"},"inLanguage":"vi-VN","potentialAction":[{"@type":"ReadAction","target":["https:\/\/i4f.com\/vi\/ve-chung-toi\/cac-quan-he-doi-tac-chien-luoc\/"]}]},{"@type":"BreadcrumbList","@id":"https:\/\/i4f.com\/vi\/ve-chung-toi\/cac-quan-he-doi-tac-chien-luoc\/#breadcrumb","itemListElement":[{"@type":"ListItem","position":1,"name":"Home","item":"https:\/\/i4f.com\/vi\/"},{"@type":"ListItem","position":2,"name":"V\u1ec1 ch\u00fang t\u00f4i","item":"https:\/\/i4f.com\/vi\/ve-chung-toi\/"},{"@type":"ListItem","position":3,"name":"C\u00e1c quan h\u1ec7 \u0111\u1ed1i t\u00e1c chi\u1ebfn l\u01b0\u1ee3c"}]},{"@type":"WebSite","@id":"https:\/\/i4f.com\/vi\/#website","url":"https:\/\/i4f.com\/vi\/","name":"i4F","description":"","potentialAction":[{"@type":"SearchAction","target":{"@type":"EntryPoint","urlTemplate":"https:\/\/i4f.com\/vi\/?s={search_term_string}"},"query-input":{"@type":"PropertyValueSpecification","valueRequired":true,"valueName":"search_term_string"}}],"inLanguage":"vi-VN"}]}},"_links":{"self":[{"href":"https:\/\/i4f.com\/vi\/wp-json\/wp\/v2\/pages\/3241","targetHints":{"allow":["GET"]}}],"collection":[{"href":"https:\/\/i4f.com\/vi\/wp-json\/wp\/v2\/pages"}],"about":[{"href":"https:\/\/i4f.com\/vi\/wp-json\/wp\/v2\/types\/page"}],"author":[{"embeddable":true,"href":"https:\/\/i4f.com\/vi\/wp-json\/wp\/v2\/users\/14"}],"replies":[{"embeddable":true,"href":"https:\/\/i4f.com\/vi\/wp-json\/wp\/v2\/comments?post=3241"}],"version-history":[{"count":6,"href":"https:\/\/i4f.com\/vi\/wp-json\/wp\/v2\/pages\/3241\/revisions"}],"predecessor-version":[{"id":9588,"href":"https:\/\/i4f.com\/vi\/wp-json\/wp\/v2\/pages\/3241\/revisions\/9588"}],"up":[{"embeddable":true,"href":"https:\/\/i4f.com\/vi\/wp-json\/wp\/v2\/pages\/3136"}],"wp:attachment":[{"href":"https:\/\/i4f.com\/vi\/wp-json\/wp\/v2\/media?parent=3241"}],"curies":[{"name":"wp","href":"https:\/\/api.w.org\/{rel}","templated":true}]}}