{"id":3233,"date":"2021-06-10T12:34:42","date_gmt":"2021-06-10T12:34:42","guid":{"rendered":"https:\/\/i4f.com\/su-kien\/"},"modified":"2021-12-14T13:50:10","modified_gmt":"2021-12-14T13:50:10","slug":"su-kien","status":"publish","type":"page","link":"https:\/\/i4f.com\/vi\/su-kien\/","title":{"rendered":"S\u1ef1 ki\u1ec7n"},"content":{"rendered":"        <section class=\"block hero\" id=\"block_60c20647d219c\">\n          <div class=\"hero-content is-center\" style=\"background-image: url('https:\/\/i4f.com\/app\/uploads\/2021\/06\/Events-header-02_lightgrey.jpg')\">\n                              <img loading=\"lazy\" decoding=\"async\" src=\"https:\/\/i4f.com\/app\/uploads\/2021\/06\/Events-header-02_lightgrey-1440x640.jpg\" alt=\"G\u1eb7p g\u1ee1 v\u00e0 ch\u00e0o h\u1ecfi\"\n         srcset=\"https:\/\/i4f.com\/app\/uploads\/2021\/06\/Events-header-02_lightgrey-350x0-c-default.jpg 320w,https:\/\/i4f.com\/app\/uploads\/2021\/06\/Events-header-02_lightgrey-1440x640.jpg 640w, https:\/\/i4f.com\/app\/uploads\/2021\/06\/Events-header-02_lightgrey.jpg 1024w\"\n         sizes=\"auto, 100vw\" class=\"img-fluid hero-mobile\" width=\"1440\"\n         height=\"640\"\/>\n    \n\n            <div class=\"container\">\n              <div class=\"overlay\"><\/div>\n              <div class=\"row align-items-center\">\n                <div class=\"col-lg-5\">\n                  <div class=\"hero-body\">\n                    <h6>S\u1ef0 KI\u1ec6N<\/h6>\n                    <h1>G\u1eb7p g\u1ee1 v\u00e0 ch\u00e0o h\u1ecfi<\/h1>\n                    <p>Ch\u00fang t\u00f4i mu\u1ed1n \u0111\u1ebfn \u0111\u1ec3 tr\u1ef1c ti\u1ebfp g\u1eb7p g\u1ee1 b\u1ea1n. Su\u1ed1t n\u0103m, i4F ho\u1ea1t \u0111\u1ed9ng t\u1ea1i c\u00e1c s\u1ef1 ki\u1ec7n tr\u00ean to\u00e0n th\u1ebf gi\u1edbi, b\u1edfi v\u1eady, h\u00e3y xem b\u1ea1n c\u00f3 th\u1ec3 t\u00ecm th\u1ea5y ch\u00fang t\u00f4i \u1edf \u0111\u00e2u. Ngo\u00e0i ra, ch\u00fang t\u00f4i lu\u00f4n s\u1eb5n s\u00e0ng cho c\u00e1c cu\u1ed9c h\u1ecdp v\u00e0 chuy\u1ebfn tham quan qua m\u1ea1ng. <\/p>\n                    <p class=\"hero-links\">\n                      <a href=\"https:\/\/i4f.com\/vi\/virtual-showcase\/\" class=\"btn  btn-primary\">Gh\u00e9 th\u0103m gian h\u00e0ng tr\u1ef1c tuy\u1ebfn c\u1ee7a ch\u00fang t\u00f4i<\/a>\n                    <\/p>\n                  <\/div>\n                <\/div>\n                <div class=\"offset-lg-3 col-lg-4 hero-spacer\">\n                  <div class=\"block-side block-event card-click\">\n                    <h3>S\u1ef1 ki\u1ec7n ti\u1ebfp theo<\/h3>\n                  <\/div>\n                <\/div>\n              <\/div>\n            <\/div>\n          <\/div>\n        <\/section>\n\n\n\n        <section class=\"block heading left\" id=\"block_60c22417dd693\">\n          <div class=\"container\">\n  <div class=\"row\">\n    <div class=\"col-lg-8\">\n      <h3>N\u01a1i ch\u00fang ta s\u1ebd ph\u00e1t bi\u1ec3u \u00fd ki\u1ebfn<\/h3>\n      <p>H\u00e3y xem n\u1ed9i dung d\u01b0\u1edbi \u0111\u00e2y \u0111\u1ec3 t\u00ecm hi\u1ec3u th\u00eam v\u1ec1 c\u00e1c s\u1ef1 ki\u1ec7n m\u00e0 ch\u00fang t\u00f4i s\u1ebd tham d\u1ef1. Ho\u1eb7c n\u1ebfu b\u1ea1n kh\u00f4ng th\u1ec3 ch\u1edd \u0111\u1ee3i, h\u00e3y gh\u00e9 th\u0103m ch\u00fang t\u00f4i qua m\u1ea1ng: gian h\u00e0ng tri\u1ec3n l\u00e3m tr\u1ef1c tuy\u1ebfn c\u1ee7a ch\u00fang t\u00f4i hi\u1ec7n \u0111ang m\u1edf c\u1eeda v\u00e0 tr\u01b0ng b\u00e0y c\u00f4ng ngh\u1ec7 i4F 24\/7\/365.<\/p>\n    <\/div>\n  <\/div>\n          <\/div>\n        <\/section>\n\n\n\n        <section class=\"block event feed\" id=\"block_60c206d7d21ae\">\n          <div class=\"container\">\n            <div class=\"card-click\">\n              <h3>Nh\u1eefng s\u1ef1 ki\u1ec7n \u0111\u00e3 qua<\/h3>\n              <div class=\"card\" id=\"block_60c206d7d21ae\">\n                <div class=\"row g-0 align-items-center\">\n                  <div class=\"col-lg-6 col-xl-7 card-image\" style=\"background-image: url(https:\/\/i4f.com\/app\/uploads\/2021\/07\/Logo_BAU_logo_cropped_600.jpg);background-image:-webkit-image-set(url(https:\/\/i4f.com\/app\/uploads\/2021\/07\/Logo_BAU_logo_cropped_600.jpg) 1x, url(https:\/\/i4f.com\/app\/uploads\/2021\/07\/Logo_BAU_logo_cropped_600.jpg) 2x);\">\n                    &nbsp;\n                  <\/div>\n                  <div class=\"col-lg-6 col-xl-5\">\n                    <div class=\"card-body\">\n                      <p class=\"event-date\"><span>\n      13 &#8211; 17 January 2025\n                        <\/span><\/p>\n                      <p class=\"event-time\">Munich, \u0110\u1ee9c<\/p>\n                      <h3><a href=\"\/vi\/event\/bau-2023\/\">BAU 2025, S\u1ea3nh A6 gian 139<\/a><\/h3>\n                      <p class=\"excerpt\"><\/p>\n                      <p><a href=\"\/vi\/event\/bau-2023\/\" class=\"btn btn-primary\">Xem s\u1ef1 ki\u1ec7n<\/a><\/p>\n                    <\/div>\n                  <\/div>\n                <\/div>\n              <\/div>\n              <div class=\"card\" id=\"block_60c206d7d21ae\">\n                <div class=\"row g-0 align-items-center\">\n                  <div class=\"col-lg-6 col-xl-7 card-image\" style=\"background-image: url(https:\/\/i4f.com\/app\/themes\/i4f\/assets\/img\/placeholder\/main-800x540.jpg);background-image:-webkit-image-set(url(https:\/\/i4f.com\/app\/themes\/i4f\/assets\/img\/placeholder\/main-800x540.jpg) 1x, url(https:\/\/i4f.com\/app\/themes\/i4f\/assets\/img\/placeholder\/main-800x540.jpg) 2x);\">\n                    &nbsp;\n                  <\/div>\n                  <div class=\"col-lg-6 col-xl-5\">\n                    <div class=\"card-body\">\n                      <p class=\"event-date\"><span>\n      19 &#8211; 22 January 2026\n                        <\/span><\/p>\n                      <h3><a href=\"\/vi\/event\/domotex-hannover-2026-gian-hang-20-hoi-truong-20\/\">Domotex Hannover 2026, Gian h\u00e0ng 20, H\u1ed9i tr\u01b0\u1eddng 20<\/a><\/h3>\n                      <p class=\"excerpt\"><\/p>\n                      <p><a href=\"\/vi\/event\/domotex-hannover-2026-gian-hang-20-hoi-truong-20\/\" class=\"btn btn-primary\">Xem s\u1ef1 ki\u1ec7n<\/a><\/p>\n                    <\/div>\n                  <\/div>\n                <\/div>\n              <\/div>\n            <\/div>\n          <\/div>\n        <\/section>\n\n\n\n        <section class=\"block cta image\" id=\"block_60ddb636d0802\">\n          <div class=\"container\">\n  <div class=\"row\">\n    <div class=\"col-lg-8 offset-lg-2\">\n      <div class=\"cta-bg\">\n        <div class=\"row align-items-center\">\n          <div class=\"col-xl-3\">\n            <div class=\"cta-image\">\n                                <img loading=\"lazy\" decoding=\"async\" src=\"https:\/\/i4f.com\/app\/uploads\/2021\/06\/Newsletter-preview-1-360x370.png\" alt=\"Lu\u00f4n c\u1eadp nh\u1eadt v\u1ec1 i4F\"\n         srcset=\"https:\/\/i4f.com\/app\/uploads\/2021\/06\/Newsletter-preview-1-350x0-c-default.png 320w,https:\/\/i4f.com\/app\/uploads\/2021\/06\/Newsletter-preview-1-360x370.png 640w, https:\/\/i4f.com\/app\/uploads\/2021\/06\/Newsletter-preview-1-716x740.png 1024w\"\n         sizes=\"auto, 100vw\" class=\"img-fluid\" width=\"360\"\n         height=\"370\"\/>\n    \n\n            <\/div>\n          <\/div>\n          <div class=\"col-xl-9\">\n            <div class=\"cta-content\">\n              <h3>Lu\u00f4n c\u1eadp nh\u1eadt v\u1ec1 i4F<\/h3>\n              <ul>\n                <li>Tin t\u1ee9c m\u1edbi nh\u1ea5t trong ng\u00e0nh \u0111\u01b0\u1ee3c g\u1eedi th\u1eb3ng t\u1edbi h\u1ed9p th\u01b0 \u0111\u1ebfn c\u1ee7a b\u1ea1n<\/li>\n                <li>T\u00ecm hi\u1ec3u th\u00eam v\u1ec1 c\u00e1c c\u00f4ng ngh\u1ec7 v\u00e0 nh\u1eefng s\u1ef1 ki\u1ec7n s\u1eafp t\u1edbi c\u1ee7a ch\u00fang t\u00f4i<\/li>\n              <\/ul>\n              <form action=\"\/vi\/su-kien\/#block_60ddb636d0802\" method=\"post\" class=\"form-mailing-list form-process\" data-action=\"subscribe\" data-nonce=\"4dc7e8b002\" data-post-id=\"3233\" novalidate>\n                <div class='form-container'>\n                  <div class=\"alert alert-danger error\"><\/div>\n                  <label for=\"email\">\u0110\u1ecba ch\u1ec9 email c\u1ee7a b\u1ea1n<\/label>\n                  <div class=\"row g-0 align-items-center\">\n                    <div class=\"col-7\">\n                      <input id=\"email\" name=\"email\" type=\"email\" value=\"\" class=\"form-control\" \/>\n                    <\/div>\n                    <div class=\"col-5\">\n                      <button class=\"btn btn-sm btn-primary\">Lu\u00f4n c\u1eadp nh\u1eadt cho t\u00f4i<\/button>\n                    <\/div>\n                  <\/div>\n                <\/div>\n                <div class=\"form-thank-you\">\n                  <h3>C\u1ea3m \u01a1n b\u1ea1n \u0111\u00e3 \u0111\u0103ng k\u00fd<\/h3>\n                <\/div>\n              <\/form>\n            <\/div>\n          <\/div>\n        <\/div>\n      <\/div>\n    <\/div>\n  <\/div>\n          <\/div>\n        <\/section>\n\n","protected":false},"excerpt":{"rendered":"","protected":false},"author":14,"featured_media":0,"parent":0,"menu_order":0,"comment_status":"closed","ping_status":"closed","template":"templates\/page-events.php","meta":{"_acf_changed":false,"content-type":"","footnotes":""},"class_list":["post-3233","page","type-page","status-publish","hentry"],"acf":[],"yoast_head":"<!-- This site is optimized with the Yoast SEO plugin v24.8.1 - https:\/\/yoast.com\/wordpress\/plugins\/seo\/ -->\n<title>S\u1ef1 ki\u1ec7n - i4F<\/title>\n<meta name=\"description\" content=\"Xem c\u00e1c l\u1ecbch s\u1ef1 ki\u1ec7n c\u1ee7a ch\u00fang t\u00f4i \u0111\u1ec3 bi\u1ebft c\u01a1 h\u1ed9i g\u1eb7p g\u1ee1 \u0111\u1ed9i ng\u0169 i4F tr\u1ef1c tuy\u1ebfn v\u00e0 tr\u1ef1c ti\u1ebfp khi ho\u00e0n c\u1ea3nh cho ph\u00e9p.\" \/>\n<meta name=\"robots\" content=\"index, follow, max-snippet:-1, max-image-preview:large, max-video-preview:-1\" \/>\n<link rel=\"canonical\" href=\"https:\/\/i4f.com\/vi\/su-kien\/\" \/>\n<meta property=\"og:locale\" content=\"vi_VN\" \/>\n<meta property=\"og:type\" content=\"article\" \/>\n<meta property=\"og:title\" content=\"S\u1ef1 ki\u1ec7n - i4F\" \/>\n<meta property=\"og:description\" content=\"Xem c\u00e1c l\u1ecbch s\u1ef1 ki\u1ec7n c\u1ee7a ch\u00fang t\u00f4i \u0111\u1ec3 bi\u1ebft c\u01a1 h\u1ed9i g\u1eb7p g\u1ee1 \u0111\u1ed9i ng\u0169 i4F tr\u1ef1c tuy\u1ebfn v\u00e0 tr\u1ef1c ti\u1ebfp khi ho\u00e0n c\u1ea3nh cho ph\u00e9p.\" \/>\n<meta property=\"og:url\" content=\"https:\/\/i4f.com\/vi\/su-kien\/\" \/>\n<meta property=\"og:site_name\" content=\"i4F\" \/>\n<meta property=\"article:modified_time\" content=\"2021-12-14T13:50:10+00:00\" \/>\n<meta name=\"twitter:card\" content=\"summary_large_image\" \/>\n<script type=\"application\/ld+json\" class=\"yoast-schema-graph\">{\"@context\":\"https:\/\/schema.org\",\"@graph\":[{\"@type\":\"WebPage\",\"@id\":\"https:\/\/i4f.com\/vi\/su-kien\/\",\"url\":\"https:\/\/i4f.com\/vi\/su-kien\/\",\"name\":\"S\u1ef1 ki\u1ec7n - i4F\",\"isPartOf\":{\"@id\":\"https:\/\/i4f.com\/vi\/#website\"},\"datePublished\":\"2021-06-10T12:34:42+00:00\",\"dateModified\":\"2021-12-14T13:50:10+00:00\",\"description\":\"Xem c\u00e1c l\u1ecbch s\u1ef1 ki\u1ec7n c\u1ee7a ch\u00fang t\u00f4i \u0111\u1ec3 bi\u1ebft c\u01a1 h\u1ed9i g\u1eb7p g\u1ee1 \u0111\u1ed9i ng\u0169 i4F tr\u1ef1c tuy\u1ebfn v\u00e0 tr\u1ef1c ti\u1ebfp khi ho\u00e0n c\u1ea3nh cho ph\u00e9p.\",\"breadcrumb\":{\"@id\":\"https:\/\/i4f.com\/vi\/su-kien\/#breadcrumb\"},\"inLanguage\":\"vi-VN\",\"potentialAction\":[{\"@type\":\"ReadAction\",\"target\":[\"https:\/\/i4f.com\/vi\/su-kien\/\"]}]},{\"@type\":\"BreadcrumbList\",\"@id\":\"https:\/\/i4f.com\/vi\/su-kien\/#breadcrumb\",\"itemListElement\":[{\"@type\":\"ListItem\",\"position\":1,\"name\":\"Home\",\"item\":\"https:\/\/i4f.com\/vi\/\"},{\"@type\":\"ListItem\",\"position\":2,\"name\":\"S\u1ef1 ki\u1ec7n\"}]},{\"@type\":\"WebSite\",\"@id\":\"https:\/\/i4f.com\/vi\/#website\",\"url\":\"https:\/\/i4f.com\/vi\/\",\"name\":\"i4F\",\"description\":\"\",\"potentialAction\":[{\"@type\":\"SearchAction\",\"target\":{\"@type\":\"EntryPoint\",\"urlTemplate\":\"https:\/\/i4f.com\/vi\/?s={search_term_string}\"},\"query-input\":{\"@type\":\"PropertyValueSpecification\",\"valueRequired\":true,\"valueName\":\"search_term_string\"}}],\"inLanguage\":\"vi-VN\"}]}<\/script>\n<!-- \/ Yoast SEO plugin. -->","yoast_head_json":{"title":"S\u1ef1 ki\u1ec7n - i4F","description":"Xem c\u00e1c l\u1ecbch s\u1ef1 ki\u1ec7n c\u1ee7a ch\u00fang t\u00f4i \u0111\u1ec3 bi\u1ebft c\u01a1 h\u1ed9i g\u1eb7p g\u1ee1 \u0111\u1ed9i ng\u0169 i4F tr\u1ef1c tuy\u1ebfn v\u00e0 tr\u1ef1c ti\u1ebfp khi ho\u00e0n c\u1ea3nh cho ph\u00e9p.","robots":{"index":"index","follow":"follow","max-snippet":"max-snippet:-1","max-image-preview":"max-image-preview:large","max-video-preview":"max-video-preview:-1"},"canonical":"https:\/\/i4f.com\/vi\/su-kien\/","og_locale":"vi_VN","og_type":"article","og_title":"S\u1ef1 ki\u1ec7n - i4F","og_description":"Xem c\u00e1c l\u1ecbch s\u1ef1 ki\u1ec7n c\u1ee7a ch\u00fang t\u00f4i \u0111\u1ec3 bi\u1ebft c\u01a1 h\u1ed9i g\u1eb7p g\u1ee1 \u0111\u1ed9i ng\u0169 i4F tr\u1ef1c tuy\u1ebfn v\u00e0 tr\u1ef1c ti\u1ebfp khi ho\u00e0n c\u1ea3nh cho ph\u00e9p.","og_url":"https:\/\/i4f.com\/vi\/su-kien\/","og_site_name":"i4F","article_modified_time":"2021-12-14T13:50:10+00:00","twitter_card":"summary_large_image","schema":{"@context":"https:\/\/schema.org","@graph":[{"@type":"WebPage","@id":"https:\/\/i4f.com\/vi\/su-kien\/","url":"https:\/\/i4f.com\/vi\/su-kien\/","name":"S\u1ef1 ki\u1ec7n - i4F","isPartOf":{"@id":"https:\/\/i4f.com\/vi\/#website"},"datePublished":"2021-06-10T12:34:42+00:00","dateModified":"2021-12-14T13:50:10+00:00","description":"Xem c\u00e1c l\u1ecbch s\u1ef1 ki\u1ec7n c\u1ee7a ch\u00fang t\u00f4i \u0111\u1ec3 bi\u1ebft c\u01a1 h\u1ed9i g\u1eb7p g\u1ee1 \u0111\u1ed9i ng\u0169 i4F tr\u1ef1c tuy\u1ebfn v\u00e0 tr\u1ef1c ti\u1ebfp khi ho\u00e0n c\u1ea3nh cho ph\u00e9p.","breadcrumb":{"@id":"https:\/\/i4f.com\/vi\/su-kien\/#breadcrumb"},"inLanguage":"vi-VN","potentialAction":[{"@type":"ReadAction","target":["https:\/\/i4f.com\/vi\/su-kien\/"]}]},{"@type":"BreadcrumbList","@id":"https:\/\/i4f.com\/vi\/su-kien\/#breadcrumb","itemListElement":[{"@type":"ListItem","position":1,"name":"Home","item":"https:\/\/i4f.com\/vi\/"},{"@type":"ListItem","position":2,"name":"S\u1ef1 ki\u1ec7n"}]},{"@type":"WebSite","@id":"https:\/\/i4f.com\/vi\/#website","url":"https:\/\/i4f.com\/vi\/","name":"i4F","description":"","potentialAction":[{"@type":"SearchAction","target":{"@type":"EntryPoint","urlTemplate":"https:\/\/i4f.com\/vi\/?s={search_term_string}"},"query-input":{"@type":"PropertyValueSpecification","valueRequired":true,"valueName":"search_term_string"}}],"inLanguage":"vi-VN"}]}},"_links":{"self":[{"href":"https:\/\/i4f.com\/vi\/wp-json\/wp\/v2\/pages\/3233","targetHints":{"allow":["GET"]}}],"collection":[{"href":"https:\/\/i4f.com\/vi\/wp-json\/wp\/v2\/pages"}],"about":[{"href":"https:\/\/i4f.com\/vi\/wp-json\/wp\/v2\/types\/page"}],"author":[{"embeddable":true,"href":"https:\/\/i4f.com\/vi\/wp-json\/wp\/v2\/users\/14"}],"replies":[{"embeddable":true,"href":"https:\/\/i4f.com\/vi\/wp-json\/wp\/v2\/comments?post=3233"}],"version-history":[{"count":4,"href":"https:\/\/i4f.com\/vi\/wp-json\/wp\/v2\/pages\/3233\/revisions"}],"predecessor-version":[{"id":3628,"href":"https:\/\/i4f.com\/vi\/wp-json\/wp\/v2\/pages\/3233\/revisions\/3628"}],"wp:attachment":[{"href":"https:\/\/i4f.com\/vi\/wp-json\/wp\/v2\/media?parent=3233"}],"curies":[{"name":"wp","href":"https:\/\/api.w.org\/{rel}","templated":true}]}}