{"id":3228,"date":"2021-06-10T12:45:07","date_gmt":"2021-06-10T12:45:07","guid":{"rendered":"https:\/\/i4f.com\/chuong-trinh-tem-nhan-l2c\/"},"modified":"2021-12-10T10:52:33","modified_gmt":"2021-12-10T10:52:33","slug":"chuong-trinh-tem-nhan-l2c","status":"publish","type":"page","link":"https:\/\/i4f.com\/vi\/cac-khach-hang-duoc-cap-phep\/chuong-trinh-tem-nhan-l2c\/","title":{"rendered":"Ch\u01b0\u01a1ng tr\u00ecnh Tem nh\u00e3n L2C"},"content":{"rendered":"        <section class=\"block hero\" id=\"block_60c2087285ed4\">\n          <div class=\"hero-content\" style=\"background-image: url('https:\/\/i4f.com\/app\/uploads\/2021\/06\/Licensee-header-light.jpg')\">\n                              <img loading=\"lazy\" decoding=\"async\" src=\"https:\/\/i4f.com\/app\/uploads\/2021\/06\/Licensee-header-light-1440x640.jpg\" alt=\"H\u1ec7 th\u1ed1ng tem nh\u00e3n c\u1ee7a i4F: d\u1ea5u hi\u1ec7u cho bi\u1ebft b\u1ea1n \u0111\u01b0\u1ee3c b\u1ea3o v\u1ec7 \"\n         srcset=\"https:\/\/i4f.com\/app\/uploads\/2021\/06\/Licensee-header-light-350x0-c-default.jpg 320w,https:\/\/i4f.com\/app\/uploads\/2021\/06\/Licensee-header-light-1440x640.jpg 640w, https:\/\/i4f.com\/app\/uploads\/2021\/06\/Licensee-header-light.jpg 1024w\"\n         sizes=\"auto, 100vw\" class=\"img-fluid hero-mobile\" width=\"1440\"\n         height=\"640\"\/>\n    \n\n            <div class=\"container\">\n              <div class=\"overlay\"><\/div>\n              <div class=\"row align-items-center\">\n                <div class=\"col-lg-5\">\n                  <div class=\"hero-body\">\n                    <h6>CH\u01af\u01a0NG TR\u00ccNH TEM NH\u00c3N L2C <\/h6>\n                    <h1>H\u1ec7 th\u1ed1ng tem nh\u00e3n c\u1ee7a i4F: d\u1ea5u hi\u1ec7u cho bi\u1ebft b\u1ea1n \u0111\u01b0\u1ee3c b\u1ea3o v\u1ec7 <\/h1>\n                    <p>H\u1ec7 th\u1ed1ng tem nh\u00e3n m\u1edbi c\u1ee7a i4F \u0111i k\u00e8m v\u1edbi c\u00e1c \u01b0u \u0111\u00e3i li\u00ean quan gi\u00fap t\u1ea5t c\u1ea3 c\u00e1c kh\u00e1ch h\u00e0ng \u0111\u01b0\u1ee3c c\u1ea5p ph\u00e9p c\u1ee7a i4F \u0111\u0103ng k\u00fd th\u1ecfa thu\u1eadn kh\u00f4ng x\u00e1c nh\u1eadn, cung c\u1ea5p th\u00eam s\u1ef1 b\u1ea3o v\u1ec7 tr\u00ean to\u00e0n th\u1ebf gi\u1edbi \u0111\u1ed1i v\u1edbi m\u1ed9t s\u1ed1 b\u1eb1ng s\u00e1ng ch\u1ebf cho c\u00e1c v\u1eadt li\u1ec7u m\u1edbi c\u00f3 h\u1ec7 th\u1ed1ng kh\u00f3a. <\/p>\n                  <\/div>\n                <\/div>\n                <div class=\"col d-none d-lg-block hero-spacer\">\n                <\/div>\n              <\/div>\n            <\/div>\n          <\/div>\n        <\/section>\n\n\n\n        <section class=\"block text half\" id=\"block_60d0ba5cd5941\">\n          <div class=\"container\">\n  <div class=\"row\">\n    <div class=\"col-md-6 offset-md-3 order-md-1\">\n\n\n<h2 class=\"wp-block-heading\">S\u1ef1 an t\u00e2m \u0111\u01b0\u1ee3c in tr\u00ean m\u1ed7i h\u1ed9p s\u1ea3n ph\u1ea9m<\/h2>\n\n\n\n<p>Nh\u00e3n khu v\u1ef1c c\u1ee5 th\u1ec3 c\u1ee7a i4F d\u1ef1a tr\u00ean ch\u01b0\u01a1ng tr\u00ecnh L2C, m\u1ed9t ch\u01b0\u01a1ng tr\u00ecnh tem nh\u00e3n x\u00e1c th\u1ef1c ng\u00e0nh d\u00e0nh cho c\u00e1c \u0111\u1ed1i t\u00e1c \u0111\u01b0\u1ee3c c\u1ea5p ph\u00e9p y\u00eau c\u1ea7u nh\u00e3n ba chi\u1ec1u \u0111\u01b0\u1ee3c \u1ee7y quy\u1ec1n v\u00e0 duy nh\u1ea5t tr\u00ean m\u1ed7i h\u1ed9p s\u1ea3n ph\u1ea9m \u0111\u01b0\u1ee3c s\u1ea3n xu\u1ea5t v\u00e0 b\u00e1n b\u1eb1ng c\u00e1c b\u1eb1ng s\u00e1ng ch\u1ebf c\u1ee5 th\u1ec3.<\/p>\n\n\n\n<p>C\u00e1c nh\u00e3n s\u1ebd kh\u00e1c nhau theo b\u1ed1n khu v\u1ef1c \u0111\u1ecba l\u00fd ri\u00eang bi\u1ec7t v\u00e0 \u0111\u01b0\u1ee3c thi\u1ebft k\u1ebf \u0111\u1ec3 b\u1ea3o v\u1ec7 kh\u00e1ch h\u00e0ng \u0111\u01b0\u1ee3c c\u1ea5p ph\u00e9p c\u1ee7a i4F c\u0169ng nh\u01b0 kh\u00e1ch h\u00e0ng c\u1ee7a h\u1ecd kh\u1ecfi m\u1ecdi khi\u1ebfu n\u1ea1i vi ph\u1ea1m ti\u1ec1m t\u00e0ng li\u00ean quan \u0111\u1ebfn c\u00e1c b\u1eb1ng s\u00e1ng ch\u1ebf \u0111\u00f3 tr\u00ean c\u00e1c v\u1eadt li\u1ec7u v\u00e0 s\u1ea3n ph\u1ea9m m\u1edbi, bao g\u1ed3m L\u00f5i polyme r\u1eafn, G\u1ea1ch vinyl sang tr\u1ecdng v\u00e0 G\u1ed7 nh\u1ef1a composite c\u00f3 h\u1ec7 th\u1ed1ng kh\u00f3a.<\/p>\n\n\n    <\/div>\n  <\/div>\n          <\/div>\n        <\/section>\n\n\n\n        <section class=\"block cta image\" id=\"block_60ddb636d0802\">\n          <div class=\"container\">\n  <div class=\"row\">\n    <div class=\"col-lg-8 offset-lg-2\">\n      <div class=\"cta-bg\">\n        <div class=\"row align-items-center\">\n          <div class=\"col-xl-3\">\n            <div class=\"cta-image\">\n                                <img loading=\"lazy\" decoding=\"async\" src=\"https:\/\/i4f.com\/app\/uploads\/2021\/06\/Newsletter-preview-1-360x370.png\" alt=\"Lu\u00f4n c\u1eadp nh\u1eadt v\u1ec1 i4F\"\n         srcset=\"https:\/\/i4f.com\/app\/uploads\/2021\/06\/Newsletter-preview-1-350x0-c-default.png 320w,https:\/\/i4f.com\/app\/uploads\/2021\/06\/Newsletter-preview-1-360x370.png 640w, https:\/\/i4f.com\/app\/uploads\/2021\/06\/Newsletter-preview-1-716x740.png 1024w\"\n         sizes=\"auto, 100vw\" class=\"img-fluid\" width=\"360\"\n         height=\"370\"\/>\n    \n\n            <\/div>\n          <\/div>\n          <div class=\"col-xl-9\">\n            <div class=\"cta-content\">\n              <h3>Lu\u00f4n c\u1eadp nh\u1eadt v\u1ec1 i4F<\/h3>\n              <ul>\n                <li>Tin t\u1ee9c m\u1edbi nh\u1ea5t trong ng\u00e0nh \u0111\u01b0\u1ee3c g\u1eedi th\u1eb3ng t\u1edbi h\u1ed9p th\u01b0 \u0111\u1ebfn c\u1ee7a b\u1ea1n<\/li>\n                <li>T\u00ecm hi\u1ec3u th\u00eam v\u1ec1 c\u00e1c c\u00f4ng ngh\u1ec7 v\u00e0 nh\u1eefng s\u1ef1 ki\u1ec7n s\u1eafp t\u1edbi c\u1ee7a ch\u00fang t\u00f4i<\/li>\n              <\/ul>\n              <form action=\"\/vi\/cac-khach-hang-duoc-cap-phep\/chuong-trinh-tem-nhan-l2c\/#block_60ddb636d0802\" method=\"post\" class=\"form-mailing-list form-process\" data-action=\"subscribe\" data-nonce=\"b9fbc606c8\" data-post-id=\"3228\" novalidate>\n                <div class='form-container'>\n                  <div class=\"alert alert-danger error\"><\/div>\n                  <label for=\"email\">\u0110\u1ecba ch\u1ec9 email c\u1ee7a b\u1ea1n<\/label>\n                  <div class=\"row g-0 align-items-center\">\n                    <div class=\"col-7\">\n                      <input id=\"email\" name=\"email\" type=\"email\" value=\"\" class=\"form-control\" \/>\n                    <\/div>\n                    <div class=\"col-5\">\n                      <button class=\"btn btn-sm btn-primary\">Lu\u00f4n c\u1eadp nh\u1eadt cho t\u00f4i<\/button>\n                    <\/div>\n                  <\/div>\n                <\/div>\n                <div class=\"form-thank-you\">\n                  <h3>C\u1ea3m \u01a1n b\u1ea1n \u0111\u00e3 \u0111\u0103ng k\u00fd<\/h3>\n                <\/div>\n              <\/form>\n            <\/div>\n          <\/div>\n        <\/div>\n      <\/div>\n    <\/div>\n  <\/div>\n          <\/div>\n        <\/section>\n\n","protected":false},"excerpt":{"rendered":"","protected":false},"author":14,"featured_media":0,"parent":3255,"menu_order":0,"comment_status":"closed","ping_status":"closed","template":"","meta":{"_acf_changed":false,"content-type":"","footnotes":""},"class_list":["post-3228","page","type-page","status-publish","hentry"],"acf":[],"yoast_head":"<!-- This site is optimized with the Yoast SEO plugin v24.8.1 - https:\/\/yoast.com\/wordpress\/plugins\/seo\/ -->\n<title>Ch\u01b0\u01a1ng tr\u00ecnh Tem nh\u00e3n L2C - i4F<\/title>\n<meta name=\"description\" content=\"H\u1ec7 th\u1ed1ng tem nh\u00e3n c\u1ee7a i4F d\u1ef1a tr\u00ean ch\u01b0\u01a1ng tr\u00ecnh L2C b\u1ea3o v\u1ec7 kh\u00e1ch h\u00e0ng \u0111\u01b0\u1ee3c c\u1ea5p ph\u00e9p kh\u1ecfi m\u1ecdi khi\u1ebfu n\u1ea1i vi ph\u1ea1m b\u1eb1ng s\u00e1ng ch\u1ebf ti\u1ec1m t\u00e0ng li\u00ean quan \u0111\u1ebfn c\u00e1c b\u1eb1ng s\u00e1ng ch\u1ebf cho h\u1ec7 th\u1ed1ng v\u00e1n s\u00e0n kh\u00f3a.\" \/>\n<meta name=\"robots\" content=\"index, follow, max-snippet:-1, max-image-preview:large, max-video-preview:-1\" \/>\n<link rel=\"canonical\" href=\"https:\/\/i4f.com\/vi\/cac-khach-hang-duoc-cap-phep\/chuong-trinh-tem-nhan-l2c\/\" \/>\n<meta property=\"og:locale\" content=\"vi_VN\" \/>\n<meta property=\"og:type\" content=\"article\" \/>\n<meta property=\"og:title\" content=\"Ch\u01b0\u01a1ng tr\u00ecnh Tem nh\u00e3n L2C - i4F\" \/>\n<meta property=\"og:description\" content=\"H\u1ec7 th\u1ed1ng tem nh\u00e3n c\u1ee7a i4F d\u1ef1a tr\u00ean ch\u01b0\u01a1ng tr\u00ecnh L2C b\u1ea3o v\u1ec7 kh\u00e1ch h\u00e0ng \u0111\u01b0\u1ee3c c\u1ea5p ph\u00e9p kh\u1ecfi m\u1ecdi khi\u1ebfu n\u1ea1i vi ph\u1ea1m b\u1eb1ng s\u00e1ng ch\u1ebf ti\u1ec1m t\u00e0ng li\u00ean quan \u0111\u1ebfn c\u00e1c b\u1eb1ng s\u00e1ng ch\u1ebf cho h\u1ec7 th\u1ed1ng v\u00e1n s\u00e0n kh\u00f3a.\" \/>\n<meta property=\"og:url\" content=\"https:\/\/i4f.com\/vi\/cac-khach-hang-duoc-cap-phep\/chuong-trinh-tem-nhan-l2c\/\" \/>\n<meta property=\"og:site_name\" content=\"i4F\" \/>\n<meta property=\"article:modified_time\" content=\"2021-12-10T10:52:33+00:00\" \/>\n<meta name=\"twitter:card\" content=\"summary_large_image\" \/>\n<meta name=\"twitter:label1\" content=\"Est. reading time\" \/>\n\t<meta name=\"twitter:data1\" content=\"1 minute\" \/>\n<script type=\"application\/ld+json\" class=\"yoast-schema-graph\">{\"@context\":\"https:\/\/schema.org\",\"@graph\":[{\"@type\":\"WebPage\",\"@id\":\"https:\/\/i4f.com\/vi\/cac-khach-hang-duoc-cap-phep\/chuong-trinh-tem-nhan-l2c\/\",\"url\":\"https:\/\/i4f.com\/vi\/cac-khach-hang-duoc-cap-phep\/chuong-trinh-tem-nhan-l2c\/\",\"name\":\"Ch\u01b0\u01a1ng tr\u00ecnh Tem nh\u00e3n L2C - i4F\",\"isPartOf\":{\"@id\":\"https:\/\/i4f.com\/vi\/#website\"},\"datePublished\":\"2021-06-10T12:45:07+00:00\",\"dateModified\":\"2021-12-10T10:52:33+00:00\",\"description\":\"H\u1ec7 th\u1ed1ng tem nh\u00e3n c\u1ee7a i4F d\u1ef1a tr\u00ean ch\u01b0\u01a1ng tr\u00ecnh L2C b\u1ea3o v\u1ec7 kh\u00e1ch h\u00e0ng \u0111\u01b0\u1ee3c c\u1ea5p ph\u00e9p kh\u1ecfi m\u1ecdi khi\u1ebfu n\u1ea1i vi ph\u1ea1m b\u1eb1ng s\u00e1ng ch\u1ebf ti\u1ec1m t\u00e0ng li\u00ean quan \u0111\u1ebfn c\u00e1c b\u1eb1ng s\u00e1ng ch\u1ebf cho h\u1ec7 th\u1ed1ng v\u00e1n s\u00e0n kh\u00f3a.\",\"breadcrumb\":{\"@id\":\"https:\/\/i4f.com\/vi\/cac-khach-hang-duoc-cap-phep\/chuong-trinh-tem-nhan-l2c\/#breadcrumb\"},\"inLanguage\":\"vi-VN\",\"potentialAction\":[{\"@type\":\"ReadAction\",\"target\":[\"https:\/\/i4f.com\/vi\/cac-khach-hang-duoc-cap-phep\/chuong-trinh-tem-nhan-l2c\/\"]}]},{\"@type\":\"BreadcrumbList\",\"@id\":\"https:\/\/i4f.com\/vi\/cac-khach-hang-duoc-cap-phep\/chuong-trinh-tem-nhan-l2c\/#breadcrumb\",\"itemListElement\":[{\"@type\":\"ListItem\",\"position\":1,\"name\":\"Home\",\"item\":\"https:\/\/i4f.com\/vi\/\"},{\"@type\":\"ListItem\",\"position\":2,\"name\":\"C\u00e1c kh\u00e1ch h\u00e0ng \u0111\u01b0\u1ee3c c\u1ea5p ph\u00e9p\",\"item\":\"https:\/\/i4f.com\/vi\/cac-khach-hang-duoc-cap-phep\/\"},{\"@type\":\"ListItem\",\"position\":3,\"name\":\"Ch\u01b0\u01a1ng tr\u00ecnh Tem nh\u00e3n L2C\"}]},{\"@type\":\"WebSite\",\"@id\":\"https:\/\/i4f.com\/vi\/#website\",\"url\":\"https:\/\/i4f.com\/vi\/\",\"name\":\"i4F\",\"description\":\"\",\"potentialAction\":[{\"@type\":\"SearchAction\",\"target\":{\"@type\":\"EntryPoint\",\"urlTemplate\":\"https:\/\/i4f.com\/vi\/?s={search_term_string}\"},\"query-input\":{\"@type\":\"PropertyValueSpecification\",\"valueRequired\":true,\"valueName\":\"search_term_string\"}}],\"inLanguage\":\"vi-VN\"}]}<\/script>\n<!-- \/ Yoast SEO plugin. -->","yoast_head_json":{"title":"Ch\u01b0\u01a1ng tr\u00ecnh Tem nh\u00e3n L2C - i4F","description":"H\u1ec7 th\u1ed1ng tem nh\u00e3n c\u1ee7a i4F d\u1ef1a tr\u00ean ch\u01b0\u01a1ng tr\u00ecnh L2C b\u1ea3o v\u1ec7 kh\u00e1ch h\u00e0ng \u0111\u01b0\u1ee3c c\u1ea5p ph\u00e9p kh\u1ecfi m\u1ecdi khi\u1ebfu n\u1ea1i vi ph\u1ea1m b\u1eb1ng s\u00e1ng ch\u1ebf ti\u1ec1m t\u00e0ng li\u00ean quan \u0111\u1ebfn c\u00e1c b\u1eb1ng s\u00e1ng ch\u1ebf cho h\u1ec7 th\u1ed1ng v\u00e1n s\u00e0n kh\u00f3a.","robots":{"index":"index","follow":"follow","max-snippet":"max-snippet:-1","max-image-preview":"max-image-preview:large","max-video-preview":"max-video-preview:-1"},"canonical":"https:\/\/i4f.com\/vi\/cac-khach-hang-duoc-cap-phep\/chuong-trinh-tem-nhan-l2c\/","og_locale":"vi_VN","og_type":"article","og_title":"Ch\u01b0\u01a1ng tr\u00ecnh Tem nh\u00e3n L2C - i4F","og_description":"H\u1ec7 th\u1ed1ng tem nh\u00e3n c\u1ee7a i4F d\u1ef1a tr\u00ean ch\u01b0\u01a1ng tr\u00ecnh L2C b\u1ea3o v\u1ec7 kh\u00e1ch h\u00e0ng \u0111\u01b0\u1ee3c c\u1ea5p ph\u00e9p kh\u1ecfi m\u1ecdi khi\u1ebfu n\u1ea1i vi ph\u1ea1m b\u1eb1ng s\u00e1ng ch\u1ebf ti\u1ec1m t\u00e0ng li\u00ean quan \u0111\u1ebfn c\u00e1c b\u1eb1ng s\u00e1ng ch\u1ebf cho h\u1ec7 th\u1ed1ng v\u00e1n s\u00e0n kh\u00f3a.","og_url":"https:\/\/i4f.com\/vi\/cac-khach-hang-duoc-cap-phep\/chuong-trinh-tem-nhan-l2c\/","og_site_name":"i4F","article_modified_time":"2021-12-10T10:52:33+00:00","twitter_card":"summary_large_image","twitter_misc":{"Est. reading time":"1 minute"},"schema":{"@context":"https:\/\/schema.org","@graph":[{"@type":"WebPage","@id":"https:\/\/i4f.com\/vi\/cac-khach-hang-duoc-cap-phep\/chuong-trinh-tem-nhan-l2c\/","url":"https:\/\/i4f.com\/vi\/cac-khach-hang-duoc-cap-phep\/chuong-trinh-tem-nhan-l2c\/","name":"Ch\u01b0\u01a1ng tr\u00ecnh Tem nh\u00e3n L2C - i4F","isPartOf":{"@id":"https:\/\/i4f.com\/vi\/#website"},"datePublished":"2021-06-10T12:45:07+00:00","dateModified":"2021-12-10T10:52:33+00:00","description":"H\u1ec7 th\u1ed1ng tem nh\u00e3n c\u1ee7a i4F d\u1ef1a tr\u00ean ch\u01b0\u01a1ng tr\u00ecnh L2C b\u1ea3o v\u1ec7 kh\u00e1ch h\u00e0ng \u0111\u01b0\u1ee3c c\u1ea5p ph\u00e9p kh\u1ecfi m\u1ecdi khi\u1ebfu n\u1ea1i vi ph\u1ea1m b\u1eb1ng s\u00e1ng ch\u1ebf ti\u1ec1m t\u00e0ng li\u00ean quan \u0111\u1ebfn c\u00e1c b\u1eb1ng s\u00e1ng ch\u1ebf cho h\u1ec7 th\u1ed1ng v\u00e1n s\u00e0n kh\u00f3a.","breadcrumb":{"@id":"https:\/\/i4f.com\/vi\/cac-khach-hang-duoc-cap-phep\/chuong-trinh-tem-nhan-l2c\/#breadcrumb"},"inLanguage":"vi-VN","potentialAction":[{"@type":"ReadAction","target":["https:\/\/i4f.com\/vi\/cac-khach-hang-duoc-cap-phep\/chuong-trinh-tem-nhan-l2c\/"]}]},{"@type":"BreadcrumbList","@id":"https:\/\/i4f.com\/vi\/cac-khach-hang-duoc-cap-phep\/chuong-trinh-tem-nhan-l2c\/#breadcrumb","itemListElement":[{"@type":"ListItem","position":1,"name":"Home","item":"https:\/\/i4f.com\/vi\/"},{"@type":"ListItem","position":2,"name":"C\u00e1c kh\u00e1ch h\u00e0ng \u0111\u01b0\u1ee3c c\u1ea5p ph\u00e9p","item":"https:\/\/i4f.com\/vi\/cac-khach-hang-duoc-cap-phep\/"},{"@type":"ListItem","position":3,"name":"Ch\u01b0\u01a1ng tr\u00ecnh Tem nh\u00e3n L2C"}]},{"@type":"WebSite","@id":"https:\/\/i4f.com\/vi\/#website","url":"https:\/\/i4f.com\/vi\/","name":"i4F","description":"","potentialAction":[{"@type":"SearchAction","target":{"@type":"EntryPoint","urlTemplate":"https:\/\/i4f.com\/vi\/?s={search_term_string}"},"query-input":{"@type":"PropertyValueSpecification","valueRequired":true,"valueName":"search_term_string"}}],"inLanguage":"vi-VN"}]}},"_links":{"self":[{"href":"https:\/\/i4f.com\/vi\/wp-json\/wp\/v2\/pages\/3228","targetHints":{"allow":["GET"]}}],"collection":[{"href":"https:\/\/i4f.com\/vi\/wp-json\/wp\/v2\/pages"}],"about":[{"href":"https:\/\/i4f.com\/vi\/wp-json\/wp\/v2\/types\/page"}],"author":[{"embeddable":true,"href":"https:\/\/i4f.com\/vi\/wp-json\/wp\/v2\/users\/14"}],"replies":[{"embeddable":true,"href":"https:\/\/i4f.com\/vi\/wp-json\/wp\/v2\/comments?post=3228"}],"version-history":[{"count":2,"href":"https:\/\/i4f.com\/vi\/wp-json\/wp\/v2\/pages\/3228\/revisions"}],"predecessor-version":[{"id":3550,"href":"https:\/\/i4f.com\/vi\/wp-json\/wp\/v2\/pages\/3228\/revisions\/3550"}],"up":[{"embeddable":true,"href":"https:\/\/i4f.com\/vi\/wp-json\/wp\/v2\/pages\/3255"}],"wp:attachment":[{"href":"https:\/\/i4f.com\/vi\/wp-json\/wp\/v2\/media?parent=3228"}],"curies":[{"name":"wp","href":"https:\/\/api.w.org\/{rel}","templated":true}]}}