{"id":3187,"date":"2021-06-21T12:03:14","date_gmt":"2021-06-21T12:03:14","guid":{"rendered":"https:\/\/i4f.com\/cong-nghe-tuong-va-tran\/"},"modified":"2025-10-23T12:37:27","modified_gmt":"2025-10-23T12:37:27","slug":"cong-nghe-tuong-va-tran","status":"publish","type":"page","link":"https:\/\/i4f.com\/vi\/cong-nghe-tuong-va-tran\/","title":{"rendered":"C\u00f4ng ngh\u1ec7 T\u01b0\u1eddng v\u00e0 Tr\u1ea7n"},"content":{"rendered":"        <section class=\"block hero\" id=\"block_6863aed74e407\">\n          <div class=\"hero-content\" style=\"background-image: url('https:\/\/i4f.com\/app\/uploads\/2021\/06\/Wall-and-ceiling-technology-header-1520x640.jpg')\">\n                              <img loading=\"lazy\" decoding=\"async\" src=\"https:\/\/i4f.com\/app\/uploads\/2021\/06\/Wall-and-ceiling-technology-header-1440x640.jpg\" alt=\"Thi\u1ebft k\u1ebf leo t\u01b0\u1eddng\"\n         srcset=\"https:\/\/i4f.com\/app\/uploads\/2021\/06\/Wall-and-ceiling-technology-header-350x0-c-default.jpg 320w,https:\/\/i4f.com\/app\/uploads\/2021\/06\/Wall-and-ceiling-technology-header-1440x640.jpg 640w, https:\/\/i4f.com\/app\/uploads\/2021\/06\/Wall-and-ceiling-technology-header.jpg 1024w\"\n         sizes=\"auto, 100vw\" class=\"img-fluid hero-mobile\" width=\"1440\"\n         height=\"640\"\/>\n    \n\n            <div class=\"container\">\n              <div class=\"overlay\"><\/div>\n              <div class=\"row align-items-center\">\n                <div class=\"col-lg-5\">\n                  <div class=\"hero-body\">\n                    <div class=\"hero-logo\">\n                      <img decoding=\"async\" src=\"https:\/\/i4f.com\/app\/uploads\/2025\/07\/i4F-Wall-and-Ceiling-Technologies-Cluster-new-logo_aeonik-203x50.png\" alt=\"\" \/>\n                    <\/div>\n                    <h1>Thi\u1ebft k\u1ebf leo t\u01b0\u1eddng<\/h1>\n                    <p>Gia nh\u1eadp th\u1ecb tr\u01b0\u1eddng m\u1edbi v\u1edbi h\u1ec7 th\u1ed1ng l\u1eafp \u0111\u1eb7t t\u01b0\u1eddng n\u1ed5i 3D, t\u01b0\u1eddng ph\u1eb3ng v\u00e0 tr\u1ea7n c\u1ee7a ch\u00fang t\u00f4i, v\u00e0 \u1ed1p ph\u1ee7 to\u00e0n b\u1ed9 c\u0103n ph\u00f2ng. <\/p>\n                    <p class=\"hero-links\">\n                      <a href=\"#Drive-your\" class=\"btn  btn-primary\">Xem c\u00e1c c\u00f4ng ngh\u1ec7 c\u1ee7a ch\u00fang t\u00f4i &nbsp; <svg width=\"24\" height=\"24\" viewBox=\"0 0 24 24\" fill=\"none\" xmlns=\"http:\/\/www.w3.org\/2000\/svg\">\n<path d=\"M12 5V19\" stroke=\"#304757\" stroke-width=\"2\" stroke-linecap=\"round\" stroke-linejoin=\"round\"\/>\n<path d=\"M19 12L12 19L5 12\" stroke=\"#304757\" stroke-width=\"2\" stroke-linecap=\"round\" stroke-linejoin=\"round\"\/>\n<\/svg>\n<\/a>\n                      <a href=\"https:\/\/i4f.com\/contact\/?tab=block_60d3b16e96657-2-form#block_60d3b16596656\" class=\"btn  btn-outline-secondary\">Tr\u1edf th\u00e0nh m\u1ed9t kh\u00e1ch h\u00e0ng \u0111\u01b0\u1ee3c c\u1ea5p ph\u00e9p<\/a>\n                    <\/p>\n                  <\/div>\n                <\/div>\n                <div class=\"col d-none d-lg-block hero-spacer\">\n                <\/div>\n              <\/div>\n            <\/div>\n          <\/div>\n        <\/section>\n\n        <section class=\"block is-default cta cta-icon center\" id=\"Drive-your\">\n          <div class=\"container\">\n  <div class=\"row\">\n    <div class=\"col-lg-8 offset-lg-2\">\n          <h2>Th\u00fac \u0111\u1ea9y c\u00f4ng vi\u1ec7c kinh doanh v\u00e1n s\u00e0n c\u1ee7a b\u1ea1n \u0111i l\u00ean<\/h2>\n          <p>H\u1ec7 th\u1ed1ng l\u1eafp \u0111\u1eb7t tr\u1ea7n v\u00e0 t\u01b0\u1eddng i4F cho ph\u00e9p c\u00e1c nh\u00e0 s\u1ea3n xu\u1ea5t v\u00e1n s\u00e0n kh\u00f4ng ch\u1ec9 th\u00e2m nh\u1eadp v\u00e0o th\u1ecb tr\u01b0\u1eddng m\u1edbi m\u00e0 c\u00f2n t\u1eadn d\u1ee5ng c\u00e1c thi\u1ebft k\u1ebf hi\u1ec7n c\u00f3, b\u1eb1ng c\u00e1ch tung ra c\u00e1c b\u1ed9 s\u01b0u t\u1eadp m\u1edbi k\u1ebft h\u1ee3p v\u00e1n s\u00e0n, t\u01b0\u1eddng v\u00e0 tr\u1ea7n.<\/p>\n          <div class=\"row icons justify-content-center\">\n            <div class=\"col-lg-3\">\n                <p><img decoding=\"async\" src=\"https:\/\/i4f.com\/app\/themes\/i4f\/assets\/img\/icon\/Icon__Growth.svg\" \/><\/p>\n                <p>C\u00e1c c\u01a1 h\u1ed9i ph\u00e1t tri\u1ec3n h\u1ea5p d\u1eabn<\/p>\n            <\/div>\n            <div class=\"col-lg-3\">\n                <p><img decoding=\"async\" src=\"https:\/\/i4f.com\/app\/themes\/i4f\/assets\/img\/icon\/Icon__Design.svg\" \/><\/p>\n                <p>Th\u1ecfa s\u1ee9c thi\u1ebft k\u1ebf<\/p>\n            <\/div>\n            <div class=\"col-lg-3\">\n                <p><img decoding=\"async\" src=\"https:\/\/i4f.com\/app\/themes\/i4f\/assets\/img\/icon\/Icon__Materials.svg\" \/><\/p>\n                <p>T\u1ea5t c\u1ea3 c\u00e1c v\u1eadt li\u1ec7u<\/p>\n            <\/div>\n            <div class=\"col-lg-3\">\n                <p><img decoding=\"async\" src=\"https:\/\/i4f.com\/app\/themes\/i4f\/assets\/img\/icon\/Icon__Resistant.svg\" \/><\/p>\n                <p>Ch\u1ed1ng \u1ea9m v\u00e0 ch\u1ecbu nhi\u1ec7t<\/p>\n            <\/div>\n          <\/div>\n      <\/div>\n    <\/div>\n  <\/div>\n          <\/div>\n        <\/section>\n\n        <section class=\"block is-default video\" id=\"block_6863aed74e498\">\n          <div class=\"container\">\n  <div class=\"row\">\n      <div class=\"col-md-8 offset-md-2\">\n          <!-- test: not_cn -->\n      <div class=\"video-player\">\n        <div class=\"video-cover\">\n                                     <img loading=\"lazy\" decoding=\"async\" src=\"https:\/\/i4f.com\/app\/uploads\/2025\/02\/i4f-logo_wordpress-920x518.png\" alt=\"Video thumbnail\"\n         srcset=\"https:\/\/i4f.com\/app\/uploads\/2025\/02\/i4f-logo_wordpress-350x0-c-default.png 320w,https:\/\/i4f.com\/app\/uploads\/2025\/02\/i4f-logo_wordpress-920x518.png 640w, https:\/\/i4f.com\/app\/uploads\/2025\/02\/i4f-logo_wordpress.png 1024w\"\n         sizes=\"auto, 100vw\" class=\"img-fluid\" width=\"920\"\n         height=\"518\"\/>\n    \n\n          <button class=\"play-btn\"><svg width=\"75\" height=\"75\" viewBox=\"0 0 75 75\" fill=\"none\" xmlns=\"http:\/\/www.w3.org\/2000\/svg\">\n<circle cx=\"37.0634\" cy=\"37.5633\" r=\"36.5634\" fill=\"url(#paint0_linear)\" stroke=\"white\"\/>\n<path d=\"M28.6621 25.2088L48.4293 38.0574L28.6621 50.9061V25.2088Z\" fill=\"white\"\/>\n<defs>\n<linearGradient id=\"paint0_linear\" x1=\"-2.1099e-06\" y1=\"41.1243\" x2=\"74.1268\" y2=\"41.1243\" gradientUnits=\"userSpaceOnUse\">\n<stop stop-color=\"#465865\"\/>\n<stop offset=\"1\" stop-color=\"#0A0E11\"\/>\n<\/linearGradient>\n<\/defs>\n<\/svg>\n<span>3:21<\/span><\/button>\n        <\/div>\n        <div class=\"ratio ratio-16x9\">\n          <iframe loading=\"lazy\" title=\"I4F Kronospan animatie: Wall &amp; Ceiling Technology overview\" width=\"920\" height=\"518\" src=\"https:\/\/www.youtube.com\/embed\/BZZ4yFW-Cec?feature=oembed&#038;controls=1&#038;hd=1&#038;autohide=1&#038;rel=0\" frameborder=\"0\" allow=\"accelerometer; autoplay; clipboard-write; encrypted-media; gyroscope; picture-in-picture; web-share\" referrerpolicy=\"strict-origin-when-cross-origin\" allowfullscreen class=\"embed-responsive-item\"><\/iframe>\n        <\/div>\n      <\/div>\n                      <h3 class=\"h5 mt-4\">T\u1ed5ng quan c\u00f4ng ngh\u1ec7 T\u01b0\u1eddng v\u00e0 Tr\u1ea7n<\/h3>\n        \n    <\/div>\n    <\/div>\n          <\/div>\n        <\/section>\n\n        <section class=\"block text-image video align-right \" id=\"block_6863aed74e4ca\">\n        <div class=\"container-outer\">\n          <div class=\"container\">\n            <div class=\"row align-items-center\">\n            <div class=\"responsive_reverse\">\n<div class=\"col-xl-7 order-xl-2\">\n                <div class=\"txtimg-body\">\n                    <h2>H\u1ec7 th\u1ed1ng l\u1eafp \u0111\u1eb7t t\u01b0\u1eddng 3D<\/h2>\n                    <p>M\u1ed9t h\u1ec7 th\u1ed1ng l\u1eafp \u0111\u1eb7t m\u1edbi, \u0111\u01b0\u1ee3c c\u1ea5p b\u1eb1ng s\u00e1ng ch\u1ebf cho ph\u00e9p ba c\u1ea5p \u0111\u1ed9 k\u1ebft n\u1ed1i kh\u00e1c nhau c\u1ee7a t\u1ea5m \u1ed1p gi\u00fap k\u1ebft n\u1ed1i v\u00e0 t\u1ea1o ra hi\u1ec7u \u1ee9ng 3D tuy\u1ec7t v\u1eddi tr\u00ean t\u01b0\u1eddng.<\/p>\n\n\n                <\/div>\n                <div class=\"col-xl-5 order-xl-1\">\n                <div class=\"txtimg-image text-center\">\n                                      <img loading=\"lazy\" decoding=\"async\" src=\"https:\/\/i4f.com\/app\/uploads\/2025\/02\/Kronowall_5934_3D_-920x518.jpg\" alt=\"\"\n         srcset=\"https:\/\/i4f.com\/app\/uploads\/2025\/02\/Kronowall_5934_3D_-scaled-350x0-c-default.jpg 320w,https:\/\/i4f.com\/app\/uploads\/2025\/02\/Kronowall_5934_3D_-920x518.jpg 640w, https:\/\/i4f.com\/app\/uploads\/2025\/02\/Kronowall_5934_3D_-1840x1036.jpg 1024w\"\n         sizes=\"auto, 100vw\" class=\"img-fluid\" width=\"920\"\n         height=\"518\"\/>\n    \n\n                <\/div>\n                <\/div>\n              <\/div>\n                    <p>\n                        <a href=\"https:\/\/i4f.com\/app\/uploads\/2021\/06\/Wall-3D-Flat-and-ceiling-Panel-ENG-low-res.pdf\" class=\"btn  btn-primary\">T\u1ea3i xu\u1ed1ng PDF<\/a>\n                        <\/p>\n                  <\/div>\n                <\/div>\n              <\/div>  \n            <\/div>\n              <div class=\"responsive_default align-items-center\">\n                <div class=\"col-xl-7 order-xl-2\">\n                  <div class=\"txtimg-image text-center\">\n                                      <img loading=\"lazy\" decoding=\"async\" src=\"https:\/\/i4f.com\/app\/uploads\/2025\/02\/Kronowall_5934_3D_-920x518.jpg\" alt=\"\"\n         srcset=\"https:\/\/i4f.com\/app\/uploads\/2025\/02\/Kronowall_5934_3D_-scaled-350x0-c-default.jpg 320w,https:\/\/i4f.com\/app\/uploads\/2025\/02\/Kronowall_5934_3D_-920x518.jpg 640w, https:\/\/i4f.com\/app\/uploads\/2025\/02\/Kronowall_5934_3D_-1840x1036.jpg 1024w\"\n         sizes=\"auto, 100vw\" class=\"img-fluid\" width=\"920\"\n         height=\"518\"\/>\n    \n\n                  <\/div>\n                <\/div>\n                <div class=\"col-xl-5 order-xl-1\">\n                  <div class=\"txtimg-body\">\n                    <h2>H\u1ec7 th\u1ed1ng l\u1eafp \u0111\u1eb7t t\u01b0\u1eddng 3D<\/h2>\n                    <p>M\u1ed9t h\u1ec7 th\u1ed1ng l\u1eafp \u0111\u1eb7t m\u1edbi, \u0111\u01b0\u1ee3c c\u1ea5p b\u1eb1ng s\u00e1ng ch\u1ebf cho ph\u00e9p ba c\u1ea5p \u0111\u1ed9 k\u1ebft n\u1ed1i kh\u00e1c nhau c\u1ee7a t\u1ea5m \u1ed1p gi\u00fap k\u1ebft n\u1ed1i v\u00e0 t\u1ea1o ra hi\u1ec7u \u1ee9ng 3D tuy\u1ec7t v\u1eddi tr\u00ean t\u01b0\u1eddng.<\/p>\n\n                    <p>\n                        <a href=\"https:\/\/i4f.com\/app\/uploads\/2021\/06\/Wall-3D-Flat-and-ceiling-Panel-ENG-low-res.pdf\" class=\"btn  btn-primary\">T\u1ea3i xu\u1ed1ng PDF<\/a>\n                        <\/p>\n                  <\/div>\n                <\/div>\n              <\/div>\n            <\/div>\n          <\/div>\n        <\/div>\n        <\/section>\n\n        <section class=\"block text-image main align-left overlap\" id=\"block_6863aed74e500\">\n        <div class=\"container-outer\">\n        <div class=\"block-wrapper\">\n          <div class=\"container\">\n            <div class=\"row align-items-center\">\n            <div class=\"responsive_reverse\">\n<div class=\"col-xl-6\">\n                <div class=\"txtimg-body\">\n                    <h2>H\u1ec7 th\u1ed1ng l\u1eafp \u0111\u1eb7t t\u1ea5m \u1ed1p t\u01b0\u1eddng v\u00e0 tr\u1ea7n<\/h2>\n                    <p>H\u1ec7 th\u1ed1ng l\u1eafp \u0111\u1eb7t t\u1ea5m \u1ed1p t\u01b0\u1eddng v\u00e0 tr\u1ea7n s\u1eed d\u1ee5ng k\u1ebft c\u1ea5u s\u00e1ng t\u1ea1o cung c\u1ea5p nhi\u1ec1u t\u00f9y ch\u1ecdn kh\u1edbp linh ho\u1ea1t, gi\u00fap vi\u1ec7c l\u1eafp \u0111\u1eb7t tr\u1edf n\u00ean d\u1ec5 d\u00e0ng v\u00e0 m\u1edf ra nhi\u1ec1u kh\u1ea3 n\u0103ng thi\u1ebft k\u1ebf \u0111a d\u1ea1ng. C\u00f3 s\u1eb5n c\u1ea3 m\u1ed9t \u1ee9ng d\u1ee5ng kh\u00f3a c\u1ee5 th\u1ec3 cho c\u00e1c t\u1ea5m \u1ed1p t\u01b0\u1eddng g\u1eafn keo.<\/p>\n<ul>\n<li>D\u1ec5 l\u1eafp \u0111\u1eb7t<\/li>\n<li>Ph\u00f9 h\u1ee3p v\u1edbi m\u1ecdi v\u1eadt li\u1ec7u<\/li>\n<li>T\u00f9y ch\u1ecdn ph\u1ed1i h\u1ee3p thi\u1ebft k\u1ebf<\/li>\n<\/ul>\n\n\n                <\/div>\n                <div class=\"col-xl-6\">\n                <div class=\"txtimg-image text-center\">\n                                      <img loading=\"lazy\" decoding=\"async\" src=\"https:\/\/i4f.com\/app\/uploads\/2025\/02\/Kronowall_K035_3D-920x518.jpg\" alt=\"\"\n         srcset=\"https:\/\/i4f.com\/app\/uploads\/2025\/02\/Kronowall_K035_3D-scaled-350x0-c-default.jpg 320w,https:\/\/i4f.com\/app\/uploads\/2025\/02\/Kronowall_K035_3D-920x518.jpg 640w, https:\/\/i4f.com\/app\/uploads\/2025\/02\/Kronowall_K035_3D-1840x1036.jpg 1024w\"\n         sizes=\"auto, 100vw\" class=\"img-fluid\" width=\"920\"\n         height=\"518\"\/>\n    \n\n                <\/div>\n                <\/div>\n              <\/div>\n                    <p>\n                        <a href=\"https:\/\/i4f.com\/app\/uploads\/2021\/06\/Wall-3D-Flat-and-ceiling-Panel-ENG-low-res.pdf\" class=\"btn  btn-primary\">T\u1ea3i xu\u1ed1ng PDF<\/a>\n                        <\/p>\n                  <\/div>\n                <\/div>\n              <\/div>  \n            <\/div>\n              <div class=\"responsive_default align-items-center\">\n                <div class=\"col-xl-6\">\n                  <div class=\"txtimg-image text-center\">\n                                      <img loading=\"lazy\" decoding=\"async\" src=\"https:\/\/i4f.com\/app\/uploads\/2025\/02\/Kronowall_K035_3D-920x518.jpg\" alt=\"\"\n         srcset=\"https:\/\/i4f.com\/app\/uploads\/2025\/02\/Kronowall_K035_3D-scaled-350x0-c-default.jpg 320w,https:\/\/i4f.com\/app\/uploads\/2025\/02\/Kronowall_K035_3D-920x518.jpg 640w, https:\/\/i4f.com\/app\/uploads\/2025\/02\/Kronowall_K035_3D-1840x1036.jpg 1024w\"\n         sizes=\"auto, 100vw\" class=\"img-fluid\" width=\"920\"\n         height=\"518\"\/>\n    \n\n                  <\/div>\n                <\/div>\n                <div class=\"col-xl-6\">\n                  <div class=\"txtimg-body\">\n                    <h2>H\u1ec7 th\u1ed1ng l\u1eafp \u0111\u1eb7t t\u1ea5m \u1ed1p t\u01b0\u1eddng v\u00e0 tr\u1ea7n<\/h2>\n                    <p>H\u1ec7 th\u1ed1ng l\u1eafp \u0111\u1eb7t t\u1ea5m \u1ed1p t\u01b0\u1eddng v\u00e0 tr\u1ea7n s\u1eed d\u1ee5ng k\u1ebft c\u1ea5u s\u00e1ng t\u1ea1o cung c\u1ea5p nhi\u1ec1u t\u00f9y ch\u1ecdn kh\u1edbp linh ho\u1ea1t, gi\u00fap vi\u1ec7c l\u1eafp \u0111\u1eb7t tr\u1edf n\u00ean d\u1ec5 d\u00e0ng v\u00e0 m\u1edf ra nhi\u1ec1u kh\u1ea3 n\u0103ng thi\u1ebft k\u1ebf \u0111a d\u1ea1ng. C\u00f3 s\u1eb5n c\u1ea3 m\u1ed9t \u1ee9ng d\u1ee5ng kh\u00f3a c\u1ee5 th\u1ec3 cho c\u00e1c t\u1ea5m \u1ed1p t\u01b0\u1eddng g\u1eafn keo.<\/p>\n<ul>\n<li>D\u1ec5 l\u1eafp \u0111\u1eb7t<\/li>\n<li>Ph\u00f9 h\u1ee3p v\u1edbi m\u1ecdi v\u1eadt li\u1ec7u<\/li>\n<li>T\u00f9y ch\u1ecdn ph\u1ed1i h\u1ee3p thi\u1ebft k\u1ebf<\/li>\n<\/ul>\n\n                    <p>\n                        <a href=\"https:\/\/i4f.com\/app\/uploads\/2021\/06\/Wall-3D-Flat-and-ceiling-Panel-ENG-low-res.pdf\" class=\"btn  btn-primary\">T\u1ea3i xu\u1ed1ng PDF<\/a>\n                        <\/p>\n                  <\/div>\n                <\/div>\n              <\/div>\n            <\/div>\n          <\/div>\n        <\/div>\n        <\/div>\n        <\/section>\n\n        <section class=\"block cta image\" id=\"block_60ddb636d0802\">\n          <div class=\"container\">\n  <div class=\"row\">\n    <div class=\"col-lg-8 offset-lg-2\">\n      <div class=\"cta-bg\">\n        <div class=\"row align-items-center\">\n          <div class=\"col-xl-3\">\n            <div class=\"cta-image\">\n                                <img loading=\"lazy\" decoding=\"async\" src=\"https:\/\/i4f.com\/app\/uploads\/2021\/06\/Newsletter-preview-1-360x370.png\" alt=\"Lu\u00f4n c\u1eadp nh\u1eadt v\u1ec1 i4F\"\n         srcset=\"https:\/\/i4f.com\/app\/uploads\/2021\/06\/Newsletter-preview-1-350x0-c-default.png 320w,https:\/\/i4f.com\/app\/uploads\/2021\/06\/Newsletter-preview-1-360x370.png 640w, https:\/\/i4f.com\/app\/uploads\/2021\/06\/Newsletter-preview-1-716x740.png 1024w\"\n         sizes=\"auto, 100vw\" class=\"img-fluid\" width=\"360\"\n         height=\"370\"\/>\n    \n\n            <\/div>\n          <\/div>\n          <div class=\"col-xl-9\">\n            <div class=\"cta-content\">\n              <h3>Lu\u00f4n c\u1eadp nh\u1eadt v\u1ec1 i4F<\/h3>\n              <ul>\n                <li>Tin t\u1ee9c m\u1edbi nh\u1ea5t trong ng\u00e0nh \u0111\u01b0\u1ee3c g\u1eedi th\u1eb3ng t\u1edbi h\u1ed9p th\u01b0 \u0111\u1ebfn c\u1ee7a b\u1ea1n<\/li>\n                <li>T\u00ecm hi\u1ec3u th\u00eam v\u1ec1 c\u00e1c c\u00f4ng ngh\u1ec7 v\u00e0 nh\u1eefng s\u1ef1 ki\u1ec7n s\u1eafp t\u1edbi c\u1ee7a ch\u00fang t\u00f4i<\/li>\n              <\/ul>\n              <form action=\"\/vi\/cong-nghe-tuong-va-tran\/#block_60ddb636d0802\" method=\"post\" class=\"form-mailing-list form-process\" data-action=\"subscribe\" data-nonce=\"147042ecfd\" data-post-id=\"3187\" novalidate>\n                <div class='form-container'>\n                  <div class=\"alert alert-danger error\"><\/div>\n                  <label for=\"email\">\u0110\u1ecba ch\u1ec9 email c\u1ee7a b\u1ea1n<\/label>\n                  <div class=\"row g-0 align-items-center\">\n                    <div class=\"col-7\">\n                      <input id=\"email\" name=\"email\" type=\"email\" value=\"\" class=\"form-control\" \/>\n                    <\/div>\n                    <div class=\"col-5\">\n                      <button class=\"btn btn-sm btn-primary\">Lu\u00f4n c\u1eadp nh\u1eadt cho t\u00f4i<\/button>\n                    <\/div>\n                  <\/div>\n                <\/div>\n                <div class=\"form-thank-you\">\n                  <h3>C\u1ea3m \u01a1n b\u1ea1n \u0111\u00e3 \u0111\u0103ng k\u00fd<\/h3>\n                <\/div>\n              <\/form>\n            <\/div>\n          <\/div>\n        <\/div>\n      <\/div>\n    <\/div>\n  <\/div>\n          <\/div>\n        <\/section>\n\n","protected":false},"excerpt":{"rendered":"","protected":false},"author":14,"featured_media":0,"parent":0,"menu_order":0,"comment_status":"closed","ping_status":"closed","template":"","meta":{"_acf_changed":false,"content-type":"","footnotes":""},"class_list":["post-3187","page","type-page","status-publish","hentry"],"acf":[],"yoast_head":"<!-- This site is optimized with the Yoast SEO plugin v24.8.1 - https:\/\/yoast.com\/wordpress\/plugins\/seo\/ -->\n<title>Wall &amp; Ceiling Installation Systems &amp; Technologies | i4F<\/title>\n<meta name=\"description\" content=\"H\u1ec7 th\u1ed1ng l\u1eafp \u0111\u1eb7t tr\u1ea7n v\u00e0 t\u01b0\u1eddng c\u1ee7a i4F cho ph\u00e9p ba c\u1ea5p \u0111\u1ed9 k\u1ebft n\u1ed1i t\u1ea5m \u1ed1p gi\u00fap t\u1ea1o hi\u1ec7u \u1ee9ng 3D v\u00e0 c\u00e1c t\u00f9y ch\u1ecdn kh\u1edbp thay \u0111\u1ed5i d\u00e0nh cho c\u00e1c t\u00f9y ch\u1ecdn thi\u1ebft k\u1ebf \u0111a d\u1ea1ng.\" \/>\n<meta name=\"robots\" content=\"index, follow, max-snippet:-1, max-image-preview:large, max-video-preview:-1\" \/>\n<link rel=\"canonical\" href=\"https:\/\/i4f.com\/vi\/cong-nghe-tuong-va-tran\/\" \/>\n<meta property=\"og:locale\" content=\"vi_VN\" \/>\n<meta property=\"og:type\" content=\"article\" \/>\n<meta property=\"og:title\" content=\"Wall &amp; Ceiling Installation Systems &amp; Technologies | i4F\" \/>\n<meta property=\"og:description\" content=\"H\u1ec7 th\u1ed1ng l\u1eafp \u0111\u1eb7t tr\u1ea7n v\u00e0 t\u01b0\u1eddng c\u1ee7a i4F cho ph\u00e9p ba c\u1ea5p \u0111\u1ed9 k\u1ebft n\u1ed1i t\u1ea5m \u1ed1p gi\u00fap t\u1ea1o hi\u1ec7u \u1ee9ng 3D v\u00e0 c\u00e1c t\u00f9y ch\u1ecdn kh\u1edbp thay \u0111\u1ed5i d\u00e0nh cho c\u00e1c t\u00f9y ch\u1ecdn thi\u1ebft k\u1ebf \u0111a d\u1ea1ng.\" \/>\n<meta property=\"og:url\" content=\"https:\/\/i4f.com\/vi\/cong-nghe-tuong-va-tran\/\" \/>\n<meta property=\"og:site_name\" content=\"i4F\" \/>\n<meta property=\"article:modified_time\" content=\"2025-10-23T12:37:27+00:00\" \/>\n<meta name=\"twitter:card\" content=\"summary_large_image\" \/>\n<script type=\"application\/ld+json\" class=\"yoast-schema-graph\">{\"@context\":\"https:\/\/schema.org\",\"@graph\":[{\"@type\":\"WebPage\",\"@id\":\"https:\/\/i4f.com\/vi\/cong-nghe-tuong-va-tran\/\",\"url\":\"https:\/\/i4f.com\/vi\/cong-nghe-tuong-va-tran\/\",\"name\":\"Wall & Ceiling Installation Systems & Technologies | i4F\",\"isPartOf\":{\"@id\":\"https:\/\/i4f.com\/vi\/#website\"},\"datePublished\":\"2021-06-21T12:03:14+00:00\",\"dateModified\":\"2025-10-23T12:37:27+00:00\",\"description\":\"H\u1ec7 th\u1ed1ng l\u1eafp \u0111\u1eb7t tr\u1ea7n v\u00e0 t\u01b0\u1eddng c\u1ee7a i4F cho ph\u00e9p ba c\u1ea5p \u0111\u1ed9 k\u1ebft n\u1ed1i t\u1ea5m \u1ed1p gi\u00fap t\u1ea1o hi\u1ec7u \u1ee9ng 3D v\u00e0 c\u00e1c t\u00f9y ch\u1ecdn kh\u1edbp thay \u0111\u1ed5i d\u00e0nh cho c\u00e1c t\u00f9y ch\u1ecdn thi\u1ebft k\u1ebf \u0111a d\u1ea1ng.\",\"breadcrumb\":{\"@id\":\"https:\/\/i4f.com\/vi\/cong-nghe-tuong-va-tran\/#breadcrumb\"},\"inLanguage\":\"vi-VN\",\"potentialAction\":[{\"@type\":\"ReadAction\",\"target\":[\"https:\/\/i4f.com\/vi\/cong-nghe-tuong-va-tran\/\"]}]},{\"@type\":\"BreadcrumbList\",\"@id\":\"https:\/\/i4f.com\/vi\/cong-nghe-tuong-va-tran\/#breadcrumb\",\"itemListElement\":[{\"@type\":\"ListItem\",\"position\":1,\"name\":\"Home\",\"item\":\"https:\/\/i4f.com\/vi\/\"},{\"@type\":\"ListItem\",\"position\":2,\"name\":\"C\u00f4ng ngh\u1ec7 T\u01b0\u1eddng v\u00e0 Tr\u1ea7n\"}]},{\"@type\":\"WebSite\",\"@id\":\"https:\/\/i4f.com\/vi\/#website\",\"url\":\"https:\/\/i4f.com\/vi\/\",\"name\":\"i4F\",\"description\":\"\",\"potentialAction\":[{\"@type\":\"SearchAction\",\"target\":{\"@type\":\"EntryPoint\",\"urlTemplate\":\"https:\/\/i4f.com\/vi\/?s={search_term_string}\"},\"query-input\":{\"@type\":\"PropertyValueSpecification\",\"valueRequired\":true,\"valueName\":\"search_term_string\"}}],\"inLanguage\":\"vi-VN\"}]}<\/script>\n<!-- \/ Yoast SEO plugin. -->","yoast_head_json":{"title":"Wall & Ceiling Installation Systems & Technologies | i4F","description":"H\u1ec7 th\u1ed1ng l\u1eafp \u0111\u1eb7t tr\u1ea7n v\u00e0 t\u01b0\u1eddng c\u1ee7a i4F cho ph\u00e9p ba c\u1ea5p \u0111\u1ed9 k\u1ebft n\u1ed1i t\u1ea5m \u1ed1p gi\u00fap t\u1ea1o hi\u1ec7u \u1ee9ng 3D v\u00e0 c\u00e1c t\u00f9y ch\u1ecdn kh\u1edbp thay \u0111\u1ed5i d\u00e0nh cho c\u00e1c t\u00f9y ch\u1ecdn thi\u1ebft k\u1ebf \u0111a d\u1ea1ng.","robots":{"index":"index","follow":"follow","max-snippet":"max-snippet:-1","max-image-preview":"max-image-preview:large","max-video-preview":"max-video-preview:-1"},"canonical":"https:\/\/i4f.com\/vi\/cong-nghe-tuong-va-tran\/","og_locale":"vi_VN","og_type":"article","og_title":"Wall & Ceiling Installation Systems & Technologies | i4F","og_description":"H\u1ec7 th\u1ed1ng l\u1eafp \u0111\u1eb7t tr\u1ea7n v\u00e0 t\u01b0\u1eddng c\u1ee7a i4F cho ph\u00e9p ba c\u1ea5p \u0111\u1ed9 k\u1ebft n\u1ed1i t\u1ea5m \u1ed1p gi\u00fap t\u1ea1o hi\u1ec7u \u1ee9ng 3D v\u00e0 c\u00e1c t\u00f9y ch\u1ecdn kh\u1edbp thay \u0111\u1ed5i d\u00e0nh cho c\u00e1c t\u00f9y ch\u1ecdn thi\u1ebft k\u1ebf \u0111a d\u1ea1ng.","og_url":"https:\/\/i4f.com\/vi\/cong-nghe-tuong-va-tran\/","og_site_name":"i4F","article_modified_time":"2025-10-23T12:37:27+00:00","twitter_card":"summary_large_image","schema":{"@context":"https:\/\/schema.org","@graph":[{"@type":"WebPage","@id":"https:\/\/i4f.com\/vi\/cong-nghe-tuong-va-tran\/","url":"https:\/\/i4f.com\/vi\/cong-nghe-tuong-va-tran\/","name":"Wall & Ceiling Installation Systems & Technologies | i4F","isPartOf":{"@id":"https:\/\/i4f.com\/vi\/#website"},"datePublished":"2021-06-21T12:03:14+00:00","dateModified":"2025-10-23T12:37:27+00:00","description":"H\u1ec7 th\u1ed1ng l\u1eafp \u0111\u1eb7t tr\u1ea7n v\u00e0 t\u01b0\u1eddng c\u1ee7a i4F cho ph\u00e9p ba c\u1ea5p \u0111\u1ed9 k\u1ebft n\u1ed1i t\u1ea5m \u1ed1p gi\u00fap t\u1ea1o hi\u1ec7u \u1ee9ng 3D v\u00e0 c\u00e1c t\u00f9y ch\u1ecdn kh\u1edbp thay \u0111\u1ed5i d\u00e0nh cho c\u00e1c t\u00f9y ch\u1ecdn thi\u1ebft k\u1ebf \u0111a d\u1ea1ng.","breadcrumb":{"@id":"https:\/\/i4f.com\/vi\/cong-nghe-tuong-va-tran\/#breadcrumb"},"inLanguage":"vi-VN","potentialAction":[{"@type":"ReadAction","target":["https:\/\/i4f.com\/vi\/cong-nghe-tuong-va-tran\/"]}]},{"@type":"BreadcrumbList","@id":"https:\/\/i4f.com\/vi\/cong-nghe-tuong-va-tran\/#breadcrumb","itemListElement":[{"@type":"ListItem","position":1,"name":"Home","item":"https:\/\/i4f.com\/vi\/"},{"@type":"ListItem","position":2,"name":"C\u00f4ng ngh\u1ec7 T\u01b0\u1eddng v\u00e0 Tr\u1ea7n"}]},{"@type":"WebSite","@id":"https:\/\/i4f.com\/vi\/#website","url":"https:\/\/i4f.com\/vi\/","name":"i4F","description":"","potentialAction":[{"@type":"SearchAction","target":{"@type":"EntryPoint","urlTemplate":"https:\/\/i4f.com\/vi\/?s={search_term_string}"},"query-input":{"@type":"PropertyValueSpecification","valueRequired":true,"valueName":"search_term_string"}}],"inLanguage":"vi-VN"}]}},"_links":{"self":[{"href":"https:\/\/i4f.com\/vi\/wp-json\/wp\/v2\/pages\/3187","targetHints":{"allow":["GET"]}}],"collection":[{"href":"https:\/\/i4f.com\/vi\/wp-json\/wp\/v2\/pages"}],"about":[{"href":"https:\/\/i4f.com\/vi\/wp-json\/wp\/v2\/types\/page"}],"author":[{"embeddable":true,"href":"https:\/\/i4f.com\/vi\/wp-json\/wp\/v2\/users\/14"}],"replies":[{"embeddable":true,"href":"https:\/\/i4f.com\/vi\/wp-json\/wp\/v2\/comments?post=3187"}],"version-history":[{"count":6,"href":"https:\/\/i4f.com\/vi\/wp-json\/wp\/v2\/pages\/3187\/revisions"}],"predecessor-version":[{"id":9562,"href":"https:\/\/i4f.com\/vi\/wp-json\/wp\/v2\/pages\/3187\/revisions\/9562"}],"wp:attachment":[{"href":"https:\/\/i4f.com\/vi\/wp-json\/wp\/v2\/media?parent=3187"}],"curies":[{"name":"wp","href":"https:\/\/api.w.org\/{rel}","templated":true}]}}