{"id":3175,"date":"2021-06-10T11:06:26","date_gmt":"2021-06-10T11:06:26","guid":{"rendered":"https:\/\/i4f.com\/ve-chung-toi\/doi-ngu-cua-chung-toi\/"},"modified":"2025-11-20T12:59:34","modified_gmt":"2025-11-20T12:59:34","slug":"doi-ngu-cua-chung-toi","status":"publish","type":"page","link":"https:\/\/i4f.com\/vi\/ve-chung-toi\/doi-ngu-cua-chung-toi\/","title":{"rendered":"\u0110\u1ed9i ng\u0169 c\u1ee7a ch\u00fang t\u00f4i"},"content":{"rendered":"        <section class=\"block hero\" id=\"block_691f10b32ff43\">\n          <div class=\"hero-content\" style=\"background-image: url('https:\/\/i4f.com\/app\/themes\/i4f\/assets\/img\/placeholder\/hero-3000x1140.jpg')\">\n              <img decoding=\"async\" src=\"https:\/\/i4f.com\/app\/themes\/i4f\/assets\/img\/placeholder\/full-1440x820.jpg\" alt=\"Nh\u1eefng ng\u01b0\u1eddi c\u00f3 t\u1ea7m nh\u00ecn xa tr\u00f4ng r\u1ed9ng v\u1ec1 c\u00f4ng ngh\u1ec7 v\u00e0 c\u00e1c chuy\u00ean gia v\u1ec1 S\u1edf h\u1eefu tr\u00ed tu\u1ec7\" class=\"img-fluid hero-mobile\"\/>\n\n\n            <div class=\"container\">\n              <div class=\"overlay\"><\/div>\n              <div class=\"row align-items-center\">\n                <div class=\"col-lg-5\">\n                  <div class=\"hero-body\">\n                    <h6>\u0110\u1ed8I NG\u0168 C\u1ee6A CH\u00daNG T\u00d4I <\/h6>\n                    <h1>Nh\u1eefng ng\u01b0\u1eddi c\u00f3 t\u1ea7m nh\u00ecn xa tr\u00f4ng r\u1ed9ng v\u1ec1 c\u00f4ng ngh\u1ec7 v\u00e0 c\u00e1c chuy\u00ean gia v\u1ec1 S\u1edf h\u1eefu tr\u00ed tu\u1ec7<\/h1>\n                    <p>\u0110\u1ed9i ng\u0169 c\u1ee7a ch\u00fang t\u00f4i mang \u0111\u1ebfn s\u1ef1 k\u1ebft h\u1ee3p \u0111\u1ed9c \u0111\u00e1o gi\u1eefa s\u1ef1 v\u01b0\u1ee3t tr\u1ed9i v\u1ec1 k\u1ef9 thu\u1eadt v\u00e0 chuy\u00ean m\u00f4n v\u1ec1 th\u1ecb tr\u01b0\u1eddng. Nh\u01b0ng tr\u00ean h\u1ebft, ch\u00fang t\u00f4i l\u00e0 con ng\u01b0\u1eddi, nh\u1eefng con ng\u01b0\u1eddi coi tr\u1ecdng c\u00e1c m\u1ed1i quan h\u1ec7, nh\u1eefng ng\u01b0\u1eddi cam k\u1ebft ph\u1ea5n \u0111\u1ea5u v\u00ec nh\u1eefng \u0111i\u1ec1u t\u1ed1t \u0111\u1eb9p h\u01a1n.<\/p>\n                    <p class=\"hero-links\">\n                      <a href=\"#patent-processes\" class=\"btn  btn-primary\">G\u1eb7p g\u1ee1 \u0111\u1ed9i ng\u0169 &nbsp; <svg width=\"24\" height=\"24\" viewBox=\"0 0 24 24\" fill=\"none\" xmlns=\"http:\/\/www.w3.org\/2000\/svg\">\n<path d=\"M12 5V19\" stroke=\"#304757\" stroke-width=\"2\" stroke-linecap=\"round\" stroke-linejoin=\"round\"\/>\n<path d=\"M19 12L12 19L5 12\" stroke=\"#304757\" stroke-width=\"2\" stroke-linecap=\"round\" stroke-linejoin=\"round\"\/>\n<\/svg>\n<\/a>\n                    <\/p>\n                  <\/div>\n                <\/div>\n                <div class=\"col d-none d-lg-block hero-spacer\">\n                <\/div>\n              <\/div>\n            <\/div>\n          <\/div>\n        <\/section>\n\n        <section class=\"block heading center\" id=\"patent-processes\">\n          <div class=\"container\">\n  <div class=\"row\">\n    <div class=\"col-lg-8 offset-lg-2\">\n      <h2>G\u1eb7p g\u1ee1 \u0111\u1ed9i ng\u0169 <\/h2>\n      <p>V\u1edbi n\u1ec1n t\u1ea3ng trong c\u00e1c c\u00f4ng ty v\u00e1n s\u00e0n to\u00e0n c\u1ea7u v\u00e0 nhi\u1ec1u n\u0103m kinh nghi\u1ec7m trong ng\u00e0nh, \u0111\u1ed9i ng\u0169 nh\u00e0 chuy\u00ean m\u00f4n c\u1ee7a ch\u00fang t\u00f4i l\u00e0 nh\u1eefng chuy\u00ean gia trong l\u0129nh v\u1ef1c Nghi\u00ean c\u1ee9u v\u00e0 Ph\u00e1t tri\u1ec3n v\u00e1n s\u00e0n c\u0169ng nh\u01b0 c\u00e1c quy tr\u00ecnh c\u1ea5p b\u1eb1ng s\u00e1ng ch\u1ebf.<\/p>\n    <\/div>\n  <\/div>\n          <\/div>\n        <\/section>\n\n        <section class=\"block profile feed\" id=\"block_691f10b3319e6\">\n          <div class=\"container\">\n            <div class=\"row justify-content-center\">\n              <div class=\"col-md-3 item\">\n                <p>            <img loading=\"lazy\" decoding=\"async\" src=\"https:\/\/i4f.com\/app\/uploads\/2025\/11\/I4FLicensing-By-Fredography-Full-13-320x480.jpg\" alt=\"John Rietveldt\"\n         srcset=\"https:\/\/i4f.com\/app\/uploads\/2025\/11\/I4FLicensing-By-Fredography-Full-13-320x480.jpg 640w, https:\/\/i4f.com\/app\/uploads\/2025\/11\/I4FLicensing-By-Fredography-Full-13-640x960.jpg 1024w\"\n         sizes=\"auto, 100vw\" class=\"img-fluid\" width=\"320\"\n         height=\"480\"\/>\n    \n\n<\/p>\n                <h3 class=\"h5\">John Rietveldt<\/h3>\n                <p><strong>T\u1ed5ng gi\u00e1m \u0111\u1ed1c \u0111i\u1ec1u h\u00e0nh <\/strong><\/p>\n                <p>L\u00e3nh \u0111\u1ea1o c\u00f4ng ty l\u00e0 John Rietveldt, ng\u01b0\u1eddi tr\u01b0\u1edbc \u0111\u00e2y t\u1eebng l\u00e0 ch\u1ee7 t\u1ecbch to\u00e0n c\u1ea7u c\u1ee7a Tarkett, c\u00f4ng ty h\u00e0ng \u0111\u1ea7u th\u1ecb tr\u01b0\u1eddng th\u1ebf gi\u1edbi v\u1ec1 v\u00e1n s\u00e0n c\u1ee9ng. Tr\u01b0\u1edbc \u0111\u00e2y, \u00f4ng t\u1eebng gi\u1eef c\u00e1c c\u01b0\u01a1ng v\u1ecb trong h\u1ed9i \u0111\u1ed3ng qu\u1ea3n tr\u1ecb c\u0169ng nh\u01b0 \u0111i\u1ec1u h\u00e0nh c\u1ea5p cao nh\u01b0 T\u1ed5ng gi\u00e1m \u0111\u1ed1c \u0111i\u1ec1u h\u00e0nh c\u1ee7a Ideal Standard International v\u00e0 Ph\u00f3 Ch\u1ee7 t\u1ecbch ki\u00eam Gi\u00e1m \u0111\u1ed1c t\u1ea1i Whirlpool Ch\u00e2u \u00c2u. <\/p>\n              <\/div>\n              <div class=\"col-md-3 item\">\n                <p>            <img loading=\"lazy\" decoding=\"async\" src=\"https:\/\/i4f.com\/app\/uploads\/2025\/11\/I4FLicensing-By-Fredography-Full-45-320x480.jpg\" alt=\"David Song\"\n         srcset=\"https:\/\/i4f.com\/app\/uploads\/2025\/11\/I4FLicensing-By-Fredography-Full-45-320x480.jpg 640w, https:\/\/i4f.com\/app\/uploads\/2025\/11\/I4FLicensing-By-Fredography-Full-45-640x960.jpg 1024w\"\n         sizes=\"auto, 100vw\" class=\"img-fluid\" width=\"320\"\n         height=\"480\"\/>\n    \n\n<\/p>\n                <h3 class=\"h5\">David Song<\/h3>\n                <p><strong>Gi\u00e1m \u0111\u1ed1c th\u01b0\u01a1ng m\u1ea1i t\u1ea1i Ch\u00e2u \u00c1<\/strong><\/p>\n                <p>V\u1edbi t\u01b0 c\u00e1ch l\u00e0 Gi\u00e1m \u0111\u1ed1c th\u01b0\u01a1ng m\u1ea1i t\u1ea1i Ch\u00e2u \u00c1, David Song ch\u1ecbu tr\u00e1ch nhi\u1ec7m v\u1ec1 ho\u1ea1t \u0111\u1ed9ng kinh doanh th\u01b0\u01a1ng m\u1ea1i c\u1ee7a i4F trong khu v\u1ef1c n\u00e0y, bao g\u1ed3m t\u1ea5t c\u1ea3 c\u00e1c b\u1eb1ng s\u00e1ng ch\u1ebf v\u00e0 c\u00f4ng ngh\u1ec7 do c\u00f4ng ty \u0111\u1ea1i di\u1ec7n. David gia nh\u1eadp i4F v\u00e0o n\u0103m 2017 v\u00e0 tr\u01b0\u1edbc \u0111\u00f3, \u00f4ng t\u1eebng d\u00e0nh h\u01a1n ch\u00edn n\u0103m l\u00e0m vi\u1ec7c t\u1ea1i Unilin, ph\u1ee5 tr\u00e1ch m\u1ea3ng c\u1ea5p b\u1eb1ng s\u00e1ng ch\u1ebf c\u1ee7a c\u00f4ng ty n\u00e0y t\u1ea1i Ch\u00e2u \u00c1.<\/p>\n              <\/div>\n              <div class=\"col-md-3 item\">\n                <p>            <img loading=\"lazy\" decoding=\"async\" src=\"https:\/\/i4f.com\/app\/uploads\/2021\/06\/I4FLicensing-By-Fredography-Full-21-320x480.jpg\" alt=\"Matthieu Dekens\"\n         srcset=\"https:\/\/i4f.com\/app\/uploads\/2021\/06\/I4FLicensing-By-Fredography-Full-21-320x480.jpg 640w, https:\/\/i4f.com\/app\/uploads\/2021\/06\/I4FLicensing-By-Fredography-Full-21-640x960.jpg 1024w\"\n         sizes=\"auto, 100vw\" class=\"img-fluid\" width=\"320\"\n         height=\"480\"\/>\n    \n\n<\/p>\n                <h3 class=\"h5\">Matthieu Dekens<\/h3>\n                <p><strong>Ch\u1ee7 t\u1ecbch, i4F Inc. B\u1eafc M\u1ef9<\/strong><\/p>\n                <p>Matthieu Dekens gia nh\u1eadp i4F t\u1eeb Ideal Standard International, n\u01a1i \u00f4ng t\u1eebng l\u00e0 Ph\u00f3 Ch\u1ee7 t\u1ecbch ph\u1ee5 tr\u00e1ch B\u00e1n h\u00e0ng &#038; Ti\u1ebfp th\u1ecb. Tr\u01b0\u1edbc \u0111\u00e2y, \u00f4ng t\u1eebng c\u00f3 m\u01b0\u1eddi n\u0103m l\u00e0m vi\u1ec7c t\u1ea1i Tarkett v\u1edbi c\u01b0\u01a1ng v\u1ecb l\u00e0 Gi\u00e1m \u0111\u1ed1c \u0111i\u1ec1u h\u00e0nh t\u1ea1i V\u01b0\u01a1ng qu\u1ed1c Anh v\u00e0 Ph\u00e1p, ki\u00eam Tr\u01b0\u1edfng b\u1ed9 ph\u1eadn Kinh doanh, h\u1ea1ng m\u1ee5c s\u00e0n vinyl, T\u00e2y \u00c2u.<\/p>\n              <\/div>\n              <div class=\"col-md-3 item\">\n                <p>            <img loading=\"lazy\" decoding=\"async\" src=\"https:\/\/i4f.com\/app\/uploads\/2025\/11\/I4FLicensing-By-Fredography-Full-55-320x480.jpg\" alt=\"Pieter Devos\"\n         srcset=\"https:\/\/i4f.com\/app\/uploads\/2025\/11\/I4FLicensing-By-Fredography-Full-55-320x480.jpg 640w, https:\/\/i4f.com\/app\/uploads\/2025\/11\/I4FLicensing-By-Fredography-Full-55-640x960.jpg 1024w\"\n         sizes=\"auto, 100vw\" class=\"img-fluid\" width=\"320\"\n         height=\"480\"\/>\n    \n\n<\/p>\n                <h3 class=\"h5\">Pieter Devos<\/h3>\n                <p><strong>Gi\u00e1m \u0111\u1ed1c Nghi\u00ean c\u1ee9u &#038; Ph\u00e1t tri\u1ec3n<\/strong><\/p>\n                <p>Pieter Devos l\u00e0 Gi\u00e1m \u0111\u1ed1c Nghi\u00ean c\u1ee9u &#038; Ph\u00e1t tri\u1ec3n (R&#038;D) t\u1ea1i i4F, mang \u0111\u1ebfn nhi\u1ec1u kinh nghi\u1ec7m trong l\u0129nh v\u1ef1c \u0111\u1ed5i m\u1edbi v\u00e0 ph\u00e1t tri\u1ec3n c\u00f4ng ngh\u1ec7. Tr\u01b0\u1edbc \u0111\u00e2y, \u00f4ng t\u1eebng \u0111\u1ea3m nhi\u1ec7m c\u00e1c v\u1ecb tr\u00ed c\u1ea5p cao trong b\u1ed9 ph\u1eadn R&#038;D, th\u00fac \u0111\u1ea9y c\u00e1c ti\u1ebfn b\u1ed9 trong gi\u1ea3i ph\u00e1p s\u00e0n nh\u00e0 v\u00e0 s\u1edf h\u1eefu tr\u00ed tu\u1ec7. Chuy\u00ean m\u00f4n c\u1ee7a \u00f4ng bao g\u1ed3m k\u1ef9 thu\u1eadt s\u1ea3n ph\u1ea9m, \u0111\u1ed5i m\u1edbi chi\u1ebfn l\u01b0\u1ee3c v\u00e0 ph\u00e1t tri\u1ec3n b\u1eb1ng s\u00e1ng ch\u1ebf.<\/p>\n              <\/div>\n              <div class=\"col-md-3 item\">\n                <p>            <img loading=\"lazy\" decoding=\"async\" src=\"https:\/\/i4f.com\/app\/uploads\/2025\/11\/I4FLicensing-By-Fredography-Full-95-320x480.jpg\" alt=\"Mattie de Koning\"\n         srcset=\"https:\/\/i4f.com\/app\/uploads\/2025\/11\/I4FLicensing-By-Fredography-Full-95-320x480.jpg 640w, https:\/\/i4f.com\/app\/uploads\/2025\/11\/I4FLicensing-By-Fredography-Full-95-640x960.jpg 1024w\"\n         sizes=\"auto, 100vw\" class=\"img-fluid\" width=\"320\"\n         height=\"480\"\/>\n    \n\n<\/p>\n                <h3 class=\"h5\">Mattie de Koning<\/h3>\n                <p><strong>Gi\u00e1m \u0111\u1ed1c s\u1edf h\u1eefu tr\u00ed tu\u1ec7<\/strong><\/p>\n                <p>Mattie de Koning chuy\u00ean v\u1ec1 tranh ch\u1ea5p b\u1eb1ng s\u00e1ng ch\u1ebf trong ph\u1ea1m vi qu\u1ed1c gia v\u00e0 xuy\u00ean bi\u00ean gi\u1edbi. Tr\u01b0\u1edbc \u0111\u00e2y, Mattie t\u1eebng l\u00e0m vi\u1ec7c t\u1ea1i Simmons &#038; Simmons LLP, n\u01a1i \u00f4ng l\u00e0 \u0111\u1ed1i t\u00e1c S\u1edf h\u1eefu tr\u00ed tu\u1ec7, c\u0169ng chuy\u00ean v\u1ec1 tranh ch\u1ea5p b\u1eb1ng s\u00e1ng ch\u1ebf xuy\u00ean bi\u00ean gi\u1edbi v\u00e0 c\u00e1c giao d\u1ecbch v\u1ec1 S\u1edf h\u1eefu tr\u00ed tu\u1ec7.<\/p>\n              <\/div>\n              <div class=\"col-md-3 item\">\n                <p>            <img loading=\"lazy\" decoding=\"async\" src=\"https:\/\/i4f.com\/app\/uploads\/2025\/11\/I4FLicensing-By-Fredography-Full-75-320x480.jpg\" alt=\"Bram Kingma\"\n         srcset=\"https:\/\/i4f.com\/app\/uploads\/2025\/11\/I4FLicensing-By-Fredography-Full-75-320x480.jpg 640w, https:\/\/i4f.com\/app\/uploads\/2025\/11\/I4FLicensing-By-Fredography-Full-75-640x960.jpg 1024w\"\n         sizes=\"auto, 100vw\" class=\"img-fluid\" width=\"320\"\n         height=\"480\"\/>\n    \n\n<\/p>\n                <h3 class=\"h5\">Bram Kingma<\/h3>\n                <p><strong>Gi\u00e1m \u0111\u1ed1c T\u00e0i ch\u00ednh<\/strong><\/p>\n                <p>Bram Kingma ph\u1ee5 tr\u00e1ch qu\u1ea3n l\u00fd t\u00e0i ch\u00ednh cho ho\u1ea1t \u0111\u1ed9ng kinh doanh c\u1ea5p ph\u00e9p, c\u00e1c c\u00f4ng ty v\u00e0 quan h\u1ec7 \u0111\u1ed1i t\u00e1c c\u1ee7a i4F.<\/p>\n              <\/div>\n              <div class=\"col-md-3 item\">\n                <p>  <img decoding=\"async\" src=\"https:\/\/i4f.com\/app\/themes\/i4f\/assets\/img\/placeholder\/profile-320x480.jpg\" alt=\"\u0110\u1ed9i ng\u0169 c\u1ee7a ch\u00fang t\u00f4i\" class=\"img-fluid\"\/>\n\n\n<\/p>\n                <h3 class=\"h5\">\u0110\u1ed9i ng\u0169 c\u1ee7a ch\u00fang t\u00f4i<\/h3>\n                <p><strong><\/strong><\/p>\n                \n              <\/div>\n            <\/div>\n          <\/div>\n        <\/section>\n\n        <section class=\"block cta image\" id=\"block_60ddb636d0802\">\n          <div class=\"container\">\n  <div class=\"row\">\n    <div class=\"col-lg-8 offset-lg-2\">\n      <div class=\"cta-bg\">\n        <div class=\"row align-items-center\">\n          <div class=\"col-xl-3\">\n            <div class=\"cta-image\">\n                                <img loading=\"lazy\" decoding=\"async\" src=\"https:\/\/i4f.com\/app\/uploads\/2021\/06\/Newsletter-preview-1-360x370.png\" alt=\"Lu\u00f4n c\u1eadp nh\u1eadt v\u1ec1 i4F\"\n         srcset=\"https:\/\/i4f.com\/app\/uploads\/2021\/06\/Newsletter-preview-1-350x0-c-default.png 320w,https:\/\/i4f.com\/app\/uploads\/2021\/06\/Newsletter-preview-1-360x370.png 640w, https:\/\/i4f.com\/app\/uploads\/2021\/06\/Newsletter-preview-1-716x740.png 1024w\"\n         sizes=\"auto, 100vw\" class=\"img-fluid\" width=\"360\"\n         height=\"370\"\/>\n    \n\n            <\/div>\n          <\/div>\n          <div class=\"col-xl-9\">\n            <div class=\"cta-content\">\n              <h3>Lu\u00f4n c\u1eadp nh\u1eadt v\u1ec1 i4F<\/h3>\n              <ul>\n                <li>Tin t\u1ee9c m\u1edbi nh\u1ea5t trong ng\u00e0nh \u0111\u01b0\u1ee3c g\u1eedi th\u1eb3ng t\u1edbi h\u1ed9p th\u01b0 \u0111\u1ebfn c\u1ee7a b\u1ea1n<\/li>\n                <li>T\u00ecm hi\u1ec3u th\u00eam v\u1ec1 c\u00e1c c\u00f4ng ngh\u1ec7 v\u00e0 nh\u1eefng s\u1ef1 ki\u1ec7n s\u1eafp t\u1edbi c\u1ee7a ch\u00fang t\u00f4i<\/li>\n              <\/ul>\n              <form action=\"\/vi\/ve-chung-toi\/doi-ngu-cua-chung-toi\/#block_60ddb636d0802\" method=\"post\" class=\"form-mailing-list form-process\" data-action=\"subscribe\" data-nonce=\"4a60fd062c\" data-post-id=\"3175\" novalidate>\n                <div class='form-container'>\n                  <div class=\"alert alert-danger error\"><\/div>\n                  <label for=\"email\">\u0110\u1ecba ch\u1ec9 email c\u1ee7a b\u1ea1n<\/label>\n                  <div class=\"row g-0 align-items-center\">\n                    <div class=\"col-7\">\n                      <input id=\"email\" name=\"email\" type=\"email\" value=\"\" class=\"form-control\" \/>\n                    <\/div>\n                    <div class=\"col-5\">\n                      <button class=\"btn btn-sm btn-primary\">Lu\u00f4n c\u1eadp nh\u1eadt cho t\u00f4i<\/button>\n                    <\/div>\n                  <\/div>\n                <\/div>\n                <div class=\"form-thank-you\">\n                  <h3>C\u1ea3m \u01a1n b\u1ea1n \u0111\u00e3 \u0111\u0103ng k\u00fd<\/h3>\n                <\/div>\n              <\/form>\n            <\/div>\n          <\/div>\n        <\/div>\n      <\/div>\n    <\/div>\n  <\/div>\n          <\/div>\n        <\/section>\n\n","protected":false},"excerpt":{"rendered":"","protected":false},"author":14,"featured_media":0,"parent":3136,"menu_order":0,"comment_status":"closed","ping_status":"closed","template":"","meta":{"_acf_changed":false,"content-type":"","footnotes":""},"class_list":["post-3175","page","type-page","status-publish","hentry"],"acf":[],"yoast_head":"<!-- This site is optimized with the Yoast SEO plugin v24.8.1 - https:\/\/yoast.com\/wordpress\/plugins\/seo\/ -->\n<title>Our Team | Technology visionaries and IP specialists | i4F<\/title>\n<meta name=\"description\" content=\"\u0110\u1ed9i ng\u0169 i4F l\u00e0 m\u1ed9t nh\u00f3m c\u00e1c chuy\u00ean gia v\u00e1n s\u00e0n qu\u1ed1c t\u1ebf. V\u1edbi n\u1ec1n t\u1ea3ng to\u00e0n c\u1ea7u, h\u1ecd l\u00e0 nh\u1eefng chuy\u00ean gia trong c\u00e1c quy tr\u00ecnh Nghi\u00ean c\u1ee9u v\u00e0 Ph\u00e1t tri\u1ec3n v\u00e0 c\u1ea5p b\u1eb1ng s\u00e1ng ch\u1ebf v\u1ec1 v\u00e1n s\u00e0n c\u1ea3i ti\u1ebfn.\" \/>\n<meta name=\"robots\" content=\"index, follow, max-snippet:-1, max-image-preview:large, max-video-preview:-1\" \/>\n<link rel=\"canonical\" href=\"https:\/\/i4f.com\/vi\/ve-chung-toi\/doi-ngu-cua-chung-toi\/\" \/>\n<meta property=\"og:locale\" content=\"vi_VN\" \/>\n<meta property=\"og:type\" content=\"article\" \/>\n<meta property=\"og:title\" content=\"Our Team | Technology visionaries and IP specialists | i4F\" \/>\n<meta property=\"og:description\" content=\"\u0110\u1ed9i ng\u0169 i4F l\u00e0 m\u1ed9t nh\u00f3m c\u00e1c chuy\u00ean gia v\u00e1n s\u00e0n qu\u1ed1c t\u1ebf. V\u1edbi n\u1ec1n t\u1ea3ng to\u00e0n c\u1ea7u, h\u1ecd l\u00e0 nh\u1eefng chuy\u00ean gia trong c\u00e1c quy tr\u00ecnh Nghi\u00ean c\u1ee9u v\u00e0 Ph\u00e1t tri\u1ec3n v\u00e0 c\u1ea5p b\u1eb1ng s\u00e1ng ch\u1ebf v\u1ec1 v\u00e1n s\u00e0n c\u1ea3i ti\u1ebfn.\" \/>\n<meta property=\"og:url\" content=\"https:\/\/i4f.com\/vi\/ve-chung-toi\/doi-ngu-cua-chung-toi\/\" \/>\n<meta property=\"og:site_name\" content=\"i4F\" \/>\n<meta property=\"article:modified_time\" content=\"2025-11-20T12:59:34+00:00\" \/>\n<meta name=\"twitter:card\" content=\"summary_large_image\" \/>\n<script type=\"application\/ld+json\" class=\"yoast-schema-graph\">{\"@context\":\"https:\/\/schema.org\",\"@graph\":[{\"@type\":\"WebPage\",\"@id\":\"https:\/\/i4f.com\/vi\/ve-chung-toi\/doi-ngu-cua-chung-toi\/\",\"url\":\"https:\/\/i4f.com\/vi\/ve-chung-toi\/doi-ngu-cua-chung-toi\/\",\"name\":\"Our Team | Technology visionaries and IP specialists | i4F\",\"isPartOf\":{\"@id\":\"https:\/\/i4f.com\/vi\/#website\"},\"datePublished\":\"2021-06-10T11:06:26+00:00\",\"dateModified\":\"2025-11-20T12:59:34+00:00\",\"description\":\"\u0110\u1ed9i ng\u0169 i4F l\u00e0 m\u1ed9t nh\u00f3m c\u00e1c chuy\u00ean gia v\u00e1n s\u00e0n qu\u1ed1c t\u1ebf. V\u1edbi n\u1ec1n t\u1ea3ng to\u00e0n c\u1ea7u, h\u1ecd l\u00e0 nh\u1eefng chuy\u00ean gia trong c\u00e1c quy tr\u00ecnh Nghi\u00ean c\u1ee9u v\u00e0 Ph\u00e1t tri\u1ec3n v\u00e0 c\u1ea5p b\u1eb1ng s\u00e1ng ch\u1ebf v\u1ec1 v\u00e1n s\u00e0n c\u1ea3i ti\u1ebfn.\",\"breadcrumb\":{\"@id\":\"https:\/\/i4f.com\/vi\/ve-chung-toi\/doi-ngu-cua-chung-toi\/#breadcrumb\"},\"inLanguage\":\"vi-VN\",\"potentialAction\":[{\"@type\":\"ReadAction\",\"target\":[\"https:\/\/i4f.com\/vi\/ve-chung-toi\/doi-ngu-cua-chung-toi\/\"]}]},{\"@type\":\"BreadcrumbList\",\"@id\":\"https:\/\/i4f.com\/vi\/ve-chung-toi\/doi-ngu-cua-chung-toi\/#breadcrumb\",\"itemListElement\":[{\"@type\":\"ListItem\",\"position\":1,\"name\":\"Home\",\"item\":\"https:\/\/i4f.com\/vi\/\"},{\"@type\":\"ListItem\",\"position\":2,\"name\":\"V\u1ec1 ch\u00fang t\u00f4i\",\"item\":\"https:\/\/i4f.com\/vi\/ve-chung-toi\/\"},{\"@type\":\"ListItem\",\"position\":3,\"name\":\"\u0110\u1ed9i ng\u0169 c\u1ee7a ch\u00fang t\u00f4i\"}]},{\"@type\":\"WebSite\",\"@id\":\"https:\/\/i4f.com\/vi\/#website\",\"url\":\"https:\/\/i4f.com\/vi\/\",\"name\":\"i4F\",\"description\":\"\",\"potentialAction\":[{\"@type\":\"SearchAction\",\"target\":{\"@type\":\"EntryPoint\",\"urlTemplate\":\"https:\/\/i4f.com\/vi\/?s={search_term_string}\"},\"query-input\":{\"@type\":\"PropertyValueSpecification\",\"valueRequired\":true,\"valueName\":\"search_term_string\"}}],\"inLanguage\":\"vi-VN\"}]}<\/script>\n<!-- \/ Yoast SEO plugin. -->","yoast_head_json":{"title":"Our Team | Technology visionaries and IP specialists | i4F","description":"\u0110\u1ed9i ng\u0169 i4F l\u00e0 m\u1ed9t nh\u00f3m c\u00e1c chuy\u00ean gia v\u00e1n s\u00e0n qu\u1ed1c t\u1ebf. V\u1edbi n\u1ec1n t\u1ea3ng to\u00e0n c\u1ea7u, h\u1ecd l\u00e0 nh\u1eefng chuy\u00ean gia trong c\u00e1c quy tr\u00ecnh Nghi\u00ean c\u1ee9u v\u00e0 Ph\u00e1t tri\u1ec3n v\u00e0 c\u1ea5p b\u1eb1ng s\u00e1ng ch\u1ebf v\u1ec1 v\u00e1n s\u00e0n c\u1ea3i ti\u1ebfn.","robots":{"index":"index","follow":"follow","max-snippet":"max-snippet:-1","max-image-preview":"max-image-preview:large","max-video-preview":"max-video-preview:-1"},"canonical":"https:\/\/i4f.com\/vi\/ve-chung-toi\/doi-ngu-cua-chung-toi\/","og_locale":"vi_VN","og_type":"article","og_title":"Our Team | Technology visionaries and IP specialists | i4F","og_description":"\u0110\u1ed9i ng\u0169 i4F l\u00e0 m\u1ed9t nh\u00f3m c\u00e1c chuy\u00ean gia v\u00e1n s\u00e0n qu\u1ed1c t\u1ebf. V\u1edbi n\u1ec1n t\u1ea3ng to\u00e0n c\u1ea7u, h\u1ecd l\u00e0 nh\u1eefng chuy\u00ean gia trong c\u00e1c quy tr\u00ecnh Nghi\u00ean c\u1ee9u v\u00e0 Ph\u00e1t tri\u1ec3n v\u00e0 c\u1ea5p b\u1eb1ng s\u00e1ng ch\u1ebf v\u1ec1 v\u00e1n s\u00e0n c\u1ea3i ti\u1ebfn.","og_url":"https:\/\/i4f.com\/vi\/ve-chung-toi\/doi-ngu-cua-chung-toi\/","og_site_name":"i4F","article_modified_time":"2025-11-20T12:59:34+00:00","twitter_card":"summary_large_image","schema":{"@context":"https:\/\/schema.org","@graph":[{"@type":"WebPage","@id":"https:\/\/i4f.com\/vi\/ve-chung-toi\/doi-ngu-cua-chung-toi\/","url":"https:\/\/i4f.com\/vi\/ve-chung-toi\/doi-ngu-cua-chung-toi\/","name":"Our Team | Technology visionaries and IP specialists | i4F","isPartOf":{"@id":"https:\/\/i4f.com\/vi\/#website"},"datePublished":"2021-06-10T11:06:26+00:00","dateModified":"2025-11-20T12:59:34+00:00","description":"\u0110\u1ed9i ng\u0169 i4F l\u00e0 m\u1ed9t nh\u00f3m c\u00e1c chuy\u00ean gia v\u00e1n s\u00e0n qu\u1ed1c t\u1ebf. V\u1edbi n\u1ec1n t\u1ea3ng to\u00e0n c\u1ea7u, h\u1ecd l\u00e0 nh\u1eefng chuy\u00ean gia trong c\u00e1c quy tr\u00ecnh Nghi\u00ean c\u1ee9u v\u00e0 Ph\u00e1t tri\u1ec3n v\u00e0 c\u1ea5p b\u1eb1ng s\u00e1ng ch\u1ebf v\u1ec1 v\u00e1n s\u00e0n c\u1ea3i ti\u1ebfn.","breadcrumb":{"@id":"https:\/\/i4f.com\/vi\/ve-chung-toi\/doi-ngu-cua-chung-toi\/#breadcrumb"},"inLanguage":"vi-VN","potentialAction":[{"@type":"ReadAction","target":["https:\/\/i4f.com\/vi\/ve-chung-toi\/doi-ngu-cua-chung-toi\/"]}]},{"@type":"BreadcrumbList","@id":"https:\/\/i4f.com\/vi\/ve-chung-toi\/doi-ngu-cua-chung-toi\/#breadcrumb","itemListElement":[{"@type":"ListItem","position":1,"name":"Home","item":"https:\/\/i4f.com\/vi\/"},{"@type":"ListItem","position":2,"name":"V\u1ec1 ch\u00fang t\u00f4i","item":"https:\/\/i4f.com\/vi\/ve-chung-toi\/"},{"@type":"ListItem","position":3,"name":"\u0110\u1ed9i ng\u0169 c\u1ee7a ch\u00fang t\u00f4i"}]},{"@type":"WebSite","@id":"https:\/\/i4f.com\/vi\/#website","url":"https:\/\/i4f.com\/vi\/","name":"i4F","description":"","potentialAction":[{"@type":"SearchAction","target":{"@type":"EntryPoint","urlTemplate":"https:\/\/i4f.com\/vi\/?s={search_term_string}"},"query-input":{"@type":"PropertyValueSpecification","valueRequired":true,"valueName":"search_term_string"}}],"inLanguage":"vi-VN"}]}},"_links":{"self":[{"href":"https:\/\/i4f.com\/vi\/wp-json\/wp\/v2\/pages\/3175","targetHints":{"allow":["GET"]}}],"collection":[{"href":"https:\/\/i4f.com\/vi\/wp-json\/wp\/v2\/pages"}],"about":[{"href":"https:\/\/i4f.com\/vi\/wp-json\/wp\/v2\/types\/page"}],"author":[{"embeddable":true,"href":"https:\/\/i4f.com\/vi\/wp-json\/wp\/v2\/users\/14"}],"replies":[{"embeddable":true,"href":"https:\/\/i4f.com\/vi\/wp-json\/wp\/v2\/comments?post=3175"}],"version-history":[{"count":7,"href":"https:\/\/i4f.com\/vi\/wp-json\/wp\/v2\/pages\/3175\/revisions"}],"predecessor-version":[{"id":9743,"href":"https:\/\/i4f.com\/vi\/wp-json\/wp\/v2\/pages\/3175\/revisions\/9743"}],"up":[{"embeddable":true,"href":"https:\/\/i4f.com\/vi\/wp-json\/wp\/v2\/pages\/3136"}],"wp:attachment":[{"href":"https:\/\/i4f.com\/vi\/wp-json\/wp\/v2\/media?parent=3175"}],"curies":[{"name":"wp","href":"https:\/\/api.w.org\/{rel}","templated":true}]}}