{"id":3164,"date":"2021-06-10T12:53:03","date_gmt":"2021-06-10T12:53:03","guid":{"rendered":"https:\/\/i4f.com\/cookie\/"},"modified":"2021-12-10T12:24:10","modified_gmt":"2021-12-10T12:24:10","slug":"cookie","status":"publish","type":"page","link":"https:\/\/i4f.com\/vi\/cookie\/","title":{"rendered":"Cookie"},"content":{"rendered":"        <section class=\"block hero\" id=\"block_60c20b12a1257\">\n          <div class=\"hero-content\" style=\"background-image: url('https:\/\/i4f.com\/app\/uploads\/2021\/06\/Technologies-header_tech-v2.1.jpg')\">\n                              <img loading=\"lazy\" decoding=\"async\" src=\"https:\/\/i4f.com\/app\/uploads\/2021\/06\/Technologies-header_tech-v2.1-1440x640.jpg\" alt=\"Cookie\"\n         srcset=\"https:\/\/i4f.com\/app\/uploads\/2021\/06\/Technologies-header_tech-v2.1-350x0-c-default.jpg 320w,https:\/\/i4f.com\/app\/uploads\/2021\/06\/Technologies-header_tech-v2.1-1440x640.jpg 640w, https:\/\/i4f.com\/app\/uploads\/2021\/06\/Technologies-header_tech-v2.1.jpg 1024w\"\n         sizes=\"auto, 100vw\" class=\"img-fluid hero-mobile\" width=\"1440\"\n         height=\"640\"\/>\n    \n\n            <div class=\"container\">\n              <div class=\"overlay\"><\/div>\n              <div class=\"row align-items-center\">\n                <div class=\"col-lg-5\">\n                  <div class=\"hero-body\">\n                    <h1>Cookie<\/h1>\n                  <\/div>\n                <\/div>\n                <div class=\"col d-none d-lg-block hero-spacer\">\n                <\/div>\n              <\/div>\n            <\/div>\n          <\/div>\n        <\/section>\n\n\n\n        <section class=\"block text half\" id=\"block_60c20b26a1260\">\n          <div class=\"container\">\n  <div class=\"row\">\n    <div class=\"col-md-6 offset-md-3 order-md-1\">\n\n<div class=\"container html\">\n<!-- OneTrust Cookies Settings button start -->\n<p><button id=\"ot-sdk-btn\" class=\"optanon-show-settings\">Cookie Settings<\/button><\/p>\n<!-- OneTrust Cookies Settings button end -->\n<!-- OneTrust Cookies List start -->\n<div id=\"ot-sdk-cookie-policy\"><\/div>\n<!-- OneTrust Cookies List end -->\n<\/div>\n\n    <\/div>\n  <\/div>\n          <\/div>\n        <\/section>\n\n\n\n        <section class=\"block cta image\" id=\"block_60ddb636d0802\">\n          <div class=\"container\">\n  <div class=\"row\">\n    <div class=\"col-lg-8 offset-lg-2\">\n      <div class=\"cta-bg\">\n        <div class=\"row align-items-center\">\n          <div class=\"col-xl-3\">\n            <div class=\"cta-image\">\n                                <img loading=\"lazy\" decoding=\"async\" src=\"https:\/\/i4f.com\/app\/uploads\/2021\/06\/Newsletter-preview-1-360x370.png\" alt=\"Lu\u00f4n c\u1eadp nh\u1eadt v\u1ec1 i4F\"\n         srcset=\"https:\/\/i4f.com\/app\/uploads\/2021\/06\/Newsletter-preview-1-350x0-c-default.png 320w,https:\/\/i4f.com\/app\/uploads\/2021\/06\/Newsletter-preview-1-360x370.png 640w, https:\/\/i4f.com\/app\/uploads\/2021\/06\/Newsletter-preview-1-716x740.png 1024w\"\n         sizes=\"auto, 100vw\" class=\"img-fluid\" width=\"360\"\n         height=\"370\"\/>\n    \n\n            <\/div>\n          <\/div>\n          <div class=\"col-xl-9\">\n            <div class=\"cta-content\">\n              <h3>Lu\u00f4n c\u1eadp nh\u1eadt v\u1ec1 i4F<\/h3>\n              <ul>\n                <li>Tin t\u1ee9c m\u1edbi nh\u1ea5t trong ng\u00e0nh \u0111\u01b0\u1ee3c g\u1eedi th\u1eb3ng t\u1edbi h\u1ed9p th\u01b0 \u0111\u1ebfn c\u1ee7a b\u1ea1n<\/li>\n                <li>T\u00ecm hi\u1ec3u th\u00eam v\u1ec1 c\u00e1c c\u00f4ng ngh\u1ec7 v\u00e0 nh\u1eefng s\u1ef1 ki\u1ec7n s\u1eafp t\u1edbi c\u1ee7a ch\u00fang t\u00f4i<\/li>\n              <\/ul>\n              <form action=\"\/vi\/cookie\/#block_60ddb636d0802\" method=\"post\" class=\"form-mailing-list form-process\" data-action=\"subscribe\" data-nonce=\"ca9d08b53f\" data-post-id=\"3164\" novalidate>\n                <div class='form-container'>\n                  <div class=\"alert alert-danger error\"><\/div>\n                  <label for=\"email\">\u0110\u1ecba ch\u1ec9 email c\u1ee7a b\u1ea1n<\/label>\n                  <div class=\"row g-0 align-items-center\">\n                    <div class=\"col-7\">\n                      <input id=\"email\" name=\"email\" type=\"email\" value=\"\" class=\"form-control\" \/>\n                    <\/div>\n                    <div class=\"col-5\">\n                      <button class=\"btn btn-sm btn-primary\">Lu\u00f4n c\u1eadp nh\u1eadt cho t\u00f4i<\/button>\n                    <\/div>\n                  <\/div>\n                <\/div>\n                <div class=\"form-thank-you\">\n                  <h3>C\u1ea3m \u01a1n b\u1ea1n \u0111\u00e3 \u0111\u0103ng k\u00fd<\/h3>\n                <\/div>\n              <\/form>\n            <\/div>\n          <\/div>\n        <\/div>\n      <\/div>\n    <\/div>\n  <\/div>\n          <\/div>\n        <\/section>\n\n","protected":false},"excerpt":{"rendered":"","protected":false},"author":14,"featured_media":0,"parent":0,"menu_order":0,"comment_status":"closed","ping_status":"closed","template":"","meta":{"_acf_changed":false,"content-type":"","footnotes":""},"class_list":["post-3164","page","type-page","status-publish","hentry"],"acf":[],"yoast_head":"<!-- This site is optimized with the Yoast SEO plugin v24.8.1 - https:\/\/yoast.com\/wordpress\/plugins\/seo\/ -->\n<title>Cookie - i4F<\/title>\n<meta name=\"description\" content=\"\u0110\u1ec3 tr\u00e1nh ph\u1ea3i nh\u1eadp \u0111i nh\u1eadp l\u1ea1i c\u00f9ng m\u1ed9t th\u00f4ng tin m\u1ed7i khi b\u1ea1n truy c\u1eadp trang web i4F, ch\u00fang t\u00f4i \u0111\u00e3 \u0111\u1eb7t c\u00e1c cookie ch\u1ee9c n\u0103ng. \u0110i\u1ec1u n\u00e0y c\u00f3 th\u1ec3 ch\u01b0a c\u00f3 s\u1ef1 \u0111\u1ed3ng \u00fd c\u1ee7a b\u1ea1n.\" \/>\n<meta name=\"robots\" content=\"index, follow, max-snippet:-1, max-image-preview:large, max-video-preview:-1\" \/>\n<link rel=\"canonical\" href=\"https:\/\/i4f.com\/vi\/cookie\/\" \/>\n<meta property=\"og:locale\" content=\"vi_VN\" \/>\n<meta property=\"og:type\" content=\"article\" \/>\n<meta property=\"og:title\" content=\"Cookie - i4F\" \/>\n<meta property=\"og:description\" content=\"\u0110\u1ec3 tr\u00e1nh ph\u1ea3i nh\u1eadp \u0111i nh\u1eadp l\u1ea1i c\u00f9ng m\u1ed9t th\u00f4ng tin m\u1ed7i khi b\u1ea1n truy c\u1eadp trang web i4F, ch\u00fang t\u00f4i \u0111\u00e3 \u0111\u1eb7t c\u00e1c cookie ch\u1ee9c n\u0103ng. \u0110i\u1ec1u n\u00e0y c\u00f3 th\u1ec3 ch\u01b0a c\u00f3 s\u1ef1 \u0111\u1ed3ng \u00fd c\u1ee7a b\u1ea1n.\" \/>\n<meta property=\"og:url\" content=\"https:\/\/i4f.com\/vi\/cookie\/\" \/>\n<meta property=\"og:site_name\" content=\"i4F\" \/>\n<meta property=\"article:modified_time\" content=\"2021-12-10T12:24:10+00:00\" \/>\n<meta name=\"twitter:card\" content=\"summary_large_image\" \/>\n<meta name=\"twitter:label1\" content=\"Est. reading time\" \/>\n\t<meta name=\"twitter:data1\" content=\"1 minute\" \/>\n<script type=\"application\/ld+json\" class=\"yoast-schema-graph\">{\"@context\":\"https:\/\/schema.org\",\"@graph\":[{\"@type\":\"WebPage\",\"@id\":\"https:\/\/i4f.com\/vi\/cookie\/\",\"url\":\"https:\/\/i4f.com\/vi\/cookie\/\",\"name\":\"Cookie - i4F\",\"isPartOf\":{\"@id\":\"https:\/\/i4f.com\/vi\/#website\"},\"datePublished\":\"2021-06-10T12:53:03+00:00\",\"dateModified\":\"2021-12-10T12:24:10+00:00\",\"description\":\"\u0110\u1ec3 tr\u00e1nh ph\u1ea3i nh\u1eadp \u0111i nh\u1eadp l\u1ea1i c\u00f9ng m\u1ed9t th\u00f4ng tin m\u1ed7i khi b\u1ea1n truy c\u1eadp trang web i4F, ch\u00fang t\u00f4i \u0111\u00e3 \u0111\u1eb7t c\u00e1c cookie ch\u1ee9c n\u0103ng. \u0110i\u1ec1u n\u00e0y c\u00f3 th\u1ec3 ch\u01b0a c\u00f3 s\u1ef1 \u0111\u1ed3ng \u00fd c\u1ee7a b\u1ea1n.\",\"breadcrumb\":{\"@id\":\"https:\/\/i4f.com\/vi\/cookie\/#breadcrumb\"},\"inLanguage\":\"vi-VN\",\"potentialAction\":[{\"@type\":\"ReadAction\",\"target\":[\"https:\/\/i4f.com\/vi\/cookie\/\"]}]},{\"@type\":\"BreadcrumbList\",\"@id\":\"https:\/\/i4f.com\/vi\/cookie\/#breadcrumb\",\"itemListElement\":[{\"@type\":\"ListItem\",\"position\":1,\"name\":\"Home\",\"item\":\"https:\/\/i4f.com\/vi\/\"},{\"@type\":\"ListItem\",\"position\":2,\"name\":\"Cookie\"}]},{\"@type\":\"WebSite\",\"@id\":\"https:\/\/i4f.com\/vi\/#website\",\"url\":\"https:\/\/i4f.com\/vi\/\",\"name\":\"i4F\",\"description\":\"\",\"potentialAction\":[{\"@type\":\"SearchAction\",\"target\":{\"@type\":\"EntryPoint\",\"urlTemplate\":\"https:\/\/i4f.com\/vi\/?s={search_term_string}\"},\"query-input\":{\"@type\":\"PropertyValueSpecification\",\"valueRequired\":true,\"valueName\":\"search_term_string\"}}],\"inLanguage\":\"vi-VN\"}]}<\/script>\n<!-- \/ Yoast SEO plugin. -->","yoast_head_json":{"title":"Cookie - i4F","description":"\u0110\u1ec3 tr\u00e1nh ph\u1ea3i nh\u1eadp \u0111i nh\u1eadp l\u1ea1i c\u00f9ng m\u1ed9t th\u00f4ng tin m\u1ed7i khi b\u1ea1n truy c\u1eadp trang web i4F, ch\u00fang t\u00f4i \u0111\u00e3 \u0111\u1eb7t c\u00e1c cookie ch\u1ee9c n\u0103ng. \u0110i\u1ec1u n\u00e0y c\u00f3 th\u1ec3 ch\u01b0a c\u00f3 s\u1ef1 \u0111\u1ed3ng \u00fd c\u1ee7a b\u1ea1n.","robots":{"index":"index","follow":"follow","max-snippet":"max-snippet:-1","max-image-preview":"max-image-preview:large","max-video-preview":"max-video-preview:-1"},"canonical":"https:\/\/i4f.com\/vi\/cookie\/","og_locale":"vi_VN","og_type":"article","og_title":"Cookie - i4F","og_description":"\u0110\u1ec3 tr\u00e1nh ph\u1ea3i nh\u1eadp \u0111i nh\u1eadp l\u1ea1i c\u00f9ng m\u1ed9t th\u00f4ng tin m\u1ed7i khi b\u1ea1n truy c\u1eadp trang web i4F, ch\u00fang t\u00f4i \u0111\u00e3 \u0111\u1eb7t c\u00e1c cookie ch\u1ee9c n\u0103ng. \u0110i\u1ec1u n\u00e0y c\u00f3 th\u1ec3 ch\u01b0a c\u00f3 s\u1ef1 \u0111\u1ed3ng \u00fd c\u1ee7a b\u1ea1n.","og_url":"https:\/\/i4f.com\/vi\/cookie\/","og_site_name":"i4F","article_modified_time":"2021-12-10T12:24:10+00:00","twitter_card":"summary_large_image","twitter_misc":{"Est. reading time":"1 minute"},"schema":{"@context":"https:\/\/schema.org","@graph":[{"@type":"WebPage","@id":"https:\/\/i4f.com\/vi\/cookie\/","url":"https:\/\/i4f.com\/vi\/cookie\/","name":"Cookie - i4F","isPartOf":{"@id":"https:\/\/i4f.com\/vi\/#website"},"datePublished":"2021-06-10T12:53:03+00:00","dateModified":"2021-12-10T12:24:10+00:00","description":"\u0110\u1ec3 tr\u00e1nh ph\u1ea3i nh\u1eadp \u0111i nh\u1eadp l\u1ea1i c\u00f9ng m\u1ed9t th\u00f4ng tin m\u1ed7i khi b\u1ea1n truy c\u1eadp trang web i4F, ch\u00fang t\u00f4i \u0111\u00e3 \u0111\u1eb7t c\u00e1c cookie ch\u1ee9c n\u0103ng. \u0110i\u1ec1u n\u00e0y c\u00f3 th\u1ec3 ch\u01b0a c\u00f3 s\u1ef1 \u0111\u1ed3ng \u00fd c\u1ee7a b\u1ea1n.","breadcrumb":{"@id":"https:\/\/i4f.com\/vi\/cookie\/#breadcrumb"},"inLanguage":"vi-VN","potentialAction":[{"@type":"ReadAction","target":["https:\/\/i4f.com\/vi\/cookie\/"]}]},{"@type":"BreadcrumbList","@id":"https:\/\/i4f.com\/vi\/cookie\/#breadcrumb","itemListElement":[{"@type":"ListItem","position":1,"name":"Home","item":"https:\/\/i4f.com\/vi\/"},{"@type":"ListItem","position":2,"name":"Cookie"}]},{"@type":"WebSite","@id":"https:\/\/i4f.com\/vi\/#website","url":"https:\/\/i4f.com\/vi\/","name":"i4F","description":"","potentialAction":[{"@type":"SearchAction","target":{"@type":"EntryPoint","urlTemplate":"https:\/\/i4f.com\/vi\/?s={search_term_string}"},"query-input":{"@type":"PropertyValueSpecification","valueRequired":true,"valueName":"search_term_string"}}],"inLanguage":"vi-VN"}]}},"_links":{"self":[{"href":"https:\/\/i4f.com\/vi\/wp-json\/wp\/v2\/pages\/3164","targetHints":{"allow":["GET"]}}],"collection":[{"href":"https:\/\/i4f.com\/vi\/wp-json\/wp\/v2\/pages"}],"about":[{"href":"https:\/\/i4f.com\/vi\/wp-json\/wp\/v2\/types\/page"}],"author":[{"embeddable":true,"href":"https:\/\/i4f.com\/vi\/wp-json\/wp\/v2\/users\/14"}],"replies":[{"embeddable":true,"href":"https:\/\/i4f.com\/vi\/wp-json\/wp\/v2\/comments?post=3164"}],"version-history":[{"count":2,"href":"https:\/\/i4f.com\/vi\/wp-json\/wp\/v2\/pages\/3164\/revisions"}],"predecessor-version":[{"id":3560,"href":"https:\/\/i4f.com\/vi\/wp-json\/wp\/v2\/pages\/3164\/revisions\/3560"}],"wp:attachment":[{"href":"https:\/\/i4f.com\/vi\/wp-json\/wp\/v2\/media?parent=3164"}],"curies":[{"name":"wp","href":"https:\/\/api.w.org\/{rel}","templated":true}]}}