{"id":3129,"date":"2021-06-21T11:34:37","date_gmt":"2021-06-21T11:34:37","guid":{"rendered":"https:\/\/i4f.com\/cong-nghe-in-ky-thuat-so\/"},"modified":"2025-10-23T12:35:00","modified_gmt":"2025-10-23T12:35:00","slug":"cong-nghe-in-ky-thuat-so","status":"publish","type":"page","link":"https:\/\/i4f.com\/vi\/cong-nghe-in-ky-thuat-so\/","title":{"rendered":"C\u00f4ng ngh\u1ec7 In K\u1ef9 thu\u1eadt s\u1ed1"},"content":{"rendered":"        <section class=\"block hero\" id=\"block_68d132c8a48bb\">\n          <div class=\"hero-content\" style=\"background-image: url('https:\/\/i4f.com\/app\/uploads\/2021\/06\/Digital-printing-technology-header-1520x640.jpg')\">\n                              <img loading=\"lazy\" decoding=\"async\" src=\"https:\/\/i4f.com\/app\/uploads\/2021\/06\/Digital-printing-technology-header-1440x640.jpg\" alt=\"Chuy\u1ec3n sang k\u1ef9 thu\u1eadt s\u1ed1. \u0110\u1ea1t t\u1edbi hi\u1ec7u qu\u1ea3 ch\u00e2n th\u1ef1c\"\n         srcset=\"https:\/\/i4f.com\/app\/uploads\/2021\/06\/Digital-printing-technology-header-350x0-c-default.jpg 320w,https:\/\/i4f.com\/app\/uploads\/2021\/06\/Digital-printing-technology-header-1440x640.jpg 640w, https:\/\/i4f.com\/app\/uploads\/2021\/06\/Digital-printing-technology-header.jpg 1024w\"\n         sizes=\"auto, 100vw\" class=\"img-fluid hero-mobile\" width=\"1440\"\n         height=\"640\"\/>\n    \n\n            <div class=\"container\">\n              <div class=\"overlay\"><\/div>\n              <div class=\"row align-items-center\">\n                <div class=\"col-lg-5\">\n                  <div class=\"hero-body\">\n                    <div class=\"hero-logo\">\n                      <img decoding=\"async\" src=\"https:\/\/i4f.com\/app\/uploads\/2025\/07\/i4F-Digital-Printing-Technologies-Cluster-new-logo_aeonik-207x50.png\" alt=\"\" \/>\n                    <\/div>\n                    <h1>Chuy\u1ec3n sang k\u1ef9 thu\u1eadt s\u1ed1. \u0110\u1ea1t t\u1edbi hi\u1ec7u qu\u1ea3 ch\u00e2n th\u1ef1c<\/h1>\n                    <p>T\u1ea1o ra c\u00e1c thi\u1ebft k\u1ebf \u0111\u1ed9c \u0111\u00e1o v\u1edbi ch\u1ea5t l\u01b0\u1ee3ng quang h\u1ecdc v\u01b0\u1ee3t tr\u1ed9i b\u1eb1ng c\u00e1ch s\u1eed d\u1ee5ng c\u00f4ng ngh\u1ec7 in k\u1ef9 thu\u1eadt s\u1ed1 ti\u00ean ti\u1ebfn c\u1ee7a i4F.<\/p>\n                    <p class=\"hero-links\">\n                      <a href=\"#Walk-on\" class=\"btn  btn-primary\">Xem c\u00e1c c\u00f4ng ngh\u1ec7 c\u1ee7a ch\u00fang t\u00f4i &nbsp; <svg width=\"24\" height=\"24\" viewBox=\"0 0 24 24\" fill=\"none\" xmlns=\"http:\/\/www.w3.org\/2000\/svg\">\n<path d=\"M12 5V19\" stroke=\"#304757\" stroke-width=\"2\" stroke-linecap=\"round\" stroke-linejoin=\"round\"\/>\n<path d=\"M19 12L12 19L5 12\" stroke=\"#304757\" stroke-width=\"2\" stroke-linecap=\"round\" stroke-linejoin=\"round\"\/>\n<\/svg>\n<\/a>\n                      <a href=\"https:\/\/i4f.com\/contact\/?tab=block_60d3b16e96657-2-form#block_60d3b16596656\" class=\"btn  btn-outline-secondary\">Tr\u1edf th\u00e0nh m\u1ed9t kh\u00e1ch h\u00e0ng \u0111\u01b0\u1ee3c c\u1ea5p ph\u00e9p<\/a>\n                    <\/p>\n                  <\/div>\n                <\/div>\n                <div class=\"col d-none d-lg-block hero-spacer\">\n                <\/div>\n              <\/div>\n            <\/div>\n          <\/div>\n        <\/section>\n\n        <section class=\"block cta cta-icon center\" id=\"Walk-on\">\n          <div class=\"container\">\n  <div class=\"row\">\n    <div class=\"col-lg-8 offset-lg-2\">\n          <h2>\u0110i tr\u00ean n\u01b0\u1edbc \u2013 c\u00f4ng ngh\u1ec7 in k\u1ef9 thu\u1eadt s\u1ed1 cho v\u00e1n s\u00e0n \u0111\u00e3 c\u00f3 m\u1eb7t t\u1ea1i \u0111\u00e2y<\/h2>\n          <p>i4F c\u1ea5p ph\u00e9p cho c\u00e1c c\u00f4ng ngh\u1ec7 in k\u1ef9 thu\u1eadt s\u1ed1 ti\u00ean ti\u1ebfn nh\u1ea5t th\u1ebf gi\u1edbi, mang l\u1ea1i k\u1ebft qu\u1ea3 ch\u00e2n th\u1ef1c \u0111\u1ebfn m\u1ee9c b\u1ea1n ph\u1ea3i h\u1ebft s\u1ee9c ch\u00fa \u00fd. V\u1edbi nh\u1eefng c\u00f4ng ngh\u1ec7 ti\u00ean ti\u1ebfn h\u00e0ng \u0111\u1ea7u n\u00e0y, c\u00f3 s\u1eb5n ngay l\u1eadp t\u1ee9c th\u00f4ng qua gi\u1ea5y ph\u00e9p i4F, b\u1ea1n c\u00f3 th\u1ec3 th\u1ecfa s\u1ee9c th\u1ea3 tr\u00ed t\u01b0\u1edfng t\u01b0\u1ee3ng bay cao m\u00e0 v\u1eabn tr\u00e1nh \u0111\u01b0\u1ee3c t\u00ecnh tr\u1ea1ng t\u1ed3n kho kh\u00f4ng c\u1ea7n thi\u1ebft \u0111\u1ed1i v\u1edbi c\u00e1c t\u00e0i li\u1ec7u in s\u1eb5n.<\/p>\n          <div class=\"row icons justify-content-center\">\n            <div class=\"col-lg-3\">\n                <p><img decoding=\"async\" src=\"https:\/\/i4f.com\/app\/themes\/i4f\/assets\/img\/icon\/Icon__Materials.svg\" \/><\/p>\n                <p>T\u1ea5t c\u1ea3 c\u00e1c v\u1eadt li\u1ec7u<\/p>\n            <\/div>\n            <div class=\"col-lg-3\">\n                <p><img decoding=\"async\" src=\"https:\/\/i4f.com\/app\/themes\/i4f\/assets\/img\/icon\/Icon__Trophy.svg\" \/><\/p>\n                <p>K\u1ebft qu\u1ea3 ngo\u1ea1n m\u1ee5c<\/p>\n            <\/div>\n            <div class=\"col-lg-3\">\n                <p><img decoding=\"async\" src=\"https:\/\/i4f.com\/app\/themes\/i4f\/assets\/img\/icon\/Icon__Recycle.svg\" \/><\/p>\n                <p>Gi\u1ea3m l\u00e3ng ph\u00ed<\/p>\n            <\/div>\n          <\/div>\n      <\/div>\n    <\/div>\n  <\/div>\n          <\/div>\n        <\/section>\n\n        <section class=\"block video\" id=\"block_68d132c8a49cf\">\n          <div class=\"container\">\n  <div class=\"row\">\n      <div class=\"col-md-8 offset-md-2\">\n          <!-- test: not_cn -->\n      <div class=\"video-player\">\n        <div class=\"video-cover\">\n                                     <img loading=\"lazy\" decoding=\"async\" src=\"https:\/\/i4f.com\/app\/uploads\/2025\/02\/i4f-logo_wordpress-920x518.png\" alt=\"Video thumbnail\"\n         srcset=\"https:\/\/i4f.com\/app\/uploads\/2025\/02\/i4f-logo_wordpress-350x0-c-default.png 320w,https:\/\/i4f.com\/app\/uploads\/2025\/02\/i4f-logo_wordpress-920x518.png 640w, https:\/\/i4f.com\/app\/uploads\/2025\/02\/i4f-logo_wordpress.png 1024w\"\n         sizes=\"auto, 100vw\" class=\"img-fluid\" width=\"920\"\n         height=\"518\"\/>\n    \n\n          <button class=\"play-btn\"><svg width=\"75\" height=\"75\" viewBox=\"0 0 75 75\" fill=\"none\" xmlns=\"http:\/\/www.w3.org\/2000\/svg\">\n<circle cx=\"37.0634\" cy=\"37.5633\" r=\"36.5634\" fill=\"url(#paint0_linear)\" stroke=\"white\"\/>\n<path d=\"M28.6621 25.2088L48.4293 38.0574L28.6621 50.9061V25.2088Z\" fill=\"white\"\/>\n<defs>\n<linearGradient id=\"paint0_linear\" x1=\"-2.1099e-06\" y1=\"41.1243\" x2=\"74.1268\" y2=\"41.1243\" gradientUnits=\"userSpaceOnUse\">\n<stop stop-color=\"#465865\"\/>\n<stop offset=\"1\" stop-color=\"#0A0E11\"\/>\n<\/linearGradient>\n<\/defs>\n<\/svg>\n<\/button>\n        <\/div>\n        <div class=\"ratio ratio-16x9\">\n          <iframe loading=\"lazy\" title=\"I4F&#039;s Patent Cluster Concept: Digital printing technologies\" width=\"920\" height=\"518\" src=\"https:\/\/www.youtube.com\/embed\/J0S0zeHY06A?feature=oembed&#038;controls=1&#038;hd=1&#038;autohide=1&#038;rel=0\" frameborder=\"0\" allow=\"accelerometer; autoplay; clipboard-write; encrypted-media; gyroscope; picture-in-picture; web-share\" referrerpolicy=\"strict-origin-when-cross-origin\" allowfullscreen class=\"embed-responsive-item\"><\/iframe>\n        <\/div>\n      <\/div>\n                      <h3 class=\"h5 mt-4\">T\u1ed5ng quan v\u1ec1 C\u00f4ng ngh\u1ec7 In K\u1ef9 thu\u1eadt s\u1ed1<\/h3>\n              <p>Copyright &#8211; Hymmen<\/p>\n    \n    <\/div>\n    <\/div>\n          <\/div>\n        <\/section>\n\n        <section class=\"block is-default text-image main align-right \" id=\"block_68d132c8aa4e4\">\n        <div class=\"container-outer\">\n          <div class=\"container\">\n            <div class=\"row align-items-center\">\n            <div class=\"responsive_reverse\">\n<div class=\"col-xl-7 order-xl-2\">\n                <div class=\"txtimg-body\">\n                    <h2>T\u1ea3i xu\u1ed1ng s\u00e1ch nh\u1ecf qu\u1ea3ng c\u00e1o c\u1ee7a ch\u00fang t\u00f4i<\/h2>\n                    <p>Danh m\u1ee5c in k\u1ef9 thu\u1eadt s\u1ed1 v\u1eefng m\u1ea1nh c\u1ee7a i4F hi\u1ec7n c\u0169ng cho ph\u00e9p b\u1ea1n truy c\u1eadp \u0111\u1ed9c quy\u1ec1n v\u00e0o t\u1ea5t c\u1ea3 c\u00e1c c\u00f4ng ngh\u1ec7 in k\u1ef9 thu\u1eadt s\u1ed1 c\u1ee7a Hymmen. \u0110i\u1ec1u n\u00e0y bao g\u1ed3m kh\u1ea3 n\u0103ng quang h\u1ecdc v\u00e0 c\u1ea3m gi\u00e1c ch\u00e2n th\u1ef1c \u0111\u1ebfn kh\u00f3 tin c\u1ee7a c\u00f4ng ngh\u1ec7 D\u1eadp n\u1ed5i s\u01a1n m\u00e0i k\u1ef9 thu\u1eadt s\u1ed1 (DLE) t\u1eebng \u0111o\u1ea1t gi\u1ea3i th\u01b0\u1edfng.<\/p>\n\n\n                <\/div>\n                <div class=\"col-xl-5 order-xl-1\">\n                <div class=\"txtimg-image text-center\">\n                                      <img loading=\"lazy\" decoding=\"async\" src=\"https:\/\/i4f.com\/app\/uploads\/2025\/02\/Projekt-bez-nazwy-35.png\" alt=\"\"\n         srcset=\"https:\/\/i4f.com\/app\/uploads\/2025\/02\/Projekt-bez-nazwy-35-350x0-c-default.png 320w,https:\/\/i4f.com\/app\/uploads\/2025\/02\/Projekt-bez-nazwy-35.png 640w, https:\/\/i4f.com\/app\/uploads\/2025\/02\/Projekt-bez-nazwy-35.png 1024w\"\n         sizes=\"auto, 100vw\" class=\"img-fluid\" width=\"570\"\n         height=\"384\"\/>\n    \n\n                <\/div>\n                <\/div>\n              <\/div>\n                    <p>\n                        <a href=\"https:\/\/i4f.com\/app\/uploads\/2021\/06\/Prospekt_DGP_I4F-Hymmen_low-ENG.pdf\" target=\"_blank\" class=\"btn  btn-primary\">T\u1ea3i xu\u1ed1ng PDF<\/a>\n                        <\/p>\n                  <\/div>\n                <\/div>\n              <\/div>  \n            <\/div>\n              <div class=\"responsive_default align-items-center\">\n                <div class=\"col-xl-7 order-xl-2\">\n                  <div class=\"txtimg-image text-center\">\n                                      <img loading=\"lazy\" decoding=\"async\" src=\"https:\/\/i4f.com\/app\/uploads\/2025\/02\/Projekt-bez-nazwy-35.png\" alt=\"\"\n         srcset=\"https:\/\/i4f.com\/app\/uploads\/2025\/02\/Projekt-bez-nazwy-35-350x0-c-default.png 320w,https:\/\/i4f.com\/app\/uploads\/2025\/02\/Projekt-bez-nazwy-35.png 640w, https:\/\/i4f.com\/app\/uploads\/2025\/02\/Projekt-bez-nazwy-35.png 1024w\"\n         sizes=\"auto, 100vw\" class=\"img-fluid\" width=\"570\"\n         height=\"384\"\/>\n    \n\n                  <\/div>\n                <\/div>\n                <div class=\"col-xl-5 order-xl-1\">\n                  <div class=\"txtimg-body\">\n                    <h2>T\u1ea3i xu\u1ed1ng s\u00e1ch nh\u1ecf qu\u1ea3ng c\u00e1o c\u1ee7a ch\u00fang t\u00f4i<\/h2>\n                    <p>Danh m\u1ee5c in k\u1ef9 thu\u1eadt s\u1ed1 v\u1eefng m\u1ea1nh c\u1ee7a i4F hi\u1ec7n c\u0169ng cho ph\u00e9p b\u1ea1n truy c\u1eadp \u0111\u1ed9c quy\u1ec1n v\u00e0o t\u1ea5t c\u1ea3 c\u00e1c c\u00f4ng ngh\u1ec7 in k\u1ef9 thu\u1eadt s\u1ed1 c\u1ee7a Hymmen. \u0110i\u1ec1u n\u00e0y bao g\u1ed3m kh\u1ea3 n\u0103ng quang h\u1ecdc v\u00e0 c\u1ea3m gi\u00e1c ch\u00e2n th\u1ef1c \u0111\u1ebfn kh\u00f3 tin c\u1ee7a c\u00f4ng ngh\u1ec7 D\u1eadp n\u1ed5i s\u01a1n m\u00e0i k\u1ef9 thu\u1eadt s\u1ed1 (DLE) t\u1eebng \u0111o\u1ea1t gi\u1ea3i th\u01b0\u1edfng.<\/p>\n\n                    <p>\n                        <a href=\"https:\/\/i4f.com\/app\/uploads\/2021\/06\/Prospekt_DGP_I4F-Hymmen_low-ENG.pdf\" target=\"_blank\" class=\"btn  btn-primary\">T\u1ea3i xu\u1ed1ng PDF<\/a>\n                        <\/p>\n                  <\/div>\n                <\/div>\n              <\/div>\n            <\/div>\n          <\/div>\n        <\/div>\n        <\/section>\n\n        <section class=\"block cta image\" id=\"block_60ddb636d0802\">\n          <div class=\"container\">\n  <div class=\"row\">\n    <div class=\"col-lg-8 offset-lg-2\">\n      <div class=\"cta-bg\">\n        <div class=\"row align-items-center\">\n          <div class=\"col-xl-3\">\n            <div class=\"cta-image\">\n                                <img loading=\"lazy\" decoding=\"async\" src=\"https:\/\/i4f.com\/app\/uploads\/2021\/06\/Newsletter-preview-1-360x370.png\" alt=\"Lu\u00f4n c\u1eadp nh\u1eadt v\u1ec1 i4F\"\n         srcset=\"https:\/\/i4f.com\/app\/uploads\/2021\/06\/Newsletter-preview-1-350x0-c-default.png 320w,https:\/\/i4f.com\/app\/uploads\/2021\/06\/Newsletter-preview-1-360x370.png 640w, https:\/\/i4f.com\/app\/uploads\/2021\/06\/Newsletter-preview-1-716x740.png 1024w\"\n         sizes=\"auto, 100vw\" class=\"img-fluid\" width=\"360\"\n         height=\"370\"\/>\n    \n\n            <\/div>\n          <\/div>\n          <div class=\"col-xl-9\">\n            <div class=\"cta-content\">\n              <h3>Lu\u00f4n c\u1eadp nh\u1eadt v\u1ec1 i4F<\/h3>\n              <ul>\n                <li>Tin t\u1ee9c m\u1edbi nh\u1ea5t trong ng\u00e0nh \u0111\u01b0\u1ee3c g\u1eedi th\u1eb3ng t\u1edbi h\u1ed9p th\u01b0 \u0111\u1ebfn c\u1ee7a b\u1ea1n<\/li>\n                <li>T\u00ecm hi\u1ec3u th\u00eam v\u1ec1 c\u00e1c c\u00f4ng ngh\u1ec7 v\u00e0 nh\u1eefng s\u1ef1 ki\u1ec7n s\u1eafp t\u1edbi c\u1ee7a ch\u00fang t\u00f4i<\/li>\n              <\/ul>\n              <form action=\"\/vi\/cong-nghe-in-ky-thuat-so\/#block_60ddb636d0802\" method=\"post\" class=\"form-mailing-list form-process\" data-action=\"subscribe\" data-nonce=\"e66c093a16\" data-post-id=\"3129\" novalidate>\n                <div class='form-container'>\n                  <div class=\"alert alert-danger error\"><\/div>\n                  <label for=\"email\">\u0110\u1ecba ch\u1ec9 email c\u1ee7a b\u1ea1n<\/label>\n                  <div class=\"row g-0 align-items-center\">\n                    <div class=\"col-7\">\n                      <input id=\"email\" name=\"email\" type=\"email\" value=\"\" class=\"form-control\" \/>\n                    <\/div>\n                    <div class=\"col-5\">\n                      <button class=\"btn btn-sm btn-primary\">Lu\u00f4n c\u1eadp nh\u1eadt cho t\u00f4i<\/button>\n                    <\/div>\n                  <\/div>\n                <\/div>\n                <div class=\"form-thank-you\">\n                  <h3>C\u1ea3m \u01a1n b\u1ea1n \u0111\u00e3 \u0111\u0103ng k\u00fd<\/h3>\n                <\/div>\n              <\/form>\n            <\/div>\n          <\/div>\n        <\/div>\n      <\/div>\n    <\/div>\n  <\/div>\n          <\/div>\n        <\/section>\n\n\n\n","protected":false},"excerpt":{"rendered":"","protected":false},"author":14,"featured_media":0,"parent":0,"menu_order":0,"comment_status":"closed","ping_status":"closed","template":"","meta":{"_acf_changed":false,"content-type":"","footnotes":""},"class_list":["post-3129","page","type-page","status-publish","hentry"],"acf":[],"yoast_head":"<!-- This site is optimized with the Yoast SEO plugin v24.8.1 - https:\/\/yoast.com\/wordpress\/plugins\/seo\/ -->\n<title>i4F&#039;s Cutting-Edge Digital Printing Technologies | I4F<\/title>\n<meta name=\"description\" content=\"i4F c\u1ea5p ph\u00e9p cho c\u00e1c c\u00f4ng ngh\u1ec7 in k\u1ef9 thu\u1eadt s\u1ed1 ti\u00ean ti\u1ebfn nh\u1ea5t th\u1ebf gi\u1edbi, bao g\u1ed3m c\u1ea3 K\u1ef9 thu\u1eadt d\u1eadp n\u1ed5i s\u01a1n m\u00e0i k\u1ef9 thu\u1eadt s\u1ed1 (DLE) mang \u0111\u1ebfn kh\u1ea3 n\u0103ng quang h\u1ecdc v\u00e0 c\u1ea3m gi\u00e1c si\u00eau ch\u00e2n th\u1ef1c.\" \/>\n<meta name=\"robots\" content=\"index, follow, max-snippet:-1, max-image-preview:large, max-video-preview:-1\" \/>\n<link rel=\"canonical\" href=\"https:\/\/i4f.com\/vi\/cong-nghe-in-ky-thuat-so\/\" \/>\n<meta property=\"og:locale\" content=\"vi_VN\" \/>\n<meta property=\"og:type\" content=\"article\" \/>\n<meta property=\"og:title\" content=\"i4F&#039;s Cutting-Edge Digital Printing Technologies | I4F\" \/>\n<meta property=\"og:description\" content=\"i4F c\u1ea5p ph\u00e9p cho c\u00e1c c\u00f4ng ngh\u1ec7 in k\u1ef9 thu\u1eadt s\u1ed1 ti\u00ean ti\u1ebfn nh\u1ea5t th\u1ebf gi\u1edbi, bao g\u1ed3m c\u1ea3 K\u1ef9 thu\u1eadt d\u1eadp n\u1ed5i s\u01a1n m\u00e0i k\u1ef9 thu\u1eadt s\u1ed1 (DLE) mang \u0111\u1ebfn kh\u1ea3 n\u0103ng quang h\u1ecdc v\u00e0 c\u1ea3m gi\u00e1c si\u00eau ch\u00e2n th\u1ef1c.\" \/>\n<meta property=\"og:url\" content=\"https:\/\/i4f.com\/vi\/cong-nghe-in-ky-thuat-so\/\" \/>\n<meta property=\"og:site_name\" content=\"i4F\" \/>\n<meta property=\"article:modified_time\" content=\"2025-10-23T12:35:00+00:00\" \/>\n<meta name=\"twitter:card\" content=\"summary_large_image\" \/>\n<script type=\"application\/ld+json\" class=\"yoast-schema-graph\">{\"@context\":\"https:\/\/schema.org\",\"@graph\":[{\"@type\":\"WebPage\",\"@id\":\"https:\/\/i4f.com\/vi\/cong-nghe-in-ky-thuat-so\/\",\"url\":\"https:\/\/i4f.com\/vi\/cong-nghe-in-ky-thuat-so\/\",\"name\":\"i4F's Cutting-Edge Digital Printing Technologies | I4F\",\"isPartOf\":{\"@id\":\"https:\/\/i4f.com\/vi\/#website\"},\"datePublished\":\"2021-06-21T11:34:37+00:00\",\"dateModified\":\"2025-10-23T12:35:00+00:00\",\"description\":\"i4F c\u1ea5p ph\u00e9p cho c\u00e1c c\u00f4ng ngh\u1ec7 in k\u1ef9 thu\u1eadt s\u1ed1 ti\u00ean ti\u1ebfn nh\u1ea5t th\u1ebf gi\u1edbi, bao g\u1ed3m c\u1ea3 K\u1ef9 thu\u1eadt d\u1eadp n\u1ed5i s\u01a1n m\u00e0i k\u1ef9 thu\u1eadt s\u1ed1 (DLE) mang \u0111\u1ebfn kh\u1ea3 n\u0103ng quang h\u1ecdc v\u00e0 c\u1ea3m gi\u00e1c si\u00eau ch\u00e2n th\u1ef1c.\",\"breadcrumb\":{\"@id\":\"https:\/\/i4f.com\/vi\/cong-nghe-in-ky-thuat-so\/#breadcrumb\"},\"inLanguage\":\"vi-VN\",\"potentialAction\":[{\"@type\":\"ReadAction\",\"target\":[\"https:\/\/i4f.com\/vi\/cong-nghe-in-ky-thuat-so\/\"]}]},{\"@type\":\"BreadcrumbList\",\"@id\":\"https:\/\/i4f.com\/vi\/cong-nghe-in-ky-thuat-so\/#breadcrumb\",\"itemListElement\":[{\"@type\":\"ListItem\",\"position\":1,\"name\":\"Home\",\"item\":\"https:\/\/i4f.com\/vi\/\"},{\"@type\":\"ListItem\",\"position\":2,\"name\":\"C\u00f4ng ngh\u1ec7 In K\u1ef9 thu\u1eadt s\u1ed1\"}]},{\"@type\":\"WebSite\",\"@id\":\"https:\/\/i4f.com\/vi\/#website\",\"url\":\"https:\/\/i4f.com\/vi\/\",\"name\":\"i4F\",\"description\":\"\",\"potentialAction\":[{\"@type\":\"SearchAction\",\"target\":{\"@type\":\"EntryPoint\",\"urlTemplate\":\"https:\/\/i4f.com\/vi\/?s={search_term_string}\"},\"query-input\":{\"@type\":\"PropertyValueSpecification\",\"valueRequired\":true,\"valueName\":\"search_term_string\"}}],\"inLanguage\":\"vi-VN\"}]}<\/script>\n<!-- \/ Yoast SEO plugin. -->","yoast_head_json":{"title":"i4F's Cutting-Edge Digital Printing Technologies | I4F","description":"i4F c\u1ea5p ph\u00e9p cho c\u00e1c c\u00f4ng ngh\u1ec7 in k\u1ef9 thu\u1eadt s\u1ed1 ti\u00ean ti\u1ebfn nh\u1ea5t th\u1ebf gi\u1edbi, bao g\u1ed3m c\u1ea3 K\u1ef9 thu\u1eadt d\u1eadp n\u1ed5i s\u01a1n m\u00e0i k\u1ef9 thu\u1eadt s\u1ed1 (DLE) mang \u0111\u1ebfn kh\u1ea3 n\u0103ng quang h\u1ecdc v\u00e0 c\u1ea3m gi\u00e1c si\u00eau ch\u00e2n th\u1ef1c.","robots":{"index":"index","follow":"follow","max-snippet":"max-snippet:-1","max-image-preview":"max-image-preview:large","max-video-preview":"max-video-preview:-1"},"canonical":"https:\/\/i4f.com\/vi\/cong-nghe-in-ky-thuat-so\/","og_locale":"vi_VN","og_type":"article","og_title":"i4F's Cutting-Edge Digital Printing Technologies | I4F","og_description":"i4F c\u1ea5p ph\u00e9p cho c\u00e1c c\u00f4ng ngh\u1ec7 in k\u1ef9 thu\u1eadt s\u1ed1 ti\u00ean ti\u1ebfn nh\u1ea5t th\u1ebf gi\u1edbi, bao g\u1ed3m c\u1ea3 K\u1ef9 thu\u1eadt d\u1eadp n\u1ed5i s\u01a1n m\u00e0i k\u1ef9 thu\u1eadt s\u1ed1 (DLE) mang \u0111\u1ebfn kh\u1ea3 n\u0103ng quang h\u1ecdc v\u00e0 c\u1ea3m gi\u00e1c si\u00eau ch\u00e2n th\u1ef1c.","og_url":"https:\/\/i4f.com\/vi\/cong-nghe-in-ky-thuat-so\/","og_site_name":"i4F","article_modified_time":"2025-10-23T12:35:00+00:00","twitter_card":"summary_large_image","schema":{"@context":"https:\/\/schema.org","@graph":[{"@type":"WebPage","@id":"https:\/\/i4f.com\/vi\/cong-nghe-in-ky-thuat-so\/","url":"https:\/\/i4f.com\/vi\/cong-nghe-in-ky-thuat-so\/","name":"i4F's Cutting-Edge Digital Printing Technologies | I4F","isPartOf":{"@id":"https:\/\/i4f.com\/vi\/#website"},"datePublished":"2021-06-21T11:34:37+00:00","dateModified":"2025-10-23T12:35:00+00:00","description":"i4F c\u1ea5p ph\u00e9p cho c\u00e1c c\u00f4ng ngh\u1ec7 in k\u1ef9 thu\u1eadt s\u1ed1 ti\u00ean ti\u1ebfn nh\u1ea5t th\u1ebf gi\u1edbi, bao g\u1ed3m c\u1ea3 K\u1ef9 thu\u1eadt d\u1eadp n\u1ed5i s\u01a1n m\u00e0i k\u1ef9 thu\u1eadt s\u1ed1 (DLE) mang \u0111\u1ebfn kh\u1ea3 n\u0103ng quang h\u1ecdc v\u00e0 c\u1ea3m gi\u00e1c si\u00eau ch\u00e2n th\u1ef1c.","breadcrumb":{"@id":"https:\/\/i4f.com\/vi\/cong-nghe-in-ky-thuat-so\/#breadcrumb"},"inLanguage":"vi-VN","potentialAction":[{"@type":"ReadAction","target":["https:\/\/i4f.com\/vi\/cong-nghe-in-ky-thuat-so\/"]}]},{"@type":"BreadcrumbList","@id":"https:\/\/i4f.com\/vi\/cong-nghe-in-ky-thuat-so\/#breadcrumb","itemListElement":[{"@type":"ListItem","position":1,"name":"Home","item":"https:\/\/i4f.com\/vi\/"},{"@type":"ListItem","position":2,"name":"C\u00f4ng ngh\u1ec7 In K\u1ef9 thu\u1eadt s\u1ed1"}]},{"@type":"WebSite","@id":"https:\/\/i4f.com\/vi\/#website","url":"https:\/\/i4f.com\/vi\/","name":"i4F","description":"","potentialAction":[{"@type":"SearchAction","target":{"@type":"EntryPoint","urlTemplate":"https:\/\/i4f.com\/vi\/?s={search_term_string}"},"query-input":{"@type":"PropertyValueSpecification","valueRequired":true,"valueName":"search_term_string"}}],"inLanguage":"vi-VN"}]}},"_links":{"self":[{"href":"https:\/\/i4f.com\/vi\/wp-json\/wp\/v2\/pages\/3129","targetHints":{"allow":["GET"]}}],"collection":[{"href":"https:\/\/i4f.com\/vi\/wp-json\/wp\/v2\/pages"}],"about":[{"href":"https:\/\/i4f.com\/vi\/wp-json\/wp\/v2\/types\/page"}],"author":[{"embeddable":true,"href":"https:\/\/i4f.com\/vi\/wp-json\/wp\/v2\/users\/14"}],"replies":[{"embeddable":true,"href":"https:\/\/i4f.com\/vi\/wp-json\/wp\/v2\/comments?post=3129"}],"version-history":[{"count":6,"href":"https:\/\/i4f.com\/vi\/wp-json\/wp\/v2\/pages\/3129\/revisions"}],"predecessor-version":[{"id":9560,"href":"https:\/\/i4f.com\/vi\/wp-json\/wp\/v2\/pages\/3129\/revisions\/9560"}],"wp:attachment":[{"href":"https:\/\/i4f.com\/vi\/wp-json\/wp\/v2\/media?parent=3129"}],"curies":[{"name":"wp","href":"https:\/\/api.w.org\/{rel}","templated":true}]}}