{"id":9616,"date":"2022-10-04T11:56:18","date_gmt":"2022-10-04T11:56:18","guid":{"rendered":"https:\/\/i4f.com\/be-lite\/"},"modified":"2025-10-27T14:53:20","modified_gmt":"2025-10-27T14:53:20","slug":"be-lite","status":"publish","type":"page","link":"https:\/\/i4f.com\/fr\/be-lite\/","title":{"rendered":"Be-Lite"},"content":{"rendered":"  <section class=\"block landing-hero text-is-white\" id=\"block_67c1c7d23c697\" style=\"background-color: #222b05\">\n    <div class=\"hero-content\">\n      <div id=\"grad\" class=\"container\">\n      <style>#grad:before { background-image: linear-gradient(90deg, #222b05 50%, rgba(178, 208, 231, 0));}<\/style>\n        <div class=\"row\">\n          <div class=\"col-lg-6 col-md-6 col-sm-6 col-6\">\n                          <div class=\"hero-logo\">\n                <img decoding=\"async\" src=\"https:\/\/i4f.com\/app\/uploads\/2025\/02\/i4F-Be-Lite-logo.pdf-2-96x50.png\" alt=\"\"\/>\n              <\/div>\n                      <\/div>\n        \n                     <div class=\"col-lg-6 col-md-6 col-sm-6 d-lg-flex d-md-flex d-sm-flex d-flex col-6 justify-content-end\">\n              <ul class=\"nav-language\">\n                                  <li class=\"nav-link\"><a\n                      href=\"https:\/\/i4f.com\/\">EN<\/a><\/li>\n                                  <li class=\"nav-link\"><a\n                      href=\"https:\/\/i4f.com\/de\/\">DE<\/a><\/li>\n                                  <li class=\"nav-link active\"><a\n                      href=\"https:\/\/i4f.com\/fr\/\">FR<\/a><\/li>\n                                  <li class=\"nav-link\"><a\n                      href=\"https:\/\/i4f.com\/vi\/\">VI<\/a><\/li>\n                                  <li class=\"nav-link\"><a\n                      href=\"https:\/\/i4f.com\/zh-hans\/\">\u4e2d\u6587<\/a><\/li>\n                              <\/ul>\n            <\/div>\n           \n\n          <!-- hardcoded lag menu \n          <div class=\"col-lg-6 col-md-6 col-sm-6 d-lg-flex d-md-flex d-sm-flex d-flex col-6 justify-content-end\">\n            <ul class=\"nav-language\">\n              <li class=\"nav-link active\">\n                <a href=\"https:\/\/i4f.com\/belite\/\">\n                  EN\n                <\/a>\n              <\/li>\n              <li class=\"nav-link\">\n                <a href=\"https:\/\/i4f.com\/zh-hans\/be-lite\/\">\n                  \u4e2d\u6587\n                <\/a>\n              <\/li>  \n            <\/ul>\n          <\/div> -->\n\n        <\/div>\n        <div class=\"hero-bg d-md-none mb-5\"\n             style=\"background-image: url('https:\/\/i4f.com\/app\/uploads\/2022\/08\/ADCEPT-Be-lite-7-Clean-no-logo-only-process-technologies-1-4782x2280.png')\"><\/div>\n        <div class=\"row align-items-center\">\n          <div class=\"col-lg-6 col-xxl-6 hero-text\">\n            <div class=\"hero-body\">\n                              <h6>La mani\u00e8re la plus durable de fabriquer des panneaux SPC<\/h6>\n                            <h1>Des \u00e9conomies durables et d\u2019une l\u00e9g\u00e8ret\u00e9 incroyable<\/h1>\n\n                              <p>Vous avez entendu parler de la technologie i4F Be-Lite\u00ae ? Fabriquer des panneaux SPC incroyablement l\u00e9gers de mani\u00e8re durable permet de r\u00e9duire l\u2019utilisation totale des mat\u00e9riaux de base jusqu\u2019\u00e0 20 %. Cela diminue \u00e9galement les co\u00fbts de transport d\u2019au moins 6 % et r\u00e9duit les \u00e9missions de CO\u2082 \u00e0 chaque \u00e9tape du parcours du panneau, de l\u2019usine \u00e0 l\u2019installation.<\/p>\n                            <p class=\"hero-links\">\n                                  <a id=\"hero-block_67c1c7d23c697-cta\" href=\"https:\/\/i4f.com\/app\/uploads\/2022\/09\/04.-folder-Be-Lite-single-pages-online-1.pdf\" class=\"btn btn-sm btn-primary\">T\u00e9l\u00e9charger la brochure<\/a>\n                                              <\/p>\n            <\/div>\n          <\/div>\n        <\/div>\n      <\/div>\n      <div id=\"hero-intersection-target\"><\/div>\n    <\/div>\n    <div class=\"hero-bg d-none d-md-block\"\n         style=\"background-image: url('https:\/\/i4f.com\/app\/uploads\/2022\/08\/ADCEPT-Be-lite-7-Clean-no-logo-only-process-technologies-1-4782x2280.png')\"><\/div>\n  <\/section>\n            <section class=\"block is-default text-image main align-right overlap\" id=\"block_67c1c7d23c6f8\">\n        <div class=\"container-outer\">\n        <div class=\"block-wrapper\">\n          <div class=\"container\">\n            <div class=\"row align-items-center\">\n            <div class=\"responsive_reverse\">\n<div class=\"col-xl-6 order-xl-2\">\n                <div class=\"txtimg-body\">\n                    <h2>Pr\u00e9parez-vous \u00e0 \u00eatre \u00e9pat\u00e9s<\/h2>\n                    <p>4F Be-Lite\u00ae est une nouvelle technologie brevet\u00e9e qui permet une r\u00e9duction significative de l\u2019utilisation des mati\u00e8res premi\u00e8res du noyau SPC lors de la fabrication des panneaux d\u00e9coratifs, sans compromettre les performances. Comme les panneaux SPC produits avec i4F Be-Lite sont beaucoup plus l\u00e9gers, leur fabrication et leur transport co\u00fbtent bien moins cher. Cette innovation am\u00e9liore consid\u00e9rablement l\u2019empreinte carbone de l\u2019industrie du rev\u00eatement de sol, tout en restant attrayante pour les fabricants gr\u00e2ce aux \u00e9conomies r\u00e9alis\u00e9es. C\u2019est une v\u00e9ritable situation gagnant-gagnant pour l\u2019industrie et pour la plan\u00e8te. i4F Be-Lite\u00ae est disponible exclusivement sous licence i4F dans le cadre de son portefeuille de technologies ax\u00e9es sur la durabilit\u00e9. La technologie est le fruit d\u2019un partenariat de brevet avec CFL Flooring.<\/p>\n\n\n                <\/div>\n                <div class=\"col-xl-6 order-xl-1\">\n                <div class=\"txtimg-image text-center\">\n                                      <img loading=\"lazy\" decoding=\"async\" src=\"https:\/\/i4f.com\/app\/uploads\/2022\/09\/card-showcase-lg.png\" alt=\"\"\n         srcset=\"https:\/\/i4f.com\/app\/uploads\/2022\/09\/card-showcase-lg-350x0-c-default.png 320w,https:\/\/i4f.com\/app\/uploads\/2022\/09\/card-showcase-lg.png 640w, https:\/\/i4f.com\/app\/uploads\/2022\/09\/card-showcase-lg.png 1024w\"\n         sizes=\"auto, 100vw\" class=\"img-fluid\" width=\"764\"\n         height=\"430\"\/>\n    \n\n                <\/div>\n                <\/div>\n              <\/div>\n                    <p>\n                        <a href=\"https:\/\/www.youtube.com\/watch?v=Q6x0_E1m218\" class=\"btn  btn-primary\">Des avantages pour vos clients<\/a>\n                          <a href=\"https:\/\/i4f.com\/article\/i4f-be-lite-technology-i4f-and-cfl-flooring-partner-to-deliver-more-sustainable-manufacturing-process-for-spc-panels\/\" class=\"more\">Communiqu\u00e9 de presse Be-Lite<\/a>\n                      <\/p>\n                  <\/div>\n                <\/div>\n              <\/div>  \n            <\/div>\n              <div class=\"responsive_default align-items-center\">\n                <div class=\"col-xl-6 order-xl-2\">\n                  <div class=\"txtimg-image text-center\">\n                                      <img loading=\"lazy\" decoding=\"async\" src=\"https:\/\/i4f.com\/app\/uploads\/2022\/09\/card-showcase-lg.png\" alt=\"\"\n         srcset=\"https:\/\/i4f.com\/app\/uploads\/2022\/09\/card-showcase-lg-350x0-c-default.png 320w,https:\/\/i4f.com\/app\/uploads\/2022\/09\/card-showcase-lg.png 640w, https:\/\/i4f.com\/app\/uploads\/2022\/09\/card-showcase-lg.png 1024w\"\n         sizes=\"auto, 100vw\" class=\"img-fluid\" width=\"764\"\n         height=\"430\"\/>\n    \n\n                  <\/div>\n                <\/div>\n                <div class=\"col-xl-6 order-xl-1\">\n                  <div class=\"txtimg-body\">\n                    <h2>Pr\u00e9parez-vous \u00e0 \u00eatre \u00e9pat\u00e9s<\/h2>\n                    <p>4F Be-Lite\u00ae est une nouvelle technologie brevet\u00e9e qui permet une r\u00e9duction significative de l\u2019utilisation des mati\u00e8res premi\u00e8res du noyau SPC lors de la fabrication des panneaux d\u00e9coratifs, sans compromettre les performances. Comme les panneaux SPC produits avec i4F Be-Lite sont beaucoup plus l\u00e9gers, leur fabrication et leur transport co\u00fbtent bien moins cher. Cette innovation am\u00e9liore consid\u00e9rablement l\u2019empreinte carbone de l\u2019industrie du rev\u00eatement de sol, tout en restant attrayante pour les fabricants gr\u00e2ce aux \u00e9conomies r\u00e9alis\u00e9es. C\u2019est une v\u00e9ritable situation gagnant-gagnant pour l\u2019industrie et pour la plan\u00e8te. i4F Be-Lite\u00ae est disponible exclusivement sous licence i4F dans le cadre de son portefeuille de technologies ax\u00e9es sur la durabilit\u00e9. La technologie est le fruit d\u2019un partenariat de brevet avec CFL Flooring.<\/p>\n\n                    <p>\n                        <a href=\"https:\/\/www.youtube.com\/watch?v=Q6x0_E1m218\" class=\"btn  btn-primary\">Des avantages pour vos clients<\/a>\n                          <a href=\"https:\/\/i4f.com\/article\/i4f-be-lite-technology-i4f-and-cfl-flooring-partner-to-deliver-more-sustainable-manufacturing-process-for-spc-panels\/\" class=\"more\">Communiqu\u00e9 de presse Be-Lite<\/a>\n                      <\/p>\n                  <\/div>\n                <\/div>\n              <\/div>\n            <\/div>\n          <\/div>\n        <\/div>\n        <\/div>\n        <\/section>\n\n        <section class=\"block heading center\" id=\"block_67c1c7d23c729\">\n          <div class=\"container\">\n  <div class=\"row\">\n    <div class=\"col-lg-8 offset-lg-2\">\n      <h2>Alors, pourquoi tout ce buzz ?<\/h2>\n      <p>i4F Be-Lite est une technologie de thermoformage qui, selon l\u2019\u00e9paisseur du noyau des panneaux et la forme i4F Be-Lite utilis\u00e9e, permet de r\u00e9duire jusqu\u2019\u00e0 20 % les mati\u00e8res premi\u00e8res employ\u00e9es lors de la fabrication du noyau. Cela diff\u00e8re des autres techniques d\u2019\u00e9conomie de mat\u00e9riaux qui retirent et recyclent la mati\u00e8re apr\u00e8s la production, entra\u00eenant ainsi plus de co\u00fbts et d\u2019\u00e9missions de CO\u2082 li\u00e9es au transport et au recyclage des d\u00e9chets. Les panneaux SPC obtenus, plus l\u00e9gers, conservent des performances optimales tout en r\u00e9duisant facilement d\u2019au moins 5 % les co\u00fbts totaux des mati\u00e8res premi\u00e8res et d\u2019au moins 6 % les co\u00fbts de transport.<\/p>\n    <\/div>\n  <\/div>\n          <\/div>\n        <\/section>\n\n        <section class=\"block video\" id=\"block_67c1c7d23c74d\">\n          <div class=\"container\">\n  <div class=\"row\">\n      <div class=\"col-md-8 offset-md-2\">\n          <!-- test: not_cn -->\n      <div class=\"video-player\">\n        <div class=\"video-cover\">\n                                     <img loading=\"lazy\" decoding=\"async\" src=\"https:\/\/i4f.com\/app\/uploads\/2022\/09\/vidthumbnail-920x518.png\" alt=\"Video thumbnail\"\n         srcset=\"https:\/\/i4f.com\/app\/uploads\/2022\/09\/vidthumbnail-350x0-c-default.png 320w,https:\/\/i4f.com\/app\/uploads\/2022\/09\/vidthumbnail-920x518.png 640w, https:\/\/i4f.com\/app\/uploads\/2022\/09\/vidthumbnail.png 1024w\"\n         sizes=\"auto, 100vw\" class=\"img-fluid\" width=\"920\"\n         height=\"518\"\/>\n    \n\n          <button class=\"play-btn\"><svg width=\"75\" height=\"75\" viewBox=\"0 0 75 75\" fill=\"none\" xmlns=\"http:\/\/www.w3.org\/2000\/svg\">\n<circle cx=\"37.0634\" cy=\"37.5633\" r=\"36.5634\" fill=\"url(#paint0_linear)\" stroke=\"white\"\/>\n<path d=\"M28.6621 25.2088L48.4293 38.0574L28.6621 50.9061V25.2088Z\" fill=\"white\"\/>\n<defs>\n<linearGradient id=\"paint0_linear\" x1=\"-2.1099e-06\" y1=\"41.1243\" x2=\"74.1268\" y2=\"41.1243\" gradientUnits=\"userSpaceOnUse\">\n<stop stop-color=\"#465865\"\/>\n<stop offset=\"1\" stop-color=\"#0A0E11\"\/>\n<\/linearGradient>\n<\/defs>\n<\/svg>\n<\/button>\n        <\/div>\n        <div class=\"ratio ratio-16x9\">\n          <iframe loading=\"lazy\" title=\"i4F Be-Lite\u00ae: Sustainable savings and unbeelievably light\" width=\"920\" height=\"518\" src=\"https:\/\/www.youtube.com\/embed\/Q6x0_E1m218?feature=oembed&#038;controls=1&#038;hd=1&#038;autohide=1&#038;rel=0\" frameborder=\"0\" allow=\"accelerometer; autoplay; clipboard-write; encrypted-media; gyroscope; picture-in-picture; web-share\" referrerpolicy=\"strict-origin-when-cross-origin\" allowfullscreen class=\"embed-responsive-item\"><\/iframe>\n        <\/div>\n      <\/div>\n                    \n    <\/div>\n    <\/div>\n          <\/div>\n        <\/section>\n\n        <section class=\"block quote\" id=\"block_67c1c7d23c76a\">\n          <div class=\"container\">\n  <div class=\"row\">\n    <div class=\"col-md-8 offset-md-2\">\n      <p class=\"quote-content\">Moins de d\u00e9chets, moins de co\u00fbts, moins de CO\u2082, moins d\u2019impact<\/p>\n      <div class=\"quote-info d-flex align-items-center\">\n        <div class=\"quote-name\">\n          <p><strong><\/strong><br \/>\n            <\/p>\n        <\/div>\n      <\/div>\n    <\/div>\n  <\/div>\n          <\/div>\n        <\/section>\n\n        <section class=\"block is-default text-image main align-left \" id=\"block_67c1c7d23c796\">\n        <div class=\"container-outer\">\n          <div class=\"container\">\n            <div class=\"row align-items-center\">\n            <div class=\"responsive_reverse\">\n<div class=\"col-xl-7\">\n                <div class=\"txtimg-body\">\n                    <h2>i4F Be-Lite ne co\u00fbte pas la plan\u00e8te<\/h2>\n                    <p>Adopter la technologie i4F Be-Lite\u00ae pour une production durable de panneaux SPC apporte de grands b\u00e9n\u00e9fices pour un investissement relativement faible. En fonction du volume de production de la plupart des fabricants, cet investissement peut \u00eatre rentabilis\u00e9 en moins de deux semaines.<\/p>\n\n\n                <\/div>\n                <div class=\"col-xl-5\">\n                <div class=\"txtimg-image text-center\">\n                                      <img loading=\"lazy\" decoding=\"async\" src=\"https:\/\/i4f.com\/app\/uploads\/2025\/02\/i4F-Be-Lite-logo.pdf-2-1-920x518.png\" alt=\"\"\n         srcset=\"https:\/\/i4f.com\/app\/uploads\/2025\/02\/i4F-Be-Lite-logo.pdf-2-1-350x0-c-default.png 320w,https:\/\/i4f.com\/app\/uploads\/2025\/02\/i4F-Be-Lite-logo.pdf-2-1-920x518.png 640w, https:\/\/i4f.com\/app\/uploads\/2025\/02\/i4F-Be-Lite-logo.pdf-2-1.png 1024w\"\n         sizes=\"auto, 100vw\" class=\"img-fluid\" width=\"920\"\n         height=\"518\"\/>\n    \n\n                <\/div>\n                <\/div>\n              <\/div>\n                    <p>\n                        <a href=\"https:\/\/i4f.com\/app\/uploads\/2022\/09\/04.-folder-Be-Lite-single-pages-online-1.pdf\" class=\"btn  btn-primary\">T\u00e9l\u00e9charger la brochure<\/a>\n                        <\/p>\n                  <\/div>\n                <\/div>\n              <\/div>  \n            <\/div>\n              <div class=\"responsive_default align-items-center\">\n                <div class=\"col-xl-7\">\n                  <div class=\"txtimg-image text-center\">\n                                      <img loading=\"lazy\" decoding=\"async\" src=\"https:\/\/i4f.com\/app\/uploads\/2025\/02\/i4F-Be-Lite-logo.pdf-2-1-920x518.png\" alt=\"\"\n         srcset=\"https:\/\/i4f.com\/app\/uploads\/2025\/02\/i4F-Be-Lite-logo.pdf-2-1-350x0-c-default.png 320w,https:\/\/i4f.com\/app\/uploads\/2025\/02\/i4F-Be-Lite-logo.pdf-2-1-920x518.png 640w, https:\/\/i4f.com\/app\/uploads\/2025\/02\/i4F-Be-Lite-logo.pdf-2-1.png 1024w\"\n         sizes=\"auto, 100vw\" class=\"img-fluid\" width=\"920\"\n         height=\"518\"\/>\n    \n\n                  <\/div>\n                <\/div>\n                <div class=\"col-xl-5\">\n                  <div class=\"txtimg-body\">\n                    <h2>i4F Be-Lite ne co\u00fbte pas la plan\u00e8te<\/h2>\n                    <p>Adopter la technologie i4F Be-Lite\u00ae pour une production durable de panneaux SPC apporte de grands b\u00e9n\u00e9fices pour un investissement relativement faible. En fonction du volume de production de la plupart des fabricants, cet investissement peut \u00eatre rentabilis\u00e9 en moins de deux semaines.<\/p>\n\n                    <p>\n                        <a href=\"https:\/\/i4f.com\/app\/uploads\/2022\/09\/04.-folder-Be-Lite-single-pages-online-1.pdf\" class=\"btn  btn-primary\">T\u00e9l\u00e9charger la brochure<\/a>\n                        <\/p>\n                  <\/div>\n                <\/div>\n              <\/div>\n            <\/div>\n          <\/div>\n        <\/div>\n        <\/section>\n\n        <section class=\"block cta image\" id=\"block_60ddb636d0802\">\n          <div class=\"container\">\n  <div class=\"row\">\n    <div class=\"col-lg-8 offset-lg-2\">\n      <div class=\"cta-bg\">\n        <div class=\"row align-items-center\">\n          <div class=\"col-xl-3\">\n            <div class=\"cta-image\">\n                                <img loading=\"lazy\" decoding=\"async\" src=\"https:\/\/i4f.com\/app\/uploads\/2021\/06\/Newsletter-preview-1-360x370.png\" alt=\"Restez \u00e0 jour avec i4F\"\n         srcset=\"https:\/\/i4f.com\/app\/uploads\/2021\/06\/Newsletter-preview-1-350x0-c-default.png 320w,https:\/\/i4f.com\/app\/uploads\/2021\/06\/Newsletter-preview-1-360x370.png 640w, https:\/\/i4f.com\/app\/uploads\/2021\/06\/Newsletter-preview-1-716x740.png 1024w\"\n         sizes=\"auto, 100vw\" class=\"img-fluid\" width=\"360\"\n         height=\"370\"\/>\n    \n\n            <\/div>\n          <\/div>\n          <div class=\"col-xl-9\">\n            <div class=\"cta-content\">\n              <h3>Restez \u00e0 jour avec i4F<\/h3>\n              <ul>\n                <li>Les derni\u00e8res nouvelles de l&#8217;industrie directement dans votre bo\u00eete de r\u00e9ception<\/li>\n                <li>En savoir plus sur nos technologies et les \u00e9v\u00e9nements \u00e0 venir<\/li>\n              <\/ul>\n              <form action=\"\/fr\/be-lite\/#block_60ddb636d0802\" method=\"post\" class=\"form-mailing-list form-process\" data-action=\"subscribe\" data-nonce=\"bd195fa1e5\" data-post-id=\"9616\" novalidate>\n                <div class='form-container'>\n                  <div class=\"alert alert-danger error\"><\/div>\n                  <label for=\"email\">Votre adresse e-mail<\/label>\n                  <div class=\"row g-0 align-items-center\">\n                    <div class=\"col-7\">\n                      <input id=\"email\" name=\"email\" type=\"email\" value=\"\" class=\"form-control\" \/>\n                    <\/div>\n                    <div class=\"col-5\">\n                      <button class=\"btn btn-sm btn-primary\">Tenez-moi au courant<\/button>\n                    <\/div>\n                  <\/div>\n                <\/div>\n                <div class=\"form-thank-you\">\n                  <h3>Merci de votre inscription<\/h3>\n                <\/div>\n              <\/form>\n            <\/div>\n          <\/div>\n        <\/div>\n      <\/div>\n    <\/div>\n  <\/div>\n          <\/div>\n        <\/section>\n\n","protected":false},"excerpt":{"rendered":"","protected":false},"author":14,"featured_media":0,"parent":0,"menu_order":0,"comment_status":"closed","ping_status":"closed","template":"templates\/page-landing.php","meta":{"_acf_changed":false,"content-type":"","footnotes":""},"class_list":["post-9616","page","type-page","status-publish","hentry"],"acf":[],"yoast_head":"<!-- This site is optimized with the Yoast SEO plugin v24.8.1 - https:\/\/yoast.com\/wordpress\/plugins\/seo\/ -->\n<title>Be-Lite - i4F<\/title>\n<meta name=\"robots\" content=\"index, follow, max-snippet:-1, max-image-preview:large, max-video-preview:-1\" \/>\n<link rel=\"canonical\" href=\"https:\/\/i4f.com\/fr\/be-lite\/\" \/>\n<meta property=\"og:locale\" content=\"fr_FR\" \/>\n<meta property=\"og:type\" content=\"article\" \/>\n<meta property=\"og:title\" content=\"Be-Lite - i4F\" \/>\n<meta property=\"og:url\" content=\"https:\/\/i4f.com\/fr\/be-lite\/\" \/>\n<meta property=\"og:site_name\" content=\"i4F\" \/>\n<meta property=\"article:modified_time\" content=\"2025-10-27T14:53:20+00:00\" \/>\n<meta name=\"twitter:card\" content=\"summary_large_image\" \/>\n<script type=\"application\/ld+json\" class=\"yoast-schema-graph\">{\"@context\":\"https:\/\/schema.org\",\"@graph\":[{\"@type\":\"WebPage\",\"@id\":\"https:\/\/i4f.com\/fr\/be-lite\/\",\"url\":\"https:\/\/i4f.com\/fr\/be-lite\/\",\"name\":\"Be-Lite - i4F\",\"isPartOf\":{\"@id\":\"https:\/\/i4f.com\/fr\/#website\"},\"datePublished\":\"2022-10-04T11:56:18+00:00\",\"dateModified\":\"2025-10-27T14:53:20+00:00\",\"breadcrumb\":{\"@id\":\"https:\/\/i4f.com\/fr\/be-lite\/#breadcrumb\"},\"inLanguage\":\"fr-FR\",\"potentialAction\":[{\"@type\":\"ReadAction\",\"target\":[\"https:\/\/i4f.com\/fr\/be-lite\/\"]}]},{\"@type\":\"BreadcrumbList\",\"@id\":\"https:\/\/i4f.com\/fr\/be-lite\/#breadcrumb\",\"itemListElement\":[{\"@type\":\"ListItem\",\"position\":1,\"name\":\"Home\",\"item\":\"https:\/\/i4f.com\/fr\/\"},{\"@type\":\"ListItem\",\"position\":2,\"name\":\"Be-Lite\"}]},{\"@type\":\"WebSite\",\"@id\":\"https:\/\/i4f.com\/fr\/#website\",\"url\":\"https:\/\/i4f.com\/fr\/\",\"name\":\"i4F\",\"description\":\"\",\"potentialAction\":[{\"@type\":\"SearchAction\",\"target\":{\"@type\":\"EntryPoint\",\"urlTemplate\":\"https:\/\/i4f.com\/fr\/?s={search_term_string}\"},\"query-input\":{\"@type\":\"PropertyValueSpecification\",\"valueRequired\":true,\"valueName\":\"search_term_string\"}}],\"inLanguage\":\"fr-FR\"}]}<\/script>\n<!-- \/ Yoast SEO plugin. -->","yoast_head_json":{"title":"Be-Lite - i4F","robots":{"index":"index","follow":"follow","max-snippet":"max-snippet:-1","max-image-preview":"max-image-preview:large","max-video-preview":"max-video-preview:-1"},"canonical":"https:\/\/i4f.com\/fr\/be-lite\/","og_locale":"fr_FR","og_type":"article","og_title":"Be-Lite - i4F","og_url":"https:\/\/i4f.com\/fr\/be-lite\/","og_site_name":"i4F","article_modified_time":"2025-10-27T14:53:20+00:00","twitter_card":"summary_large_image","schema":{"@context":"https:\/\/schema.org","@graph":[{"@type":"WebPage","@id":"https:\/\/i4f.com\/fr\/be-lite\/","url":"https:\/\/i4f.com\/fr\/be-lite\/","name":"Be-Lite - i4F","isPartOf":{"@id":"https:\/\/i4f.com\/fr\/#website"},"datePublished":"2022-10-04T11:56:18+00:00","dateModified":"2025-10-27T14:53:20+00:00","breadcrumb":{"@id":"https:\/\/i4f.com\/fr\/be-lite\/#breadcrumb"},"inLanguage":"fr-FR","potentialAction":[{"@type":"ReadAction","target":["https:\/\/i4f.com\/fr\/be-lite\/"]}]},{"@type":"BreadcrumbList","@id":"https:\/\/i4f.com\/fr\/be-lite\/#breadcrumb","itemListElement":[{"@type":"ListItem","position":1,"name":"Home","item":"https:\/\/i4f.com\/fr\/"},{"@type":"ListItem","position":2,"name":"Be-Lite"}]},{"@type":"WebSite","@id":"https:\/\/i4f.com\/fr\/#website","url":"https:\/\/i4f.com\/fr\/","name":"i4F","description":"","potentialAction":[{"@type":"SearchAction","target":{"@type":"EntryPoint","urlTemplate":"https:\/\/i4f.com\/fr\/?s={search_term_string}"},"query-input":{"@type":"PropertyValueSpecification","valueRequired":true,"valueName":"search_term_string"}}],"inLanguage":"fr-FR"}]}},"_links":{"self":[{"href":"https:\/\/i4f.com\/fr\/wp-json\/wp\/v2\/pages\/9616","targetHints":{"allow":["GET"]}}],"collection":[{"href":"https:\/\/i4f.com\/fr\/wp-json\/wp\/v2\/pages"}],"about":[{"href":"https:\/\/i4f.com\/fr\/wp-json\/wp\/v2\/types\/page"}],"author":[{"embeddable":true,"href":"https:\/\/i4f.com\/fr\/wp-json\/wp\/v2\/users\/14"}],"replies":[{"embeddable":true,"href":"https:\/\/i4f.com\/fr\/wp-json\/wp\/v2\/comments?post=9616"}],"version-history":[{"count":1,"href":"https:\/\/i4f.com\/fr\/wp-json\/wp\/v2\/pages\/9616\/revisions"}],"predecessor-version":[{"id":9617,"href":"https:\/\/i4f.com\/fr\/wp-json\/wp\/v2\/pages\/9616\/revisions\/9617"}],"wp:attachment":[{"href":"https:\/\/i4f.com\/fr\/wp-json\/wp\/v2\/media?parent=9616"}],"curies":[{"name":"wp","href":"https:\/\/api.w.org\/{rel}","templated":true}]}}