{"id":9473,"date":"2025-10-01T08:03:52","date_gmt":"2025-10-01T08:03:52","guid":{"rendered":"https:\/\/i4f.com\/technologies\/technologies-stairnoses\/"},"modified":"2025-10-27T15:01:04","modified_gmt":"2025-10-27T15:01:04","slug":"technologies-stairnoses","status":"publish","type":"page","link":"https:\/\/i4f.com\/fr\/technologies\/technologies-stairnoses\/","title":{"rendered":"Stair Tread Technologies"},"content":{"rendered":"        <section class=\"block hero\" id=\"block_68f7978fb6414\">\n          <div class=\"hero-content\" style=\"background-image: url('https:\/\/i4f.com\/app\/uploads\/2025\/10\/Projekt-bez-nazwy-2025-10-01T095929.550.png')\">\n                              <img loading=\"lazy\" decoding=\"async\" src=\"https:\/\/i4f.com\/app\/uploads\/2025\/10\/Projekt-bez-nazwy-2025-10-01T095929.550-1080x820.png\" alt=\"Devenez licenci\u00e9\"\n         srcset=\"https:\/\/i4f.com\/app\/uploads\/2025\/10\/Projekt-bez-nazwy-2025-10-01T095929.550-350x0-c-default.png 320w,https:\/\/i4f.com\/app\/uploads\/2025\/10\/Projekt-bez-nazwy-2025-10-01T095929.550-1080x820.png 640w, https:\/\/i4f.com\/app\/uploads\/2025\/10\/Projekt-bez-nazwy-2025-10-01T095929.550.png 1024w\"\n         sizes=\"auto, 100vw\" class=\"img-fluid hero-mobile\" width=\"1080\"\n         height=\"820\"\/>\n    \n\n            <div class=\"container\">\n              <div class=\"overlay\"><\/div>\n              <div class=\"row align-items-center\">\n                <div class=\"col-lg-5\">\n                  <div class=\"hero-body\">\n                    <div class=\"hero-logo\">\n                      <img decoding=\"async\" src=\"https:\/\/i4f.com\/app\/uploads\/2025\/10\/i4F-stair-tread-199x50.png\" alt=\"\" \/>\n                    <\/div>\n                    <h1>Devenez licenci\u00e9<\/h1>\n                    <p>Technologie de nez de marche monobloc, sans couture et exceptionnellement flexible<\/p>\n                    <p class=\"hero-links\">\n                      <a href=\"#Taking-Flooring\" class=\"btn  btn-primary\">Voir nos technologies &nbsp; <svg width=\"24\" height=\"24\" viewBox=\"0 0 24 24\" fill=\"none\" xmlns=\"http:\/\/www.w3.org\/2000\/svg\">\n<path d=\"M12 5V19\" stroke=\"#304757\" stroke-width=\"2\" stroke-linecap=\"round\" stroke-linejoin=\"round\"\/>\n<path d=\"M19 12L12 19L5 12\" stroke=\"#304757\" stroke-width=\"2\" stroke-linecap=\"round\" stroke-linejoin=\"round\"\/>\n<\/svg>\n<\/a>\n                      <a href=\"https:\/\/i4f.com\/contact\/?tab=block_60d3b16e96657-2-form#block_60d3b16596656\" class=\"btn  btn-outline-secondary\">Obtenir une license<\/a>\n                    <\/p>\n                  <\/div>\n                <\/div>\n                <div class=\"col d-none d-lg-block hero-spacer\">\n                <\/div>\n              <\/div>\n            <\/div>\n          <\/div>\n        <\/section>\n\n        <section class=\"block text-image main align-right overlap\" id=\"block_68f7978fc2166\">\n        <div class=\"container-outer\">\n        <div class=\"block-wrapper\">\n          <div class=\"container\">\n            <div class=\"row align-items-center\">\n            <div class=\"responsive_reverse\">\n<div class=\"col-xl-6 order-xl-2\">\n                <div class=\"txtimg-body\">\n                    <h2>Haute r\u00e9sistance \u00e0 l\u2019usure, antid\u00e9rapant et r\u00e9sistant \u00e0 l\u2019eau<\/h2>\n                    <p>Cette technologie r\u00e9pond aux d\u00e9fis courants des rev\u00eatements d\u2019escalier traditionnels, notamment la d\u00e9pendance \u00e0 des syst\u00e8mes de profil\u00e9s inesth\u00e9tiques. La technologie StepVue permet aux fabricants de proposer des escaliers esth\u00e9tiques, solides, antid\u00e9rapants et sans joint, chaque nez de marche \u00e9tant con\u00e7u \u00e0 partir d\u2019une seule pi\u00e8ce de mat\u00e9riau.<\/p>\n\n\n                <\/div>\n                <div class=\"col-xl-6 order-xl-1\">\n                <div class=\"txtimg-image text-center\">\n                                      <img loading=\"lazy\" decoding=\"async\" src=\"https:\/\/i4f.com\/app\/uploads\/2025\/10\/Rigid-trede-920x518.jpg\" alt=\"\"\n         srcset=\"https:\/\/i4f.com\/app\/uploads\/2025\/10\/Rigid-trede-350x0-c-default.jpg 320w,https:\/\/i4f.com\/app\/uploads\/2025\/10\/Rigid-trede-920x518.jpg 640w, https:\/\/i4f.com\/app\/uploads\/2025\/10\/Rigid-trede-1840x1036.jpg 1024w\"\n         sizes=\"auto, 100vw\" class=\"img-fluid\" width=\"920\"\n         height=\"518\"\/>\n    \n\n                <\/div>\n                <\/div>\n              <\/div>\n                  <\/div>\n                <\/div>\n              <\/div>  \n            <\/div>\n              <div class=\"responsive_default align-items-center\">\n                <div class=\"col-xl-6 order-xl-2\">\n                  <div class=\"txtimg-image text-center\">\n                                      <img loading=\"lazy\" decoding=\"async\" src=\"https:\/\/i4f.com\/app\/uploads\/2025\/10\/Rigid-trede-920x518.jpg\" alt=\"\"\n         srcset=\"https:\/\/i4f.com\/app\/uploads\/2025\/10\/Rigid-trede-350x0-c-default.jpg 320w,https:\/\/i4f.com\/app\/uploads\/2025\/10\/Rigid-trede-920x518.jpg 640w, https:\/\/i4f.com\/app\/uploads\/2025\/10\/Rigid-trede-1840x1036.jpg 1024w\"\n         sizes=\"auto, 100vw\" class=\"img-fluid\" width=\"920\"\n         height=\"518\"\/>\n    \n\n                  <\/div>\n                <\/div>\n                <div class=\"col-xl-6 order-xl-1\">\n                  <div class=\"txtimg-body\">\n                    <h2>Haute r\u00e9sistance \u00e0 l\u2019usure, antid\u00e9rapant et r\u00e9sistant \u00e0 l\u2019eau<\/h2>\n                    <p>Cette technologie r\u00e9pond aux d\u00e9fis courants des rev\u00eatements d\u2019escalier traditionnels, notamment la d\u00e9pendance \u00e0 des syst\u00e8mes de profil\u00e9s inesth\u00e9tiques. La technologie StepVue permet aux fabricants de proposer des escaliers esth\u00e9tiques, solides, antid\u00e9rapants et sans joint, chaque nez de marche \u00e9tant con\u00e7u \u00e0 partir d\u2019une seule pi\u00e8ce de mat\u00e9riau.<\/p>\n\n                  <\/div>\n                <\/div>\n              <\/div>\n            <\/div>\n          <\/div>\n        <\/div>\n        <\/div>\n        <\/section>\n\n        <section class=\"block text-image main align-left \" id=\"block_68f7978fc3df6\">\n        <div class=\"container-outer\">\n          <div class=\"container\">\n            <div class=\"row align-items-center\">\n            <div class=\"responsive_reverse\">\n<div class=\"col-xl-7\">\n                <div class=\"txtimg-body\">\n                    <h2>Compatible avec tous les types de rev\u00eatements de sol<\/h2>\n                    <p>Cette solution r\u00e9volutionnaire est compatible avec tous les types de rev\u00eatements de sol, offrant des possibilit\u00e9s de design infinies aussi bien pour les espaces r\u00e9sidentiels que commerciaux.<\/p>\n\n\n                <\/div>\n                <div class=\"col-xl-5\">\n                <div class=\"txtimg-image text-center\">\n                                      <img loading=\"lazy\" decoding=\"async\" src=\"https:\/\/i4f.com\/app\/uploads\/2025\/10\/VICstairs-PVC-LVT-trapbekleding-traprenovatie-920x518.jpg\" alt=\"\"\n         srcset=\"https:\/\/i4f.com\/app\/uploads\/2025\/10\/VICstairs-PVC-LVT-trapbekleding-traprenovatie-350x0-c-default.jpg 320w,https:\/\/i4f.com\/app\/uploads\/2025\/10\/VICstairs-PVC-LVT-trapbekleding-traprenovatie-920x518.jpg 640w, https:\/\/i4f.com\/app\/uploads\/2025\/10\/VICstairs-PVC-LVT-trapbekleding-traprenovatie-1840x1036.jpg 1024w\"\n         sizes=\"auto, 100vw\" class=\"img-fluid\" width=\"920\"\n         height=\"518\"\/>\n    \n\n                <\/div>\n                <\/div>\n              <\/div>\n                  <\/div>\n                <\/div>\n              <\/div>  \n            <\/div>\n              <div class=\"responsive_default align-items-center\">\n                <div class=\"col-xl-7\">\n                  <div class=\"txtimg-image text-center\">\n                                      <img loading=\"lazy\" decoding=\"async\" src=\"https:\/\/i4f.com\/app\/uploads\/2025\/10\/VICstairs-PVC-LVT-trapbekleding-traprenovatie-920x518.jpg\" alt=\"\"\n         srcset=\"https:\/\/i4f.com\/app\/uploads\/2025\/10\/VICstairs-PVC-LVT-trapbekleding-traprenovatie-350x0-c-default.jpg 320w,https:\/\/i4f.com\/app\/uploads\/2025\/10\/VICstairs-PVC-LVT-trapbekleding-traprenovatie-920x518.jpg 640w, https:\/\/i4f.com\/app\/uploads\/2025\/10\/VICstairs-PVC-LVT-trapbekleding-traprenovatie-1840x1036.jpg 1024w\"\n         sizes=\"auto, 100vw\" class=\"img-fluid\" width=\"920\"\n         height=\"518\"\/>\n    \n\n                  <\/div>\n                <\/div>\n                <div class=\"col-xl-5\">\n                  <div class=\"txtimg-body\">\n                    <h2>Compatible avec tous les types de rev\u00eatements de sol<\/h2>\n                    <p>Cette solution r\u00e9volutionnaire est compatible avec tous les types de rev\u00eatements de sol, offrant des possibilit\u00e9s de design infinies aussi bien pour les espaces r\u00e9sidentiels que commerciaux.<\/p>\n\n                  <\/div>\n                <\/div>\n              <\/div>\n            <\/div>\n          <\/div>\n        <\/div>\n        <\/section>\n\n        <section class=\"block cta image\" id=\"block_60ddb636d0802\">\n          <div class=\"container\">\n  <div class=\"row\">\n    <div class=\"col-lg-8 offset-lg-2\">\n      <div class=\"cta-bg\">\n        <div class=\"row align-items-center\">\n          <div class=\"col-xl-3\">\n            <div class=\"cta-image\">\n                                <img loading=\"lazy\" decoding=\"async\" src=\"https:\/\/i4f.com\/app\/uploads\/2021\/06\/Newsletter-preview-1-360x370.png\" alt=\"Restez \u00e0 jour avec i4F\"\n         srcset=\"https:\/\/i4f.com\/app\/uploads\/2021\/06\/Newsletter-preview-1-350x0-c-default.png 320w,https:\/\/i4f.com\/app\/uploads\/2021\/06\/Newsletter-preview-1-360x370.png 640w, https:\/\/i4f.com\/app\/uploads\/2021\/06\/Newsletter-preview-1-716x740.png 1024w\"\n         sizes=\"auto, 100vw\" class=\"img-fluid\" width=\"360\"\n         height=\"370\"\/>\n    \n\n            <\/div>\n          <\/div>\n          <div class=\"col-xl-9\">\n            <div class=\"cta-content\">\n              <h3>Restez \u00e0 jour avec i4F<\/h3>\n              <ul>\n                <li>Les derni\u00e8res nouvelles de l&#8217;industrie directement dans votre bo\u00eete de r\u00e9ception<\/li>\n                <li>En savoir plus sur nos technologies et les \u00e9v\u00e9nements \u00e0 venir<\/li>\n              <\/ul>\n              <form action=\"\/fr\/technologies\/technologies-stairnoses\/#block_60ddb636d0802\" method=\"post\" class=\"form-mailing-list form-process\" data-action=\"subscribe\" data-nonce=\"ce8c9220ff\" data-post-id=\"9473\" novalidate>\n                <div class='form-container'>\n                  <div class=\"alert alert-danger error\"><\/div>\n                  <label for=\"email\">Votre adresse e-mail<\/label>\n                  <div class=\"row g-0 align-items-center\">\n                    <div class=\"col-7\">\n                      <input id=\"email\" name=\"email\" type=\"email\" value=\"\" class=\"form-control\" \/>\n                    <\/div>\n                    <div class=\"col-5\">\n                      <button class=\"btn btn-sm btn-primary\">Tenez-moi au courant<\/button>\n                    <\/div>\n                  <\/div>\n                <\/div>\n                <div class=\"form-thank-you\">\n                  <h3>Merci de votre inscription<\/h3>\n                <\/div>\n              <\/form>\n            <\/div>\n          <\/div>\n        <\/div>\n      <\/div>\n    <\/div>\n  <\/div>\n          <\/div>\n        <\/section>\n\n","protected":false},"excerpt":{"rendered":"","protected":false},"author":6,"featured_media":0,"parent":2958,"menu_order":0,"comment_status":"closed","ping_status":"closed","template":"","meta":{"_acf_changed":false,"content-type":"","footnotes":""},"class_list":["post-9473","page","type-page","status-publish","hentry"],"acf":[],"yoast_head":"<!-- This site is optimized with the Yoast SEO plugin v24.8.1 - https:\/\/yoast.com\/wordpress\/plugins\/seo\/ -->\n<title>Outdoor Technologies Overview | i4F<\/title>\n<meta name=\"description\" content=\"i4F repousse les limites de l\u2019int\u00e9rieur vers l\u2019ext\u00e9rieur et transforme les espaces ext\u00e9rieurs comme jamais auparavant.\" \/>\n<meta name=\"robots\" content=\"index, follow, max-snippet:-1, max-image-preview:large, max-video-preview:-1\" \/>\n<link rel=\"canonical\" href=\"https:\/\/i4f.com\/fr\/technologies\/technologies-stairnoses\/\" \/>\n<meta property=\"og:locale\" content=\"fr_FR\" \/>\n<meta property=\"og:type\" content=\"article\" \/>\n<meta property=\"og:title\" content=\"Outdoor Technologies Overview | i4F\" \/>\n<meta property=\"og:description\" content=\"i4F repousse les limites de l\u2019int\u00e9rieur vers l\u2019ext\u00e9rieur et transforme les espaces ext\u00e9rieurs comme jamais auparavant.\" \/>\n<meta property=\"og:url\" content=\"https:\/\/i4f.com\/fr\/technologies\/technologies-stairnoses\/\" \/>\n<meta property=\"og:site_name\" content=\"i4F\" \/>\n<meta property=\"article:modified_time\" content=\"2025-10-27T15:01:04+00:00\" \/>\n<meta name=\"twitter:card\" content=\"summary_large_image\" \/>\n<script type=\"application\/ld+json\" class=\"yoast-schema-graph\">{\"@context\":\"https:\/\/schema.org\",\"@graph\":[{\"@type\":\"WebPage\",\"@id\":\"https:\/\/i4f.com\/fr\/technologies\/technologies-stairnoses\/\",\"url\":\"https:\/\/i4f.com\/fr\/technologies\/technologies-stairnoses\/\",\"name\":\"Outdoor Technologies Overview | i4F\",\"isPartOf\":{\"@id\":\"https:\/\/i4f.com\/fr\/#website\"},\"datePublished\":\"2025-10-01T08:03:52+00:00\",\"dateModified\":\"2025-10-27T15:01:04+00:00\",\"description\":\"i4F repousse les limites de l\u2019int\u00e9rieur vers l\u2019ext\u00e9rieur et transforme les espaces ext\u00e9rieurs comme jamais auparavant.\",\"breadcrumb\":{\"@id\":\"https:\/\/i4f.com\/fr\/technologies\/technologies-stairnoses\/#breadcrumb\"},\"inLanguage\":\"fr-FR\",\"potentialAction\":[{\"@type\":\"ReadAction\",\"target\":[\"https:\/\/i4f.com\/fr\/technologies\/technologies-stairnoses\/\"]}]},{\"@type\":\"BreadcrumbList\",\"@id\":\"https:\/\/i4f.com\/fr\/technologies\/technologies-stairnoses\/#breadcrumb\",\"itemListElement\":[{\"@type\":\"ListItem\",\"position\":1,\"name\":\"Home\",\"item\":\"https:\/\/i4f.com\/fr\/\"},{\"@type\":\"ListItem\",\"position\":2,\"name\":\"Technologies\",\"item\":\"https:\/\/i4f.com\/fr\/technologies\/\"},{\"@type\":\"ListItem\",\"position\":3,\"name\":\"Stair Tread Technologies\"}]},{\"@type\":\"WebSite\",\"@id\":\"https:\/\/i4f.com\/fr\/#website\",\"url\":\"https:\/\/i4f.com\/fr\/\",\"name\":\"i4F\",\"description\":\"\",\"potentialAction\":[{\"@type\":\"SearchAction\",\"target\":{\"@type\":\"EntryPoint\",\"urlTemplate\":\"https:\/\/i4f.com\/fr\/?s={search_term_string}\"},\"query-input\":{\"@type\":\"PropertyValueSpecification\",\"valueRequired\":true,\"valueName\":\"search_term_string\"}}],\"inLanguage\":\"fr-FR\"}]}<\/script>\n<!-- \/ Yoast SEO plugin. -->","yoast_head_json":{"title":"Outdoor Technologies Overview | i4F","description":"i4F repousse les limites de l\u2019int\u00e9rieur vers l\u2019ext\u00e9rieur et transforme les espaces ext\u00e9rieurs comme jamais auparavant.","robots":{"index":"index","follow":"follow","max-snippet":"max-snippet:-1","max-image-preview":"max-image-preview:large","max-video-preview":"max-video-preview:-1"},"canonical":"https:\/\/i4f.com\/fr\/technologies\/technologies-stairnoses\/","og_locale":"fr_FR","og_type":"article","og_title":"Outdoor Technologies Overview | i4F","og_description":"i4F repousse les limites de l\u2019int\u00e9rieur vers l\u2019ext\u00e9rieur et transforme les espaces ext\u00e9rieurs comme jamais auparavant.","og_url":"https:\/\/i4f.com\/fr\/technologies\/technologies-stairnoses\/","og_site_name":"i4F","article_modified_time":"2025-10-27T15:01:04+00:00","twitter_card":"summary_large_image","schema":{"@context":"https:\/\/schema.org","@graph":[{"@type":"WebPage","@id":"https:\/\/i4f.com\/fr\/technologies\/technologies-stairnoses\/","url":"https:\/\/i4f.com\/fr\/technologies\/technologies-stairnoses\/","name":"Outdoor Technologies Overview | i4F","isPartOf":{"@id":"https:\/\/i4f.com\/fr\/#website"},"datePublished":"2025-10-01T08:03:52+00:00","dateModified":"2025-10-27T15:01:04+00:00","description":"i4F repousse les limites de l\u2019int\u00e9rieur vers l\u2019ext\u00e9rieur et transforme les espaces ext\u00e9rieurs comme jamais auparavant.","breadcrumb":{"@id":"https:\/\/i4f.com\/fr\/technologies\/technologies-stairnoses\/#breadcrumb"},"inLanguage":"fr-FR","potentialAction":[{"@type":"ReadAction","target":["https:\/\/i4f.com\/fr\/technologies\/technologies-stairnoses\/"]}]},{"@type":"BreadcrumbList","@id":"https:\/\/i4f.com\/fr\/technologies\/technologies-stairnoses\/#breadcrumb","itemListElement":[{"@type":"ListItem","position":1,"name":"Home","item":"https:\/\/i4f.com\/fr\/"},{"@type":"ListItem","position":2,"name":"Technologies","item":"https:\/\/i4f.com\/fr\/technologies\/"},{"@type":"ListItem","position":3,"name":"Stair Tread Technologies"}]},{"@type":"WebSite","@id":"https:\/\/i4f.com\/fr\/#website","url":"https:\/\/i4f.com\/fr\/","name":"i4F","description":"","potentialAction":[{"@type":"SearchAction","target":{"@type":"EntryPoint","urlTemplate":"https:\/\/i4f.com\/fr\/?s={search_term_string}"},"query-input":{"@type":"PropertyValueSpecification","valueRequired":true,"valueName":"search_term_string"}}],"inLanguage":"fr-FR"}]}},"_links":{"self":[{"href":"https:\/\/i4f.com\/fr\/wp-json\/wp\/v2\/pages\/9473","targetHints":{"allow":["GET"]}}],"collection":[{"href":"https:\/\/i4f.com\/fr\/wp-json\/wp\/v2\/pages"}],"about":[{"href":"https:\/\/i4f.com\/fr\/wp-json\/wp\/v2\/types\/page"}],"author":[{"embeddable":true,"href":"https:\/\/i4f.com\/fr\/wp-json\/wp\/v2\/users\/6"}],"replies":[{"embeddable":true,"href":"https:\/\/i4f.com\/fr\/wp-json\/wp\/v2\/comments?post=9473"}],"version-history":[{"count":3,"href":"https:\/\/i4f.com\/fr\/wp-json\/wp\/v2\/pages\/9473\/revisions"}],"predecessor-version":[{"id":9623,"href":"https:\/\/i4f.com\/fr\/wp-json\/wp\/v2\/pages\/9473\/revisions\/9623"}],"up":[{"embeddable":true,"href":"https:\/\/i4f.com\/fr\/wp-json\/wp\/v2\/pages\/2958"}],"wp:attachment":[{"href":"https:\/\/i4f.com\/fr\/wp-json\/wp\/v2\/media?parent=9473"}],"curies":[{"name":"wp","href":"https:\/\/api.w.org\/{rel}","templated":true}]}}