{"id":9453,"date":"2024-01-02T15:25:50","date_gmt":"2024-01-02T15:25:50","guid":{"rendered":"https:\/\/i4f.com\/technologies\/technologies-dexterieur\/"},"modified":"2025-10-31T10:27:33","modified_gmt":"2025-10-31T10:27:33","slug":"technologies-dexterieur","status":"publish","type":"page","link":"https:\/\/i4f.com\/fr\/technologies\/technologies-dexterieur\/","title":{"rendered":"Technologies d\u2019ext\u00e9rieur"},"content":{"rendered":"        <section class=\"block hero\" id=\"block_6863aef0dde2d\">\n          <div class=\"hero-content\" style=\"background-image: url('https:\/\/i4f.com\/app\/uploads\/2024\/01\/shutterstock_2293354445-6000x2280.jpg')\">\n                              <img loading=\"lazy\" decoding=\"async\" src=\"https:\/\/i4f.com\/app\/uploads\/2024\/01\/shutterstock_2293354445-1440x820.jpg\" alt=\"L\u2019ext\u00e9rieur comme jamais auparavant\"\n         srcset=\"https:\/\/i4f.com\/app\/uploads\/2024\/01\/shutterstock_2293354445-scaled-350x0-c-default.jpg 320w,https:\/\/i4f.com\/app\/uploads\/2024\/01\/shutterstock_2293354445-1440x820.jpg 640w, https:\/\/i4f.com\/app\/uploads\/2024\/01\/shutterstock_2293354445-2880x1640.jpg 1024w\"\n         sizes=\"auto, 100vw\" class=\"img-fluid hero-mobile\" width=\"1440\"\n         height=\"820\"\/>\n    \n\n            <div class=\"container\">\n              <div class=\"overlay\"><\/div>\n              <div class=\"row align-items-center\">\n                <div class=\"col-lg-5\">\n                  <div class=\"hero-body\">\n                    <div class=\"hero-logo\">\n                      <img decoding=\"async\" src=\"https:\/\/i4f.com\/app\/uploads\/2025\/07\/i4F-Outdoor-Technologies-Cluster-new-logo_aeonik-150x50.png\" alt=\"\" \/>\n                    <\/div>\n                    <h1>L\u2019ext\u00e9rieur comme jamais auparavant<\/h1>\n                    <p>Apr\u00e8s des ann\u00e9es \u00e0 fournir des technologies innovantes et significatives qui transforment les environnements int\u00e9rieurs pour que les gens puissent y vivre, travailler et se divertir, nous avons d\u00e9cid\u00e9 de mettre notre exp\u00e9rience et notre vision au service de l\u2019ext\u00e9rieur, afin de permettre \u00e0 chacun de transformer facilement et rapidement ses espaces ext\u00e9rieurs. Nos technologies r\u00e9volutionnaires sont con\u00e7ues pour porter les produits d\u2019ext\u00e9rieur \u00e0 un niveau sup\u00e9rieur.<\/p>\n                    <p class=\"hero-links\">\n                      <a href=\"#Taking-Flooring\" class=\"btn  btn-primary\">Voir nos technologies &nbsp; <svg width=\"24\" height=\"24\" viewBox=\"0 0 24 24\" fill=\"none\" xmlns=\"http:\/\/www.w3.org\/2000\/svg\">\n<path d=\"M12 5V19\" stroke=\"#304757\" stroke-width=\"2\" stroke-linecap=\"round\" stroke-linejoin=\"round\"\/>\n<path d=\"M19 12L12 19L5 12\" stroke=\"#304757\" stroke-width=\"2\" stroke-linecap=\"round\" stroke-linejoin=\"round\"\/>\n<\/svg>\n<\/a>\n                      <a href=\"https:\/\/i4f.com\/contact\/?tab=block_60d3b16e96657-2-form#block_60d3b16596656\" class=\"btn  btn-outline-secondary\">Obtenir une license<\/a>\n                    <\/p>\n                  <\/div>\n                <\/div>\n                <div class=\"col d-none d-lg-block hero-spacer\">\n                <\/div>\n              <\/div>\n            <\/div>\n          <\/div>\n        <\/section>\n\n        <section class=\"block text-image main align-right overlap\" id=\"block_6863aef0dded9\">\n        <div class=\"container-outer\">\n        <div class=\"block-wrapper\">\n          <div class=\"container\">\n            <div class=\"row align-items-center\">\n            <div class=\"responsive_reverse\">\n<div class=\"col-xl-6 order-xl-2\">\n                <div class=\"txtimg-body\">\n                    <div class=\"logo\">\n                      <img decoding=\"async\" src=\"https:\/\/i4f.com\/app\/uploads\/2025\/02\/Projekt-bez-nazwy-32-260x33.png\" alt=\"\" \/>\n                    <\/div>\n                    <h2>Facilitez l\u2019installation de votre terrasse pour tous<\/h2>\n                    <p>Notre m\u00e9thode brevet\u00e9e de fixation intelligente est reconnue par l\u2019industrie comme le meilleur syst\u00e8me disponible pour plusieurs bonnes raisons. L\u2019installation avec i4F ClikDek est 3 fois plus rapide et tr\u00e8s flexible, permettant un acc\u00e8s \u00e0 tout moment et en quelques secondes. Son verrouillage m\u00e9canique est \u00e0 la fois solide et flexible, vous permettant de revenir en arri\u00e8re \u00e0 tout moment, et son profil invisible r\u00e9duit l\u2019entretien en \u00e9liminant la perte d\u2019objets entre les panneaux.<\/p>\n\n\n                <\/div>\n                <div class=\"col-xl-6 order-xl-1\">\n                <div class=\"txtimg-image text-center\">\n                                      <img loading=\"lazy\" decoding=\"async\" src=\"https:\/\/i4f.com\/app\/uploads\/2025\/04\/3X-FASTER-SHARK-EDITADA-920x518.png\" alt=\"\"\n         srcset=\"https:\/\/i4f.com\/app\/uploads\/2025\/04\/3X-FASTER-SHARK-EDITADA-350x0-c-default.png 320w,https:\/\/i4f.com\/app\/uploads\/2025\/04\/3X-FASTER-SHARK-EDITADA-920x518.png 640w, https:\/\/i4f.com\/app\/uploads\/2025\/04\/3X-FASTER-SHARK-EDITADA-1840x1036.png 1024w\"\n         sizes=\"auto, 100vw\" class=\"img-fluid\" width=\"920\"\n         height=\"518\"\/>\n    \n\n                <\/div>\n                <\/div>\n              <\/div>\n                    <p>\n                        <a href=\"https:\/\/i4f.com\/clikdek\/\" class=\"btn  btn-primary\">Savoir plus<\/a>\n                        <\/p>\n                  <\/div>\n                <\/div>\n              <\/div>  \n            <\/div>\n              <div class=\"responsive_default align-items-center\">\n                <div class=\"col-xl-6 order-xl-2\">\n                  <div class=\"txtimg-image text-center\">\n                                      <img loading=\"lazy\" decoding=\"async\" src=\"https:\/\/i4f.com\/app\/uploads\/2025\/04\/3X-FASTER-SHARK-EDITADA-920x518.png\" alt=\"\"\n         srcset=\"https:\/\/i4f.com\/app\/uploads\/2025\/04\/3X-FASTER-SHARK-EDITADA-350x0-c-default.png 320w,https:\/\/i4f.com\/app\/uploads\/2025\/04\/3X-FASTER-SHARK-EDITADA-920x518.png 640w, https:\/\/i4f.com\/app\/uploads\/2025\/04\/3X-FASTER-SHARK-EDITADA-1840x1036.png 1024w\"\n         sizes=\"auto, 100vw\" class=\"img-fluid\" width=\"920\"\n         height=\"518\"\/>\n    \n\n                  <\/div>\n                <\/div>\n                <div class=\"col-xl-6 order-xl-1\">\n                  <div class=\"txtimg-body\">\n                    <div class=\"logo\">\n                      <img decoding=\"async\" src=\"https:\/\/i4f.com\/app\/uploads\/2025\/02\/Projekt-bez-nazwy-32-260x33.png\" alt=\"\" \/>\n                    <\/div>\n                    <h2>Facilitez l\u2019installation de votre terrasse pour tous<\/h2>\n                    <p>Notre m\u00e9thode brevet\u00e9e de fixation intelligente est reconnue par l\u2019industrie comme le meilleur syst\u00e8me disponible pour plusieurs bonnes raisons. L\u2019installation avec i4F ClikDek est 3 fois plus rapide et tr\u00e8s flexible, permettant un acc\u00e8s \u00e0 tout moment et en quelques secondes. Son verrouillage m\u00e9canique est \u00e0 la fois solide et flexible, vous permettant de revenir en arri\u00e8re \u00e0 tout moment, et son profil invisible r\u00e9duit l\u2019entretien en \u00e9liminant la perte d\u2019objets entre les panneaux.<\/p>\n\n                    <p>\n                        <a href=\"https:\/\/i4f.com\/clikdek\/\" class=\"btn  btn-primary\">Savoir plus<\/a>\n                        <\/p>\n                  <\/div>\n                <\/div>\n              <\/div>\n            <\/div>\n          <\/div>\n        <\/div>\n        <\/div>\n        <\/section>\n\n        <section class=\"block cta image\" id=\"block_60ddb636d0802\">\n          <div class=\"container\">\n  <div class=\"row\">\n    <div class=\"col-lg-8 offset-lg-2\">\n      <div class=\"cta-bg\">\n        <div class=\"row align-items-center\">\n          <div class=\"col-xl-3\">\n            <div class=\"cta-image\">\n                                <img loading=\"lazy\" decoding=\"async\" src=\"https:\/\/i4f.com\/app\/uploads\/2021\/06\/Newsletter-preview-1-360x370.png\" alt=\"Restez \u00e0 jour avec i4F\"\n         srcset=\"https:\/\/i4f.com\/app\/uploads\/2021\/06\/Newsletter-preview-1-350x0-c-default.png 320w,https:\/\/i4f.com\/app\/uploads\/2021\/06\/Newsletter-preview-1-360x370.png 640w, https:\/\/i4f.com\/app\/uploads\/2021\/06\/Newsletter-preview-1-716x740.png 1024w\"\n         sizes=\"auto, 100vw\" class=\"img-fluid\" width=\"360\"\n         height=\"370\"\/>\n    \n\n            <\/div>\n          <\/div>\n          <div class=\"col-xl-9\">\n            <div class=\"cta-content\">\n              <h3>Restez \u00e0 jour avec i4F<\/h3>\n              <ul>\n                <li>Les derni\u00e8res nouvelles de l&#8217;industrie directement dans votre bo\u00eete de r\u00e9ception<\/li>\n                <li>En savoir plus sur nos technologies et les \u00e9v\u00e9nements \u00e0 venir<\/li>\n              <\/ul>\n              <form action=\"\/fr\/technologies\/technologies-dexterieur\/#block_60ddb636d0802\" method=\"post\" class=\"form-mailing-list form-process\" data-action=\"subscribe\" data-nonce=\"46219f771c\" data-post-id=\"9453\" novalidate>\n                <div class='form-container'>\n                  <div class=\"alert alert-danger error\"><\/div>\n                  <label for=\"email\">Votre adresse e-mail<\/label>\n                  <div class=\"row g-0 align-items-center\">\n                    <div class=\"col-7\">\n                      <input id=\"email\" name=\"email\" type=\"email\" value=\"\" class=\"form-control\" \/>\n                    <\/div>\n                    <div class=\"col-5\">\n                      <button class=\"btn btn-sm btn-primary\">Tenez-moi au courant<\/button>\n                    <\/div>\n                  <\/div>\n                <\/div>\n                <div class=\"form-thank-you\">\n                  <h3>Merci de votre inscription<\/h3>\n                <\/div>\n              <\/form>\n            <\/div>\n          <\/div>\n        <\/div>\n      <\/div>\n    <\/div>\n  <\/div>\n          <\/div>\n        <\/section>\n\n","protected":false},"excerpt":{"rendered":"","protected":false},"author":14,"featured_media":0,"parent":2958,"menu_order":0,"comment_status":"closed","ping_status":"closed","template":"","meta":{"_acf_changed":false,"content-type":"","footnotes":""},"class_list":["post-9453","page","type-page","status-publish","hentry"],"acf":[],"yoast_head":"<!-- This site is optimized with the Yoast SEO plugin v24.8.1 - https:\/\/yoast.com\/wordpress\/plugins\/seo\/ -->\n<title>Aper\u00e7u des technologies d\u2019ext\u00e9rieur | i4F<\/title>\n<meta name=\"description\" content=\"i4F \u00e9tend l\u2019int\u00e9rieur vers l\u2019ext\u00e9rieur et transforme les espaces ext\u00e9rieurs comme jamais auparavant.\" \/>\n<meta name=\"robots\" content=\"index, follow, max-snippet:-1, max-image-preview:large, max-video-preview:-1\" \/>\n<link rel=\"canonical\" href=\"https:\/\/i4f.com\/fr\/technologies\/technologies-dexterieur\/\" \/>\n<meta property=\"og:locale\" content=\"fr_FR\" \/>\n<meta property=\"og:type\" content=\"article\" \/>\n<meta property=\"og:title\" content=\"Aper\u00e7u des technologies d\u2019ext\u00e9rieur | i4F\" \/>\n<meta property=\"og:description\" content=\"i4F \u00e9tend l\u2019int\u00e9rieur vers l\u2019ext\u00e9rieur et transforme les espaces ext\u00e9rieurs comme jamais auparavant.\" \/>\n<meta property=\"og:url\" content=\"https:\/\/i4f.com\/fr\/technologies\/technologies-dexterieur\/\" \/>\n<meta property=\"og:site_name\" content=\"i4F\" \/>\n<meta property=\"article:modified_time\" content=\"2025-10-31T10:27:33+00:00\" \/>\n<meta name=\"twitter:card\" content=\"summary_large_image\" \/>\n<script type=\"application\/ld+json\" class=\"yoast-schema-graph\">{\"@context\":\"https:\/\/schema.org\",\"@graph\":[{\"@type\":\"WebPage\",\"@id\":\"https:\/\/i4f.com\/fr\/technologies\/technologies-dexterieur\/\",\"url\":\"https:\/\/i4f.com\/fr\/technologies\/technologies-dexterieur\/\",\"name\":\"Aper\u00e7u des technologies d\u2019ext\u00e9rieur | i4F\",\"isPartOf\":{\"@id\":\"https:\/\/i4f.com\/fr\/#website\"},\"datePublished\":\"2024-01-02T15:25:50+00:00\",\"dateModified\":\"2025-10-31T10:27:33+00:00\",\"description\":\"i4F \u00e9tend l\u2019int\u00e9rieur vers l\u2019ext\u00e9rieur et transforme les espaces ext\u00e9rieurs comme jamais auparavant.\",\"breadcrumb\":{\"@id\":\"https:\/\/i4f.com\/fr\/technologies\/technologies-dexterieur\/#breadcrumb\"},\"inLanguage\":\"fr-FR\",\"potentialAction\":[{\"@type\":\"ReadAction\",\"target\":[\"https:\/\/i4f.com\/fr\/technologies\/technologies-dexterieur\/\"]}]},{\"@type\":\"BreadcrumbList\",\"@id\":\"https:\/\/i4f.com\/fr\/technologies\/technologies-dexterieur\/#breadcrumb\",\"itemListElement\":[{\"@type\":\"ListItem\",\"position\":1,\"name\":\"Home\",\"item\":\"https:\/\/i4f.com\/fr\/\"},{\"@type\":\"ListItem\",\"position\":2,\"name\":\"Technologies\",\"item\":\"https:\/\/i4f.com\/fr\/technologies\/\"},{\"@type\":\"ListItem\",\"position\":3,\"name\":\"Technologies d\u2019ext\u00e9rieur\"}]},{\"@type\":\"WebSite\",\"@id\":\"https:\/\/i4f.com\/fr\/#website\",\"url\":\"https:\/\/i4f.com\/fr\/\",\"name\":\"i4F\",\"description\":\"\",\"potentialAction\":[{\"@type\":\"SearchAction\",\"target\":{\"@type\":\"EntryPoint\",\"urlTemplate\":\"https:\/\/i4f.com\/fr\/?s={search_term_string}\"},\"query-input\":{\"@type\":\"PropertyValueSpecification\",\"valueRequired\":true,\"valueName\":\"search_term_string\"}}],\"inLanguage\":\"fr-FR\"}]}<\/script>\n<!-- \/ Yoast SEO plugin. -->","yoast_head_json":{"title":"Aper\u00e7u des technologies d\u2019ext\u00e9rieur | i4F","description":"i4F \u00e9tend l\u2019int\u00e9rieur vers l\u2019ext\u00e9rieur et transforme les espaces ext\u00e9rieurs comme jamais auparavant.","robots":{"index":"index","follow":"follow","max-snippet":"max-snippet:-1","max-image-preview":"max-image-preview:large","max-video-preview":"max-video-preview:-1"},"canonical":"https:\/\/i4f.com\/fr\/technologies\/technologies-dexterieur\/","og_locale":"fr_FR","og_type":"article","og_title":"Aper\u00e7u des technologies d\u2019ext\u00e9rieur | i4F","og_description":"i4F \u00e9tend l\u2019int\u00e9rieur vers l\u2019ext\u00e9rieur et transforme les espaces ext\u00e9rieurs comme jamais auparavant.","og_url":"https:\/\/i4f.com\/fr\/technologies\/technologies-dexterieur\/","og_site_name":"i4F","article_modified_time":"2025-10-31T10:27:33+00:00","twitter_card":"summary_large_image","schema":{"@context":"https:\/\/schema.org","@graph":[{"@type":"WebPage","@id":"https:\/\/i4f.com\/fr\/technologies\/technologies-dexterieur\/","url":"https:\/\/i4f.com\/fr\/technologies\/technologies-dexterieur\/","name":"Aper\u00e7u des technologies d\u2019ext\u00e9rieur | i4F","isPartOf":{"@id":"https:\/\/i4f.com\/fr\/#website"},"datePublished":"2024-01-02T15:25:50+00:00","dateModified":"2025-10-31T10:27:33+00:00","description":"i4F \u00e9tend l\u2019int\u00e9rieur vers l\u2019ext\u00e9rieur et transforme les espaces ext\u00e9rieurs comme jamais auparavant.","breadcrumb":{"@id":"https:\/\/i4f.com\/fr\/technologies\/technologies-dexterieur\/#breadcrumb"},"inLanguage":"fr-FR","potentialAction":[{"@type":"ReadAction","target":["https:\/\/i4f.com\/fr\/technologies\/technologies-dexterieur\/"]}]},{"@type":"BreadcrumbList","@id":"https:\/\/i4f.com\/fr\/technologies\/technologies-dexterieur\/#breadcrumb","itemListElement":[{"@type":"ListItem","position":1,"name":"Home","item":"https:\/\/i4f.com\/fr\/"},{"@type":"ListItem","position":2,"name":"Technologies","item":"https:\/\/i4f.com\/fr\/technologies\/"},{"@type":"ListItem","position":3,"name":"Technologies d\u2019ext\u00e9rieur"}]},{"@type":"WebSite","@id":"https:\/\/i4f.com\/fr\/#website","url":"https:\/\/i4f.com\/fr\/","name":"i4F","description":"","potentialAction":[{"@type":"SearchAction","target":{"@type":"EntryPoint","urlTemplate":"https:\/\/i4f.com\/fr\/?s={search_term_string}"},"query-input":{"@type":"PropertyValueSpecification","valueRequired":true,"valueName":"search_term_string"}}],"inLanguage":"fr-FR"}]}},"_links":{"self":[{"href":"https:\/\/i4f.com\/fr\/wp-json\/wp\/v2\/pages\/9453","targetHints":{"allow":["GET"]}}],"collection":[{"href":"https:\/\/i4f.com\/fr\/wp-json\/wp\/v2\/pages"}],"about":[{"href":"https:\/\/i4f.com\/fr\/wp-json\/wp\/v2\/types\/page"}],"author":[{"embeddable":true,"href":"https:\/\/i4f.com\/fr\/wp-json\/wp\/v2\/users\/14"}],"replies":[{"embeddable":true,"href":"https:\/\/i4f.com\/fr\/wp-json\/wp\/v2\/comments?post=9453"}],"version-history":[{"count":1,"href":"https:\/\/i4f.com\/fr\/wp-json\/wp\/v2\/pages\/9453\/revisions"}],"predecessor-version":[{"id":9454,"href":"https:\/\/i4f.com\/fr\/wp-json\/wp\/v2\/pages\/9453\/revisions\/9454"}],"up":[{"embeddable":true,"href":"https:\/\/i4f.com\/fr\/wp-json\/wp\/v2\/pages\/2958"}],"wp:attachment":[{"href":"https:\/\/i4f.com\/fr\/wp-json\/wp\/v2\/media?parent=9453"}],"curies":[{"name":"wp","href":"https:\/\/api.w.org\/{rel}","templated":true}]}}