{"id":9449,"date":"2024-01-03T10:44:25","date_gmt":"2024-01-03T10:44:25","guid":{"rendered":"https:\/\/i4f.com\/?page_id=9449"},"modified":"2025-10-31T10:27:25","modified_gmt":"2025-10-31T10:27:25","slug":"i4f-clikdek","status":"publish","type":"page","link":"https:\/\/i4f.com\/fr\/i4f-clikdek\/","title":{"rendered":"i4F ClikDek"},"content":{"rendered":"  <section class=\"block landing-hero text-is-white\" id=\"block_68fa345dbe10f\" style=\"background-color: #d1761b\">\n    <div class=\"hero-content\">\n      <div id=\"grad\" class=\"container\">\n      <style>#grad:before { background-image: linear-gradient(90deg, #d1761b 50%, rgba(178, 208, 231, 0));}<\/style>\n        <div class=\"row\">\n          <div class=\"col-lg-6 col-md-6 col-sm-6 col-6\">\n                          <div class=\"hero-logo\">\n                <img decoding=\"async\" src=\"https:\/\/i4f.com\/app\/uploads\/2025\/02\/Projekt-bez-nazwy-32-260x33.png\" alt=\"\"\/>\n              <\/div>\n                      <\/div>\n        \n                     <div class=\"col-lg-6 col-md-6 col-sm-6 d-lg-flex d-md-flex d-sm-flex d-flex col-6 justify-content-end\">\n              <ul class=\"nav-language\">\n                                  <li class=\"nav-link\"><a\n                      href=\"https:\/\/i4f.com\/\">EN<\/a><\/li>\n                                  <li class=\"nav-link\"><a\n                      href=\"https:\/\/i4f.com\/de\/\">DE<\/a><\/li>\n                                  <li class=\"nav-link active\"><a\n                      href=\"https:\/\/i4f.com\/fr\/\">FR<\/a><\/li>\n                                  <li class=\"nav-link\"><a\n                      href=\"https:\/\/i4f.com\/vi\/\">VI<\/a><\/li>\n                                  <li class=\"nav-link\"><a\n                      href=\"https:\/\/i4f.com\/zh-hans\/\">\u4e2d\u6587<\/a><\/li>\n                              <\/ul>\n            <\/div>\n           \n\n          <!-- hardcoded lag menu \n          <div class=\"col-lg-6 col-md-6 col-sm-6 d-lg-flex d-md-flex d-sm-flex d-flex col-6 justify-content-end\">\n            <ul class=\"nav-language\">\n              <li class=\"nav-link active\">\n                <a href=\"https:\/\/i4f.com\/belite\/\">\n                  EN\n                <\/a>\n              <\/li>\n              <li class=\"nav-link\">\n                <a href=\"https:\/\/i4f.com\/zh-hans\/be-lite\/\">\n                  \u4e2d\u6587\n                <\/a>\n              <\/li>  \n            <\/ul>\n          <\/div> -->\n\n        <\/div>\n        <div class=\"hero-bg d-md-none mb-5\"\n             style=\"background-image: url('https:\/\/i4f.com\/app\/uploads\/2025\/04\/outdoor.png')\"><\/div>\n        <div class=\"row align-items-center\">\n          <div class=\"col-lg-6 col-xxl-6 hero-text\">\n            <div class=\"hero-body\">\n                              <h6>Make your decking easy to install for all<\/h6>\n                            <h1>Easy does it!<\/h1>\n\n                              <p>Industry experts say our smart-fixing click<br>technology, that makes decking so easy to<br>install, is the best system available. We&#8217;re<br>pretty sure all your customers agree.<\/p>\n                            <p class=\"hero-links\">\n                                  <a id=\"hero-block_68fa345dbe10f-cta\" href=\"http:\/\/i4f.com\/contact\" class=\"btn btn-sm btn-primary\">Request sample <\/a>\n                                              <\/p>\n            <\/div>\n          <\/div>\n        <\/div>\n      <\/div>\n      <div id=\"hero-intersection-target\"><\/div>\n    <\/div>\n    <div class=\"hero-bg d-none d-md-block\"\n         style=\"background-image: url('https:\/\/i4f.com\/app\/uploads\/2025\/04\/outdoor.png')\"><\/div>\n  <\/section>\n            <section class=\"block is-hexagon text-image main align-left \" id=\"block_68fa345dbe18e\">\n        <div class=\"container-outer\">\n          <div class=\"container\">\n            <div class=\"row align-items-center\">\n            <div class=\"responsive_reverse\">\n<div class=\"col-xl-7\">\n                <div class=\"txtimg-body\">\n                    <div class=\"logo\">\n                      <img decoding=\"async\" src=\"https:\/\/i4f.com\/app\/uploads\/2025\/02\/Projekt-bez-nazwy-32-260x33.png\" alt=\"\" \/>\n                    <\/div>\n                    <h2><\/h2>\n                    <p>i4F ClikDek\u00ae is i4F\u2019s new smart-fixing decking technology, delivering easy installation that\u2019s 3 times as fast to install as traditional decking installation system. Our patented smart-fixing method has been acknowledged by the industry as the best system available for several good reasons. Screwless installation with i4F ClikDek\u00ae is highly flexible, enabling access anytime, anywhere in seconds and an invisible profile means low maintenance, as the loss of items in between the panels is eliminated. This invisible profile also conceals the clips, adding to the decking\u2019s seamless aesthetics.<\/p>\n<ul>\n<li>x3 faster to install<\/li>\n<li>Invisible profile<\/li>\n<li>100% Accessible<\/li>\n<li>No Screws<\/li>\n<\/ul>\n\n\n                <\/div>\n                <div class=\"col-xl-5\">\n                <div class=\"txtimg-image text-center\">\n                                      <img loading=\"lazy\" decoding=\"async\" src=\"https:\/\/i4f.com\/app\/uploads\/2025\/04\/3X-FASTER-SHARK-EDITADA-920x518.png\" alt=\"\"\n         srcset=\"https:\/\/i4f.com\/app\/uploads\/2025\/04\/3X-FASTER-SHARK-EDITADA-350x0-c-default.png 320w,https:\/\/i4f.com\/app\/uploads\/2025\/04\/3X-FASTER-SHARK-EDITADA-920x518.png 640w, https:\/\/i4f.com\/app\/uploads\/2025\/04\/3X-FASTER-SHARK-EDITADA-1840x1036.png 1024w\"\n         sizes=\"auto, 100vw\" class=\"img-fluid\" width=\"920\"\n         height=\"518\"\/>\n    \n\n                <\/div>\n                <\/div>\n              <\/div>\n                  <\/div>\n                <\/div>\n              <\/div>  \n            <\/div>\n              <div class=\"responsive_default align-items-center\">\n                <div class=\"col-xl-7\">\n                  <div class=\"txtimg-image text-center\">\n                                      <img loading=\"lazy\" decoding=\"async\" src=\"https:\/\/i4f.com\/app\/uploads\/2025\/04\/3X-FASTER-SHARK-EDITADA-920x518.png\" alt=\"\"\n         srcset=\"https:\/\/i4f.com\/app\/uploads\/2025\/04\/3X-FASTER-SHARK-EDITADA-350x0-c-default.png 320w,https:\/\/i4f.com\/app\/uploads\/2025\/04\/3X-FASTER-SHARK-EDITADA-920x518.png 640w, https:\/\/i4f.com\/app\/uploads\/2025\/04\/3X-FASTER-SHARK-EDITADA-1840x1036.png 1024w\"\n         sizes=\"auto, 100vw\" class=\"img-fluid\" width=\"920\"\n         height=\"518\"\/>\n    \n\n                  <\/div>\n                <\/div>\n                <div class=\"col-xl-5\">\n                  <div class=\"txtimg-body\">\n                    <div class=\"logo\">\n                      <img decoding=\"async\" src=\"https:\/\/i4f.com\/app\/uploads\/2025\/02\/Projekt-bez-nazwy-32-260x33.png\" alt=\"\" \/>\n                    <\/div>\n                    <h2><\/h2>\n                    <p>i4F ClikDek\u00ae is i4F\u2019s new smart-fixing decking technology, delivering easy installation that\u2019s 3 times as fast to install as traditional decking installation system. Our patented smart-fixing method has been acknowledged by the industry as the best system available for several good reasons. Screwless installation with i4F ClikDek\u00ae is highly flexible, enabling access anytime, anywhere in seconds and an invisible profile means low maintenance, as the loss of items in between the panels is eliminated. This invisible profile also conceals the clips, adding to the decking\u2019s seamless aesthetics.<\/p>\n<ul>\n<li>x3 faster to install<\/li>\n<li>Invisible profile<\/li>\n<li>100% Accessible<\/li>\n<li>No Screws<\/li>\n<\/ul>\n\n                  <\/div>\n                <\/div>\n              <\/div>\n            <\/div>\n          <\/div>\n        <\/div>\n        <\/section>\n\n\n<div class=\"wp-block-columns is-layout-flex wp-container-core-columns-is-layout-1 wp-block-columns-is-layout-flex\">\n<div class=\"wp-block-column is-layout-flow wp-block-column-is-layout-flow\">        <section class=\"block text-image main align-right \" id=\"block_68fa345dc1669\">\n        <div class=\"container-outer\">\n          <div class=\"container\">\n            <div class=\"row align-items-center\">\n            <div class=\"responsive_reverse\">\n<div class=\"col-xl-7 order-xl-2\">\n                <div class=\"txtimg-body\">\n                    <div class=\"logo\">\n                      <img decoding=\"async\" src=\"https:\/\/i4f.com\/app\/uploads\/2025\/10\/i4F-ClikDek-Screwlocknew_CMYK.pdf-260x24.jpg\" alt=\"\" \/>\n                    <\/div>\n                    <h2><\/h2>\n                    <p>i4F ClikDek\u00ae ScrewLock is i4F\u2019s newest smart-fixing decking technology, delivering an easy screw-in decking clip while introducing unprecedented accessibility. Remove boards and easily reinstall them in seconds. Additionally, the new system is compatible with ClikDek\u2019s invisible profile, resulting in less maintenance, as the loss of items in between the panels is eliminated.<\/p>\n<ul>\n<li>100% accessible<\/li>\n<li>Invisible profile<\/li>\n<li>Compatible with wood joists<\/li>\n<\/ul>\n\n\n                <\/div>\n                <div class=\"col-xl-5 order-xl-1\">\n                <div class=\"txtimg-image text-center\">\n                                      <img loading=\"lazy\" decoding=\"async\" src=\"https:\/\/i4f.com\/app\/uploads\/2025\/04\/render-wood-joist-920x518.jpg\" alt=\"\"\n         srcset=\"https:\/\/i4f.com\/app\/uploads\/2025\/04\/render-wood-joist-350x0-c-default.jpg 320w,https:\/\/i4f.com\/app\/uploads\/2025\/04\/render-wood-joist-920x518.jpg 640w, https:\/\/i4f.com\/app\/uploads\/2025\/04\/render-wood-joist-1840x1036.jpg 1024w\"\n         sizes=\"auto, 100vw\" class=\"img-fluid\" width=\"920\"\n         height=\"518\"\/>\n    \n\n                <\/div>\n                <\/div>\n              <\/div>\n                  <\/div>\n                <\/div>\n              <\/div>  \n            <\/div>\n              <div class=\"responsive_default align-items-center\">\n                <div class=\"col-xl-7 order-xl-2\">\n                  <div class=\"txtimg-image text-center\">\n                                      <img loading=\"lazy\" decoding=\"async\" src=\"https:\/\/i4f.com\/app\/uploads\/2025\/04\/render-wood-joist-920x518.jpg\" alt=\"\"\n         srcset=\"https:\/\/i4f.com\/app\/uploads\/2025\/04\/render-wood-joist-350x0-c-default.jpg 320w,https:\/\/i4f.com\/app\/uploads\/2025\/04\/render-wood-joist-920x518.jpg 640w, https:\/\/i4f.com\/app\/uploads\/2025\/04\/render-wood-joist-1840x1036.jpg 1024w\"\n         sizes=\"auto, 100vw\" class=\"img-fluid\" width=\"920\"\n         height=\"518\"\/>\n    \n\n                  <\/div>\n                <\/div>\n                <div class=\"col-xl-5 order-xl-1\">\n                  <div class=\"txtimg-body\">\n                    <div class=\"logo\">\n                      <img decoding=\"async\" src=\"https:\/\/i4f.com\/app\/uploads\/2025\/10\/i4F-ClikDek-Screwlocknew_CMYK.pdf-260x24.jpg\" alt=\"\" \/>\n                    <\/div>\n                    <h2><\/h2>\n                    <p>i4F ClikDek\u00ae ScrewLock is i4F\u2019s newest smart-fixing decking technology, delivering an easy screw-in decking clip while introducing unprecedented accessibility. Remove boards and easily reinstall them in seconds. Additionally, the new system is compatible with ClikDek\u2019s invisible profile, resulting in less maintenance, as the loss of items in between the panels is eliminated.<\/p>\n<ul>\n<li>100% accessible<\/li>\n<li>Invisible profile<\/li>\n<li>Compatible with wood joists<\/li>\n<\/ul>\n\n                  <\/div>\n                <\/div>\n              <\/div>\n            <\/div>\n          <\/div>\n        <\/div>\n        <\/section>\n\n<\/div>\n<\/div>\n        <section class=\"block form\" id=\"block_68fa345dc16b5\">\n          <div class=\"container\">\n<div class=\"tab-container\">\n  <button class=\"tab-button\"><\/button>\n  <ul class=\"nav nav-pills rows\" role=\"tablist\">\n      <li class=\"nav-item col-lg-3\" role=\"presentation\">\n      <button class=\"nav-link active\" id=\"block_68fa345dc16b5-1-form\" data-bs-toggle=\"tab\" data-bs-target=\"#block_68fa345dc16b5-1\" type=\"button\" role=\"tab\" aria-controls=\"block_68fa345dc16b5-1\" aria-selected=\"true\"><\/button>\n    <\/li>\n  <\/ul>\n  <div class=\"row\">\n    <div class=\"col-xl-6 offset-xl-3 tab-content\">\n        <div class=\"tab-pane fade show active\" id=\"block_68fa345dc16b5-1\" role=\"tabpanel\" aria-labelledby=\"block_68fa345dc16b5-1-form\">\n        <div class=\"heading text-center\">\n          <p>To find out more about i4F ClikDek and receive a sample, get in touch with us using the form below.<\/p>\n        <\/div>\n        <div class=\"col-xl-8 offset-xl-2\">\n          <div class=\"form\">\n            <form action=\"\/fr\/i4f-clikdek\/#block_68fa345dc16b5-1-form\" method=\"post\" class=\"form-contact form-process\" data-action=\"contact\" data-nonce=\"798bd0065b\" data-post-id=\"9449\" novalidate>\n              <div class='form-container'>\n                <div class=\"alert alert-danger error\"><\/div>\n                <input type=\"hidden\" name=\"tab\" value=\"block_68fa345dc16b5-1-form\" \/>\n                <input type=\"hidden\" name=\"MMERGE6\" value=\"Lead Form\" \/>\n                <input type=\"hidden\" name=\"required\" value=\"EMAIL\" \/>\n                <input type=\"hidden\" name=\"site\" value=\"\" \/>\n                <h5>Request a sample<\/h5>\n                <p>\n                  <label for=\"block_68fa345dc16b5-1-firstname\">Pr\u00e9nom<\/label>\n                  <input id=\"block_68fa345dc16b5-1-firstname\" type=\"text\" name=\"FNAME\" class=\"form-control\" value=\"\" \/>\n                <\/p>\n                <p>\n                  <label for=\"block_68fa345dc16b5-1-lastname\">Nom de famille<\/label>\n                  <input id=\"block_68fa345dc16b5-1-lastname\" type=\"text\" name=\"LNAME\" class=\"form-control\" value=\"\" \/>\n                <\/p>\n                <p>\n                  <label for=\"block_68fa345dc16b5-1-company\">Soci\u00e9t\u00e9<\/label>\n                  <input id=\"block_68fa345dc16b5-1-company\" type=\"text\" name=\"MMERGE5\" class=\"form-control\" value=\"\" \/>\n                <\/p>\n                <p>\n                  <label for=\"block_68fa345dc16b5-1-email\">E-mail<\/label>\n                  <input id=\"block_68fa345dc16b5-1-email\" type=\"text\" name=\"EMAIL\" class=\"form-control\" value=\"\" required\/>\n                <\/p>\n                <p>\n                  <label for=\"block_68fa345dc16b5-1-message\">Message<\/label>\n                  <textarea id=\"block_68fa345dc16b5-1-message\" rows=\"6\" class=\"form-control\" name=\"message\"><\/textarea>\n                <\/p>\n                <p>\n                  <div class=\"form-check\">\n                    <input class=\"form-check-input\" type=\"checkbox\" value=\"1\" name=\"newsletter\" id=\"block_68fa345dc16b5-1-newsletter\">\n                    <label class=\"form-check-label\" for=\"block_68fa345dc16b5-1-newsletter\">Inscrivez-moi \u00e0 votre newsletter<\/label>\n                  <\/div>\n                <\/p>\n                <p>\n                  <div class=\"form-check\">\n                    <input class=\"form-check-input\" type=\"checkbox\" value=\"Yes\" name=\"gdpr\" id=\"block_68fa345dc16b5-1-dgpr\">\n                    <label class=\"form-check-label\" for=\"block_68fa345dc16b5-1-dgpr\">J\u2019accepte que mes donn\u00e9es personnelles soient utilis\u00e9es par i4f aux fins du traitement de ma demande<\/label>\n                  <\/div>\n                <\/p>\n                <p class=\"g-recaptcha\" data-sitekey=\"6LeTV38bAAAAAFtfbAsUy3i58iEa5SHcUp9z-jRV\"><\/p>\n                <p>\n                  <button class=\"btn btn-sm btn-primary\">Envoyer un message<\/button>\n                <\/p>\n              <\/div>\n              <div class=\"form-thank-you\">\n                <h3>Merci pour votre requ\u00eate<\/h3>\n              <\/div>\n            <\/form>\n          <\/div>\n        <\/div>\n      <\/div>\n    <\/div>\n  <\/div>\n<\/div>\n          <\/div>\n        <\/section>\n\n        <section class=\"block cta image\" id=\"block_60ddb636d0802\">\n          <div class=\"container\">\n  <div class=\"row\">\n    <div class=\"col-lg-8 offset-lg-2\">\n      <div class=\"cta-bg\">\n        <div class=\"row align-items-center\">\n          <div class=\"col-xl-3\">\n            <div class=\"cta-image\">\n                                <img loading=\"lazy\" decoding=\"async\" src=\"https:\/\/i4f.com\/app\/uploads\/2021\/06\/Newsletter-preview-1-360x370.png\" alt=\"Restez \u00e0 jour avec i4F\"\n         srcset=\"https:\/\/i4f.com\/app\/uploads\/2021\/06\/Newsletter-preview-1-350x0-c-default.png 320w,https:\/\/i4f.com\/app\/uploads\/2021\/06\/Newsletter-preview-1-360x370.png 640w, https:\/\/i4f.com\/app\/uploads\/2021\/06\/Newsletter-preview-1-716x740.png 1024w\"\n         sizes=\"auto, 100vw\" class=\"img-fluid\" width=\"360\"\n         height=\"370\"\/>\n    \n\n            <\/div>\n          <\/div>\n          <div class=\"col-xl-9\">\n            <div class=\"cta-content\">\n              <h3>Restez \u00e0 jour avec i4F<\/h3>\n              <ul>\n                <li>Les derni\u00e8res nouvelles de l&#8217;industrie directement dans votre bo\u00eete de r\u00e9ception<\/li>\n                <li>En savoir plus sur nos technologies et les \u00e9v\u00e9nements \u00e0 venir<\/li>\n              <\/ul>\n              <form action=\"\/fr\/i4f-clikdek\/#block_60ddb636d0802\" method=\"post\" class=\"form-mailing-list form-process\" data-action=\"subscribe\" data-nonce=\"bfa17f67c6\" data-post-id=\"9449\" novalidate>\n                <div class='form-container'>\n                  <div class=\"alert alert-danger error\"><\/div>\n                  <label for=\"email\">Votre adresse e-mail<\/label>\n                  <div class=\"row g-0 align-items-center\">\n                    <div class=\"col-7\">\n                      <input id=\"email\" name=\"email\" type=\"email\" value=\"\" class=\"form-control\" \/>\n                    <\/div>\n                    <div class=\"col-5\">\n                      <button class=\"btn btn-sm btn-primary\">Tenez-moi au courant<\/button>\n                    <\/div>\n                  <\/div>\n                <\/div>\n                <div class=\"form-thank-you\">\n                  <h3>Merci de votre inscription<\/h3>\n                <\/div>\n              <\/form>\n            <\/div>\n          <\/div>\n        <\/div>\n      <\/div>\n    <\/div>\n  <\/div>\n          <\/div>\n        <\/section>\n\n","protected":false},"excerpt":{"rendered":"","protected":false},"author":6,"featured_media":0,"parent":0,"menu_order":0,"comment_status":"closed","ping_status":"closed","template":"templates\/page-landing.php","meta":{"_acf_changed":false,"content-type":"","footnotes":""},"class_list":["post-9449","page","type-page","status-publish","hentry"],"acf":[],"yoast_head":"<!-- This site is optimized with the Yoast SEO plugin v24.8.1 - https:\/\/yoast.com\/wordpress\/plugins\/seo\/ -->\n<title>i4F ClikDek - i4F<\/title>\n<meta name=\"robots\" content=\"index, follow, max-snippet:-1, max-image-preview:large, max-video-preview:-1\" \/>\n<link rel=\"canonical\" href=\"https:\/\/i4f.com\/fr\/i4f-clikdek\/\" \/>\n<meta property=\"og:locale\" content=\"fr_FR\" \/>\n<meta property=\"og:type\" content=\"article\" \/>\n<meta property=\"og:title\" content=\"i4F ClikDek - i4F\" \/>\n<meta property=\"og:url\" content=\"https:\/\/i4f.com\/fr\/i4f-clikdek\/\" \/>\n<meta property=\"og:site_name\" content=\"i4F\" \/>\n<meta property=\"article:modified_time\" content=\"2025-10-31T10:27:25+00:00\" \/>\n<meta name=\"twitter:card\" content=\"summary_large_image\" \/>\n<script type=\"application\/ld+json\" class=\"yoast-schema-graph\">{\"@context\":\"https:\/\/schema.org\",\"@graph\":[{\"@type\":\"WebPage\",\"@id\":\"https:\/\/i4f.com\/fr\/i4f-clikdek\/\",\"url\":\"https:\/\/i4f.com\/fr\/i4f-clikdek\/\",\"name\":\"i4F ClikDek - i4F\",\"isPartOf\":{\"@id\":\"https:\/\/i4f.com\/fr\/#website\"},\"datePublished\":\"2024-01-03T10:44:25+00:00\",\"dateModified\":\"2025-10-31T10:27:25+00:00\",\"breadcrumb\":{\"@id\":\"https:\/\/i4f.com\/fr\/i4f-clikdek\/#breadcrumb\"},\"inLanguage\":\"fr-FR\",\"potentialAction\":[{\"@type\":\"ReadAction\",\"target\":[\"https:\/\/i4f.com\/fr\/i4f-clikdek\/\"]}]},{\"@type\":\"BreadcrumbList\",\"@id\":\"https:\/\/i4f.com\/fr\/i4f-clikdek\/#breadcrumb\",\"itemListElement\":[{\"@type\":\"ListItem\",\"position\":1,\"name\":\"Home\",\"item\":\"https:\/\/i4f.com\/fr\/\"},{\"@type\":\"ListItem\",\"position\":2,\"name\":\"i4F ClikDek\"}]},{\"@type\":\"WebSite\",\"@id\":\"https:\/\/i4f.com\/fr\/#website\",\"url\":\"https:\/\/i4f.com\/fr\/\",\"name\":\"i4F\",\"description\":\"\",\"potentialAction\":[{\"@type\":\"SearchAction\",\"target\":{\"@type\":\"EntryPoint\",\"urlTemplate\":\"https:\/\/i4f.com\/fr\/?s={search_term_string}\"},\"query-input\":{\"@type\":\"PropertyValueSpecification\",\"valueRequired\":true,\"valueName\":\"search_term_string\"}}],\"inLanguage\":\"fr-FR\"}]}<\/script>\n<!-- \/ Yoast SEO plugin. -->","yoast_head_json":{"title":"i4F ClikDek - i4F","robots":{"index":"index","follow":"follow","max-snippet":"max-snippet:-1","max-image-preview":"max-image-preview:large","max-video-preview":"max-video-preview:-1"},"canonical":"https:\/\/i4f.com\/fr\/i4f-clikdek\/","og_locale":"fr_FR","og_type":"article","og_title":"i4F ClikDek - i4F","og_url":"https:\/\/i4f.com\/fr\/i4f-clikdek\/","og_site_name":"i4F","article_modified_time":"2025-10-31T10:27:25+00:00","twitter_card":"summary_large_image","schema":{"@context":"https:\/\/schema.org","@graph":[{"@type":"WebPage","@id":"https:\/\/i4f.com\/fr\/i4f-clikdek\/","url":"https:\/\/i4f.com\/fr\/i4f-clikdek\/","name":"i4F ClikDek - i4F","isPartOf":{"@id":"https:\/\/i4f.com\/fr\/#website"},"datePublished":"2024-01-03T10:44:25+00:00","dateModified":"2025-10-31T10:27:25+00:00","breadcrumb":{"@id":"https:\/\/i4f.com\/fr\/i4f-clikdek\/#breadcrumb"},"inLanguage":"fr-FR","potentialAction":[{"@type":"ReadAction","target":["https:\/\/i4f.com\/fr\/i4f-clikdek\/"]}]},{"@type":"BreadcrumbList","@id":"https:\/\/i4f.com\/fr\/i4f-clikdek\/#breadcrumb","itemListElement":[{"@type":"ListItem","position":1,"name":"Home","item":"https:\/\/i4f.com\/fr\/"},{"@type":"ListItem","position":2,"name":"i4F ClikDek"}]},{"@type":"WebSite","@id":"https:\/\/i4f.com\/fr\/#website","url":"https:\/\/i4f.com\/fr\/","name":"i4F","description":"","potentialAction":[{"@type":"SearchAction","target":{"@type":"EntryPoint","urlTemplate":"https:\/\/i4f.com\/fr\/?s={search_term_string}"},"query-input":{"@type":"PropertyValueSpecification","valueRequired":true,"valueName":"search_term_string"}}],"inLanguage":"fr-FR"}]}},"_links":{"self":[{"href":"https:\/\/i4f.com\/fr\/wp-json\/wp\/v2\/pages\/9449","targetHints":{"allow":["GET"]}}],"collection":[{"href":"https:\/\/i4f.com\/fr\/wp-json\/wp\/v2\/pages"}],"about":[{"href":"https:\/\/i4f.com\/fr\/wp-json\/wp\/v2\/types\/page"}],"author":[{"embeddable":true,"href":"https:\/\/i4f.com\/fr\/wp-json\/wp\/v2\/users\/6"}],"replies":[{"embeddable":true,"href":"https:\/\/i4f.com\/fr\/wp-json\/wp\/v2\/comments?post=9449"}],"version-history":[{"count":2,"href":"https:\/\/i4f.com\/fr\/wp-json\/wp\/v2\/pages\/9449\/revisions"}],"predecessor-version":[{"id":9629,"href":"https:\/\/i4f.com\/fr\/wp-json\/wp\/v2\/pages\/9449\/revisions\/9629"}],"wp:attachment":[{"href":"https:\/\/i4f.com\/fr\/wp-json\/wp\/v2\/media?parent=9449"}],"curies":[{"name":"wp","href":"https:\/\/api.w.org\/{rel}","templated":true}]}}