{"id":3069,"date":"2021-06-10T11:06:26","date_gmt":"2021-06-10T11:06:26","guid":{"rendered":"https:\/\/i4f.com\/a-propos-di4f\/notre-equipe\/"},"modified":"2025-10-02T07:14:52","modified_gmt":"2025-10-02T07:14:52","slug":"notre-equipe","status":"publish","type":"page","link":"https:\/\/i4f.com\/fr\/a-propos-di4f\/notre-equipe\/","title":{"rendered":"Notre \u00e9quipe"},"content":{"rendered":"        <section class=\"block hero\" id=\"block_68de266b3d955\">\n          <div class=\"hero-content\" style=\"background-image: url('https:\/\/i4f.com\/app\/themes\/i4f\/assets\/img\/placeholder\/hero-3000x1140.jpg')\">\n              <img decoding=\"async\" src=\"https:\/\/i4f.com\/app\/themes\/i4f\/assets\/img\/placeholder\/full-1440x820.jpg\" alt=\"Visionnaires de la technologie et sp\u00e9cialistes de la propri\u00e9t\u00e9 intellectuelle\" class=\"img-fluid hero-mobile\"\/>\n\n\n            <div class=\"container\">\n              <div class=\"overlay\"><\/div>\n              <div class=\"row align-items-center\">\n                <div class=\"col-lg-5\">\n                  <div class=\"hero-body\">\n                    <h6>NOTRE \u00c9QUIPE <\/h6>\n                    <h1>Visionnaires de la technologie et sp\u00e9cialistes de la propri\u00e9t\u00e9 intellectuelle<\/h1>\n                    <p>Notre \u00e9quipe apporte une combinaison unique d&#8217;excellence technique et d&#8217;expertise du march\u00e9. Mais avant tout, nous sommes des personnes. Des personnes qui appr\u00e9cient les relations. Des personnes qui s&#8217;engagent pour le meilleur.<\/p>\n                    <p class=\"hero-links\">\n                      <a href=\"#patent-processes\" class=\"btn  btn-primary\">Rencontrer l&#8217;\u00e9quipe &nbsp; <svg width=\"24\" height=\"24\" viewBox=\"0 0 24 24\" fill=\"none\" xmlns=\"http:\/\/www.w3.org\/2000\/svg\">\n<path d=\"M12 5V19\" stroke=\"#304757\" stroke-width=\"2\" stroke-linecap=\"round\" stroke-linejoin=\"round\"\/>\n<path d=\"M19 12L12 19L5 12\" stroke=\"#304757\" stroke-width=\"2\" stroke-linecap=\"round\" stroke-linejoin=\"round\"\/>\n<\/svg>\n<\/a>\n                    <\/p>\n                  <\/div>\n                <\/div>\n                <div class=\"col d-none d-lg-block hero-spacer\">\n                <\/div>\n              <\/div>\n            <\/div>\n          <\/div>\n        <\/section>\n\n\n\n        <section class=\"block heading center\" id=\"patent-processes\">\n          <div class=\"container\">\n  <div class=\"row\">\n    <div class=\"col-lg-8 offset-lg-2\">\n      <h2>Rencontrer l&#8217;\u00e9quipe <\/h2>\n      <p>Avec une exp\u00e9rience dans des entreprises mondiales de rev\u00eatements de sol, notre \u00e9quipe de professionnels est compos\u00e9e d&#8217;experts en recherche et d\u00e9veloppement et en processus de brevet pour les rev\u00eatements de sol.<\/p>\n    <\/div>\n  <\/div>\n          <\/div>\n        <\/section>\n\n\n\n        <section class=\"block profile feed\" id=\"block_68de266b3f305\">\n          <div class=\"container\">\n            <div class=\"row justify-content-center\">\n              <div class=\"col-md-3 item\">\n                <p>            <img loading=\"lazy\" decoding=\"async\" src=\"https:\/\/i4f.com\/app\/uploads\/2025\/11\/I4FLicensing-By-Fredography-Full-13-320x480.jpg\" alt=\"John Rietveldt\"\n         srcset=\"https:\/\/i4f.com\/app\/uploads\/2025\/11\/I4FLicensing-By-Fredography-Full-13-320x480.jpg 640w, https:\/\/i4f.com\/app\/uploads\/2025\/11\/I4FLicensing-By-Fredography-Full-13-640x960.jpg 1024w\"\n         sizes=\"auto, 100vw\" class=\"img-fluid\" width=\"320\"\n         height=\"480\"\/>\n    \n\n<\/p>\n                <h3 class=\"h5\">John Rietveldt<\/h3>\n                <p><strong>Directeur g\u00e9n\u00e9ral <\/strong><\/p>\n                <p>L&#8217;entreprise est dirig\u00e9e par John Rietveldt, qui a pr\u00e9c\u00e9demment occup\u00e9 le poste de pr\u00e9sident mondial de Tarkett, le leader mondial du march\u00e9 des rev\u00eatements de sol durs. Auparavant, il a exerc\u00e9des fonctions de CEO d&#8217;Ideal Standard International, et vice-pr\u00e9sident de Whirlpool Europe. <\/p>\n              <\/div>\n              <div class=\"col-md-3 item\">\n                <p>            <img loading=\"lazy\" decoding=\"async\" src=\"https:\/\/i4f.com\/app\/uploads\/2021\/06\/I4FLicensing-By-Fredography-Full-21-320x480.jpg\" alt=\"Matthieu Dekens\"\n         srcset=\"https:\/\/i4f.com\/app\/uploads\/2021\/06\/I4FLicensing-By-Fredography-Full-21-320x480.jpg 640w, https:\/\/i4f.com\/app\/uploads\/2021\/06\/I4FLicensing-By-Fredography-Full-21-640x960.jpg 1024w\"\n         sizes=\"auto, 100vw\" class=\"img-fluid\" width=\"320\"\n         height=\"480\"\/>\n    \n\n<\/p>\n                <h3 class=\"h5\">Matthieu Dekens<\/h3>\n                <p><strong>Pr\u00e9sident, i4F Inc. Am\u00e9rique du Nord<\/strong><\/p>\n                <p>Matthieu Dekens rejoint i4F en provenance d&#8217;Ideal Standard International o\u00f9 il \u00e9tait VP, Sales &#038; Marketing. Auparavant, il a pass\u00e9 dix ans chez Tarkett en tant Directeur G\u00e9n\u00e9ral Royaume-Uni et France, puis Business Unit Leader, cat\u00e9gorie sols vinyls, Europe de l&#8217;Ouest.<\/p>\n              <\/div>\n              <div class=\"col-md-3 item\">\n                <p>            <img loading=\"lazy\" decoding=\"async\" src=\"https:\/\/i4f.com\/app\/uploads\/2025\/11\/I4FLicensing-By-Fredography-Full-75-320x480.jpg\" alt=\"Bram Kingma\"\n         srcset=\"https:\/\/i4f.com\/app\/uploads\/2025\/11\/I4FLicensing-By-Fredography-Full-75-320x480.jpg 640w, https:\/\/i4f.com\/app\/uploads\/2025\/11\/I4FLicensing-By-Fredography-Full-75-640x960.jpg 1024w\"\n         sizes=\"auto, 100vw\" class=\"img-fluid\" width=\"320\"\n         height=\"480\"\/>\n    \n\n<\/p>\n                <h3 class=\"h5\">Bram Kingma<\/h3>\n                <p><strong>Directeur financier <\/strong><\/p>\n                <p>Bram Kingma supervise la gestion financi\u00e8re des activit\u00e9s de licence, des soci\u00e9t\u00e9s et des partenariats d&#8217;i4F. <\/p>\n              <\/div>\n              <div class=\"col-md-3 item\">\n                <p>            <img loading=\"lazy\" decoding=\"async\" src=\"https:\/\/i4f.com\/app\/uploads\/2025\/11\/I4FLicensing-By-Fredography-Full-95-320x480.jpg\" alt=\"Mattie de Koning\"\n         srcset=\"https:\/\/i4f.com\/app\/uploads\/2025\/11\/I4FLicensing-By-Fredography-Full-95-320x480.jpg 640w, https:\/\/i4f.com\/app\/uploads\/2025\/11\/I4FLicensing-By-Fredography-Full-95-640x960.jpg 1024w\"\n         sizes=\"auto, 100vw\" class=\"img-fluid\" width=\"320\"\n         height=\"480\"\/>\n    \n\n<\/p>\n                <h3 class=\"h5\">Mattie de Koning<\/h3>\n                <p><strong>Directeur de la propri\u00e9t\u00e9 intellectuelle<\/strong><\/p>\n                <p>Mattie de Koning est sp\u00e9cialis\u00e9 dans les contentieux brevets nationaux et transfrontaliers. Auparavant, Mattie a travaill\u00e9 chez Simmons &#038; Simmons LLP, o\u00f9 il \u00e9tait associ\u00e9 en propri\u00e9t\u00e9 intellectuelle, \u00e9galement sp\u00e9cialis\u00e9 dans les litiges internationaux en mati\u00e8re de brevets et les transactions de propri\u00e9t\u00e9 intellectuelle.<\/p>\n              <\/div>\n              <div class=\"col-md-3 item\">\n                <p>            <img loading=\"lazy\" decoding=\"async\" src=\"https:\/\/i4f.com\/app\/uploads\/2021\/06\/Projekt-bez-nazwy-37-320x480.png\" alt=\"Pieter Devos\"\n         srcset=\"https:\/\/i4f.com\/app\/uploads\/2021\/06\/Projekt-bez-nazwy-37-320x480.png 640w, https:\/\/i4f.com\/app\/uploads\/2021\/06\/Projekt-bez-nazwy-37-640x960.png 1024w\"\n         sizes=\"auto, 100vw\" class=\"img-fluid\" width=\"320\"\n         height=\"480\"\/>\n    \n\n<\/p>\n                <h3 class=\"h5\">Pieter Devos<\/h3>\n                <p><strong>Directeur R&#038;D<\/strong><\/p>\n                <p>Pieter Devos est Directeur R&#038;D chez i4F, apportant une vaste exp\u00e9rience en innovation et d\u00e9veloppement technologique. Auparavant, il a occup\u00e9 des postes de direction en R&#038;D, contribuant aux avanc\u00e9es dans les solutions de rev\u00eatements de sol et la propri\u00e9t\u00e9 intellectuelle. Son expertise couvre l\u2019ing\u00e9nierie produit, l\u2019innovation strat\u00e9gique et le d\u00e9veloppement de brevets.<\/p>\n              <\/div>\n              <div class=\"col-md-3 item\">\n                <p>            <img loading=\"lazy\" decoding=\"async\" src=\"https:\/\/i4f.com\/app\/uploads\/2025\/11\/I4FLicensing-By-Fredography-Full-45-320x480.jpg\" alt=\"David Song\"\n         srcset=\"https:\/\/i4f.com\/app\/uploads\/2025\/11\/I4FLicensing-By-Fredography-Full-45-320x480.jpg 640w, https:\/\/i4f.com\/app\/uploads\/2025\/11\/I4FLicensing-By-Fredography-Full-45-640x960.jpg 1024w\"\n         sizes=\"auto, 100vw\" class=\"img-fluid\" width=\"320\"\n         height=\"480\"\/>\n    \n\n<\/p>\n                <h3 class=\"h5\">David Song<\/h3>\n                <p><strong>Directeur commercial, Asie <\/strong><\/p>\n                <p>En tant que directeur commercial pour l&#8217;Asie, David Song est responsable des activit\u00e9s commerciales d&#8217;i4F pour la r\u00e9gion, couvrant tous les brevets et technologies repr\u00e9sent\u00e9s par la soci\u00e9t\u00e9. David a rejoint i4F en 2017 et, avant cela, a pass\u00e9 plus de neuf ans chez Unilin en charge de ses licences en Asie.<\/p>\n              <\/div>\n            <\/div>\n          <\/div>\n        <\/section>\n\n\n\n        <section class=\"block cta image\" id=\"block_60ddb636d0802\">\n          <div class=\"container\">\n  <div class=\"row\">\n    <div class=\"col-lg-8 offset-lg-2\">\n      <div class=\"cta-bg\">\n        <div class=\"row align-items-center\">\n          <div class=\"col-xl-3\">\n            <div class=\"cta-image\">\n                                <img loading=\"lazy\" decoding=\"async\" src=\"https:\/\/i4f.com\/app\/uploads\/2021\/06\/Newsletter-preview-1-360x370.png\" alt=\"Restez \u00e0 jour avec i4F\"\n         srcset=\"https:\/\/i4f.com\/app\/uploads\/2021\/06\/Newsletter-preview-1-350x0-c-default.png 320w,https:\/\/i4f.com\/app\/uploads\/2021\/06\/Newsletter-preview-1-360x370.png 640w, https:\/\/i4f.com\/app\/uploads\/2021\/06\/Newsletter-preview-1-716x740.png 1024w\"\n         sizes=\"auto, 100vw\" class=\"img-fluid\" width=\"360\"\n         height=\"370\"\/>\n    \n\n            <\/div>\n          <\/div>\n          <div class=\"col-xl-9\">\n            <div class=\"cta-content\">\n              <h3>Restez \u00e0 jour avec i4F<\/h3>\n              <ul>\n                <li>Les derni\u00e8res nouvelles de l&#8217;industrie directement dans votre bo\u00eete de r\u00e9ception<\/li>\n                <li>En savoir plus sur nos technologies et les \u00e9v\u00e9nements \u00e0 venir<\/li>\n              <\/ul>\n              <form action=\"\/fr\/a-propos-di4f\/notre-equipe\/#block_60ddb636d0802\" method=\"post\" class=\"form-mailing-list form-process\" data-action=\"subscribe\" data-nonce=\"d31d58a5a2\" data-post-id=\"3069\" novalidate>\n                <div class='form-container'>\n                  <div class=\"alert alert-danger error\"><\/div>\n                  <label for=\"email\">Votre adresse e-mail<\/label>\n                  <div class=\"row g-0 align-items-center\">\n                    <div class=\"col-7\">\n                      <input id=\"email\" name=\"email\" type=\"email\" value=\"\" class=\"form-control\" \/>\n                    <\/div>\n                    <div class=\"col-5\">\n                      <button class=\"btn btn-sm btn-primary\">Tenez-moi au courant<\/button>\n                    <\/div>\n                  <\/div>\n                <\/div>\n                <div class=\"form-thank-you\">\n                  <h3>Merci de votre inscription<\/h3>\n                <\/div>\n              <\/form>\n            <\/div>\n          <\/div>\n        <\/div>\n      <\/div>\n    <\/div>\n  <\/div>\n          <\/div>\n        <\/section>\n\n","protected":false},"excerpt":{"rendered":"","protected":false},"author":14,"featured_media":0,"parent":3037,"menu_order":0,"comment_status":"closed","ping_status":"closed","template":"","meta":{"_acf_changed":false,"content-type":"","footnotes":""},"class_list":["post-3069","page","type-page","status-publish","hentry"],"acf":[],"yoast_head":"<!-- This site is optimized with the Yoast SEO plugin v24.8.1 - https:\/\/yoast.com\/wordpress\/plugins\/seo\/ -->\n<title>Notre \u00e9quipe - i4F<\/title>\n<meta name=\"description\" content=\"L&#039;\u00e9quipe i4F est un groupe de professionnels internationaux du rev\u00eatement de sol. Avec une exp\u00e9rience mondiale, ils sont experts en R&amp;D et en processus de brevet pour des rev\u00eatements de sol innovants.\" \/>\n<meta name=\"robots\" content=\"index, follow, max-snippet:-1, max-image-preview:large, max-video-preview:-1\" \/>\n<link rel=\"canonical\" href=\"https:\/\/i4f.com\/fr\/a-propos-di4f\/notre-equipe\/\" \/>\n<meta property=\"og:locale\" content=\"fr_FR\" \/>\n<meta property=\"og:type\" content=\"article\" \/>\n<meta property=\"og:title\" content=\"Notre \u00e9quipe - i4F\" \/>\n<meta property=\"og:description\" content=\"L&#039;\u00e9quipe i4F est un groupe de professionnels internationaux du rev\u00eatement de sol. Avec une exp\u00e9rience mondiale, ils sont experts en R&amp;D et en processus de brevet pour des rev\u00eatements de sol innovants.\" \/>\n<meta property=\"og:url\" content=\"https:\/\/i4f.com\/fr\/a-propos-di4f\/notre-equipe\/\" \/>\n<meta property=\"og:site_name\" content=\"i4F\" \/>\n<meta property=\"article:modified_time\" content=\"2025-10-02T07:14:52+00:00\" \/>\n<meta name=\"twitter:card\" content=\"summary_large_image\" \/>\n<script type=\"application\/ld+json\" class=\"yoast-schema-graph\">{\"@context\":\"https:\/\/schema.org\",\"@graph\":[{\"@type\":\"WebPage\",\"@id\":\"https:\/\/i4f.com\/fr\/a-propos-di4f\/notre-equipe\/\",\"url\":\"https:\/\/i4f.com\/fr\/a-propos-di4f\/notre-equipe\/\",\"name\":\"Notre \u00e9quipe - i4F\",\"isPartOf\":{\"@id\":\"https:\/\/i4f.com\/fr\/#website\"},\"datePublished\":\"2021-06-10T11:06:26+00:00\",\"dateModified\":\"2025-10-02T07:14:52+00:00\",\"description\":\"L'\u00e9quipe i4F est un groupe de professionnels internationaux du rev\u00eatement de sol. Avec une exp\u00e9rience mondiale, ils sont experts en R&D et en processus de brevet pour des rev\u00eatements de sol innovants.\",\"breadcrumb\":{\"@id\":\"https:\/\/i4f.com\/fr\/a-propos-di4f\/notre-equipe\/#breadcrumb\"},\"inLanguage\":\"fr-FR\",\"potentialAction\":[{\"@type\":\"ReadAction\",\"target\":[\"https:\/\/i4f.com\/fr\/a-propos-di4f\/notre-equipe\/\"]}]},{\"@type\":\"BreadcrumbList\",\"@id\":\"https:\/\/i4f.com\/fr\/a-propos-di4f\/notre-equipe\/#breadcrumb\",\"itemListElement\":[{\"@type\":\"ListItem\",\"position\":1,\"name\":\"Home\",\"item\":\"https:\/\/i4f.com\/fr\/\"},{\"@type\":\"ListItem\",\"position\":2,\"name\":\"A propos d&#8217;i4F\",\"item\":\"https:\/\/i4f.com\/fr\/a-propos-di4f\/\"},{\"@type\":\"ListItem\",\"position\":3,\"name\":\"Notre \u00e9quipe\"}]},{\"@type\":\"WebSite\",\"@id\":\"https:\/\/i4f.com\/fr\/#website\",\"url\":\"https:\/\/i4f.com\/fr\/\",\"name\":\"i4F\",\"description\":\"\",\"potentialAction\":[{\"@type\":\"SearchAction\",\"target\":{\"@type\":\"EntryPoint\",\"urlTemplate\":\"https:\/\/i4f.com\/fr\/?s={search_term_string}\"},\"query-input\":{\"@type\":\"PropertyValueSpecification\",\"valueRequired\":true,\"valueName\":\"search_term_string\"}}],\"inLanguage\":\"fr-FR\"}]}<\/script>\n<!-- \/ Yoast SEO plugin. -->","yoast_head_json":{"title":"Notre \u00e9quipe - i4F","description":"L'\u00e9quipe i4F est un groupe de professionnels internationaux du rev\u00eatement de sol. Avec une exp\u00e9rience mondiale, ils sont experts en R&D et en processus de brevet pour des rev\u00eatements de sol innovants.","robots":{"index":"index","follow":"follow","max-snippet":"max-snippet:-1","max-image-preview":"max-image-preview:large","max-video-preview":"max-video-preview:-1"},"canonical":"https:\/\/i4f.com\/fr\/a-propos-di4f\/notre-equipe\/","og_locale":"fr_FR","og_type":"article","og_title":"Notre \u00e9quipe - i4F","og_description":"L'\u00e9quipe i4F est un groupe de professionnels internationaux du rev\u00eatement de sol. Avec une exp\u00e9rience mondiale, ils sont experts en R&D et en processus de brevet pour des rev\u00eatements de sol innovants.","og_url":"https:\/\/i4f.com\/fr\/a-propos-di4f\/notre-equipe\/","og_site_name":"i4F","article_modified_time":"2025-10-02T07:14:52+00:00","twitter_card":"summary_large_image","schema":{"@context":"https:\/\/schema.org","@graph":[{"@type":"WebPage","@id":"https:\/\/i4f.com\/fr\/a-propos-di4f\/notre-equipe\/","url":"https:\/\/i4f.com\/fr\/a-propos-di4f\/notre-equipe\/","name":"Notre \u00e9quipe - i4F","isPartOf":{"@id":"https:\/\/i4f.com\/fr\/#website"},"datePublished":"2021-06-10T11:06:26+00:00","dateModified":"2025-10-02T07:14:52+00:00","description":"L'\u00e9quipe i4F est un groupe de professionnels internationaux du rev\u00eatement de sol. Avec une exp\u00e9rience mondiale, ils sont experts en R&D et en processus de brevet pour des rev\u00eatements de sol innovants.","breadcrumb":{"@id":"https:\/\/i4f.com\/fr\/a-propos-di4f\/notre-equipe\/#breadcrumb"},"inLanguage":"fr-FR","potentialAction":[{"@type":"ReadAction","target":["https:\/\/i4f.com\/fr\/a-propos-di4f\/notre-equipe\/"]}]},{"@type":"BreadcrumbList","@id":"https:\/\/i4f.com\/fr\/a-propos-di4f\/notre-equipe\/#breadcrumb","itemListElement":[{"@type":"ListItem","position":1,"name":"Home","item":"https:\/\/i4f.com\/fr\/"},{"@type":"ListItem","position":2,"name":"A propos d&#8217;i4F","item":"https:\/\/i4f.com\/fr\/a-propos-di4f\/"},{"@type":"ListItem","position":3,"name":"Notre \u00e9quipe"}]},{"@type":"WebSite","@id":"https:\/\/i4f.com\/fr\/#website","url":"https:\/\/i4f.com\/fr\/","name":"i4F","description":"","potentialAction":[{"@type":"SearchAction","target":{"@type":"EntryPoint","urlTemplate":"https:\/\/i4f.com\/fr\/?s={search_term_string}"},"query-input":{"@type":"PropertyValueSpecification","valueRequired":true,"valueName":"search_term_string"}}],"inLanguage":"fr-FR"}]}},"_links":{"self":[{"href":"https:\/\/i4f.com\/fr\/wp-json\/wp\/v2\/pages\/3069","targetHints":{"allow":["GET"]}}],"collection":[{"href":"https:\/\/i4f.com\/fr\/wp-json\/wp\/v2\/pages"}],"about":[{"href":"https:\/\/i4f.com\/fr\/wp-json\/wp\/v2\/types\/page"}],"author":[{"embeddable":true,"href":"https:\/\/i4f.com\/fr\/wp-json\/wp\/v2\/users\/14"}],"replies":[{"embeddable":true,"href":"https:\/\/i4f.com\/fr\/wp-json\/wp\/v2\/comments?post=3069"}],"version-history":[{"count":7,"href":"https:\/\/i4f.com\/fr\/wp-json\/wp\/v2\/pages\/3069\/revisions"}],"predecessor-version":[{"id":9468,"href":"https:\/\/i4f.com\/fr\/wp-json\/wp\/v2\/pages\/3069\/revisions\/9468"}],"up":[{"embeddable":true,"href":"https:\/\/i4f.com\/fr\/wp-json\/wp\/v2\/pages\/3037"}],"wp:attachment":[{"href":"https:\/\/i4f.com\/fr\/wp-json\/wp\/v2\/media?parent=3069"}],"curies":[{"name":"wp","href":"https:\/\/api.w.org\/{rel}","templated":true}]}}