{"id":3031,"date":"2021-06-10T12:09:28","date_gmt":"2021-06-10T12:09:28","guid":{"rendered":"https:\/\/i4f.com\/partenariats-strategiques\/"},"modified":"2024-05-13T12:26:34","modified_gmt":"2024-05-13T12:26:34","slug":"partenariats-strategiques","status":"publish","type":"page","link":"https:\/\/i4f.com\/fr\/a-propos-di4f\/partenariats-strategiques\/","title":{"rendered":"Partenariats strat\u00e9giques"},"content":{"rendered":"        <section class=\"block hero\" id=\"block_a167bbcc990c6c3ec3b30a946092f85c\">\n          <div class=\"hero-content\" style=\"background-image: url('https:\/\/i4f.com\/app\/themes\/i4f\/assets\/img\/placeholder\/hero-3000x1140.jpg')\">\n              <img decoding=\"async\" src=\"https:\/\/i4f.com\/app\/themes\/i4f\/assets\/img\/placeholder\/full-1440x820.jpg\" alt=\"Connecter gr\u00e2ce \u00e0 des partenariats strat\u00e9giques \" class=\"img-fluid hero-mobile\"\/>\n\n\n            <div class=\"container\">\n              <div class=\"overlay\"><\/div>\n              <div class=\"row align-items-center\">\n                <div class=\"col-lg-5\">\n                  <div class=\"hero-body\">\n                    <h1>Connecter gr\u00e2ce \u00e0 des partenariats strat\u00e9giques <\/h1>\n                    <p>Depuis le tout d\u00e9but, nous avons compris l&#8217;importance des partenariats. En collaboration avec nos partenaires, nous proposons les technologies les plus avanc\u00e9es au monde, offrant des solutions innovantes, robustes, durables et faciles \u00e0 installer. <\/p>\n                    <p class=\"hero-links\">\n                      <a href=\"#strong-partnerships\" class=\"btn  btn-primary\">Voir les derni\u00e8res nouvelles des partenaires  &nbsp; <svg width=\"24\" height=\"24\" viewBox=\"0 0 24 24\" fill=\"none\" xmlns=\"http:\/\/www.w3.org\/2000\/svg\">\n<path d=\"M12 5V19\" stroke=\"#304757\" stroke-width=\"2\" stroke-linecap=\"round\" stroke-linejoin=\"round\"\/>\n<path d=\"M19 12L12 19L5 12\" stroke=\"#304757\" stroke-width=\"2\" stroke-linecap=\"round\" stroke-linejoin=\"round\"\/>\n<\/svg>\n<\/a>\n                    <\/p>\n                  <\/div>\n                <\/div>\n                <div class=\"col d-none d-lg-block hero-spacer\">\n                <\/div>\n              <\/div>\n            <\/div>\n          <\/div>\n        <\/section>\n\n\n\n        <section class=\"block heading center\" id=\"block_a0541493b590984ab843e26c48a37c47\">\n          <div class=\"container\">\n  <div class=\"row\">\n    <div class=\"col-lg-8 offset-lg-2\">\n      <h2>Des partenariats forts renfor\u00e7ant nos technologies<\/h2>\n      <p>i4F et les principaux innovateurs mondiaux en mati\u00e8re de rev\u00eatements de sol forment la combination id\u00e9ale pour stimuler le d\u00e9veloppement de nouvelles opportunit\u00e9s. Nous combinons innovation et technologie pour un objectif commun\u00a0: proposer de nouvelles solutions d&#8217;avenir pour l&#8217;industrie.<\/p>\n    <\/div>\n  <\/div>\n          <\/div>\n        <\/section>\n\n\n\n        <section class=\"block news feed latest\" id=\"block_a2eb1287679502715be9e88af4f7b032\">\n          <div class=\"container\">\n            <h6 class=\"title text-center\">Derni\u00e8res actualit\u00e9s<\/h6>\n            <div class=\"row pb-5\">\n              <div class=\"col-md-4\">\n                <p class=\"date\">Jan 27, 2026<\/p>\n                <p>Lioncore selects i4F as exclusive licensor for its new patented L-SPC lightweight rigid core product build-up and composition<\/p>\n                <p><a href=\"https:\/\/i4f.com\/fr\/article\/lioncore-selects-i4f-as-exclusive-licensor-for-its-new-patented-l-spc-lightweight-rigid-core-product-build-up-and-composition\/\" class=\"more\">Lire l\u2019article<\/a><\/p>\n              <\/div>\n              <div class=\"col-md-4\">\n                <p class=\"date\">Oct 23, 2025<\/p>\n                <p>i4F partners with Finished Edge Technology; Launches Stair Tread technologies in the United States<\/p>\n                <p><a href=\"https:\/\/i4f.com\/fr\/article\/i4f-partners-with-finished-edge-technology-launches-stair-tread-technologies-in-the-united-states\/\" class=\"more\">Lire l\u2019article<\/a><\/p>\n              <\/div>\n              <div class=\"col-md-4\">\n                <p class=\"date\">Aug 26, 2025<\/p>\n                <p>i4F announces technology partnership with VICstairs for StepVue, a uniquely bendable one-piece, seamless stair nose technology<\/p>\n                <p><a href=\"https:\/\/i4f.com\/fr\/article\/i4f-announces-technology-partnership-with-vicstairs-for-stepvue-a-uniquely-bendable-one-piece-seamless-stair-nose-technology\/\" class=\"more\">Lire l\u2019article<\/a><\/p>\n              <\/div>\n            <\/div>\n            <p class=\"text-center\"><a href=\"https:\/\/i4f.com\/fr\/news\/\" class=\"btn btn-outline-secondary\">Voir toutes les actualit\u00e9s<\/a><\/p>\n          <\/div>\n        <\/section>\n\n\n\n        <section class=\"block cta cta-text\" id=\"block_60ddb636d0802\">\n          <div class=\"container\">\n  <div class=\"row\">\n    <div class=\"col-xl-8 offset-xl-2\">\n        <div class=\"cta-content\">\n          <h3>Vous serez en bonne compagnie<\/h3>\n          <div class=\"row\">\n            <div class=\"col-lg-6 offset-lg-3\">\n              <p>La technologie avance, en particulier dans les rev\u00eatements de sol. Pour garder une longueur d&#8217;avance sur la demande d&#8217;innovation en mati\u00e8re de rev\u00eatements de sol, rejoignez les nombreux partenaires d\u00e9tenteurs d&#8217;une licence i4F.<\/p>\n              <p class=\"hero-links\">\n                  <a href=\"https:\/\/i4f.com\/contact\/?tab=block_60d3b16e96657-2-form#block_60d3b16596656\" class=\"btn  btn-primary\">Obtenir une license<\/a>\n                    <a href=\"https:\/\/i4f.com\/licensees\/\" class=\"more\">Voir tous nos d\u00e9tenteurs de licence<\/a>\n                <\/p>\n            <\/div>\n          <\/div>\n      <\/div>\n    <\/div>\n  <\/div>\n          <\/div>\n        <\/section>\n\n","protected":false},"excerpt":{"rendered":"","protected":false},"author":14,"featured_media":0,"parent":3037,"menu_order":0,"comment_status":"closed","ping_status":"closed","template":"","meta":{"_acf_changed":false,"content-type":"","footnotes":""},"class_list":["post-3031","page","type-page","status-publish","hentry"],"acf":[],"yoast_head":"<!-- This site is optimized with the Yoast SEO plugin v24.8.1 - https:\/\/yoast.com\/wordpress\/plugins\/seo\/ -->\n<title>Connecting Together Through Strategic Partnerships | i4F<\/title>\n<meta name=\"description\" content=\"Gr\u00e2ce \u00e0 des partenariats strat\u00e9giques, i4F travaille avec les principaux producteurs de rev\u00eatements de sol au monde - pour cr\u00e9er une industrie plus forte et plus rentable.\" \/>\n<meta name=\"robots\" content=\"index, follow, max-snippet:-1, max-image-preview:large, max-video-preview:-1\" \/>\n<link rel=\"canonical\" href=\"https:\/\/i4f.com\/fr\/a-propos-di4f\/partenariats-strategiques\/\" \/>\n<meta property=\"og:locale\" content=\"fr_FR\" \/>\n<meta property=\"og:type\" content=\"article\" \/>\n<meta property=\"og:title\" content=\"Connecting Together Through Strategic Partnerships | i4F\" \/>\n<meta property=\"og:description\" content=\"Gr\u00e2ce \u00e0 des partenariats strat\u00e9giques, i4F travaille avec les principaux producteurs de rev\u00eatements de sol au monde - pour cr\u00e9er une industrie plus forte et plus rentable.\" \/>\n<meta property=\"og:url\" content=\"https:\/\/i4f.com\/fr\/a-propos-di4f\/partenariats-strategiques\/\" \/>\n<meta property=\"og:site_name\" content=\"i4F\" \/>\n<meta property=\"article:modified_time\" content=\"2024-05-13T12:26:34+00:00\" \/>\n<meta name=\"twitter:card\" content=\"summary_large_image\" \/>\n<script type=\"application\/ld+json\" class=\"yoast-schema-graph\">{\"@context\":\"https:\/\/schema.org\",\"@graph\":[{\"@type\":\"WebPage\",\"@id\":\"https:\/\/i4f.com\/fr\/a-propos-di4f\/partenariats-strategiques\/\",\"url\":\"https:\/\/i4f.com\/fr\/a-propos-di4f\/partenariats-strategiques\/\",\"name\":\"Connecting Together Through Strategic Partnerships | i4F\",\"isPartOf\":{\"@id\":\"https:\/\/i4f.com\/fr\/#website\"},\"datePublished\":\"2021-06-10T12:09:28+00:00\",\"dateModified\":\"2024-05-13T12:26:34+00:00\",\"description\":\"Gr\u00e2ce \u00e0 des partenariats strat\u00e9giques, i4F travaille avec les principaux producteurs de rev\u00eatements de sol au monde - pour cr\u00e9er une industrie plus forte et plus rentable.\",\"breadcrumb\":{\"@id\":\"https:\/\/i4f.com\/fr\/a-propos-di4f\/partenariats-strategiques\/#breadcrumb\"},\"inLanguage\":\"fr-FR\",\"potentialAction\":[{\"@type\":\"ReadAction\",\"target\":[\"https:\/\/i4f.com\/fr\/a-propos-di4f\/partenariats-strategiques\/\"]}]},{\"@type\":\"BreadcrumbList\",\"@id\":\"https:\/\/i4f.com\/fr\/a-propos-di4f\/partenariats-strategiques\/#breadcrumb\",\"itemListElement\":[{\"@type\":\"ListItem\",\"position\":1,\"name\":\"Home\",\"item\":\"https:\/\/i4f.com\/fr\/\"},{\"@type\":\"ListItem\",\"position\":2,\"name\":\"A propos d&#8217;i4F\",\"item\":\"https:\/\/i4f.com\/fr\/a-propos-di4f\/\"},{\"@type\":\"ListItem\",\"position\":3,\"name\":\"Partenariats strat\u00e9giques\"}]},{\"@type\":\"WebSite\",\"@id\":\"https:\/\/i4f.com\/fr\/#website\",\"url\":\"https:\/\/i4f.com\/fr\/\",\"name\":\"i4F\",\"description\":\"\",\"potentialAction\":[{\"@type\":\"SearchAction\",\"target\":{\"@type\":\"EntryPoint\",\"urlTemplate\":\"https:\/\/i4f.com\/fr\/?s={search_term_string}\"},\"query-input\":{\"@type\":\"PropertyValueSpecification\",\"valueRequired\":true,\"valueName\":\"search_term_string\"}}],\"inLanguage\":\"fr-FR\"}]}<\/script>\n<!-- \/ Yoast SEO plugin. -->","yoast_head_json":{"title":"Connecting Together Through Strategic Partnerships | i4F","description":"Gr\u00e2ce \u00e0 des partenariats strat\u00e9giques, i4F travaille avec les principaux producteurs de rev\u00eatements de sol au monde - pour cr\u00e9er une industrie plus forte et plus rentable.","robots":{"index":"index","follow":"follow","max-snippet":"max-snippet:-1","max-image-preview":"max-image-preview:large","max-video-preview":"max-video-preview:-1"},"canonical":"https:\/\/i4f.com\/fr\/a-propos-di4f\/partenariats-strategiques\/","og_locale":"fr_FR","og_type":"article","og_title":"Connecting Together Through Strategic Partnerships | i4F","og_description":"Gr\u00e2ce \u00e0 des partenariats strat\u00e9giques, i4F travaille avec les principaux producteurs de rev\u00eatements de sol au monde - pour cr\u00e9er une industrie plus forte et plus rentable.","og_url":"https:\/\/i4f.com\/fr\/a-propos-di4f\/partenariats-strategiques\/","og_site_name":"i4F","article_modified_time":"2024-05-13T12:26:34+00:00","twitter_card":"summary_large_image","schema":{"@context":"https:\/\/schema.org","@graph":[{"@type":"WebPage","@id":"https:\/\/i4f.com\/fr\/a-propos-di4f\/partenariats-strategiques\/","url":"https:\/\/i4f.com\/fr\/a-propos-di4f\/partenariats-strategiques\/","name":"Connecting Together Through Strategic Partnerships | i4F","isPartOf":{"@id":"https:\/\/i4f.com\/fr\/#website"},"datePublished":"2021-06-10T12:09:28+00:00","dateModified":"2024-05-13T12:26:34+00:00","description":"Gr\u00e2ce \u00e0 des partenariats strat\u00e9giques, i4F travaille avec les principaux producteurs de rev\u00eatements de sol au monde - pour cr\u00e9er une industrie plus forte et plus rentable.","breadcrumb":{"@id":"https:\/\/i4f.com\/fr\/a-propos-di4f\/partenariats-strategiques\/#breadcrumb"},"inLanguage":"fr-FR","potentialAction":[{"@type":"ReadAction","target":["https:\/\/i4f.com\/fr\/a-propos-di4f\/partenariats-strategiques\/"]}]},{"@type":"BreadcrumbList","@id":"https:\/\/i4f.com\/fr\/a-propos-di4f\/partenariats-strategiques\/#breadcrumb","itemListElement":[{"@type":"ListItem","position":1,"name":"Home","item":"https:\/\/i4f.com\/fr\/"},{"@type":"ListItem","position":2,"name":"A propos d&#8217;i4F","item":"https:\/\/i4f.com\/fr\/a-propos-di4f\/"},{"@type":"ListItem","position":3,"name":"Partenariats strat\u00e9giques"}]},{"@type":"WebSite","@id":"https:\/\/i4f.com\/fr\/#website","url":"https:\/\/i4f.com\/fr\/","name":"i4F","description":"","potentialAction":[{"@type":"SearchAction","target":{"@type":"EntryPoint","urlTemplate":"https:\/\/i4f.com\/fr\/?s={search_term_string}"},"query-input":{"@type":"PropertyValueSpecification","valueRequired":true,"valueName":"search_term_string"}}],"inLanguage":"fr-FR"}]}},"_links":{"self":[{"href":"https:\/\/i4f.com\/fr\/wp-json\/wp\/v2\/pages\/3031","targetHints":{"allow":["GET"]}}],"collection":[{"href":"https:\/\/i4f.com\/fr\/wp-json\/wp\/v2\/pages"}],"about":[{"href":"https:\/\/i4f.com\/fr\/wp-json\/wp\/v2\/types\/page"}],"author":[{"embeddable":true,"href":"https:\/\/i4f.com\/fr\/wp-json\/wp\/v2\/users\/14"}],"replies":[{"embeddable":true,"href":"https:\/\/i4f.com\/fr\/wp-json\/wp\/v2\/comments?post=3031"}],"version-history":[{"count":5,"href":"https:\/\/i4f.com\/fr\/wp-json\/wp\/v2\/pages\/3031\/revisions"}],"predecessor-version":[{"id":8211,"href":"https:\/\/i4f.com\/fr\/wp-json\/wp\/v2\/pages\/3031\/revisions\/8211"}],"up":[{"embeddable":true,"href":"https:\/\/i4f.com\/fr\/wp-json\/wp\/v2\/pages\/3037"}],"wp:attachment":[{"href":"https:\/\/i4f.com\/fr\/wp-json\/wp\/v2\/media?parent=3031"}],"curies":[{"name":"wp","href":"https:\/\/api.w.org\/{rel}","templated":true}]}}