{"id":3021,"date":"2021-05-20T14:09:49","date_gmt":"2021-05-20T14:09:49","guid":{"rendered":"https:\/\/i4f.com\/page-daccueil\/"},"modified":"2025-10-02T07:09:14","modified_gmt":"2025-10-02T07:09:14","slug":"page-daccueil","status":"publish","type":"page","link":"https:\/\/i4f.com\/fr\/","title":{"rendered":"Page d\u2019accueil"},"content":{"rendered":"        <section class=\"block is-dark hero\" id=\"block_67bf092460bff\">\n          <div class=\"hero-content is-center\" style=\"background-image: url('https:\/\/i4f.com\/app\/uploads\/2021\/06\/Home-header.jpg')\">\n                              <img loading=\"lazy\" decoding=\"async\" src=\"https:\/\/i4f.com\/app\/uploads\/2021\/06\/Home-header-1440x800.jpg\" alt=\"Transformer les connexions, pour le meilleur \"\n         srcset=\"https:\/\/i4f.com\/app\/uploads\/2021\/06\/Home-header-350x0-c-default.jpg 320w,https:\/\/i4f.com\/app\/uploads\/2021\/06\/Home-header-1440x800.jpg 640w, https:\/\/i4f.com\/app\/uploads\/2021\/06\/Home-header.jpg 1024w\"\n         sizes=\"auto, 100vw\" class=\"img-fluid hero-mobile\" width=\"1440\"\n         height=\"800\"\/>\n    \n\n            <div class=\"container\">\n              <div class=\"overlay\"><\/div>\n              <div class=\"row align-items-center\">\n                <div class=\"col-lg-5\">\n                  <div class=\"hero-body\">\n                    <h6>i4F PATENTS AND TECHNOLOGIES <\/h6>\n                    <h1>Transformer les connexions, pour le meilleur <\/h1>\n                    <p>Chez i4F, nous d\u00e9veloppons des technologies brevet\u00e9es qui r\u00e9volutionnent l&#8217;industrie des rev\u00eatements de sol, et au-del\u00e0. En transformant nos connexions, nous am\u00e9liorons les lieux de vie, de travail et de jeu avec des technologies ing\u00e9nieuses, \u00e0 partir du sol. <\/p>\n                    <p class=\"hero-links\">\n                      <a href=\"https:\/\/i4f.com\/technologies\/drop-lock\/\" class=\"btn  btn-primary\">Voir nos technologies de clipsage drop-lock <\/a>\n                    <\/p>\n                  <\/div>\n                <\/div>\n                <div class=\"offset-lg-3 col-lg-4 hero-spacer\">\n                  <div class=\"block-side block-news\">\n                    <a href=\"https:\/\/i4f.com\/fr\/news\/\" class=\"more float-end\">Voir toutes les Actualit\u00e9s <svg width=\"9\" height=\"16\" viewBox=\"0 0 9 16\" fill=\"none\" xmlns=\"http:\/\/www.w3.org\/2000\/svg\">\n<path d=\"M2 14L8 8L2 2\" stroke=\"#304757\" stroke-width=\"2\" stroke-linecap=\"square\" stroke-linejoin=\"round\"\/>\n<\/svg>\n<\/a>\n                    <h3>Actualit\u00e9s<\/h3>\n                    <div class=\"news-slider card-click\">\n                      <div class=\"news-dots\"><\/div>\n                      <div class=\"card item\">\n                        <div class=\"item-content\">\n                          <p><a href=\"\/fr\/article\/i4f-and-unilin-technologies-enter-into-non%e2%80%91assert-agreement-on-water%e2%80%91repellent-coating-patents-for-laminate-and-wood-flooring\/\">i4F and Unilin Technologies\u00a0enter into non\u2011assert agreement on water\u2011repellent coating&hellip;<\/a><\/p>\n                          <p class=\"item-footer\">31 March 2026 <span><svg width=\"24\" height=\"24\" viewBox=\"0 0 24 24\" fill=\"none\" xmlns=\"http:\/\/www.w3.org\/2000\/svg\">\n<path d=\"M5 12H18\" stroke=\"#304757\" stroke-width=\"2\" stroke-linecap=\"square\" stroke-linejoin=\"round\"\/>\n<path d=\"M12 5L19 12L12 19\" stroke=\"#304757\" stroke-width=\"2\" stroke-linecap=\"square\"\/>\n<\/svg>\n<\/span><\/p>\n                        <\/div>\n                      <\/div>\n                      <div class=\"card item\">\n                        <div class=\"item-content\">\n                          <p><a href=\"\/fr\/article\/parkett-magazin-i4f-john-rietveldt-in-an-interview-of-the-month\/\">Parkett Magazin &#8211; i4F: John Rietveldt in an interview of&hellip;<\/a><\/p>\n                          <p class=\"item-footer\">25 March 2026 <span><svg width=\"24\" height=\"24\" viewBox=\"0 0 24 24\" fill=\"none\" xmlns=\"http:\/\/www.w3.org\/2000\/svg\">\n<path d=\"M5 12H18\" stroke=\"#304757\" stroke-width=\"2\" stroke-linecap=\"square\" stroke-linejoin=\"round\"\/>\n<path d=\"M12 5L19 12L12 19\" stroke=\"#304757\" stroke-width=\"2\" stroke-linecap=\"square\"\/>\n<\/svg>\n<\/span><\/p>\n                        <\/div>\n                      <\/div>\n                      <div class=\"card item\">\n                        <div class=\"item-content\">\n                          <p><a href=\"\/fr\/article\/lioncore-selects-i4f-as-exclusive-licensor-for-its-new-patented-l-spc-lightweight-rigid-core-product-build-up-and-composition\/\">Lioncore selects i4F as exclusive licensor for its new patented&hellip;<\/a><\/p>\n                          <p class=\"item-footer\">27 January 2026 <span><svg width=\"24\" height=\"24\" viewBox=\"0 0 24 24\" fill=\"none\" xmlns=\"http:\/\/www.w3.org\/2000\/svg\">\n<path d=\"M5 12H18\" stroke=\"#304757\" stroke-width=\"2\" stroke-linecap=\"square\" stroke-linejoin=\"round\"\/>\n<path d=\"M12 5L19 12L12 19\" stroke=\"#304757\" stroke-width=\"2\" stroke-linecap=\"square\"\/>\n<\/svg>\n<\/span><\/p>\n                        <\/div>\n                      <\/div>\n                    <\/div>\n                  <\/div>\n                  <div class=\"block-side block-event card-click\">\n                    <a href=\"https:\/\/i4f.com\/fr\/events\/\" class=\"more float-end\">Voir tous les \u00e9v\u00e9nements  <svg width=\"9\" height=\"16\" viewBox=\"0 0 9 16\" fill=\"none\" xmlns=\"http:\/\/www.w3.org\/2000\/svg\">\n<path d=\"M2 14L8 8L2 2\" stroke=\"#304757\" stroke-width=\"2\" stroke-linecap=\"square\" stroke-linejoin=\"round\"\/>\n<\/svg>\n<\/a>\n                    <h3>Prochain \u00e9v\u00e9nement<\/h3>\n                  <\/div>\n                <\/div>\n              <\/div>\n            <\/div>\n          <\/div>\n        <\/section>\n\n        <section class=\"block manual feed\" id=\"block_67bf09246303c\">\n        <div class=\"container-outer\">\n          <div class=\"container\">\n            <h3>D\u00c9COUVREZ i4F <\/h3>\n            <div class=\"row card-click card-equalise\">\n              <div class=\"col-lg-6 col-xl-4\">\n                <div class=\"card\">\n                                    <img loading=\"lazy\" decoding=\"async\" src=\"https:\/\/i4f.com\/app\/uploads\/2021\/07\/technolgies-home-card-image-2x-440x266.jpg\" alt=\"Nos technologies\"\n         srcset=\"https:\/\/i4f.com\/app\/uploads\/2021\/07\/technolgies-home-card-image-2x-350x0-c-default.jpg 320w,https:\/\/i4f.com\/app\/uploads\/2021\/07\/technolgies-home-card-image-2x-440x266.jpg 640w, https:\/\/i4f.com\/app\/uploads\/2021\/07\/technolgies-home-card-image-2x.jpg 1024w\"\n         sizes=\"auto, 100vw\" class=\"img-fluid card-img-top\" width=\"440\"\n         height=\"266\"\/>\n    \n\n                  <div class=\"card-body\">\n                    <h3><span>Nos technologies<\/span><\/h3>\n                    <p>Gr\u00e2ce \u00e0 nos technologies et nos partenariats, i4F r\u00e9volutionne la fa\u00e7on dont toute une industrie envisage les rev\u00eatements de sol, les surfaces et au-del\u00e0.<\/p>\n                  <\/div>\n                  <div class=\"card-footer\">\n                    <p><a href=\"https:\/\/i4f.com\/technologies\/\">Explorer nos technologies <\/a><\/p>\n                  <\/div>\n                <\/div>\n              <\/div>\n              <div class=\"col-lg-6 col-xl-4\">\n                <div class=\"card\">\n                                    <img loading=\"lazy\" decoding=\"async\" src=\"https:\/\/i4f.com\/app\/uploads\/2025\/02\/05-440x266.jpg\" alt=\"\u00c0 propos d'i4F\"\n         srcset=\"https:\/\/i4f.com\/app\/uploads\/2025\/02\/05-e1740572941997-350x0-c-default.jpg 320w,https:\/\/i4f.com\/app\/uploads\/2025\/02\/05-440x266.jpg 640w, https:\/\/i4f.com\/app\/uploads\/2025\/02\/05-880x532.jpg 1024w\"\n         sizes=\"auto, 100vw\" class=\"img-fluid card-img-top\" width=\"440\"\n         height=\"266\"\/>\n    \n\n                  <div class=\"card-body\">\n                    <h3><span>\u00c0 propos d&#8217;i4F<\/span><\/h3>\n                    <p>Notre vision est d&#8217;am\u00e9liorer les lieux de vie, de travail et de jeu avec des technologies ing\u00e9nieuses, \u00e0 partir du sol.<\/p>\n                  <\/div>\n                  <div class=\"card-footer\">\n                    <p><a href=\"https:\/\/i4f.com\/about-us\/\">En savoir plus sur i4F <\/a><\/p>\n                  <\/div>\n                <\/div>\n              <\/div>\n              <div class=\"col-lg-6 col-xl-4\">\n                <div class=\"card\">\n                                    <img loading=\"lazy\" decoding=\"async\" src=\"https:\/\/i4f.com\/app\/uploads\/2021\/07\/licensees-home-card-image-2x-440x266.jpg\" alt=\"Nos d\u00e9tenteurs de licence \"\n         srcset=\"https:\/\/i4f.com\/app\/uploads\/2021\/07\/licensees-home-card-image-2x-350x0-c-default.jpg 320w,https:\/\/i4f.com\/app\/uploads\/2021\/07\/licensees-home-card-image-2x-440x266.jpg 640w, https:\/\/i4f.com\/app\/uploads\/2021\/07\/licensees-home-card-image-2x.jpg 1024w\"\n         sizes=\"auto, 100vw\" class=\"img-fluid card-img-top\" width=\"440\"\n         height=\"266\"\/>\n    \n\n                  <div class=\"card-body\">\n                    <h3><span>Nos d\u00e9tenteurs de licence <\/span><\/h3>\n                    <p>Avec plus de 100 d\u00e9tenteurs d&#8217;une licence dans le monde, i4F est le fournisseur de technologie de r\u00e9f\u00e9rence pour l&#8217;industrie des rev\u00eatements de sol.<\/p>\n                  <\/div>\n                  <div class=\"card-footer\">\n                    <p><a href=\"https:\/\/i4f.com\/licensees\/\">Voir nos d\u00e9tenteurs de licence <\/a><\/p>\n                  <\/div>\n                <\/div>\n              <\/div>\n              <div class=\"col-lg-6 col-xl-4\">\n                <div class=\"card\">\n                                    <img loading=\"lazy\" decoding=\"async\" src=\"https:\/\/i4f.com\/app\/uploads\/2021\/07\/news-home-card-image-2x-440x266.jpg\" alt=\"Actualit\u00e9s\"\n         srcset=\"https:\/\/i4f.com\/app\/uploads\/2021\/07\/news-home-card-image-2x-350x0-c-default.jpg 320w,https:\/\/i4f.com\/app\/uploads\/2021\/07\/news-home-card-image-2x-440x266.jpg 640w, https:\/\/i4f.com\/app\/uploads\/2021\/07\/news-home-card-image-2x.jpg 1024w\"\n         sizes=\"auto, 100vw\" class=\"img-fluid card-img-top\" width=\"440\"\n         height=\"266\"\/>\n    \n\n                  <div class=\"card-body\">\n                    <h3><span>Actualit\u00e9s<\/span><\/h3>\n                    <p>D\u00e9couvrez nos derni\u00e8res actualit\u00e9s et technologies imm\u00e9diatement disponibles avec une licence i4F.<\/p>\n                  <\/div>\n                  <div class=\"card-footer\">\n                    <p><a href=\"https:\/\/i4f.com\/news\/\">Lire nos derni\u00e8res actualit\u00e9s  <\/a><\/p>\n                  <\/div>\n                <\/div>\n              <\/div>\n              <div class=\"col-lg-6 col-xl-4\">\n                <div class=\"card\">\n                                    <img loading=\"lazy\" decoding=\"async\" src=\"https:\/\/i4f.com\/app\/uploads\/2021\/06\/card-img5-440x266.jpg\" alt=\"Ressources\"\n         srcset=\"https:\/\/i4f.com\/app\/uploads\/2021\/06\/card-img5-350x0-c-default.jpg 320w,https:\/\/i4f.com\/app\/uploads\/2021\/06\/card-img5-440x266.jpg 640w, https:\/\/i4f.com\/app\/uploads\/2021\/06\/card-img5.jpg 1024w\"\n         sizes=\"auto, 100vw\" class=\"img-fluid card-img-top\" width=\"440\"\n         height=\"266\"\/>\n    \n\n                  <div class=\"card-body\">\n                    <h3><span>Ressources<\/span><\/h3>\n                    <p>Trouvez ici tout ce dont vous avez besoin, y compris des instructions d&#8217;installation \u00e0 jour, des vid\u00e9os et des brochures.<\/p>\n                  <\/div>\n                  <div class=\"card-footer\">\n                    <p><a href=\"https:\/\/i4f.com\/resources\/\">Explorer nos ressources <\/a><\/p>\n                  <\/div>\n                <\/div>\n              <\/div>\n              <div class=\"col-lg-6 col-xl-4\">\n                <div class=\"card\">\n                                    <img loading=\"lazy\" decoding=\"async\" src=\"https:\/\/i4f.com\/app\/uploads\/2021\/07\/events-home-card-image-2x-440x266.jpeg\" alt=\"\u00c9v\u00e9nements\"\n         srcset=\"https:\/\/i4f.com\/app\/uploads\/2021\/07\/events-home-card-image-2x-350x0-c-default.jpeg 320w,https:\/\/i4f.com\/app\/uploads\/2021\/07\/events-home-card-image-2x-440x266.jpeg 640w, https:\/\/i4f.com\/app\/uploads\/2021\/07\/events-home-card-image-2x.jpeg 1024w\"\n         sizes=\"auto, 100vw\" class=\"img-fluid card-img-top\" width=\"440\"\n         height=\"266\"\/>\n    \n\n                  <div class=\"card-body\">\n                    <h3><span>\u00c9v\u00e9nements<\/span><\/h3>\n                    <p>Rencontrez i4F partout dans le monde, virtuellement ou en personne, lors de nos prochains \u00e9v\u00e9nements.<\/p>\n                  <\/div>\n                  <div class=\"card-footer\">\n                    <p><a href=\"https:\/\/i4f.com\/events\/\">Consultez nos \u00e9v\u00e9nements \u00e0 venir<\/a><\/p>\n                  <\/div>\n                <\/div>\n              <\/div>\n            <\/div>\n          <\/div>\n        <\/div>\n        <\/section>\n\n        <section class=\"block cta image\" id=\"block_60ddb636d0802\">\n          <div class=\"container\">\n  <div class=\"row\">\n    <div class=\"col-lg-8 offset-lg-2\">\n      <div class=\"cta-bg\">\n        <div class=\"row align-items-center\">\n          <div class=\"col-xl-3\">\n            <div class=\"cta-image\">\n                                <img loading=\"lazy\" decoding=\"async\" src=\"https:\/\/i4f.com\/app\/uploads\/2021\/06\/Newsletter-preview-1-360x370.png\" alt=\"Restez \u00e0 jour avec i4F\"\n         srcset=\"https:\/\/i4f.com\/app\/uploads\/2021\/06\/Newsletter-preview-1-350x0-c-default.png 320w,https:\/\/i4f.com\/app\/uploads\/2021\/06\/Newsletter-preview-1-360x370.png 640w, https:\/\/i4f.com\/app\/uploads\/2021\/06\/Newsletter-preview-1-716x740.png 1024w\"\n         sizes=\"auto, 100vw\" class=\"img-fluid\" width=\"360\"\n         height=\"370\"\/>\n    \n\n            <\/div>\n          <\/div>\n          <div class=\"col-xl-9\">\n            <div class=\"cta-content\">\n              <h3>Restez \u00e0 jour avec i4F<\/h3>\n              <ul>\n                <li>Les derni\u00e8res nouvelles de l&#8217;industrie directement dans votre bo\u00eete de r\u00e9ception<\/li>\n                <li>En savoir plus sur nos technologies et les \u00e9v\u00e9nements \u00e0 venir<\/li>\n              <\/ul>\n              <form action=\"\/fr\/#block_60ddb636d0802\" method=\"post\" class=\"form-mailing-list form-process\" data-action=\"subscribe\" data-nonce=\"1dda0548af\" data-post-id=\"3021\" novalidate>\n                <div class='form-container'>\n                  <div class=\"alert alert-danger error\"><\/div>\n                  <label for=\"email\">Votre adresse e-mail<\/label>\n                  <div class=\"row g-0 align-items-center\">\n                    <div class=\"col-7\">\n                      <input id=\"email\" name=\"email\" type=\"email\" value=\"\" class=\"form-control\" \/>\n                    <\/div>\n                    <div class=\"col-5\">\n                      <button class=\"btn btn-sm btn-primary\">Tenez-moi au courant<\/button>\n                    <\/div>\n                  <\/div>\n                <\/div>\n                <div class=\"form-thank-you\">\n                  <h3>Merci de votre inscription<\/h3>\n                <\/div>\n              <\/form>\n            <\/div>\n          <\/div>\n        <\/div>\n      <\/div>\n    <\/div>\n  <\/div>\n          <\/div>\n        <\/section>\n\n","protected":false},"excerpt":{"rendered":"","protected":false},"author":14,"featured_media":0,"parent":0,"menu_order":0,"comment_status":"closed","ping_status":"open","template":"","meta":{"_acf_changed":false,"content-type":"","footnotes":""},"class_list":["post-3021","page","type-page","status-publish","hentry"],"acf":[],"yoast_head":"<!-- This site is optimized with the Yoast SEO plugin v24.8.1 - https:\/\/yoast.com\/wordpress\/plugins\/seo\/ -->\n<title>i4F | Patents &amp; Technologies | Revolutionising Flooring<\/title>\n<meta name=\"description\" content=\"i4F d\u00e9veloppe des technologies innovantes et brevet\u00e9es pour les rev\u00eatements de sol qui am\u00e9liorent nos lieux de vie, de travail et de jeu, avec plus de 100 industriels d\u00e9tenteurs de license dans le monde.\" \/>\n<meta name=\"robots\" content=\"index, follow, max-snippet:-1, max-image-preview:large, max-video-preview:-1\" \/>\n<link rel=\"canonical\" href=\"https:\/\/i4f.com\/fr\/\" \/>\n<meta property=\"og:locale\" content=\"fr_FR\" \/>\n<meta property=\"og:type\" content=\"article\" \/>\n<meta property=\"og:title\" content=\"i4F | Patents &amp; Technologies | Revolutionising Flooring\" \/>\n<meta property=\"og:description\" content=\"i4F d\u00e9veloppe des technologies innovantes et brevet\u00e9es pour les rev\u00eatements de sol qui am\u00e9liorent nos lieux de vie, de travail et de jeu, avec plus de 100 industriels d\u00e9tenteurs de license dans le monde.\" \/>\n<meta property=\"og:url\" content=\"https:\/\/i4f.com\/fr\/\" \/>\n<meta property=\"og:site_name\" content=\"i4F\" \/>\n<meta property=\"article:modified_time\" content=\"2025-10-02T07:09:14+00:00\" \/>\n<meta name=\"twitter:card\" content=\"summary_large_image\" \/>\n<script type=\"application\/ld+json\" class=\"yoast-schema-graph\">{\"@context\":\"https:\/\/schema.org\",\"@graph\":[{\"@type\":\"WebPage\",\"@id\":\"https:\/\/i4f.com\/fr\/\",\"url\":\"https:\/\/i4f.com\/fr\/\",\"name\":\"i4F | Patents & Technologies | Revolutionising Flooring\",\"isPartOf\":{\"@id\":\"https:\/\/i4f.com\/fr\/#website\"},\"datePublished\":\"2021-05-20T14:09:49+00:00\",\"dateModified\":\"2025-10-02T07:09:14+00:00\",\"description\":\"i4F d\u00e9veloppe des technologies innovantes et brevet\u00e9es pour les rev\u00eatements de sol qui am\u00e9liorent nos lieux de vie, de travail et de jeu, avec plus de 100 industriels d\u00e9tenteurs de license dans le monde.\",\"breadcrumb\":{\"@id\":\"https:\/\/i4f.com\/fr\/#breadcrumb\"},\"inLanguage\":\"fr-FR\",\"potentialAction\":[{\"@type\":\"ReadAction\",\"target\":[\"https:\/\/i4f.com\/fr\/\"]}]},{\"@type\":\"BreadcrumbList\",\"@id\":\"https:\/\/i4f.com\/fr\/#breadcrumb\",\"itemListElement\":[{\"@type\":\"ListItem\",\"position\":1,\"name\":\"Home\",\"item\":\"https:\/\/i4f.com\/fr\/\"},{\"@type\":\"ListItem\",\"position\":2,\"name\":\"Page d\u2019accueil\"}]},{\"@type\":\"WebSite\",\"@id\":\"https:\/\/i4f.com\/fr\/#website\",\"url\":\"https:\/\/i4f.com\/fr\/\",\"name\":\"i4F\",\"description\":\"\",\"potentialAction\":[{\"@type\":\"SearchAction\",\"target\":{\"@type\":\"EntryPoint\",\"urlTemplate\":\"https:\/\/i4f.com\/fr\/?s={search_term_string}\"},\"query-input\":{\"@type\":\"PropertyValueSpecification\",\"valueRequired\":true,\"valueName\":\"search_term_string\"}}],\"inLanguage\":\"fr-FR\"}]}<\/script>\n<!-- \/ Yoast SEO plugin. -->","yoast_head_json":{"title":"i4F | Patents & Technologies | Revolutionising Flooring","description":"i4F d\u00e9veloppe des technologies innovantes et brevet\u00e9es pour les rev\u00eatements de sol qui am\u00e9liorent nos lieux de vie, de travail et de jeu, avec plus de 100 industriels d\u00e9tenteurs de license dans le monde.","robots":{"index":"index","follow":"follow","max-snippet":"max-snippet:-1","max-image-preview":"max-image-preview:large","max-video-preview":"max-video-preview:-1"},"canonical":"https:\/\/i4f.com\/fr\/","og_locale":"fr_FR","og_type":"article","og_title":"i4F | Patents & Technologies | Revolutionising Flooring","og_description":"i4F d\u00e9veloppe des technologies innovantes et brevet\u00e9es pour les rev\u00eatements de sol qui am\u00e9liorent nos lieux de vie, de travail et de jeu, avec plus de 100 industriels d\u00e9tenteurs de license dans le monde.","og_url":"https:\/\/i4f.com\/fr\/","og_site_name":"i4F","article_modified_time":"2025-10-02T07:09:14+00:00","twitter_card":"summary_large_image","schema":{"@context":"https:\/\/schema.org","@graph":[{"@type":"WebPage","@id":"https:\/\/i4f.com\/fr\/","url":"https:\/\/i4f.com\/fr\/","name":"i4F | Patents & Technologies | Revolutionising Flooring","isPartOf":{"@id":"https:\/\/i4f.com\/fr\/#website"},"datePublished":"2021-05-20T14:09:49+00:00","dateModified":"2025-10-02T07:09:14+00:00","description":"i4F d\u00e9veloppe des technologies innovantes et brevet\u00e9es pour les rev\u00eatements de sol qui am\u00e9liorent nos lieux de vie, de travail et de jeu, avec plus de 100 industriels d\u00e9tenteurs de license dans le monde.","breadcrumb":{"@id":"https:\/\/i4f.com\/fr\/#breadcrumb"},"inLanguage":"fr-FR","potentialAction":[{"@type":"ReadAction","target":["https:\/\/i4f.com\/fr\/"]}]},{"@type":"BreadcrumbList","@id":"https:\/\/i4f.com\/fr\/#breadcrumb","itemListElement":[{"@type":"ListItem","position":1,"name":"Home","item":"https:\/\/i4f.com\/fr\/"},{"@type":"ListItem","position":2,"name":"Page d\u2019accueil"}]},{"@type":"WebSite","@id":"https:\/\/i4f.com\/fr\/#website","url":"https:\/\/i4f.com\/fr\/","name":"i4F","description":"","potentialAction":[{"@type":"SearchAction","target":{"@type":"EntryPoint","urlTemplate":"https:\/\/i4f.com\/fr\/?s={search_term_string}"},"query-input":{"@type":"PropertyValueSpecification","valueRequired":true,"valueName":"search_term_string"}}],"inLanguage":"fr-FR"}]}},"_links":{"self":[{"href":"https:\/\/i4f.com\/fr\/wp-json\/wp\/v2\/pages\/3021","targetHints":{"allow":["GET"]}}],"collection":[{"href":"https:\/\/i4f.com\/fr\/wp-json\/wp\/v2\/pages"}],"about":[{"href":"https:\/\/i4f.com\/fr\/wp-json\/wp\/v2\/types\/page"}],"author":[{"embeddable":true,"href":"https:\/\/i4f.com\/fr\/wp-json\/wp\/v2\/users\/14"}],"replies":[{"embeddable":true,"href":"https:\/\/i4f.com\/fr\/wp-json\/wp\/v2\/comments?post=3021"}],"version-history":[{"count":6,"href":"https:\/\/i4f.com\/fr\/wp-json\/wp\/v2\/pages\/3021\/revisions"}],"predecessor-version":[{"id":9461,"href":"https:\/\/i4f.com\/fr\/wp-json\/wp\/v2\/pages\/3021\/revisions\/9461"}],"wp:attachment":[{"href":"https:\/\/i4f.com\/fr\/wp-json\/wp\/v2\/media?parent=3021"}],"curies":[{"name":"wp","href":"https:\/\/api.w.org\/{rel}","templated":true}]}}