{"id":3019,"date":"2021-06-10T12:17:13","date_gmt":"2021-06-10T12:17:13","guid":{"rendered":"https:\/\/i4f.com\/vocation\/"},"modified":"2021-12-14T13:42:35","modified_gmt":"2021-12-14T13:42:35","slug":"vocation","status":"publish","type":"page","link":"https:\/\/i4f.com\/fr\/a-propos-di4f\/vocation\/","title":{"rendered":"Vocation"},"content":{"rendered":"        <section class=\"block hero\" id=\"block_60c20196df5d5\">\n          <div class=\"hero-content\" style=\"background-image: url('https:\/\/i4f.com\/app\/uploads\/2021\/06\/About-us-header_collage-v2-1520x640.jpg')\">\n                              <img loading=\"lazy\" decoding=\"async\" src=\"https:\/\/i4f.com\/app\/uploads\/2021\/06\/About-us-header_collage-v2-1440x640.jpg\" alt=\"Transformer les connexions pour le meilleur \"\n         srcset=\"https:\/\/i4f.com\/app\/uploads\/2021\/06\/About-us-header_collage-v2-350x0-c-default.jpg 320w,https:\/\/i4f.com\/app\/uploads\/2021\/06\/About-us-header_collage-v2-1440x640.jpg 640w, https:\/\/i4f.com\/app\/uploads\/2021\/06\/About-us-header_collage-v2.jpg 1024w\"\n         sizes=\"auto, 100vw\" class=\"img-fluid hero-mobile\" width=\"1440\"\n         height=\"640\"\/>\n    \n\n            <div class=\"container\">\n              <div class=\"overlay\"><\/div>\n              <div class=\"row align-items-center\">\n                <div class=\"col-lg-5\">\n                  <div class=\"hero-body\">\n                    <h1>Transformer les connexions pour le meilleur <\/h1>\n                    <p>Chez i4F, nous d\u00e9veloppons des technologies brevet\u00e9es, qui r\u00e9volutionnent l&#8217;industrie des rev\u00eatements de sol, et au-del\u00e0. En transformant les connexions, nous am\u00e9liorons les environnements dans lesquels les gens vivent, travaillent et se divertissent. <\/p>\n                    <p class=\"hero-links\">\n                      <a href=\"#Why-we\" class=\"btn  btn-primary\">D\u00e9couvrez pourquoi nous sommes diff\u00e9rents  &nbsp; <svg width=\"24\" height=\"24\" viewBox=\"0 0 24 24\" fill=\"none\" xmlns=\"http:\/\/www.w3.org\/2000\/svg\">\n<path d=\"M12 5V19\" stroke=\"#304757\" stroke-width=\"2\" stroke-linecap=\"round\" stroke-linejoin=\"round\"\/>\n<path d=\"M19 12L12 19L5 12\" stroke=\"#304757\" stroke-width=\"2\" stroke-linecap=\"round\" stroke-linejoin=\"round\"\/>\n<\/svg>\n<\/a>\n                      <a href=\"https:\/\/i4f.com\/fr\/contact\/?tab=block_60d3b16e96657-2-form#block_60d3b16596656\" class=\"btn  btn-outline-secondary\">Devenir d\u00e9tenteur d\u2019une licence <\/a>\n                    <\/p>\n                  <\/div>\n                <\/div>\n                <div class=\"col d-none d-lg-block hero-spacer\">\n                <\/div>\n              <\/div>\n            <\/div>\n          <\/div>\n        <\/section>\n\n\n\n        <section class=\"block feature-list\" id=\"Why-we\">\n          <div class=\"container\">\n    <div class=\"heading\">\n      <div class=\"row\">\n        <div class=\"col-lg-8 offset-lg-2\">\n          <p class=\"section\">VOCATION. VISION. MISSION<\/p>\n          <h2>Pourquoi faisons-nous ce que nous faisons<\/h2>\n          <p>Nous pensons que m\u00eame les plus petites innovations ont le potentiel de transformer non seulement les produits, mais aussi la vie des personnes qui les utilisent. C&#8217;est pourquoi nous poss\u00e9dons et repr\u00e9sentons des milliers de brevets et de technologies. Et c&#8217;est pourquoi nous continuons \u00e0 nous d\u00e9velopper davantage, \u00e0 la fois de mani\u00e8re ind\u00e9pendante et avec nos partenaires.<\/p>\n        <\/div>\n      <\/div>\n    <\/div>\n    <div class=\"row\">\n        <div class=\"col-lg-4\">\n      <div class=\"item\">\n                      <h5>Vocation<\/h5>\n        <p>Pour challenger et am\u00e9liorer tout dans notre monde.<\/p>\n            <\/div>\n    <\/div>\n        <div class=\"col-lg-4\">\n      <div class=\"item\">\n                      <h5>Vision<\/h5>\n        <p>Pour am\u00e9liorer les lieux de vie, de travail et de jeu avec des technologies ing\u00e9nieuses, \u00e0 partir du sol.<\/p>\n            <\/div>\n    <\/div>\n        <div class=\"col-lg-4\">\n      <div class=\"item\">\n                      <h5>Mission<\/h5>\n        <p>R\u00e9volutionner continuellement les rev\u00eatements de sol, et au-del\u00e0, gr\u00e2ce \u00e0 l&#8217;excellence technologique, \u00e0 une innovation significative et \u00e0 des partenariats humains.<\/p>\n            <\/div>\n    <\/div>\n      <\/div>\n            <\/div>\n        <\/section>\n\n\n\n        <section class=\"block feature-list\" id=\"block_60c2025fdf5ea\">\n          <div class=\"container\">\n    <div class=\"heading\">\n      <div class=\"row\">\n        <div class=\"col-lg-8 offset-lg-2\">\n          <p class=\"section\">DISTINGUER i4F <\/p>\n          <h2>Notre approche consultative<\/h2>\n          <p>Quand il s&#8217;agit de relations d&#8217;affaires, nous sommes une bouff\u00e9e d&#8217;air frais.  Nos clients sont nos partenaires. Et gr\u00e2ce \u00e0 nos partenariats, nous travaillons, innovons et r\u00e9ussissons ensemble<\/p>\n        <\/div>\n      <\/div>\n    <\/div>\n    <div class=\"row\">\n        <div class=\"col-lg-3\">\n      <div class=\"item\">\n                      <h5>Nous <\/h5>\n        <p>Nous sommes un groupe de personnes \u00e0 part &#8211; experts, sp\u00e9cialistes, r\u00eaveurs et entrepreneurs. Nous sommes des entrepreneurs dans l&#8217;\u00e2me, avec une passion commune pour l&#8217;innovation qui compte.  <\/p>\n            <\/div>\n    <\/div>\n        <div class=\"col-lg-3\">\n      <div class=\"item\">\n                      <h5>Notre excellence technique <\/h5>\n        <p>D\u00e9tails ou grandes avanc\u00e9es, nous remettons tout en question dans notre qu\u00eate d&#8217;am\u00e9lioration continue. Gr\u00e2ce au d\u00e9tail, \u00e0 la pr\u00e9cision et \u00e0 l&#8217;expertise du march\u00e9, nous trouverons un moyen de r\u00e9soudre n&#8217;importe quel probl\u00e8me. <\/p>\n            <\/div>\n    <\/div>\n        <div class=\"col-lg-3\">\n      <div class=\"item\">\n                      <h5>Notre culture <\/h5>\n        <p>C&#8217;est plus que du travail. Nous formons une famille. Chacun s&#8217;engage \u00e0 s&#8217;entraider. Pour atteindre des objectifs clairement d\u00e9finis et partag\u00e9s. Nous avan\u00e7ons ensemble, en cr\u00e9ant notre propre chemin. Et nous nous assurons aussi d&#8217;appr\u00e9cier ce chemin. \n<\/p>\n            <\/div>\n    <\/div>\n        <div class=\"col-lg-3\">\n      <div class=\"item\">\n                      <h5>Nos besoins<\/h5>\n        <p>Nous ne vous limitons pas dans votre fa\u00e7on de travailler; nous vous stimulons. i4F offre aux d\u00e9tenteurs d&#8217;une licence une libert\u00e9 de choix sans pr\u00e9c\u00e9dent pour s\u00e9lectionner les brevets, ou groupes de brevets, qui r\u00e9pondent le mieux aux besoins des entreprises. <\/p>\n            <\/div>\n    <\/div>\n      <\/div>\n            <\/div>\n        <\/section>\n\n\n\n        <section class=\"block cta image\" id=\"block_60ddb636d0802\">\n          <div class=\"container\">\n  <div class=\"row\">\n    <div class=\"col-lg-8 offset-lg-2\">\n      <div class=\"cta-bg\">\n        <div class=\"row align-items-center\">\n          <div class=\"col-xl-3\">\n            <div class=\"cta-image\">\n                                <img loading=\"lazy\" decoding=\"async\" src=\"https:\/\/i4f.com\/app\/uploads\/2021\/06\/Newsletter-preview-1-360x370.png\" alt=\"Restez \u00e0 jour avec i4F\"\n         srcset=\"https:\/\/i4f.com\/app\/uploads\/2021\/06\/Newsletter-preview-1-350x0-c-default.png 320w,https:\/\/i4f.com\/app\/uploads\/2021\/06\/Newsletter-preview-1-360x370.png 640w, https:\/\/i4f.com\/app\/uploads\/2021\/06\/Newsletter-preview-1-716x740.png 1024w\"\n         sizes=\"auto, 100vw\" class=\"img-fluid\" width=\"360\"\n         height=\"370\"\/>\n    \n\n            <\/div>\n          <\/div>\n          <div class=\"col-xl-9\">\n            <div class=\"cta-content\">\n              <h3>Restez \u00e0 jour avec i4F<\/h3>\n              <ul>\n                <li>Les derni\u00e8res nouvelles de l&#8217;industrie directement dans votre bo\u00eete de r\u00e9ception<\/li>\n                <li>En savoir plus sur nos technologies et les \u00e9v\u00e9nements \u00e0 venir<\/li>\n              <\/ul>\n              <form action=\"\/fr\/a-propos-di4f\/vocation\/#block_60ddb636d0802\" method=\"post\" class=\"form-mailing-list form-process\" data-action=\"subscribe\" data-nonce=\"da33abd8cc\" data-post-id=\"3019\" novalidate>\n                <div class='form-container'>\n                  <div class=\"alert alert-danger error\"><\/div>\n                  <label for=\"email\">Votre adresse e-mail<\/label>\n                  <div class=\"row g-0 align-items-center\">\n                    <div class=\"col-7\">\n                      <input id=\"email\" name=\"email\" type=\"email\" value=\"\" class=\"form-control\" \/>\n                    <\/div>\n                    <div class=\"col-5\">\n                      <button class=\"btn btn-sm btn-primary\">Tenez-moi au courant<\/button>\n                    <\/div>\n                  <\/div>\n                <\/div>\n                <div class=\"form-thank-you\">\n                  <h3>Merci de votre inscription<\/h3>\n                <\/div>\n              <\/form>\n            <\/div>\n          <\/div>\n        <\/div>\n      <\/div>\n    <\/div>\n  <\/div>\n          <\/div>\n        <\/section>\n\n","protected":false},"excerpt":{"rendered":"","protected":false},"author":14,"featured_media":0,"parent":3037,"menu_order":0,"comment_status":"closed","ping_status":"closed","template":"","meta":{"_acf_changed":false,"content-type":"","footnotes":""},"class_list":["post-3019","page","type-page","status-publish","hentry"],"acf":[],"yoast_head":"<!-- This site is optimized with the Yoast SEO plugin v24.8.1 - https:\/\/yoast.com\/wordpress\/plugins\/seo\/ -->\n<title>Vocation - i4F<\/title>\n<meta name=\"description\" content=\"Pour i4F, notre monde \u00e9volue rapidement. Notre objectif est de remettre en question, et d&#039;am\u00e9liorer, tout ce que nos domaines d&#039;expertise touchent ou influencent.\" \/>\n<meta name=\"robots\" content=\"index, follow, max-snippet:-1, max-image-preview:large, max-video-preview:-1\" \/>\n<link rel=\"canonical\" href=\"https:\/\/i4f.com\/fr\/a-propos-di4f\/vocation\/\" \/>\n<meta property=\"og:locale\" content=\"fr_FR\" \/>\n<meta property=\"og:type\" content=\"article\" \/>\n<meta property=\"og:title\" content=\"Vocation - i4F\" \/>\n<meta property=\"og:description\" content=\"Pour i4F, notre monde \u00e9volue rapidement. Notre objectif est de remettre en question, et d&#039;am\u00e9liorer, tout ce que nos domaines d&#039;expertise touchent ou influencent.\" \/>\n<meta property=\"og:url\" content=\"https:\/\/i4f.com\/fr\/a-propos-di4f\/vocation\/\" \/>\n<meta property=\"og:site_name\" content=\"i4F\" \/>\n<meta property=\"article:modified_time\" content=\"2021-12-14T13:42:35+00:00\" \/>\n<meta name=\"twitter:card\" content=\"summary_large_image\" \/>\n<script type=\"application\/ld+json\" class=\"yoast-schema-graph\">{\"@context\":\"https:\/\/schema.org\",\"@graph\":[{\"@type\":\"WebPage\",\"@id\":\"https:\/\/i4f.com\/fr\/a-propos-di4f\/vocation\/\",\"url\":\"https:\/\/i4f.com\/fr\/a-propos-di4f\/vocation\/\",\"name\":\"Vocation - i4F\",\"isPartOf\":{\"@id\":\"https:\/\/i4f.com\/fr\/#website\"},\"datePublished\":\"2021-06-10T12:17:13+00:00\",\"dateModified\":\"2021-12-14T13:42:35+00:00\",\"description\":\"Pour i4F, notre monde \u00e9volue rapidement. Notre objectif est de remettre en question, et d'am\u00e9liorer, tout ce que nos domaines d'expertise touchent ou influencent.\",\"breadcrumb\":{\"@id\":\"https:\/\/i4f.com\/fr\/a-propos-di4f\/vocation\/#breadcrumb\"},\"inLanguage\":\"fr-FR\",\"potentialAction\":[{\"@type\":\"ReadAction\",\"target\":[\"https:\/\/i4f.com\/fr\/a-propos-di4f\/vocation\/\"]}]},{\"@type\":\"BreadcrumbList\",\"@id\":\"https:\/\/i4f.com\/fr\/a-propos-di4f\/vocation\/#breadcrumb\",\"itemListElement\":[{\"@type\":\"ListItem\",\"position\":1,\"name\":\"Home\",\"item\":\"https:\/\/i4f.com\/fr\/\"},{\"@type\":\"ListItem\",\"position\":2,\"name\":\"A propos d&#8217;i4F\",\"item\":\"https:\/\/i4f.com\/fr\/a-propos-di4f\/\"},{\"@type\":\"ListItem\",\"position\":3,\"name\":\"Vocation\"}]},{\"@type\":\"WebSite\",\"@id\":\"https:\/\/i4f.com\/fr\/#website\",\"url\":\"https:\/\/i4f.com\/fr\/\",\"name\":\"i4F\",\"description\":\"\",\"potentialAction\":[{\"@type\":\"SearchAction\",\"target\":{\"@type\":\"EntryPoint\",\"urlTemplate\":\"https:\/\/i4f.com\/fr\/?s={search_term_string}\"},\"query-input\":{\"@type\":\"PropertyValueSpecification\",\"valueRequired\":true,\"valueName\":\"search_term_string\"}}],\"inLanguage\":\"fr-FR\"}]}<\/script>\n<!-- \/ Yoast SEO plugin. -->","yoast_head_json":{"title":"Vocation - i4F","description":"Pour i4F, notre monde \u00e9volue rapidement. Notre objectif est de remettre en question, et d'am\u00e9liorer, tout ce que nos domaines d'expertise touchent ou influencent.","robots":{"index":"index","follow":"follow","max-snippet":"max-snippet:-1","max-image-preview":"max-image-preview:large","max-video-preview":"max-video-preview:-1"},"canonical":"https:\/\/i4f.com\/fr\/a-propos-di4f\/vocation\/","og_locale":"fr_FR","og_type":"article","og_title":"Vocation - i4F","og_description":"Pour i4F, notre monde \u00e9volue rapidement. Notre objectif est de remettre en question, et d'am\u00e9liorer, tout ce que nos domaines d'expertise touchent ou influencent.","og_url":"https:\/\/i4f.com\/fr\/a-propos-di4f\/vocation\/","og_site_name":"i4F","article_modified_time":"2021-12-14T13:42:35+00:00","twitter_card":"summary_large_image","schema":{"@context":"https:\/\/schema.org","@graph":[{"@type":"WebPage","@id":"https:\/\/i4f.com\/fr\/a-propos-di4f\/vocation\/","url":"https:\/\/i4f.com\/fr\/a-propos-di4f\/vocation\/","name":"Vocation - i4F","isPartOf":{"@id":"https:\/\/i4f.com\/fr\/#website"},"datePublished":"2021-06-10T12:17:13+00:00","dateModified":"2021-12-14T13:42:35+00:00","description":"Pour i4F, notre monde \u00e9volue rapidement. Notre objectif est de remettre en question, et d'am\u00e9liorer, tout ce que nos domaines d'expertise touchent ou influencent.","breadcrumb":{"@id":"https:\/\/i4f.com\/fr\/a-propos-di4f\/vocation\/#breadcrumb"},"inLanguage":"fr-FR","potentialAction":[{"@type":"ReadAction","target":["https:\/\/i4f.com\/fr\/a-propos-di4f\/vocation\/"]}]},{"@type":"BreadcrumbList","@id":"https:\/\/i4f.com\/fr\/a-propos-di4f\/vocation\/#breadcrumb","itemListElement":[{"@type":"ListItem","position":1,"name":"Home","item":"https:\/\/i4f.com\/fr\/"},{"@type":"ListItem","position":2,"name":"A propos d&#8217;i4F","item":"https:\/\/i4f.com\/fr\/a-propos-di4f\/"},{"@type":"ListItem","position":3,"name":"Vocation"}]},{"@type":"WebSite","@id":"https:\/\/i4f.com\/fr\/#website","url":"https:\/\/i4f.com\/fr\/","name":"i4F","description":"","potentialAction":[{"@type":"SearchAction","target":{"@type":"EntryPoint","urlTemplate":"https:\/\/i4f.com\/fr\/?s={search_term_string}"},"query-input":{"@type":"PropertyValueSpecification","valueRequired":true,"valueName":"search_term_string"}}],"inLanguage":"fr-FR"}]}},"_links":{"self":[{"href":"https:\/\/i4f.com\/fr\/wp-json\/wp\/v2\/pages\/3019","targetHints":{"allow":["GET"]}}],"collection":[{"href":"https:\/\/i4f.com\/fr\/wp-json\/wp\/v2\/pages"}],"about":[{"href":"https:\/\/i4f.com\/fr\/wp-json\/wp\/v2\/types\/page"}],"author":[{"embeddable":true,"href":"https:\/\/i4f.com\/fr\/wp-json\/wp\/v2\/users\/14"}],"replies":[{"embeddable":true,"href":"https:\/\/i4f.com\/fr\/wp-json\/wp\/v2\/comments?post=3019"}],"version-history":[{"count":4,"href":"https:\/\/i4f.com\/fr\/wp-json\/wp\/v2\/pages\/3019\/revisions"}],"predecessor-version":[{"id":3600,"href":"https:\/\/i4f.com\/fr\/wp-json\/wp\/v2\/pages\/3019\/revisions\/3600"}],"up":[{"embeddable":true,"href":"https:\/\/i4f.com\/fr\/wp-json\/wp\/v2\/pages\/3037"}],"wp:attachment":[{"href":"https:\/\/i4f.com\/fr\/wp-json\/wp\/v2\/media?parent=3019"}],"curies":[{"name":"wp","href":"https:\/\/api.w.org\/{rel}","templated":true}]}}