{"id":3008,"date":"2021-06-10T12:34:42","date_gmt":"2021-06-10T12:34:42","guid":{"rendered":"https:\/\/i4f.com\/events\/"},"modified":"2021-12-14T13:48:03","modified_gmt":"2021-12-14T13:48:03","slug":"events","status":"publish","type":"page","link":"https:\/\/i4f.com\/fr\/events\/","title":{"rendered":"\u00c9v\u00e9nements"},"content":{"rendered":"        <section class=\"block hero\" id=\"block_60c20647d219c\">\n          <div class=\"hero-content is-center\" style=\"background-image: url('https:\/\/i4f.com\/app\/uploads\/2021\/06\/Events-header-02_lightgrey.jpg')\">\n                              <img loading=\"lazy\" decoding=\"async\" src=\"https:\/\/i4f.com\/app\/uploads\/2021\/06\/Events-header-02_lightgrey-1440x640.jpg\" alt=\"Se rencontrer et se saluer\"\n         srcset=\"https:\/\/i4f.com\/app\/uploads\/2021\/06\/Events-header-02_lightgrey-350x0-c-default.jpg 320w,https:\/\/i4f.com\/app\/uploads\/2021\/06\/Events-header-02_lightgrey-1440x640.jpg 640w, https:\/\/i4f.com\/app\/uploads\/2021\/06\/Events-header-02_lightgrey.jpg 1024w\"\n         sizes=\"auto, 100vw\" class=\"img-fluid hero-mobile\" width=\"1440\"\n         height=\"640\"\/>\n    \n\n            <div class=\"container\">\n              <div class=\"overlay\"><\/div>\n              <div class=\"row align-items-center\">\n                <div class=\"col-lg-5\">\n                  <div class=\"hero-body\">\n                    <h6>\u00c9V\u00c9NEMENTS<\/h6>\n                    <h1>Se rencontrer et se saluer<\/h1>\n                    <p>Nous aimons venir vous rencontrer en personne. i4F est pr\u00e9sent lors d&#8217;\u00e9v\u00e9nements partout dans le monde &#8211; toute l&#8217;ann\u00e9e &#8211; alors voyez o\u00f9 vous pouvez nous trouver.  Nous sommes \u00e9galement toujours disponibles pour des r\u00e9unions virtuelles ou en personne. <\/p>\n                    <p class=\"hero-links\">\n                      <a href=\"https:\/\/i4f.com\/fr\/virtual-showcase\/\" class=\"btn  btn-primary\">Visitez notre stand virtuel<\/a>\n                    <\/p>\n                  <\/div>\n                <\/div>\n                <div class=\"offset-lg-3 col-lg-4 hero-spacer\">\n                  <div class=\"block-side block-event card-click\">\n                    <h3>Prochain \u00e9v\u00e9nement<\/h3>\n                  <\/div>\n                <\/div>\n              <\/div>\n            <\/div>\n          <\/div>\n        <\/section>\n\n\n\n        <section class=\"block heading left\" id=\"block_60c22417dd693\">\n          <div class=\"container\">\n  <div class=\"row\">\n    <div class=\"col-lg-8\">\n      <h3>O\u00f9 nous prendrons la parole<\/h3>\n      <p>Jetez un \u0153il ci-dessous pour en savoir plus sur les \u00e9v\u00e9nements auxquels nous participerons. Ou si vous ne pouvez pas attendre, visitez-nous virtuellement &#8211; notre stand d&#8217;exposition en ligne est ouvert d\u00e8s maintenant, pr\u00e9sentant les technologies i4F 24h sur 24, 7 jours sur 7.<\/p>\n    <\/div>\n  <\/div>\n          <\/div>\n        <\/section>\n\n\n\n        <section class=\"block event feed\" id=\"block_60c206d7d21ae\">\n          <div class=\"container\">\n            <div class=\"card-click\">\n              <h3>\u00c9v\u00e9nements pass\u00e9s<\/h3>\n              <div class=\"card\" id=\"block_60c206d7d21ae\">\n                <div class=\"row g-0 align-items-center\">\n                  <div class=\"col-lg-6 col-xl-7 card-image\" style=\"background-image: url(https:\/\/i4f.com\/app\/uploads\/2021\/07\/Logo_BAU_logo_cropped_600.jpg);background-image:-webkit-image-set(url(https:\/\/i4f.com\/app\/uploads\/2021\/07\/Logo_BAU_logo_cropped_600.jpg) 1x, url(https:\/\/i4f.com\/app\/uploads\/2021\/07\/Logo_BAU_logo_cropped_600.jpg) 2x);\">\n                    &nbsp;\n                  <\/div>\n                  <div class=\"col-lg-6 col-xl-5\">\n                    <div class=\"card-body\">\n                      <p class=\"event-date\"><span>\n      13 &#8211; 17 January 2025\n                        <\/span><\/p>\n                      <p class=\"event-time\">Munich, Allemagne<\/p>\n                      <h3><a href=\"\/fr\/event\/bau\/\">BAU, Hall A6 stand 139<\/a><\/h3>\n                      <p class=\"excerpt\"><\/p>\n                      <p><a href=\"\/fr\/event\/bau\/\" class=\"btn btn-primary\">Voir l&#8217;\u00e9v\u00e9nement<\/a><\/p>\n                    <\/div>\n                  <\/div>\n                <\/div>\n              <\/div>\n              <div class=\"card\" id=\"block_60c206d7d21ae\">\n                <div class=\"row g-0 align-items-center\">\n                  <div class=\"col-lg-6 col-xl-7 card-image\" style=\"background-image: url(https:\/\/i4f.com\/app\/uploads\/2025\/09\/domotex-hannover-b71n-logo.webp);background-image:-webkit-image-set(url(https:\/\/i4f.com\/app\/uploads\/2025\/09\/domotex-hannover-b71n-logo.webp) 1x, url(https:\/\/i4f.com\/app\/uploads\/2025\/09\/domotex-hannover-b71n-logo.webp) 2x);\">\n                    &nbsp;\n                  <\/div>\n                  <div class=\"col-lg-6 col-xl-5\">\n                    <div class=\"card-body\">\n                      <p class=\"event-date\"><span>\n      19 &#8211; 22 January 2026\n                        <\/span><\/p>\n                      <h3><a href=\"\/fr\/event\/domotex-hanovre-2026-hall-20-stand-20\/\">Domotex Hanovre 2026, Hall 20 Stand 20<\/a><\/h3>\n                      <p class=\"excerpt\"><\/p>\n                      <p><a href=\"\/fr\/event\/domotex-hanovre-2026-hall-20-stand-20\/\" class=\"btn btn-primary\">Voir l&#8217;\u00e9v\u00e9nement<\/a><\/p>\n                    <\/div>\n                  <\/div>\n                <\/div>\n              <\/div>\n            <\/div>\n          <\/div>\n        <\/section>\n\n\n\n        <section class=\"block cta image\" id=\"block_60ddb636d0802\">\n          <div class=\"container\">\n  <div class=\"row\">\n    <div class=\"col-lg-8 offset-lg-2\">\n      <div class=\"cta-bg\">\n        <div class=\"row align-items-center\">\n          <div class=\"col-xl-3\">\n            <div class=\"cta-image\">\n                                <img loading=\"lazy\" decoding=\"async\" src=\"https:\/\/i4f.com\/app\/uploads\/2021\/06\/Newsletter-preview-1-360x370.png\" alt=\"Restez \u00e0 jour avec i4F\"\n         srcset=\"https:\/\/i4f.com\/app\/uploads\/2021\/06\/Newsletter-preview-1-350x0-c-default.png 320w,https:\/\/i4f.com\/app\/uploads\/2021\/06\/Newsletter-preview-1-360x370.png 640w, https:\/\/i4f.com\/app\/uploads\/2021\/06\/Newsletter-preview-1-716x740.png 1024w\"\n         sizes=\"auto, 100vw\" class=\"img-fluid\" width=\"360\"\n         height=\"370\"\/>\n    \n\n            <\/div>\n          <\/div>\n          <div class=\"col-xl-9\">\n            <div class=\"cta-content\">\n              <h3>Restez \u00e0 jour avec i4F<\/h3>\n              <ul>\n                <li>Les derni\u00e8res nouvelles de l&#8217;industrie directement dans votre bo\u00eete de r\u00e9ception<\/li>\n                <li>En savoir plus sur nos technologies et les \u00e9v\u00e9nements \u00e0 venir<\/li>\n              <\/ul>\n              <form action=\"\/fr\/events\/#block_60ddb636d0802\" method=\"post\" class=\"form-mailing-list form-process\" data-action=\"subscribe\" data-nonce=\"3cf9104f53\" data-post-id=\"3008\" novalidate>\n                <div class='form-container'>\n                  <div class=\"alert alert-danger error\"><\/div>\n                  <label for=\"email\">Votre adresse e-mail<\/label>\n                  <div class=\"row g-0 align-items-center\">\n                    <div class=\"col-7\">\n                      <input id=\"email\" name=\"email\" type=\"email\" value=\"\" class=\"form-control\" \/>\n                    <\/div>\n                    <div class=\"col-5\">\n                      <button class=\"btn btn-sm btn-primary\">Tenez-moi au courant<\/button>\n                    <\/div>\n                  <\/div>\n                <\/div>\n                <div class=\"form-thank-you\">\n                  <h3>Merci de votre inscription<\/h3>\n                <\/div>\n              <\/form>\n            <\/div>\n          <\/div>\n        <\/div>\n      <\/div>\n    <\/div>\n  <\/div>\n          <\/div>\n        <\/section>\n\n","protected":false},"excerpt":{"rendered":"","protected":false},"author":14,"featured_media":0,"parent":0,"menu_order":0,"comment_status":"closed","ping_status":"closed","template":"templates\/page-events.php","meta":{"_acf_changed":false,"content-type":"","footnotes":""},"class_list":["post-3008","page","type-page","status-publish","hentry"],"acf":[],"yoast_head":"<!-- This site is optimized with the Yoast SEO plugin v24.8.1 - https:\/\/yoast.com\/wordpress\/plugins\/seo\/ -->\n<title>\u00c9v\u00e9nements - i4F<\/title>\n<meta name=\"description\" content=\"Consultez notre calendrier d&#039;\u00e9v\u00e9nements, pour conna\u00eetre les opportunit\u00e9s de rencontrer l&#039;\u00e9quipe i4F en ligne et en personne, lorsque les circonstances le permettent.\" \/>\n<meta name=\"robots\" content=\"index, follow, max-snippet:-1, max-image-preview:large, max-video-preview:-1\" \/>\n<link rel=\"canonical\" href=\"https:\/\/i4f.com\/fr\/events\/\" \/>\n<meta property=\"og:locale\" content=\"fr_FR\" \/>\n<meta property=\"og:type\" content=\"article\" \/>\n<meta property=\"og:title\" content=\"\u00c9v\u00e9nements - i4F\" \/>\n<meta property=\"og:description\" content=\"Consultez notre calendrier d&#039;\u00e9v\u00e9nements, pour conna\u00eetre les opportunit\u00e9s de rencontrer l&#039;\u00e9quipe i4F en ligne et en personne, lorsque les circonstances le permettent.\" \/>\n<meta property=\"og:url\" content=\"https:\/\/i4f.com\/fr\/events\/\" \/>\n<meta property=\"og:site_name\" content=\"i4F\" \/>\n<meta property=\"article:modified_time\" content=\"2021-12-14T13:48:03+00:00\" \/>\n<meta name=\"twitter:card\" content=\"summary_large_image\" \/>\n<script type=\"application\/ld+json\" class=\"yoast-schema-graph\">{\"@context\":\"https:\/\/schema.org\",\"@graph\":[{\"@type\":\"WebPage\",\"@id\":\"https:\/\/i4f.com\/fr\/events\/\",\"url\":\"https:\/\/i4f.com\/fr\/events\/\",\"name\":\"\u00c9v\u00e9nements - i4F\",\"isPartOf\":{\"@id\":\"https:\/\/i4f.com\/fr\/#website\"},\"datePublished\":\"2021-06-10T12:34:42+00:00\",\"dateModified\":\"2021-12-14T13:48:03+00:00\",\"description\":\"Consultez notre calendrier d'\u00e9v\u00e9nements, pour conna\u00eetre les opportunit\u00e9s de rencontrer l'\u00e9quipe i4F en ligne et en personne, lorsque les circonstances le permettent.\",\"breadcrumb\":{\"@id\":\"https:\/\/i4f.com\/fr\/events\/#breadcrumb\"},\"inLanguage\":\"fr-FR\",\"potentialAction\":[{\"@type\":\"ReadAction\",\"target\":[\"https:\/\/i4f.com\/fr\/events\/\"]}]},{\"@type\":\"BreadcrumbList\",\"@id\":\"https:\/\/i4f.com\/fr\/events\/#breadcrumb\",\"itemListElement\":[{\"@type\":\"ListItem\",\"position\":1,\"name\":\"Home\",\"item\":\"https:\/\/i4f.com\/fr\/\"},{\"@type\":\"ListItem\",\"position\":2,\"name\":\"\u00c9v\u00e9nements\"}]},{\"@type\":\"WebSite\",\"@id\":\"https:\/\/i4f.com\/fr\/#website\",\"url\":\"https:\/\/i4f.com\/fr\/\",\"name\":\"i4F\",\"description\":\"\",\"potentialAction\":[{\"@type\":\"SearchAction\",\"target\":{\"@type\":\"EntryPoint\",\"urlTemplate\":\"https:\/\/i4f.com\/fr\/?s={search_term_string}\"},\"query-input\":{\"@type\":\"PropertyValueSpecification\",\"valueRequired\":true,\"valueName\":\"search_term_string\"}}],\"inLanguage\":\"fr-FR\"}]}<\/script>\n<!-- \/ Yoast SEO plugin. -->","yoast_head_json":{"title":"\u00c9v\u00e9nements - i4F","description":"Consultez notre calendrier d'\u00e9v\u00e9nements, pour conna\u00eetre les opportunit\u00e9s de rencontrer l'\u00e9quipe i4F en ligne et en personne, lorsque les circonstances le permettent.","robots":{"index":"index","follow":"follow","max-snippet":"max-snippet:-1","max-image-preview":"max-image-preview:large","max-video-preview":"max-video-preview:-1"},"canonical":"https:\/\/i4f.com\/fr\/events\/","og_locale":"fr_FR","og_type":"article","og_title":"\u00c9v\u00e9nements - i4F","og_description":"Consultez notre calendrier d'\u00e9v\u00e9nements, pour conna\u00eetre les opportunit\u00e9s de rencontrer l'\u00e9quipe i4F en ligne et en personne, lorsque les circonstances le permettent.","og_url":"https:\/\/i4f.com\/fr\/events\/","og_site_name":"i4F","article_modified_time":"2021-12-14T13:48:03+00:00","twitter_card":"summary_large_image","schema":{"@context":"https:\/\/schema.org","@graph":[{"@type":"WebPage","@id":"https:\/\/i4f.com\/fr\/events\/","url":"https:\/\/i4f.com\/fr\/events\/","name":"\u00c9v\u00e9nements - i4F","isPartOf":{"@id":"https:\/\/i4f.com\/fr\/#website"},"datePublished":"2021-06-10T12:34:42+00:00","dateModified":"2021-12-14T13:48:03+00:00","description":"Consultez notre calendrier d'\u00e9v\u00e9nements, pour conna\u00eetre les opportunit\u00e9s de rencontrer l'\u00e9quipe i4F en ligne et en personne, lorsque les circonstances le permettent.","breadcrumb":{"@id":"https:\/\/i4f.com\/fr\/events\/#breadcrumb"},"inLanguage":"fr-FR","potentialAction":[{"@type":"ReadAction","target":["https:\/\/i4f.com\/fr\/events\/"]}]},{"@type":"BreadcrumbList","@id":"https:\/\/i4f.com\/fr\/events\/#breadcrumb","itemListElement":[{"@type":"ListItem","position":1,"name":"Home","item":"https:\/\/i4f.com\/fr\/"},{"@type":"ListItem","position":2,"name":"\u00c9v\u00e9nements"}]},{"@type":"WebSite","@id":"https:\/\/i4f.com\/fr\/#website","url":"https:\/\/i4f.com\/fr\/","name":"i4F","description":"","potentialAction":[{"@type":"SearchAction","target":{"@type":"EntryPoint","urlTemplate":"https:\/\/i4f.com\/fr\/?s={search_term_string}"},"query-input":{"@type":"PropertyValueSpecification","valueRequired":true,"valueName":"search_term_string"}}],"inLanguage":"fr-FR"}]}},"_links":{"self":[{"href":"https:\/\/i4f.com\/fr\/wp-json\/wp\/v2\/pages\/3008","targetHints":{"allow":["GET"]}}],"collection":[{"href":"https:\/\/i4f.com\/fr\/wp-json\/wp\/v2\/pages"}],"about":[{"href":"https:\/\/i4f.com\/fr\/wp-json\/wp\/v2\/types\/page"}],"author":[{"embeddable":true,"href":"https:\/\/i4f.com\/fr\/wp-json\/wp\/v2\/users\/14"}],"replies":[{"embeddable":true,"href":"https:\/\/i4f.com\/fr\/wp-json\/wp\/v2\/comments?post=3008"}],"version-history":[{"count":6,"href":"https:\/\/i4f.com\/fr\/wp-json\/wp\/v2\/pages\/3008\/revisions"}],"predecessor-version":[{"id":3624,"href":"https:\/\/i4f.com\/fr\/wp-json\/wp\/v2\/pages\/3008\/revisions\/3624"}],"wp:attachment":[{"href":"https:\/\/i4f.com\/fr\/wp-json\/wp\/v2\/media?parent=3008"}],"curies":[{"name":"wp","href":"https:\/\/api.w.org\/{rel}","templated":true}]}}