{"id":3000,"date":"2021-06-10T12:45:07","date_gmt":"2021-06-10T12:45:07","guid":{"rendered":"https:\/\/i4f.com\/l2c-labelling-program\/"},"modified":"2021-12-10T09:43:26","modified_gmt":"2021-12-10T09:43:26","slug":"l2c-labelling-program","status":"publish","type":"page","link":"https:\/\/i4f.com\/fr\/licensees\/l2c-labelling-program\/","title":{"rendered":"Programme d&#8217;\u00e9tiquetage L2C"},"content":{"rendered":"        <section class=\"block hero\" id=\"block_60c2087285ed4\">\n          <div class=\"hero-content\" style=\"background-image: url('https:\/\/i4f.com\/app\/uploads\/2021\/06\/Licensee-header-light.jpg')\">\n                              <img loading=\"lazy\" decoding=\"async\" src=\"https:\/\/i4f.com\/app\/uploads\/2021\/06\/Licensee-header-light-1440x640.jpg\" alt=\"Le syst\u00e8me d'\u00e9tiquetage d'i4F - le signe que vous \u00eates prot\u00e9g\u00e9 \"\n         srcset=\"https:\/\/i4f.com\/app\/uploads\/2021\/06\/Licensee-header-light-350x0-c-default.jpg 320w,https:\/\/i4f.com\/app\/uploads\/2021\/06\/Licensee-header-light-1440x640.jpg 640w, https:\/\/i4f.com\/app\/uploads\/2021\/06\/Licensee-header-light.jpg 1024w\"\n         sizes=\"auto, 100vw\" class=\"img-fluid hero-mobile\" width=\"1440\"\n         height=\"640\"\/>\n    \n\n            <div class=\"container\">\n              <div class=\"overlay\"><\/div>\n              <div class=\"row align-items-center\">\n                <div class=\"col-lg-5\">\n                  <div class=\"hero-body\">\n                    <h6>PROGRAMME D\u2019\u00c9TIQUETAGE L2C <\/h6>\n                    <h1>Le syst\u00e8me d&#8217;\u00e9tiquetage d&#8217;i4F &#8211; le signe que vous \u00eates prot\u00e9g\u00e9 <\/h1>\n                    <p>Le nouveau syst\u00e8me d&#8217;\u00e9tiquetage d&#8217;i4F accompagne son offre \u00e0 tous les d\u00e9tenteurs d&#8217;une licence i4F de souscrire \u00e0 un accord de &#8216;non-assertion&#8217;, offrant une protection suppl\u00e9mentaire dans le monde entier sur certains brevets pour les nouveaux mat\u00e9riaux avec un syst\u00e8me de clipsage. <\/p>\n                  <\/div>\n                <\/div>\n                <div class=\"col d-none d-lg-block hero-spacer\">\n                <\/div>\n              <\/div>\n            <\/div>\n          <\/div>\n        <\/section>\n\n\n\n        <section class=\"block text half\" id=\"block_60d0ba5cd5941\">\n          <div class=\"container\">\n  <div class=\"row\">\n    <div class=\"col-md-6 offset-md-3 order-md-1\">\n\n\n<h2 class=\"wp-block-heading\">La tranquillit\u00e9 d&#8217;esprit imprim\u00e9e sur chaque bo\u00eete<\/h2>\n\n\n\n<p>Les \u00e9tiquettes sp\u00e9cifiques \u00e0 chaque r\u00e9gion d&#8217;i4F sont bas\u00e9es sur le programme d&#8217;\u00e9tiquetage L2C, un programme d&#8217;authentification pour les partenaires sous licence, qui n\u00e9cessite une \u00e9tiquette holographique unique autoris\u00e9e sur chaque bo\u00eete de produit fabriqu\u00e9 et vendu, utilisant des brevets sp\u00e9cifiques.<\/p>\n\n\n\n<p>Les \u00e9tiquettes diff\u00e8rent selon quatre zones g\u00e9ographiques distinctes, et sont con\u00e7ues pour prot\u00e9ger les d\u00e9tenteurs d&#8217;une licence i4F et leurs clients contre toute plainte pour infractions li\u00e9e \u00e0 ces brevets concernant les nouveaux mat\u00e9riaux, notamment les SPC, LVT et WPC avec un syst\u00e8me de clipsage.<\/p>\n\n\n    <\/div>\n  <\/div>\n          <\/div>\n        <\/section>\n\n\n\n        <section class=\"block cta image\" id=\"block_60ddb636d0802\">\n          <div class=\"container\">\n  <div class=\"row\">\n    <div class=\"col-lg-8 offset-lg-2\">\n      <div class=\"cta-bg\">\n        <div class=\"row align-items-center\">\n          <div class=\"col-xl-3\">\n            <div class=\"cta-image\">\n                                <img loading=\"lazy\" decoding=\"async\" src=\"https:\/\/i4f.com\/app\/uploads\/2021\/06\/Newsletter-preview-1-360x370.png\" alt=\"Restez \u00e0 jour avec i4F\"\n         srcset=\"https:\/\/i4f.com\/app\/uploads\/2021\/06\/Newsletter-preview-1-350x0-c-default.png 320w,https:\/\/i4f.com\/app\/uploads\/2021\/06\/Newsletter-preview-1-360x370.png 640w, https:\/\/i4f.com\/app\/uploads\/2021\/06\/Newsletter-preview-1-716x740.png 1024w\"\n         sizes=\"auto, 100vw\" class=\"img-fluid\" width=\"360\"\n         height=\"370\"\/>\n    \n\n            <\/div>\n          <\/div>\n          <div class=\"col-xl-9\">\n            <div class=\"cta-content\">\n              <h3>Restez \u00e0 jour avec i4F<\/h3>\n              <ul>\n                <li>Les derni\u00e8res nouvelles de l&#8217;industrie directement dans votre bo\u00eete de r\u00e9ception<\/li>\n                <li>En savoir plus sur nos technologies et les \u00e9v\u00e9nements \u00e0 venir<\/li>\n              <\/ul>\n              <form action=\"\/fr\/licensees\/l2c-labelling-program\/#block_60ddb636d0802\" method=\"post\" class=\"form-mailing-list form-process\" data-action=\"subscribe\" data-nonce=\"98670a22af\" data-post-id=\"3000\" novalidate>\n                <div class='form-container'>\n                  <div class=\"alert alert-danger error\"><\/div>\n                  <label for=\"email\">Votre adresse e-mail<\/label>\n                  <div class=\"row g-0 align-items-center\">\n                    <div class=\"col-7\">\n                      <input id=\"email\" name=\"email\" type=\"email\" value=\"\" class=\"form-control\" \/>\n                    <\/div>\n                    <div class=\"col-5\">\n                      <button class=\"btn btn-sm btn-primary\">Tenez-moi au courant<\/button>\n                    <\/div>\n                  <\/div>\n                <\/div>\n                <div class=\"form-thank-you\">\n                  <h3>Merci de votre inscription<\/h3>\n                <\/div>\n              <\/form>\n            <\/div>\n          <\/div>\n        <\/div>\n      <\/div>\n    <\/div>\n  <\/div>\n          <\/div>\n        <\/section>\n\n","protected":false},"excerpt":{"rendered":"","protected":false},"author":14,"featured_media":0,"parent":3004,"menu_order":0,"comment_status":"closed","ping_status":"closed","template":"","meta":{"_acf_changed":false,"content-type":"","footnotes":""},"class_list":["post-3000","page","type-page","status-publish","hentry"],"acf":[],"yoast_head":"<!-- This site is optimized with the Yoast SEO plugin v24.8.1 - https:\/\/yoast.com\/wordpress\/plugins\/seo\/ -->\n<title>Programme d&#039;\u00e9tiquetage L2C - i4F<\/title>\n<meta name=\"description\" content=\"Le syst\u00e8me d&#039;\u00e9tiquetage d&#039;i4F, bas\u00e9 sur le programme L2C, prot\u00e8ge les d\u00e9tenteurs de licence contre toute plainte pour effraction aux brevets pour les syst\u00e8mes de clipsage de rev\u00eatement de sol.\" \/>\n<meta name=\"robots\" content=\"index, follow, max-snippet:-1, max-image-preview:large, max-video-preview:-1\" \/>\n<link rel=\"canonical\" href=\"https:\/\/i4f.com\/fr\/licensees\/l2c-labelling-program\/\" \/>\n<meta property=\"og:locale\" content=\"fr_FR\" \/>\n<meta property=\"og:type\" content=\"article\" \/>\n<meta property=\"og:title\" content=\"Programme d&#039;\u00e9tiquetage L2C - i4F\" \/>\n<meta property=\"og:description\" content=\"Le syst\u00e8me d&#039;\u00e9tiquetage d&#039;i4F, bas\u00e9 sur le programme L2C, prot\u00e8ge les d\u00e9tenteurs de licence contre toute plainte pour effraction aux brevets pour les syst\u00e8mes de clipsage de rev\u00eatement de sol.\" \/>\n<meta property=\"og:url\" content=\"https:\/\/i4f.com\/fr\/licensees\/l2c-labelling-program\/\" \/>\n<meta property=\"og:site_name\" content=\"i4F\" \/>\n<meta property=\"article:modified_time\" content=\"2021-12-10T09:43:26+00:00\" \/>\n<meta name=\"twitter:card\" content=\"summary_large_image\" \/>\n<meta name=\"twitter:label1\" content=\"Est. reading time\" \/>\n\t<meta name=\"twitter:data1\" content=\"1 minute\" \/>\n<script type=\"application\/ld+json\" class=\"yoast-schema-graph\">{\"@context\":\"https:\/\/schema.org\",\"@graph\":[{\"@type\":\"WebPage\",\"@id\":\"https:\/\/i4f.com\/fr\/licensees\/l2c-labelling-program\/\",\"url\":\"https:\/\/i4f.com\/fr\/licensees\/l2c-labelling-program\/\",\"name\":\"Programme d'\u00e9tiquetage L2C - i4F\",\"isPartOf\":{\"@id\":\"https:\/\/i4f.com\/fr\/#website\"},\"datePublished\":\"2021-06-10T12:45:07+00:00\",\"dateModified\":\"2021-12-10T09:43:26+00:00\",\"description\":\"Le syst\u00e8me d'\u00e9tiquetage d'i4F, bas\u00e9 sur le programme L2C, prot\u00e8ge les d\u00e9tenteurs de licence contre toute plainte pour effraction aux brevets pour les syst\u00e8mes de clipsage de rev\u00eatement de sol.\",\"breadcrumb\":{\"@id\":\"https:\/\/i4f.com\/fr\/licensees\/l2c-labelling-program\/#breadcrumb\"},\"inLanguage\":\"fr-FR\",\"potentialAction\":[{\"@type\":\"ReadAction\",\"target\":[\"https:\/\/i4f.com\/fr\/licensees\/l2c-labelling-program\/\"]}]},{\"@type\":\"BreadcrumbList\",\"@id\":\"https:\/\/i4f.com\/fr\/licensees\/l2c-labelling-program\/#breadcrumb\",\"itemListElement\":[{\"@type\":\"ListItem\",\"position\":1,\"name\":\"Home\",\"item\":\"https:\/\/i4f.com\/fr\/\"},{\"@type\":\"ListItem\",\"position\":2,\"name\":\"D\u00e9tenteurs d&#8217;une licence\",\"item\":\"https:\/\/i4f.com\/fr\/licensees\/\"},{\"@type\":\"ListItem\",\"position\":3,\"name\":\"Programme d&#8217;\u00e9tiquetage L2C\"}]},{\"@type\":\"WebSite\",\"@id\":\"https:\/\/i4f.com\/fr\/#website\",\"url\":\"https:\/\/i4f.com\/fr\/\",\"name\":\"i4F\",\"description\":\"\",\"potentialAction\":[{\"@type\":\"SearchAction\",\"target\":{\"@type\":\"EntryPoint\",\"urlTemplate\":\"https:\/\/i4f.com\/fr\/?s={search_term_string}\"},\"query-input\":{\"@type\":\"PropertyValueSpecification\",\"valueRequired\":true,\"valueName\":\"search_term_string\"}}],\"inLanguage\":\"fr-FR\"}]}<\/script>\n<!-- \/ Yoast SEO plugin. -->","yoast_head_json":{"title":"Programme d'\u00e9tiquetage L2C - i4F","description":"Le syst\u00e8me d'\u00e9tiquetage d'i4F, bas\u00e9 sur le programme L2C, prot\u00e8ge les d\u00e9tenteurs de licence contre toute plainte pour effraction aux brevets pour les syst\u00e8mes de clipsage de rev\u00eatement de sol.","robots":{"index":"index","follow":"follow","max-snippet":"max-snippet:-1","max-image-preview":"max-image-preview:large","max-video-preview":"max-video-preview:-1"},"canonical":"https:\/\/i4f.com\/fr\/licensees\/l2c-labelling-program\/","og_locale":"fr_FR","og_type":"article","og_title":"Programme d'\u00e9tiquetage L2C - i4F","og_description":"Le syst\u00e8me d'\u00e9tiquetage d'i4F, bas\u00e9 sur le programme L2C, prot\u00e8ge les d\u00e9tenteurs de licence contre toute plainte pour effraction aux brevets pour les syst\u00e8mes de clipsage de rev\u00eatement de sol.","og_url":"https:\/\/i4f.com\/fr\/licensees\/l2c-labelling-program\/","og_site_name":"i4F","article_modified_time":"2021-12-10T09:43:26+00:00","twitter_card":"summary_large_image","twitter_misc":{"Est. reading time":"1 minute"},"schema":{"@context":"https:\/\/schema.org","@graph":[{"@type":"WebPage","@id":"https:\/\/i4f.com\/fr\/licensees\/l2c-labelling-program\/","url":"https:\/\/i4f.com\/fr\/licensees\/l2c-labelling-program\/","name":"Programme d'\u00e9tiquetage L2C - i4F","isPartOf":{"@id":"https:\/\/i4f.com\/fr\/#website"},"datePublished":"2021-06-10T12:45:07+00:00","dateModified":"2021-12-10T09:43:26+00:00","description":"Le syst\u00e8me d'\u00e9tiquetage d'i4F, bas\u00e9 sur le programme L2C, prot\u00e8ge les d\u00e9tenteurs de licence contre toute plainte pour effraction aux brevets pour les syst\u00e8mes de clipsage de rev\u00eatement de sol.","breadcrumb":{"@id":"https:\/\/i4f.com\/fr\/licensees\/l2c-labelling-program\/#breadcrumb"},"inLanguage":"fr-FR","potentialAction":[{"@type":"ReadAction","target":["https:\/\/i4f.com\/fr\/licensees\/l2c-labelling-program\/"]}]},{"@type":"BreadcrumbList","@id":"https:\/\/i4f.com\/fr\/licensees\/l2c-labelling-program\/#breadcrumb","itemListElement":[{"@type":"ListItem","position":1,"name":"Home","item":"https:\/\/i4f.com\/fr\/"},{"@type":"ListItem","position":2,"name":"D\u00e9tenteurs d&#8217;une licence","item":"https:\/\/i4f.com\/fr\/licensees\/"},{"@type":"ListItem","position":3,"name":"Programme d&#8217;\u00e9tiquetage L2C"}]},{"@type":"WebSite","@id":"https:\/\/i4f.com\/fr\/#website","url":"https:\/\/i4f.com\/fr\/","name":"i4F","description":"","potentialAction":[{"@type":"SearchAction","target":{"@type":"EntryPoint","urlTemplate":"https:\/\/i4f.com\/fr\/?s={search_term_string}"},"query-input":{"@type":"PropertyValueSpecification","valueRequired":true,"valueName":"search_term_string"}}],"inLanguage":"fr-FR"}]}},"_links":{"self":[{"href":"https:\/\/i4f.com\/fr\/wp-json\/wp\/v2\/pages\/3000","targetHints":{"allow":["GET"]}}],"collection":[{"href":"https:\/\/i4f.com\/fr\/wp-json\/wp\/v2\/pages"}],"about":[{"href":"https:\/\/i4f.com\/fr\/wp-json\/wp\/v2\/types\/page"}],"author":[{"embeddable":true,"href":"https:\/\/i4f.com\/fr\/wp-json\/wp\/v2\/users\/14"}],"replies":[{"embeddable":true,"href":"https:\/\/i4f.com\/fr\/wp-json\/wp\/v2\/comments?post=3000"}],"version-history":[{"count":4,"href":"https:\/\/i4f.com\/fr\/wp-json\/wp\/v2\/pages\/3000\/revisions"}],"predecessor-version":[{"id":3510,"href":"https:\/\/i4f.com\/fr\/wp-json\/wp\/v2\/pages\/3000\/revisions\/3510"}],"up":[{"embeddable":true,"href":"https:\/\/i4f.com\/fr\/wp-json\/wp\/v2\/pages\/3004"}],"wp:attachment":[{"href":"https:\/\/i4f.com\/fr\/wp-json\/wp\/v2\/media?parent=3000"}],"curies":[{"name":"wp","href":"https:\/\/api.w.org\/{rel}","templated":true}]}}