{"id":2986,"date":"2021-06-10T12:53:03","date_gmt":"2021-06-10T12:53:03","guid":{"rendered":"https:\/\/i4f.com\/cookies\/"},"modified":"2021-12-14T10:48:06","modified_gmt":"2021-12-14T10:48:06","slug":"cookies","status":"publish","type":"page","link":"https:\/\/i4f.com\/fr\/cookies\/","title":{"rendered":"Cookies"},"content":{"rendered":"        <section class=\"block hero\" id=\"block_60c20b12a1257\">\n          <div class=\"hero-content\" style=\"background-image: url('https:\/\/i4f.com\/app\/uploads\/2021\/06\/Technologies-header_tech-v2.1.jpg')\">\n                              <img loading=\"lazy\" decoding=\"async\" src=\"https:\/\/i4f.com\/app\/uploads\/2021\/06\/Technologies-header_tech-v2.1-1440x640.jpg\" alt=\"Cookies\"\n         srcset=\"https:\/\/i4f.com\/app\/uploads\/2021\/06\/Technologies-header_tech-v2.1-350x0-c-default.jpg 320w,https:\/\/i4f.com\/app\/uploads\/2021\/06\/Technologies-header_tech-v2.1-1440x640.jpg 640w, https:\/\/i4f.com\/app\/uploads\/2021\/06\/Technologies-header_tech-v2.1.jpg 1024w\"\n         sizes=\"auto, 100vw\" class=\"img-fluid hero-mobile\" width=\"1440\"\n         height=\"640\"\/>\n    \n\n            <div class=\"container\">\n              <div class=\"overlay\"><\/div>\n              <div class=\"row align-items-center\">\n                <div class=\"col-lg-5\">\n                  <div class=\"hero-body\">\n                    <h1>Cookies<\/h1>\n                  <\/div>\n                <\/div>\n                <div class=\"col d-none d-lg-block hero-spacer\">\n                <\/div>\n              <\/div>\n            <\/div>\n          <\/div>\n        <\/section>\n\n\n\n        <section class=\"block text half\" id=\"block_60c20b26a1260\">\n          <div class=\"container\">\n  <div class=\"row\">\n    <div class=\"col-md-6 offset-md-3 order-md-1\">\n\n<div class=\"container html\">\n<!-- OneTrust Cookies Settings button start -->\n<p><button id=\"ot-sdk-btn\" class=\"optanon-show-settings\">Cookie Settings<\/button><\/p>\n<!-- OneTrust Cookies Settings button end -->\n<!-- OneTrust Cookies List start -->\n<div id=\"ot-sdk-cookie-policy\"><\/div>\n<!-- OneTrust Cookies List end -->\n<\/div>\n\n    <\/div>\n  <\/div>\n          <\/div>\n        <\/section>\n\n\n\n        <section class=\"block cta image\" id=\"block_60ddb636d0802\">\n          <div class=\"container\">\n  <div class=\"row\">\n    <div class=\"col-lg-8 offset-lg-2\">\n      <div class=\"cta-bg\">\n        <div class=\"row align-items-center\">\n          <div class=\"col-xl-3\">\n            <div class=\"cta-image\">\n                                <img loading=\"lazy\" decoding=\"async\" src=\"https:\/\/i4f.com\/app\/uploads\/2021\/06\/Newsletter-preview-1-360x370.png\" alt=\"Restez \u00e0 jour avec i4F\"\n         srcset=\"https:\/\/i4f.com\/app\/uploads\/2021\/06\/Newsletter-preview-1-350x0-c-default.png 320w,https:\/\/i4f.com\/app\/uploads\/2021\/06\/Newsletter-preview-1-360x370.png 640w, https:\/\/i4f.com\/app\/uploads\/2021\/06\/Newsletter-preview-1-716x740.png 1024w\"\n         sizes=\"auto, 100vw\" class=\"img-fluid\" width=\"360\"\n         height=\"370\"\/>\n    \n\n            <\/div>\n          <\/div>\n          <div class=\"col-xl-9\">\n            <div class=\"cta-content\">\n              <h3>Restez \u00e0 jour avec i4F<\/h3>\n              <ul>\n                <li>Les derni\u00e8res nouvelles de l&#8217;industrie directement dans votre bo\u00eete de r\u00e9ception<\/li>\n                <li>En savoir plus sur nos technologies et les \u00e9v\u00e9nements \u00e0 venir<\/li>\n              <\/ul>\n              <form action=\"\/fr\/cookies\/#block_60ddb636d0802\" method=\"post\" class=\"form-mailing-list form-process\" data-action=\"subscribe\" data-nonce=\"cedbd8c618\" data-post-id=\"2986\" novalidate>\n                <div class='form-container'>\n                  <div class=\"alert alert-danger error\"><\/div>\n                  <label for=\"email\">Votre adresse e-mail<\/label>\n                  <div class=\"row g-0 align-items-center\">\n                    <div class=\"col-7\">\n                      <input id=\"email\" name=\"email\" type=\"email\" value=\"\" class=\"form-control\" \/>\n                    <\/div>\n                    <div class=\"col-5\">\n                      <button class=\"btn btn-sm btn-primary\">Tenez-moi au courant<\/button>\n                    <\/div>\n                  <\/div>\n                <\/div>\n                <div class=\"form-thank-you\">\n                  <h3>Merci de votre inscription<\/h3>\n                <\/div>\n              <\/form>\n            <\/div>\n          <\/div>\n        <\/div>\n      <\/div>\n    <\/div>\n  <\/div>\n          <\/div>\n        <\/section>\n\n","protected":false},"excerpt":{"rendered":"","protected":false},"author":14,"featured_media":0,"parent":0,"menu_order":0,"comment_status":"closed","ping_status":"closed","template":"","meta":{"_acf_changed":false,"content-type":"","footnotes":""},"class_list":["post-2986","page","type-page","status-publish","hentry"],"acf":[],"yoast_head":"<!-- This site is optimized with the Yoast SEO plugin v24.8.1 - https:\/\/yoast.com\/wordpress\/plugins\/seo\/ -->\n<title>Cookies - i4F<\/title>\n<meta name=\"description\" content=\"Pour \u00e9viter de devoir saisir \u00e0 plusieurs reprises les m\u00eames informations \u00e0 chaque fois que vous visitez le site Web d&#039;i4F, nous pla\u00e7ons des cookies fonctionnels. Cela peut \u00eatre fait sans votre consentement.\" \/>\n<meta name=\"robots\" content=\"index, follow, max-snippet:-1, max-image-preview:large, max-video-preview:-1\" \/>\n<link rel=\"canonical\" href=\"https:\/\/i4f.com\/fr\/cookies\/\" \/>\n<meta property=\"og:locale\" content=\"fr_FR\" \/>\n<meta property=\"og:type\" content=\"article\" \/>\n<meta property=\"og:title\" content=\"Cookies - i4F\" \/>\n<meta property=\"og:description\" content=\"Pour \u00e9viter de devoir saisir \u00e0 plusieurs reprises les m\u00eames informations \u00e0 chaque fois que vous visitez le site Web d&#039;i4F, nous pla\u00e7ons des cookies fonctionnels. Cela peut \u00eatre fait sans votre consentement.\" \/>\n<meta property=\"og:url\" content=\"https:\/\/i4f.com\/fr\/cookies\/\" \/>\n<meta property=\"og:site_name\" content=\"i4F\" \/>\n<meta property=\"article:modified_time\" content=\"2021-12-14T10:48:06+00:00\" \/>\n<meta name=\"twitter:card\" content=\"summary_large_image\" \/>\n<meta name=\"twitter:label1\" content=\"Est. reading time\" \/>\n\t<meta name=\"twitter:data1\" content=\"1 minute\" \/>\n<script type=\"application\/ld+json\" class=\"yoast-schema-graph\">{\"@context\":\"https:\/\/schema.org\",\"@graph\":[{\"@type\":\"WebPage\",\"@id\":\"https:\/\/i4f.com\/fr\/cookies\/\",\"url\":\"https:\/\/i4f.com\/fr\/cookies\/\",\"name\":\"Cookies - i4F\",\"isPartOf\":{\"@id\":\"https:\/\/i4f.com\/fr\/#website\"},\"datePublished\":\"2021-06-10T12:53:03+00:00\",\"dateModified\":\"2021-12-14T10:48:06+00:00\",\"description\":\"Pour \u00e9viter de devoir saisir \u00e0 plusieurs reprises les m\u00eames informations \u00e0 chaque fois que vous visitez le site Web d'i4F, nous pla\u00e7ons des cookies fonctionnels. Cela peut \u00eatre fait sans votre consentement.\",\"breadcrumb\":{\"@id\":\"https:\/\/i4f.com\/fr\/cookies\/#breadcrumb\"},\"inLanguage\":\"fr-FR\",\"potentialAction\":[{\"@type\":\"ReadAction\",\"target\":[\"https:\/\/i4f.com\/fr\/cookies\/\"]}]},{\"@type\":\"BreadcrumbList\",\"@id\":\"https:\/\/i4f.com\/fr\/cookies\/#breadcrumb\",\"itemListElement\":[{\"@type\":\"ListItem\",\"position\":1,\"name\":\"Home\",\"item\":\"https:\/\/i4f.com\/fr\/\"},{\"@type\":\"ListItem\",\"position\":2,\"name\":\"Cookies\"}]},{\"@type\":\"WebSite\",\"@id\":\"https:\/\/i4f.com\/fr\/#website\",\"url\":\"https:\/\/i4f.com\/fr\/\",\"name\":\"i4F\",\"description\":\"\",\"potentialAction\":[{\"@type\":\"SearchAction\",\"target\":{\"@type\":\"EntryPoint\",\"urlTemplate\":\"https:\/\/i4f.com\/fr\/?s={search_term_string}\"},\"query-input\":{\"@type\":\"PropertyValueSpecification\",\"valueRequired\":true,\"valueName\":\"search_term_string\"}}],\"inLanguage\":\"fr-FR\"}]}<\/script>\n<!-- \/ Yoast SEO plugin. -->","yoast_head_json":{"title":"Cookies - i4F","description":"Pour \u00e9viter de devoir saisir \u00e0 plusieurs reprises les m\u00eames informations \u00e0 chaque fois que vous visitez le site Web d'i4F, nous pla\u00e7ons des cookies fonctionnels. Cela peut \u00eatre fait sans votre consentement.","robots":{"index":"index","follow":"follow","max-snippet":"max-snippet:-1","max-image-preview":"max-image-preview:large","max-video-preview":"max-video-preview:-1"},"canonical":"https:\/\/i4f.com\/fr\/cookies\/","og_locale":"fr_FR","og_type":"article","og_title":"Cookies - i4F","og_description":"Pour \u00e9viter de devoir saisir \u00e0 plusieurs reprises les m\u00eames informations \u00e0 chaque fois que vous visitez le site Web d'i4F, nous pla\u00e7ons des cookies fonctionnels. Cela peut \u00eatre fait sans votre consentement.","og_url":"https:\/\/i4f.com\/fr\/cookies\/","og_site_name":"i4F","article_modified_time":"2021-12-14T10:48:06+00:00","twitter_card":"summary_large_image","twitter_misc":{"Est. reading time":"1 minute"},"schema":{"@context":"https:\/\/schema.org","@graph":[{"@type":"WebPage","@id":"https:\/\/i4f.com\/fr\/cookies\/","url":"https:\/\/i4f.com\/fr\/cookies\/","name":"Cookies - i4F","isPartOf":{"@id":"https:\/\/i4f.com\/fr\/#website"},"datePublished":"2021-06-10T12:53:03+00:00","dateModified":"2021-12-14T10:48:06+00:00","description":"Pour \u00e9viter de devoir saisir \u00e0 plusieurs reprises les m\u00eames informations \u00e0 chaque fois que vous visitez le site Web d'i4F, nous pla\u00e7ons des cookies fonctionnels. Cela peut \u00eatre fait sans votre consentement.","breadcrumb":{"@id":"https:\/\/i4f.com\/fr\/cookies\/#breadcrumb"},"inLanguage":"fr-FR","potentialAction":[{"@type":"ReadAction","target":["https:\/\/i4f.com\/fr\/cookies\/"]}]},{"@type":"BreadcrumbList","@id":"https:\/\/i4f.com\/fr\/cookies\/#breadcrumb","itemListElement":[{"@type":"ListItem","position":1,"name":"Home","item":"https:\/\/i4f.com\/fr\/"},{"@type":"ListItem","position":2,"name":"Cookies"}]},{"@type":"WebSite","@id":"https:\/\/i4f.com\/fr\/#website","url":"https:\/\/i4f.com\/fr\/","name":"i4F","description":"","potentialAction":[{"@type":"SearchAction","target":{"@type":"EntryPoint","urlTemplate":"https:\/\/i4f.com\/fr\/?s={search_term_string}"},"query-input":{"@type":"PropertyValueSpecification","valueRequired":true,"valueName":"search_term_string"}}],"inLanguage":"fr-FR"}]}},"_links":{"self":[{"href":"https:\/\/i4f.com\/fr\/wp-json\/wp\/v2\/pages\/2986","targetHints":{"allow":["GET"]}}],"collection":[{"href":"https:\/\/i4f.com\/fr\/wp-json\/wp\/v2\/pages"}],"about":[{"href":"https:\/\/i4f.com\/fr\/wp-json\/wp\/v2\/types\/page"}],"author":[{"embeddable":true,"href":"https:\/\/i4f.com\/fr\/wp-json\/wp\/v2\/users\/14"}],"replies":[{"embeddable":true,"href":"https:\/\/i4f.com\/fr\/wp-json\/wp\/v2\/comments?post=2986"}],"version-history":[{"count":4,"href":"https:\/\/i4f.com\/fr\/wp-json\/wp\/v2\/pages\/2986\/revisions"}],"predecessor-version":[{"id":3508,"href":"https:\/\/i4f.com\/fr\/wp-json\/wp\/v2\/pages\/2986\/revisions\/3508"}],"wp:attachment":[{"href":"https:\/\/i4f.com\/fr\/wp-json\/wp\/v2\/media?parent=2986"}],"curies":[{"name":"wp","href":"https:\/\/api.w.org\/{rel}","templated":true}]}}