{"id":2928,"date":"2021-06-21T11:34:37","date_gmt":"2021-06-21T11:34:37","guid":{"rendered":"https:\/\/i4f.com\/digital-printing-technologies\/"},"modified":"2025-09-22T09:59:07","modified_gmt":"2025-09-22T09:59:07","slug":"digital-printing-technologies","status":"publish","type":"page","link":"https:\/\/i4f.com\/fr\/technologies\/digital-printing-technologies\/","title":{"rendered":"Technologies d&#8217;impression digitale"},"content":{"rendered":"        <section class=\"block hero\" id=\"block_68d11de9dd2d7\">\n          <div class=\"hero-content\" style=\"background-image: url('https:\/\/i4f.com\/app\/uploads\/2021\/06\/Digital-printing-technology-header-1520x640.jpg')\">\n                              <img loading=\"lazy\" decoding=\"async\" src=\"https:\/\/i4f.com\/app\/uploads\/2021\/06\/Digital-printing-technology-header-1440x640.jpg\" alt=\"Passez au num\u00e9rique. Pour de vrai\"\n         srcset=\"https:\/\/i4f.com\/app\/uploads\/2021\/06\/Digital-printing-technology-header-350x0-c-default.jpg 320w,https:\/\/i4f.com\/app\/uploads\/2021\/06\/Digital-printing-technology-header-1440x640.jpg 640w, https:\/\/i4f.com\/app\/uploads\/2021\/06\/Digital-printing-technology-header.jpg 1024w\"\n         sizes=\"auto, 100vw\" class=\"img-fluid hero-mobile\" width=\"1440\"\n         height=\"640\"\/>\n    \n\n            <div class=\"container\">\n              <div class=\"overlay\"><\/div>\n              <div class=\"row align-items-center\">\n                <div class=\"col-lg-5\">\n                  <div class=\"hero-body\">\n                    <div class=\"hero-logo\">\n                      <img decoding=\"async\" src=\"https:\/\/i4f.com\/app\/uploads\/2025\/07\/i4F-Digital-Printing-Technologies-Cluster-new-logo_aeonik-207x50.png\" alt=\"\" \/>\n                    <\/div>\n                    <h1>Passez au num\u00e9rique. Pour de vrai<\/h1>\n                    <p>Cr\u00e9ez des designs uniques avec une qualit\u00e9 optique sup\u00e9rieure \u00e0 l&#8217;aide des technologies d&#8217;impression digitale de pointe i4F.<\/p>\n                    <p class=\"hero-links\">\n                      <a href=\"#Walk-on\" class=\"btn  btn-primary\">Voir nos technologies &nbsp; <svg width=\"24\" height=\"24\" viewBox=\"0 0 24 24\" fill=\"none\" xmlns=\"http:\/\/www.w3.org\/2000\/svg\">\n<path d=\"M12 5V19\" stroke=\"#304757\" stroke-width=\"2\" stroke-linecap=\"round\" stroke-linejoin=\"round\"\/>\n<path d=\"M19 12L12 19L5 12\" stroke=\"#304757\" stroke-width=\"2\" stroke-linecap=\"round\" stroke-linejoin=\"round\"\/>\n<\/svg>\n<\/a>\n                      <a href=\"https:\/\/i4f.com\/fr\/contact\/?tab=block_60d3b16e96657-2-form#block_60d3b16596656\" class=\"btn  btn-outline-secondary\">Devenir d\u00e9tenteur d&#8217;une licence<\/a>\n                    <\/p>\n                  <\/div>\n                <\/div>\n                <div class=\"col d-none d-lg-block hero-spacer\">\n                <\/div>\n              <\/div>\n            <\/div>\n          <\/div>\n        <\/section>\n\n\n\n        <section class=\"block cta cta-icon center\" id=\"Walk-on\">\n          <div class=\"container\">\n  <div class=\"row\">\n    <div class=\"col-lg-8 offset-lg-2\">\n          <h2>Marchez sur l&#8217;eau &#8211; l&#8217;impression digitale pour les sols est ici<\/h2>\n          <p>i4F accorde des licences sur les technologies d&#8217;impression digitale les plus avanc\u00e9es au monde, offrant des r\u00e9sultats si r\u00e9els qu&#8217;il faut y regarder \u00e0 deux fois. Avec ces technologies de pointe, imm\u00e9diatement disponibles via une licence i4F, vous pouvez laisser libre cours \u00e0 votre imagination, tout en \u00e9vitant tout stock superflu de supports pr\u00e9-imprim\u00e9s.<\/p>\n          <div class=\"row icons justify-content-center\">\n            <div class=\"col-lg-3\">\n                <p><img decoding=\"async\" src=\"https:\/\/i4f.com\/app\/themes\/i4f\/assets\/img\/icon\/Icon__Materials.svg\" \/><\/p>\n                <p>Tous les mat\u00e9riaux<\/p>\n            <\/div>\n            <div class=\"col-lg-3\">\n                <p><img decoding=\"async\" src=\"https:\/\/i4f.com\/app\/themes\/i4f\/assets\/img\/icon\/Icon__Trophy.svg\" \/><\/p>\n                <p>R\u00e9sultats spectaculaires<\/p>\n            <\/div>\n            <div class=\"col-lg-3\">\n                <p><img decoding=\"async\" src=\"https:\/\/i4f.com\/app\/themes\/i4f\/assets\/img\/icon\/Icon__Recycle.svg\" \/><\/p>\n                <p>Moins de d\u00e9chets<\/p>\n            <\/div>\n          <\/div>\n      <\/div>\n    <\/div>\n  <\/div>\n          <\/div>\n        <\/section>\n\n\n\n        <section class=\"block video\" id=\"block_68d11de9dd3ae\">\n          <div class=\"container\">\n  <div class=\"row\">\n      <div class=\"col-md-8 offset-md-2\">\n          <!-- test: not_cn -->\n      <div class=\"video-player\">\n        <div class=\"video-cover\">\n                     <img decoding=\"async\" src=\"https:\/\/i4f.com\/app\/themes\/i4f\/assets\/img\/placeholder\/slide-920x518.jpg\" alt=\"Video thumbnail\" class=\"img-fluid\"\/>\n\n\n          <button class=\"play-btn\"><svg width=\"75\" height=\"75\" viewBox=\"0 0 75 75\" fill=\"none\" xmlns=\"http:\/\/www.w3.org\/2000\/svg\">\n<circle cx=\"37.0634\" cy=\"37.5633\" r=\"36.5634\" fill=\"url(#paint0_linear)\" stroke=\"white\"\/>\n<path d=\"M28.6621 25.2088L48.4293 38.0574L28.6621 50.9061V25.2088Z\" fill=\"white\"\/>\n<defs>\n<linearGradient id=\"paint0_linear\" x1=\"-2.1099e-06\" y1=\"41.1243\" x2=\"74.1268\" y2=\"41.1243\" gradientUnits=\"userSpaceOnUse\">\n<stop stop-color=\"#465865\"\/>\n<stop offset=\"1\" stop-color=\"#0A0E11\"\/>\n<\/linearGradient>\n<\/defs>\n<\/svg>\n<\/button>\n        <\/div>\n        <div class=\"ratio ratio-16x9\">\n          <iframe loading=\"lazy\" title=\"I4F&#039;s Patent Cluster Concept: Digital printing technologies\" width=\"920\" height=\"518\" src=\"https:\/\/www.youtube.com\/embed\/J0S0zeHY06A?feature=oembed&#038;controls=1&#038;hd=1&#038;autohide=1&#038;rel=0\" frameborder=\"0\" allow=\"accelerometer; autoplay; clipboard-write; encrypted-media; gyroscope; picture-in-picture; web-share\" referrerpolicy=\"strict-origin-when-cross-origin\" allowfullscreen class=\"embed-responsive-item\"><\/iframe>\n        <\/div>\n      <\/div>\n                      <h3 class=\"h5 mt-4\">Pr\u00e9sentation de la technologie d&#8217;impression digitale<\/h3>\n        \n    <\/div>\n    <\/div>\n          <\/div>\n        <\/section>\n\n\n\n        <section class=\"block text-image main align-right \" id=\"block_68d11de9ecceb\">\n        <div class=\"container-outer\">\n          <div class=\"container\">\n            <div class=\"row align-items-center\">\n            <div class=\"responsive_reverse\">\n<div class=\"col-xl-7 order-xl-2\">\n                <div class=\"txtimg-body\">\n                    <h2>T\u00e9l\u00e9charger notre brochure<\/h2>\n                    <p>Le solide portefeuille d&#8217;impression digitale d&#8217;i4F vous donne d\u00e9sormais \u00e9galement un acc\u00e8s exclusif \u00e0 toutes les technologies d&#8217;impression digitale Hymmen. Cela inclut l&#8217;optique et l&#8217;haptique incroyablement r\u00e9elles de sa technologie prim\u00e9e Digital Lacquer Embossing (DLE).<\/p>\n\n\n                <\/div>\n                <div class=\"col-xl-5 order-xl-1\">\n                <div class=\"txtimg-image text-center\">\n                                      <img loading=\"lazy\" decoding=\"async\" src=\"https:\/\/i4f.com\/app\/uploads\/2025\/02\/Projekt-bez-nazwy-35.png\" alt=\"\"\n         srcset=\"https:\/\/i4f.com\/app\/uploads\/2025\/02\/Projekt-bez-nazwy-35-350x0-c-default.png 320w,https:\/\/i4f.com\/app\/uploads\/2025\/02\/Projekt-bez-nazwy-35.png 640w, https:\/\/i4f.com\/app\/uploads\/2025\/02\/Projekt-bez-nazwy-35.png 1024w\"\n         sizes=\"auto, 100vw\" class=\"img-fluid\" width=\"570\"\n         height=\"384\"\/>\n    \n\n                <\/div>\n                <\/div>\n              <\/div>\n                    <p>\n                        <a href=\"https:\/\/i4f.com\/app\/uploads\/2021\/06\/Prospekt_DGP_I4F-Hymmen_low-ENG.pdf\" target=\"_blank\" class=\"btn  btn-primary\">T\u00e9l\u00e9charger le document PDF<\/a>\n                        <\/p>\n                  <\/div>\n                <\/div>\n              <\/div>  \n            <\/div>\n              <div class=\"responsive_default align-items-center\">\n                <div class=\"col-xl-7 order-xl-2\">\n                  <div class=\"txtimg-image text-center\">\n                                      <img loading=\"lazy\" decoding=\"async\" src=\"https:\/\/i4f.com\/app\/uploads\/2025\/02\/Projekt-bez-nazwy-35.png\" alt=\"\"\n         srcset=\"https:\/\/i4f.com\/app\/uploads\/2025\/02\/Projekt-bez-nazwy-35-350x0-c-default.png 320w,https:\/\/i4f.com\/app\/uploads\/2025\/02\/Projekt-bez-nazwy-35.png 640w, https:\/\/i4f.com\/app\/uploads\/2025\/02\/Projekt-bez-nazwy-35.png 1024w\"\n         sizes=\"auto, 100vw\" class=\"img-fluid\" width=\"570\"\n         height=\"384\"\/>\n    \n\n                  <\/div>\n                <\/div>\n                <div class=\"col-xl-5 order-xl-1\">\n                  <div class=\"txtimg-body\">\n                    <h2>T\u00e9l\u00e9charger notre brochure<\/h2>\n                    <p>Le solide portefeuille d&#8217;impression digitale d&#8217;i4F vous donne d\u00e9sormais \u00e9galement un acc\u00e8s exclusif \u00e0 toutes les technologies d&#8217;impression digitale Hymmen. Cela inclut l&#8217;optique et l&#8217;haptique incroyablement r\u00e9elles de sa technologie prim\u00e9e Digital Lacquer Embossing (DLE).<\/p>\n\n                    <p>\n                        <a href=\"https:\/\/i4f.com\/app\/uploads\/2021\/06\/Prospekt_DGP_I4F-Hymmen_low-ENG.pdf\" target=\"_blank\" class=\"btn  btn-primary\">T\u00e9l\u00e9charger le document PDF<\/a>\n                        <\/p>\n                  <\/div>\n                <\/div>\n              <\/div>\n            <\/div>\n          <\/div>\n        <\/div>\n        <\/section>\n\n\n\n        <section class=\"block cta image\" id=\"block_60ddb636d0802\">\n          <div class=\"container\">\n  <div class=\"row\">\n    <div class=\"col-lg-8 offset-lg-2\">\n      <div class=\"cta-bg\">\n        <div class=\"row align-items-center\">\n          <div class=\"col-xl-3\">\n            <div class=\"cta-image\">\n                                <img loading=\"lazy\" decoding=\"async\" src=\"https:\/\/i4f.com\/app\/uploads\/2021\/06\/Newsletter-preview-1-360x370.png\" alt=\"Restez \u00e0 jour avec i4F\"\n         srcset=\"https:\/\/i4f.com\/app\/uploads\/2021\/06\/Newsletter-preview-1-350x0-c-default.png 320w,https:\/\/i4f.com\/app\/uploads\/2021\/06\/Newsletter-preview-1-360x370.png 640w, https:\/\/i4f.com\/app\/uploads\/2021\/06\/Newsletter-preview-1-716x740.png 1024w\"\n         sizes=\"auto, 100vw\" class=\"img-fluid\" width=\"360\"\n         height=\"370\"\/>\n    \n\n            <\/div>\n          <\/div>\n          <div class=\"col-xl-9\">\n            <div class=\"cta-content\">\n              <h3>Restez \u00e0 jour avec i4F<\/h3>\n              <ul>\n                <li>Les derni\u00e8res nouvelles de l&#8217;industrie directement dans votre bo\u00eete de r\u00e9ception<\/li>\n                <li>En savoir plus sur nos technologies et les \u00e9v\u00e9nements \u00e0 venir<\/li>\n              <\/ul>\n              <form action=\"\/fr\/technologies\/digital-printing-technologies\/#block_60ddb636d0802\" method=\"post\" class=\"form-mailing-list form-process\" data-action=\"subscribe\" data-nonce=\"5ba1660158\" data-post-id=\"2928\" novalidate>\n                <div class='form-container'>\n                  <div class=\"alert alert-danger error\"><\/div>\n                  <label for=\"email\">Votre adresse e-mail<\/label>\n                  <div class=\"row g-0 align-items-center\">\n                    <div class=\"col-7\">\n                      <input id=\"email\" name=\"email\" type=\"email\" value=\"\" class=\"form-control\" \/>\n                    <\/div>\n                    <div class=\"col-5\">\n                      <button class=\"btn btn-sm btn-primary\">Tenez-moi au courant<\/button>\n                    <\/div>\n                  <\/div>\n                <\/div>\n                <div class=\"form-thank-you\">\n                  <h3>Merci de votre inscription<\/h3>\n                <\/div>\n              <\/form>\n            <\/div>\n          <\/div>\n        <\/div>\n      <\/div>\n    <\/div>\n  <\/div>\n          <\/div>\n        <\/section>\n\n","protected":false},"excerpt":{"rendered":"","protected":false},"author":14,"featured_media":0,"parent":2958,"menu_order":0,"comment_status":"closed","ping_status":"closed","template":"","meta":{"_acf_changed":false,"content-type":"","footnotes":""},"class_list":["post-2928","page","type-page","status-publish","hentry"],"acf":[],"yoast_head":"<!-- This site is optimized with the Yoast SEO plugin v24.8.1 - https:\/\/yoast.com\/wordpress\/plugins\/seo\/ -->\n<title>Technologies d&#039;impression digitale - i4F<\/title>\n<meta name=\"description\" content=\"i4F accorde des licences sur les technologies d&#039;impression digitale les plus avanc\u00e9es au monde, y compris le Digital Lacquer Embossing (DLE) pour une optique et une haptique ultra-r\u00e9elles.\" \/>\n<meta name=\"robots\" content=\"index, follow, max-snippet:-1, max-image-preview:large, max-video-preview:-1\" \/>\n<link rel=\"canonical\" href=\"https:\/\/i4f.com\/fr\/technologies\/digital-printing-technologies\/\" \/>\n<meta property=\"og:locale\" content=\"fr_FR\" \/>\n<meta property=\"og:type\" content=\"article\" \/>\n<meta property=\"og:title\" content=\"Technologies d&#039;impression digitale - i4F\" \/>\n<meta property=\"og:description\" content=\"i4F accorde des licences sur les technologies d&#039;impression digitale les plus avanc\u00e9es au monde, y compris le Digital Lacquer Embossing (DLE) pour une optique et une haptique ultra-r\u00e9elles.\" \/>\n<meta property=\"og:url\" content=\"https:\/\/i4f.com\/fr\/technologies\/digital-printing-technologies\/\" \/>\n<meta property=\"og:site_name\" content=\"i4F\" \/>\n<meta property=\"article:modified_time\" content=\"2025-09-22T09:59:07+00:00\" \/>\n<meta name=\"twitter:card\" content=\"summary_large_image\" \/>\n<script type=\"application\/ld+json\" class=\"yoast-schema-graph\">{\"@context\":\"https:\/\/schema.org\",\"@graph\":[{\"@type\":\"WebPage\",\"@id\":\"https:\/\/i4f.com\/fr\/technologies\/digital-printing-technologies\/\",\"url\":\"https:\/\/i4f.com\/fr\/technologies\/digital-printing-technologies\/\",\"name\":\"Technologies d'impression digitale - i4F\",\"isPartOf\":{\"@id\":\"https:\/\/i4f.com\/fr\/#website\"},\"datePublished\":\"2021-06-21T11:34:37+00:00\",\"dateModified\":\"2025-09-22T09:59:07+00:00\",\"description\":\"i4F accorde des licences sur les technologies d'impression digitale les plus avanc\u00e9es au monde, y compris le Digital Lacquer Embossing (DLE) pour une optique et une haptique ultra-r\u00e9elles.\",\"breadcrumb\":{\"@id\":\"https:\/\/i4f.com\/fr\/technologies\/digital-printing-technologies\/#breadcrumb\"},\"inLanguage\":\"fr-FR\",\"potentialAction\":[{\"@type\":\"ReadAction\",\"target\":[\"https:\/\/i4f.com\/fr\/technologies\/digital-printing-technologies\/\"]}]},{\"@type\":\"BreadcrumbList\",\"@id\":\"https:\/\/i4f.com\/fr\/technologies\/digital-printing-technologies\/#breadcrumb\",\"itemListElement\":[{\"@type\":\"ListItem\",\"position\":1,\"name\":\"Home\",\"item\":\"https:\/\/i4f.com\/fr\/\"},{\"@type\":\"ListItem\",\"position\":2,\"name\":\"Technologies\",\"item\":\"https:\/\/i4f.com\/fr\/technologies\/\"},{\"@type\":\"ListItem\",\"position\":3,\"name\":\"Technologies d&#8217;impression digitale\"}]},{\"@type\":\"WebSite\",\"@id\":\"https:\/\/i4f.com\/fr\/#website\",\"url\":\"https:\/\/i4f.com\/fr\/\",\"name\":\"i4F\",\"description\":\"\",\"potentialAction\":[{\"@type\":\"SearchAction\",\"target\":{\"@type\":\"EntryPoint\",\"urlTemplate\":\"https:\/\/i4f.com\/fr\/?s={search_term_string}\"},\"query-input\":{\"@type\":\"PropertyValueSpecification\",\"valueRequired\":true,\"valueName\":\"search_term_string\"}}],\"inLanguage\":\"fr-FR\"}]}<\/script>\n<!-- \/ Yoast SEO plugin. -->","yoast_head_json":{"title":"Technologies d'impression digitale - i4F","description":"i4F accorde des licences sur les technologies d'impression digitale les plus avanc\u00e9es au monde, y compris le Digital Lacquer Embossing (DLE) pour une optique et une haptique ultra-r\u00e9elles.","robots":{"index":"index","follow":"follow","max-snippet":"max-snippet:-1","max-image-preview":"max-image-preview:large","max-video-preview":"max-video-preview:-1"},"canonical":"https:\/\/i4f.com\/fr\/technologies\/digital-printing-technologies\/","og_locale":"fr_FR","og_type":"article","og_title":"Technologies d'impression digitale - i4F","og_description":"i4F accorde des licences sur les technologies d'impression digitale les plus avanc\u00e9es au monde, y compris le Digital Lacquer Embossing (DLE) pour une optique et une haptique ultra-r\u00e9elles.","og_url":"https:\/\/i4f.com\/fr\/technologies\/digital-printing-technologies\/","og_site_name":"i4F","article_modified_time":"2025-09-22T09:59:07+00:00","twitter_card":"summary_large_image","schema":{"@context":"https:\/\/schema.org","@graph":[{"@type":"WebPage","@id":"https:\/\/i4f.com\/fr\/technologies\/digital-printing-technologies\/","url":"https:\/\/i4f.com\/fr\/technologies\/digital-printing-technologies\/","name":"Technologies d'impression digitale - i4F","isPartOf":{"@id":"https:\/\/i4f.com\/fr\/#website"},"datePublished":"2021-06-21T11:34:37+00:00","dateModified":"2025-09-22T09:59:07+00:00","description":"i4F accorde des licences sur les technologies d'impression digitale les plus avanc\u00e9es au monde, y compris le Digital Lacquer Embossing (DLE) pour une optique et une haptique ultra-r\u00e9elles.","breadcrumb":{"@id":"https:\/\/i4f.com\/fr\/technologies\/digital-printing-technologies\/#breadcrumb"},"inLanguage":"fr-FR","potentialAction":[{"@type":"ReadAction","target":["https:\/\/i4f.com\/fr\/technologies\/digital-printing-technologies\/"]}]},{"@type":"BreadcrumbList","@id":"https:\/\/i4f.com\/fr\/technologies\/digital-printing-technologies\/#breadcrumb","itemListElement":[{"@type":"ListItem","position":1,"name":"Home","item":"https:\/\/i4f.com\/fr\/"},{"@type":"ListItem","position":2,"name":"Technologies","item":"https:\/\/i4f.com\/fr\/technologies\/"},{"@type":"ListItem","position":3,"name":"Technologies d&#8217;impression digitale"}]},{"@type":"WebSite","@id":"https:\/\/i4f.com\/fr\/#website","url":"https:\/\/i4f.com\/fr\/","name":"i4F","description":"","potentialAction":[{"@type":"SearchAction","target":{"@type":"EntryPoint","urlTemplate":"https:\/\/i4f.com\/fr\/?s={search_term_string}"},"query-input":{"@type":"PropertyValueSpecification","valueRequired":true,"valueName":"search_term_string"}}],"inLanguage":"fr-FR"}]}},"_links":{"self":[{"href":"https:\/\/i4f.com\/fr\/wp-json\/wp\/v2\/pages\/2928","targetHints":{"allow":["GET"]}}],"collection":[{"href":"https:\/\/i4f.com\/fr\/wp-json\/wp\/v2\/pages"}],"about":[{"href":"https:\/\/i4f.com\/fr\/wp-json\/wp\/v2\/types\/page"}],"author":[{"embeddable":true,"href":"https:\/\/i4f.com\/fr\/wp-json\/wp\/v2\/users\/14"}],"replies":[{"embeddable":true,"href":"https:\/\/i4f.com\/fr\/wp-json\/wp\/v2\/comments?post=2928"}],"version-history":[{"count":9,"href":"https:\/\/i4f.com\/fr\/wp-json\/wp\/v2\/pages\/2928\/revisions"}],"predecessor-version":[{"id":9301,"href":"https:\/\/i4f.com\/fr\/wp-json\/wp\/v2\/pages\/2928\/revisions\/9301"}],"up":[{"embeddable":true,"href":"https:\/\/i4f.com\/fr\/wp-json\/wp\/v2\/pages\/2958"}],"wp:attachment":[{"href":"https:\/\/i4f.com\/fr\/wp-json\/wp\/v2\/media?parent=2928"}],"curies":[{"name":"wp","href":"https:\/\/api.w.org\/{rel}","templated":true}]}}