{"id":2914,"date":"2021-06-21T12:03:14","date_gmt":"2021-06-21T12:03:14","guid":{"rendered":"https:\/\/i4f.com\/wall-ceiling-technology\/"},"modified":"2025-10-01T13:31:19","modified_gmt":"2025-10-01T13:31:19","slug":"wall-ceiling-technology","status":"publish","type":"page","link":"https:\/\/i4f.com\/fr\/technologies\/wall-ceiling-technology\/","title":{"rendered":"Technologie murs et plafonds"},"content":{"rendered":"        <section class=\"block hero\" id=\"block_6863aed74e407\">\n          <div class=\"hero-content\" style=\"background-image: url('https:\/\/i4f.com\/app\/uploads\/2021\/06\/Wall-and-ceiling-technology-header-1520x640.jpg')\">\n                              <img loading=\"lazy\" decoding=\"async\" src=\"https:\/\/i4f.com\/app\/uploads\/2021\/06\/Wall-and-ceiling-technology-header-1440x640.jpg\" alt=\"Escaladez les murs\"\n         srcset=\"https:\/\/i4f.com\/app\/uploads\/2021\/06\/Wall-and-ceiling-technology-header-350x0-c-default.jpg 320w,https:\/\/i4f.com\/app\/uploads\/2021\/06\/Wall-and-ceiling-technology-header-1440x640.jpg 640w, https:\/\/i4f.com\/app\/uploads\/2021\/06\/Wall-and-ceiling-technology-header.jpg 1024w\"\n         sizes=\"auto, 100vw\" class=\"img-fluid hero-mobile\" width=\"1440\"\n         height=\"640\"\/>\n    \n\n            <div class=\"container\">\n              <div class=\"overlay\"><\/div>\n              <div class=\"row align-items-center\">\n                <div class=\"col-lg-5\">\n                  <div class=\"hero-body\">\n                    <div class=\"hero-logo\">\n                      <img decoding=\"async\" src=\"https:\/\/i4f.com\/app\/uploads\/2025\/07\/i4F-Wall-and-Ceiling-Technologies-Cluster-new-logo_aeonik-203x50.png\" alt=\"\" \/>\n                    <\/div>\n                    <h1>Escaladez les murs<\/h1>\n                    <p>Entrez sur de nouveaux march\u00e9s avec nos syst\u00e8mes d&#8217;installation pour murs 3D, murs plats et plafonds \u2013 et recouvrez toute la pi\u00e8ce. <\/p>\n                    <p class=\"hero-links\">\n                      <a href=\"#Drive-your\" class=\"btn  btn-primary\">Voir nos technologies &nbsp; <svg width=\"24\" height=\"24\" viewBox=\"0 0 24 24\" fill=\"none\" xmlns=\"http:\/\/www.w3.org\/2000\/svg\">\n<path d=\"M12 5V19\" stroke=\"#304757\" stroke-width=\"2\" stroke-linecap=\"round\" stroke-linejoin=\"round\"\/>\n<path d=\"M19 12L12 19L5 12\" stroke=\"#304757\" stroke-width=\"2\" stroke-linecap=\"round\" stroke-linejoin=\"round\"\/>\n<\/svg>\n<\/a>\n                      <a href=\"https:\/\/i4f.com\/contact\/?tab=block_60d3b16e96657-2-form#block_60d3b16596656\" class=\"btn  btn-outline-secondary\">Obtenir une license<\/a>\n                    <\/p>\n                  <\/div>\n                <\/div>\n                <div class=\"col d-none d-lg-block hero-spacer\">\n                <\/div>\n              <\/div>\n            <\/div>\n          <\/div>\n        <\/section>\n\n        <section class=\"block is-default cta cta-icon center\" id=\"Drive-your\">\n          <div class=\"container\">\n  <div class=\"row\">\n    <div class=\"col-lg-8 offset-lg-2\">\n          <h2>Faites progresser votre entreprise de rev\u00eatements de sol<\/h2>\n          <p>Les syst\u00e8mes d&#8217;installation murale et de plafonds i4F permettent aux fabricants de rev\u00eatements de sol non seulement de p\u00e9n\u00e9trer de nouveaux march\u00e9s, mais aussi de tirer parti des designs existants &#8211; en lan\u00e7ant de nouvelles collections qui combinent rev\u00eatements de sol, murs et plafonds.<\/p>\n          <div class=\"row icons justify-content-center\">\n            <div class=\"col-lg-3\">\n                <p><img decoding=\"async\" src=\"https:\/\/i4f.com\/app\/themes\/i4f\/assets\/img\/icon\/Icon__Growth.svg\" \/><\/p>\n                <p>Des opportunit\u00e9s de croissance attractives<\/p>\n            <\/div>\n            <div class=\"col-lg-3\">\n                <p><img decoding=\"async\" src=\"https:\/\/i4f.com\/app\/themes\/i4f\/assets\/img\/icon\/Icon__Design.svg\" \/><\/p>\n                <p>Un choix de conceptions infini<\/p>\n            <\/div>\n            <div class=\"col-lg-3\">\n                <p><img decoding=\"async\" src=\"https:\/\/i4f.com\/app\/themes\/i4f\/assets\/img\/icon\/Icon__Materials.svg\" \/><\/p>\n                <p>Tous les mat\u00e9riaux<\/p>\n            <\/div>\n            <div class=\"col-lg-3\">\n                <p><img decoding=\"async\" src=\"https:\/\/i4f.com\/app\/themes\/i4f\/assets\/img\/icon\/Icon__Resistant.svg\" \/><\/p>\n                <p>R\u00e9sistant \u00e0 l&#8217;humidit\u00e9 et \u00e0 la chaleur<\/p>\n            <\/div>\n          <\/div>\n      <\/div>\n    <\/div>\n  <\/div>\n          <\/div>\n        <\/section>\n\n        <section class=\"block is-default video\" id=\"block_6863aed74e498\">\n          <div class=\"container\">\n  <div class=\"row\">\n      <div class=\"col-md-8 offset-md-2\">\n          <!-- test: not_cn -->\n      <div class=\"video-player\">\n        <div class=\"video-cover\">\n                                     <img loading=\"lazy\" decoding=\"async\" src=\"https:\/\/i4f.com\/app\/uploads\/2025\/02\/i4f-logo_wordpress-920x518.png\" alt=\"Video thumbnail\"\n         srcset=\"https:\/\/i4f.com\/app\/uploads\/2025\/02\/i4f-logo_wordpress-350x0-c-default.png 320w,https:\/\/i4f.com\/app\/uploads\/2025\/02\/i4f-logo_wordpress-920x518.png 640w, https:\/\/i4f.com\/app\/uploads\/2025\/02\/i4f-logo_wordpress.png 1024w\"\n         sizes=\"auto, 100vw\" class=\"img-fluid\" width=\"920\"\n         height=\"518\"\/>\n    \n\n          <button class=\"play-btn\"><svg width=\"75\" height=\"75\" viewBox=\"0 0 75 75\" fill=\"none\" xmlns=\"http:\/\/www.w3.org\/2000\/svg\">\n<circle cx=\"37.0634\" cy=\"37.5633\" r=\"36.5634\" fill=\"url(#paint0_linear)\" stroke=\"white\"\/>\n<path d=\"M28.6621 25.2088L48.4293 38.0574L28.6621 50.9061V25.2088Z\" fill=\"white\"\/>\n<defs>\n<linearGradient id=\"paint0_linear\" x1=\"-2.1099e-06\" y1=\"41.1243\" x2=\"74.1268\" y2=\"41.1243\" gradientUnits=\"userSpaceOnUse\">\n<stop stop-color=\"#465865\"\/>\n<stop offset=\"1\" stop-color=\"#0A0E11\"\/>\n<\/linearGradient>\n<\/defs>\n<\/svg>\n<span>3:21<\/span><\/button>\n        <\/div>\n        <div class=\"ratio ratio-16x9\">\n          <iframe loading=\"lazy\" title=\"I4F Kronospan animatie: Wall &amp; Ceiling Technology overview\" width=\"920\" height=\"518\" src=\"https:\/\/www.youtube.com\/embed\/BZZ4yFW-Cec?feature=oembed&#038;controls=1&#038;hd=1&#038;autohide=1&#038;rel=0\" frameborder=\"0\" allow=\"accelerometer; autoplay; clipboard-write; encrypted-media; gyroscope; picture-in-picture; web-share\" referrerpolicy=\"strict-origin-when-cross-origin\" allowfullscreen class=\"embed-responsive-item\"><\/iframe>\n        <\/div>\n      <\/div>\n                      <h3 class=\"h5 mt-4\">Pr\u00e9sentation de la technologie murs et plafonds<\/h3>\n        \n    <\/div>\n    <\/div>\n          <\/div>\n        <\/section>\n\n        <section class=\"block text-image video align-right \" id=\"block_6863aed74e4ca\">\n        <div class=\"container-outer\">\n          <div class=\"container\">\n            <div class=\"row align-items-center\">\n            <div class=\"responsive_reverse\">\n<div class=\"col-xl-7 order-xl-2\">\n                <div class=\"txtimg-body\">\n                    <h2>Syst\u00e8me d&#8217;installation murale 3D<\/h2>\n                    <p>Un nouveau syst\u00e8me d&#8217;installation brevet\u00e9 qui permet \u00e0 trois niveaux diff\u00e9rents de panneaux de se connecter et de cr\u00e9er un effet 3D \u00e9tonnant sur les murs.<\/p>\n\n\n                <\/div>\n                <div class=\"col-xl-5 order-xl-1\">\n                <div class=\"txtimg-image text-center\">\n                                      <img loading=\"lazy\" decoding=\"async\" src=\"https:\/\/i4f.com\/app\/uploads\/2025\/02\/Kronowall_5934_3D_-920x518.jpg\" alt=\"\"\n         srcset=\"https:\/\/i4f.com\/app\/uploads\/2025\/02\/Kronowall_5934_3D_-scaled-350x0-c-default.jpg 320w,https:\/\/i4f.com\/app\/uploads\/2025\/02\/Kronowall_5934_3D_-920x518.jpg 640w, https:\/\/i4f.com\/app\/uploads\/2025\/02\/Kronowall_5934_3D_-1840x1036.jpg 1024w\"\n         sizes=\"auto, 100vw\" class=\"img-fluid\" width=\"920\"\n         height=\"518\"\/>\n    \n\n                <\/div>\n                <\/div>\n              <\/div>\n                    <p>\n                        <a href=\"https:\/\/i4f.com\/app\/uploads\/2021\/06\/Wall-3D-Flat-and-ceiling-Panel-ENG-low-res.pdf\" class=\"btn  btn-primary\">T\u00e9l\u00e9charger le PDF<\/a>\n                        <\/p>\n                  <\/div>\n                <\/div>\n              <\/div>  \n            <\/div>\n              <div class=\"responsive_default align-items-center\">\n                <div class=\"col-xl-7 order-xl-2\">\n                  <div class=\"txtimg-image text-center\">\n                                      <img loading=\"lazy\" decoding=\"async\" src=\"https:\/\/i4f.com\/app\/uploads\/2025\/02\/Kronowall_5934_3D_-920x518.jpg\" alt=\"\"\n         srcset=\"https:\/\/i4f.com\/app\/uploads\/2025\/02\/Kronowall_5934_3D_-scaled-350x0-c-default.jpg 320w,https:\/\/i4f.com\/app\/uploads\/2025\/02\/Kronowall_5934_3D_-920x518.jpg 640w, https:\/\/i4f.com\/app\/uploads\/2025\/02\/Kronowall_5934_3D_-1840x1036.jpg 1024w\"\n         sizes=\"auto, 100vw\" class=\"img-fluid\" width=\"920\"\n         height=\"518\"\/>\n    \n\n                  <\/div>\n                <\/div>\n                <div class=\"col-xl-5 order-xl-1\">\n                  <div class=\"txtimg-body\">\n                    <h2>Syst\u00e8me d&#8217;installation murale 3D<\/h2>\n                    <p>Un nouveau syst\u00e8me d&#8217;installation brevet\u00e9 qui permet \u00e0 trois niveaux diff\u00e9rents de panneaux de se connecter et de cr\u00e9er un effet 3D \u00e9tonnant sur les murs.<\/p>\n\n                    <p>\n                        <a href=\"https:\/\/i4f.com\/app\/uploads\/2021\/06\/Wall-3D-Flat-and-ceiling-Panel-ENG-low-res.pdf\" class=\"btn  btn-primary\">T\u00e9l\u00e9charger le PDF<\/a>\n                        <\/p>\n                  <\/div>\n                <\/div>\n              <\/div>\n            <\/div>\n          <\/div>\n        <\/div>\n        <\/section>\n\n        <section class=\"block text-image main align-left overlap\" id=\"block_6863aed74e500\">\n        <div class=\"container-outer\">\n        <div class=\"block-wrapper\">\n          <div class=\"container\">\n            <div class=\"row align-items-center\">\n            <div class=\"responsive_reverse\">\n<div class=\"col-xl-6\">\n                <div class=\"txtimg-body\">\n                    <h2>Syst\u00e8mes d&#8217;installation pour Panneaux murs et plafonds<\/h2>\n                    <p>Un syst\u00e8me de clipsage pour panneaux muraux et plafonds utilisant un profil innovant, offrant des options de joint variables pour une installation facile et diverses possibilit\u00e9s de conception. Une application de clipsage sp\u00e9cifique pour les panneaux muraux \u00e0 coller est \u00e9galement disponible.<\/p>\n<ul>\n<li>Facile \u00e0 installer<\/li>\n<li>Convient \u00e0 tous les mat\u00e9riaux<\/li>\n<li>M\u00e9langer et assortir les options de conception<\/li>\n<\/ul>\n\n\n                <\/div>\n                <div class=\"col-xl-6\">\n                <div class=\"txtimg-image text-center\">\n                                      <img loading=\"lazy\" decoding=\"async\" src=\"https:\/\/i4f.com\/app\/uploads\/2025\/02\/Kronowall_K035_3D-920x518.jpg\" alt=\"\"\n         srcset=\"https:\/\/i4f.com\/app\/uploads\/2025\/02\/Kronowall_K035_3D-scaled-350x0-c-default.jpg 320w,https:\/\/i4f.com\/app\/uploads\/2025\/02\/Kronowall_K035_3D-920x518.jpg 640w, https:\/\/i4f.com\/app\/uploads\/2025\/02\/Kronowall_K035_3D-1840x1036.jpg 1024w\"\n         sizes=\"auto, 100vw\" class=\"img-fluid\" width=\"920\"\n         height=\"518\"\/>\n    \n\n                <\/div>\n                <\/div>\n              <\/div>\n                    <p>\n                        <a href=\"https:\/\/i4f.com\/app\/uploads\/2021\/06\/Wall-3D-Flat-and-ceiling-Panel-ENG-low-res.pdf\" class=\"btn  btn-primary\">T\u00e9l\u00e9charger le PDF<\/a>\n                        <\/p>\n                  <\/div>\n                <\/div>\n              <\/div>  \n            <\/div>\n              <div class=\"responsive_default align-items-center\">\n                <div class=\"col-xl-6\">\n                  <div class=\"txtimg-image text-center\">\n                                      <img loading=\"lazy\" decoding=\"async\" src=\"https:\/\/i4f.com\/app\/uploads\/2025\/02\/Kronowall_K035_3D-920x518.jpg\" alt=\"\"\n         srcset=\"https:\/\/i4f.com\/app\/uploads\/2025\/02\/Kronowall_K035_3D-scaled-350x0-c-default.jpg 320w,https:\/\/i4f.com\/app\/uploads\/2025\/02\/Kronowall_K035_3D-920x518.jpg 640w, https:\/\/i4f.com\/app\/uploads\/2025\/02\/Kronowall_K035_3D-1840x1036.jpg 1024w\"\n         sizes=\"auto, 100vw\" class=\"img-fluid\" width=\"920\"\n         height=\"518\"\/>\n    \n\n                  <\/div>\n                <\/div>\n                <div class=\"col-xl-6\">\n                  <div class=\"txtimg-body\">\n                    <h2>Syst\u00e8mes d&#8217;installation pour Panneaux murs et plafonds<\/h2>\n                    <p>Un syst\u00e8me de clipsage pour panneaux muraux et plafonds utilisant un profil innovant, offrant des options de joint variables pour une installation facile et diverses possibilit\u00e9s de conception. Une application de clipsage sp\u00e9cifique pour les panneaux muraux \u00e0 coller est \u00e9galement disponible.<\/p>\n<ul>\n<li>Facile \u00e0 installer<\/li>\n<li>Convient \u00e0 tous les mat\u00e9riaux<\/li>\n<li>M\u00e9langer et assortir les options de conception<\/li>\n<\/ul>\n\n                    <p>\n                        <a href=\"https:\/\/i4f.com\/app\/uploads\/2021\/06\/Wall-3D-Flat-and-ceiling-Panel-ENG-low-res.pdf\" class=\"btn  btn-primary\">T\u00e9l\u00e9charger le PDF<\/a>\n                        <\/p>\n                  <\/div>\n                <\/div>\n              <\/div>\n            <\/div>\n          <\/div>\n        <\/div>\n        <\/div>\n        <\/section>\n\n        <section class=\"block cta image\" id=\"block_60ddb636d0802\">\n          <div class=\"container\">\n  <div class=\"row\">\n    <div class=\"col-lg-8 offset-lg-2\">\n      <div class=\"cta-bg\">\n        <div class=\"row align-items-center\">\n          <div class=\"col-xl-3\">\n            <div class=\"cta-image\">\n                                <img loading=\"lazy\" decoding=\"async\" src=\"https:\/\/i4f.com\/app\/uploads\/2021\/06\/Newsletter-preview-1-360x370.png\" alt=\"Restez \u00e0 jour avec i4F\"\n         srcset=\"https:\/\/i4f.com\/app\/uploads\/2021\/06\/Newsletter-preview-1-350x0-c-default.png 320w,https:\/\/i4f.com\/app\/uploads\/2021\/06\/Newsletter-preview-1-360x370.png 640w, https:\/\/i4f.com\/app\/uploads\/2021\/06\/Newsletter-preview-1-716x740.png 1024w\"\n         sizes=\"auto, 100vw\" class=\"img-fluid\" width=\"360\"\n         height=\"370\"\/>\n    \n\n            <\/div>\n          <\/div>\n          <div class=\"col-xl-9\">\n            <div class=\"cta-content\">\n              <h3>Restez \u00e0 jour avec i4F<\/h3>\n              <ul>\n                <li>Les derni\u00e8res nouvelles de l&#8217;industrie directement dans votre bo\u00eete de r\u00e9ception<\/li>\n                <li>En savoir plus sur nos technologies et les \u00e9v\u00e9nements \u00e0 venir<\/li>\n              <\/ul>\n              <form action=\"\/fr\/technologies\/wall-ceiling-technology\/#block_60ddb636d0802\" method=\"post\" class=\"form-mailing-list form-process\" data-action=\"subscribe\" data-nonce=\"079c58d7ca\" data-post-id=\"2914\" novalidate>\n                <div class='form-container'>\n                  <div class=\"alert alert-danger error\"><\/div>\n                  <label for=\"email\">Votre adresse e-mail<\/label>\n                  <div class=\"row g-0 align-items-center\">\n                    <div class=\"col-7\">\n                      <input id=\"email\" name=\"email\" type=\"email\" value=\"\" class=\"form-control\" \/>\n                    <\/div>\n                    <div class=\"col-5\">\n                      <button class=\"btn btn-sm btn-primary\">Tenez-moi au courant<\/button>\n                    <\/div>\n                  <\/div>\n                <\/div>\n                <div class=\"form-thank-you\">\n                  <h3>Merci de votre inscription<\/h3>\n                <\/div>\n              <\/form>\n            <\/div>\n          <\/div>\n        <\/div>\n      <\/div>\n    <\/div>\n  <\/div>\n          <\/div>\n        <\/section>\n\n","protected":false},"excerpt":{"rendered":"","protected":false},"author":14,"featured_media":0,"parent":2958,"menu_order":0,"comment_status":"closed","ping_status":"closed","template":"","meta":{"_acf_changed":false,"content-type":"","footnotes":""},"class_list":["post-2914","page","type-page","status-publish","hentry"],"acf":[],"yoast_head":"<!-- This site is optimized with the Yoast SEO plugin v24.8.1 - https:\/\/yoast.com\/wordpress\/plugins\/seo\/ -->\n<title>Wall &amp; Ceiling Installation Systems &amp; Technologies | i4F<\/title>\n<meta name=\"description\" content=\"Les syst\u00e8mes d&#039;installation au mur et au plafond i4F permettent \u00e0 trois niveaux de panneaux de se connecter pour cr\u00e9er des effets 3D et des options de joint variables pour diverses options de conception.\" \/>\n<meta name=\"robots\" content=\"index, follow, max-snippet:-1, max-image-preview:large, max-video-preview:-1\" \/>\n<link rel=\"canonical\" href=\"https:\/\/i4f.com\/fr\/technologies\/wall-ceiling-technology\/\" \/>\n<meta property=\"og:locale\" content=\"fr_FR\" \/>\n<meta property=\"og:type\" content=\"article\" \/>\n<meta property=\"og:title\" content=\"Wall &amp; Ceiling Installation Systems &amp; Technologies | i4F\" \/>\n<meta property=\"og:description\" content=\"Les syst\u00e8mes d&#039;installation au mur et au plafond i4F permettent \u00e0 trois niveaux de panneaux de se connecter pour cr\u00e9er des effets 3D et des options de joint variables pour diverses options de conception.\" \/>\n<meta property=\"og:url\" content=\"https:\/\/i4f.com\/fr\/technologies\/wall-ceiling-technology\/\" \/>\n<meta property=\"og:site_name\" content=\"i4F\" \/>\n<meta property=\"article:modified_time\" content=\"2025-10-01T13:31:19+00:00\" \/>\n<meta name=\"twitter:card\" content=\"summary_large_image\" \/>\n<script type=\"application\/ld+json\" class=\"yoast-schema-graph\">{\"@context\":\"https:\/\/schema.org\",\"@graph\":[{\"@type\":\"WebPage\",\"@id\":\"https:\/\/i4f.com\/fr\/technologies\/wall-ceiling-technology\/\",\"url\":\"https:\/\/i4f.com\/fr\/technologies\/wall-ceiling-technology\/\",\"name\":\"Wall & Ceiling Installation Systems & Technologies | i4F\",\"isPartOf\":{\"@id\":\"https:\/\/i4f.com\/fr\/#website\"},\"datePublished\":\"2021-06-21T12:03:14+00:00\",\"dateModified\":\"2025-10-01T13:31:19+00:00\",\"description\":\"Les syst\u00e8mes d'installation au mur et au plafond i4F permettent \u00e0 trois niveaux de panneaux de se connecter pour cr\u00e9er des effets 3D et des options de joint variables pour diverses options de conception.\",\"breadcrumb\":{\"@id\":\"https:\/\/i4f.com\/fr\/technologies\/wall-ceiling-technology\/#breadcrumb\"},\"inLanguage\":\"fr-FR\",\"potentialAction\":[{\"@type\":\"ReadAction\",\"target\":[\"https:\/\/i4f.com\/fr\/technologies\/wall-ceiling-technology\/\"]}]},{\"@type\":\"BreadcrumbList\",\"@id\":\"https:\/\/i4f.com\/fr\/technologies\/wall-ceiling-technology\/#breadcrumb\",\"itemListElement\":[{\"@type\":\"ListItem\",\"position\":1,\"name\":\"Home\",\"item\":\"https:\/\/i4f.com\/fr\/\"},{\"@type\":\"ListItem\",\"position\":2,\"name\":\"Technologies\",\"item\":\"https:\/\/i4f.com\/fr\/technologies\/\"},{\"@type\":\"ListItem\",\"position\":3,\"name\":\"Technologie murs et plafonds\"}]},{\"@type\":\"WebSite\",\"@id\":\"https:\/\/i4f.com\/fr\/#website\",\"url\":\"https:\/\/i4f.com\/fr\/\",\"name\":\"i4F\",\"description\":\"\",\"potentialAction\":[{\"@type\":\"SearchAction\",\"target\":{\"@type\":\"EntryPoint\",\"urlTemplate\":\"https:\/\/i4f.com\/fr\/?s={search_term_string}\"},\"query-input\":{\"@type\":\"PropertyValueSpecification\",\"valueRequired\":true,\"valueName\":\"search_term_string\"}}],\"inLanguage\":\"fr-FR\"}]}<\/script>\n<!-- \/ Yoast SEO plugin. -->","yoast_head_json":{"title":"Wall & Ceiling Installation Systems & Technologies | i4F","description":"Les syst\u00e8mes d'installation au mur et au plafond i4F permettent \u00e0 trois niveaux de panneaux de se connecter pour cr\u00e9er des effets 3D et des options de joint variables pour diverses options de conception.","robots":{"index":"index","follow":"follow","max-snippet":"max-snippet:-1","max-image-preview":"max-image-preview:large","max-video-preview":"max-video-preview:-1"},"canonical":"https:\/\/i4f.com\/fr\/technologies\/wall-ceiling-technology\/","og_locale":"fr_FR","og_type":"article","og_title":"Wall & Ceiling Installation Systems & Technologies | i4F","og_description":"Les syst\u00e8mes d'installation au mur et au plafond i4F permettent \u00e0 trois niveaux de panneaux de se connecter pour cr\u00e9er des effets 3D et des options de joint variables pour diverses options de conception.","og_url":"https:\/\/i4f.com\/fr\/technologies\/wall-ceiling-technology\/","og_site_name":"i4F","article_modified_time":"2025-10-01T13:31:19+00:00","twitter_card":"summary_large_image","schema":{"@context":"https:\/\/schema.org","@graph":[{"@type":"WebPage","@id":"https:\/\/i4f.com\/fr\/technologies\/wall-ceiling-technology\/","url":"https:\/\/i4f.com\/fr\/technologies\/wall-ceiling-technology\/","name":"Wall & Ceiling Installation Systems & Technologies | i4F","isPartOf":{"@id":"https:\/\/i4f.com\/fr\/#website"},"datePublished":"2021-06-21T12:03:14+00:00","dateModified":"2025-10-01T13:31:19+00:00","description":"Les syst\u00e8mes d'installation au mur et au plafond i4F permettent \u00e0 trois niveaux de panneaux de se connecter pour cr\u00e9er des effets 3D et des options de joint variables pour diverses options de conception.","breadcrumb":{"@id":"https:\/\/i4f.com\/fr\/technologies\/wall-ceiling-technology\/#breadcrumb"},"inLanguage":"fr-FR","potentialAction":[{"@type":"ReadAction","target":["https:\/\/i4f.com\/fr\/technologies\/wall-ceiling-technology\/"]}]},{"@type":"BreadcrumbList","@id":"https:\/\/i4f.com\/fr\/technologies\/wall-ceiling-technology\/#breadcrumb","itemListElement":[{"@type":"ListItem","position":1,"name":"Home","item":"https:\/\/i4f.com\/fr\/"},{"@type":"ListItem","position":2,"name":"Technologies","item":"https:\/\/i4f.com\/fr\/technologies\/"},{"@type":"ListItem","position":3,"name":"Technologie murs et plafonds"}]},{"@type":"WebSite","@id":"https:\/\/i4f.com\/fr\/#website","url":"https:\/\/i4f.com\/fr\/","name":"i4F","description":"","potentialAction":[{"@type":"SearchAction","target":{"@type":"EntryPoint","urlTemplate":"https:\/\/i4f.com\/fr\/?s={search_term_string}"},"query-input":{"@type":"PropertyValueSpecification","valueRequired":true,"valueName":"search_term_string"}}],"inLanguage":"fr-FR"}]}},"_links":{"self":[{"href":"https:\/\/i4f.com\/fr\/wp-json\/wp\/v2\/pages\/2914","targetHints":{"allow":["GET"]}}],"collection":[{"href":"https:\/\/i4f.com\/fr\/wp-json\/wp\/v2\/pages"}],"about":[{"href":"https:\/\/i4f.com\/fr\/wp-json\/wp\/v2\/types\/page"}],"author":[{"embeddable":true,"href":"https:\/\/i4f.com\/fr\/wp-json\/wp\/v2\/users\/14"}],"replies":[{"embeddable":true,"href":"https:\/\/i4f.com\/fr\/wp-json\/wp\/v2\/comments?post=2914"}],"version-history":[{"count":12,"href":"https:\/\/i4f.com\/fr\/wp-json\/wp\/v2\/pages\/2914\/revisions"}],"predecessor-version":[{"id":9443,"href":"https:\/\/i4f.com\/fr\/wp-json\/wp\/v2\/pages\/2914\/revisions\/9443"}],"up":[{"embeddable":true,"href":"https:\/\/i4f.com\/fr\/wp-json\/wp\/v2\/pages\/2958"}],"wp:attachment":[{"href":"https:\/\/i4f.com\/fr\/wp-json\/wp\/v2\/media?parent=2914"}],"curies":[{"name":"wp","href":"https:\/\/api.w.org\/{rel}","templated":true}]}}