{"id":9657,"date":"2025-10-01T08:03:52","date_gmt":"2025-10-01T08:03:52","guid":{"rendered":"https:\/\/i4f.com\/technologies\/stair-tread-technologies\/"},"modified":"2025-10-31T12:10:46","modified_gmt":"2025-10-31T12:10:46","slug":"stair-tread-technologies","status":"publish","type":"page","link":"https:\/\/i4f.com\/de\/technologies\/stair-tread-technologies\/","title":{"rendered":"Stair Tread Technologies"},"content":{"rendered":"        <section class=\"block hero\" id=\"block_68f7978fb6414\">\n          <div class=\"hero-content\" style=\"background-image: url('https:\/\/i4f.com\/app\/uploads\/2025\/10\/Projekt-bez-nazwy-2025-10-01T095929.550.png')\">\n                              <img loading=\"lazy\" decoding=\"async\" src=\"https:\/\/i4f.com\/app\/uploads\/2025\/10\/Projekt-bez-nazwy-2025-10-01T095929.550-1080x820.png\" alt=\"Einzigartig biegsame, nahtlose Einteiler-Treppenstufen-Technologie\"\n         srcset=\"https:\/\/i4f.com\/app\/uploads\/2025\/10\/Projekt-bez-nazwy-2025-10-01T095929.550-350x0-c-default.png 320w,https:\/\/i4f.com\/app\/uploads\/2025\/10\/Projekt-bez-nazwy-2025-10-01T095929.550-1080x820.png 640w, https:\/\/i4f.com\/app\/uploads\/2025\/10\/Projekt-bez-nazwy-2025-10-01T095929.550.png 1024w\"\n         sizes=\"auto, 100vw\" class=\"img-fluid hero-mobile\" width=\"1080\"\n         height=\"820\"\/>\n    \n\n            <div class=\"container\">\n              <div class=\"overlay\"><\/div>\n              <div class=\"row align-items-center\">\n                <div class=\"col-lg-5\">\n                  <div class=\"hero-body\">\n                    <div class=\"hero-logo\">\n                      <img decoding=\"async\" src=\"https:\/\/i4f.com\/app\/uploads\/2025\/10\/i4F-stair-tread-199x50.png\" alt=\"\" \/>\n                    <\/div>\n                    <h1>Einzigartig biegsame, nahtlose Einteiler-Treppenstufen-Technologie<\/h1>\n                    <p>Eine patentierte Schrittabdecktechnologie, die die Montage von Treppenschalungen und Renovierungen einfacher denn je macht. Durch die Zusammenarbeit erh\u00e4lt i4F exklusive Lizenzrechte f\u00fcr die revolution\u00e4re, nahtlose Stufen-Technologie aus einem St\u00fcck, die f\u00fcr hohe Festigkeit, Wasserbest\u00e4ndigkeit, Sicherheit und ein nahtloses Design entwickelt wurde \u2013 vom Boden und den W\u00e4nden bis zu den Treppen. Da die Technologie mit allen Bodenbel\u00e4gen kompatibel ist, profitiert sie von starken Synergien mit der langj\u00e4hrigen, globalen Kundenbasis von i4F in verschiedenen Bodenbelagskategorien.<\/p>\n                    <p class=\"hero-links\">\n                      <a href=\"#Taking-Flooring\" class=\"btn  btn-primary\">Sehen Sie sich unsere Technologien an &nbsp; <svg width=\"24\" height=\"24\" viewBox=\"0 0 24 24\" fill=\"none\" xmlns=\"http:\/\/www.w3.org\/2000\/svg\">\n<path d=\"M12 5V19\" stroke=\"#304757\" stroke-width=\"2\" stroke-linecap=\"round\" stroke-linejoin=\"round\"\/>\n<path d=\"M19 12L12 19L5 12\" stroke=\"#304757\" stroke-width=\"2\" stroke-linecap=\"round\" stroke-linejoin=\"round\"\/>\n<\/svg>\n<\/a>\n                      <a href=\"https:\/\/i4f.com\/contact\/?tab=block_60d3b16e96657-2-form#block_60d3b16596656\" class=\"btn  btn-outline-secondary\">Werden Sie Lizenznehmer<\/a>\n                    <\/p>\n                  <\/div>\n                <\/div>\n                <div class=\"col d-none d-lg-block hero-spacer\">\n                <\/div>\n              <\/div>\n            <\/div>\n          <\/div>\n        <\/section>\n\n        <section class=\"block text-image main align-right overlap\" id=\"block_68f7978fc2166\">\n        <div class=\"container-outer\">\n        <div class=\"block-wrapper\">\n          <div class=\"container\">\n            <div class=\"row align-items-center\">\n            <div class=\"responsive_reverse\">\n<div class=\"col-xl-6 order-xl-2\">\n                <div class=\"txtimg-body\">\n                    <h2>Hohe Strapazierf\u00e4higkeit, rutschfest und wasserabweisend<\/h2>\n                    <p>Die Technologie adressiert die h\u00e4ufigen Herausforderungen herk\u00f6mmlicher Treppenschalungen, insbesondere die Abh\u00e4ngigkeit von unsch\u00f6nen Profilsystemen. Die Stair Tread-Technologie erm\u00f6glicht es Herstellern, \u00e4sthetische Treppen anzubieten, die robust, rutschfest und nahtlos sind, wobei jeder Stufenkopf aus einem einzigen St\u00fcck Material gefertigt wird.<\/p>\n\n\n                <\/div>\n                <div class=\"col-xl-6 order-xl-1\">\n                <div class=\"txtimg-image text-center\">\n                                      <img loading=\"lazy\" decoding=\"async\" src=\"https:\/\/i4f.com\/app\/uploads\/2025\/10\/Rigid-trede-920x518.jpg\" alt=\"\"\n         srcset=\"https:\/\/i4f.com\/app\/uploads\/2025\/10\/Rigid-trede-350x0-c-default.jpg 320w,https:\/\/i4f.com\/app\/uploads\/2025\/10\/Rigid-trede-920x518.jpg 640w, https:\/\/i4f.com\/app\/uploads\/2025\/10\/Rigid-trede-1840x1036.jpg 1024w\"\n         sizes=\"auto, 100vw\" class=\"img-fluid\" width=\"920\"\n         height=\"518\"\/>\n    \n\n                <\/div>\n                <\/div>\n              <\/div>\n                  <\/div>\n                <\/div>\n              <\/div>  \n            <\/div>\n              <div class=\"responsive_default align-items-center\">\n                <div class=\"col-xl-6 order-xl-2\">\n                  <div class=\"txtimg-image text-center\">\n                                      <img loading=\"lazy\" decoding=\"async\" src=\"https:\/\/i4f.com\/app\/uploads\/2025\/10\/Rigid-trede-920x518.jpg\" alt=\"\"\n         srcset=\"https:\/\/i4f.com\/app\/uploads\/2025\/10\/Rigid-trede-350x0-c-default.jpg 320w,https:\/\/i4f.com\/app\/uploads\/2025\/10\/Rigid-trede-920x518.jpg 640w, https:\/\/i4f.com\/app\/uploads\/2025\/10\/Rigid-trede-1840x1036.jpg 1024w\"\n         sizes=\"auto, 100vw\" class=\"img-fluid\" width=\"920\"\n         height=\"518\"\/>\n    \n\n                  <\/div>\n                <\/div>\n                <div class=\"col-xl-6 order-xl-1\">\n                  <div class=\"txtimg-body\">\n                    <h2>Hohe Strapazierf\u00e4higkeit, rutschfest und wasserabweisend<\/h2>\n                    <p>Die Technologie adressiert die h\u00e4ufigen Herausforderungen herk\u00f6mmlicher Treppenschalungen, insbesondere die Abh\u00e4ngigkeit von unsch\u00f6nen Profilsystemen. Die Stair Tread-Technologie erm\u00f6glicht es Herstellern, \u00e4sthetische Treppen anzubieten, die robust, rutschfest und nahtlos sind, wobei jeder Stufenkopf aus einem einzigen St\u00fcck Material gefertigt wird.<\/p>\n\n                  <\/div>\n                <\/div>\n              <\/div>\n            <\/div>\n          <\/div>\n        <\/div>\n        <\/div>\n        <\/section>\n\n        <section class=\"block text-image main align-left \" id=\"block_68f7978fc3df6\">\n        <div class=\"container-outer\">\n          <div class=\"container\">\n            <div class=\"row align-items-center\">\n            <div class=\"responsive_reverse\">\n<div class=\"col-xl-7\">\n                <div class=\"txtimg-body\">\n                    <h2>Die Stair Tread-Technologie ist mit allen Bodenbel\u00e4gen kompatibel.<\/h2>\n                    <p>Diese bahnbrechende L\u00f6sung ist mit allen Bodenbel\u00e4gen kompatibel und er\u00f6ffnet somit vielf\u00e4ltige Gestaltungsm\u00f6glichkeiten in Wohn- und Gesch\u00e4ftsbereichen.<\/p>\n\n\n                <\/div>\n                <div class=\"col-xl-5\">\n                <div class=\"txtimg-image text-center\">\n                                      <img loading=\"lazy\" decoding=\"async\" src=\"https:\/\/i4f.com\/app\/uploads\/2025\/10\/VICstairs-PVC-LVT-trapbekleding-traprenovatie-920x518.jpg\" alt=\"\"\n         srcset=\"https:\/\/i4f.com\/app\/uploads\/2025\/10\/VICstairs-PVC-LVT-trapbekleding-traprenovatie-350x0-c-default.jpg 320w,https:\/\/i4f.com\/app\/uploads\/2025\/10\/VICstairs-PVC-LVT-trapbekleding-traprenovatie-920x518.jpg 640w, https:\/\/i4f.com\/app\/uploads\/2025\/10\/VICstairs-PVC-LVT-trapbekleding-traprenovatie-1840x1036.jpg 1024w\"\n         sizes=\"auto, 100vw\" class=\"img-fluid\" width=\"920\"\n         height=\"518\"\/>\n    \n\n                <\/div>\n                <\/div>\n              <\/div>\n                  <\/div>\n                <\/div>\n              <\/div>  \n            <\/div>\n              <div class=\"responsive_default align-items-center\">\n                <div class=\"col-xl-7\">\n                  <div class=\"txtimg-image text-center\">\n                                      <img loading=\"lazy\" decoding=\"async\" src=\"https:\/\/i4f.com\/app\/uploads\/2025\/10\/VICstairs-PVC-LVT-trapbekleding-traprenovatie-920x518.jpg\" alt=\"\"\n         srcset=\"https:\/\/i4f.com\/app\/uploads\/2025\/10\/VICstairs-PVC-LVT-trapbekleding-traprenovatie-350x0-c-default.jpg 320w,https:\/\/i4f.com\/app\/uploads\/2025\/10\/VICstairs-PVC-LVT-trapbekleding-traprenovatie-920x518.jpg 640w, https:\/\/i4f.com\/app\/uploads\/2025\/10\/VICstairs-PVC-LVT-trapbekleding-traprenovatie-1840x1036.jpg 1024w\"\n         sizes=\"auto, 100vw\" class=\"img-fluid\" width=\"920\"\n         height=\"518\"\/>\n    \n\n                  <\/div>\n                <\/div>\n                <div class=\"col-xl-5\">\n                  <div class=\"txtimg-body\">\n                    <h2>Die Stair Tread-Technologie ist mit allen Bodenbel\u00e4gen kompatibel.<\/h2>\n                    <p>Diese bahnbrechende L\u00f6sung ist mit allen Bodenbel\u00e4gen kompatibel und er\u00f6ffnet somit vielf\u00e4ltige Gestaltungsm\u00f6glichkeiten in Wohn- und Gesch\u00e4ftsbereichen.<\/p>\n\n                  <\/div>\n                <\/div>\n              <\/div>\n            <\/div>\n          <\/div>\n        <\/div>\n        <\/section>\n\n        <section class=\"block cta image\" id=\"block_60ddb636d0802\">\n          <div class=\"container\">\n  <div class=\"row\">\n    <div class=\"col-lg-8 offset-lg-2\">\n      <div class=\"cta-bg\">\n        <div class=\"row align-items-center\">\n          <div class=\"col-xl-3\">\n            <div class=\"cta-image\">\n                                <img loading=\"lazy\" decoding=\"async\" src=\"https:\/\/i4f.com\/app\/uploads\/2021\/06\/Newsletter-preview-1-360x370.png\" alt=\"A tablet with a picture of the website\"\n         srcset=\"https:\/\/i4f.com\/app\/uploads\/2021\/06\/Newsletter-preview-1-350x0-c-default.png 320w,https:\/\/i4f.com\/app\/uploads\/2021\/06\/Newsletter-preview-1-360x370.png 640w, https:\/\/i4f.com\/app\/uploads\/2021\/06\/Newsletter-preview-1-716x740.png 1024w\"\n         sizes=\"auto, 100vw\" class=\"img-fluid\" width=\"360\"\n         height=\"370\"\/>\n    \n\n            <\/div>\n          <\/div>\n          <div class=\"col-xl-9\">\n            <div class=\"cta-content\">\n              <h3>Mit i4F auf dem neuesten Stand bleiben<\/h3>\n              <ul>\n                <li>Die neuesten Branchennachrichten direkt in Ihrem Posteingang<\/li>\n                <li>Erfahren Sie mehr \u00fcber unsere Technologien und \u00fcber kommende Veranstaltungen<\/li>\n              <\/ul>\n              <form action=\"\/de\/technologies\/stair-tread-technologies\/#block_60ddb636d0802\" method=\"post\" class=\"form-mailing-list form-process\" data-action=\"subscribe\" data-nonce=\"a3f5e11b43\" data-post-id=\"9657\" novalidate>\n                <div class='form-container'>\n                  <div class=\"alert alert-danger error\"><\/div>\n                  <label for=\"email\">Ihre E-Mail Adresse<\/label>\n                  <div class=\"row g-0 align-items-center\">\n                    <div class=\"col-6\">\n                      <input id=\"email\" name=\"email\" type=\"email\" value=\"\" class=\"form-control\" \/>\n                    <\/div>\n                    <div class=\"col-6\">\n                      <button class=\"btn btn-sm btn-primary\">Halten Sie mich auf dem Laufenden<\/button>\n                    <\/div>\n                  <\/div>\n                <\/div>\n                <div class=\"form-thank-you\">\n                  <h3>Danke f\u00fcr Ihre Anmeldung<\/h3>\n                <\/div>\n              <\/form>\n            <\/div>\n          <\/div>\n        <\/div>\n      <\/div>\n    <\/div>\n  <\/div>\n          <\/div>\n        <\/section>\n\n","protected":false},"excerpt":{"rendered":"","protected":false},"author":6,"featured_media":0,"parent":2930,"menu_order":0,"comment_status":"closed","ping_status":"closed","template":"","meta":{"_acf_changed":false,"content-type":"","footnotes":""},"class_list":["post-9657","page","type-page","status-publish","hentry"],"acf":[],"yoast_head":"<!-- This site is optimized with the Yoast SEO plugin v24.8.1 - https:\/\/yoast.com\/wordpress\/plugins\/seo\/ -->\n<title>\u00dcberblick \u00fcber Treppenstufen-Technologien | i4F<\/title>\n<meta name=\"description\" content=\"i4F erweitert den Innenraum nach au\u00dfen und macht Au\u00dfenbereiche zu Orten wie nie zuvor.\" \/>\n<meta name=\"robots\" content=\"index, follow, max-snippet:-1, max-image-preview:large, max-video-preview:-1\" \/>\n<link rel=\"canonical\" href=\"https:\/\/i4f.com\/de\/technologies\/stair-tread-technologies\/\" \/>\n<meta property=\"og:locale\" content=\"de_DE\" \/>\n<meta property=\"og:type\" content=\"article\" \/>\n<meta property=\"og:title\" content=\"\u00dcberblick \u00fcber Treppenstufen-Technologien | i4F\" \/>\n<meta property=\"og:description\" content=\"i4F erweitert den Innenraum nach au\u00dfen und macht Au\u00dfenbereiche zu Orten wie nie zuvor.\" \/>\n<meta property=\"og:url\" content=\"https:\/\/i4f.com\/de\/technologies\/stair-tread-technologies\/\" \/>\n<meta property=\"og:site_name\" content=\"i4F\" \/>\n<meta property=\"article:modified_time\" content=\"2025-10-31T12:10:46+00:00\" \/>\n<meta name=\"twitter:card\" content=\"summary_large_image\" \/>\n<script type=\"application\/ld+json\" class=\"yoast-schema-graph\">{\"@context\":\"https:\/\/schema.org\",\"@graph\":[{\"@type\":\"WebPage\",\"@id\":\"https:\/\/i4f.com\/de\/technologies\/stair-tread-technologies\/\",\"url\":\"https:\/\/i4f.com\/de\/technologies\/stair-tread-technologies\/\",\"name\":\"\u00dcberblick \u00fcber Treppenstufen-Technologien | i4F\",\"isPartOf\":{\"@id\":\"https:\/\/i4f.com\/de\/#website\"},\"datePublished\":\"2025-10-01T08:03:52+00:00\",\"dateModified\":\"2025-10-31T12:10:46+00:00\",\"description\":\"i4F erweitert den Innenraum nach au\u00dfen und macht Au\u00dfenbereiche zu Orten wie nie zuvor.\",\"breadcrumb\":{\"@id\":\"https:\/\/i4f.com\/de\/technologies\/stair-tread-technologies\/#breadcrumb\"},\"inLanguage\":\"de-DE\",\"potentialAction\":[{\"@type\":\"ReadAction\",\"target\":[\"https:\/\/i4f.com\/de\/technologies\/stair-tread-technologies\/\"]}]},{\"@type\":\"BreadcrumbList\",\"@id\":\"https:\/\/i4f.com\/de\/technologies\/stair-tread-technologies\/#breadcrumb\",\"itemListElement\":[{\"@type\":\"ListItem\",\"position\":1,\"name\":\"Home\",\"item\":\"https:\/\/i4f.com\/de\/\"},{\"@type\":\"ListItem\",\"position\":2,\"name\":\"Technologien\",\"item\":\"https:\/\/i4f.com\/de\/technologies\/\"},{\"@type\":\"ListItem\",\"position\":3,\"name\":\"Stair Tread Technologies\"}]},{\"@type\":\"WebSite\",\"@id\":\"https:\/\/i4f.com\/de\/#website\",\"url\":\"https:\/\/i4f.com\/de\/\",\"name\":\"i4F\",\"description\":\"\",\"potentialAction\":[{\"@type\":\"SearchAction\",\"target\":{\"@type\":\"EntryPoint\",\"urlTemplate\":\"https:\/\/i4f.com\/de\/?s={search_term_string}\"},\"query-input\":{\"@type\":\"PropertyValueSpecification\",\"valueRequired\":true,\"valueName\":\"search_term_string\"}}],\"inLanguage\":\"de-DE\"}]}<\/script>\n<!-- \/ Yoast SEO plugin. -->","yoast_head_json":{"title":"\u00dcberblick \u00fcber Treppenstufen-Technologien | i4F","description":"i4F erweitert den Innenraum nach au\u00dfen und macht Au\u00dfenbereiche zu Orten wie nie zuvor.","robots":{"index":"index","follow":"follow","max-snippet":"max-snippet:-1","max-image-preview":"max-image-preview:large","max-video-preview":"max-video-preview:-1"},"canonical":"https:\/\/i4f.com\/de\/technologies\/stair-tread-technologies\/","og_locale":"de_DE","og_type":"article","og_title":"\u00dcberblick \u00fcber Treppenstufen-Technologien | i4F","og_description":"i4F erweitert den Innenraum nach au\u00dfen und macht Au\u00dfenbereiche zu Orten wie nie zuvor.","og_url":"https:\/\/i4f.com\/de\/technologies\/stair-tread-technologies\/","og_site_name":"i4F","article_modified_time":"2025-10-31T12:10:46+00:00","twitter_card":"summary_large_image","schema":{"@context":"https:\/\/schema.org","@graph":[{"@type":"WebPage","@id":"https:\/\/i4f.com\/de\/technologies\/stair-tread-technologies\/","url":"https:\/\/i4f.com\/de\/technologies\/stair-tread-technologies\/","name":"\u00dcberblick \u00fcber Treppenstufen-Technologien | i4F","isPartOf":{"@id":"https:\/\/i4f.com\/de\/#website"},"datePublished":"2025-10-01T08:03:52+00:00","dateModified":"2025-10-31T12:10:46+00:00","description":"i4F erweitert den Innenraum nach au\u00dfen und macht Au\u00dfenbereiche zu Orten wie nie zuvor.","breadcrumb":{"@id":"https:\/\/i4f.com\/de\/technologies\/stair-tread-technologies\/#breadcrumb"},"inLanguage":"de-DE","potentialAction":[{"@type":"ReadAction","target":["https:\/\/i4f.com\/de\/technologies\/stair-tread-technologies\/"]}]},{"@type":"BreadcrumbList","@id":"https:\/\/i4f.com\/de\/technologies\/stair-tread-technologies\/#breadcrumb","itemListElement":[{"@type":"ListItem","position":1,"name":"Home","item":"https:\/\/i4f.com\/de\/"},{"@type":"ListItem","position":2,"name":"Technologien","item":"https:\/\/i4f.com\/de\/technologies\/"},{"@type":"ListItem","position":3,"name":"Stair Tread Technologies"}]},{"@type":"WebSite","@id":"https:\/\/i4f.com\/de\/#website","url":"https:\/\/i4f.com\/de\/","name":"i4F","description":"","potentialAction":[{"@type":"SearchAction","target":{"@type":"EntryPoint","urlTemplate":"https:\/\/i4f.com\/de\/?s={search_term_string}"},"query-input":{"@type":"PropertyValueSpecification","valueRequired":true,"valueName":"search_term_string"}}],"inLanguage":"de-DE"}]}},"_links":{"self":[{"href":"https:\/\/i4f.com\/de\/wp-json\/wp\/v2\/pages\/9657","targetHints":{"allow":["GET"]}}],"collection":[{"href":"https:\/\/i4f.com\/de\/wp-json\/wp\/v2\/pages"}],"about":[{"href":"https:\/\/i4f.com\/de\/wp-json\/wp\/v2\/types\/page"}],"author":[{"embeddable":true,"href":"https:\/\/i4f.com\/de\/wp-json\/wp\/v2\/users\/6"}],"replies":[{"embeddable":true,"href":"https:\/\/i4f.com\/de\/wp-json\/wp\/v2\/comments?post=9657"}],"version-history":[{"count":1,"href":"https:\/\/i4f.com\/de\/wp-json\/wp\/v2\/pages\/9657\/revisions"}],"predecessor-version":[{"id":9658,"href":"https:\/\/i4f.com\/de\/wp-json\/wp\/v2\/pages\/9657\/revisions\/9658"}],"up":[{"embeddable":true,"href":"https:\/\/i4f.com\/de\/wp-json\/wp\/v2\/pages\/2930"}],"wp:attachment":[{"href":"https:\/\/i4f.com\/de\/wp-json\/wp\/v2\/media?parent=9657"}],"curies":[{"name":"wp","href":"https:\/\/api.w.org\/{rel}","templated":true}]}}