{"id":9652,"date":"2024-01-03T10:44:25","date_gmt":"2024-01-03T10:44:25","guid":{"rendered":"https:\/\/i4f.com\/i4f-clikdek\/"},"modified":"2025-10-31T11:00:50","modified_gmt":"2025-10-31T11:00:50","slug":"i4f-clikdek","status":"publish","type":"page","link":"https:\/\/i4f.com\/de\/i4f-clikdek\/","title":{"rendered":"i4F ClikDek"},"content":{"rendered":"  <section class=\"block landing-hero text-is-white\" id=\"block_68fa345dbe10f\" style=\"background-color: #d1761b\">\n    <div class=\"hero-content\">\n      <div id=\"grad\" class=\"container\">\n      <style>#grad:before { background-image: linear-gradient(90deg, #d1761b 50%, rgba(178, 208, 231, 0));}<\/style>\n        <div class=\"row\">\n          <div class=\"col-lg-6 col-md-6 col-sm-6 col-6\">\n                          <div class=\"hero-logo\">\n                <img decoding=\"async\" src=\"https:\/\/i4f.com\/app\/uploads\/2025\/02\/Projekt-bez-nazwy-32-260x33.png\" alt=\"\"\/>\n              <\/div>\n                      <\/div>\n        \n                     <div class=\"col-lg-6 col-md-6 col-sm-6 d-lg-flex d-md-flex d-sm-flex d-flex col-6 justify-content-end\">\n              <ul class=\"nav-language\">\n                                  <li class=\"nav-link\"><a\n                      href=\"https:\/\/i4f.com\/\">EN<\/a><\/li>\n                                  <li class=\"nav-link active\"><a\n                      href=\"https:\/\/i4f.com\/de\/\">DE<\/a><\/li>\n                                  <li class=\"nav-link\"><a\n                      href=\"https:\/\/i4f.com\/fr\/\">FR<\/a><\/li>\n                                  <li class=\"nav-link\"><a\n                      href=\"https:\/\/i4f.com\/vi\/\">VI<\/a><\/li>\n                                  <li class=\"nav-link\"><a\n                      href=\"https:\/\/i4f.com\/zh-hans\/\">\u4e2d\u6587<\/a><\/li>\n                              <\/ul>\n            <\/div>\n           \n\n          <!-- hardcoded lag menu \n          <div class=\"col-lg-6 col-md-6 col-sm-6 d-lg-flex d-md-flex d-sm-flex d-flex col-6 justify-content-end\">\n            <ul class=\"nav-language\">\n              <li class=\"nav-link active\">\n                <a href=\"https:\/\/i4f.com\/belite\/\">\n                  EN\n                <\/a>\n              <\/li>\n              <li class=\"nav-link\">\n                <a href=\"https:\/\/i4f.com\/zh-hans\/be-lite\/\">\n                  \u4e2d\u6587\n                <\/a>\n              <\/li>  \n            <\/ul>\n          <\/div> -->\n\n        <\/div>\n        <div class=\"hero-bg d-md-none mb-5\"\n             style=\"background-image: url('https:\/\/i4f.com\/app\/uploads\/2025\/04\/outdoor.png')\"><\/div>\n        <div class=\"row align-items-center\">\n          <div class=\"col-lg-6 col-xxl-6 hero-text\">\n            <div class=\"hero-body\">\n                              <h6>Machen Sie Ihre Terrasse f\u00fcr alle einfach zu installieren<\/h6>\n                            <h1>Easy does it!<\/h1>\n\n                              <p>Branchenexperten best\u00e4tigen, dass unsere Smart-Fixing-Click-Technologie, die die Verlegung von Decking so einfach macht, das beste derzeit verf\u00fcgbare System ist. Wir sind uns sicher, dass all Ihre Kunden dem zustimmen.<\/p>\n                            <p class=\"hero-links\">\n                                  <a id=\"hero-block_68fa345dbe10f-cta\" href=\"http:\/\/i4f.com\/contact\" class=\"btn btn-sm btn-primary\">Fordern Sie ein Muster an<\/a>\n                                              <\/p>\n            <\/div>\n          <\/div>\n        <\/div>\n      <\/div>\n      <div id=\"hero-intersection-target\"><\/div>\n    <\/div>\n    <div class=\"hero-bg d-none d-md-block\"\n         style=\"background-image: url('https:\/\/i4f.com\/app\/uploads\/2025\/04\/outdoor.png')\"><\/div>\n  <\/section>\n            <section class=\"block is-hexagon text-image main align-left \" id=\"block_68fa345dbe18e\">\n        <div class=\"container-outer\">\n          <div class=\"container\">\n            <div class=\"row align-items-center\">\n            <div class=\"responsive_reverse\">\n<div class=\"col-xl-7\">\n                <div class=\"txtimg-body\">\n                    <div class=\"logo\">\n                      <img decoding=\"async\" src=\"https:\/\/i4f.com\/app\/uploads\/2025\/02\/Projekt-bez-nazwy-32-260x33.png\" alt=\"\" \/>\n                    <\/div>\n                    <h2><\/h2>\n                    <p data-start=\"0\" data-end=\"280\">i4F ClikDek\u00ae ist i4Fs neue Smart-Fixing-Decking-Technologie, die eine einfache Verlegung erm\u00f6glicht \u2013 bis zu 3-mal schneller als herk\u00f6mmliche Decking-Systeme. Unsere patentierte Smart-Fixing-Methode wird von der Branche aus gutem Grund als das beste verf\u00fcgbare System anerkannt.<\/p>\n\n<p data-start=\"282\" data-end=\"631\">Die schraubenlose Installation mit i4F ClikDek\u00ae ist \u00e4u\u00dferst flexibel und erm\u00f6glicht jederzeit und \u00fcberall schnellen Zugriff. Das unsichtbare Profil sorgt f\u00fcr geringen Wartungsaufwand, da Verluste von Gegenst\u00e4nden zwischen den Paneelen vermieden werden. Gleichzeitig werden die Clips verborgen, was die nahtlose \u00c4sthetik des Deckings unterstreicht.<\/p>\n<ul data-start=\"633\" data-end=\"724\" data-is-last-node=\"\" data-is-only-node=\"\">\n<li data-start=\"633\" data-end=\"661\">\n<p data-start=\"635\" data-end=\"661\">3\u00d7 schneller zu verlegen<\/p>\n<\/li>\n<li data-start=\"662\" data-end=\"685\">\n<p data-start=\"664\" data-end=\"685\">Unsichtbares Profil<\/p>\n<\/li>\n<li data-start=\"686\" data-end=\"706\">\n<p data-start=\"688\" data-end=\"706\">100\u202f% zug\u00e4nglich<\/p>\n<\/li>\n<li data-start=\"707\" data-end=\"724\" data-is-last-node=\"\">\n<p data-start=\"709\" data-end=\"724\" data-is-last-node=\"\">Keine Schrauben<\/p>\n<\/li>\n<\/ul>\n\n\n                <\/div>\n                <div class=\"col-xl-5\">\n                <div class=\"txtimg-image text-center\">\n                                      <img loading=\"lazy\" decoding=\"async\" src=\"https:\/\/i4f.com\/app\/uploads\/2025\/04\/3X-FASTER-SHARK-EDITADA-920x518.png\" alt=\"\"\n         srcset=\"https:\/\/i4f.com\/app\/uploads\/2025\/04\/3X-FASTER-SHARK-EDITADA-350x0-c-default.png 320w,https:\/\/i4f.com\/app\/uploads\/2025\/04\/3X-FASTER-SHARK-EDITADA-920x518.png 640w, https:\/\/i4f.com\/app\/uploads\/2025\/04\/3X-FASTER-SHARK-EDITADA-1840x1036.png 1024w\"\n         sizes=\"auto, 100vw\" class=\"img-fluid\" width=\"920\"\n         height=\"518\"\/>\n    \n\n                <\/div>\n                <\/div>\n              <\/div>\n                  <\/div>\n                <\/div>\n              <\/div>  \n            <\/div>\n              <div class=\"responsive_default align-items-center\">\n                <div class=\"col-xl-7\">\n                  <div class=\"txtimg-image text-center\">\n                                      <img loading=\"lazy\" decoding=\"async\" src=\"https:\/\/i4f.com\/app\/uploads\/2025\/04\/3X-FASTER-SHARK-EDITADA-920x518.png\" alt=\"\"\n         srcset=\"https:\/\/i4f.com\/app\/uploads\/2025\/04\/3X-FASTER-SHARK-EDITADA-350x0-c-default.png 320w,https:\/\/i4f.com\/app\/uploads\/2025\/04\/3X-FASTER-SHARK-EDITADA-920x518.png 640w, https:\/\/i4f.com\/app\/uploads\/2025\/04\/3X-FASTER-SHARK-EDITADA-1840x1036.png 1024w\"\n         sizes=\"auto, 100vw\" class=\"img-fluid\" width=\"920\"\n         height=\"518\"\/>\n    \n\n                  <\/div>\n                <\/div>\n                <div class=\"col-xl-5\">\n                  <div class=\"txtimg-body\">\n                    <div class=\"logo\">\n                      <img decoding=\"async\" src=\"https:\/\/i4f.com\/app\/uploads\/2025\/02\/Projekt-bez-nazwy-32-260x33.png\" alt=\"\" \/>\n                    <\/div>\n                    <h2><\/h2>\n                    <p data-start=\"0\" data-end=\"280\">i4F ClikDek\u00ae ist i4Fs neue Smart-Fixing-Decking-Technologie, die eine einfache Verlegung erm\u00f6glicht \u2013 bis zu 3-mal schneller als herk\u00f6mmliche Decking-Systeme. Unsere patentierte Smart-Fixing-Methode wird von der Branche aus gutem Grund als das beste verf\u00fcgbare System anerkannt.<\/p>\n\n<p data-start=\"282\" data-end=\"631\">Die schraubenlose Installation mit i4F ClikDek\u00ae ist \u00e4u\u00dferst flexibel und erm\u00f6glicht jederzeit und \u00fcberall schnellen Zugriff. Das unsichtbare Profil sorgt f\u00fcr geringen Wartungsaufwand, da Verluste von Gegenst\u00e4nden zwischen den Paneelen vermieden werden. Gleichzeitig werden die Clips verborgen, was die nahtlose \u00c4sthetik des Deckings unterstreicht.<\/p>\n<ul data-start=\"633\" data-end=\"724\" data-is-last-node=\"\" data-is-only-node=\"\">\n<li data-start=\"633\" data-end=\"661\">\n<p data-start=\"635\" data-end=\"661\">3\u00d7 schneller zu verlegen<\/p>\n<\/li>\n<li data-start=\"662\" data-end=\"685\">\n<p data-start=\"664\" data-end=\"685\">Unsichtbares Profil<\/p>\n<\/li>\n<li data-start=\"686\" data-end=\"706\">\n<p data-start=\"688\" data-end=\"706\">100\u202f% zug\u00e4nglich<\/p>\n<\/li>\n<li data-start=\"707\" data-end=\"724\" data-is-last-node=\"\">\n<p data-start=\"709\" data-end=\"724\" data-is-last-node=\"\">Keine Schrauben<\/p>\n<\/li>\n<\/ul>\n\n                  <\/div>\n                <\/div>\n              <\/div>\n            <\/div>\n          <\/div>\n        <\/div>\n        <\/section>\n\n\n<div class=\"wp-block-columns is-layout-flex wp-container-core-columns-is-layout-1 wp-block-columns-is-layout-flex\">\n<div class=\"wp-block-column is-layout-flow wp-block-column-is-layout-flow\">        <section class=\"block text-image main align-right \" id=\"block_68fa345dc1669\">\n        <div class=\"container-outer\">\n          <div class=\"container\">\n            <div class=\"row align-items-center\">\n            <div class=\"responsive_reverse\">\n<div class=\"col-xl-7 order-xl-2\">\n                <div class=\"txtimg-body\">\n                    <div class=\"logo\">\n                      <img decoding=\"async\" src=\"https:\/\/i4f.com\/app\/uploads\/2025\/10\/i4F-ClikDek-Screwlocknew_CMYK.pdf-260x24.jpg\" alt=\"\" \/>\n                    <\/div>\n                    <h2><\/h2>\n                    <p data-start=\"0\" data-end=\"457\">i4F ClikDek\u00ae ScrewLock ist i4Fs neueste Smart-Fixing-Decking-Technologie, die einen einfachen Schraubclip f\u00fcr die Verlegung bietet und gleichzeitig eine beispiellose Zug\u00e4nglichkeit erm\u00f6glicht. Paneele lassen sich m\u00fchelos entfernen und in Sekunden wieder einsetzen. Zudem ist das neue System mit dem unsichtbaren Profil von ClikDek kompatibel, wodurch der Wartungsaufwand reduziert wird, da Verluste von Gegenst\u00e4nden zwischen den Paneelen vermieden werden.<\/p>\n<ul data-start=\"459\" data-end=\"544\" data-is-last-node=\"\" data-is-only-node=\"\">\n<li data-start=\"459\" data-end=\"479\">\n<p data-start=\"461\" data-end=\"479\">100\u202f% zug\u00e4nglich<\/p>\n<\/li>\n<li data-start=\"480\" data-end=\"503\">\n<p data-start=\"482\" data-end=\"503\">Unsichtbares Profil<\/p>\n<\/li>\n<li data-start=\"504\" data-end=\"544\" data-is-last-node=\"\">\n<p data-start=\"506\" data-end=\"544\" data-is-last-node=\"\">Kompatibel mit Holzunterkonstruktionen<\/p>\n<\/li>\n<\/ul>\n\n\n                <\/div>\n                <div class=\"col-xl-5 order-xl-1\">\n                <div class=\"txtimg-image text-center\">\n                                      <img loading=\"lazy\" decoding=\"async\" src=\"https:\/\/i4f.com\/app\/uploads\/2025\/04\/render-wood-joist-920x518.jpg\" alt=\"\"\n         srcset=\"https:\/\/i4f.com\/app\/uploads\/2025\/04\/render-wood-joist-350x0-c-default.jpg 320w,https:\/\/i4f.com\/app\/uploads\/2025\/04\/render-wood-joist-920x518.jpg 640w, https:\/\/i4f.com\/app\/uploads\/2025\/04\/render-wood-joist-1840x1036.jpg 1024w\"\n         sizes=\"auto, 100vw\" class=\"img-fluid\" width=\"920\"\n         height=\"518\"\/>\n    \n\n                <\/div>\n                <\/div>\n              <\/div>\n                  <\/div>\n                <\/div>\n              <\/div>  \n            <\/div>\n              <div class=\"responsive_default align-items-center\">\n                <div class=\"col-xl-7 order-xl-2\">\n                  <div class=\"txtimg-image text-center\">\n                                      <img loading=\"lazy\" decoding=\"async\" src=\"https:\/\/i4f.com\/app\/uploads\/2025\/04\/render-wood-joist-920x518.jpg\" alt=\"\"\n         srcset=\"https:\/\/i4f.com\/app\/uploads\/2025\/04\/render-wood-joist-350x0-c-default.jpg 320w,https:\/\/i4f.com\/app\/uploads\/2025\/04\/render-wood-joist-920x518.jpg 640w, https:\/\/i4f.com\/app\/uploads\/2025\/04\/render-wood-joist-1840x1036.jpg 1024w\"\n         sizes=\"auto, 100vw\" class=\"img-fluid\" width=\"920\"\n         height=\"518\"\/>\n    \n\n                  <\/div>\n                <\/div>\n                <div class=\"col-xl-5 order-xl-1\">\n                  <div class=\"txtimg-body\">\n                    <div class=\"logo\">\n                      <img decoding=\"async\" src=\"https:\/\/i4f.com\/app\/uploads\/2025\/10\/i4F-ClikDek-Screwlocknew_CMYK.pdf-260x24.jpg\" alt=\"\" \/>\n                    <\/div>\n                    <h2><\/h2>\n                    <p data-start=\"0\" data-end=\"457\">i4F ClikDek\u00ae ScrewLock ist i4Fs neueste Smart-Fixing-Decking-Technologie, die einen einfachen Schraubclip f\u00fcr die Verlegung bietet und gleichzeitig eine beispiellose Zug\u00e4nglichkeit erm\u00f6glicht. Paneele lassen sich m\u00fchelos entfernen und in Sekunden wieder einsetzen. Zudem ist das neue System mit dem unsichtbaren Profil von ClikDek kompatibel, wodurch der Wartungsaufwand reduziert wird, da Verluste von Gegenst\u00e4nden zwischen den Paneelen vermieden werden.<\/p>\n<ul data-start=\"459\" data-end=\"544\" data-is-last-node=\"\" data-is-only-node=\"\">\n<li data-start=\"459\" data-end=\"479\">\n<p data-start=\"461\" data-end=\"479\">100\u202f% zug\u00e4nglich<\/p>\n<\/li>\n<li data-start=\"480\" data-end=\"503\">\n<p data-start=\"482\" data-end=\"503\">Unsichtbares Profil<\/p>\n<\/li>\n<li data-start=\"504\" data-end=\"544\" data-is-last-node=\"\">\n<p data-start=\"506\" data-end=\"544\" data-is-last-node=\"\">Kompatibel mit Holzunterkonstruktionen<\/p>\n<\/li>\n<\/ul>\n\n                  <\/div>\n                <\/div>\n              <\/div>\n            <\/div>\n          <\/div>\n        <\/div>\n        <\/section>\n\n<\/div>\n<\/div>\n        <section class=\"block form\" id=\"block_68fa345dc16b5\">\n          <div class=\"container\">\n<div class=\"tab-container\">\n  <button class=\"tab-button\"><\/button>\n  <ul class=\"nav nav-pills rows\" role=\"tablist\">\n      <li class=\"nav-item col-lg-3\" role=\"presentation\">\n      <button class=\"nav-link active\" id=\"block_68fa345dc16b5-1-form\" data-bs-toggle=\"tab\" data-bs-target=\"#block_68fa345dc16b5-1\" type=\"button\" role=\"tab\" aria-controls=\"block_68fa345dc16b5-1\" aria-selected=\"true\"><\/button>\n    <\/li>\n  <\/ul>\n  <div class=\"row\">\n    <div class=\"col-xl-6 offset-xl-3 tab-content\">\n        <div class=\"tab-pane fade show active\" id=\"block_68fa345dc16b5-1\" role=\"tabpanel\" aria-labelledby=\"block_68fa345dc16b5-1-form\">\n        <div class=\"heading text-center\">\n          <p>Um mehr \u00fcber i4F ClikDek zu erfahren und ein Muster zu erhalten, kontaktieren Sie uns bitte \u00fcber das untenstehende Formular.<\/p>\n        <\/div>\n        <div class=\"col-xl-8 offset-xl-2\">\n          <div class=\"form\">\n            <form action=\"\/de\/i4f-clikdek\/#block_68fa345dc16b5-1-form\" method=\"post\" class=\"form-contact form-process\" data-action=\"contact\" data-nonce=\"e3246b30ae\" data-post-id=\"9652\" novalidate>\n              <div class='form-container'>\n                <div class=\"alert alert-danger error\"><\/div>\n                <input type=\"hidden\" name=\"tab\" value=\"block_68fa345dc16b5-1-form\" \/>\n                <input type=\"hidden\" name=\"MMERGE6\" value=\"Lead Form\" \/>\n                <input type=\"hidden\" name=\"required\" value=\"EMAIL\" \/>\n                <input type=\"hidden\" name=\"site\" value=\"\" \/>\n                <h5>Fordern Sie ein Muster an<\/h5>\n                <p>\n                  <label for=\"block_68fa345dc16b5-1-firstname\">Vorname<\/label>\n                  <input id=\"block_68fa345dc16b5-1-firstname\" type=\"text\" name=\"FNAME\" class=\"form-control\" value=\"\" \/>\n                <\/p>\n                <p>\n                  <label for=\"block_68fa345dc16b5-1-lastname\">Nachname<\/label>\n                  <input id=\"block_68fa345dc16b5-1-lastname\" type=\"text\" name=\"LNAME\" class=\"form-control\" value=\"\" \/>\n                <\/p>\n                <p>\n                  <label for=\"block_68fa345dc16b5-1-company\">Firma<\/label>\n                  <input id=\"block_68fa345dc16b5-1-company\" type=\"text\" name=\"MMERGE5\" class=\"form-control\" value=\"\" \/>\n                <\/p>\n                <p>\n                  <label for=\"block_68fa345dc16b5-1-email\">E-Mail<\/label>\n                  <input id=\"block_68fa345dc16b5-1-email\" type=\"text\" name=\"EMAIL\" class=\"form-control\" value=\"\" required\/>\n                <\/p>\n                <p>\n                  <label for=\"block_68fa345dc16b5-1-message\">Nachricht<\/label>\n                  <textarea id=\"block_68fa345dc16b5-1-message\" rows=\"6\" class=\"form-control\" name=\"message\"><\/textarea>\n                <\/p>\n                <p>\n                  <div class=\"form-check\">\n                    <input class=\"form-check-input\" type=\"checkbox\" value=\"1\" name=\"newsletter\" id=\"block_68fa345dc16b5-1-newsletter\">\n                    <label class=\"form-check-label\" for=\"block_68fa345dc16b5-1-newsletter\">Bitte nehmen Sie mich in Ihren Newsletter auf<\/label>\n                  <\/div>\n                <\/p>\n                <p>\n                  <div class=\"form-check\">\n                    <input class=\"form-check-input\" type=\"checkbox\" value=\"Yes\" name=\"gdpr\" id=\"block_68fa345dc16b5-1-dgpr\">\n                    <label class=\"form-check-label\" for=\"block_68fa345dc16b5-1-dgpr\">Ich bin damit einverstanden, dass meine pers\u00f6nlichen Daten von i4F f\u00fcr die Bearbeitung meiner Anfrage verwendet werden<\/label>\n                  <\/div>\n                <\/p>\n                <p class=\"g-recaptcha\" data-sitekey=\"6LeTV38bAAAAAFtfbAsUy3i58iEa5SHcUp9z-jRV\"><\/p>\n                <p>\n                  <button class=\"btn btn-sm btn-primary\">Nachricht senden<\/button>\n                <\/p>\n              <\/div>\n              <div class=\"form-thank-you\">\n                <h3>Danke f\u00fcr Ihre Nachricht<\/h3>\n              <\/div>\n            <\/form>\n          <\/div>\n        <\/div>\n      <\/div>\n    <\/div>\n  <\/div>\n<\/div>\n          <\/div>\n        <\/section>\n\n        <section class=\"block cta image\" id=\"block_60ddb636d0802\">\n          <div class=\"container\">\n  <div class=\"row\">\n    <div class=\"col-lg-8 offset-lg-2\">\n      <div class=\"cta-bg\">\n        <div class=\"row align-items-center\">\n          <div class=\"col-xl-3\">\n            <div class=\"cta-image\">\n                                <img loading=\"lazy\" decoding=\"async\" src=\"https:\/\/i4f.com\/app\/uploads\/2021\/06\/Newsletter-preview-1-360x370.png\" alt=\"A tablet with a picture of the website\"\n         srcset=\"https:\/\/i4f.com\/app\/uploads\/2021\/06\/Newsletter-preview-1-350x0-c-default.png 320w,https:\/\/i4f.com\/app\/uploads\/2021\/06\/Newsletter-preview-1-360x370.png 640w, https:\/\/i4f.com\/app\/uploads\/2021\/06\/Newsletter-preview-1-716x740.png 1024w\"\n         sizes=\"auto, 100vw\" class=\"img-fluid\" width=\"360\"\n         height=\"370\"\/>\n    \n\n            <\/div>\n          <\/div>\n          <div class=\"col-xl-9\">\n            <div class=\"cta-content\">\n              <h3>Mit i4F auf dem neuesten Stand bleiben<\/h3>\n              <ul>\n                <li>Die neuesten Branchennachrichten direkt in Ihrem Posteingang<\/li>\n                <li>Erfahren Sie mehr \u00fcber unsere Technologien und \u00fcber kommende Veranstaltungen<\/li>\n              <\/ul>\n              <form action=\"\/de\/i4f-clikdek\/#block_60ddb636d0802\" method=\"post\" class=\"form-mailing-list form-process\" data-action=\"subscribe\" data-nonce=\"e260c1f830\" data-post-id=\"9652\" novalidate>\n                <div class='form-container'>\n                  <div class=\"alert alert-danger error\"><\/div>\n                  <label for=\"email\">Ihre E-Mail Adresse<\/label>\n                  <div class=\"row g-0 align-items-center\">\n                    <div class=\"col-6\">\n                      <input id=\"email\" name=\"email\" type=\"email\" value=\"\" class=\"form-control\" \/>\n                    <\/div>\n                    <div class=\"col-6\">\n                      <button class=\"btn btn-sm btn-primary\">Halten Sie mich auf dem Laufenden<\/button>\n                    <\/div>\n                  <\/div>\n                <\/div>\n                <div class=\"form-thank-you\">\n                  <h3>Danke f\u00fcr Ihre Anmeldung<\/h3>\n                <\/div>\n              <\/form>\n            <\/div>\n          <\/div>\n        <\/div>\n      <\/div>\n    <\/div>\n  <\/div>\n          <\/div>\n        <\/section>\n\n","protected":false},"excerpt":{"rendered":"","protected":false},"author":6,"featured_media":0,"parent":0,"menu_order":0,"comment_status":"closed","ping_status":"closed","template":"templates\/page-landing.php","meta":{"_acf_changed":false,"content-type":"","footnotes":""},"class_list":["post-9652","page","type-page","status-publish","hentry"],"acf":[],"yoast_head":"<!-- This site is optimized with the Yoast SEO plugin v24.8.1 - https:\/\/yoast.com\/wordpress\/plugins\/seo\/ -->\n<title>i4F ClikDek - i4F<\/title>\n<meta name=\"robots\" content=\"index, follow, max-snippet:-1, max-image-preview:large, max-video-preview:-1\" \/>\n<link rel=\"canonical\" href=\"https:\/\/i4f.com\/de\/i4f-clikdek\/\" \/>\n<meta property=\"og:locale\" content=\"de_DE\" \/>\n<meta property=\"og:type\" content=\"article\" \/>\n<meta property=\"og:title\" content=\"i4F ClikDek - i4F\" \/>\n<meta property=\"og:url\" content=\"https:\/\/i4f.com\/de\/i4f-clikdek\/\" \/>\n<meta property=\"og:site_name\" content=\"i4F\" \/>\n<meta property=\"article:modified_time\" content=\"2025-10-31T11:00:50+00:00\" \/>\n<meta name=\"twitter:card\" content=\"summary_large_image\" \/>\n<script type=\"application\/ld+json\" class=\"yoast-schema-graph\">{\"@context\":\"https:\/\/schema.org\",\"@graph\":[{\"@type\":\"WebPage\",\"@id\":\"https:\/\/i4f.com\/de\/i4f-clikdek\/\",\"url\":\"https:\/\/i4f.com\/de\/i4f-clikdek\/\",\"name\":\"i4F ClikDek - i4F\",\"isPartOf\":{\"@id\":\"https:\/\/i4f.com\/de\/#website\"},\"datePublished\":\"2024-01-03T10:44:25+00:00\",\"dateModified\":\"2025-10-31T11:00:50+00:00\",\"breadcrumb\":{\"@id\":\"https:\/\/i4f.com\/de\/i4f-clikdek\/#breadcrumb\"},\"inLanguage\":\"de-DE\",\"potentialAction\":[{\"@type\":\"ReadAction\",\"target\":[\"https:\/\/i4f.com\/de\/i4f-clikdek\/\"]}]},{\"@type\":\"BreadcrumbList\",\"@id\":\"https:\/\/i4f.com\/de\/i4f-clikdek\/#breadcrumb\",\"itemListElement\":[{\"@type\":\"ListItem\",\"position\":1,\"name\":\"Home\",\"item\":\"https:\/\/i4f.com\/de\/\"},{\"@type\":\"ListItem\",\"position\":2,\"name\":\"i4F ClikDek\"}]},{\"@type\":\"WebSite\",\"@id\":\"https:\/\/i4f.com\/de\/#website\",\"url\":\"https:\/\/i4f.com\/de\/\",\"name\":\"i4F\",\"description\":\"\",\"potentialAction\":[{\"@type\":\"SearchAction\",\"target\":{\"@type\":\"EntryPoint\",\"urlTemplate\":\"https:\/\/i4f.com\/de\/?s={search_term_string}\"},\"query-input\":{\"@type\":\"PropertyValueSpecification\",\"valueRequired\":true,\"valueName\":\"search_term_string\"}}],\"inLanguage\":\"de-DE\"}]}<\/script>\n<!-- \/ Yoast SEO plugin. -->","yoast_head_json":{"title":"i4F ClikDek - i4F","robots":{"index":"index","follow":"follow","max-snippet":"max-snippet:-1","max-image-preview":"max-image-preview:large","max-video-preview":"max-video-preview:-1"},"canonical":"https:\/\/i4f.com\/de\/i4f-clikdek\/","og_locale":"de_DE","og_type":"article","og_title":"i4F ClikDek - i4F","og_url":"https:\/\/i4f.com\/de\/i4f-clikdek\/","og_site_name":"i4F","article_modified_time":"2025-10-31T11:00:50+00:00","twitter_card":"summary_large_image","schema":{"@context":"https:\/\/schema.org","@graph":[{"@type":"WebPage","@id":"https:\/\/i4f.com\/de\/i4f-clikdek\/","url":"https:\/\/i4f.com\/de\/i4f-clikdek\/","name":"i4F ClikDek - i4F","isPartOf":{"@id":"https:\/\/i4f.com\/de\/#website"},"datePublished":"2024-01-03T10:44:25+00:00","dateModified":"2025-10-31T11:00:50+00:00","breadcrumb":{"@id":"https:\/\/i4f.com\/de\/i4f-clikdek\/#breadcrumb"},"inLanguage":"de-DE","potentialAction":[{"@type":"ReadAction","target":["https:\/\/i4f.com\/de\/i4f-clikdek\/"]}]},{"@type":"BreadcrumbList","@id":"https:\/\/i4f.com\/de\/i4f-clikdek\/#breadcrumb","itemListElement":[{"@type":"ListItem","position":1,"name":"Home","item":"https:\/\/i4f.com\/de\/"},{"@type":"ListItem","position":2,"name":"i4F ClikDek"}]},{"@type":"WebSite","@id":"https:\/\/i4f.com\/de\/#website","url":"https:\/\/i4f.com\/de\/","name":"i4F","description":"","potentialAction":[{"@type":"SearchAction","target":{"@type":"EntryPoint","urlTemplate":"https:\/\/i4f.com\/de\/?s={search_term_string}"},"query-input":{"@type":"PropertyValueSpecification","valueRequired":true,"valueName":"search_term_string"}}],"inLanguage":"de-DE"}]}},"_links":{"self":[{"href":"https:\/\/i4f.com\/de\/wp-json\/wp\/v2\/pages\/9652","targetHints":{"allow":["GET"]}}],"collection":[{"href":"https:\/\/i4f.com\/de\/wp-json\/wp\/v2\/pages"}],"about":[{"href":"https:\/\/i4f.com\/de\/wp-json\/wp\/v2\/types\/page"}],"author":[{"embeddable":true,"href":"https:\/\/i4f.com\/de\/wp-json\/wp\/v2\/users\/6"}],"replies":[{"embeddable":true,"href":"https:\/\/i4f.com\/de\/wp-json\/wp\/v2\/comments?post=9652"}],"version-history":[{"count":1,"href":"https:\/\/i4f.com\/de\/wp-json\/wp\/v2\/pages\/9652\/revisions"}],"predecessor-version":[{"id":9653,"href":"https:\/\/i4f.com\/de\/wp-json\/wp\/v2\/pages\/9652\/revisions\/9653"}],"wp:attachment":[{"href":"https:\/\/i4f.com\/de\/wp-json\/wp\/v2\/media?parent=9652"}],"curies":[{"name":"wp","href":"https:\/\/api.w.org\/{rel}","templated":true}]}}