{"id":9649,"date":"2023-01-05T14:27:25","date_gmt":"2023-01-05T14:27:25","guid":{"rendered":"https:\/\/i4f.com\/aquaprotect\/"},"modified":"2025-10-31T10:56:56","modified_gmt":"2025-10-31T10:56:56","slug":"aquaprotect","status":"publish","type":"page","link":"https:\/\/i4f.com\/de\/aquaprotect\/","title":{"rendered":"Aquaprotect"},"content":{"rendered":"  <section class=\"block landing-hero text-is-white\" id=\"block_67c1c80c78b39\" style=\"background-color: #122945\">\n    <div class=\"hero-content\">\n      <div id=\"grad\" class=\"container\">\n      <style>#grad:before { background-image: linear-gradient(90deg, #122945 50%, rgba(178, 208, 231, 0));}<\/style>\n        <div class=\"row\">\n          <div class=\"col-lg-6 col-md-6 col-sm-6 col-6\">\n                          <div class=\"hero-logo\">\n                <img decoding=\"async\" src=\"https:\/\/i4f.com\/app\/uploads\/2025\/02\/i4F-Be-Lite-logo.pdf-1-96x50.png\" alt=\"\"\/>\n              <\/div>\n                      <\/div>\n        \n                     <div class=\"col-lg-6 col-md-6 col-sm-6 d-lg-flex d-md-flex d-sm-flex d-flex col-6 justify-content-end\">\n              <ul class=\"nav-language\">\n                                  <li class=\"nav-link\"><a\n                      href=\"https:\/\/i4f.com\/\">EN<\/a><\/li>\n                                  <li class=\"nav-link active\"><a\n                      href=\"https:\/\/i4f.com\/de\/\">DE<\/a><\/li>\n                                  <li class=\"nav-link\"><a\n                      href=\"https:\/\/i4f.com\/fr\/\">FR<\/a><\/li>\n                                  <li class=\"nav-link\"><a\n                      href=\"https:\/\/i4f.com\/vi\/\">VI<\/a><\/li>\n                                  <li class=\"nav-link\"><a\n                      href=\"https:\/\/i4f.com\/zh-hans\/\">\u4e2d\u6587<\/a><\/li>\n                              <\/ul>\n            <\/div>\n           \n\n          <!-- hardcoded lag menu \n          <div class=\"col-lg-6 col-md-6 col-sm-6 d-lg-flex d-md-flex d-sm-flex d-flex col-6 justify-content-end\">\n            <ul class=\"nav-language\">\n              <li class=\"nav-link active\">\n                <a href=\"https:\/\/i4f.com\/belite\/\">\n                  EN\n                <\/a>\n              <\/li>\n              <li class=\"nav-link\">\n                <a href=\"https:\/\/i4f.com\/zh-hans\/be-lite\/\">\n                  \u4e2d\u6587\n                <\/a>\n              <\/li>  \n            <\/ul>\n          <\/div> -->\n\n        <\/div>\n        <div class=\"hero-bg d-md-none mb-5\"\n             style=\"background-image: url('https:\/\/i4f.com\/app\/uploads\/2023\/01\/background-image-aquaprotect_1.jpg')\"><\/div>\n        <div class=\"row align-items-center\">\n          <div class=\"col-lg-6 col-xxl-6 hero-text\">\n            <div class=\"hero-body\">\n                              <h6>Wasseraufquellungsresistente Impr\u00e4gnierungstechnologie f\u00fcr Laminat<\/h6>\n                            <h1>Aufquellen stoppen.<br data-start=\"19\" data-end=\"22\" \/>Den Spa\u00df nicht.<\/h1>\n\n                              <p><p data-start=\"0\" data-end=\"241\">Machen Sie Wellen auf dem Bodenbelagsmarkt mit der patentierten AquaProtect-Technologie von i4F.<br data-start=\"96\" data-end=\"99\" \/>Die hochpr\u00e4zise Impr\u00e4gnierungstechnologie reduziert das Aufquellen von Laminatplatten erheblich und erh\u00f6ht die Wasserbest\u00e4ndigkeit deutlich.<\/p><br><p data-start=\"243\" data-end=\"372\" data-is-last-node=\"\" data-is-only-node=\"\">Erzielen Sie mit Standard-HDF-Platten Ergebnisse von h\u00f6herer Qualit\u00e4t und lassen Sie Ihre Kunden ihren Boden sorgenfrei genie\u00dfen.<\/p><\/p>\n                            <p class=\"hero-links\">\n                                  <a id=\"hero-block_67c1c80c78b39-cta\" href=\"https:\/\/youtu.be\/oFM-IuHslSc\" class=\"btn btn-sm btn-primary\">Film ansehen<\/a>\n                                              <\/p>\n            <\/div>\n          <\/div>\n        <\/div>\n      <\/div>\n      <div id=\"hero-intersection-target\"><\/div>\n    <\/div>\n    <div class=\"hero-bg d-none d-md-block\"\n         style=\"background-image: url('https:\/\/i4f.com\/app\/uploads\/2023\/01\/background-image-aquaprotect_1.jpg')\"><\/div>\n  <\/section>\n            <section class=\"block is-default text-image main align-right overlap\" id=\"block_67c1c80c78be2\">\n        <div class=\"container-outer\">\n        <div class=\"block-wrapper\">\n          <div class=\"container\">\n            <div class=\"row align-items-center\">\n            <div class=\"responsive_reverse\">\n<div class=\"col-xl-6 order-xl-2\">\n                <div class=\"txtimg-body\">\n                    <h2>Hochpr\u00e4zise Impr\u00e4gnierungstechnologie f\u00fcr Laminat<\/h2>\n                    <p>i4F AquaProtect ist eine hochpr\u00e4zise, ressourcenschonende Impr\u00e4gnierungstechnologie, die HDF-Laminate vor Wasseraufquellen um bis zu 75\u202f% sch\u00fctzt und somit ihre Gesamtwasserbest\u00e4ndigkeit erheblich steigert. Die Technologie tr\u00e4gt einen hydrophoben Impr\u00e4gnierstoff auf, vermeidet unn\u00f6tiges \u00dcberspr\u00fchen und versiegelt die Kanten sowohl von V-Fugen- als auch von nicht V-Fugen-Laminatelementen. Mit AquaProtect behandelte Laminatb\u00f6den erf\u00fcllen alle anerkannten internationalen Standards und Tests zur Wasserbest\u00e4ndigkeit von Laminat, einschlie\u00dflich NALFA und ISO 4760.<\/p>\n\n\n                <\/div>\n                <div class=\"col-xl-6 order-xl-1\">\n                <div class=\"txtimg-image text-center\">\n                                      <img loading=\"lazy\" decoding=\"async\" src=\"https:\/\/i4f.com\/app\/uploads\/2023\/01\/Drop-lock-i-click4U-water-resistant-water-drop-edit-920x518.jpg\" alt=\"Aquaprotect\"\n         srcset=\"https:\/\/i4f.com\/app\/uploads\/2023\/01\/Drop-lock-i-click4U-water-resistant-water-drop-edit-350x0-c-default.jpg 320w,https:\/\/i4f.com\/app\/uploads\/2023\/01\/Drop-lock-i-click4U-water-resistant-water-drop-edit-920x518.jpg 640w, https:\/\/i4f.com\/app\/uploads\/2023\/01\/Drop-lock-i-click4U-water-resistant-water-drop-edit-1840x1036.jpg 1024w\"\n         sizes=\"auto, 100vw\" class=\"img-fluid\" width=\"920\"\n         height=\"518\"\/>\n    \n\n                <\/div>\n                <\/div>\n              <\/div>\n                    <p>\n                        <a href=\"https:\/\/i4f.com\/app\/uploads\/2023\/01\/i4F-leaflet-Aquaprotect-2023_EN.pdf\" class=\"btn  btn-primary\">Faltblatt herunterladen<\/a>\n                        <\/p>\n                  <\/div>\n                <\/div>\n              <\/div>  \n            <\/div>\n              <div class=\"responsive_default align-items-center\">\n                <div class=\"col-xl-6 order-xl-2\">\n                  <div class=\"txtimg-image text-center\">\n                                      <img loading=\"lazy\" decoding=\"async\" src=\"https:\/\/i4f.com\/app\/uploads\/2023\/01\/Drop-lock-i-click4U-water-resistant-water-drop-edit-920x518.jpg\" alt=\"Aquaprotect\"\n         srcset=\"https:\/\/i4f.com\/app\/uploads\/2023\/01\/Drop-lock-i-click4U-water-resistant-water-drop-edit-350x0-c-default.jpg 320w,https:\/\/i4f.com\/app\/uploads\/2023\/01\/Drop-lock-i-click4U-water-resistant-water-drop-edit-920x518.jpg 640w, https:\/\/i4f.com\/app\/uploads\/2023\/01\/Drop-lock-i-click4U-water-resistant-water-drop-edit-1840x1036.jpg 1024w\"\n         sizes=\"auto, 100vw\" class=\"img-fluid\" width=\"920\"\n         height=\"518\"\/>\n    \n\n                  <\/div>\n                <\/div>\n                <div class=\"col-xl-6 order-xl-1\">\n                  <div class=\"txtimg-body\">\n                    <h2>Hochpr\u00e4zise Impr\u00e4gnierungstechnologie f\u00fcr Laminat<\/h2>\n                    <p>i4F AquaProtect ist eine hochpr\u00e4zise, ressourcenschonende Impr\u00e4gnierungstechnologie, die HDF-Laminate vor Wasseraufquellen um bis zu 75\u202f% sch\u00fctzt und somit ihre Gesamtwasserbest\u00e4ndigkeit erheblich steigert. Die Technologie tr\u00e4gt einen hydrophoben Impr\u00e4gnierstoff auf, vermeidet unn\u00f6tiges \u00dcberspr\u00fchen und versiegelt die Kanten sowohl von V-Fugen- als auch von nicht V-Fugen-Laminatelementen. Mit AquaProtect behandelte Laminatb\u00f6den erf\u00fcllen alle anerkannten internationalen Standards und Tests zur Wasserbest\u00e4ndigkeit von Laminat, einschlie\u00dflich NALFA und ISO 4760.<\/p>\n\n                    <p>\n                        <a href=\"https:\/\/i4f.com\/app\/uploads\/2023\/01\/i4F-leaflet-Aquaprotect-2023_EN.pdf\" class=\"btn  btn-primary\">Faltblatt herunterladen<\/a>\n                        <\/p>\n                  <\/div>\n                <\/div>\n              <\/div>\n            <\/div>\n          <\/div>\n        <\/div>\n        <\/div>\n        <\/section>\n\n        <section class=\"block heading center\" id=\"block_67c1c80c78c0b\">\n          <div class=\"container\">\n  <div class=\"row\">\n    <div class=\"col-lg-8 offset-lg-2\">\n      <h2>Film ansehen*<\/h2>\n      <p>*Deutsche und chinesische Versionen auf Anfrage erh\u00e4ltlich<\/p>\n    <\/div>\n  <\/div>\n          <\/div>\n        <\/section>\n\n        <section class=\"block video\" id=\"block_67c1c80c78c2d\">\n          <div class=\"container\">\n  <div class=\"row\">\n      <div class=\"col-md-8 offset-md-2\">\n          <!-- test: not_cn -->\n      <div class=\"video-player\">\n        <div class=\"video-cover\">\n                                     <img loading=\"lazy\" decoding=\"async\" src=\"https:\/\/i4f.com\/app\/uploads\/2023\/01\/00.16-920x518.jpg\" alt=\"Video thumbnail\"\n         srcset=\"https:\/\/i4f.com\/app\/uploads\/2023\/01\/00.16-350x0-c-default.jpg 320w,https:\/\/i4f.com\/app\/uploads\/2023\/01\/00.16-920x518.jpg 640w, https:\/\/i4f.com\/app\/uploads\/2023\/01\/00.16-1840x1036.jpg 1024w\"\n         sizes=\"auto, 100vw\" class=\"img-fluid\" width=\"920\"\n         height=\"518\"\/>\n    \n\n          <button class=\"play-btn\"><svg width=\"75\" height=\"75\" viewBox=\"0 0 75 75\" fill=\"none\" xmlns=\"http:\/\/www.w3.org\/2000\/svg\">\n<circle cx=\"37.0634\" cy=\"37.5633\" r=\"36.5634\" fill=\"url(#paint0_linear)\" stroke=\"white\"\/>\n<path d=\"M28.6621 25.2088L48.4293 38.0574L28.6621 50.9061V25.2088Z\" fill=\"white\"\/>\n<defs>\n<linearGradient id=\"paint0_linear\" x1=\"-2.1099e-06\" y1=\"41.1243\" x2=\"74.1268\" y2=\"41.1243\" gradientUnits=\"userSpaceOnUse\">\n<stop stop-color=\"#465865\"\/>\n<stop offset=\"1\" stop-color=\"#0A0E11\"\/>\n<\/linearGradient>\n<\/defs>\n<\/svg>\n<span>1:33<\/span><\/button>\n        <\/div>\n        <div class=\"ratio ratio-16x9\">\n          <iframe loading=\"lazy\" title=\"i4F AquaProtect: Stop the swelling. Not the fun\" width=\"920\" height=\"518\" src=\"https:\/\/www.youtube.com\/embed\/oFM-IuHslSc?feature=oembed&#038;controls=1&#038;hd=1&#038;autohide=1&#038;rel=0\" frameborder=\"0\" allow=\"accelerometer; autoplay; clipboard-write; encrypted-media; gyroscope; picture-in-picture; web-share\" referrerpolicy=\"strict-origin-when-cross-origin\" allowfullscreen class=\"embed-responsive-item\"><\/iframe>\n        <\/div>\n      <\/div>\n                    \n    <\/div>\n    <\/div>\n          <\/div>\n        <\/section>\n\n        <section class=\"block heading center\" id=\"block_67c1c80c78c58\">\n          <div class=\"container\">\n  <div class=\"row\">\n    <div class=\"col-lg-8 offset-lg-2\">\n      <h2>Deutlich erh\u00f6hte Wasserbest\u00e4ndigkeit<\/h2>\n      <p>AquaProtect ist vollst\u00e4ndig mit bestehenden Laminat-Produktionslinien kompatibel und bietet Produzenten die M\u00f6glichkeit, ihr Angebot mit vergleichsweise geringem Investitionsaufwand erheblich zu verbessern. Die Technologie erreicht die gleiche Feuchtigkeitsbest\u00e4ndigkeit wie Standard-HDF-Laminate mit 20\u202f% h\u00f6herem Harzanteil und funktioniert mit jeder Art von Verriegelungssystem. Die einzigartige Formel des Impr\u00e4gniermittels wird von Riepe geliefert, einem marktf\u00fchrenden Unternehmen f\u00fcr Spritzl\u00f6sungen in der Holzverarbeitungsindustrie, und ist exklusiv f\u00fcr AquaProtect-Lizenznehmer erh\u00e4ltlich.<\/p>\n    <\/div>\n  <\/div>\n          <\/div>\n        <\/section>\n\n        <section class=\"block cta image\" id=\"block_60ddb636d0802\">\n          <div class=\"container\">\n  <div class=\"row\">\n    <div class=\"col-lg-8 offset-lg-2\">\n      <div class=\"cta-bg\">\n        <div class=\"row align-items-center\">\n          <div class=\"col-xl-3\">\n            <div class=\"cta-image\">\n                                <img loading=\"lazy\" decoding=\"async\" src=\"https:\/\/i4f.com\/app\/uploads\/2021\/06\/Newsletter-preview-1-360x370.png\" alt=\"A tablet with a picture of the website\"\n         srcset=\"https:\/\/i4f.com\/app\/uploads\/2021\/06\/Newsletter-preview-1-350x0-c-default.png 320w,https:\/\/i4f.com\/app\/uploads\/2021\/06\/Newsletter-preview-1-360x370.png 640w, https:\/\/i4f.com\/app\/uploads\/2021\/06\/Newsletter-preview-1-716x740.png 1024w\"\n         sizes=\"auto, 100vw\" class=\"img-fluid\" width=\"360\"\n         height=\"370\"\/>\n    \n\n            <\/div>\n          <\/div>\n          <div class=\"col-xl-9\">\n            <div class=\"cta-content\">\n              <h3>Mit i4F auf dem neuesten Stand bleiben<\/h3>\n              <ul>\n                <li>Die neuesten Branchennachrichten direkt in Ihrem Posteingang<\/li>\n                <li>Erfahren Sie mehr \u00fcber unsere Technologien und \u00fcber kommende Veranstaltungen<\/li>\n              <\/ul>\n              <form action=\"\/de\/aquaprotect\/#block_60ddb636d0802\" method=\"post\" class=\"form-mailing-list form-process\" data-action=\"subscribe\" data-nonce=\"e6905b3891\" data-post-id=\"9649\" novalidate>\n                <div class='form-container'>\n                  <div class=\"alert alert-danger error\"><\/div>\n                  <label for=\"email\">Ihre E-Mail Adresse<\/label>\n                  <div class=\"row g-0 align-items-center\">\n                    <div class=\"col-6\">\n                      <input id=\"email\" name=\"email\" type=\"email\" value=\"\" class=\"form-control\" \/>\n                    <\/div>\n                    <div class=\"col-6\">\n                      <button class=\"btn btn-sm btn-primary\">Halten Sie mich auf dem Laufenden<\/button>\n                    <\/div>\n                  <\/div>\n                <\/div>\n                <div class=\"form-thank-you\">\n                  <h3>Danke f\u00fcr Ihre Anmeldung<\/h3>\n                <\/div>\n              <\/form>\n            <\/div>\n          <\/div>\n        <\/div>\n      <\/div>\n    <\/div>\n  <\/div>\n          <\/div>\n        <\/section>\n\n","protected":false},"excerpt":{"rendered":"","protected":false},"author":6,"featured_media":0,"parent":0,"menu_order":0,"comment_status":"closed","ping_status":"closed","template":"templates\/page-landing.php","meta":{"_acf_changed":false,"content-type":"","footnotes":""},"class_list":["post-9649","page","type-page","status-publish","hentry"],"acf":[],"yoast_head":"<!-- This site is optimized with the Yoast SEO plugin v24.8.1 - https:\/\/yoast.com\/wordpress\/plugins\/seo\/ -->\n<title>Aquaprotect - i4F<\/title>\n<meta name=\"robots\" content=\"index, follow, max-snippet:-1, max-image-preview:large, max-video-preview:-1\" \/>\n<link rel=\"canonical\" href=\"https:\/\/i4f.com\/de\/aquaprotect\/\" \/>\n<meta property=\"og:locale\" content=\"de_DE\" \/>\n<meta property=\"og:type\" content=\"article\" \/>\n<meta property=\"og:title\" content=\"Aquaprotect - i4F\" \/>\n<meta property=\"og:url\" content=\"https:\/\/i4f.com\/de\/aquaprotect\/\" \/>\n<meta property=\"og:site_name\" content=\"i4F\" \/>\n<meta property=\"article:modified_time\" content=\"2025-10-31T10:56:56+00:00\" \/>\n<meta name=\"twitter:card\" content=\"summary_large_image\" \/>\n<script type=\"application\/ld+json\" class=\"yoast-schema-graph\">{\"@context\":\"https:\/\/schema.org\",\"@graph\":[{\"@type\":\"WebPage\",\"@id\":\"https:\/\/i4f.com\/de\/aquaprotect\/\",\"url\":\"https:\/\/i4f.com\/de\/aquaprotect\/\",\"name\":\"Aquaprotect - i4F\",\"isPartOf\":{\"@id\":\"https:\/\/i4f.com\/de\/#website\"},\"datePublished\":\"2023-01-05T14:27:25+00:00\",\"dateModified\":\"2025-10-31T10:56:56+00:00\",\"breadcrumb\":{\"@id\":\"https:\/\/i4f.com\/de\/aquaprotect\/#breadcrumb\"},\"inLanguage\":\"de-DE\",\"potentialAction\":[{\"@type\":\"ReadAction\",\"target\":[\"https:\/\/i4f.com\/de\/aquaprotect\/\"]}]},{\"@type\":\"BreadcrumbList\",\"@id\":\"https:\/\/i4f.com\/de\/aquaprotect\/#breadcrumb\",\"itemListElement\":[{\"@type\":\"ListItem\",\"position\":1,\"name\":\"Home\",\"item\":\"https:\/\/i4f.com\/de\/\"},{\"@type\":\"ListItem\",\"position\":2,\"name\":\"Aquaprotect\"}]},{\"@type\":\"WebSite\",\"@id\":\"https:\/\/i4f.com\/de\/#website\",\"url\":\"https:\/\/i4f.com\/de\/\",\"name\":\"i4F\",\"description\":\"\",\"potentialAction\":[{\"@type\":\"SearchAction\",\"target\":{\"@type\":\"EntryPoint\",\"urlTemplate\":\"https:\/\/i4f.com\/de\/?s={search_term_string}\"},\"query-input\":{\"@type\":\"PropertyValueSpecification\",\"valueRequired\":true,\"valueName\":\"search_term_string\"}}],\"inLanguage\":\"de-DE\"}]}<\/script>\n<!-- \/ Yoast SEO plugin. -->","yoast_head_json":{"title":"Aquaprotect - i4F","robots":{"index":"index","follow":"follow","max-snippet":"max-snippet:-1","max-image-preview":"max-image-preview:large","max-video-preview":"max-video-preview:-1"},"canonical":"https:\/\/i4f.com\/de\/aquaprotect\/","og_locale":"de_DE","og_type":"article","og_title":"Aquaprotect - i4F","og_url":"https:\/\/i4f.com\/de\/aquaprotect\/","og_site_name":"i4F","article_modified_time":"2025-10-31T10:56:56+00:00","twitter_card":"summary_large_image","schema":{"@context":"https:\/\/schema.org","@graph":[{"@type":"WebPage","@id":"https:\/\/i4f.com\/de\/aquaprotect\/","url":"https:\/\/i4f.com\/de\/aquaprotect\/","name":"Aquaprotect - i4F","isPartOf":{"@id":"https:\/\/i4f.com\/de\/#website"},"datePublished":"2023-01-05T14:27:25+00:00","dateModified":"2025-10-31T10:56:56+00:00","breadcrumb":{"@id":"https:\/\/i4f.com\/de\/aquaprotect\/#breadcrumb"},"inLanguage":"de-DE","potentialAction":[{"@type":"ReadAction","target":["https:\/\/i4f.com\/de\/aquaprotect\/"]}]},{"@type":"BreadcrumbList","@id":"https:\/\/i4f.com\/de\/aquaprotect\/#breadcrumb","itemListElement":[{"@type":"ListItem","position":1,"name":"Home","item":"https:\/\/i4f.com\/de\/"},{"@type":"ListItem","position":2,"name":"Aquaprotect"}]},{"@type":"WebSite","@id":"https:\/\/i4f.com\/de\/#website","url":"https:\/\/i4f.com\/de\/","name":"i4F","description":"","potentialAction":[{"@type":"SearchAction","target":{"@type":"EntryPoint","urlTemplate":"https:\/\/i4f.com\/de\/?s={search_term_string}"},"query-input":{"@type":"PropertyValueSpecification","valueRequired":true,"valueName":"search_term_string"}}],"inLanguage":"de-DE"}]}},"_links":{"self":[{"href":"https:\/\/i4f.com\/de\/wp-json\/wp\/v2\/pages\/9649","targetHints":{"allow":["GET"]}}],"collection":[{"href":"https:\/\/i4f.com\/de\/wp-json\/wp\/v2\/pages"}],"about":[{"href":"https:\/\/i4f.com\/de\/wp-json\/wp\/v2\/types\/page"}],"author":[{"embeddable":true,"href":"https:\/\/i4f.com\/de\/wp-json\/wp\/v2\/users\/6"}],"replies":[{"embeddable":true,"href":"https:\/\/i4f.com\/de\/wp-json\/wp\/v2\/comments?post=9649"}],"version-history":[{"count":1,"href":"https:\/\/i4f.com\/de\/wp-json\/wp\/v2\/pages\/9649\/revisions"}],"predecessor-version":[{"id":9650,"href":"https:\/\/i4f.com\/de\/wp-json\/wp\/v2\/pages\/9649\/revisions\/9650"}],"wp:attachment":[{"href":"https:\/\/i4f.com\/de\/wp-json\/wp\/v2\/media?parent=9649"}],"curies":[{"name":"wp","href":"https:\/\/api.w.org\/{rel}","templated":true}]}}