{"id":9647,"date":"2022-10-04T11:56:18","date_gmt":"2022-10-04T11:56:18","guid":{"rendered":"https:\/\/i4f.com\/be-lite\/"},"modified":"2025-10-31T10:54:10","modified_gmt":"2025-10-31T10:54:10","slug":"be-lite","status":"publish","type":"page","link":"https:\/\/i4f.com\/de\/be-lite\/","title":{"rendered":"Be-Lite"},"content":{"rendered":"  <section class=\"block landing-hero text-is-white\" id=\"block_67c1c7d23c697\" style=\"background-color: #222b05\">\n    <div class=\"hero-content\">\n      <div id=\"grad\" class=\"container\">\n      <style>#grad:before { background-image: linear-gradient(90deg, #222b05 50%, rgba(178, 208, 231, 0));}<\/style>\n        <div class=\"row\">\n          <div class=\"col-lg-6 col-md-6 col-sm-6 col-6\">\n                          <div class=\"hero-logo\">\n                <img decoding=\"async\" src=\"https:\/\/i4f.com\/app\/uploads\/2025\/02\/i4F-Be-Lite-logo.pdf-2-96x50.png\" alt=\"\"\/>\n              <\/div>\n                      <\/div>\n        \n                     <div class=\"col-lg-6 col-md-6 col-sm-6 d-lg-flex d-md-flex d-sm-flex d-flex col-6 justify-content-end\">\n              <ul class=\"nav-language\">\n                                  <li class=\"nav-link\"><a\n                      href=\"https:\/\/i4f.com\/\">EN<\/a><\/li>\n                                  <li class=\"nav-link active\"><a\n                      href=\"https:\/\/i4f.com\/de\/\">DE<\/a><\/li>\n                                  <li class=\"nav-link\"><a\n                      href=\"https:\/\/i4f.com\/fr\/\">FR<\/a><\/li>\n                                  <li class=\"nav-link\"><a\n                      href=\"https:\/\/i4f.com\/vi\/\">VI<\/a><\/li>\n                                  <li class=\"nav-link\"><a\n                      href=\"https:\/\/i4f.com\/zh-hans\/\">\u4e2d\u6587<\/a><\/li>\n                              <\/ul>\n            <\/div>\n           \n\n          <!-- hardcoded lag menu \n          <div class=\"col-lg-6 col-md-6 col-sm-6 d-lg-flex d-md-flex d-sm-flex d-flex col-6 justify-content-end\">\n            <ul class=\"nav-language\">\n              <li class=\"nav-link active\">\n                <a href=\"https:\/\/i4f.com\/belite\/\">\n                  EN\n                <\/a>\n              <\/li>\n              <li class=\"nav-link\">\n                <a href=\"https:\/\/i4f.com\/zh-hans\/be-lite\/\">\n                  \u4e2d\u6587\n                <\/a>\n              <\/li>  \n            <\/ul>\n          <\/div> -->\n\n        <\/div>\n        <div class=\"hero-bg d-md-none mb-5\"\n             style=\"background-image: url('https:\/\/i4f.com\/app\/uploads\/2022\/08\/ADCEPT-Be-lite-7-Clean-no-logo-only-process-technologies-1-4782x2280.png')\"><\/div>\n        <div class=\"row align-items-center\">\n          <div class=\"col-lg-6 col-xxl-6 hero-text\">\n            <div class=\"hero-body\">\n                              <h6>Der nachhaltigere Weg zur Herstellung von SPC-Paneelen<\/h6>\n                            <h1>Nachhaltige Einsparungen und unglaublich leicht<\/h1>\n\n                              <p>Schon vom Hype um die i4F Be-Lite\u00ae-Technologie geh\u00f6rt? Mit dieser nachhaltigen Methode werden SPC-Paneele unglaublich leicht gefertigt, wodurch der Einsatz von Kernmaterialien um bis zu beeindruckende 20\u202f% reduziert wird. Gleichzeitig sinken die Transportkosten um mindestens 6\u202f% und der CO\u2082-Aussto\u00df wird auf jeder Etappe des Paneel-Lebenswegs \u2013 von der Fabrik bis zur Verlegung \u2013 eingespart.<\/p>\n                            <p class=\"hero-links\">\n                                  <a id=\"hero-block_67c1c7d23c697-cta\" href=\"https:\/\/i4f.com\/app\/uploads\/2022\/09\/04.-folder-Be-Lite-single-pages-online-1.pdf\" class=\"btn btn-sm btn-primary\">Brosch\u00fcre herunterladen<\/a>\n                                              <\/p>\n            <\/div>\n          <\/div>\n        <\/div>\n      <\/div>\n      <div id=\"hero-intersection-target\"><\/div>\n    <\/div>\n    <div class=\"hero-bg d-none d-md-block\"\n         style=\"background-image: url('https:\/\/i4f.com\/app\/uploads\/2022\/08\/ADCEPT-Be-lite-7-Clean-no-logo-only-process-technologies-1-4782x2280.png')\"><\/div>\n  <\/section>\n            <section class=\"block is-default text-image main align-right overlap\" id=\"block_67c1c7d23c6f8\">\n        <div class=\"container-outer\">\n        <div class=\"block-wrapper\">\n          <div class=\"container\">\n            <div class=\"row align-items-center\">\n            <div class=\"responsive_reverse\">\n<div class=\"col-xl-6 order-xl-2\">\n                <div class=\"txtimg-body\">\n                    <h2>Seien Sie bereit, beeindruckt zu sein<\/h2>\n                    <p>i4F Be-Lite\u00ae ist eine neue, patentierte Technologie, die eine deutliche Reduzierung des Einsatzes von SPC-Kernrohmaterialien bei der Herstellung dekorativer Paneele erm\u00f6glicht, ohne die Leistung zu beeintr\u00e4chtigen. Da mit i4F Be-Lite hergestellte SPC-Paneele deutlich leichter sind, sind Herstellung und Transport wesentlich kosteng\u00fcnstiger. Die Technologie verbessert die CO\u2082-Bilanz der Bodenbelagsindustrie erheblich und bleibt f\u00fcr Hersteller attraktiv, da sie gleichzeitig Kosten spart. Das macht einen sp\u00fcrbaren Unterschied und ist ein echter Gewinn f\u00fcr Industrie und Umwelt. i4F Be-Lite\u00ae ist exklusiv \u00fcber eine i4F-Lizenz als Teil des Portfolios nachhaltigkeitsorientierter Fertigungsprozesse verf\u00fcgbar. Die Technologie entstand aus einer Patentpartnerschaft mit CFL Flooring.<\/p>\n\n\n                <\/div>\n                <div class=\"col-xl-6 order-xl-1\">\n                <div class=\"txtimg-image text-center\">\n                                      <img loading=\"lazy\" decoding=\"async\" src=\"https:\/\/i4f.com\/app\/uploads\/2022\/09\/card-showcase-lg.png\" alt=\"\"\n         srcset=\"https:\/\/i4f.com\/app\/uploads\/2022\/09\/card-showcase-lg-350x0-c-default.png 320w,https:\/\/i4f.com\/app\/uploads\/2022\/09\/card-showcase-lg.png 640w, https:\/\/i4f.com\/app\/uploads\/2022\/09\/card-showcase-lg.png 1024w\"\n         sizes=\"auto, 100vw\" class=\"img-fluid\" width=\"764\"\n         height=\"430\"\/>\n    \n\n                <\/div>\n                <\/div>\n              <\/div>\n                    <p>\n                        <a href=\"https:\/\/www.youtube.com\/watch?v=Q6x0_E1m218\" class=\"btn  btn-primary\">Sehen Sie sich die Vorteile an<\/a>\n                          <a href=\"https:\/\/i4f.com\/article\/i4f-be-lite-technology-i4f-and-cfl-flooring-partner-to-deliver-more-sustainable-manufacturing-process-for-spc-panels\/\" class=\"more\">Be-Lite Pressemitteilung<\/a>\n                      <\/p>\n                  <\/div>\n                <\/div>\n              <\/div>  \n            <\/div>\n              <div class=\"responsive_default align-items-center\">\n                <div class=\"col-xl-6 order-xl-2\">\n                  <div class=\"txtimg-image text-center\">\n                                      <img loading=\"lazy\" decoding=\"async\" src=\"https:\/\/i4f.com\/app\/uploads\/2022\/09\/card-showcase-lg.png\" alt=\"\"\n         srcset=\"https:\/\/i4f.com\/app\/uploads\/2022\/09\/card-showcase-lg-350x0-c-default.png 320w,https:\/\/i4f.com\/app\/uploads\/2022\/09\/card-showcase-lg.png 640w, https:\/\/i4f.com\/app\/uploads\/2022\/09\/card-showcase-lg.png 1024w\"\n         sizes=\"auto, 100vw\" class=\"img-fluid\" width=\"764\"\n         height=\"430\"\/>\n    \n\n                  <\/div>\n                <\/div>\n                <div class=\"col-xl-6 order-xl-1\">\n                  <div class=\"txtimg-body\">\n                    <h2>Seien Sie bereit, beeindruckt zu sein<\/h2>\n                    <p>i4F Be-Lite\u00ae ist eine neue, patentierte Technologie, die eine deutliche Reduzierung des Einsatzes von SPC-Kernrohmaterialien bei der Herstellung dekorativer Paneele erm\u00f6glicht, ohne die Leistung zu beeintr\u00e4chtigen. Da mit i4F Be-Lite hergestellte SPC-Paneele deutlich leichter sind, sind Herstellung und Transport wesentlich kosteng\u00fcnstiger. Die Technologie verbessert die CO\u2082-Bilanz der Bodenbelagsindustrie erheblich und bleibt f\u00fcr Hersteller attraktiv, da sie gleichzeitig Kosten spart. Das macht einen sp\u00fcrbaren Unterschied und ist ein echter Gewinn f\u00fcr Industrie und Umwelt. i4F Be-Lite\u00ae ist exklusiv \u00fcber eine i4F-Lizenz als Teil des Portfolios nachhaltigkeitsorientierter Fertigungsprozesse verf\u00fcgbar. Die Technologie entstand aus einer Patentpartnerschaft mit CFL Flooring.<\/p>\n\n                    <p>\n                        <a href=\"https:\/\/www.youtube.com\/watch?v=Q6x0_E1m218\" class=\"btn  btn-primary\">Sehen Sie sich die Vorteile an<\/a>\n                          <a href=\"https:\/\/i4f.com\/article\/i4f-be-lite-technology-i4f-and-cfl-flooring-partner-to-deliver-more-sustainable-manufacturing-process-for-spc-panels\/\" class=\"more\">Be-Lite Pressemitteilung<\/a>\n                      <\/p>\n                  <\/div>\n                <\/div>\n              <\/div>\n            <\/div>\n          <\/div>\n        <\/div>\n        <\/div>\n        <\/section>\n\n        <section class=\"block heading center\" id=\"block_67c1c7d23c729\">\n          <div class=\"container\">\n  <div class=\"row\">\n    <div class=\"col-lg-8 offset-lg-2\">\n      <h2>Worum geht also der ganze Hype?<\/h2>\n      <p>i4F Be-Lite ist eine Thermoform-Technologie, die je nach Kernst\u00e4rke der Paneele und verwendetem i4F Be-Lite-Muster bis zu 20\u202f% weniger Rohmaterial w\u00e4hrend der Herstellung des Paneelkerns einsetzt. Dies unterscheidet sich von anderen bestehenden Materialeinsparungstechniken, die Material erst nach der Paneelproduktion entfernen und recyceln, wodurch zus\u00e4tzliche Kosten und CO\u2082-Emissionen durch Transport und Recycling von Verschnitt entstehen. Die resultierenden, leichteren SPC-Paneele behalten die optimale Leistung bei, w\u00e4hrend sie mindestens 5\u202f% der gesamten Rohmaterialkosten eines Paneels einsparen und die Transportkosten um mindestens 6\u202f% senken.<\/p>\n    <\/div>\n  <\/div>\n          <\/div>\n        <\/section>\n\n        <section class=\"block video\" id=\"block_67c1c7d23c74d\">\n          <div class=\"container\">\n  <div class=\"row\">\n      <div class=\"col-md-8 offset-md-2\">\n          <!-- test: not_cn -->\n      <div class=\"video-player\">\n        <div class=\"video-cover\">\n                                     <img loading=\"lazy\" decoding=\"async\" src=\"https:\/\/i4f.com\/app\/uploads\/2022\/09\/vidthumbnail-920x518.png\" alt=\"Video thumbnail\"\n         srcset=\"https:\/\/i4f.com\/app\/uploads\/2022\/09\/vidthumbnail-350x0-c-default.png 320w,https:\/\/i4f.com\/app\/uploads\/2022\/09\/vidthumbnail-920x518.png 640w, https:\/\/i4f.com\/app\/uploads\/2022\/09\/vidthumbnail.png 1024w\"\n         sizes=\"auto, 100vw\" class=\"img-fluid\" width=\"920\"\n         height=\"518\"\/>\n    \n\n          <button class=\"play-btn\"><svg width=\"75\" height=\"75\" viewBox=\"0 0 75 75\" fill=\"none\" xmlns=\"http:\/\/www.w3.org\/2000\/svg\">\n<circle cx=\"37.0634\" cy=\"37.5633\" r=\"36.5634\" fill=\"url(#paint0_linear)\" stroke=\"white\"\/>\n<path d=\"M28.6621 25.2088L48.4293 38.0574L28.6621 50.9061V25.2088Z\" fill=\"white\"\/>\n<defs>\n<linearGradient id=\"paint0_linear\" x1=\"-2.1099e-06\" y1=\"41.1243\" x2=\"74.1268\" y2=\"41.1243\" gradientUnits=\"userSpaceOnUse\">\n<stop stop-color=\"#465865\"\/>\n<stop offset=\"1\" stop-color=\"#0A0E11\"\/>\n<\/linearGradient>\n<\/defs>\n<\/svg>\n<\/button>\n        <\/div>\n        <div class=\"ratio ratio-16x9\">\n          <iframe loading=\"lazy\" title=\"i4F Be-Lite\u00ae: Sustainable savings and unbeelievably light\" width=\"920\" height=\"518\" src=\"https:\/\/www.youtube.com\/embed\/Q6x0_E1m218?feature=oembed&#038;controls=1&#038;hd=1&#038;autohide=1&#038;rel=0\" frameborder=\"0\" allow=\"accelerometer; autoplay; clipboard-write; encrypted-media; gyroscope; picture-in-picture; web-share\" referrerpolicy=\"strict-origin-when-cross-origin\" allowfullscreen class=\"embed-responsive-item\"><\/iframe>\n        <\/div>\n      <\/div>\n                    \n    <\/div>\n    <\/div>\n          <\/div>\n        <\/section>\n\n        <section class=\"block quote\" id=\"block_67c1c7d23c76a\">\n          <div class=\"container\">\n  <div class=\"row\">\n    <div class=\"col-md-8 offset-md-2\">\n      <p class=\"quote-content\">Weniger Abfall, weniger Kosten, weniger CO\u2082, geringere Auswirkungen<\/p>\n      <div class=\"quote-info d-flex align-items-center\">\n        <div class=\"quote-name\">\n          <p><strong><\/strong><br \/>\n            <\/p>\n        <\/div>\n      <\/div>\n    <\/div>\n  <\/div>\n          <\/div>\n        <\/section>\n\n        <section class=\"block is-default text-image main align-left \" id=\"block_67c1c7d23c796\">\n        <div class=\"container-outer\">\n          <div class=\"container\">\n            <div class=\"row align-items-center\">\n            <div class=\"responsive_reverse\">\n<div class=\"col-xl-7\">\n                <div class=\"txtimg-body\">\n                    <h2>i4F Be-Lite belastet die Umwelt nicht<\/h2>\n                    <p>Der Umstieg auf die i4F Be-Lite\u00ae-Technologie f\u00fcr die nachhaltige Produktion von SPC-Paneelen bringt gro\u00dfe Vorteile bei vergleichsweise geringer Investition. Abh\u00e4ngig von der Produktionsmenge der meisten Hersteller kann sich diese Investition bereits innerhalb von zwei Wochen amortisieren.<\/p>\n\n\n                <\/div>\n                <div class=\"col-xl-5\">\n                <div class=\"txtimg-image text-center\">\n                                      <img loading=\"lazy\" decoding=\"async\" src=\"https:\/\/i4f.com\/app\/uploads\/2025\/02\/i4F-Be-Lite-logo.pdf-2-1-920x518.png\" alt=\"\"\n         srcset=\"https:\/\/i4f.com\/app\/uploads\/2025\/02\/i4F-Be-Lite-logo.pdf-2-1-350x0-c-default.png 320w,https:\/\/i4f.com\/app\/uploads\/2025\/02\/i4F-Be-Lite-logo.pdf-2-1-920x518.png 640w, https:\/\/i4f.com\/app\/uploads\/2025\/02\/i4F-Be-Lite-logo.pdf-2-1.png 1024w\"\n         sizes=\"auto, 100vw\" class=\"img-fluid\" width=\"920\"\n         height=\"518\"\/>\n    \n\n                <\/div>\n                <\/div>\n              <\/div>\n                    <p>\n                        <a href=\"https:\/\/i4f.com\/app\/uploads\/2022\/09\/04.-folder-Be-Lite-single-pages-online-1.pdf\" class=\"btn  btn-primary\">Brosch\u00fcre herunterladen<\/a>\n                        <\/p>\n                  <\/div>\n                <\/div>\n              <\/div>  \n            <\/div>\n              <div class=\"responsive_default align-items-center\">\n                <div class=\"col-xl-7\">\n                  <div class=\"txtimg-image text-center\">\n                                      <img loading=\"lazy\" decoding=\"async\" src=\"https:\/\/i4f.com\/app\/uploads\/2025\/02\/i4F-Be-Lite-logo.pdf-2-1-920x518.png\" alt=\"\"\n         srcset=\"https:\/\/i4f.com\/app\/uploads\/2025\/02\/i4F-Be-Lite-logo.pdf-2-1-350x0-c-default.png 320w,https:\/\/i4f.com\/app\/uploads\/2025\/02\/i4F-Be-Lite-logo.pdf-2-1-920x518.png 640w, https:\/\/i4f.com\/app\/uploads\/2025\/02\/i4F-Be-Lite-logo.pdf-2-1.png 1024w\"\n         sizes=\"auto, 100vw\" class=\"img-fluid\" width=\"920\"\n         height=\"518\"\/>\n    \n\n                  <\/div>\n                <\/div>\n                <div class=\"col-xl-5\">\n                  <div class=\"txtimg-body\">\n                    <h2>i4F Be-Lite belastet die Umwelt nicht<\/h2>\n                    <p>Der Umstieg auf die i4F Be-Lite\u00ae-Technologie f\u00fcr die nachhaltige Produktion von SPC-Paneelen bringt gro\u00dfe Vorteile bei vergleichsweise geringer Investition. Abh\u00e4ngig von der Produktionsmenge der meisten Hersteller kann sich diese Investition bereits innerhalb von zwei Wochen amortisieren.<\/p>\n\n                    <p>\n                        <a href=\"https:\/\/i4f.com\/app\/uploads\/2022\/09\/04.-folder-Be-Lite-single-pages-online-1.pdf\" class=\"btn  btn-primary\">Brosch\u00fcre herunterladen<\/a>\n                        <\/p>\n                  <\/div>\n                <\/div>\n              <\/div>\n            <\/div>\n          <\/div>\n        <\/div>\n        <\/section>\n\n        <section class=\"block cta image\" id=\"block_60ddb636d0802\">\n          <div class=\"container\">\n  <div class=\"row\">\n    <div class=\"col-lg-8 offset-lg-2\">\n      <div class=\"cta-bg\">\n        <div class=\"row align-items-center\">\n          <div class=\"col-xl-3\">\n            <div class=\"cta-image\">\n                                <img loading=\"lazy\" decoding=\"async\" src=\"https:\/\/i4f.com\/app\/uploads\/2021\/06\/Newsletter-preview-1-360x370.png\" alt=\"A tablet with a picture of the website\"\n         srcset=\"https:\/\/i4f.com\/app\/uploads\/2021\/06\/Newsletter-preview-1-350x0-c-default.png 320w,https:\/\/i4f.com\/app\/uploads\/2021\/06\/Newsletter-preview-1-360x370.png 640w, https:\/\/i4f.com\/app\/uploads\/2021\/06\/Newsletter-preview-1-716x740.png 1024w\"\n         sizes=\"auto, 100vw\" class=\"img-fluid\" width=\"360\"\n         height=\"370\"\/>\n    \n\n            <\/div>\n          <\/div>\n          <div class=\"col-xl-9\">\n            <div class=\"cta-content\">\n              <h3>Mit i4F auf dem neuesten Stand bleiben<\/h3>\n              <ul>\n                <li>Die neuesten Branchennachrichten direkt in Ihrem Posteingang<\/li>\n                <li>Erfahren Sie mehr \u00fcber unsere Technologien und \u00fcber kommende Veranstaltungen<\/li>\n              <\/ul>\n              <form action=\"\/de\/be-lite\/#block_60ddb636d0802\" method=\"post\" class=\"form-mailing-list form-process\" data-action=\"subscribe\" data-nonce=\"842435c943\" data-post-id=\"9647\" novalidate>\n                <div class='form-container'>\n                  <div class=\"alert alert-danger error\"><\/div>\n                  <label for=\"email\">Ihre E-Mail Adresse<\/label>\n                  <div class=\"row g-0 align-items-center\">\n                    <div class=\"col-6\">\n                      <input id=\"email\" name=\"email\" type=\"email\" value=\"\" class=\"form-control\" \/>\n                    <\/div>\n                    <div class=\"col-6\">\n                      <button class=\"btn btn-sm btn-primary\">Halten Sie mich auf dem Laufenden<\/button>\n                    <\/div>\n                  <\/div>\n                <\/div>\n                <div class=\"form-thank-you\">\n                  <h3>Danke f\u00fcr Ihre Anmeldung<\/h3>\n                <\/div>\n              <\/form>\n            <\/div>\n          <\/div>\n        <\/div>\n      <\/div>\n    <\/div>\n  <\/div>\n          <\/div>\n        <\/section>\n\n","protected":false},"excerpt":{"rendered":"","protected":false},"author":14,"featured_media":0,"parent":0,"menu_order":0,"comment_status":"closed","ping_status":"closed","template":"templates\/page-landing.php","meta":{"_acf_changed":false,"content-type":"","footnotes":""},"class_list":["post-9647","page","type-page","status-publish","hentry"],"acf":[],"yoast_head":"<!-- This site is optimized with the Yoast SEO plugin v24.8.1 - https:\/\/yoast.com\/wordpress\/plugins\/seo\/ -->\n<title>Be-Lite - i4F<\/title>\n<meta name=\"robots\" content=\"index, follow, max-snippet:-1, max-image-preview:large, max-video-preview:-1\" \/>\n<link rel=\"canonical\" href=\"https:\/\/i4f.com\/de\/be-lite\/\" \/>\n<meta property=\"og:locale\" content=\"de_DE\" \/>\n<meta property=\"og:type\" content=\"article\" \/>\n<meta property=\"og:title\" content=\"Be-Lite - i4F\" \/>\n<meta property=\"og:url\" content=\"https:\/\/i4f.com\/de\/be-lite\/\" \/>\n<meta property=\"og:site_name\" content=\"i4F\" \/>\n<meta property=\"article:modified_time\" content=\"2025-10-31T10:54:10+00:00\" \/>\n<meta name=\"twitter:card\" content=\"summary_large_image\" \/>\n<script type=\"application\/ld+json\" class=\"yoast-schema-graph\">{\"@context\":\"https:\/\/schema.org\",\"@graph\":[{\"@type\":\"WebPage\",\"@id\":\"https:\/\/i4f.com\/de\/be-lite\/\",\"url\":\"https:\/\/i4f.com\/de\/be-lite\/\",\"name\":\"Be-Lite - i4F\",\"isPartOf\":{\"@id\":\"https:\/\/i4f.com\/de\/#website\"},\"datePublished\":\"2022-10-04T11:56:18+00:00\",\"dateModified\":\"2025-10-31T10:54:10+00:00\",\"breadcrumb\":{\"@id\":\"https:\/\/i4f.com\/de\/be-lite\/#breadcrumb\"},\"inLanguage\":\"de-DE\",\"potentialAction\":[{\"@type\":\"ReadAction\",\"target\":[\"https:\/\/i4f.com\/de\/be-lite\/\"]}]},{\"@type\":\"BreadcrumbList\",\"@id\":\"https:\/\/i4f.com\/de\/be-lite\/#breadcrumb\",\"itemListElement\":[{\"@type\":\"ListItem\",\"position\":1,\"name\":\"Home\",\"item\":\"https:\/\/i4f.com\/de\/\"},{\"@type\":\"ListItem\",\"position\":2,\"name\":\"Be-Lite\"}]},{\"@type\":\"WebSite\",\"@id\":\"https:\/\/i4f.com\/de\/#website\",\"url\":\"https:\/\/i4f.com\/de\/\",\"name\":\"i4F\",\"description\":\"\",\"potentialAction\":[{\"@type\":\"SearchAction\",\"target\":{\"@type\":\"EntryPoint\",\"urlTemplate\":\"https:\/\/i4f.com\/de\/?s={search_term_string}\"},\"query-input\":{\"@type\":\"PropertyValueSpecification\",\"valueRequired\":true,\"valueName\":\"search_term_string\"}}],\"inLanguage\":\"de-DE\"}]}<\/script>\n<!-- \/ Yoast SEO plugin. -->","yoast_head_json":{"title":"Be-Lite - i4F","robots":{"index":"index","follow":"follow","max-snippet":"max-snippet:-1","max-image-preview":"max-image-preview:large","max-video-preview":"max-video-preview:-1"},"canonical":"https:\/\/i4f.com\/de\/be-lite\/","og_locale":"de_DE","og_type":"article","og_title":"Be-Lite - i4F","og_url":"https:\/\/i4f.com\/de\/be-lite\/","og_site_name":"i4F","article_modified_time":"2025-10-31T10:54:10+00:00","twitter_card":"summary_large_image","schema":{"@context":"https:\/\/schema.org","@graph":[{"@type":"WebPage","@id":"https:\/\/i4f.com\/de\/be-lite\/","url":"https:\/\/i4f.com\/de\/be-lite\/","name":"Be-Lite - i4F","isPartOf":{"@id":"https:\/\/i4f.com\/de\/#website"},"datePublished":"2022-10-04T11:56:18+00:00","dateModified":"2025-10-31T10:54:10+00:00","breadcrumb":{"@id":"https:\/\/i4f.com\/de\/be-lite\/#breadcrumb"},"inLanguage":"de-DE","potentialAction":[{"@type":"ReadAction","target":["https:\/\/i4f.com\/de\/be-lite\/"]}]},{"@type":"BreadcrumbList","@id":"https:\/\/i4f.com\/de\/be-lite\/#breadcrumb","itemListElement":[{"@type":"ListItem","position":1,"name":"Home","item":"https:\/\/i4f.com\/de\/"},{"@type":"ListItem","position":2,"name":"Be-Lite"}]},{"@type":"WebSite","@id":"https:\/\/i4f.com\/de\/#website","url":"https:\/\/i4f.com\/de\/","name":"i4F","description":"","potentialAction":[{"@type":"SearchAction","target":{"@type":"EntryPoint","urlTemplate":"https:\/\/i4f.com\/de\/?s={search_term_string}"},"query-input":{"@type":"PropertyValueSpecification","valueRequired":true,"valueName":"search_term_string"}}],"inLanguage":"de-DE"}]}},"_links":{"self":[{"href":"https:\/\/i4f.com\/de\/wp-json\/wp\/v2\/pages\/9647","targetHints":{"allow":["GET"]}}],"collection":[{"href":"https:\/\/i4f.com\/de\/wp-json\/wp\/v2\/pages"}],"about":[{"href":"https:\/\/i4f.com\/de\/wp-json\/wp\/v2\/types\/page"}],"author":[{"embeddable":true,"href":"https:\/\/i4f.com\/de\/wp-json\/wp\/v2\/users\/14"}],"replies":[{"embeddable":true,"href":"https:\/\/i4f.com\/de\/wp-json\/wp\/v2\/comments?post=9647"}],"version-history":[{"count":1,"href":"https:\/\/i4f.com\/de\/wp-json\/wp\/v2\/pages\/9647\/revisions"}],"predecessor-version":[{"id":9648,"href":"https:\/\/i4f.com\/de\/wp-json\/wp\/v2\/pages\/9647\/revisions\/9648"}],"wp:attachment":[{"href":"https:\/\/i4f.com\/de\/wp-json\/wp\/v2\/media?parent=9647"}],"curies":[{"name":"wp","href":"https:\/\/api.w.org\/{rel}","templated":true}]}}