{"id":9633,"date":"2024-11-13T13:06:32","date_gmt":"2024-11-13T13:06:32","guid":{"rendered":"https:\/\/i4f.com\/i4f-herringb-one\/"},"modified":"2025-10-31T10:45:42","modified_gmt":"2025-10-31T10:45:42","slug":"i4f-herringb-one","status":"publish","type":"page","link":"https:\/\/i4f.com\/de\/i4f-herringb-one\/","title":{"rendered":"i4F HerringB\/one"},"content":{"rendered":"        <section class=\"block hero\" id=\"block_68d26e58b8621\">\n          <div class=\"hero-content\" style=\"background-image: url('https:\/\/i4f.com\/app\/uploads\/2024\/11\/HerringboneA_Still_06.png')\">\n                              <img loading=\"lazy\" decoding=\"async\" src=\"https:\/\/i4f.com\/app\/uploads\/2024\/11\/HerringboneA_Still_06-1440x820.png\" alt=\"Ein einfaches System, ein Paneel\"\n         srcset=\"https:\/\/i4f.com\/app\/uploads\/2024\/11\/HerringboneA_Still_06-350x0-c-default.png 320w,https:\/\/i4f.com\/app\/uploads\/2024\/11\/HerringboneA_Still_06-1440x820.png 640w, https:\/\/i4f.com\/app\/uploads\/2024\/11\/HerringboneA_Still_06-2880x1640.png 1024w\"\n         sizes=\"auto, 100vw\" class=\"img-fluid hero-mobile\" width=\"1440\"\n         height=\"820\"\/>\n    \n\n            <div class=\"container\">\n              <div class=\"overlay\"><\/div>\n              <div class=\"row align-items-center\">\n                <div class=\"col-lg-5\">\n                  <div class=\"hero-body\">\n                    <div class=\"hero-logo\">\n                      <img decoding=\"async\" src=\"https:\/\/i4f.com\/app\/uploads\/2025\/02\/herringb_one_new-logo-260x41.png\" alt=\"\" \/>\n                    <\/div>\n                    <h1>Ein einfaches System, ein Paneel<\/h1>\n                    <p>i4F HerringB\/ONE ist eine neue, intuitive Verlegetechnologie mit einem einzigen Drop-Lock-Mechanismus f\u00fcr alle Fischgr\u00e4tpaneele. Dadurch entf\u00e4llt das Spiegeln von A- und B-Fischgr\u00e4tpaneelen und es wird der wachsenden Nachfrage nach DIY-freundlichen L\u00f6sungen entsprochen, die eine vereinfachte Installation und unkomplizierten Austausch erm\u00f6glichen. i4F HerringB\/ONE reduziert au\u00dferdem Abfall und optimiert die Fertigung.<\/p>\n                  <\/div>\n                <\/div>\n                <div class=\"col d-none d-lg-block hero-spacer\">\n                <\/div>\n              <\/div>\n            <\/div>\n          <\/div>\n        <\/section>\n\n        <section class=\"block text-image main align-left \" id=\"block_68d26e58c5b28\">\n        <div class=\"container-outer\">\n          <div class=\"container\">\n            <div class=\"row align-items-center\">\n            <div class=\"responsive_reverse\">\n<div class=\"col-xl-7\">\n                <div class=\"txtimg-body\">\n                    <h2>Vereinfachen Sie die Installation von Fischgr\u00e4tmustern in jede Richtung und jeden Raum<\/h2>\n                    <p>Durch den Wegfall der Notwendigkeit, A- und B-Paneele zu spiegeln, bietet das neue HerringB\/ONE Drop-Lock-System von i4F der gesamten Lieferkette Vorteile, indem es Produktionsprozesse und Gesamteffizienz optimiert sowie Verpackungskosten und Abfall reduziert.<\/p>\n\n\n                <\/div>\n                <div class=\"col-xl-5\">\n                <div class=\"txtimg-image text-center\">\n                                      <img loading=\"lazy\" decoding=\"async\" src=\"https:\/\/i4f.com\/app\/uploads\/2024\/11\/i4F_Herringbone_Installation_Still007-920x518.png\" alt=\"\"\n         srcset=\"https:\/\/i4f.com\/app\/uploads\/2024\/11\/i4F_Herringbone_Installation_Still007-350x0-c-default.png 320w,https:\/\/i4f.com\/app\/uploads\/2024\/11\/i4F_Herringbone_Installation_Still007-920x518.png 640w, https:\/\/i4f.com\/app\/uploads\/2024\/11\/i4F_Herringbone_Installation_Still007-1840x1036.png 1024w\"\n         sizes=\"auto, 100vw\" class=\"img-fluid\" width=\"920\"\n         height=\"518\"\/>\n    \n\n                <\/div>\n                <\/div>\n              <\/div>\n                  <\/div>\n                <\/div>\n              <\/div>  \n            <\/div>\n              <div class=\"responsive_default align-items-center\">\n                <div class=\"col-xl-7\">\n                  <div class=\"txtimg-image text-center\">\n                                      <img loading=\"lazy\" decoding=\"async\" src=\"https:\/\/i4f.com\/app\/uploads\/2024\/11\/i4F_Herringbone_Installation_Still007-920x518.png\" alt=\"\"\n         srcset=\"https:\/\/i4f.com\/app\/uploads\/2024\/11\/i4F_Herringbone_Installation_Still007-350x0-c-default.png 320w,https:\/\/i4f.com\/app\/uploads\/2024\/11\/i4F_Herringbone_Installation_Still007-920x518.png 640w, https:\/\/i4f.com\/app\/uploads\/2024\/11\/i4F_Herringbone_Installation_Still007-1840x1036.png 1024w\"\n         sizes=\"auto, 100vw\" class=\"img-fluid\" width=\"920\"\n         height=\"518\"\/>\n    \n\n                  <\/div>\n                <\/div>\n                <div class=\"col-xl-5\">\n                  <div class=\"txtimg-body\">\n                    <h2>Vereinfachen Sie die Installation von Fischgr\u00e4tmustern in jede Richtung und jeden Raum<\/h2>\n                    <p>Durch den Wegfall der Notwendigkeit, A- und B-Paneele zu spiegeln, bietet das neue HerringB\/ONE Drop-Lock-System von i4F der gesamten Lieferkette Vorteile, indem es Produktionsprozesse und Gesamteffizienz optimiert sowie Verpackungskosten und Abfall reduziert.<\/p>\n\n                  <\/div>\n                <\/div>\n              <\/div>\n            <\/div>\n          <\/div>\n        <\/div>\n        <\/section>\n\n        <section class=\"block video\" id=\"block_68d26e58c8b85\">\n          <div class=\"container\">\n  <div class=\"row\">\n      <div class=\"col-md-8 offset-md-2\">\n          <!-- test: not_cn -->\n      <div class=\"video-player\">\n        <div class=\"video-cover\">\n                                     <img loading=\"lazy\" decoding=\"async\" src=\"https:\/\/i4f.com\/app\/uploads\/2024\/11\/i4F_Herringbone_Installation_Still004-920x518.png\" alt=\"Video thumbnail\"\n         srcset=\"https:\/\/i4f.com\/app\/uploads\/2024\/11\/i4F_Herringbone_Installation_Still004-350x0-c-default.png 320w,https:\/\/i4f.com\/app\/uploads\/2024\/11\/i4F_Herringbone_Installation_Still004-920x518.png 640w, https:\/\/i4f.com\/app\/uploads\/2024\/11\/i4F_Herringbone_Installation_Still004-1840x1036.png 1024w\"\n         sizes=\"auto, 100vw\" class=\"img-fluid\" width=\"920\"\n         height=\"518\"\/>\n    \n\n          <button class=\"play-btn\"><svg width=\"75\" height=\"75\" viewBox=\"0 0 75 75\" fill=\"none\" xmlns=\"http:\/\/www.w3.org\/2000\/svg\">\n<circle cx=\"37.0634\" cy=\"37.5633\" r=\"36.5634\" fill=\"url(#paint0_linear)\" stroke=\"white\"\/>\n<path d=\"M28.6621 25.2088L48.4293 38.0574L28.6621 50.9061V25.2088Z\" fill=\"white\"\/>\n<defs>\n<linearGradient id=\"paint0_linear\" x1=\"-2.1099e-06\" y1=\"41.1243\" x2=\"74.1268\" y2=\"41.1243\" gradientUnits=\"userSpaceOnUse\">\n<stop stop-color=\"#465865\"\/>\n<stop offset=\"1\" stop-color=\"#0A0E11\"\/>\n<\/linearGradient>\n<\/defs>\n<\/svg>\n<\/button>\n        <\/div>\n        <div class=\"ratio ratio-16x9\">\n          <iframe loading=\"lazy\" title=\"i4F HerringB\/ONE: How to install?\" width=\"920\" height=\"518\" src=\"https:\/\/www.youtube.com\/embed\/LgT8CkZNW5w?feature=oembed&#038;controls=1&#038;hd=1&#038;autohide=1&#038;rel=0\" frameborder=\"0\" allow=\"accelerometer; autoplay; clipboard-write; encrypted-media; gyroscope; picture-in-picture; web-share\" referrerpolicy=\"strict-origin-when-cross-origin\" allowfullscreen class=\"embed-responsive-item\"><\/iframe>\n        <\/div>\n      <\/div>\n                    \n    <\/div>\n    <\/div>\n          <\/div>\n        <\/section>\n\n        <section class=\"block text-image main align-left \" id=\"block_68d26e58cbb7d\">\n        <div class=\"container-outer\">\n          <div class=\"container\">\n            <div class=\"row align-items-center\">\n            <div class=\"responsive_reverse\">\n<div class=\"col-xl-7\">\n                <div class=\"txtimg-body\">\n                    <h2>Alle profitieren<\/h2>\n                    <p>Hersteller k\u00f6nnen die Produktion optimieren und Kosten f\u00fcr Mehrfachpaneel-Verpackungen, Verpackungsmaterialien und Anleitungen reduzieren. Einzelh\u00e4ndler k\u00f6nnen die steigende Nachfrage nach Fischgr\u00e4tb\u00f6den bedienen, indem sie ein besonders einfaches Verlegesystem anbieten.<\/p>\n\n                    <div class=\"row icons\">\n                      <div class=\"col-md-4\">\n                        <div class=\"item\">\n                          <p><img decoding=\"async\" src=\"https:\/\/i4f.com\/app\/themes\/i4f\/assets\/img\/icon\/Icon__Badge.svg\" \/><\/p>\n                          <p>Intuitive, vereinfachte Verlegung und Austauschm\u00f6glichkeiten<\/p>\n                        <\/div>\n                      <\/div>\n                      <div class=\"col-md-4\">\n                        <div class=\"item\">\n                          <p><img decoding=\"async\" src=\"https:\/\/i4f.com\/app\/themes\/i4f\/assets\/img\/icon\/Icon__Lightbulb.svg\" \/><\/p>\n                          <p>A und B Paneele werden \u00fcberfl\u00fcssig<\/p>\n                        <\/div>\n                      <\/div>\n                      <div class=\"col-md-4\">\n                        <div class=\"item\">\n                          <p><img decoding=\"async\" src=\"https:\/\/i4f.com\/app\/themes\/i4f\/assets\/img\/icon\/Icon__Trophy.svg\" \/><\/p>\n                          <p>Optimiert die Produktion der Hersteller<\/p>\n                        <\/div>\n                      <\/div>\n                      <div class=\"col-md-4\">\n                        <div class=\"item\">\n                          <p><img decoding=\"async\" src=\"https:\/\/i4f.com\/app\/themes\/i4f\/assets\/img\/icon\/Icon__Recycle.svg\" \/><\/p>\n                          <p>Vermeidet zus\u00e4tzliche Kosten f\u00fcr Mehrfachpaneel-Verpackungen<\/p>\n                        <\/div>\n                      <\/div>\n                      <div class=\"col-md-4\">\n                        <div class=\"item\">\n                          <p><img decoding=\"async\" src=\"https:\/\/i4f.com\/app\/themes\/i4f\/assets\/img\/icon\/Icon__Materials.svg\" \/><\/p>\n                          <p>Reduziert Abfall<\/p>\n                        <\/div>\n                      <\/div>\n                      <div class=\"col-md-4\">\n                        <div class=\"item\">\n                          <p><img decoding=\"async\" src=\"https:\/\/i4f.com\/app\/themes\/i4f\/assets\/img\/icon\/Icon__Trophy.svg\" \/><\/p>\n                          <p>Erf\u00fcllt die wachsende Nachfrage nach DIY-freundlichen Bodenl\u00f6sungen<\/p>\n                        <\/div>\n                      <\/div>\n                    <\/div>\n\n                <\/div>\n                <div class=\"col-xl-5\">\n                <div class=\"txtimg-image text-center\">\n                                      <img loading=\"lazy\" decoding=\"async\" src=\"https:\/\/i4f.com\/app\/uploads\/2024\/11\/herringbone-1-920x518.png\" alt=\"\"\n         srcset=\"https:\/\/i4f.com\/app\/uploads\/2024\/11\/herringbone-1-350x0-c-default.png 320w,https:\/\/i4f.com\/app\/uploads\/2024\/11\/herringbone-1-920x518.png 640w, https:\/\/i4f.com\/app\/uploads\/2024\/11\/herringbone-1.png 1024w\"\n         sizes=\"auto, 100vw\" class=\"img-fluid\" width=\"920\"\n         height=\"518\"\/>\n    \n\n                <\/div>\n                <\/div>\n              <\/div>\n                  <\/div>\n                <\/div>\n              <\/div>  \n            <\/div>\n              <div class=\"responsive_default align-items-center\">\n                <div class=\"col-xl-7\">\n                  <div class=\"txtimg-image text-center\">\n                                      <img loading=\"lazy\" decoding=\"async\" src=\"https:\/\/i4f.com\/app\/uploads\/2024\/11\/herringbone-1-920x518.png\" alt=\"\"\n         srcset=\"https:\/\/i4f.com\/app\/uploads\/2024\/11\/herringbone-1-350x0-c-default.png 320w,https:\/\/i4f.com\/app\/uploads\/2024\/11\/herringbone-1-920x518.png 640w, https:\/\/i4f.com\/app\/uploads\/2024\/11\/herringbone-1.png 1024w\"\n         sizes=\"auto, 100vw\" class=\"img-fluid\" width=\"920\"\n         height=\"518\"\/>\n    \n\n                  <\/div>\n                <\/div>\n                <div class=\"col-xl-5\">\n                  <div class=\"txtimg-body\">\n                    <h2>Alle profitieren<\/h2>\n                    <p>Hersteller k\u00f6nnen die Produktion optimieren und Kosten f\u00fcr Mehrfachpaneel-Verpackungen, Verpackungsmaterialien und Anleitungen reduzieren. Einzelh\u00e4ndler k\u00f6nnen die steigende Nachfrage nach Fischgr\u00e4tb\u00f6den bedienen, indem sie ein besonders einfaches Verlegesystem anbieten.<\/p>\n\n                    <div class=\"row icons\">\n                      <div class=\"col-md-4\">\n                        <div class=\"item\">\n                          <p><img decoding=\"async\" src=\"https:\/\/i4f.com\/app\/themes\/i4f\/assets\/img\/icon\/Icon__Badge.svg\" \/><\/p>\n                          <p>Intuitive, vereinfachte Verlegung und Austauschm\u00f6glichkeiten<\/p>\n                        <\/div>\n                      <\/div>\n                      <div class=\"col-md-4\">\n                        <div class=\"item\">\n                          <p><img decoding=\"async\" src=\"https:\/\/i4f.com\/app\/themes\/i4f\/assets\/img\/icon\/Icon__Lightbulb.svg\" \/><\/p>\n                          <p>A und B Paneele werden \u00fcberfl\u00fcssig<\/p>\n                        <\/div>\n                      <\/div>\n                      <div class=\"col-md-4\">\n                        <div class=\"item\">\n                          <p><img decoding=\"async\" src=\"https:\/\/i4f.com\/app\/themes\/i4f\/assets\/img\/icon\/Icon__Trophy.svg\" \/><\/p>\n                          <p>Optimiert die Produktion der Hersteller<\/p>\n                        <\/div>\n                      <\/div>\n                      <div class=\"col-md-4\">\n                        <div class=\"item\">\n                          <p><img decoding=\"async\" src=\"https:\/\/i4f.com\/app\/themes\/i4f\/assets\/img\/icon\/Icon__Recycle.svg\" \/><\/p>\n                          <p>Vermeidet zus\u00e4tzliche Kosten f\u00fcr Mehrfachpaneel-Verpackungen<\/p>\n                        <\/div>\n                      <\/div>\n                      <div class=\"col-md-4\">\n                        <div class=\"item\">\n                          <p><img decoding=\"async\" src=\"https:\/\/i4f.com\/app\/themes\/i4f\/assets\/img\/icon\/Icon__Materials.svg\" \/><\/p>\n                          <p>Reduziert Abfall<\/p>\n                        <\/div>\n                      <\/div>\n                      <div class=\"col-md-4\">\n                        <div class=\"item\">\n                          <p><img decoding=\"async\" src=\"https:\/\/i4f.com\/app\/themes\/i4f\/assets\/img\/icon\/Icon__Trophy.svg\" \/><\/p>\n                          <p>Erf\u00fcllt die wachsende Nachfrage nach DIY-freundlichen Bodenl\u00f6sungen<\/p>\n                        <\/div>\n                      <\/div>\n                    <\/div>\n                  <\/div>\n                <\/div>\n              <\/div>\n            <\/div>\n          <\/div>\n        <\/div>\n        <\/section>\n\n","protected":false},"excerpt":{"rendered":"","protected":false},"author":6,"featured_media":0,"parent":0,"menu_order":0,"comment_status":"closed","ping_status":"closed","template":"","meta":{"_acf_changed":false,"content-type":"","footnotes":""},"class_list":["post-9633","page","type-page","status-publish","hentry"],"acf":[],"yoast_head":"<!-- This site is optimized with the Yoast SEO plugin v24.8.1 - https:\/\/yoast.com\/wordpress\/plugins\/seo\/ -->\n<title>i4F HerringB\/one - i4F<\/title>\n<meta name=\"robots\" content=\"index, follow, max-snippet:-1, max-image-preview:large, max-video-preview:-1\" \/>\n<link rel=\"canonical\" href=\"https:\/\/i4f.com\/de\/i4f-herringb-one\/\" \/>\n<meta property=\"og:locale\" content=\"de_DE\" \/>\n<meta property=\"og:type\" content=\"article\" \/>\n<meta property=\"og:title\" content=\"i4F HerringB\/one - i4F\" \/>\n<meta property=\"og:url\" content=\"https:\/\/i4f.com\/de\/i4f-herringb-one\/\" \/>\n<meta property=\"og:site_name\" content=\"i4F\" \/>\n<meta property=\"article:modified_time\" content=\"2025-10-31T10:45:42+00:00\" \/>\n<meta name=\"twitter:card\" content=\"summary_large_image\" \/>\n<script type=\"application\/ld+json\" class=\"yoast-schema-graph\">{\"@context\":\"https:\/\/schema.org\",\"@graph\":[{\"@type\":\"WebPage\",\"@id\":\"https:\/\/i4f.com\/de\/i4f-herringb-one\/\",\"url\":\"https:\/\/i4f.com\/de\/i4f-herringb-one\/\",\"name\":\"i4F HerringB\/one - i4F\",\"isPartOf\":{\"@id\":\"https:\/\/i4f.com\/de\/#website\"},\"datePublished\":\"2024-11-13T13:06:32+00:00\",\"dateModified\":\"2025-10-31T10:45:42+00:00\",\"breadcrumb\":{\"@id\":\"https:\/\/i4f.com\/de\/i4f-herringb-one\/#breadcrumb\"},\"inLanguage\":\"de-DE\",\"potentialAction\":[{\"@type\":\"ReadAction\",\"target\":[\"https:\/\/i4f.com\/de\/i4f-herringb-one\/\"]}]},{\"@type\":\"BreadcrumbList\",\"@id\":\"https:\/\/i4f.com\/de\/i4f-herringb-one\/#breadcrumb\",\"itemListElement\":[{\"@type\":\"ListItem\",\"position\":1,\"name\":\"Home\",\"item\":\"https:\/\/i4f.com\/de\/\"},{\"@type\":\"ListItem\",\"position\":2,\"name\":\"i4F HerringB\/one\"}]},{\"@type\":\"WebSite\",\"@id\":\"https:\/\/i4f.com\/de\/#website\",\"url\":\"https:\/\/i4f.com\/de\/\",\"name\":\"i4F\",\"description\":\"\",\"potentialAction\":[{\"@type\":\"SearchAction\",\"target\":{\"@type\":\"EntryPoint\",\"urlTemplate\":\"https:\/\/i4f.com\/de\/?s={search_term_string}\"},\"query-input\":{\"@type\":\"PropertyValueSpecification\",\"valueRequired\":true,\"valueName\":\"search_term_string\"}}],\"inLanguage\":\"de-DE\"}]}<\/script>\n<!-- \/ Yoast SEO plugin. -->","yoast_head_json":{"title":"i4F HerringB\/one - i4F","robots":{"index":"index","follow":"follow","max-snippet":"max-snippet:-1","max-image-preview":"max-image-preview:large","max-video-preview":"max-video-preview:-1"},"canonical":"https:\/\/i4f.com\/de\/i4f-herringb-one\/","og_locale":"de_DE","og_type":"article","og_title":"i4F HerringB\/one - i4F","og_url":"https:\/\/i4f.com\/de\/i4f-herringb-one\/","og_site_name":"i4F","article_modified_time":"2025-10-31T10:45:42+00:00","twitter_card":"summary_large_image","schema":{"@context":"https:\/\/schema.org","@graph":[{"@type":"WebPage","@id":"https:\/\/i4f.com\/de\/i4f-herringb-one\/","url":"https:\/\/i4f.com\/de\/i4f-herringb-one\/","name":"i4F HerringB\/one - i4F","isPartOf":{"@id":"https:\/\/i4f.com\/de\/#website"},"datePublished":"2024-11-13T13:06:32+00:00","dateModified":"2025-10-31T10:45:42+00:00","breadcrumb":{"@id":"https:\/\/i4f.com\/de\/i4f-herringb-one\/#breadcrumb"},"inLanguage":"de-DE","potentialAction":[{"@type":"ReadAction","target":["https:\/\/i4f.com\/de\/i4f-herringb-one\/"]}]},{"@type":"BreadcrumbList","@id":"https:\/\/i4f.com\/de\/i4f-herringb-one\/#breadcrumb","itemListElement":[{"@type":"ListItem","position":1,"name":"Home","item":"https:\/\/i4f.com\/de\/"},{"@type":"ListItem","position":2,"name":"i4F HerringB\/one"}]},{"@type":"WebSite","@id":"https:\/\/i4f.com\/de\/#website","url":"https:\/\/i4f.com\/de\/","name":"i4F","description":"","potentialAction":[{"@type":"SearchAction","target":{"@type":"EntryPoint","urlTemplate":"https:\/\/i4f.com\/de\/?s={search_term_string}"},"query-input":{"@type":"PropertyValueSpecification","valueRequired":true,"valueName":"search_term_string"}}],"inLanguage":"de-DE"}]}},"_links":{"self":[{"href":"https:\/\/i4f.com\/de\/wp-json\/wp\/v2\/pages\/9633","targetHints":{"allow":["GET"]}}],"collection":[{"href":"https:\/\/i4f.com\/de\/wp-json\/wp\/v2\/pages"}],"about":[{"href":"https:\/\/i4f.com\/de\/wp-json\/wp\/v2\/types\/page"}],"author":[{"embeddable":true,"href":"https:\/\/i4f.com\/de\/wp-json\/wp\/v2\/users\/6"}],"replies":[{"embeddable":true,"href":"https:\/\/i4f.com\/de\/wp-json\/wp\/v2\/comments?post=9633"}],"version-history":[{"count":1,"href":"https:\/\/i4f.com\/de\/wp-json\/wp\/v2\/pages\/9633\/revisions"}],"predecessor-version":[{"id":9634,"href":"https:\/\/i4f.com\/de\/wp-json\/wp\/v2\/pages\/9633\/revisions\/9634"}],"wp:attachment":[{"href":"https:\/\/i4f.com\/de\/wp-json\/wp\/v2\/media?parent=9633"}],"curies":[{"name":"wp","href":"https:\/\/api.w.org\/{rel}","templated":true}]}}