{"id":9455,"date":"2024-01-02T15:25:50","date_gmt":"2024-01-02T15:25:50","guid":{"rendered":"https:\/\/i4f.com\/technologies\/outdoor-technologien-2\/"},"modified":"2025-10-31T10:57:32","modified_gmt":"2025-10-31T10:57:32","slug":"outdoor-technologien-2","status":"publish","type":"page","link":"https:\/\/i4f.com\/de\/technologies\/outdoor-technologien-2\/","title":{"rendered":"Outdoor-Technologien"},"content":{"rendered":"        <section class=\"block hero\" id=\"block_6863aef0dde2d\">\n          <div class=\"hero-content\" style=\"background-image: url('https:\/\/i4f.com\/app\/uploads\/2024\/01\/shutterstock_2293354445-6000x2280.jpg')\">\n                              <img loading=\"lazy\" decoding=\"async\" src=\"https:\/\/i4f.com\/app\/uploads\/2024\/01\/shutterstock_2293354445-1440x820.jpg\" alt=\"Drau\u00dfen wie nie zuvor\"\n         srcset=\"https:\/\/i4f.com\/app\/uploads\/2024\/01\/shutterstock_2293354445-scaled-350x0-c-default.jpg 320w,https:\/\/i4f.com\/app\/uploads\/2024\/01\/shutterstock_2293354445-1440x820.jpg 640w, https:\/\/i4f.com\/app\/uploads\/2024\/01\/shutterstock_2293354445-2880x1640.jpg 1024w\"\n         sizes=\"auto, 100vw\" class=\"img-fluid hero-mobile\" width=\"1440\"\n         height=\"820\"\/>\n    \n\n            <div class=\"container\">\n              <div class=\"overlay\"><\/div>\n              <div class=\"row align-items-center\">\n                <div class=\"col-lg-5\">\n                  <div class=\"hero-body\">\n                    <div class=\"hero-logo\">\n                      <img decoding=\"async\" src=\"https:\/\/i4f.com\/app\/uploads\/2025\/07\/i4F-Outdoor-Technologies-Cluster-new-logo_aeonik-150x50.png\" alt=\"\" \/>\n                    <\/div>\n                    <h1>Drau\u00dfen wie nie zuvor<\/h1>\n                    <p>Nach Jahren der Bereitstellung innovativer und sinnvoller Technologien, die Innenr\u00e4ume f\u00fcr Leben, Arbeiten und Freizeit ver\u00e4ndern, haben wir beschlossen, unsere Erfahrung und Vision nach drau\u00dfen zu bringen, um Menschen zu bef\u00e4higen, ihre Au\u00dfenbereiche einfach und schnell zu gestalten. Unsere bahnbrechenden Technologien sind darauf ausgelegt, Outdoor-Produkte auf die n\u00e4chste Stufe zu heben.<\/p>\n                    <p class=\"hero-links\">\n                      <a href=\"#Taking-Flooring\" class=\"btn  btn-primary\">Sehen Sie sich unsere Technologien an &nbsp; <svg width=\"24\" height=\"24\" viewBox=\"0 0 24 24\" fill=\"none\" xmlns=\"http:\/\/www.w3.org\/2000\/svg\">\n<path d=\"M12 5V19\" stroke=\"#304757\" stroke-width=\"2\" stroke-linecap=\"round\" stroke-linejoin=\"round\"\/>\n<path d=\"M19 12L12 19L5 12\" stroke=\"#304757\" stroke-width=\"2\" stroke-linecap=\"round\" stroke-linejoin=\"round\"\/>\n<\/svg>\n<\/a>\n                      <a href=\"https:\/\/i4f.com\/contact\/?tab=block_60d3b16e96657-2-form#block_60d3b16596656\" class=\"btn  btn-outline-secondary\">Werden Sie Lizenznehmer<\/a>\n                    <\/p>\n                  <\/div>\n                <\/div>\n                <div class=\"col d-none d-lg-block hero-spacer\">\n                <\/div>\n              <\/div>\n            <\/div>\n          <\/div>\n        <\/section>\n\n        <section class=\"block text-image main align-right overlap\" id=\"block_6863aef0dded9\">\n        <div class=\"container-outer\">\n        <div class=\"block-wrapper\">\n          <div class=\"container\">\n            <div class=\"row align-items-center\">\n            <div class=\"responsive_reverse\">\n<div class=\"col-xl-6 order-xl-2\">\n                <div class=\"txtimg-body\">\n                    <div class=\"logo\">\n                      <img decoding=\"async\" src=\"https:\/\/i4f.com\/app\/uploads\/2025\/02\/Projekt-bez-nazwy-32-260x33.png\" alt=\"\" \/>\n                    <\/div>\n                    <h2>Machen Sie Ihre Terrasse f\u00fcr alle einfach zu installieren<\/h2>\n                    <p>Unsere patentierte Smart-Fixing-Methode wird von der Branche aus mehreren guten Gr\u00fcnden als das beste verf\u00fcgbare System anerkannt. Die Installation mit i4F ClikDek ist dreimal schneller und \u00e4u\u00dferst flexibel, sodass Sie jederzeit und \u00fcberall in Sekundenschnelle Zugang haben. Die mechanische Verriegelung ist stark, aber flexibel, sodass Sie jederzeit zur\u00fcckgehen k\u00f6nnen, und das unsichtbare Profil sorgt f\u00fcr geringen Wartungsaufwand, da der Verlust von Gegenst\u00e4nden zwischen den Paneelen ausgeschlossen ist.<\/p>\n\n\n                <\/div>\n                <div class=\"col-xl-6 order-xl-1\">\n                <div class=\"txtimg-image text-center\">\n                                      <img loading=\"lazy\" decoding=\"async\" src=\"https:\/\/i4f.com\/app\/uploads\/2025\/04\/3X-FASTER-SHARK-EDITADA-920x518.png\" alt=\"\"\n         srcset=\"https:\/\/i4f.com\/app\/uploads\/2025\/04\/3X-FASTER-SHARK-EDITADA-350x0-c-default.png 320w,https:\/\/i4f.com\/app\/uploads\/2025\/04\/3X-FASTER-SHARK-EDITADA-920x518.png 640w, https:\/\/i4f.com\/app\/uploads\/2025\/04\/3X-FASTER-SHARK-EDITADA-1840x1036.png 1024w\"\n         sizes=\"auto, 100vw\" class=\"img-fluid\" width=\"920\"\n         height=\"518\"\/>\n    \n\n                <\/div>\n                <\/div>\n              <\/div>\n                    <p>\n                        <a href=\"https:\/\/i4f.com\/clikdek\/\" class=\"btn  btn-primary\">Erfahren Sie mehr<\/a>\n                        <\/p>\n                  <\/div>\n                <\/div>\n              <\/div>  \n            <\/div>\n              <div class=\"responsive_default align-items-center\">\n                <div class=\"col-xl-6 order-xl-2\">\n                  <div class=\"txtimg-image text-center\">\n                                      <img loading=\"lazy\" decoding=\"async\" src=\"https:\/\/i4f.com\/app\/uploads\/2025\/04\/3X-FASTER-SHARK-EDITADA-920x518.png\" alt=\"\"\n         srcset=\"https:\/\/i4f.com\/app\/uploads\/2025\/04\/3X-FASTER-SHARK-EDITADA-350x0-c-default.png 320w,https:\/\/i4f.com\/app\/uploads\/2025\/04\/3X-FASTER-SHARK-EDITADA-920x518.png 640w, https:\/\/i4f.com\/app\/uploads\/2025\/04\/3X-FASTER-SHARK-EDITADA-1840x1036.png 1024w\"\n         sizes=\"auto, 100vw\" class=\"img-fluid\" width=\"920\"\n         height=\"518\"\/>\n    \n\n                  <\/div>\n                <\/div>\n                <div class=\"col-xl-6 order-xl-1\">\n                  <div class=\"txtimg-body\">\n                    <div class=\"logo\">\n                      <img decoding=\"async\" src=\"https:\/\/i4f.com\/app\/uploads\/2025\/02\/Projekt-bez-nazwy-32-260x33.png\" alt=\"\" \/>\n                    <\/div>\n                    <h2>Machen Sie Ihre Terrasse f\u00fcr alle einfach zu installieren<\/h2>\n                    <p>Unsere patentierte Smart-Fixing-Methode wird von der Branche aus mehreren guten Gr\u00fcnden als das beste verf\u00fcgbare System anerkannt. Die Installation mit i4F ClikDek ist dreimal schneller und \u00e4u\u00dferst flexibel, sodass Sie jederzeit und \u00fcberall in Sekundenschnelle Zugang haben. Die mechanische Verriegelung ist stark, aber flexibel, sodass Sie jederzeit zur\u00fcckgehen k\u00f6nnen, und das unsichtbare Profil sorgt f\u00fcr geringen Wartungsaufwand, da der Verlust von Gegenst\u00e4nden zwischen den Paneelen ausgeschlossen ist.<\/p>\n\n                    <p>\n                        <a href=\"https:\/\/i4f.com\/clikdek\/\" class=\"btn  btn-primary\">Erfahren Sie mehr<\/a>\n                        <\/p>\n                  <\/div>\n                <\/div>\n              <\/div>\n            <\/div>\n          <\/div>\n        <\/div>\n        <\/div>\n        <\/section>\n\n        <section class=\"block cta image\" id=\"block_60ddb636d0802\">\n          <div class=\"container\">\n  <div class=\"row\">\n    <div class=\"col-lg-8 offset-lg-2\">\n      <div class=\"cta-bg\">\n        <div class=\"row align-items-center\">\n          <div class=\"col-xl-3\">\n            <div class=\"cta-image\">\n                                <img loading=\"lazy\" decoding=\"async\" src=\"https:\/\/i4f.com\/app\/uploads\/2021\/06\/Newsletter-preview-1-360x370.png\" alt=\"A tablet with a picture of the website\"\n         srcset=\"https:\/\/i4f.com\/app\/uploads\/2021\/06\/Newsletter-preview-1-350x0-c-default.png 320w,https:\/\/i4f.com\/app\/uploads\/2021\/06\/Newsletter-preview-1-360x370.png 640w, https:\/\/i4f.com\/app\/uploads\/2021\/06\/Newsletter-preview-1-716x740.png 1024w\"\n         sizes=\"auto, 100vw\" class=\"img-fluid\" width=\"360\"\n         height=\"370\"\/>\n    \n\n            <\/div>\n          <\/div>\n          <div class=\"col-xl-9\">\n            <div class=\"cta-content\">\n              <h3>Mit i4F auf dem neuesten Stand bleiben<\/h3>\n              <ul>\n                <li>Die neuesten Branchennachrichten direkt in Ihrem Posteingang<\/li>\n                <li>Erfahren Sie mehr \u00fcber unsere Technologien und \u00fcber kommende Veranstaltungen<\/li>\n              <\/ul>\n              <form action=\"\/de\/technologies\/outdoor-technologien-2\/#block_60ddb636d0802\" method=\"post\" class=\"form-mailing-list form-process\" data-action=\"subscribe\" data-nonce=\"f44628fa38\" data-post-id=\"9455\" novalidate>\n                <div class='form-container'>\n                  <div class=\"alert alert-danger error\"><\/div>\n                  <label for=\"email\">Ihre E-Mail Adresse<\/label>\n                  <div class=\"row g-0 align-items-center\">\n                    <div class=\"col-6\">\n                      <input id=\"email\" name=\"email\" type=\"email\" value=\"\" class=\"form-control\" \/>\n                    <\/div>\n                    <div class=\"col-6\">\n                      <button class=\"btn btn-sm btn-primary\">Halten Sie mich auf dem Laufenden<\/button>\n                    <\/div>\n                  <\/div>\n                <\/div>\n                <div class=\"form-thank-you\">\n                  <h3>Danke f\u00fcr Ihre Anmeldung<\/h3>\n                <\/div>\n              <\/form>\n            <\/div>\n          <\/div>\n        <\/div>\n      <\/div>\n    <\/div>\n  <\/div>\n          <\/div>\n        <\/section>\n\n","protected":false},"excerpt":{"rendered":"","protected":false},"author":14,"featured_media":0,"parent":2930,"menu_order":0,"comment_status":"closed","ping_status":"closed","template":"","meta":{"_acf_changed":false,"content-type":"","footnotes":""},"class_list":["post-9455","page","type-page","status-publish","hentry"],"acf":[],"yoast_head":"<!-- This site is optimized with the Yoast SEO plugin v24.8.1 - https:\/\/yoast.com\/wordpress\/plugins\/seo\/ -->\n<title>\u00dcbersicht Outdoor-Technologien | i4F<\/title>\n<meta name=\"description\" content=\"i4F erweitert das Innenleben nach au\u00dfen und verwandelt Au\u00dfenbereiche wie nie zuvor.\" \/>\n<meta name=\"robots\" content=\"index, follow, max-snippet:-1, max-image-preview:large, max-video-preview:-1\" \/>\n<link rel=\"canonical\" href=\"https:\/\/i4f.com\/de\/technologies\/outdoor-technologien-2\/\" \/>\n<meta property=\"og:locale\" content=\"de_DE\" \/>\n<meta property=\"og:type\" content=\"article\" \/>\n<meta property=\"og:title\" content=\"\u00dcbersicht Outdoor-Technologien | i4F\" \/>\n<meta property=\"og:description\" content=\"i4F erweitert das Innenleben nach au\u00dfen und verwandelt Au\u00dfenbereiche wie nie zuvor.\" \/>\n<meta property=\"og:url\" content=\"https:\/\/i4f.com\/de\/technologies\/outdoor-technologien-2\/\" \/>\n<meta property=\"og:site_name\" content=\"i4F\" \/>\n<meta property=\"article:modified_time\" content=\"2025-10-31T10:57:32+00:00\" \/>\n<meta name=\"twitter:card\" content=\"summary_large_image\" \/>\n<script type=\"application\/ld+json\" class=\"yoast-schema-graph\">{\"@context\":\"https:\/\/schema.org\",\"@graph\":[{\"@type\":\"WebPage\",\"@id\":\"https:\/\/i4f.com\/de\/technologies\/outdoor-technologien-2\/\",\"url\":\"https:\/\/i4f.com\/de\/technologies\/outdoor-technologien-2\/\",\"name\":\"\u00dcbersicht Outdoor-Technologien | i4F\",\"isPartOf\":{\"@id\":\"https:\/\/i4f.com\/de\/#website\"},\"datePublished\":\"2024-01-02T15:25:50+00:00\",\"dateModified\":\"2025-10-31T10:57:32+00:00\",\"description\":\"i4F erweitert das Innenleben nach au\u00dfen und verwandelt Au\u00dfenbereiche wie nie zuvor.\",\"breadcrumb\":{\"@id\":\"https:\/\/i4f.com\/de\/technologies\/outdoor-technologien-2\/#breadcrumb\"},\"inLanguage\":\"de-DE\",\"potentialAction\":[{\"@type\":\"ReadAction\",\"target\":[\"https:\/\/i4f.com\/de\/technologies\/outdoor-technologien-2\/\"]}]},{\"@type\":\"BreadcrumbList\",\"@id\":\"https:\/\/i4f.com\/de\/technologies\/outdoor-technologien-2\/#breadcrumb\",\"itemListElement\":[{\"@type\":\"ListItem\",\"position\":1,\"name\":\"Home\",\"item\":\"https:\/\/i4f.com\/de\/\"},{\"@type\":\"ListItem\",\"position\":2,\"name\":\"Technologien\",\"item\":\"https:\/\/i4f.com\/de\/technologies\/\"},{\"@type\":\"ListItem\",\"position\":3,\"name\":\"Outdoor-Technologien\"}]},{\"@type\":\"WebSite\",\"@id\":\"https:\/\/i4f.com\/de\/#website\",\"url\":\"https:\/\/i4f.com\/de\/\",\"name\":\"i4F\",\"description\":\"\",\"potentialAction\":[{\"@type\":\"SearchAction\",\"target\":{\"@type\":\"EntryPoint\",\"urlTemplate\":\"https:\/\/i4f.com\/de\/?s={search_term_string}\"},\"query-input\":{\"@type\":\"PropertyValueSpecification\",\"valueRequired\":true,\"valueName\":\"search_term_string\"}}],\"inLanguage\":\"de-DE\"}]}<\/script>\n<!-- \/ Yoast SEO plugin. -->","yoast_head_json":{"title":"\u00dcbersicht Outdoor-Technologien | i4F","description":"i4F erweitert das Innenleben nach au\u00dfen und verwandelt Au\u00dfenbereiche wie nie zuvor.","robots":{"index":"index","follow":"follow","max-snippet":"max-snippet:-1","max-image-preview":"max-image-preview:large","max-video-preview":"max-video-preview:-1"},"canonical":"https:\/\/i4f.com\/de\/technologies\/outdoor-technologien-2\/","og_locale":"de_DE","og_type":"article","og_title":"\u00dcbersicht Outdoor-Technologien | i4F","og_description":"i4F erweitert das Innenleben nach au\u00dfen und verwandelt Au\u00dfenbereiche wie nie zuvor.","og_url":"https:\/\/i4f.com\/de\/technologies\/outdoor-technologien-2\/","og_site_name":"i4F","article_modified_time":"2025-10-31T10:57:32+00:00","twitter_card":"summary_large_image","schema":{"@context":"https:\/\/schema.org","@graph":[{"@type":"WebPage","@id":"https:\/\/i4f.com\/de\/technologies\/outdoor-technologien-2\/","url":"https:\/\/i4f.com\/de\/technologies\/outdoor-technologien-2\/","name":"\u00dcbersicht Outdoor-Technologien | i4F","isPartOf":{"@id":"https:\/\/i4f.com\/de\/#website"},"datePublished":"2024-01-02T15:25:50+00:00","dateModified":"2025-10-31T10:57:32+00:00","description":"i4F erweitert das Innenleben nach au\u00dfen und verwandelt Au\u00dfenbereiche wie nie zuvor.","breadcrumb":{"@id":"https:\/\/i4f.com\/de\/technologies\/outdoor-technologien-2\/#breadcrumb"},"inLanguage":"de-DE","potentialAction":[{"@type":"ReadAction","target":["https:\/\/i4f.com\/de\/technologies\/outdoor-technologien-2\/"]}]},{"@type":"BreadcrumbList","@id":"https:\/\/i4f.com\/de\/technologies\/outdoor-technologien-2\/#breadcrumb","itemListElement":[{"@type":"ListItem","position":1,"name":"Home","item":"https:\/\/i4f.com\/de\/"},{"@type":"ListItem","position":2,"name":"Technologien","item":"https:\/\/i4f.com\/de\/technologies\/"},{"@type":"ListItem","position":3,"name":"Outdoor-Technologien"}]},{"@type":"WebSite","@id":"https:\/\/i4f.com\/de\/#website","url":"https:\/\/i4f.com\/de\/","name":"i4F","description":"","potentialAction":[{"@type":"SearchAction","target":{"@type":"EntryPoint","urlTemplate":"https:\/\/i4f.com\/de\/?s={search_term_string}"},"query-input":{"@type":"PropertyValueSpecification","valueRequired":true,"valueName":"search_term_string"}}],"inLanguage":"de-DE"}]}},"_links":{"self":[{"href":"https:\/\/i4f.com\/de\/wp-json\/wp\/v2\/pages\/9455","targetHints":{"allow":["GET"]}}],"collection":[{"href":"https:\/\/i4f.com\/de\/wp-json\/wp\/v2\/pages"}],"about":[{"href":"https:\/\/i4f.com\/de\/wp-json\/wp\/v2\/types\/page"}],"author":[{"embeddable":true,"href":"https:\/\/i4f.com\/de\/wp-json\/wp\/v2\/users\/14"}],"replies":[{"embeddable":true,"href":"https:\/\/i4f.com\/de\/wp-json\/wp\/v2\/comments?post=9455"}],"version-history":[{"count":1,"href":"https:\/\/i4f.com\/de\/wp-json\/wp\/v2\/pages\/9455\/revisions"}],"predecessor-version":[{"id":9456,"href":"https:\/\/i4f.com\/de\/wp-json\/wp\/v2\/pages\/9455\/revisions\/9456"}],"up":[{"embeddable":true,"href":"https:\/\/i4f.com\/de\/wp-json\/wp\/v2\/pages\/2930"}],"wp:attachment":[{"href":"https:\/\/i4f.com\/de\/wp-json\/wp\/v2\/media?parent=9455"}],"curies":[{"name":"wp","href":"https:\/\/api.w.org\/{rel}","templated":true}]}}