{"id":8283,"date":"2024-05-14T14:42:25","date_gmt":"2024-05-14T14:42:25","guid":{"rendered":"https:\/\/i4f.com\/?page_id=8283"},"modified":"2024-05-14T14:44:45","modified_gmt":"2024-05-14T14:44:45","slug":"outdoor-technologien","status":"publish","type":"page","link":"https:\/\/i4f.com\/de\/technologies\/outdoor-technologien\/","title":{"rendered":"Outdoor-Technologien"},"content":{"rendered":"        <section class=\"block hero\" id=\"block_d4963786f69db9a57b64134a51d347bd\">\n          <div class=\"hero-content\" style=\"background-image: url('https:\/\/i4f.com\/app\/uploads\/2024\/01\/shutterstock_2293354445-6000x2280.jpg')\">\n                              <img loading=\"lazy\" decoding=\"async\" src=\"https:\/\/i4f.com\/app\/uploads\/2024\/01\/shutterstock_2293354445-1440x820.jpg\" alt=\"Drau\u00dfen wie nie zuvor\"\n         srcset=\"https:\/\/i4f.com\/app\/uploads\/2024\/01\/shutterstock_2293354445-scaled-350x0-c-default.jpg 320w,https:\/\/i4f.com\/app\/uploads\/2024\/01\/shutterstock_2293354445-1440x820.jpg 640w, https:\/\/i4f.com\/app\/uploads\/2024\/01\/shutterstock_2293354445-2880x1640.jpg 1024w\"\n         sizes=\"auto, 100vw\" class=\"img-fluid hero-mobile\" width=\"1440\"\n         height=\"820\"\/>\n    \n\n            <div class=\"container\">\n              <div class=\"overlay\"><\/div>\n              <div class=\"row align-items-center\">\n                <div class=\"col-lg-5\">\n                  <div class=\"hero-body\">\n                    <div class=\"hero-logo\">\n                      <img decoding=\"async\" src=\"https:\/\/i4f.com\/app\/uploads\/2024\/01\/I4F-cluster_Logo_Outdoor-technologies_CMYK-188x50.png\" alt=\"\" \/>\n                    <\/div>\n                    <h1>Drau\u00dfen wie nie zuvor<\/h1>\n                    <p>Nachdem wir jahrelang innovative, sinnvolle Technologien bereitgestellt haben, die Innenr\u00e4ume f\u00fcr Menschen zum Leben, Arbeiten und Spielen ver\u00e4ndern, haben wir uns entschieden, unsere Erfahrung und Vision nach drau\u00dfen zu \u00fcbertragen, um Menschen in die Lage zu versetzen, ihre Au\u00dfenbereiche einfach und schnell umzugestalten. Unsere transformativen Technologien sind darauf ausgelegt, Outdoor-Produkte auf die n\u00e4chste Stufe zu heben.<\/p>\n                    <p class=\"hero-links\">\n                      <a href=\"#Taking-Flooring\" class=\"btn  btn-primary\">Sehen Sie sich unsere Technologien an &nbsp; <svg width=\"24\" height=\"24\" viewBox=\"0 0 24 24\" fill=\"none\" xmlns=\"http:\/\/www.w3.org\/2000\/svg\">\n<path d=\"M12 5V19\" stroke=\"#304757\" stroke-width=\"2\" stroke-linecap=\"round\" stroke-linejoin=\"round\"\/>\n<path d=\"M19 12L12 19L5 12\" stroke=\"#304757\" stroke-width=\"2\" stroke-linecap=\"round\" stroke-linejoin=\"round\"\/>\n<\/svg>\n<\/a>\n                      <a href=\"https:\/\/i4f.com\/de\/contact\/?tab=block_60d3b16e96657-2-form#block_60d3b16596656\" class=\"btn  btn-outline-secondary\">Werden Sie Lizenznehmer<\/a>\n                    <\/p>\n                  <\/div>\n                <\/div>\n                <div class=\"col d-none d-lg-block hero-spacer\">\n                <\/div>\n              <\/div>\n            <\/div>\n          <\/div>\n        <\/section>\n\n\n\n        <section class=\"block text-image main align-right overlap\" id=\"block_cd12201bed2cea2d6a064f9644b5ac04\">\n        <div class=\"container-outer\">\n        <div class=\"block-wrapper\">\n          <div class=\"container\">\n            <div class=\"row align-items-center\">\n            <div class=\"responsive_reverse\">\n<div class=\"col-xl-6 order-xl-2\">\n                <div class=\"txtimg-body\">\n                    <div class=\"logo\">\n                      <img decoding=\"async\" src=\"https:\/\/i4f.com\/app\/uploads\/2024\/01\/ClikDek_i4F_RGB-260x42.png\" alt=\"\" \/>\n                    <\/div>\n                    <h2>Sorgen Sie daf\u00fcr, dass Ihre Terrassendielen f\u00fcr alle einfach zu verlegen sind<\/h2>\n                    <p>Unsere patentierte intelligente Befestigungsmethode wurde von der Branche aus mehreren guten Gr\u00fcnden als das beste verf\u00fcgbare System anerkannt. Die Installation mit i4F ClikDek ist dreimal schneller und \u00e4u\u00dferst flexibel und erm\u00f6glicht den Zugriff jederzeit und \u00fcberall in Sekundenschnelle. Die mechanische Verriegelung ist stabil und dennoch flexibel, so dass Sie jederzeit zur\u00fcckgehen k\u00f6nnen, und ein unsichtbares Profil bedeutet geringen Wartungsaufwand, da der Verlust von Gegenst\u00e4nden zwischen den Paneelen verhindert wird.<\/p>\n\n\n                <\/div>\n                <div class=\"col-xl-6 order-xl-1\">\n                <div class=\"txtimg-image text-center\">\n                                      <img loading=\"lazy\" decoding=\"async\" src=\"https:\/\/i4f.com\/app\/uploads\/2024\/01\/Final-Edit_Full-Length_stills_4K_00409-920x518.jpg\" alt=\"\"\n         srcset=\"https:\/\/i4f.com\/app\/uploads\/2024\/01\/Final-Edit_Full-Length_stills_4K_00409-350x0-c-default.jpg 320w,https:\/\/i4f.com\/app\/uploads\/2024\/01\/Final-Edit_Full-Length_stills_4K_00409-920x518.jpg 640w, https:\/\/i4f.com\/app\/uploads\/2024\/01\/Final-Edit_Full-Length_stills_4K_00409-1840x1036.jpg 1024w\"\n         sizes=\"auto, 100vw\" class=\"img-fluid\" width=\"920\"\n         height=\"518\"\/>\n    \n\n                <\/div>\n                <\/div>\n              <\/div>\n                    <p>\n                        <a href=\"http:\/\/i4f.com\/clikdek\" class=\"btn  btn-primary\">Mehr erfahren<\/a>\n                        <\/p>\n                  <\/div>\n                <\/div>\n              <\/div>  \n            <\/div>\n              <div class=\"responsive_default align-items-center\">\n                <div class=\"col-xl-6 order-xl-2\">\n                  <div class=\"txtimg-image text-center\">\n                                      <img loading=\"lazy\" decoding=\"async\" src=\"https:\/\/i4f.com\/app\/uploads\/2024\/01\/Final-Edit_Full-Length_stills_4K_00409-920x518.jpg\" alt=\"\"\n         srcset=\"https:\/\/i4f.com\/app\/uploads\/2024\/01\/Final-Edit_Full-Length_stills_4K_00409-350x0-c-default.jpg 320w,https:\/\/i4f.com\/app\/uploads\/2024\/01\/Final-Edit_Full-Length_stills_4K_00409-920x518.jpg 640w, https:\/\/i4f.com\/app\/uploads\/2024\/01\/Final-Edit_Full-Length_stills_4K_00409-1840x1036.jpg 1024w\"\n         sizes=\"auto, 100vw\" class=\"img-fluid\" width=\"920\"\n         height=\"518\"\/>\n    \n\n                  <\/div>\n                <\/div>\n                <div class=\"col-xl-6 order-xl-1\">\n                  <div class=\"txtimg-body\">\n                    <div class=\"logo\">\n                      <img decoding=\"async\" src=\"https:\/\/i4f.com\/app\/uploads\/2024\/01\/ClikDek_i4F_RGB-260x42.png\" alt=\"\" \/>\n                    <\/div>\n                    <h2>Sorgen Sie daf\u00fcr, dass Ihre Terrassendielen f\u00fcr alle einfach zu verlegen sind<\/h2>\n                    <p>Unsere patentierte intelligente Befestigungsmethode wurde von der Branche aus mehreren guten Gr\u00fcnden als das beste verf\u00fcgbare System anerkannt. Die Installation mit i4F ClikDek ist dreimal schneller und \u00e4u\u00dferst flexibel und erm\u00f6glicht den Zugriff jederzeit und \u00fcberall in Sekundenschnelle. Die mechanische Verriegelung ist stabil und dennoch flexibel, so dass Sie jederzeit zur\u00fcckgehen k\u00f6nnen, und ein unsichtbares Profil bedeutet geringen Wartungsaufwand, da der Verlust von Gegenst\u00e4nden zwischen den Paneelen verhindert wird.<\/p>\n\n                    <p>\n                        <a href=\"http:\/\/i4f.com\/clikdek\" class=\"btn  btn-primary\">Mehr erfahren<\/a>\n                        <\/p>\n                  <\/div>\n                <\/div>\n              <\/div>\n            <\/div>\n          <\/div>\n        <\/div>\n        <\/div>\n        <\/section>\n\n\n\n        <section class=\"block cta image\" id=\"block_60ddb636d0802\">\n          <div class=\"container\">\n  <div class=\"row\">\n    <div class=\"col-lg-8 offset-lg-2\">\n      <div class=\"cta-bg\">\n        <div class=\"row align-items-center\">\n          <div class=\"col-xl-3\">\n            <div class=\"cta-image\">\n                                <img loading=\"lazy\" decoding=\"async\" src=\"https:\/\/i4f.com\/app\/uploads\/2021\/06\/Newsletter-preview-1-360x370.png\" alt=\"A tablet with a picture of the website\"\n         srcset=\"https:\/\/i4f.com\/app\/uploads\/2021\/06\/Newsletter-preview-1-350x0-c-default.png 320w,https:\/\/i4f.com\/app\/uploads\/2021\/06\/Newsletter-preview-1-360x370.png 640w, https:\/\/i4f.com\/app\/uploads\/2021\/06\/Newsletter-preview-1-716x740.png 1024w\"\n         sizes=\"auto, 100vw\" class=\"img-fluid\" width=\"360\"\n         height=\"370\"\/>\n    \n\n            <\/div>\n          <\/div>\n          <div class=\"col-xl-9\">\n            <div class=\"cta-content\">\n              <h3>Mit i4F auf dem neuesten Stand bleiben<\/h3>\n              <ul>\n                <li>Die neuesten Branchennachrichten direkt in Ihrem Posteingang<\/li>\n                <li>Erfahren Sie mehr \u00fcber unsere Technologien und \u00fcber kommende Veranstaltungen<\/li>\n              <\/ul>\n              <form action=\"\/de\/technologies\/outdoor-technologien\/#block_60ddb636d0802\" method=\"post\" class=\"form-mailing-list form-process\" data-action=\"subscribe\" data-nonce=\"2164a2e6be\" data-post-id=\"8283\" novalidate>\n                <div class='form-container'>\n                  <div class=\"alert alert-danger error\"><\/div>\n                  <label for=\"email\">Ihre E-Mail Adresse<\/label>\n                  <div class=\"row g-0 align-items-center\">\n                    <div class=\"col-6\">\n                      <input id=\"email\" name=\"email\" type=\"email\" value=\"\" class=\"form-control\" \/>\n                    <\/div>\n                    <div class=\"col-6\">\n                      <button class=\"btn btn-sm btn-primary\">Halten Sie mich auf dem Laufenden<\/button>\n                    <\/div>\n                  <\/div>\n                <\/div>\n                <div class=\"form-thank-you\">\n                  <h3>Danke f\u00fcr Ihre Anmeldung<\/h3>\n                <\/div>\n              <\/form>\n            <\/div>\n          <\/div>\n        <\/div>\n      <\/div>\n    <\/div>\n  <\/div>\n          <\/div>\n        <\/section>\n\n","protected":false},"excerpt":{"rendered":"","protected":false},"author":6,"featured_media":0,"parent":2930,"menu_order":0,"comment_status":"closed","ping_status":"closed","template":"","meta":{"_acf_changed":false,"content-type":"","footnotes":""},"class_list":["post-8283","page","type-page","status-publish","hentry"],"acf":[],"yoast_head":"<!-- This site is optimized with the Yoast SEO plugin v24.8.1 - https:\/\/yoast.com\/wordpress\/plugins\/seo\/ -->\n<title>Outdoor-Technologien - i4F<\/title>\n<meta name=\"description\" content=\"Die i4F-Technologie umfasst MgO-Furnierplatten und antistatische Bodenbel\u00e4ge, um empfindlichen Umgebungen und hoher Luftfeuchtigkeit gerecht zu werden.\" \/>\n<meta name=\"robots\" content=\"index, follow, max-snippet:-1, max-image-preview:large, max-video-preview:-1\" \/>\n<link rel=\"canonical\" href=\"https:\/\/i4f.com\/de\/technologies\/outdoor-technologien\/\" \/>\n<meta property=\"og:locale\" content=\"de_DE\" \/>\n<meta property=\"og:type\" content=\"article\" \/>\n<meta property=\"og:title\" content=\"Outdoor-Technologien - i4F\" \/>\n<meta property=\"og:description\" content=\"Die i4F-Technologie umfasst MgO-Furnierplatten und antistatische Bodenbel\u00e4ge, um empfindlichen Umgebungen und hoher Luftfeuchtigkeit gerecht zu werden.\" \/>\n<meta property=\"og:url\" content=\"https:\/\/i4f.com\/de\/technologies\/outdoor-technologien\/\" \/>\n<meta property=\"og:site_name\" content=\"i4F\" \/>\n<meta property=\"article:modified_time\" content=\"2024-05-14T14:44:45+00:00\" \/>\n<meta name=\"twitter:card\" content=\"summary_large_image\" \/>\n<script type=\"application\/ld+json\" class=\"yoast-schema-graph\">{\"@context\":\"https:\/\/schema.org\",\"@graph\":[{\"@type\":\"WebPage\",\"@id\":\"https:\/\/i4f.com\/de\/technologies\/outdoor-technologien\/\",\"url\":\"https:\/\/i4f.com\/de\/technologies\/outdoor-technologien\/\",\"name\":\"Outdoor-Technologien - i4F\",\"isPartOf\":{\"@id\":\"https:\/\/i4f.com\/de\/#website\"},\"datePublished\":\"2024-05-14T14:42:25+00:00\",\"dateModified\":\"2024-05-14T14:44:45+00:00\",\"description\":\"Die i4F-Technologie umfasst MgO-Furnierplatten und antistatische Bodenbel\u00e4ge, um empfindlichen Umgebungen und hoher Luftfeuchtigkeit gerecht zu werden.\",\"breadcrumb\":{\"@id\":\"https:\/\/i4f.com\/de\/technologies\/outdoor-technologien\/#breadcrumb\"},\"inLanguage\":\"de-DE\",\"potentialAction\":[{\"@type\":\"ReadAction\",\"target\":[\"https:\/\/i4f.com\/de\/technologies\/outdoor-technologien\/\"]}]},{\"@type\":\"BreadcrumbList\",\"@id\":\"https:\/\/i4f.com\/de\/technologies\/outdoor-technologien\/#breadcrumb\",\"itemListElement\":[{\"@type\":\"ListItem\",\"position\":1,\"name\":\"Home\",\"item\":\"https:\/\/i4f.com\/de\/\"},{\"@type\":\"ListItem\",\"position\":2,\"name\":\"Technologien\",\"item\":\"https:\/\/i4f.com\/de\/technologies\/\"},{\"@type\":\"ListItem\",\"position\":3,\"name\":\"Outdoor-Technologien\"}]},{\"@type\":\"WebSite\",\"@id\":\"https:\/\/i4f.com\/de\/#website\",\"url\":\"https:\/\/i4f.com\/de\/\",\"name\":\"i4F\",\"description\":\"\",\"potentialAction\":[{\"@type\":\"SearchAction\",\"target\":{\"@type\":\"EntryPoint\",\"urlTemplate\":\"https:\/\/i4f.com\/de\/?s={search_term_string}\"},\"query-input\":{\"@type\":\"PropertyValueSpecification\",\"valueRequired\":true,\"valueName\":\"search_term_string\"}}],\"inLanguage\":\"de-DE\"}]}<\/script>\n<!-- \/ Yoast SEO plugin. -->","yoast_head_json":{"title":"Outdoor-Technologien - i4F","description":"Die i4F-Technologie umfasst MgO-Furnierplatten und antistatische Bodenbel\u00e4ge, um empfindlichen Umgebungen und hoher Luftfeuchtigkeit gerecht zu werden.","robots":{"index":"index","follow":"follow","max-snippet":"max-snippet:-1","max-image-preview":"max-image-preview:large","max-video-preview":"max-video-preview:-1"},"canonical":"https:\/\/i4f.com\/de\/technologies\/outdoor-technologien\/","og_locale":"de_DE","og_type":"article","og_title":"Outdoor-Technologien - i4F","og_description":"Die i4F-Technologie umfasst MgO-Furnierplatten und antistatische Bodenbel\u00e4ge, um empfindlichen Umgebungen und hoher Luftfeuchtigkeit gerecht zu werden.","og_url":"https:\/\/i4f.com\/de\/technologies\/outdoor-technologien\/","og_site_name":"i4F","article_modified_time":"2024-05-14T14:44:45+00:00","twitter_card":"summary_large_image","schema":{"@context":"https:\/\/schema.org","@graph":[{"@type":"WebPage","@id":"https:\/\/i4f.com\/de\/technologies\/outdoor-technologien\/","url":"https:\/\/i4f.com\/de\/technologies\/outdoor-technologien\/","name":"Outdoor-Technologien - i4F","isPartOf":{"@id":"https:\/\/i4f.com\/de\/#website"},"datePublished":"2024-05-14T14:42:25+00:00","dateModified":"2024-05-14T14:44:45+00:00","description":"Die i4F-Technologie umfasst MgO-Furnierplatten und antistatische Bodenbel\u00e4ge, um empfindlichen Umgebungen und hoher Luftfeuchtigkeit gerecht zu werden.","breadcrumb":{"@id":"https:\/\/i4f.com\/de\/technologies\/outdoor-technologien\/#breadcrumb"},"inLanguage":"de-DE","potentialAction":[{"@type":"ReadAction","target":["https:\/\/i4f.com\/de\/technologies\/outdoor-technologien\/"]}]},{"@type":"BreadcrumbList","@id":"https:\/\/i4f.com\/de\/technologies\/outdoor-technologien\/#breadcrumb","itemListElement":[{"@type":"ListItem","position":1,"name":"Home","item":"https:\/\/i4f.com\/de\/"},{"@type":"ListItem","position":2,"name":"Technologien","item":"https:\/\/i4f.com\/de\/technologies\/"},{"@type":"ListItem","position":3,"name":"Outdoor-Technologien"}]},{"@type":"WebSite","@id":"https:\/\/i4f.com\/de\/#website","url":"https:\/\/i4f.com\/de\/","name":"i4F","description":"","potentialAction":[{"@type":"SearchAction","target":{"@type":"EntryPoint","urlTemplate":"https:\/\/i4f.com\/de\/?s={search_term_string}"},"query-input":{"@type":"PropertyValueSpecification","valueRequired":true,"valueName":"search_term_string"}}],"inLanguage":"de-DE"}]}},"_links":{"self":[{"href":"https:\/\/i4f.com\/de\/wp-json\/wp\/v2\/pages\/8283","targetHints":{"allow":["GET"]}}],"collection":[{"href":"https:\/\/i4f.com\/de\/wp-json\/wp\/v2\/pages"}],"about":[{"href":"https:\/\/i4f.com\/de\/wp-json\/wp\/v2\/types\/page"}],"author":[{"embeddable":true,"href":"https:\/\/i4f.com\/de\/wp-json\/wp\/v2\/users\/6"}],"replies":[{"embeddable":true,"href":"https:\/\/i4f.com\/de\/wp-json\/wp\/v2\/comments?post=8283"}],"version-history":[{"count":2,"href":"https:\/\/i4f.com\/de\/wp-json\/wp\/v2\/pages\/8283\/revisions"}],"predecessor-version":[{"id":8286,"href":"https:\/\/i4f.com\/de\/wp-json\/wp\/v2\/pages\/8283\/revisions\/8286"}],"up":[{"embeddable":true,"href":"https:\/\/i4f.com\/de\/wp-json\/wp\/v2\/pages\/2930"}],"wp:attachment":[{"href":"https:\/\/i4f.com\/de\/wp-json\/wp\/v2\/media?parent=8283"}],"curies":[{"name":"wp","href":"https:\/\/api.w.org\/{rel}","templated":true}]}}