{"id":3291,"date":"2021-06-10T11:06:26","date_gmt":"2021-06-10T11:06:26","guid":{"rendered":"https:\/\/i4f.com\/ueber-uns-ihr-partner-fuer-die-bodenbelagsindustrie\/unser-team\/"},"modified":"2025-11-20T12:59:34","modified_gmt":"2025-11-20T12:59:34","slug":"unser-team","status":"publish","type":"page","link":"https:\/\/i4f.com\/de\/ueber-uns-ihr-partner-fuer-die-bodenbelagsindustrie\/unser-team\/","title":{"rendered":"Unser Team"},"content":{"rendered":"        <section class=\"block hero\" id=\"block_691f10b32ff43\">\n          <div class=\"hero-content\" style=\"background-image: url('https:\/\/i4f.com\/app\/themes\/i4f\/assets\/img\/placeholder\/hero-3000x1140.jpg')\">\n              <img decoding=\"async\" src=\"https:\/\/i4f.com\/app\/themes\/i4f\/assets\/img\/placeholder\/full-1440x820.jpg\" alt=\"Menschen mit technologischen Visionen und IP-Spezialisten\" class=\"img-fluid hero-mobile\"\/>\n\n\n            <div class=\"container\">\n              <div class=\"overlay\"><\/div>\n              <div class=\"row align-items-center\">\n                <div class=\"col-lg-5\">\n                  <div class=\"hero-body\">\n                    <h6>UNSER TEAM <\/h6>\n                    <h1>Menschen mit technologischen Visionen und IP-Spezialisten<\/h1>\n                    <p>Unser Team bringt eine einzigartige Kombination aus technischer Kompetenz und Marktkenntnis mit. Aber vor allem sind wir Menschen. Menschen, die Beziehungen sch\u00e4tzen. Menschen, die sich dem Streben nach Besserem verschrieben haben.<\/p>\n                    <p class=\"hero-links\">\n                      <a href=\"#patent-processes\" class=\"btn  btn-primary\">Lernen Sie das Team kennen &nbsp; <svg width=\"24\" height=\"24\" viewBox=\"0 0 24 24\" fill=\"none\" xmlns=\"http:\/\/www.w3.org\/2000\/svg\">\n<path d=\"M12 5V19\" stroke=\"#304757\" stroke-width=\"2\" stroke-linecap=\"round\" stroke-linejoin=\"round\"\/>\n<path d=\"M19 12L12 19L5 12\" stroke=\"#304757\" stroke-width=\"2\" stroke-linecap=\"round\" stroke-linejoin=\"round\"\/>\n<\/svg>\n<\/a>\n                    <\/p>\n                  <\/div>\n                <\/div>\n                <div class=\"col d-none d-lg-block hero-spacer\">\n                <\/div>\n              <\/div>\n            <\/div>\n          <\/div>\n        <\/section>\n\n        <section class=\"block heading center\" id=\"patent-processes\">\n          <div class=\"container\">\n  <div class=\"row\">\n    <div class=\"col-lg-8 offset-lg-2\">\n      <h2>Lernen Sie das Team kennen <\/h2>\n      <p>Mit einem Hintergrund in globalen Bodenbelagsfirmen und jahrelanger kollektiver Erfahrung in der Branche besteht unser Team aus Experten in der Forschung und Entwicklung von Bodenbel\u00e4gen und Patentverfahren.<\/p>\n    <\/div>\n  <\/div>\n          <\/div>\n        <\/section>\n\n        <section class=\"block profile feed\" id=\"block_691f10b3319e6\">\n          <div class=\"container\">\n            <div class=\"row justify-content-center\">\n              <div class=\"col-md-3 item\">\n                <p>            <img loading=\"lazy\" decoding=\"async\" src=\"https:\/\/i4f.com\/app\/uploads\/2025\/11\/I4FLicensing-By-Fredography-Full-13-320x480.jpg\" alt=\"John Rietveldt\"\n         srcset=\"https:\/\/i4f.com\/app\/uploads\/2025\/11\/I4FLicensing-By-Fredography-Full-13-320x480.jpg 640w, https:\/\/i4f.com\/app\/uploads\/2025\/11\/I4FLicensing-By-Fredography-Full-13-640x960.jpg 1024w\"\n         sizes=\"auto, 100vw\" class=\"img-fluid\" width=\"320\"\n         height=\"480\"\/>\n    \n\n<\/p>\n                <h3 class=\"h5\">John Rietveldt<\/h3>\n                <p><strong>Chief Executive Officer <\/strong><\/p>\n                <p>Geleitet wird das Unternehmen von John Rietveldt, der zuvor als Global President bei Tarkett, dem Weltmarktf\u00fchrer f\u00fcr Hartbodenbel\u00e4ge, t\u00e4tig war. Zuvor war er in leitenden Positionen und im Vorstand als CEO von Ideal Standard International und als Vizepr\u00e4sident und Vorstandsmitglied von Whirlpool Europe t\u00e4tig. <\/p>\n              <\/div>\n              <div class=\"col-md-3 item\">\n                <p>            <img loading=\"lazy\" decoding=\"async\" src=\"https:\/\/i4f.com\/app\/uploads\/2025\/11\/I4FLicensing-By-Fredography-Full-45-320x480.jpg\" alt=\"David Song\"\n         srcset=\"https:\/\/i4f.com\/app\/uploads\/2025\/11\/I4FLicensing-By-Fredography-Full-45-320x480.jpg 640w, https:\/\/i4f.com\/app\/uploads\/2025\/11\/I4FLicensing-By-Fredography-Full-45-640x960.jpg 1024w\"\n         sizes=\"auto, 100vw\" class=\"img-fluid\" width=\"320\"\n         height=\"480\"\/>\n    \n\n<\/p>\n                <h3 class=\"h5\">David Song<\/h3>\n                <p><strong>Chief Commercial Officer, Asien <\/strong><\/p>\n                <p>Als Chief Commercial Officer f\u00fcr Asien ist David Song f\u00fcr das kommerzielle Gesch\u00e4ft von i4F in dieser Region verantwortlich und deckt alle von dem Unternehmen vertretenen Patente und Technologien ab. David kam 2017 zu i4F. Davor war er \u00fcber neun Jahre bei Unilin f\u00fcr die Lizenzvergabe in Asien zust\u00e4ndig.<\/p>\n              <\/div>\n              <div class=\"col-md-3 item\">\n                <p>            <img loading=\"lazy\" decoding=\"async\" src=\"https:\/\/i4f.com\/app\/uploads\/2021\/06\/I4FLicensing-By-Fredography-Full-21-320x480.jpg\" alt=\"Matthieu Dekens\"\n         srcset=\"https:\/\/i4f.com\/app\/uploads\/2021\/06\/I4FLicensing-By-Fredography-Full-21-320x480.jpg 640w, https:\/\/i4f.com\/app\/uploads\/2021\/06\/I4FLicensing-By-Fredography-Full-21-640x960.jpg 1024w\"\n         sizes=\"auto, 100vw\" class=\"img-fluid\" width=\"320\"\n         height=\"480\"\/>\n    \n\n<\/p>\n                <h3 class=\"h5\">Matthieu Dekens<\/h3>\n                <p><strong>Pr\u00e4sident, i4F Inc. Nordamerika<\/strong><\/p>\n                <p>Matthieu Dekens wechselt zu i4F von Ideal Standard International, wo er als VP, Sales &#038; Marketing t\u00e4tig war. Zuvor war er zehn Jahre lang bei Tarkett als Managing Director f\u00fcr Gro\u00dfbritannien und Frankreich sowie als Business Unit Leader f\u00fcr die Kategorie Vinyl-B\u00f6den in Westeuropa t\u00e4tig.<\/p>\n              <\/div>\n              <div class=\"col-md-3 item\">\n                <p>            <img loading=\"lazy\" decoding=\"async\" src=\"https:\/\/i4f.com\/app\/uploads\/2025\/11\/I4FLicensing-By-Fredography-Full-55-320x480.jpg\" alt=\"Pieter Devos\"\n         srcset=\"https:\/\/i4f.com\/app\/uploads\/2025\/11\/I4FLicensing-By-Fredography-Full-55-320x480.jpg 640w, https:\/\/i4f.com\/app\/uploads\/2025\/11\/I4FLicensing-By-Fredography-Full-55-640x960.jpg 1024w\"\n         sizes=\"auto, 100vw\" class=\"img-fluid\" width=\"320\"\n         height=\"480\"\/>\n    \n\n<\/p>\n                <h3 class=\"h5\">Pieter Devos<\/h3>\n                <p><strong>F&#038;E Direktor<\/strong><\/p>\n                <p>Pieter Devos ist F&#038;E-Direktor bei i4F und bringt umfassende Erfahrung in den Bereichen Innovation und Technologieentwicklung mit. Zuvor bekleidete er leitende F&#038;E-Positionen und trieb Fortschritte in Bodenbelagsl\u00f6sungen und im Bereich geistiges Eigentum voran. Seine Expertise umfasst Produktentwicklung, strategische Innovation und Patententwicklung.<\/p>\n              <\/div>\n              <div class=\"col-md-3 item\">\n                <p>            <img loading=\"lazy\" decoding=\"async\" src=\"https:\/\/i4f.com\/app\/uploads\/2025\/11\/I4FLicensing-By-Fredography-Full-95-320x480.jpg\" alt=\"Mattie de Koning\"\n         srcset=\"https:\/\/i4f.com\/app\/uploads\/2025\/11\/I4FLicensing-By-Fredography-Full-95-320x480.jpg 640w, https:\/\/i4f.com\/app\/uploads\/2025\/11\/I4FLicensing-By-Fredography-Full-95-640x960.jpg 1024w\"\n         sizes=\"auto, 100vw\" class=\"img-fluid\" width=\"320\"\n         height=\"480\"\/>\n    \n\n<\/p>\n                <h3 class=\"h5\">Mattie de Koning<\/h3>\n                <p><strong>Chief Intellectual Property Officer<\/strong><\/p>\n                <p>Mattie de Koning ist auf nationale und grenz\u00fcberschreitende Patentstreitigkeiten spezialisiert. Zuvor arbeitete Mattie bei Simmons &#038; Simmons LLP, wo er als IP-Partner ebenfalls auf grenz\u00fcberschreitende Patentstreitigkeiten und IP-Transaktionen spezialisiert war.<\/p>\n              <\/div>\n              <div class=\"col-md-3 item\">\n                <p>            <img loading=\"lazy\" decoding=\"async\" src=\"https:\/\/i4f.com\/app\/uploads\/2025\/11\/I4FLicensing-By-Fredography-Full-75-320x480.jpg\" alt=\"Bram Kingma\"\n         srcset=\"https:\/\/i4f.com\/app\/uploads\/2025\/11\/I4FLicensing-By-Fredography-Full-75-320x480.jpg 640w, https:\/\/i4f.com\/app\/uploads\/2025\/11\/I4FLicensing-By-Fredography-Full-75-640x960.jpg 1024w\"\n         sizes=\"auto, 100vw\" class=\"img-fluid\" width=\"320\"\n         height=\"480\"\/>\n    \n\n<\/p>\n                <h3 class=\"h5\">Bram Kingma<\/h3>\n                <p><strong>Chief Financial Officer <\/strong><\/p>\n                <p>Bram Kingma ist f\u00fcr das Finanzmanagement des Lizenzgesch\u00e4fts, der Unternehmen und Partnerschaften von i4F zust\u00e4ndig. <\/p>\n              <\/div>\n              <div class=\"col-md-3 item\">\n                <p>  <img decoding=\"async\" src=\"https:\/\/i4f.com\/app\/themes\/i4f\/assets\/img\/placeholder\/profile-320x480.jpg\" alt=\"Unser Team\" class=\"img-fluid\"\/>\n\n\n<\/p>\n                <h3 class=\"h5\">Unser Team<\/h3>\n                <p><strong><\/strong><\/p>\n                \n              <\/div>\n            <\/div>\n          <\/div>\n        <\/section>\n\n        <section class=\"block cta image\" id=\"block_60ddb636d0802\">\n          <div class=\"container\">\n  <div class=\"row\">\n    <div class=\"col-lg-8 offset-lg-2\">\n      <div class=\"cta-bg\">\n        <div class=\"row align-items-center\">\n          <div class=\"col-xl-3\">\n            <div class=\"cta-image\">\n                                <img loading=\"lazy\" decoding=\"async\" src=\"https:\/\/i4f.com\/app\/uploads\/2021\/06\/Newsletter-preview-1-360x370.png\" alt=\"A tablet with a picture of the website\"\n         srcset=\"https:\/\/i4f.com\/app\/uploads\/2021\/06\/Newsletter-preview-1-350x0-c-default.png 320w,https:\/\/i4f.com\/app\/uploads\/2021\/06\/Newsletter-preview-1-360x370.png 640w, https:\/\/i4f.com\/app\/uploads\/2021\/06\/Newsletter-preview-1-716x740.png 1024w\"\n         sizes=\"auto, 100vw\" class=\"img-fluid\" width=\"360\"\n         height=\"370\"\/>\n    \n\n            <\/div>\n          <\/div>\n          <div class=\"col-xl-9\">\n            <div class=\"cta-content\">\n              <h3>Mit i4F auf dem neuesten Stand bleiben<\/h3>\n              <ul>\n                <li>Die neuesten Branchennachrichten direkt in Ihrem Posteingang<\/li>\n                <li>Erfahren Sie mehr \u00fcber unsere Technologien und \u00fcber kommende Veranstaltungen<\/li>\n              <\/ul>\n              <form action=\"\/de\/ueber-uns-ihr-partner-fuer-die-bodenbelagsindustrie\/unser-team\/#block_60ddb636d0802\" method=\"post\" class=\"form-mailing-list form-process\" data-action=\"subscribe\" data-nonce=\"87bef53827\" data-post-id=\"3291\" novalidate>\n                <div class='form-container'>\n                  <div class=\"alert alert-danger error\"><\/div>\n                  <label for=\"email\">Ihre E-Mail Adresse<\/label>\n                  <div class=\"row g-0 align-items-center\">\n                    <div class=\"col-6\">\n                      <input id=\"email\" name=\"email\" type=\"email\" value=\"\" class=\"form-control\" \/>\n                    <\/div>\n                    <div class=\"col-6\">\n                      <button class=\"btn btn-sm btn-primary\">Halten Sie mich auf dem Laufenden<\/button>\n                    <\/div>\n                  <\/div>\n                <\/div>\n                <div class=\"form-thank-you\">\n                  <h3>Danke f\u00fcr Ihre Anmeldung<\/h3>\n                <\/div>\n              <\/form>\n            <\/div>\n          <\/div>\n        <\/div>\n      <\/div>\n    <\/div>\n  <\/div>\n          <\/div>\n        <\/section>\n\n","protected":false},"excerpt":{"rendered":"","protected":false},"author":14,"featured_media":0,"parent":3280,"menu_order":0,"comment_status":"closed","ping_status":"closed","template":"","meta":{"_acf_changed":false,"content-type":"","footnotes":""},"class_list":["post-3291","page","type-page","status-publish","hentry"],"acf":[],"yoast_head":"<!-- This site is optimized with the Yoast SEO plugin v24.8.1 - https:\/\/yoast.com\/wordpress\/plugins\/seo\/ -->\n<title>Unser Team | Technologische Vision\u00e4re und IP-Spezialisten | i4F<\/title>\n<meta name=\"description\" content=\"Das i4F-Team besteht aus einer Gruppe internationaler Bodenbelagsexperten. Mit ihrem globalen Hintergrund sind sie Experten f\u00fcr F&amp;E und Patentverfahren f\u00fcr innovative Bodenbel\u00e4ge.\" \/>\n<meta name=\"robots\" content=\"index, follow, max-snippet:-1, max-image-preview:large, max-video-preview:-1\" \/>\n<link rel=\"canonical\" href=\"https:\/\/i4f.com\/de\/ueber-uns-ihr-partner-fuer-die-bodenbelagsindustrie\/unser-team\/\" \/>\n<meta property=\"og:locale\" content=\"de_DE\" \/>\n<meta property=\"og:type\" content=\"article\" \/>\n<meta property=\"og:title\" content=\"Unser Team | Technologische Vision\u00e4re und IP-Spezialisten | i4F\" \/>\n<meta property=\"og:description\" content=\"Das i4F-Team besteht aus einer Gruppe internationaler Bodenbelagsexperten. Mit ihrem globalen Hintergrund sind sie Experten f\u00fcr F&amp;E und Patentverfahren f\u00fcr innovative Bodenbel\u00e4ge.\" \/>\n<meta property=\"og:url\" content=\"https:\/\/i4f.com\/de\/ueber-uns-ihr-partner-fuer-die-bodenbelagsindustrie\/unser-team\/\" \/>\n<meta property=\"og:site_name\" content=\"i4F\" \/>\n<meta property=\"article:modified_time\" content=\"2025-11-20T12:59:34+00:00\" \/>\n<meta name=\"twitter:card\" content=\"summary_large_image\" \/>\n<script type=\"application\/ld+json\" class=\"yoast-schema-graph\">{\"@context\":\"https:\/\/schema.org\",\"@graph\":[{\"@type\":\"WebPage\",\"@id\":\"https:\/\/i4f.com\/de\/ueber-uns-ihr-partner-fuer-die-bodenbelagsindustrie\/unser-team\/\",\"url\":\"https:\/\/i4f.com\/de\/ueber-uns-ihr-partner-fuer-die-bodenbelagsindustrie\/unser-team\/\",\"name\":\"Unser Team | Technologische Vision\u00e4re und IP-Spezialisten | i4F\",\"isPartOf\":{\"@id\":\"https:\/\/i4f.com\/de\/#website\"},\"datePublished\":\"2021-06-10T11:06:26+00:00\",\"dateModified\":\"2025-11-20T12:59:34+00:00\",\"description\":\"Das i4F-Team besteht aus einer Gruppe internationaler Bodenbelagsexperten. Mit ihrem globalen Hintergrund sind sie Experten f\u00fcr F&E und Patentverfahren f\u00fcr innovative Bodenbel\u00e4ge.\",\"breadcrumb\":{\"@id\":\"https:\/\/i4f.com\/de\/ueber-uns-ihr-partner-fuer-die-bodenbelagsindustrie\/unser-team\/#breadcrumb\"},\"inLanguage\":\"de-DE\",\"potentialAction\":[{\"@type\":\"ReadAction\",\"target\":[\"https:\/\/i4f.com\/de\/ueber-uns-ihr-partner-fuer-die-bodenbelagsindustrie\/unser-team\/\"]}]},{\"@type\":\"BreadcrumbList\",\"@id\":\"https:\/\/i4f.com\/de\/ueber-uns-ihr-partner-fuer-die-bodenbelagsindustrie\/unser-team\/#breadcrumb\",\"itemListElement\":[{\"@type\":\"ListItem\",\"position\":1,\"name\":\"Home\",\"item\":\"https:\/\/i4f.com\/de\/\"},{\"@type\":\"ListItem\",\"position\":2,\"name\":\"\u00dcber uns \u2013 Ihr Partner f\u00fcr die Bodenbelagsindustrie\",\"item\":\"https:\/\/i4f.com\/de\/ueber-uns-ihr-partner-fuer-die-bodenbelagsindustrie\/\"},{\"@type\":\"ListItem\",\"position\":3,\"name\":\"Unser Team\"}]},{\"@type\":\"WebSite\",\"@id\":\"https:\/\/i4f.com\/de\/#website\",\"url\":\"https:\/\/i4f.com\/de\/\",\"name\":\"i4F\",\"description\":\"\",\"potentialAction\":[{\"@type\":\"SearchAction\",\"target\":{\"@type\":\"EntryPoint\",\"urlTemplate\":\"https:\/\/i4f.com\/de\/?s={search_term_string}\"},\"query-input\":{\"@type\":\"PropertyValueSpecification\",\"valueRequired\":true,\"valueName\":\"search_term_string\"}}],\"inLanguage\":\"de-DE\"}]}<\/script>\n<!-- \/ Yoast SEO plugin. -->","yoast_head_json":{"title":"Unser Team | Technologische Vision\u00e4re und IP-Spezialisten | i4F","description":"Das i4F-Team besteht aus einer Gruppe internationaler Bodenbelagsexperten. Mit ihrem globalen Hintergrund sind sie Experten f\u00fcr F&E und Patentverfahren f\u00fcr innovative Bodenbel\u00e4ge.","robots":{"index":"index","follow":"follow","max-snippet":"max-snippet:-1","max-image-preview":"max-image-preview:large","max-video-preview":"max-video-preview:-1"},"canonical":"https:\/\/i4f.com\/de\/ueber-uns-ihr-partner-fuer-die-bodenbelagsindustrie\/unser-team\/","og_locale":"de_DE","og_type":"article","og_title":"Unser Team | Technologische Vision\u00e4re und IP-Spezialisten | i4F","og_description":"Das i4F-Team besteht aus einer Gruppe internationaler Bodenbelagsexperten. Mit ihrem globalen Hintergrund sind sie Experten f\u00fcr F&E und Patentverfahren f\u00fcr innovative Bodenbel\u00e4ge.","og_url":"https:\/\/i4f.com\/de\/ueber-uns-ihr-partner-fuer-die-bodenbelagsindustrie\/unser-team\/","og_site_name":"i4F","article_modified_time":"2025-11-20T12:59:34+00:00","twitter_card":"summary_large_image","schema":{"@context":"https:\/\/schema.org","@graph":[{"@type":"WebPage","@id":"https:\/\/i4f.com\/de\/ueber-uns-ihr-partner-fuer-die-bodenbelagsindustrie\/unser-team\/","url":"https:\/\/i4f.com\/de\/ueber-uns-ihr-partner-fuer-die-bodenbelagsindustrie\/unser-team\/","name":"Unser Team | Technologische Vision\u00e4re und IP-Spezialisten | i4F","isPartOf":{"@id":"https:\/\/i4f.com\/de\/#website"},"datePublished":"2021-06-10T11:06:26+00:00","dateModified":"2025-11-20T12:59:34+00:00","description":"Das i4F-Team besteht aus einer Gruppe internationaler Bodenbelagsexperten. Mit ihrem globalen Hintergrund sind sie Experten f\u00fcr F&E und Patentverfahren f\u00fcr innovative Bodenbel\u00e4ge.","breadcrumb":{"@id":"https:\/\/i4f.com\/de\/ueber-uns-ihr-partner-fuer-die-bodenbelagsindustrie\/unser-team\/#breadcrumb"},"inLanguage":"de-DE","potentialAction":[{"@type":"ReadAction","target":["https:\/\/i4f.com\/de\/ueber-uns-ihr-partner-fuer-die-bodenbelagsindustrie\/unser-team\/"]}]},{"@type":"BreadcrumbList","@id":"https:\/\/i4f.com\/de\/ueber-uns-ihr-partner-fuer-die-bodenbelagsindustrie\/unser-team\/#breadcrumb","itemListElement":[{"@type":"ListItem","position":1,"name":"Home","item":"https:\/\/i4f.com\/de\/"},{"@type":"ListItem","position":2,"name":"\u00dcber uns \u2013 Ihr Partner f\u00fcr die Bodenbelagsindustrie","item":"https:\/\/i4f.com\/de\/ueber-uns-ihr-partner-fuer-die-bodenbelagsindustrie\/"},{"@type":"ListItem","position":3,"name":"Unser Team"}]},{"@type":"WebSite","@id":"https:\/\/i4f.com\/de\/#website","url":"https:\/\/i4f.com\/de\/","name":"i4F","description":"","potentialAction":[{"@type":"SearchAction","target":{"@type":"EntryPoint","urlTemplate":"https:\/\/i4f.com\/de\/?s={search_term_string}"},"query-input":{"@type":"PropertyValueSpecification","valueRequired":true,"valueName":"search_term_string"}}],"inLanguage":"de-DE"}]}},"_links":{"self":[{"href":"https:\/\/i4f.com\/de\/wp-json\/wp\/v2\/pages\/3291","targetHints":{"allow":["GET"]}}],"collection":[{"href":"https:\/\/i4f.com\/de\/wp-json\/wp\/v2\/pages"}],"about":[{"href":"https:\/\/i4f.com\/de\/wp-json\/wp\/v2\/types\/page"}],"author":[{"embeddable":true,"href":"https:\/\/i4f.com\/de\/wp-json\/wp\/v2\/users\/14"}],"replies":[{"embeddable":true,"href":"https:\/\/i4f.com\/de\/wp-json\/wp\/v2\/comments?post=3291"}],"version-history":[{"count":9,"href":"https:\/\/i4f.com\/de\/wp-json\/wp\/v2\/pages\/3291\/revisions"}],"predecessor-version":[{"id":9742,"href":"https:\/\/i4f.com\/de\/wp-json\/wp\/v2\/pages\/3291\/revisions\/9742"}],"up":[{"embeddable":true,"href":"https:\/\/i4f.com\/de\/wp-json\/wp\/v2\/pages\/3280"}],"wp:attachment":[{"href":"https:\/\/i4f.com\/de\/wp-json\/wp\/v2\/media?parent=3291"}],"curies":[{"name":"wp","href":"https:\/\/api.w.org\/{rel}","templated":true}]}}