{"id":3275,"date":"2021-06-10T12:09:28","date_gmt":"2021-06-10T12:09:28","guid":{"rendered":"https:\/\/i4f.com\/strategische-partnerschaften\/"},"modified":"2024-05-14T14:19:04","modified_gmt":"2024-05-14T14:19:04","slug":"strategische-partnerschaften","status":"publish","type":"page","link":"https:\/\/i4f.com\/de\/ueber-uns-ihr-partner-fuer-die-bodenbelagsindustrie\/strategische-partnerschaften\/","title":{"rendered":"Strategische Partnerschaften"},"content":{"rendered":"        <section class=\"block hero\" id=\"block_a817582e70526f321cbfd5d6e76a358e\">\n          <div class=\"hero-content\" style=\"background-image: url('https:\/\/i4f.com\/app\/themes\/i4f\/assets\/img\/placeholder\/hero-3000x1140.jpg')\">\n              <img decoding=\"async\" src=\"https:\/\/i4f.com\/app\/themes\/i4f\/assets\/img\/placeholder\/full-1440x820.jpg\" alt=\"Gemeinsame Verbindungen durch strategische Partnerschaften \" class=\"img-fluid hero-mobile\"\/>\n\n\n            <div class=\"container\">\n              <div class=\"overlay\"><\/div>\n              <div class=\"row align-items-center\">\n                <div class=\"col-lg-5\">\n                  <div class=\"hero-body\">\n                    <h1>Gemeinsame Verbindungen durch strategische Partnerschaften <\/h1>\n                    <p>Von Beginn an haben wir verstanden, wie bedeutend Partnerschaften sind. In Zusammenarbeit mit unseren Partnern liefern wir die fortschrittlichsten Technologien der Welt und bieten innovative, robuste, langlebige und einfach zu installierende L\u00f6sungen. <\/p>\n                    <p class=\"hero-links\">\n                      <a href=\"#strong-partnerships\" class=\"btn  btn-primary\">Aktuelle Partner-Nachrichten  &nbsp; <svg width=\"24\" height=\"24\" viewBox=\"0 0 24 24\" fill=\"none\" xmlns=\"http:\/\/www.w3.org\/2000\/svg\">\n<path d=\"M12 5V19\" stroke=\"#304757\" stroke-width=\"2\" stroke-linecap=\"round\" stroke-linejoin=\"round\"\/>\n<path d=\"M19 12L12 19L5 12\" stroke=\"#304757\" stroke-width=\"2\" stroke-linecap=\"round\" stroke-linejoin=\"round\"\/>\n<\/svg>\n<\/a>\n                    <\/p>\n                  <\/div>\n                <\/div>\n                <div class=\"col d-none d-lg-block hero-spacer\">\n                <\/div>\n              <\/div>\n            <\/div>\n          <\/div>\n        <\/section>\n\n\n\n        <section class=\"block heading center\" id=\"block_16cbb7323b0802ac734824d6523f6b8b\">\n          <div class=\"container\">\n  <div class=\"row\">\n    <div class=\"col-lg-8 offset-lg-2\">\n      <h2>Starke Partnerschaften zur St\u00e4rkung unserer Technologien<\/h2>\n      <p>i4F und die weltweit f\u00fchrenden Bodenbelagsinnovatoren sind die perfekte Erg\u00e4nzung f\u00fcr die Entwicklung neuer Gesch\u00e4ftsfelder. Wir verbinden Innovation und Technologie f\u00fcr ein gemeinsames Ziel\u00a0\u2013 neue zukunftsweisende L\u00f6sungen f\u00fcr die Industrie zu liefern.<\/p>\n    <\/div>\n  <\/div>\n          <\/div>\n        <\/section>\n\n\n\n        <section class=\"block news feed latest\" id=\"block_3c1eb08c686ac33562345f722f739406\">\n          <div class=\"container\">\n            <h6 class=\"title text-center\">Letzte Neuigkeiten<\/h6>\n            <div class=\"row pb-5\">\n              <div class=\"col-md-4\">\n                <p class=\"date\">Jan 27, 2026<\/p>\n                <p>Lioncore selects i4F as exclusive licensor for its new patented L-SPC lightweight rigid core product build-up and composition<\/p>\n                <p><a href=\"https:\/\/i4f.com\/de\/article\/lioncore-selects-i4f-as-exclusive-licensor-for-its-new-patented-l-spc-lightweight-rigid-core-product-build-up-and-composition\/\" class=\"more\">Artikel lesen<\/a><\/p>\n              <\/div>\n              <div class=\"col-md-4\">\n                <p class=\"date\">Oct 23, 2025<\/p>\n                <p>i4F partners with Finished Edge Technology; Launches Stair Tread technologies in the United States<\/p>\n                <p><a href=\"https:\/\/i4f.com\/de\/article\/i4f-partners-with-finished-edge-technology-launches-stair-tread-technologies-in-the-united-states\/\" class=\"more\">Artikel lesen<\/a><\/p>\n              <\/div>\n              <div class=\"col-md-4\">\n                <p class=\"date\">Aug 26, 2025<\/p>\n                <p>i4F announces technology partnership with VICstairs for StepVue, a uniquely bendable one-piece, seamless stair nose technology<\/p>\n                <p><a href=\"https:\/\/i4f.com\/de\/article\/i4f-announces-technology-partnership-with-vicstairs-for-stepvue-a-uniquely-bendable-one-piece-seamless-stair-nose-technology\/\" class=\"more\">Artikel lesen<\/a><\/p>\n              <\/div>\n            <\/div>\n            <p class=\"text-center\"><a href=\"https:\/\/i4f.com\/de\/news\/\" class=\"btn btn-outline-secondary\">Alle Neuigkeiten anzeigen<\/a><\/p>\n          <\/div>\n        <\/section>\n\n\n\n        <section class=\"block cta cta-text\" id=\"block_60ddb636d0802\">\n          <div class=\"container\">\n  <div class=\"row\">\n    <div class=\"col-xl-8 offset-xl-2\">\n        <div class=\"cta-content\">\n          <h3>Sie werden in guter Gesellschaft sein<\/h3>\n          <div class=\"row\">\n            <div class=\"col-lg-6 offset-lg-3\">\n              <p>Die Technologie entwickelt sich weiter\u00a0\u2013 besonders bei Bodenbel\u00e4gen. Um der Nachfrage nach innovativen Bodenbel\u00e4gen einen Schritt voraus zu sein, schlie\u00dfen Sie sich den vielen Partnern an, die i4F-Lizenznehmer geworden sind.<\/p>\n              <p class=\"hero-links\">\n                  <a href=\"https:\/\/i4f.com\/contact\/?tab=block_60d3b16e96657-2-form#block_60d3b16596656\" class=\"btn  btn-primary\">Werden Sie Lizenznehmer<\/a>\n                    <a href=\"https:\/\/i4f.com\/licensees\/\" class=\"more\">Hier eine \u00dcbersicht \u00fcber unsere Lizenznehmer<\/a>\n                <\/p>\n            <\/div>\n          <\/div>\n      <\/div>\n    <\/div>\n  <\/div>\n          <\/div>\n        <\/section>\n\n","protected":false},"excerpt":{"rendered":"","protected":false},"author":14,"featured_media":0,"parent":3280,"menu_order":0,"comment_status":"closed","ping_status":"closed","template":"","meta":{"_acf_changed":false,"content-type":"","footnotes":""},"class_list":["post-3275","page","type-page","status-publish","hentry"],"acf":[],"yoast_head":"<!-- This site is optimized with the Yoast SEO plugin v24.8.1 - https:\/\/yoast.com\/wordpress\/plugins\/seo\/ -->\n<title>Connecting Together Through Strategic Partnerships | i4F<\/title>\n<meta name=\"description\" content=\"Durch strategische Partnerschaften arbeitet i4F mit den weltweit f\u00fchrenden Bodenbelagsherstellern zusammen, um eine st\u00e4rkere und rentablere Branche zu schaffen.\" \/>\n<meta name=\"robots\" content=\"index, follow, max-snippet:-1, max-image-preview:large, max-video-preview:-1\" \/>\n<link rel=\"canonical\" href=\"https:\/\/i4f.com\/de\/ueber-uns-ihr-partner-fuer-die-bodenbelagsindustrie\/strategische-partnerschaften\/\" \/>\n<meta property=\"og:locale\" content=\"de_DE\" \/>\n<meta property=\"og:type\" content=\"article\" \/>\n<meta property=\"og:title\" content=\"Connecting Together Through Strategic Partnerships | i4F\" \/>\n<meta property=\"og:description\" content=\"Durch strategische Partnerschaften arbeitet i4F mit den weltweit f\u00fchrenden Bodenbelagsherstellern zusammen, um eine st\u00e4rkere und rentablere Branche zu schaffen.\" \/>\n<meta property=\"og:url\" content=\"https:\/\/i4f.com\/de\/ueber-uns-ihr-partner-fuer-die-bodenbelagsindustrie\/strategische-partnerschaften\/\" \/>\n<meta property=\"og:site_name\" content=\"i4F\" \/>\n<meta property=\"article:modified_time\" content=\"2024-05-14T14:19:04+00:00\" \/>\n<meta name=\"twitter:card\" content=\"summary_large_image\" \/>\n<script type=\"application\/ld+json\" class=\"yoast-schema-graph\">{\"@context\":\"https:\/\/schema.org\",\"@graph\":[{\"@type\":\"WebPage\",\"@id\":\"https:\/\/i4f.com\/de\/ueber-uns-ihr-partner-fuer-die-bodenbelagsindustrie\/strategische-partnerschaften\/\",\"url\":\"https:\/\/i4f.com\/de\/ueber-uns-ihr-partner-fuer-die-bodenbelagsindustrie\/strategische-partnerschaften\/\",\"name\":\"Connecting Together Through Strategic Partnerships | i4F\",\"isPartOf\":{\"@id\":\"https:\/\/i4f.com\/de\/#website\"},\"datePublished\":\"2021-06-10T12:09:28+00:00\",\"dateModified\":\"2024-05-14T14:19:04+00:00\",\"description\":\"Durch strategische Partnerschaften arbeitet i4F mit den weltweit f\u00fchrenden Bodenbelagsherstellern zusammen, um eine st\u00e4rkere und rentablere Branche zu schaffen.\",\"breadcrumb\":{\"@id\":\"https:\/\/i4f.com\/de\/ueber-uns-ihr-partner-fuer-die-bodenbelagsindustrie\/strategische-partnerschaften\/#breadcrumb\"},\"inLanguage\":\"de-DE\",\"potentialAction\":[{\"@type\":\"ReadAction\",\"target\":[\"https:\/\/i4f.com\/de\/ueber-uns-ihr-partner-fuer-die-bodenbelagsindustrie\/strategische-partnerschaften\/\"]}]},{\"@type\":\"BreadcrumbList\",\"@id\":\"https:\/\/i4f.com\/de\/ueber-uns-ihr-partner-fuer-die-bodenbelagsindustrie\/strategische-partnerschaften\/#breadcrumb\",\"itemListElement\":[{\"@type\":\"ListItem\",\"position\":1,\"name\":\"Home\",\"item\":\"https:\/\/i4f.com\/de\/\"},{\"@type\":\"ListItem\",\"position\":2,\"name\":\"\u00dcber uns \u2013 Ihr Partner f\u00fcr die Bodenbelagsindustrie\",\"item\":\"https:\/\/i4f.com\/de\/ueber-uns-ihr-partner-fuer-die-bodenbelagsindustrie\/\"},{\"@type\":\"ListItem\",\"position\":3,\"name\":\"Strategische Partnerschaften\"}]},{\"@type\":\"WebSite\",\"@id\":\"https:\/\/i4f.com\/de\/#website\",\"url\":\"https:\/\/i4f.com\/de\/\",\"name\":\"i4F\",\"description\":\"\",\"potentialAction\":[{\"@type\":\"SearchAction\",\"target\":{\"@type\":\"EntryPoint\",\"urlTemplate\":\"https:\/\/i4f.com\/de\/?s={search_term_string}\"},\"query-input\":{\"@type\":\"PropertyValueSpecification\",\"valueRequired\":true,\"valueName\":\"search_term_string\"}}],\"inLanguage\":\"de-DE\"}]}<\/script>\n<!-- \/ Yoast SEO plugin. -->","yoast_head_json":{"title":"Connecting Together Through Strategic Partnerships | i4F","description":"Durch strategische Partnerschaften arbeitet i4F mit den weltweit f\u00fchrenden Bodenbelagsherstellern zusammen, um eine st\u00e4rkere und rentablere Branche zu schaffen.","robots":{"index":"index","follow":"follow","max-snippet":"max-snippet:-1","max-image-preview":"max-image-preview:large","max-video-preview":"max-video-preview:-1"},"canonical":"https:\/\/i4f.com\/de\/ueber-uns-ihr-partner-fuer-die-bodenbelagsindustrie\/strategische-partnerschaften\/","og_locale":"de_DE","og_type":"article","og_title":"Connecting Together Through Strategic Partnerships | i4F","og_description":"Durch strategische Partnerschaften arbeitet i4F mit den weltweit f\u00fchrenden Bodenbelagsherstellern zusammen, um eine st\u00e4rkere und rentablere Branche zu schaffen.","og_url":"https:\/\/i4f.com\/de\/ueber-uns-ihr-partner-fuer-die-bodenbelagsindustrie\/strategische-partnerschaften\/","og_site_name":"i4F","article_modified_time":"2024-05-14T14:19:04+00:00","twitter_card":"summary_large_image","schema":{"@context":"https:\/\/schema.org","@graph":[{"@type":"WebPage","@id":"https:\/\/i4f.com\/de\/ueber-uns-ihr-partner-fuer-die-bodenbelagsindustrie\/strategische-partnerschaften\/","url":"https:\/\/i4f.com\/de\/ueber-uns-ihr-partner-fuer-die-bodenbelagsindustrie\/strategische-partnerschaften\/","name":"Connecting Together Through Strategic Partnerships | i4F","isPartOf":{"@id":"https:\/\/i4f.com\/de\/#website"},"datePublished":"2021-06-10T12:09:28+00:00","dateModified":"2024-05-14T14:19:04+00:00","description":"Durch strategische Partnerschaften arbeitet i4F mit den weltweit f\u00fchrenden Bodenbelagsherstellern zusammen, um eine st\u00e4rkere und rentablere Branche zu schaffen.","breadcrumb":{"@id":"https:\/\/i4f.com\/de\/ueber-uns-ihr-partner-fuer-die-bodenbelagsindustrie\/strategische-partnerschaften\/#breadcrumb"},"inLanguage":"de-DE","potentialAction":[{"@type":"ReadAction","target":["https:\/\/i4f.com\/de\/ueber-uns-ihr-partner-fuer-die-bodenbelagsindustrie\/strategische-partnerschaften\/"]}]},{"@type":"BreadcrumbList","@id":"https:\/\/i4f.com\/de\/ueber-uns-ihr-partner-fuer-die-bodenbelagsindustrie\/strategische-partnerschaften\/#breadcrumb","itemListElement":[{"@type":"ListItem","position":1,"name":"Home","item":"https:\/\/i4f.com\/de\/"},{"@type":"ListItem","position":2,"name":"\u00dcber uns \u2013 Ihr Partner f\u00fcr die Bodenbelagsindustrie","item":"https:\/\/i4f.com\/de\/ueber-uns-ihr-partner-fuer-die-bodenbelagsindustrie\/"},{"@type":"ListItem","position":3,"name":"Strategische Partnerschaften"}]},{"@type":"WebSite","@id":"https:\/\/i4f.com\/de\/#website","url":"https:\/\/i4f.com\/de\/","name":"i4F","description":"","potentialAction":[{"@type":"SearchAction","target":{"@type":"EntryPoint","urlTemplate":"https:\/\/i4f.com\/de\/?s={search_term_string}"},"query-input":{"@type":"PropertyValueSpecification","valueRequired":true,"valueName":"search_term_string"}}],"inLanguage":"de-DE"}]}},"_links":{"self":[{"href":"https:\/\/i4f.com\/de\/wp-json\/wp\/v2\/pages\/3275","targetHints":{"allow":["GET"]}}],"collection":[{"href":"https:\/\/i4f.com\/de\/wp-json\/wp\/v2\/pages"}],"about":[{"href":"https:\/\/i4f.com\/de\/wp-json\/wp\/v2\/types\/page"}],"author":[{"embeddable":true,"href":"https:\/\/i4f.com\/de\/wp-json\/wp\/v2\/users\/14"}],"replies":[{"embeddable":true,"href":"https:\/\/i4f.com\/de\/wp-json\/wp\/v2\/comments?post=3275"}],"version-history":[{"count":5,"href":"https:\/\/i4f.com\/de\/wp-json\/wp\/v2\/pages\/3275\/revisions"}],"predecessor-version":[{"id":8267,"href":"https:\/\/i4f.com\/de\/wp-json\/wp\/v2\/pages\/3275\/revisions\/8267"}],"up":[{"embeddable":true,"href":"https:\/\/i4f.com\/de\/wp-json\/wp\/v2\/pages\/3280"}],"wp:attachment":[{"href":"https:\/\/i4f.com\/de\/wp-json\/wp\/v2\/media?parent=3275"}],"curies":[{"name":"wp","href":"https:\/\/api.w.org\/{rel}","templated":true}]}}