{"id":3098,"date":"2021-06-10T12:17:13","date_gmt":"2021-06-10T12:17:13","guid":{"rendered":"https:\/\/i4f.com\/ziel\/"},"modified":"2021-12-14T13:43:08","modified_gmt":"2021-12-14T13:43:08","slug":"ziel","status":"publish","type":"page","link":"https:\/\/i4f.com\/de\/ueber-uns-ihr-partner-fuer-die-bodenbelagsindustrie\/ziel\/","title":{"rendered":"Ziel"},"content":{"rendered":"        <section class=\"block hero\" id=\"block_60c20196df5d5\">\n          <div class=\"hero-content\" style=\"background-image: url('https:\/\/i4f.com\/app\/uploads\/2021\/06\/About-us-header_collage-v2-1520x640.jpg')\">\n                              <img loading=\"lazy\" decoding=\"async\" src=\"https:\/\/i4f.com\/app\/uploads\/2021\/06\/About-us-header_collage-v2-1440x640.jpg\" alt=\"collage of hexagons showing \"\n         srcset=\"https:\/\/i4f.com\/app\/uploads\/2021\/06\/About-us-header_collage-v2-350x0-c-default.jpg 320w,https:\/\/i4f.com\/app\/uploads\/2021\/06\/About-us-header_collage-v2-1440x640.jpg 640w, https:\/\/i4f.com\/app\/uploads\/2021\/06\/About-us-header_collage-v2.jpg 1024w\"\n         sizes=\"auto, 100vw\" class=\"img-fluid hero-mobile\" width=\"1440\"\n         height=\"640\"\/>\n    \n\n            <div class=\"container\">\n              <div class=\"overlay\"><\/div>\n              <div class=\"row align-items-center\">\n                <div class=\"col-lg-5\">\n                  <div class=\"hero-body\">\n                    <h1>Verbindungen zum Besseren ver\u00e4ndern <\/h1>\n                    <p>Bei i4F entwickeln wir patentierte Technologien, die die Bodenbelagsbranche und angrenzende Bereiche revolutionieren. Durch die Umgestaltung von Verbindungen verbessern wir das Umfeld, in dem Menschen leben, arbeiten und spielen. <\/p>\n                    <p class=\"hero-links\">\n                      <a href=\"#Why-we\" class=\"btn  btn-primary\">Warum sind wir anders?  &nbsp; <svg width=\"24\" height=\"24\" viewBox=\"0 0 24 24\" fill=\"none\" xmlns=\"http:\/\/www.w3.org\/2000\/svg\">\n<path d=\"M12 5V19\" stroke=\"#304757\" stroke-width=\"2\" stroke-linecap=\"round\" stroke-linejoin=\"round\"\/>\n<path d=\"M19 12L12 19L5 12\" stroke=\"#304757\" stroke-width=\"2\" stroke-linecap=\"round\" stroke-linejoin=\"round\"\/>\n<\/svg>\n<\/a>\n                      <a href=\"https:\/\/i4f.com\/de\/contact\/?tab=block_60d3b16e96657-2-form#block_60d3b16596656\" class=\"btn  btn-outline-secondary\">Werden Sie Lizenznehmer <\/a>\n                    <\/p>\n                  <\/div>\n                <\/div>\n                <div class=\"col d-none d-lg-block hero-spacer\">\n                <\/div>\n              <\/div>\n            <\/div>\n          <\/div>\n        <\/section>\n\n\n\n        <section class=\"block feature-list\" id=\"Why-we\">\n          <div class=\"container\">\n    <div class=\"heading\">\n      <div class=\"row\">\n        <div class=\"col-lg-8 offset-lg-2\">\n          <p class=\"section\">ZIEL. VISION. MISSION.<\/p>\n          <h2>Unsere Beweggr\u00fcnde<\/h2>\n          <p>Wir glauben, dass selbst die kleinsten Innovationen das Potenzial haben, nicht nur Produkte, sondern auch das Leben der Menschen, die sie nutzen, zu ver\u00e4ndern. Aus diesem Grund besitzen und vertreten wir Tausende von Patenten und Technologien. Und deshalb entwickeln wir immer mehr, sowohl unabh\u00e4ngig als auch mit unseren Partnern.<\/p>\n        <\/div>\n      <\/div>\n    <\/div>\n    <div class=\"row\">\n        <div class=\"col-lg-4\">\n      <div class=\"item\">\n                      <h5>Ziel<\/h5>\n        <p>Um alles in der Welt herauszufordern und zu verbessern.<\/p>\n            <\/div>\n    <\/div>\n        <div class=\"col-lg-4\">\n      <div class=\"item\">\n                      <h5>Vision<\/h5>\n        <p>Wir wollen den Ort, an dem Menschen leben, arbeiten und spielen, mit ausgekl\u00fcgelten Technologien aufwerten, und zwar vom Boden an aufw\u00e4rts.<\/p>\n            <\/div>\n    <\/div>\n        <div class=\"col-lg-4\">\n      <div class=\"item\">\n                      <h5>Mission<\/h5>\n        <p>Kontinuierliche Revolutionierung des Bodenbelags und dar\u00fcber hinaus durch technologische Spitzenleistungen, sinnvolle Innovationen und menschliche Partnerschaften.<\/p>\n            <\/div>\n    <\/div>\n      <\/div>\n            <\/div>\n        <\/section>\n\n\n\n        <section class=\"block feature-list\" id=\"block_60c2025fdf5ea\">\n          <div class=\"container\">\n    <div class=\"heading\">\n      <div class=\"row\">\n        <div class=\"col-lg-8 offset-lg-2\">\n          <p class=\"section\">WAS UNS BEI I4F BESONDERS MACHT <\/p>\n          <h2>Unsere beratende Herangehensweise<\/h2>\n          <p>Wenn es um gesch\u00e4ftliche Beziehungen geht, definieren wir Verbindungen ganz neu.  Unsere Kunden sind unsere Partner. Und durch unsere Partnerschaften arbeiten und innovieren wir und haben gemeinsam Erfolg<\/p>\n        <\/div>\n      <\/div>\n    <\/div>\n    <div class=\"row\">\n        <div class=\"col-lg-3\">\n      <div class=\"item\">\n                      <h5>Unsere Mitarbeiter <\/h5>\n        <p>Wir sind eine Gruppe besonderer Menschen\u00a0\u2013 Experten, Spezialisten, Tr\u00e4umer und Macher. Wir sind im Herzen Unternehmer und haben eine gemeinsame Leidenschaft f\u00fcr sinnvolle Innovationen.  <\/p>\n            <\/div>\n    <\/div>\n        <div class=\"col-lg-3\">\n      <div class=\"item\">\n                      <h5>Unsere technische Kompetenz <\/h5>\n        <p>Ob gro\u00df oder klein, in unserem Streben nach kontinuierlicher Verbesserung stellen wir alles in Frage. Durch Detailgenauigkeit, Pr\u00e4zision und Marktkenntnis finden wir f\u00fcr jedes Problem eine L\u00f6sung. <\/p>\n            <\/div>\n    <\/div>\n        <div class=\"col-lg-3\">\n      <div class=\"item\">\n                      <h5>Unsere Kultur <\/h5>\n        <p>F\u00fcr uns ist es mehr als Arbeit. Es ist eine Familie. Wir alle helfen uns gegenseitig. Und zwar um klar definierte, gemeinsame Ziele zu erreichen. Wir sind zusammen auf einer Reise, und wir gestalten uns unseren eigenen Weg. Und wir achten darauf, dass uns die Reise Spa\u00df macht. \n<\/p>\n            <\/div>\n    <\/div>\n        <div class=\"col-lg-3\">\n      <div class=\"item\">\n                      <h5>Ihre Bed\u00fcrfnisse<\/h5>\n        <p>Wir schr\u00e4nken Ihre Arbeitsweise nicht ein, wir erm\u00f6glichen sie. i4F bietet Lizenznehmern eine noch nie dagewesene Wahlfreiheit, indem es ihnen mehr M\u00f6glichkeiten bietet, die Patente oder Patentgruppen auszuw\u00e4hlen, die den Bed\u00fcrfnissen ihrer Unternehmen am besten entsprechen. <\/p>\n            <\/div>\n    <\/div>\n      <\/div>\n            <\/div>\n        <\/section>\n\n\n\n        <section class=\"block cta image\" id=\"block_60ddb636d0802\">\n          <div class=\"container\">\n  <div class=\"row\">\n    <div class=\"col-lg-8 offset-lg-2\">\n      <div class=\"cta-bg\">\n        <div class=\"row align-items-center\">\n          <div class=\"col-xl-3\">\n            <div class=\"cta-image\">\n                                <img loading=\"lazy\" decoding=\"async\" src=\"https:\/\/i4f.com\/app\/uploads\/2021\/06\/Newsletter-preview-1-360x370.png\" alt=\"A tablet with a picture of the website\"\n         srcset=\"https:\/\/i4f.com\/app\/uploads\/2021\/06\/Newsletter-preview-1-350x0-c-default.png 320w,https:\/\/i4f.com\/app\/uploads\/2021\/06\/Newsletter-preview-1-360x370.png 640w, https:\/\/i4f.com\/app\/uploads\/2021\/06\/Newsletter-preview-1-716x740.png 1024w\"\n         sizes=\"auto, 100vw\" class=\"img-fluid\" width=\"360\"\n         height=\"370\"\/>\n    \n\n            <\/div>\n          <\/div>\n          <div class=\"col-xl-9\">\n            <div class=\"cta-content\">\n              <h3>Mit i4F auf dem neuesten Stand bleiben<\/h3>\n              <ul>\n                <li>Die neuesten Branchennachrichten direkt in Ihrem Posteingang<\/li>\n                <li>Erfahren Sie mehr \u00fcber unsere Technologien und \u00fcber kommende Veranstaltungen<\/li>\n              <\/ul>\n              <form action=\"\/de\/ueber-uns-ihr-partner-fuer-die-bodenbelagsindustrie\/ziel\/#block_60ddb636d0802\" method=\"post\" class=\"form-mailing-list form-process\" data-action=\"subscribe\" data-nonce=\"81a8dd8ac0\" data-post-id=\"3098\" novalidate>\n                <div class='form-container'>\n                  <div class=\"alert alert-danger error\"><\/div>\n                  <label for=\"email\">Ihre E-Mail Adresse<\/label>\n                  <div class=\"row g-0 align-items-center\">\n                    <div class=\"col-6\">\n                      <input id=\"email\" name=\"email\" type=\"email\" value=\"\" class=\"form-control\" \/>\n                    <\/div>\n                    <div class=\"col-6\">\n                      <button class=\"btn btn-sm btn-primary\">Halten Sie mich auf dem Laufenden<\/button>\n                    <\/div>\n                  <\/div>\n                <\/div>\n                <div class=\"form-thank-you\">\n                  <h3>Danke f\u00fcr Ihre Anmeldung<\/h3>\n                <\/div>\n              <\/form>\n            <\/div>\n          <\/div>\n        <\/div>\n      <\/div>\n    <\/div>\n  <\/div>\n          <\/div>\n        <\/section>\n\n","protected":false},"excerpt":{"rendered":"","protected":false},"author":14,"featured_media":0,"parent":3280,"menu_order":0,"comment_status":"closed","ping_status":"closed","template":"","meta":{"_acf_changed":false,"content-type":"","footnotes":""},"class_list":["post-3098","page","type-page","status-publish","hentry"],"acf":[],"yoast_head":"<!-- This site is optimized with the Yoast SEO plugin v24.8.1 - https:\/\/yoast.com\/wordpress\/plugins\/seo\/ -->\n<title>Ziel - i4F<\/title>\n<meta name=\"description\" content=\"Hier bei uns, bei i4F, entwickelt sich die Welt schnell weiter. Unser Ziel ist es, alles zu hinterfragen und zu verbessern, was unsere Fachgebiete ber\u00fchrt oder von ihnen beeinflusst wird.\" \/>\n<meta name=\"robots\" content=\"index, follow, max-snippet:-1, max-image-preview:large, max-video-preview:-1\" \/>\n<link rel=\"canonical\" href=\"https:\/\/i4f.com\/de\/ueber-uns-ihr-partner-fuer-die-bodenbelagsindustrie\/ziel\/\" \/>\n<meta property=\"og:locale\" content=\"de_DE\" \/>\n<meta property=\"og:type\" content=\"article\" \/>\n<meta property=\"og:title\" content=\"Ziel - i4F\" \/>\n<meta property=\"og:description\" content=\"Hier bei uns, bei i4F, entwickelt sich die Welt schnell weiter. Unser Ziel ist es, alles zu hinterfragen und zu verbessern, was unsere Fachgebiete ber\u00fchrt oder von ihnen beeinflusst wird.\" \/>\n<meta property=\"og:url\" content=\"https:\/\/i4f.com\/de\/ueber-uns-ihr-partner-fuer-die-bodenbelagsindustrie\/ziel\/\" \/>\n<meta property=\"og:site_name\" content=\"i4F\" \/>\n<meta property=\"article:modified_time\" content=\"2021-12-14T13:43:08+00:00\" \/>\n<meta name=\"twitter:card\" content=\"summary_large_image\" \/>\n<script type=\"application\/ld+json\" class=\"yoast-schema-graph\">{\"@context\":\"https:\/\/schema.org\",\"@graph\":[{\"@type\":\"WebPage\",\"@id\":\"https:\/\/i4f.com\/de\/ueber-uns-ihr-partner-fuer-die-bodenbelagsindustrie\/ziel\/\",\"url\":\"https:\/\/i4f.com\/de\/ueber-uns-ihr-partner-fuer-die-bodenbelagsindustrie\/ziel\/\",\"name\":\"Ziel - i4F\",\"isPartOf\":{\"@id\":\"https:\/\/i4f.com\/de\/#website\"},\"datePublished\":\"2021-06-10T12:17:13+00:00\",\"dateModified\":\"2021-12-14T13:43:08+00:00\",\"description\":\"Hier bei uns, bei i4F, entwickelt sich die Welt schnell weiter. Unser Ziel ist es, alles zu hinterfragen und zu verbessern, was unsere Fachgebiete ber\u00fchrt oder von ihnen beeinflusst wird.\",\"breadcrumb\":{\"@id\":\"https:\/\/i4f.com\/de\/ueber-uns-ihr-partner-fuer-die-bodenbelagsindustrie\/ziel\/#breadcrumb\"},\"inLanguage\":\"de-DE\",\"potentialAction\":[{\"@type\":\"ReadAction\",\"target\":[\"https:\/\/i4f.com\/de\/ueber-uns-ihr-partner-fuer-die-bodenbelagsindustrie\/ziel\/\"]}]},{\"@type\":\"BreadcrumbList\",\"@id\":\"https:\/\/i4f.com\/de\/ueber-uns-ihr-partner-fuer-die-bodenbelagsindustrie\/ziel\/#breadcrumb\",\"itemListElement\":[{\"@type\":\"ListItem\",\"position\":1,\"name\":\"Home\",\"item\":\"https:\/\/i4f.com\/de\/\"},{\"@type\":\"ListItem\",\"position\":2,\"name\":\"\u00dcber uns \u2013 Ihr Partner f\u00fcr die Bodenbelagsindustrie\",\"item\":\"https:\/\/i4f.com\/de\/ueber-uns-ihr-partner-fuer-die-bodenbelagsindustrie\/\"},{\"@type\":\"ListItem\",\"position\":3,\"name\":\"Ziel\"}]},{\"@type\":\"WebSite\",\"@id\":\"https:\/\/i4f.com\/de\/#website\",\"url\":\"https:\/\/i4f.com\/de\/\",\"name\":\"i4F\",\"description\":\"\",\"potentialAction\":[{\"@type\":\"SearchAction\",\"target\":{\"@type\":\"EntryPoint\",\"urlTemplate\":\"https:\/\/i4f.com\/de\/?s={search_term_string}\"},\"query-input\":{\"@type\":\"PropertyValueSpecification\",\"valueRequired\":true,\"valueName\":\"search_term_string\"}}],\"inLanguage\":\"de-DE\"}]}<\/script>\n<!-- \/ Yoast SEO plugin. -->","yoast_head_json":{"title":"Ziel - i4F","description":"Hier bei uns, bei i4F, entwickelt sich die Welt schnell weiter. Unser Ziel ist es, alles zu hinterfragen und zu verbessern, was unsere Fachgebiete ber\u00fchrt oder von ihnen beeinflusst wird.","robots":{"index":"index","follow":"follow","max-snippet":"max-snippet:-1","max-image-preview":"max-image-preview:large","max-video-preview":"max-video-preview:-1"},"canonical":"https:\/\/i4f.com\/de\/ueber-uns-ihr-partner-fuer-die-bodenbelagsindustrie\/ziel\/","og_locale":"de_DE","og_type":"article","og_title":"Ziel - i4F","og_description":"Hier bei uns, bei i4F, entwickelt sich die Welt schnell weiter. Unser Ziel ist es, alles zu hinterfragen und zu verbessern, was unsere Fachgebiete ber\u00fchrt oder von ihnen beeinflusst wird.","og_url":"https:\/\/i4f.com\/de\/ueber-uns-ihr-partner-fuer-die-bodenbelagsindustrie\/ziel\/","og_site_name":"i4F","article_modified_time":"2021-12-14T13:43:08+00:00","twitter_card":"summary_large_image","schema":{"@context":"https:\/\/schema.org","@graph":[{"@type":"WebPage","@id":"https:\/\/i4f.com\/de\/ueber-uns-ihr-partner-fuer-die-bodenbelagsindustrie\/ziel\/","url":"https:\/\/i4f.com\/de\/ueber-uns-ihr-partner-fuer-die-bodenbelagsindustrie\/ziel\/","name":"Ziel - i4F","isPartOf":{"@id":"https:\/\/i4f.com\/de\/#website"},"datePublished":"2021-06-10T12:17:13+00:00","dateModified":"2021-12-14T13:43:08+00:00","description":"Hier bei uns, bei i4F, entwickelt sich die Welt schnell weiter. Unser Ziel ist es, alles zu hinterfragen und zu verbessern, was unsere Fachgebiete ber\u00fchrt oder von ihnen beeinflusst wird.","breadcrumb":{"@id":"https:\/\/i4f.com\/de\/ueber-uns-ihr-partner-fuer-die-bodenbelagsindustrie\/ziel\/#breadcrumb"},"inLanguage":"de-DE","potentialAction":[{"@type":"ReadAction","target":["https:\/\/i4f.com\/de\/ueber-uns-ihr-partner-fuer-die-bodenbelagsindustrie\/ziel\/"]}]},{"@type":"BreadcrumbList","@id":"https:\/\/i4f.com\/de\/ueber-uns-ihr-partner-fuer-die-bodenbelagsindustrie\/ziel\/#breadcrumb","itemListElement":[{"@type":"ListItem","position":1,"name":"Home","item":"https:\/\/i4f.com\/de\/"},{"@type":"ListItem","position":2,"name":"\u00dcber uns \u2013 Ihr Partner f\u00fcr die Bodenbelagsindustrie","item":"https:\/\/i4f.com\/de\/ueber-uns-ihr-partner-fuer-die-bodenbelagsindustrie\/"},{"@type":"ListItem","position":3,"name":"Ziel"}]},{"@type":"WebSite","@id":"https:\/\/i4f.com\/de\/#website","url":"https:\/\/i4f.com\/de\/","name":"i4F","description":"","potentialAction":[{"@type":"SearchAction","target":{"@type":"EntryPoint","urlTemplate":"https:\/\/i4f.com\/de\/?s={search_term_string}"},"query-input":{"@type":"PropertyValueSpecification","valueRequired":true,"valueName":"search_term_string"}}],"inLanguage":"de-DE"}]}},"_links":{"self":[{"href":"https:\/\/i4f.com\/de\/wp-json\/wp\/v2\/pages\/3098","targetHints":{"allow":["GET"]}}],"collection":[{"href":"https:\/\/i4f.com\/de\/wp-json\/wp\/v2\/pages"}],"about":[{"href":"https:\/\/i4f.com\/de\/wp-json\/wp\/v2\/types\/page"}],"author":[{"embeddable":true,"href":"https:\/\/i4f.com\/de\/wp-json\/wp\/v2\/users\/14"}],"replies":[{"embeddable":true,"href":"https:\/\/i4f.com\/de\/wp-json\/wp\/v2\/comments?post=3098"}],"version-history":[{"count":12,"href":"https:\/\/i4f.com\/de\/wp-json\/wp\/v2\/pages\/3098\/revisions"}],"predecessor-version":[{"id":3615,"href":"https:\/\/i4f.com\/de\/wp-json\/wp\/v2\/pages\/3098\/revisions\/3615"}],"up":[{"embeddable":true,"href":"https:\/\/i4f.com\/de\/wp-json\/wp\/v2\/pages\/3280"}],"wp:attachment":[{"href":"https:\/\/i4f.com\/de\/wp-json\/wp\/v2\/media?parent=3098"}],"curies":[{"name":"wp","href":"https:\/\/api.w.org\/{rel}","templated":true}]}}