{"id":3079,"date":"2021-05-20T14:09:49","date_gmt":"2021-05-20T14:09:49","guid":{"rendered":"https:\/\/i4f.com\/i4f-bodensysteme\/"},"modified":"2021-12-14T13:57:17","modified_gmt":"2021-12-14T13:57:17","slug":"i4f-bodensysteme","status":"publish","type":"page","link":"https:\/\/i4f.com\/de\/","title":{"rendered":"i4F Bodensysteme"},"content":{"rendered":"        <section class=\"block is-dark hero\" id=\"block_60c0925cef80e\">\n          <div class=\"hero-content is-center\" style=\"background-image: url('https:\/\/i4f.com\/app\/uploads\/2021\/06\/Home-header-1520x800.jpg')\">\n                              <img loading=\"lazy\" decoding=\"async\" src=\"https:\/\/i4f.com\/app\/uploads\/2021\/06\/Home-header-1440x800.jpg\" alt=\"Verbindungen zum Besseren ver\u00e4ndern \"\n         srcset=\"https:\/\/i4f.com\/app\/uploads\/2021\/06\/Home-header-350x0-c-default.jpg 320w,https:\/\/i4f.com\/app\/uploads\/2021\/06\/Home-header-1440x800.jpg 640w, https:\/\/i4f.com\/app\/uploads\/2021\/06\/Home-header.jpg 1024w\"\n         sizes=\"auto, 100vw\" class=\"img-fluid hero-mobile\" width=\"1440\"\n         height=\"800\"\/>\n    \n\n            <div class=\"container\">\n              <div class=\"overlay\"><\/div>\n              <div class=\"row align-items-center\">\n                <div class=\"col-lg-5\">\n                  <div class=\"hero-body\">\n                    <h6>i4F PATENTE UND TECHNOLOGIEN <\/h6>\n                    <h1>Verbindungen zum Besseren ver\u00e4ndern <\/h1>\n                    <p>Bei i4F entwickeln wir patentierte Technologien, die die Bodenbelagsbranche und angrenzende Bereiche revolutionieren. Durch die Umgestaltung von Verbindungen verbessern wir die Umgebung, in der Menschen leben, arbeiten und spielen\u00a0\u2013 mit ausgekl\u00fcgelten Technologien vom Boden aufw\u00e4rts. <\/p>\n                    <p class=\"hero-links\">\n                      <a href=\"https:\/\/i4f.com\/de\/technologies\/drop-lock\/\" class=\"btn  btn-primary\">Sehen Sie sich unsere Drop-Lock-Technologien an <\/a>\n                      <a href=\"https:\/\/i4f.com\/de\/virtual-showcase\/\" class=\"btn  btn-outline-light\">Sehen Sie sich unser virtuelles Schaufenster an <\/a>\n                    <\/p>\n                  <\/div>\n                <\/div>\n                <div class=\"offset-lg-3 col-lg-4 hero-spacer\">\n                  <div class=\"block-side block-news\">\n                    <a href=\"https:\/\/i4f.com\/de\/news\/\" class=\"more float-end\">Alle Neuigkeiten anzeigen <svg width=\"9\" height=\"16\" viewBox=\"0 0 9 16\" fill=\"none\" xmlns=\"http:\/\/www.w3.org\/2000\/svg\">\n<path d=\"M2 14L8 8L2 2\" stroke=\"#304757\" stroke-width=\"2\" stroke-linecap=\"square\" stroke-linejoin=\"round\"\/>\n<\/svg>\n<\/a>\n                    <h3>Neuigkeiten<\/h3>\n                    <div class=\"news-slider card-click\">\n                      <div class=\"news-dots\"><\/div>\n                      <div class=\"card item\">\n                        <div class=\"item-content\">\n                          <p><a href=\"\/de\/article\/i4f-and-unilin-technologies-enter-into-non%e2%80%91assert-agreement-on-water%e2%80%91repellent-coating-patents-for-laminate-and-wood-flooring\/\">i4F and Unilin Technologies\u00a0enter into non\u2011assert agreement on water\u2011repellent coating&hellip;<\/a><\/p>\n                          <p class=\"item-footer\">31 March 2026 <span><svg width=\"24\" height=\"24\" viewBox=\"0 0 24 24\" fill=\"none\" xmlns=\"http:\/\/www.w3.org\/2000\/svg\">\n<path d=\"M5 12H18\" stroke=\"#304757\" stroke-width=\"2\" stroke-linecap=\"square\" stroke-linejoin=\"round\"\/>\n<path d=\"M12 5L19 12L12 19\" stroke=\"#304757\" stroke-width=\"2\" stroke-linecap=\"square\"\/>\n<\/svg>\n<\/span><\/p>\n                        <\/div>\n                      <\/div>\n                      <div class=\"card item\">\n                        <div class=\"item-content\">\n                          <p><a href=\"\/de\/article\/parkett-magazin-i4f-john-rietveldt-in-an-interview-of-the-month\/\">Parkett Magazin &#8211; i4F: John Rietveldt in an interview of&hellip;<\/a><\/p>\n                          <p class=\"item-footer\">25 March 2026 <span><svg width=\"24\" height=\"24\" viewBox=\"0 0 24 24\" fill=\"none\" xmlns=\"http:\/\/www.w3.org\/2000\/svg\">\n<path d=\"M5 12H18\" stroke=\"#304757\" stroke-width=\"2\" stroke-linecap=\"square\" stroke-linejoin=\"round\"\/>\n<path d=\"M12 5L19 12L12 19\" stroke=\"#304757\" stroke-width=\"2\" stroke-linecap=\"square\"\/>\n<\/svg>\n<\/span><\/p>\n                        <\/div>\n                      <\/div>\n                      <div class=\"card item\">\n                        <div class=\"item-content\">\n                          <p><a href=\"\/de\/article\/lioncore-selects-i4f-as-exclusive-licensor-for-its-new-patented-l-spc-lightweight-rigid-core-product-build-up-and-composition\/\">Lioncore selects i4F as exclusive licensor for its new patented&hellip;<\/a><\/p>\n                          <p class=\"item-footer\">27 January 2026 <span><svg width=\"24\" height=\"24\" viewBox=\"0 0 24 24\" fill=\"none\" xmlns=\"http:\/\/www.w3.org\/2000\/svg\">\n<path d=\"M5 12H18\" stroke=\"#304757\" stroke-width=\"2\" stroke-linecap=\"square\" stroke-linejoin=\"round\"\/>\n<path d=\"M12 5L19 12L12 19\" stroke=\"#304757\" stroke-width=\"2\" stroke-linecap=\"square\"\/>\n<\/svg>\n<\/span><\/p>\n                        <\/div>\n                      <\/div>\n                    <\/div>\n                  <\/div>\n                  <div class=\"block-side block-event card-click\">\n                    <a href=\"https:\/\/i4f.com\/de\/events\/\" class=\"more float-end\">Alle Veranstaltungen anzeigen  <svg width=\"9\" height=\"16\" viewBox=\"0 0 9 16\" fill=\"none\" xmlns=\"http:\/\/www.w3.org\/2000\/svg\">\n<path d=\"M2 14L8 8L2 2\" stroke=\"#304757\" stroke-width=\"2\" stroke-linecap=\"square\" stroke-linejoin=\"round\"\/>\n<\/svg>\n<\/a>\n                    <h3>N\u00e4chste Veranstaltung<\/h3>\n                  <\/div>\n                <\/div>\n              <\/div>\n            <\/div>\n          <\/div>\n        <\/section>\n\n\n\n        <section class=\"block manual feed\" id=\"block_60c1eade065fc\">\n        <div class=\"container-outer\">\n          <div class=\"container\">\n            <h3>ENTDECKEN SIE i4F <\/h3>\n            <div class=\"row card-click card-equalise\">\n              <div class=\"col-lg-6 col-xl-4\">\n                <div class=\"card\">\n                                    <img loading=\"lazy\" decoding=\"async\" src=\"https:\/\/i4f.com\/app\/uploads\/2021\/07\/technolgies-home-card-image-2x-440x266.jpg\" alt=\"A man sitting on a tiled floor behind a tiled wall\"\n         srcset=\"https:\/\/i4f.com\/app\/uploads\/2021\/07\/technolgies-home-card-image-2x-350x0-c-default.jpg 320w,https:\/\/i4f.com\/app\/uploads\/2021\/07\/technolgies-home-card-image-2x-440x266.jpg 640w, https:\/\/i4f.com\/app\/uploads\/2021\/07\/technolgies-home-card-image-2x.jpg 1024w\"\n         sizes=\"auto, 100vw\" class=\"img-fluid card-img-top\" width=\"440\"\n         height=\"266\"\/>\n    \n\n                  <div class=\"card-body\">\n                    <h3><span>Unsere Technologien<\/span><\/h3>\n                    <p>Durch unsere Technologien und Partnerschaften revolutioniert i4F die Art und Weise, wie eine ganze Branche \u00fcber Bodenbel\u00e4ge, Oberfl\u00e4chen und dar\u00fcber hinaus denkt.<\/p>\n                  <\/div>\n                  <div class=\"card-footer\">\n                    <p><a href=\"https:\/\/i4f.com\/de\/technologies\/\">Verschaffen Sie sich einen \u00dcberblick \u00fcber unsere Technologien <\/a><\/p>\n                  <\/div>\n                <\/div>\n              <\/div>\n              <div class=\"col-lg-6 col-xl-4\">\n                <div class=\"card\">\n                    <img decoding=\"async\" src=\"https:\/\/i4f.com\/app\/themes\/i4f\/assets\/img\/placeholder\/card-440x266.jpg\" alt=\"\u00dcber uns\" class=\"img-fluid card-img-top\"\/>\n\n\n                  <div class=\"card-body\">\n                    <h3><span>\u00dcber uns<\/span><\/h3>\n                    <p>Unsere Vision ist es, den Ort, an dem die Menschen leben, arbeiten und spielen, mit ausgekl\u00fcgelten Technologien vom Boden aufw\u00e4rts zu verbessern.<\/p>\n                  <\/div>\n                  <div class=\"card-footer\">\n                    <p><a href=\"https:\/\/i4f.com\/de\/about-us\/\">Erfahren Sie mehr \u00fcber i4F <\/a><\/p>\n                  <\/div>\n                <\/div>\n              <\/div>\n              <div class=\"col-lg-6 col-xl-4\">\n                <div class=\"card\">\n                                    <img loading=\"lazy\" decoding=\"async\" src=\"https:\/\/i4f.com\/app\/uploads\/2021\/07\/licensees-home-card-image-2x-440x266.jpg\" alt=\"A greyscale image of the globe\"\n         srcset=\"https:\/\/i4f.com\/app\/uploads\/2021\/07\/licensees-home-card-image-2x-350x0-c-default.jpg 320w,https:\/\/i4f.com\/app\/uploads\/2021\/07\/licensees-home-card-image-2x-440x266.jpg 640w, https:\/\/i4f.com\/app\/uploads\/2021\/07\/licensees-home-card-image-2x.jpg 1024w\"\n         sizes=\"auto, 100vw\" class=\"img-fluid card-img-top\" width=\"440\"\n         height=\"266\"\/>\n    \n\n                  <div class=\"card-body\">\n                    <h3><span>Unsere Lizenznehmer <\/span><\/h3>\n                    <p>Mit mehr als 100 Lizenznehmern weltweit ist i4F der f\u00fchrende Technologieanbieter f\u00fcr die Bodenbelagsbranche.<\/p>\n                  <\/div>\n                  <div class=\"card-footer\">\n                    <p><a href=\"https:\/\/i4f.com\/de\/licensees\/\">Schauen Sie sich unsere Lizenznehmer an <\/a><\/p>\n                  <\/div>\n                <\/div>\n              <\/div>\n              <div class=\"col-lg-6 col-xl-4\">\n                <div class=\"card\">\n                                    <img loading=\"lazy\" decoding=\"async\" src=\"https:\/\/i4f.com\/app\/uploads\/2021\/07\/news-home-card-image-2x-440x266.jpg\" alt=\"Three people in three columns with their hand next to their trying to listen to something\"\n         srcset=\"https:\/\/i4f.com\/app\/uploads\/2021\/07\/news-home-card-image-2x-350x0-c-default.jpg 320w,https:\/\/i4f.com\/app\/uploads\/2021\/07\/news-home-card-image-2x-440x266.jpg 640w, https:\/\/i4f.com\/app\/uploads\/2021\/07\/news-home-card-image-2x.jpg 1024w\"\n         sizes=\"auto, 100vw\" class=\"img-fluid card-img-top\" width=\"440\"\n         height=\"266\"\/>\n    \n\n                  <div class=\"card-body\">\n                    <h3><span>Neuigkeiten<\/span><\/h3>\n                    <p>Informieren Sie sich \u00fcber unsere aktuellen Nachrichten und Technologien, die mit einer i4F-Lizenz sofort verf\u00fcgbar sind.<\/p>\n                  <\/div>\n                  <div class=\"card-footer\">\n                    <p><a href=\"https:\/\/i4f.com\/de\/news\/\">Lesen Sie unsere aktuellen Nachrichten  <\/a><\/p>\n                  <\/div>\n                <\/div>\n              <\/div>\n              <div class=\"col-lg-6 col-xl-4\">\n                <div class=\"card\">\n                                    <img loading=\"lazy\" decoding=\"async\" src=\"https:\/\/i4f.com\/app\/uploads\/2021\/06\/card-img5-440x266.jpg\" alt=\"An image of an open brochure\"\n         srcset=\"https:\/\/i4f.com\/app\/uploads\/2021\/06\/card-img5-350x0-c-default.jpg 320w,https:\/\/i4f.com\/app\/uploads\/2021\/06\/card-img5-440x266.jpg 640w, https:\/\/i4f.com\/app\/uploads\/2021\/06\/card-img5.jpg 1024w\"\n         sizes=\"auto, 100vw\" class=\"img-fluid card-img-top\" width=\"440\"\n         height=\"266\"\/>\n    \n\n                  <div class=\"card-body\">\n                    <h3><span>Ressourcen<\/span><\/h3>\n                    <p>Hier finden Sie alles, was Sie brauchen\u00a0\u2013 einschlie\u00dflich aktueller Montageanleitungen, Filme und Brosch\u00fcren.<\/p>\n                  <\/div>\n                  <div class=\"card-footer\">\n                    <p><a href=\"https:\/\/i4f.com\/de\/resources\/\">Schauen Sie sich unsere Ressourcen an <\/a><\/p>\n                  <\/div>\n                <\/div>\n              <\/div>\n              <div class=\"col-lg-6 col-xl-4\">\n                <div class=\"card\">\n                                    <img loading=\"lazy\" decoding=\"async\" src=\"https:\/\/i4f.com\/app\/uploads\/2021\/07\/events-home-card-image-2x-440x266.jpeg\" alt=\"Images of different events in two hexagons\"\n         srcset=\"https:\/\/i4f.com\/app\/uploads\/2021\/07\/events-home-card-image-2x-350x0-c-default.jpeg 320w,https:\/\/i4f.com\/app\/uploads\/2021\/07\/events-home-card-image-2x-440x266.jpeg 640w, https:\/\/i4f.com\/app\/uploads\/2021\/07\/events-home-card-image-2x.jpeg 1024w\"\n         sizes=\"auto, 100vw\" class=\"img-fluid card-img-top\" width=\"440\"\n         height=\"266\"\/>\n    \n\n                  <div class=\"card-body\">\n                    <h3><span>Veranstaltungen<\/span><\/h3>\n                    <p>Treffen Sie i4F auf der ganzen Welt, virtuell oder pers\u00f6nlich, auf unseren kommenden Veranstaltungen.<\/p>\n                  <\/div>\n                  <div class=\"card-footer\">\n                    <p><a href=\"https:\/\/i4f.com\/de\/events\/\">Hier sind unsere zuk\u00fcnftigen Veranstaltungen.<\/a><\/p>\n                  <\/div>\n                <\/div>\n              <\/div>\n            <\/div>\n          <\/div>\n        <\/div>\n        <\/section>\n\n\n\n        <section class=\"block cta image\" id=\"block_60ddb636d0802\">\n          <div class=\"container\">\n  <div class=\"row\">\n    <div class=\"col-lg-8 offset-lg-2\">\n      <div class=\"cta-bg\">\n        <div class=\"row align-items-center\">\n          <div class=\"col-xl-3\">\n            <div class=\"cta-image\">\n                                <img loading=\"lazy\" decoding=\"async\" src=\"https:\/\/i4f.com\/app\/uploads\/2021\/06\/Newsletter-preview-1-360x370.png\" alt=\"A tablet with a picture of the website\"\n         srcset=\"https:\/\/i4f.com\/app\/uploads\/2021\/06\/Newsletter-preview-1-350x0-c-default.png 320w,https:\/\/i4f.com\/app\/uploads\/2021\/06\/Newsletter-preview-1-360x370.png 640w, https:\/\/i4f.com\/app\/uploads\/2021\/06\/Newsletter-preview-1-716x740.png 1024w\"\n         sizes=\"auto, 100vw\" class=\"img-fluid\" width=\"360\"\n         height=\"370\"\/>\n    \n\n            <\/div>\n          <\/div>\n          <div class=\"col-xl-9\">\n            <div class=\"cta-content\">\n              <h3>Mit i4F auf dem neuesten Stand bleiben<\/h3>\n              <ul>\n                <li>Die neuesten Branchennachrichten direkt in Ihrem Posteingang<\/li>\n                <li>Erfahren Sie mehr \u00fcber unsere Technologien und \u00fcber kommende Veranstaltungen<\/li>\n              <\/ul>\n              <form action=\"\/de\/#block_60ddb636d0802\" method=\"post\" class=\"form-mailing-list form-process\" data-action=\"subscribe\" data-nonce=\"bc0f2bd52b\" data-post-id=\"3079\" novalidate>\n                <div class='form-container'>\n                  <div class=\"alert alert-danger error\"><\/div>\n                  <label for=\"email\">Ihre E-Mail Adresse<\/label>\n                  <div class=\"row g-0 align-items-center\">\n                    <div class=\"col-6\">\n                      <input id=\"email\" name=\"email\" type=\"email\" value=\"\" class=\"form-control\" \/>\n                    <\/div>\n                    <div class=\"col-6\">\n                      <button class=\"btn btn-sm btn-primary\">Halten Sie mich auf dem Laufenden<\/button>\n                    <\/div>\n                  <\/div>\n                <\/div>\n                <div class=\"form-thank-you\">\n                  <h3>Danke f\u00fcr Ihre Anmeldung<\/h3>\n                <\/div>\n              <\/form>\n            <\/div>\n          <\/div>\n        <\/div>\n      <\/div>\n    <\/div>\n  <\/div>\n          <\/div>\n        <\/section>\n\n","protected":false},"excerpt":{"rendered":"","protected":false},"author":14,"featured_media":0,"parent":0,"menu_order":0,"comment_status":"closed","ping_status":"open","template":"","meta":{"_acf_changed":false,"content-type":"","footnotes":""},"class_list":["post-3079","page","type-page","status-publish","hentry"],"acf":[],"yoast_head":"<!-- This site is optimized with the Yoast SEO plugin v24.8.1 - https:\/\/yoast.com\/wordpress\/plugins\/seo\/ -->\n<title>i4F Bodensysteme - i4F<\/title>\n<meta name=\"description\" content=\"i4F entwickelt patentierte innovative Bodensysteme, die das Umfeld, in dem Menschen leben, arbeiten und spielen, verbessern\u00a0\u2013 mit 100 Lizenznehmern weltweit.\" \/>\n<meta name=\"robots\" content=\"index, follow, max-snippet:-1, max-image-preview:large, max-video-preview:-1\" \/>\n<link rel=\"canonical\" href=\"https:\/\/i4f.com\/de\/\" \/>\n<meta property=\"og:locale\" content=\"de_DE\" \/>\n<meta property=\"og:type\" content=\"article\" \/>\n<meta property=\"og:title\" content=\"i4F Bodensysteme - i4F\" \/>\n<meta property=\"og:description\" content=\"i4F entwickelt patentierte innovative Bodensysteme, die das Umfeld, in dem Menschen leben, arbeiten und spielen, verbessern\u00a0\u2013 mit 100 Lizenznehmern weltweit.\" \/>\n<meta property=\"og:url\" content=\"https:\/\/i4f.com\/de\/\" \/>\n<meta property=\"og:site_name\" content=\"i4F\" \/>\n<meta property=\"article:modified_time\" content=\"2021-12-14T13:57:17+00:00\" \/>\n<meta name=\"twitter:card\" content=\"summary_large_image\" \/>\n<script type=\"application\/ld+json\" class=\"yoast-schema-graph\">{\"@context\":\"https:\/\/schema.org\",\"@graph\":[{\"@type\":\"WebPage\",\"@id\":\"https:\/\/i4f.com\/de\/\",\"url\":\"https:\/\/i4f.com\/de\/\",\"name\":\"i4F Bodensysteme - i4F\",\"isPartOf\":{\"@id\":\"https:\/\/i4f.com\/de\/#website\"},\"datePublished\":\"2021-05-20T14:09:49+00:00\",\"dateModified\":\"2021-12-14T13:57:17+00:00\",\"description\":\"i4F entwickelt patentierte innovative Bodensysteme, die das Umfeld, in dem Menschen leben, arbeiten und spielen, verbessern\u00a0\u2013 mit 100 Lizenznehmern weltweit.\",\"breadcrumb\":{\"@id\":\"https:\/\/i4f.com\/de\/#breadcrumb\"},\"inLanguage\":\"de-DE\",\"potentialAction\":[{\"@type\":\"ReadAction\",\"target\":[\"https:\/\/i4f.com\/de\/\"]}]},{\"@type\":\"BreadcrumbList\",\"@id\":\"https:\/\/i4f.com\/de\/#breadcrumb\",\"itemListElement\":[{\"@type\":\"ListItem\",\"position\":1,\"name\":\"Home\",\"item\":\"https:\/\/i4f.com\/de\/\"},{\"@type\":\"ListItem\",\"position\":2,\"name\":\"i4F Bodensysteme\"}]},{\"@type\":\"WebSite\",\"@id\":\"https:\/\/i4f.com\/de\/#website\",\"url\":\"https:\/\/i4f.com\/de\/\",\"name\":\"i4F\",\"description\":\"\",\"potentialAction\":[{\"@type\":\"SearchAction\",\"target\":{\"@type\":\"EntryPoint\",\"urlTemplate\":\"https:\/\/i4f.com\/de\/?s={search_term_string}\"},\"query-input\":{\"@type\":\"PropertyValueSpecification\",\"valueRequired\":true,\"valueName\":\"search_term_string\"}}],\"inLanguage\":\"de-DE\"}]}<\/script>\n<!-- \/ Yoast SEO plugin. -->","yoast_head_json":{"title":"i4F Bodensysteme - i4F","description":"i4F entwickelt patentierte innovative Bodensysteme, die das Umfeld, in dem Menschen leben, arbeiten und spielen, verbessern\u00a0\u2013 mit 100 Lizenznehmern weltweit.","robots":{"index":"index","follow":"follow","max-snippet":"max-snippet:-1","max-image-preview":"max-image-preview:large","max-video-preview":"max-video-preview:-1"},"canonical":"https:\/\/i4f.com\/de\/","og_locale":"de_DE","og_type":"article","og_title":"i4F Bodensysteme - i4F","og_description":"i4F entwickelt patentierte innovative Bodensysteme, die das Umfeld, in dem Menschen leben, arbeiten und spielen, verbessern\u00a0\u2013 mit 100 Lizenznehmern weltweit.","og_url":"https:\/\/i4f.com\/de\/","og_site_name":"i4F","article_modified_time":"2021-12-14T13:57:17+00:00","twitter_card":"summary_large_image","schema":{"@context":"https:\/\/schema.org","@graph":[{"@type":"WebPage","@id":"https:\/\/i4f.com\/de\/","url":"https:\/\/i4f.com\/de\/","name":"i4F Bodensysteme - i4F","isPartOf":{"@id":"https:\/\/i4f.com\/de\/#website"},"datePublished":"2021-05-20T14:09:49+00:00","dateModified":"2021-12-14T13:57:17+00:00","description":"i4F entwickelt patentierte innovative Bodensysteme, die das Umfeld, in dem Menschen leben, arbeiten und spielen, verbessern\u00a0\u2013 mit 100 Lizenznehmern weltweit.","breadcrumb":{"@id":"https:\/\/i4f.com\/de\/#breadcrumb"},"inLanguage":"de-DE","potentialAction":[{"@type":"ReadAction","target":["https:\/\/i4f.com\/de\/"]}]},{"@type":"BreadcrumbList","@id":"https:\/\/i4f.com\/de\/#breadcrumb","itemListElement":[{"@type":"ListItem","position":1,"name":"Home","item":"https:\/\/i4f.com\/de\/"},{"@type":"ListItem","position":2,"name":"i4F Bodensysteme"}]},{"@type":"WebSite","@id":"https:\/\/i4f.com\/de\/#website","url":"https:\/\/i4f.com\/de\/","name":"i4F","description":"","potentialAction":[{"@type":"SearchAction","target":{"@type":"EntryPoint","urlTemplate":"https:\/\/i4f.com\/de\/?s={search_term_string}"},"query-input":{"@type":"PropertyValueSpecification","valueRequired":true,"valueName":"search_term_string"}}],"inLanguage":"de-DE"}]}},"_links":{"self":[{"href":"https:\/\/i4f.com\/de\/wp-json\/wp\/v2\/pages\/3079","targetHints":{"allow":["GET"]}}],"collection":[{"href":"https:\/\/i4f.com\/de\/wp-json\/wp\/v2\/pages"}],"about":[{"href":"https:\/\/i4f.com\/de\/wp-json\/wp\/v2\/types\/page"}],"author":[{"embeddable":true,"href":"https:\/\/i4f.com\/de\/wp-json\/wp\/v2\/users\/14"}],"replies":[{"embeddable":true,"href":"https:\/\/i4f.com\/de\/wp-json\/wp\/v2\/comments?post=3079"}],"version-history":[{"count":16,"href":"https:\/\/i4f.com\/de\/wp-json\/wp\/v2\/pages\/3079\/revisions"}],"predecessor-version":[{"id":3631,"href":"https:\/\/i4f.com\/de\/wp-json\/wp\/v2\/pages\/3079\/revisions\/3631"}],"wp:attachment":[{"href":"https:\/\/i4f.com\/de\/wp-json\/wp\/v2\/media?parent=3079"}],"curies":[{"name":"wp","href":"https:\/\/api.w.org\/{rel}","templated":true}]}}