{"id":3010,"date":"2021-06-10T12:29:51","date_gmt":"2021-06-10T12:29:51","guid":{"rendered":"https:\/\/i4f.com\/news\/"},"modified":"2021-12-10T10:14:07","modified_gmt":"2021-12-10T10:14:07","slug":"news","status":"publish","type":"page","link":"https:\/\/i4f.com\/de\/news\/","title":{"rendered":"Neuigkeiten"},"content":{"rendered":"        <section class=\"block hero\" id=\"block_60c2053e8a3d8\">\n          <div class=\"hero-content is-center\" style=\"background-image: url('https:\/\/i4f.com\/app\/uploads\/2021\/06\/News-header_v2-1520x640.jpg')\">\n                              <img loading=\"lazy\" decoding=\"async\" src=\"https:\/\/i4f.com\/app\/uploads\/2021\/06\/News-header_v2-1440x640.jpg\" alt=\"Informieren Sie sich \u00fcber die neuesten Nachrichten\"\n         srcset=\"https:\/\/i4f.com\/app\/uploads\/2021\/06\/News-header_v2-350x0-c-default.jpg 320w,https:\/\/i4f.com\/app\/uploads\/2021\/06\/News-header_v2-1440x640.jpg 640w, https:\/\/i4f.com\/app\/uploads\/2021\/06\/News-header_v2.jpg 1024w\"\n         sizes=\"auto, 100vw\" class=\"img-fluid hero-mobile\" width=\"1440\"\n         height=\"640\"\/>\n    \n\n            <div class=\"container\">\n              <div class=\"overlay\"><\/div>\n              <div class=\"row align-items-center\">\n                <div class=\"col-lg-5\">\n                  <div class=\"hero-body\">\n                    <h6>NEUIGKEITEN<\/h6>\n                    <h1>Informieren Sie sich \u00fcber die neuesten Nachrichten<\/h1>\n                    <p>Bleiben Sie auf dem Laufenden mit den neuesten Nachrichten von i4F und entdecken Sie bahnbrechende Technologien, die Ihnen helfen k\u00f6nnen, der Konkurrenz einen Schritt voraus zu sein. <\/p>\n                  <\/div>\n                <\/div>\n                <div class=\"offset-lg-3 col-lg-4 hero-spacer\">\n                  <div class=\"block-side block-news\">\n                    <h3>Letzte Neuigkeiten<\/h3>\n                    <div class=\"news-slider card-click\">\n                      <div class=\"news-dots\"><\/div>\n                      <div class=\"card item\">\n                        <div class=\"item-content\">\n                          <p><a href=\"\/de\/article\/i4f-and-unilin-technologies-enter-into-non%e2%80%91assert-agreement-on-water%e2%80%91repellent-coating-patents-for-laminate-and-wood-flooring\/\">i4F and Unilin Technologies\u00a0enter into non\u2011assert agreement on water\u2011repellent coating&hellip;<\/a><\/p>\n                          <p class=\"item-footer\">31 March 2026 <span><svg width=\"24\" height=\"24\" viewBox=\"0 0 24 24\" fill=\"none\" xmlns=\"http:\/\/www.w3.org\/2000\/svg\">\n<path d=\"M5 12H18\" stroke=\"#304757\" stroke-width=\"2\" stroke-linecap=\"square\" stroke-linejoin=\"round\"\/>\n<path d=\"M12 5L19 12L12 19\" stroke=\"#304757\" stroke-width=\"2\" stroke-linecap=\"square\"\/>\n<\/svg>\n<\/span><\/p>\n                        <\/div>\n                      <\/div>\n                    <\/div>\n                  <\/div>\n                <\/div>\n              <\/div>\n            <\/div>\n          <\/div>\n        <\/section>\n\n\n\n        <section class=\"block news feed\" id=\"block_60c205a38a3f5\">\n          <div class=\"container\">\n        <div class=\"row\">\n          <div class=\"col-md-8 news card-click listing\">\n            <div class=\"filters\">\n              <form action=\"https:\/\/i4f.com\/de\/news\/#block_60c205a38a3f5\">\n                <div class=\"row align-items-end\">\n                  <div class=\"col-md-3\">\n                    <label for=\"block_60c205a38a3f5-year\">Jahr<\/label>\n                    <select id=\"block_60c205a38a3f5-year\" class=\"form-select\" name=\"year_news\">\n                      <option value=\"\" selected>Alle<\/option>\n                      <option value=\"2026\" >2026<\/option>\n                      <option value=\"2025\" >2025<\/option>\n                      <option value=\"2024\" >2024<\/option>\n                      <option value=\"2023\" >2023<\/option>\n                      <option value=\"2022\" >2022<\/option>\n                      <option value=\"2021\" >2021<\/option>\n                      <option value=\"2020\" >2020<\/option>\n                      <option value=\"2019\" >2019<\/option>\n                      <option value=\"2018\" >2018<\/option>\n                      <option value=\"2017\" >2017<\/option>\n                      <option value=\"2016\" >2016<\/option>\n                      <option value=\"2015\" >2015<\/option>\n                      <option value=\"2014\" >2014<\/option>\n                    <\/select>\n                  <\/div>\n                  <div class=\"col-md-3\">\n                    <label for=\"block_60c205a38a3f5-category\">Kategorie<\/label>\n                    <select id=\"block_60c205a38a3f5-category\" class=\"form-select\" name=\"cat\">\n                      <option value=\"\" selected>Alle<\/option>\n                    <\/select>\n\n                  <\/div>\n                  <div class=\"col-md-4\">\n                    <button class=\"btn btn-primary btn-sm\">Filter anwenden<\/button>\n                  <\/div>\n                <\/div>\n              <\/form>\n            <\/div>\n            <div class=\"row card-equalise\">\n              <div class=\"col-md-6\">\n                <div class=\"card\">\n                    <img decoding=\"async\" src=\"https:\/\/i4f.com\/app\/themes\/i4f\/assets\/img\/placeholder\/card-440x266.jpg\" alt=\"i4F and Unilin Technologies\u00a0enter into non\u2011assert agreement on water\u2011repellent coating patents for laminate and wood flooring\" class=\"img-fluid card-img-top\"\/>\n\n\n                  <p class=\"date\"><span>Mar 31, 2026<\/span><\/p>\n                  <div class=\"card-body\">\n                    <p>i4F and Unilin Technologies\u00a0enter into non\u2011assert agreement on water\u2011repellent coating patents for laminate and wood flooring<\/p>\n                    <p><a href=\"https:\/\/i4f.com\/de\/article\/i4f-and-unilin-technologies-enter-into-non%e2%80%91assert-agreement-on-water%e2%80%91repellent-coating-patents-for-laminate-and-wood-flooring\/\" class=\"more\">Mehr Informationen<\/a><\/p>\n                  <\/div>\n                <\/div>\n              <\/div>\n              <div class=\"col-md-6\">\n                <div class=\"card\">\n                    <img decoding=\"async\" src=\"https:\/\/i4f.com\/app\/themes\/i4f\/assets\/img\/placeholder\/card-440x266.jpg\" alt=\"Parkett Magazin &#8211; i4F: John Rietveldt in an interview of the month\" class=\"img-fluid card-img-top\"\/>\n\n\n                  <p class=\"date\"><span>Mar 25, 2026<\/span><\/p>\n                  <div class=\"card-body\">\n                    <p>Parkett Magazin &#8211; i4F: John Rietveldt in an interview of the month<\/p>\n                    <p><a href=\"https:\/\/i4f.com\/de\/article\/parkett-magazin-i4f-john-rietveldt-in-an-interview-of-the-month\/\" class=\"more\">Mehr Informationen<\/a><\/p>\n                  <\/div>\n                <\/div>\n              <\/div>\n            <\/div>\n            <div class=\"row card-equalise\">\n              <div class=\"col-md-6\">\n                <div class=\"card\">\n                    <img decoding=\"async\" src=\"https:\/\/i4f.com\/app\/themes\/i4f\/assets\/img\/placeholder\/card-440x266.jpg\" alt=\"Lioncore selects i4F as exclusive licensor for its new patented L-SPC lightweight rigid core product build-up and composition\" class=\"img-fluid card-img-top\"\/>\n\n\n                  <p class=\"date\"><span>Jan 27, 2026<\/span><\/p>\n                  <div class=\"card-body\">\n                    <p>Lioncore selects i4F as exclusive licensor for its new patented L-SPC lightweight rigid core product build-up and composition<\/p>\n                    <p><a href=\"https:\/\/i4f.com\/de\/article\/lioncore-selects-i4f-as-exclusive-licensor-for-its-new-patented-l-spc-lightweight-rigid-core-product-build-up-and-composition\/\" class=\"more\">Mehr Informationen<\/a><\/p>\n                  <\/div>\n                <\/div>\n              <\/div>\n              <div class=\"col-md-6\">\n                <div class=\"card\">\n                    <img decoding=\"async\" src=\"https:\/\/i4f.com\/app\/themes\/i4f\/assets\/img\/placeholder\/card-440x266.jpg\" alt=\"BBL signs two new i4F license agreements for CeraGrout\u00ae and HerringB\/ONE\" class=\"img-fluid card-img-top\"\/>\n\n\n                  <p class=\"date\"><span>Jan 26, 2026<\/span><\/p>\n                  <div class=\"card-body\">\n                    <p>BBL signs two new i4F license agreements for CeraGrout\u00ae and HerringB\/ONE<\/p>\n                    <p><a href=\"https:\/\/i4f.com\/de\/article\/bbl-signs-two-new-i4f-license-agreements-for-ceragrout-and-herringb-one\/\" class=\"more\">Mehr Informationen<\/a><\/p>\n                  <\/div>\n                <\/div>\n              <\/div>\n            <\/div>\n            <div class=\"row card-equalise\">\n              <div class=\"col-md-6\">\n                <div class=\"card\">\n                    <img decoding=\"async\" src=\"https:\/\/i4f.com\/app\/themes\/i4f\/assets\/img\/placeholder\/card-440x266.jpg\" alt=\"Kingdom signs new i4F Stair Tread Technologies license agreement\" class=\"img-fluid card-img-top\"\/>\n\n\n                  <p class=\"date\"><span>Jan 20, 2026<\/span><\/p>\n                  <div class=\"card-body\">\n                    <p>Kingdom signs new i4F Stair Tread Technologies license agreement<\/p>\n                    <p><a href=\"https:\/\/i4f.com\/de\/article\/kingdom-signs-new-i4f-stair-tread-technologies-license-agreement\/\" class=\"more\">Mehr Informationen<\/a><\/p>\n                  <\/div>\n                <\/div>\n              <\/div>\n              <div class=\"col-md-6\">\n                <div class=\"card\">\n                    <img decoding=\"async\" src=\"https:\/\/i4f.com\/app\/themes\/i4f\/assets\/img\/placeholder\/card-440x266.jpg\" alt=\"i4F presents \u201cai4F\u201d \u2013 Designed to think!\" class=\"img-fluid card-img-top\"\/>\n\n\n                  <p class=\"date\"><span>Jan 19, 2026<\/span><\/p>\n                  <div class=\"card-body\">\n                    <p>i4F presents \u201cai4F\u201d \u2013 Designed to think!<\/p>\n                    <p><a href=\"https:\/\/i4f.com\/de\/article\/i4f-presents-ai4f-designed-to-think\/\" class=\"more\">Mehr Informationen<\/a><\/p>\n                  <\/div>\n                <\/div>\n              <\/div>\n            <\/div>\n            <div class=\"row card-equalise\">\n              <div class=\"col-md-6\">\n                <div class=\"card\">\n                    <img decoding=\"async\" src=\"https:\/\/i4f.com\/app\/themes\/i4f\/assets\/img\/placeholder\/card-440x266.jpg\" alt=\"i4F introduces AI-powered digital showcase at 2026 DOMOTEX Hannover and SURFACES\" class=\"img-fluid card-img-top\"\/>\n\n\n                  <p class=\"date\"><span>Jan 12, 2026<\/span><\/p>\n                  <div class=\"card-body\">\n                    <p>i4F introduces AI-powered digital showcase at 2026 DOMOTEX Hannover and SURFACES<\/p>\n                    <p><a href=\"https:\/\/i4f.com\/de\/article\/i4f-introduces-ai-powered-digital-showcase-at-2026-domotex-hannover-and-surfaces\/\" class=\"more\">Mehr Informationen<\/a><\/p>\n                  <\/div>\n                <\/div>\n              <\/div>\n              <div class=\"col-md-6\">\n                <div class=\"card\">\n                    <img decoding=\"async\" src=\"https:\/\/i4f.com\/app\/themes\/i4f\/assets\/img\/placeholder\/card-440x266.jpg\" alt=\"Season&#8217;s Greetings from i4F\" class=\"img-fluid card-img-top\"\/>\n\n\n                  <p class=\"date\"><span>Dec 17, 2025<\/span><\/p>\n                  <div class=\"card-body\">\n                    <p>Season&#8217;s Greetings from i4F<\/p>\n                    <p><a href=\"https:\/\/i4f.com\/de\/article\/seasons-greetings-from-i4f\/\" class=\"more\">Mehr Informationen<\/a><\/p>\n                  <\/div>\n                <\/div>\n              <\/div>\n            <\/div>\n            <div class=\"row card-equalise\">\n              <div class=\"col-md-6\">\n                <div class=\"card\">\n                    <img decoding=\"async\" src=\"https:\/\/i4f.com\/app\/themes\/i4f\/assets\/img\/placeholder\/card-440x266.jpg\" alt=\"i4F acquires Beaulieu International Group\u2019s rigid-core\/LVT patent portfolio\" class=\"img-fluid card-img-top\"\/>\n\n\n                  <p class=\"date\"><span>Dec 4, 2025<\/span><\/p>\n                  <div class=\"card-body\">\n                    <p>i4F acquires Beaulieu International Group\u2019s rigid-core\/LVT patent portfolio<\/p>\n                    <p><a href=\"https:\/\/i4f.com\/de\/article\/i4f-acquires-beaulieu-international-groups-rigid-core-lvt-patent-portfolio\/\" class=\"more\">Mehr Informationen<\/a><\/p>\n                  <\/div>\n                <\/div>\n              <\/div>\n              <div class=\"col-md-6\">\n                <div class=\"card\">\n                    <img decoding=\"async\" src=\"https:\/\/i4f.com\/app\/themes\/i4f\/assets\/img\/placeholder\/card-440x266.jpg\" alt=\"i4F appoints Edith Hermans as Chief Technology Officer\" class=\"img-fluid card-img-top\"\/>\n\n\n                  <p class=\"date\"><span>Nov 4, 2025<\/span><\/p>\n                  <div class=\"card-body\">\n                    <p>i4F appoints Edith Hermans as Chief Technology Officer<\/p>\n                    <p><a href=\"https:\/\/i4f.com\/de\/article\/i4f-appoints-edith-hermans-as-chief-technology-officer\/\" class=\"more\">Mehr Informationen<\/a><\/p>\n                  <\/div>\n                <\/div>\n              <\/div>\n            <\/div>\n  <nav class=\"pagination-block\">\n    <ul class=\"pagination\">\n      <li class=\"prev disabled\"><button disabled><svg width=\"9\" height=\"16\" viewBox=\"0 0 9 16\" fill=\"none\" xmlns=\"http:\/\/www.w3.org\/2000\/svg\">\n<path d=\"M7 14L1 8L7 2\" stroke=\"#304757\" stroke-width=\"2\" stroke-linecap=\"square\" stroke-linejoin=\"round\"\/>\n<\/svg>\n<\/button><\/li>\n\n      <li class=\"current\"><span class=\"page-number page-numbers current\">1<\/span><\/li>\n      <li><a href=\"https:\/\/i4f.com\/de\/wp-json\/wp\/v2\/pages\/3010\/page\/2\/\" class=\"page-number page-numbers\">2<\/a><\/li>\n      <li><a href=\"https:\/\/i4f.com\/de\/wp-json\/wp\/v2\/pages\/3010\/page\/3\/\" class=\"page-number page-numbers\">3<\/a><\/li>\n      <li><a href=\"https:\/\/i4f.com\/de\/wp-json\/wp\/v2\/pages\/3010\/page\/4\/\" class=\"page-number page-numbers\">4<\/a><\/li>\n      <li class=\"current\"><span class=\"dots\">&hellip;<\/span><\/li>\n      <li><a href=\"https:\/\/i4f.com\/de\/wp-json\/wp\/v2\/pages\/3010\/page\/17\/\" class=\"page-number page-numbers\">17<\/a><\/li>\n      <li><a href=\"https:\/\/i4f.com\/de\/wp-json\/wp\/v2\/pages\/3010\/page\/18\/\" class=\"page-number page-numbers\">18<\/a><\/li>\n\n      <li class=\"next\"><a href=\"https:\/\/i4f.com\/de\/wp-json\/wp\/v2\/pages\/3010\/page\/2\/\"><svg width=\"9\" height=\"16\" viewBox=\"0 0 9 16\" fill=\"none\" xmlns=\"http:\/\/www.w3.org\/2000\/svg\">\n<path d=\"M2 14L8 8L2 2\" stroke=\"#304757\" stroke-width=\"2\" stroke-linecap=\"square\" stroke-linejoin=\"round\"\/>\n<\/svg>\n<\/a><\/li>\n\n    <\/ul>\n  <\/nav>\n          <\/div>\n          <div class=\"col-md-3 offset-md-1 sidebar\">\n            <div class=\"social-block\">\n              <svg width=\"41\" height=\"41\" viewBox=\"0 0 41 41\" fill=\"none\" xmlns=\"http:\/\/www.w3.org\/2000\/svg\">\n<circle cx=\"20.1797\" cy=\"20.5\" r=\"20\" fill=\"#B2D0E7\"\/>\n<path fill-rule=\"evenodd\" clip-rule=\"evenodd\" d=\"M14.8414 30.049V16.8066H10.4399V30.049H14.8414ZM12.6406 14.9986C14.1755 14.9986 15.1309 13.9817 15.1309 12.7109C15.1023 11.4115 14.1755 10.4228 12.6697 10.4228C11.1641 10.4228 10.1797 11.4115 10.1797 12.7109C10.1797 13.9817 11.1348 14.9986 12.6119 14.9986H12.6405H12.6406Z\" fill=\"#304757\"\/>\n<path fill-rule=\"evenodd\" clip-rule=\"evenodd\" d=\"M17.2773 30.049H21.6788V22.6539C21.6788 22.2581 21.7074 21.8627 21.8237 21.5798C22.1418 20.789 22.8661 19.97 24.082 19.97C25.6747 19.97 26.3118 21.1844 26.3118 22.9646V30.049H30.713V22.456C30.713 18.3885 28.5415 16.4958 25.6456 16.4958C23.2711 16.4958 22.2287 17.8231 21.6496 18.7271H21.679V16.8066H17.2775C17.3352 18.0492 17.2775 30.049 17.2775 30.049H17.2773Z\" fill=\"#304757\"\/>\n<\/svg>\n\n              <p>Verbinden Sie sich mit uns auf LinkedIn<br \/>\n                <a href=\"https:\/\/www.linkedin.com\/company\/i4fpatentsandtechnologies\/?originalSubdomain=be\" class=\"more\">Jetzt verbinden<\/a><\/p>\n            <\/div>\n            <div class=\"social-block\">\n              <svg width=\"41\" height=\"41\" viewBox=\"0 0 41 41\" fill=\"none\" xmlns=\"http:\/\/www.w3.org\/2000\/svg\">\n<circle cx=\"20.1797\" cy=\"20.5\" r=\"20\" fill=\"#B2D0E7\"\/>\n<path d=\"M30.7203 14.92C30.6015 14.4454 30.3595 14.0106 30.0189 13.6594C29.6783 13.3082 29.251 13.0532 28.7803 12.92C27.0603 12.5 20.1803 12.5 20.1803 12.5C20.1803 12.5 13.3003 12.5 11.5803 12.96C11.1095 13.0932 10.6822 13.3482 10.3416 13.6994C10.001 14.0506 9.75905 14.4854 9.64026 14.96C9.32547 16.7056 9.1715 18.4763 9.18026 20.25C9.16904 22.037 9.32303 23.8213 9.64026 25.58C9.77122 26.0398 10.0186 26.4581 10.3584 26.7945C10.6982 27.1308 11.1191 27.3738 11.5803 27.5C13.3003 27.96 20.1803 27.96 20.1803 27.96C20.1803 27.96 27.0603 27.96 28.7803 27.5C29.251 27.3668 29.6783 27.1118 30.0189 26.7606C30.3595 26.4094 30.6015 25.9746 30.7203 25.5C31.0326 23.7676 31.1866 22.0103 31.1803 20.25C31.1915 18.463 31.0375 16.6787 30.7203 14.92Z\" fill=\"#304757\"\/>\n<path d=\"M17.9297 23.52L23.6797 20.25L17.9297 16.98V23.52Z\" fill=\"#B2D0E7\"\/>\n<\/svg>\n\n              <p>Sehen Sie sich unsere YouTube-Videos an, um unsere Technologien in Aktion zu erleben<br \/>\n                <a href=\"https:\/\/www.youtube.com\/channel\/UCgDKOf-ihmez8NY6LaLDQEQ\" class=\"more\">Jetzt verbinden<\/a><\/p>\n            <\/div>\n            <div class=\"social-block\">\n              <svg width=\"40\" height=\"40\" viewBox=\"0 0 40 40\" fill=\"none\" xmlns=\"http:\/\/www.w3.org\/2000\/svg\">\n<circle cx=\"20\" cy=\"20\" r=\"20\" fill=\"#B2D0E7\"\/>\n<path d=\"M29 23V27C29 27.5304 28.7893 28.0391 28.4142 28.4142C28.0391 28.7893 27.5304 29 27 29H13C12.4696 29 11.9609 28.7893 11.5858 28.4142C11.2107 28.0391 11 27.5304 11 27V23\" stroke=\"#304757\" stroke-width=\"2\" stroke-linecap=\"square\"\/>\n<path d=\"M15 18L20 23L25 18\" stroke=\"#304757\" stroke-width=\"2\" stroke-linecap=\"square\"\/>\n<path d=\"M20 22V11\" stroke=\"#304757\" stroke-width=\"2\" stroke-linecap=\"square\"\/>\n<\/svg>\n\n              <p>Bilder, Videos und Bedienungsanleitungen zum Herunterladen<br \/><a href=\"https:\/\/i4f.com\/de\/resources\/\" class=\"more\">Materialien ansehen<\/a><\/p>\n            <\/div>\n          <\/div>\n        <\/div>\n          <\/div>\n        <\/section>\n\n\n\n        <section class=\"block cta image\" id=\"block_60ddb636d0802\">\n          <div class=\"container\">\n  <div class=\"row\">\n    <div class=\"col-lg-8 offset-lg-2\">\n      <div class=\"cta-bg\">\n        <div class=\"row align-items-center\">\n          <div class=\"col-xl-3\">\n            <div class=\"cta-image\">\n                                <img loading=\"lazy\" decoding=\"async\" src=\"https:\/\/i4f.com\/app\/uploads\/2021\/06\/Newsletter-preview-1-360x370.png\" alt=\"A tablet with a picture of the website\"\n         srcset=\"https:\/\/i4f.com\/app\/uploads\/2021\/06\/Newsletter-preview-1-350x0-c-default.png 320w,https:\/\/i4f.com\/app\/uploads\/2021\/06\/Newsletter-preview-1-360x370.png 640w, https:\/\/i4f.com\/app\/uploads\/2021\/06\/Newsletter-preview-1-716x740.png 1024w\"\n         sizes=\"auto, 100vw\" class=\"img-fluid\" width=\"360\"\n         height=\"370\"\/>\n    \n\n            <\/div>\n          <\/div>\n          <div class=\"col-xl-9\">\n            <div class=\"cta-content\">\n              <h3>Mit i4F auf dem neuesten Stand bleiben<\/h3>\n              <ul>\n                <li>Die neuesten Branchennachrichten direkt in Ihrem Posteingang<\/li>\n                <li>Erfahren Sie mehr \u00fcber unsere Technologien und \u00fcber kommende Veranstaltungen<\/li>\n              <\/ul>\n              <form action=\"\/de\/news\/#block_60ddb636d0802\" method=\"post\" class=\"form-mailing-list form-process\" data-action=\"subscribe\" data-nonce=\"89f7245ce9\" data-post-id=\"3010\" novalidate>\n                <div class='form-container'>\n                  <div class=\"alert alert-danger error\"><\/div>\n                  <label for=\"email\">Ihre E-Mail Adresse<\/label>\n                  <div class=\"row g-0 align-items-center\">\n                    <div class=\"col-6\">\n                      <input id=\"email\" name=\"email\" type=\"email\" value=\"\" class=\"form-control\" \/>\n                    <\/div>\n                    <div class=\"col-6\">\n                      <button class=\"btn btn-sm btn-primary\">Halten Sie mich auf dem Laufenden<\/button>\n                    <\/div>\n                  <\/div>\n                <\/div>\n                <div class=\"form-thank-you\">\n                  <h3>Danke f\u00fcr Ihre Anmeldung<\/h3>\n                <\/div>\n              <\/form>\n            <\/div>\n          <\/div>\n        <\/div>\n      <\/div>\n    <\/div>\n  <\/div>\n          <\/div>\n        <\/section>\n\n","protected":false},"excerpt":{"rendered":"","protected":false},"author":14,"featured_media":0,"parent":0,"menu_order":0,"comment_status":"closed","ping_status":"closed","template":"templates\/page-news.php","meta":{"_acf_changed":false,"content-type":"","footnotes":""},"class_list":["post-3010","page","type-page","status-publish","hentry"],"acf":[],"yoast_head":"<!-- This site is optimized with the Yoast SEO plugin v24.8.1 - https:\/\/yoast.com\/wordpress\/plugins\/seo\/ -->\n<title>Neuigkeiten - i4F<\/title>\n<meta name=\"description\" content=\"Informieren Sie sich \u00fcber die neuesten Nachrichten von i4F \u00fcber unsere patentierten innovativen Fu\u00dfbodentechnologien und bleiben Sie mit uns in den sozialen Medien in Verbindung.\" \/>\n<meta name=\"robots\" content=\"index, follow, max-snippet:-1, max-image-preview:large, max-video-preview:-1\" \/>\n<link rel=\"canonical\" href=\"https:\/\/i4f.com\/de\/news\/\" \/>\n<meta property=\"og:locale\" content=\"de_DE\" \/>\n<meta property=\"og:type\" content=\"article\" \/>\n<meta property=\"og:title\" content=\"Neuigkeiten - i4F\" \/>\n<meta property=\"og:description\" content=\"Informieren Sie sich \u00fcber die neuesten Nachrichten von i4F \u00fcber unsere patentierten innovativen Fu\u00dfbodentechnologien und bleiben Sie mit uns in den sozialen Medien in Verbindung.\" \/>\n<meta property=\"og:url\" content=\"https:\/\/i4f.com\/de\/news\/\" \/>\n<meta property=\"og:site_name\" content=\"i4F\" \/>\n<meta property=\"article:modified_time\" content=\"2021-12-10T10:14:07+00:00\" \/>\n<meta name=\"twitter:card\" content=\"summary_large_image\" \/>\n<script type=\"application\/ld+json\" class=\"yoast-schema-graph\">{\"@context\":\"https:\/\/schema.org\",\"@graph\":[{\"@type\":\"WebPage\",\"@id\":\"https:\/\/i4f.com\/de\/news\/\",\"url\":\"https:\/\/i4f.com\/de\/news\/\",\"name\":\"Neuigkeiten - i4F\",\"isPartOf\":{\"@id\":\"https:\/\/i4f.com\/de\/#website\"},\"datePublished\":\"2021-06-10T12:29:51+00:00\",\"dateModified\":\"2021-12-10T10:14:07+00:00\",\"description\":\"Informieren Sie sich \u00fcber die neuesten Nachrichten von i4F \u00fcber unsere patentierten innovativen Fu\u00dfbodentechnologien und bleiben Sie mit uns in den sozialen Medien in Verbindung.\",\"breadcrumb\":{\"@id\":\"https:\/\/i4f.com\/de\/news\/#breadcrumb\"},\"inLanguage\":\"de-DE\",\"potentialAction\":[{\"@type\":\"ReadAction\",\"target\":[\"https:\/\/i4f.com\/de\/news\/\"]}]},{\"@type\":\"BreadcrumbList\",\"@id\":\"https:\/\/i4f.com\/de\/news\/#breadcrumb\",\"itemListElement\":[{\"@type\":\"ListItem\",\"position\":1,\"name\":\"Home\",\"item\":\"https:\/\/i4f.com\/de\/\"},{\"@type\":\"ListItem\",\"position\":2,\"name\":\"Neuigkeiten\"}]},{\"@type\":\"WebSite\",\"@id\":\"https:\/\/i4f.com\/de\/#website\",\"url\":\"https:\/\/i4f.com\/de\/\",\"name\":\"i4F\",\"description\":\"\",\"potentialAction\":[{\"@type\":\"SearchAction\",\"target\":{\"@type\":\"EntryPoint\",\"urlTemplate\":\"https:\/\/i4f.com\/de\/?s={search_term_string}\"},\"query-input\":{\"@type\":\"PropertyValueSpecification\",\"valueRequired\":true,\"valueName\":\"search_term_string\"}}],\"inLanguage\":\"de-DE\"}]}<\/script>\n<!-- \/ Yoast SEO plugin. -->","yoast_head_json":{"title":"Neuigkeiten - i4F","description":"Informieren Sie sich \u00fcber die neuesten Nachrichten von i4F \u00fcber unsere patentierten innovativen Fu\u00dfbodentechnologien und bleiben Sie mit uns in den sozialen Medien in Verbindung.","robots":{"index":"index","follow":"follow","max-snippet":"max-snippet:-1","max-image-preview":"max-image-preview:large","max-video-preview":"max-video-preview:-1"},"canonical":"https:\/\/i4f.com\/de\/news\/","og_locale":"de_DE","og_type":"article","og_title":"Neuigkeiten - i4F","og_description":"Informieren Sie sich \u00fcber die neuesten Nachrichten von i4F \u00fcber unsere patentierten innovativen Fu\u00dfbodentechnologien und bleiben Sie mit uns in den sozialen Medien in Verbindung.","og_url":"https:\/\/i4f.com\/de\/news\/","og_site_name":"i4F","article_modified_time":"2021-12-10T10:14:07+00:00","twitter_card":"summary_large_image","schema":{"@context":"https:\/\/schema.org","@graph":[{"@type":"WebPage","@id":"https:\/\/i4f.com\/de\/news\/","url":"https:\/\/i4f.com\/de\/news\/","name":"Neuigkeiten - i4F","isPartOf":{"@id":"https:\/\/i4f.com\/de\/#website"},"datePublished":"2021-06-10T12:29:51+00:00","dateModified":"2021-12-10T10:14:07+00:00","description":"Informieren Sie sich \u00fcber die neuesten Nachrichten von i4F \u00fcber unsere patentierten innovativen Fu\u00dfbodentechnologien und bleiben Sie mit uns in den sozialen Medien in Verbindung.","breadcrumb":{"@id":"https:\/\/i4f.com\/de\/news\/#breadcrumb"},"inLanguage":"de-DE","potentialAction":[{"@type":"ReadAction","target":["https:\/\/i4f.com\/de\/news\/"]}]},{"@type":"BreadcrumbList","@id":"https:\/\/i4f.com\/de\/news\/#breadcrumb","itemListElement":[{"@type":"ListItem","position":1,"name":"Home","item":"https:\/\/i4f.com\/de\/"},{"@type":"ListItem","position":2,"name":"Neuigkeiten"}]},{"@type":"WebSite","@id":"https:\/\/i4f.com\/de\/#website","url":"https:\/\/i4f.com\/de\/","name":"i4F","description":"","potentialAction":[{"@type":"SearchAction","target":{"@type":"EntryPoint","urlTemplate":"https:\/\/i4f.com\/de\/?s={search_term_string}"},"query-input":{"@type":"PropertyValueSpecification","valueRequired":true,"valueName":"search_term_string"}}],"inLanguage":"de-DE"}]}},"_links":{"self":[{"href":"https:\/\/i4f.com\/de\/wp-json\/wp\/v2\/pages\/3010","targetHints":{"allow":["GET"]}}],"collection":[{"href":"https:\/\/i4f.com\/de\/wp-json\/wp\/v2\/pages"}],"about":[{"href":"https:\/\/i4f.com\/de\/wp-json\/wp\/v2\/types\/page"}],"author":[{"embeddable":true,"href":"https:\/\/i4f.com\/de\/wp-json\/wp\/v2\/users\/14"}],"replies":[{"embeddable":true,"href":"https:\/\/i4f.com\/de\/wp-json\/wp\/v2\/comments?post=3010"}],"version-history":[{"count":4,"href":"https:\/\/i4f.com\/de\/wp-json\/wp\/v2\/pages\/3010\/revisions"}],"predecessor-version":[{"id":3533,"href":"https:\/\/i4f.com\/de\/wp-json\/wp\/v2\/pages\/3010\/revisions\/3533"}],"wp:attachment":[{"href":"https:\/\/i4f.com\/de\/wp-json\/wp\/v2\/media?parent=3010"}],"curies":[{"name":"wp","href":"https:\/\/api.w.org\/{rel}","templated":true}]}}