{"id":3006,"date":"2021-06-10T12:34:42","date_gmt":"2021-06-10T12:34:42","guid":{"rendered":"https:\/\/i4f.com\/events\/"},"modified":"2021-12-14T13:49:27","modified_gmt":"2021-12-14T13:49:27","slug":"events","status":"publish","type":"page","link":"https:\/\/i4f.com\/de\/events\/","title":{"rendered":"Veranstaltungen"},"content":{"rendered":"        <section class=\"block hero\" id=\"block_60c20647d219c\">\n          <div class=\"hero-content is-center\" style=\"background-image: url('https:\/\/i4f.com\/app\/uploads\/2021\/06\/Events-header-02_lightgrey-1520x640.jpg')\">\n                              <img loading=\"lazy\" decoding=\"async\" src=\"https:\/\/i4f.com\/app\/uploads\/2021\/06\/Events-header-02_lightgrey-1440x640.jpg\" alt=\"Begegnungen und Treffen\"\n         srcset=\"https:\/\/i4f.com\/app\/uploads\/2021\/06\/Events-header-02_lightgrey-350x0-c-default.jpg 320w,https:\/\/i4f.com\/app\/uploads\/2021\/06\/Events-header-02_lightgrey-1440x640.jpg 640w, https:\/\/i4f.com\/app\/uploads\/2021\/06\/Events-header-02_lightgrey.jpg 1024w\"\n         sizes=\"auto, 100vw\" class=\"img-fluid hero-mobile\" width=\"1440\"\n         height=\"640\"\/>\n    \n\n            <div class=\"container\">\n              <div class=\"overlay\"><\/div>\n              <div class=\"row align-items-center\">\n                <div class=\"col-lg-5\">\n                  <div class=\"hero-body\">\n                    <h6>VERANSTALTUNGEN<\/h6>\n                    <h1>Begegnungen und Treffen<\/h1>\n                    <p>Wir freuen uns darauf, Sie pers\u00f6nlich kennenzulernen. i4F ist das ganze Jahr \u00fcber auf Veranstaltungen in der ganzen Welt aktiv\u00a0\u2013 schauen Sie also, wo Sie uns finden k\u00f6nnen.  F\u00fcr virtuelle Treffen und Touren stehen wir Ihnen immer zur Verf\u00fcgung. <\/p>\n                    <p class=\"hero-links\">\n                      <a href=\"https:\/\/i4f.com\/de\/virtual-showcase\/\" class=\"btn  btn-primary\">Besuchen Sie unseren virtuellen Stand<\/a>\n                    <\/p>\n                  <\/div>\n                <\/div>\n                <div class=\"offset-lg-3 col-lg-4 hero-spacer\">\n                  <div class=\"block-side block-event card-click\">\n                    <h3>N\u00e4chste Veranstaltung<\/h3>\n                  <\/div>\n                <\/div>\n              <\/div>\n            <\/div>\n          <\/div>\n        <\/section>\n\n\n\n        <section class=\"block heading left\" id=\"block_60c22417dd693\">\n          <div class=\"container\">\n  <div class=\"row\">\n    <div class=\"col-lg-8\">\n      <h3>Wo wir das Wort ergreifen werden<\/h3>\n      <p>Im Folgenden erfahren Sie mehr \u00fcber die Veranstaltungen, an denen wir teilnehmen werden. Wenn Sie es nicht abwarten k\u00f6nnen, besuchen Sie uns virtuell\u00a0\u2013 unser Online-Messestand ist jetzt ge\u00f6ffnet und pr\u00e4sentiert die i4F-Technologie 24\/7\/365.<\/p>\n    <\/div>\n  <\/div>\n          <\/div>\n        <\/section>\n\n\n\n        <section class=\"block event feed\" id=\"block_60c206d7d21ae\">\n          <div class=\"container\">\n            <div class=\"card-click\">\n              <h3>Termine der Vergangenheit<\/h3>\n              <div class=\"card\" id=\"block_60c206d7d21ae\">\n                <div class=\"row g-0 align-items-center\">\n                  <div class=\"col-lg-6 col-xl-7 card-image\" style=\"background-image: url(https:\/\/i4f.com\/app\/uploads\/2021\/07\/Logo_BAU_logo_cropped_600.jpg);background-image:-webkit-image-set(url(https:\/\/i4f.com\/app\/uploads\/2021\/07\/Logo_BAU_logo_cropped_600.jpg) 1x, url(https:\/\/i4f.com\/app\/uploads\/2021\/07\/Logo_BAU_logo_cropped_600.jpg) 2x);\">\n                    &nbsp;\n                  <\/div>\n                  <div class=\"col-lg-6 col-xl-5\">\n                    <div class=\"card-body\">\n                      <p class=\"event-date\"><span>\n      13 &#8211; 17 January 2025\n                        <\/span><\/p>\n                      <p class=\"event-time\">M\u00fcnchen, Deutschland<\/p>\n                      <h3><a href=\"\/de\/event\/bau-muenchen-halle-a6-stand-128\/\">BAU M\u00fcnchen, Halle A6 Stand 139<\/a><\/h3>\n                      <p class=\"excerpt\"><\/p>\n                      <p><a href=\"\/de\/event\/bau-muenchen-halle-a6-stand-128\/\" class=\"btn btn-primary\">Einzelheiten zum Termin<\/a><\/p>\n                    <\/div>\n                  <\/div>\n                <\/div>\n              <\/div>\n            <\/div>\n          <\/div>\n        <\/section>\n\n\n\n        <section class=\"block cta image\" id=\"block_60ddb636d0802\">\n          <div class=\"container\">\n  <div class=\"row\">\n    <div class=\"col-lg-8 offset-lg-2\">\n      <div class=\"cta-bg\">\n        <div class=\"row align-items-center\">\n          <div class=\"col-xl-3\">\n            <div class=\"cta-image\">\n                                <img loading=\"lazy\" decoding=\"async\" src=\"https:\/\/i4f.com\/app\/uploads\/2021\/06\/Newsletter-preview-1-360x370.png\" alt=\"A tablet with a picture of the website\"\n         srcset=\"https:\/\/i4f.com\/app\/uploads\/2021\/06\/Newsletter-preview-1-350x0-c-default.png 320w,https:\/\/i4f.com\/app\/uploads\/2021\/06\/Newsletter-preview-1-360x370.png 640w, https:\/\/i4f.com\/app\/uploads\/2021\/06\/Newsletter-preview-1-716x740.png 1024w\"\n         sizes=\"auto, 100vw\" class=\"img-fluid\" width=\"360\"\n         height=\"370\"\/>\n    \n\n            <\/div>\n          <\/div>\n          <div class=\"col-xl-9\">\n            <div class=\"cta-content\">\n              <h3>Mit i4F auf dem neuesten Stand bleiben<\/h3>\n              <ul>\n                <li>Die neuesten Branchennachrichten direkt in Ihrem Posteingang<\/li>\n                <li>Erfahren Sie mehr \u00fcber unsere Technologien und \u00fcber kommende Veranstaltungen<\/li>\n              <\/ul>\n              <form action=\"\/de\/events\/#block_60ddb636d0802\" method=\"post\" class=\"form-mailing-list form-process\" data-action=\"subscribe\" data-nonce=\"89cf46857e\" data-post-id=\"3006\" novalidate>\n                <div class='form-container'>\n                  <div class=\"alert alert-danger error\"><\/div>\n                  <label for=\"email\">Ihre E-Mail Adresse<\/label>\n                  <div class=\"row g-0 align-items-center\">\n                    <div class=\"col-6\">\n                      <input id=\"email\" name=\"email\" type=\"email\" value=\"\" class=\"form-control\" \/>\n                    <\/div>\n                    <div class=\"col-6\">\n                      <button class=\"btn btn-sm btn-primary\">Halten Sie mich auf dem Laufenden<\/button>\n                    <\/div>\n                  <\/div>\n                <\/div>\n                <div class=\"form-thank-you\">\n                  <h3>Danke f\u00fcr Ihre Anmeldung<\/h3>\n                <\/div>\n              <\/form>\n            <\/div>\n          <\/div>\n        <\/div>\n      <\/div>\n    <\/div>\n  <\/div>\n          <\/div>\n        <\/section>\n\n","protected":false},"excerpt":{"rendered":"","protected":false},"author":14,"featured_media":0,"parent":0,"menu_order":0,"comment_status":"closed","ping_status":"closed","template":"templates\/page-events.php","meta":{"_acf_changed":false,"content-type":"","footnotes":""},"class_list":["post-3006","page","type-page","status-publish","hentry"],"acf":[],"yoast_head":"<!-- This site is optimized with the Yoast SEO plugin v24.8.1 - https:\/\/yoast.com\/wordpress\/plugins\/seo\/ -->\n<title>Veranstaltungen - i4F<\/title>\n<meta name=\"description\" content=\"In unserem Veranstaltungskalender finden Sie Gelegenheiten, das i4F-Team virtuell online oder pers\u00f6nlich zu treffen, wenn es die Umst\u00e4nde erlauben.\" \/>\n<meta name=\"robots\" content=\"index, follow, max-snippet:-1, max-image-preview:large, max-video-preview:-1\" \/>\n<link rel=\"canonical\" href=\"https:\/\/i4f.com\/de\/events\/\" \/>\n<meta property=\"og:locale\" content=\"de_DE\" \/>\n<meta property=\"og:type\" content=\"article\" \/>\n<meta property=\"og:title\" content=\"Veranstaltungen - i4F\" \/>\n<meta property=\"og:description\" content=\"In unserem Veranstaltungskalender finden Sie Gelegenheiten, das i4F-Team virtuell online oder pers\u00f6nlich zu treffen, wenn es die Umst\u00e4nde erlauben.\" \/>\n<meta property=\"og:url\" content=\"https:\/\/i4f.com\/de\/events\/\" \/>\n<meta property=\"og:site_name\" content=\"i4F\" \/>\n<meta property=\"article:modified_time\" content=\"2021-12-14T13:49:27+00:00\" \/>\n<meta name=\"twitter:card\" content=\"summary_large_image\" \/>\n<script type=\"application\/ld+json\" class=\"yoast-schema-graph\">{\"@context\":\"https:\/\/schema.org\",\"@graph\":[{\"@type\":\"WebPage\",\"@id\":\"https:\/\/i4f.com\/de\/events\/\",\"url\":\"https:\/\/i4f.com\/de\/events\/\",\"name\":\"Veranstaltungen - i4F\",\"isPartOf\":{\"@id\":\"https:\/\/i4f.com\/de\/#website\"},\"datePublished\":\"2021-06-10T12:34:42+00:00\",\"dateModified\":\"2021-12-14T13:49:27+00:00\",\"description\":\"In unserem Veranstaltungskalender finden Sie Gelegenheiten, das i4F-Team virtuell online oder pers\u00f6nlich zu treffen, wenn es die Umst\u00e4nde erlauben.\",\"breadcrumb\":{\"@id\":\"https:\/\/i4f.com\/de\/events\/#breadcrumb\"},\"inLanguage\":\"de-DE\",\"potentialAction\":[{\"@type\":\"ReadAction\",\"target\":[\"https:\/\/i4f.com\/de\/events\/\"]}]},{\"@type\":\"BreadcrumbList\",\"@id\":\"https:\/\/i4f.com\/de\/events\/#breadcrumb\",\"itemListElement\":[{\"@type\":\"ListItem\",\"position\":1,\"name\":\"Home\",\"item\":\"https:\/\/i4f.com\/de\/\"},{\"@type\":\"ListItem\",\"position\":2,\"name\":\"Veranstaltungen\"}]},{\"@type\":\"WebSite\",\"@id\":\"https:\/\/i4f.com\/de\/#website\",\"url\":\"https:\/\/i4f.com\/de\/\",\"name\":\"i4F\",\"description\":\"\",\"potentialAction\":[{\"@type\":\"SearchAction\",\"target\":{\"@type\":\"EntryPoint\",\"urlTemplate\":\"https:\/\/i4f.com\/de\/?s={search_term_string}\"},\"query-input\":{\"@type\":\"PropertyValueSpecification\",\"valueRequired\":true,\"valueName\":\"search_term_string\"}}],\"inLanguage\":\"de-DE\"}]}<\/script>\n<!-- \/ Yoast SEO plugin. -->","yoast_head_json":{"title":"Veranstaltungen - i4F","description":"In unserem Veranstaltungskalender finden Sie Gelegenheiten, das i4F-Team virtuell online oder pers\u00f6nlich zu treffen, wenn es die Umst\u00e4nde erlauben.","robots":{"index":"index","follow":"follow","max-snippet":"max-snippet:-1","max-image-preview":"max-image-preview:large","max-video-preview":"max-video-preview:-1"},"canonical":"https:\/\/i4f.com\/de\/events\/","og_locale":"de_DE","og_type":"article","og_title":"Veranstaltungen - i4F","og_description":"In unserem Veranstaltungskalender finden Sie Gelegenheiten, das i4F-Team virtuell online oder pers\u00f6nlich zu treffen, wenn es die Umst\u00e4nde erlauben.","og_url":"https:\/\/i4f.com\/de\/events\/","og_site_name":"i4F","article_modified_time":"2021-12-14T13:49:27+00:00","twitter_card":"summary_large_image","schema":{"@context":"https:\/\/schema.org","@graph":[{"@type":"WebPage","@id":"https:\/\/i4f.com\/de\/events\/","url":"https:\/\/i4f.com\/de\/events\/","name":"Veranstaltungen - i4F","isPartOf":{"@id":"https:\/\/i4f.com\/de\/#website"},"datePublished":"2021-06-10T12:34:42+00:00","dateModified":"2021-12-14T13:49:27+00:00","description":"In unserem Veranstaltungskalender finden Sie Gelegenheiten, das i4F-Team virtuell online oder pers\u00f6nlich zu treffen, wenn es die Umst\u00e4nde erlauben.","breadcrumb":{"@id":"https:\/\/i4f.com\/de\/events\/#breadcrumb"},"inLanguage":"de-DE","potentialAction":[{"@type":"ReadAction","target":["https:\/\/i4f.com\/de\/events\/"]}]},{"@type":"BreadcrumbList","@id":"https:\/\/i4f.com\/de\/events\/#breadcrumb","itemListElement":[{"@type":"ListItem","position":1,"name":"Home","item":"https:\/\/i4f.com\/de\/"},{"@type":"ListItem","position":2,"name":"Veranstaltungen"}]},{"@type":"WebSite","@id":"https:\/\/i4f.com\/de\/#website","url":"https:\/\/i4f.com\/de\/","name":"i4F","description":"","potentialAction":[{"@type":"SearchAction","target":{"@type":"EntryPoint","urlTemplate":"https:\/\/i4f.com\/de\/?s={search_term_string}"},"query-input":{"@type":"PropertyValueSpecification","valueRequired":true,"valueName":"search_term_string"}}],"inLanguage":"de-DE"}]}},"_links":{"self":[{"href":"https:\/\/i4f.com\/de\/wp-json\/wp\/v2\/pages\/3006","targetHints":{"allow":["GET"]}}],"collection":[{"href":"https:\/\/i4f.com\/de\/wp-json\/wp\/v2\/pages"}],"about":[{"href":"https:\/\/i4f.com\/de\/wp-json\/wp\/v2\/types\/page"}],"author":[{"embeddable":true,"href":"https:\/\/i4f.com\/de\/wp-json\/wp\/v2\/users\/14"}],"replies":[{"embeddable":true,"href":"https:\/\/i4f.com\/de\/wp-json\/wp\/v2\/comments?post=3006"}],"version-history":[{"count":6,"href":"https:\/\/i4f.com\/de\/wp-json\/wp\/v2\/pages\/3006\/revisions"}],"predecessor-version":[{"id":3626,"href":"https:\/\/i4f.com\/de\/wp-json\/wp\/v2\/pages\/3006\/revisions\/3626"}],"wp:attachment":[{"href":"https:\/\/i4f.com\/de\/wp-json\/wp\/v2\/media?parent=3006"}],"curies":[{"name":"wp","href":"https:\/\/api.w.org\/{rel}","templated":true}]}}