{"id":2998,"date":"2021-06-10T12:45:07","date_gmt":"2021-06-10T12:45:07","guid":{"rendered":"https:\/\/i4f.com\/l2c-labelling-program\/"},"modified":"2021-12-10T10:13:20","modified_gmt":"2021-12-10T10:13:20","slug":"l2c-labelling-program","status":"publish","type":"page","link":"https:\/\/i4f.com\/de\/licensees\/l2c-labelling-program\/","title":{"rendered":"L2C-Kennzeichnungsprogramm"},"content":{"rendered":"        <section class=\"block hero\" id=\"block_60c2087285ed4\">\n          <div class=\"hero-content\" style=\"background-image: url('https:\/\/i4f.com\/app\/uploads\/2021\/06\/Licensee-header-light-1520x640.jpg')\">\n                              <img loading=\"lazy\" decoding=\"async\" src=\"https:\/\/i4f.com\/app\/uploads\/2021\/06\/Licensee-header-light-1440x640.jpg\" alt=\"Das i4F-Kennzeichnungssystem\u00a0\u2013 das Zeichen, dass Sie gesch\u00fctzt sind \"\n         srcset=\"https:\/\/i4f.com\/app\/uploads\/2021\/06\/Licensee-header-light-350x0-c-default.jpg 320w,https:\/\/i4f.com\/app\/uploads\/2021\/06\/Licensee-header-light-1440x640.jpg 640w, https:\/\/i4f.com\/app\/uploads\/2021\/06\/Licensee-header-light.jpg 1024w\"\n         sizes=\"auto, 100vw\" class=\"img-fluid hero-mobile\" width=\"1440\"\n         height=\"640\"\/>\n    \n\n            <div class=\"container\">\n              <div class=\"overlay\"><\/div>\n              <div class=\"row align-items-center\">\n                <div class=\"col-lg-5\">\n                  <div class=\"hero-body\">\n                    <h6>L2C-Kennzeichnungsprogramm <\/h6>\n                    <h1>Das i4F-Kennzeichnungssystem\u00a0\u2013 das Zeichen, dass Sie gesch\u00fctzt sind <\/h1>\n                    <p>Das neue Kennzeichnungssystem von i4F geht mit dem Angebot an alle i4F-Lizenznehmer einher, eine Nichtanfechtungsvereinbarung zu unterzeichnen, die einen zus\u00e4tzlichen weltweiten Schutz f\u00fcr bestimmte Patente f\u00fcr neue Materialien mit einem Schlie\u00dfsystem bietet. <\/p>\n                  <\/div>\n                <\/div>\n                <div class=\"col d-none d-lg-block hero-spacer\">\n                <\/div>\n              <\/div>\n            <\/div>\n          <\/div>\n        <\/section>\n\n\n\n        <section class=\"block text half\" id=\"block_60d0ba5cd5941\">\n          <div class=\"container\">\n  <div class=\"row\">\n    <div class=\"col-md-6 offset-md-3 order-md-1\">\n\n\n<h2 class=\"wp-block-heading\">Seelenfrieden auf jedem Karton aufgedruckt<\/h2>\n\n\n\n<p>Die regionsspezifischen Etiketten von i4F basieren auf dem L2C-Programm, einem Industrie-Authentifizierungs-Kennzeichnungsprogramm f\u00fcr lizenzierte Partner, das ein autorisiertes und einzigartiges holografisches Etikett auf jeder Produktverpackung vorschreibt, die unter Verwendung bestimmter Patente hergestellt und verkauft wird.<\/p>\n\n\n\n<p>Die Etiketten unterscheiden sich nach vier verschiedenen geografischen Gebieten und sollen die i4F-Lizenznehmer und ihre Kunden vor m\u00f6glichen Verletzungsanspr\u00fcchen im Zusammenhang mit diesen Patenten f\u00fcr neue Materialien und Produkte einschlie\u00dflich SPC, LVT und WPC mit einem Verriegelungssystem sch\u00fctzen.<\/p>\n\n\n    <\/div>\n  <\/div>\n          <\/div>\n        <\/section>\n\n\n\n        <section class=\"block cta image\" id=\"block_60ddb636d0802\">\n          <div class=\"container\">\n  <div class=\"row\">\n    <div class=\"col-lg-8 offset-lg-2\">\n      <div class=\"cta-bg\">\n        <div class=\"row align-items-center\">\n          <div class=\"col-xl-3\">\n            <div class=\"cta-image\">\n                                <img loading=\"lazy\" decoding=\"async\" src=\"https:\/\/i4f.com\/app\/uploads\/2021\/06\/Newsletter-preview-1-360x370.png\" alt=\"A tablet with a picture of the website\"\n         srcset=\"https:\/\/i4f.com\/app\/uploads\/2021\/06\/Newsletter-preview-1-350x0-c-default.png 320w,https:\/\/i4f.com\/app\/uploads\/2021\/06\/Newsletter-preview-1-360x370.png 640w, https:\/\/i4f.com\/app\/uploads\/2021\/06\/Newsletter-preview-1-716x740.png 1024w\"\n         sizes=\"auto, 100vw\" class=\"img-fluid\" width=\"360\"\n         height=\"370\"\/>\n    \n\n            <\/div>\n          <\/div>\n          <div class=\"col-xl-9\">\n            <div class=\"cta-content\">\n              <h3>Mit i4F auf dem neuesten Stand bleiben<\/h3>\n              <ul>\n                <li>Die neuesten Branchennachrichten direkt in Ihrem Posteingang<\/li>\n                <li>Erfahren Sie mehr \u00fcber unsere Technologien und \u00fcber kommende Veranstaltungen<\/li>\n              <\/ul>\n              <form action=\"\/de\/licensees\/l2c-labelling-program\/#block_60ddb636d0802\" method=\"post\" class=\"form-mailing-list form-process\" data-action=\"subscribe\" data-nonce=\"09f96bc352\" data-post-id=\"2998\" novalidate>\n                <div class='form-container'>\n                  <div class=\"alert alert-danger error\"><\/div>\n                  <label for=\"email\">Ihre E-Mail Adresse<\/label>\n                  <div class=\"row g-0 align-items-center\">\n                    <div class=\"col-6\">\n                      <input id=\"email\" name=\"email\" type=\"email\" value=\"\" class=\"form-control\" \/>\n                    <\/div>\n                    <div class=\"col-6\">\n                      <button class=\"btn btn-sm btn-primary\">Halten Sie mich auf dem Laufenden<\/button>\n                    <\/div>\n                  <\/div>\n                <\/div>\n                <div class=\"form-thank-you\">\n                  <h3>Danke f\u00fcr Ihre Anmeldung<\/h3>\n                <\/div>\n              <\/form>\n            <\/div>\n          <\/div>\n        <\/div>\n      <\/div>\n    <\/div>\n  <\/div>\n          <\/div>\n        <\/section>\n\n","protected":false},"excerpt":{"rendered":"","protected":false},"author":14,"featured_media":0,"parent":3002,"menu_order":0,"comment_status":"closed","ping_status":"closed","template":"","meta":{"_acf_changed":false,"content-type":"","footnotes":""},"class_list":["post-2998","page","type-page","status-publish","hentry"],"acf":[],"yoast_head":"<!-- This site is optimized with the Yoast SEO plugin v24.8.1 - https:\/\/yoast.com\/wordpress\/plugins\/seo\/ -->\n<title>L2C-Kennzeichnungsprogramm - i4F<\/title>\n<meta name=\"description\" content=\"Das auf dem L2C-Programm basierende Kennzeichnungssystem von i4F sch\u00fctzt Lizenznehmer vor m\u00f6glichen Patentverletzungsanspr\u00fcchen im Zusammenhang mit Patenten f\u00fcr verschlie\u00dfbare Bodensysteme.\" \/>\n<meta name=\"robots\" content=\"index, follow, max-snippet:-1, max-image-preview:large, max-video-preview:-1\" \/>\n<link rel=\"canonical\" href=\"https:\/\/i4f.com\/de\/licensees\/l2c-labelling-program\/\" \/>\n<meta property=\"og:locale\" content=\"de_DE\" \/>\n<meta property=\"og:type\" content=\"article\" \/>\n<meta property=\"og:title\" content=\"L2C-Kennzeichnungsprogramm - i4F\" \/>\n<meta property=\"og:description\" content=\"Das auf dem L2C-Programm basierende Kennzeichnungssystem von i4F sch\u00fctzt Lizenznehmer vor m\u00f6glichen Patentverletzungsanspr\u00fcchen im Zusammenhang mit Patenten f\u00fcr verschlie\u00dfbare Bodensysteme.\" \/>\n<meta property=\"og:url\" content=\"https:\/\/i4f.com\/de\/licensees\/l2c-labelling-program\/\" \/>\n<meta property=\"og:site_name\" content=\"i4F\" \/>\n<meta property=\"article:modified_time\" content=\"2021-12-10T10:13:20+00:00\" \/>\n<meta name=\"twitter:card\" content=\"summary_large_image\" \/>\n<meta name=\"twitter:label1\" content=\"Est. reading time\" \/>\n\t<meta name=\"twitter:data1\" content=\"1 minute\" \/>\n<script type=\"application\/ld+json\" class=\"yoast-schema-graph\">{\"@context\":\"https:\/\/schema.org\",\"@graph\":[{\"@type\":\"WebPage\",\"@id\":\"https:\/\/i4f.com\/de\/licensees\/l2c-labelling-program\/\",\"url\":\"https:\/\/i4f.com\/de\/licensees\/l2c-labelling-program\/\",\"name\":\"L2C-Kennzeichnungsprogramm - i4F\",\"isPartOf\":{\"@id\":\"https:\/\/i4f.com\/de\/#website\"},\"datePublished\":\"2021-06-10T12:45:07+00:00\",\"dateModified\":\"2021-12-10T10:13:20+00:00\",\"description\":\"Das auf dem L2C-Programm basierende Kennzeichnungssystem von i4F sch\u00fctzt Lizenznehmer vor m\u00f6glichen Patentverletzungsanspr\u00fcchen im Zusammenhang mit Patenten f\u00fcr verschlie\u00dfbare Bodensysteme.\",\"breadcrumb\":{\"@id\":\"https:\/\/i4f.com\/de\/licensees\/l2c-labelling-program\/#breadcrumb\"},\"inLanguage\":\"de-DE\",\"potentialAction\":[{\"@type\":\"ReadAction\",\"target\":[\"https:\/\/i4f.com\/de\/licensees\/l2c-labelling-program\/\"]}]},{\"@type\":\"BreadcrumbList\",\"@id\":\"https:\/\/i4f.com\/de\/licensees\/l2c-labelling-program\/#breadcrumb\",\"itemListElement\":[{\"@type\":\"ListItem\",\"position\":1,\"name\":\"Home\",\"item\":\"https:\/\/i4f.com\/de\/\"},{\"@type\":\"ListItem\",\"position\":2,\"name\":\"Lizenznehmer\",\"item\":\"https:\/\/i4f.com\/de\/licensees\/\"},{\"@type\":\"ListItem\",\"position\":3,\"name\":\"L2C-Kennzeichnungsprogramm\"}]},{\"@type\":\"WebSite\",\"@id\":\"https:\/\/i4f.com\/de\/#website\",\"url\":\"https:\/\/i4f.com\/de\/\",\"name\":\"i4F\",\"description\":\"\",\"potentialAction\":[{\"@type\":\"SearchAction\",\"target\":{\"@type\":\"EntryPoint\",\"urlTemplate\":\"https:\/\/i4f.com\/de\/?s={search_term_string}\"},\"query-input\":{\"@type\":\"PropertyValueSpecification\",\"valueRequired\":true,\"valueName\":\"search_term_string\"}}],\"inLanguage\":\"de-DE\"}]}<\/script>\n<!-- \/ Yoast SEO plugin. -->","yoast_head_json":{"title":"L2C-Kennzeichnungsprogramm - i4F","description":"Das auf dem L2C-Programm basierende Kennzeichnungssystem von i4F sch\u00fctzt Lizenznehmer vor m\u00f6glichen Patentverletzungsanspr\u00fcchen im Zusammenhang mit Patenten f\u00fcr verschlie\u00dfbare Bodensysteme.","robots":{"index":"index","follow":"follow","max-snippet":"max-snippet:-1","max-image-preview":"max-image-preview:large","max-video-preview":"max-video-preview:-1"},"canonical":"https:\/\/i4f.com\/de\/licensees\/l2c-labelling-program\/","og_locale":"de_DE","og_type":"article","og_title":"L2C-Kennzeichnungsprogramm - i4F","og_description":"Das auf dem L2C-Programm basierende Kennzeichnungssystem von i4F sch\u00fctzt Lizenznehmer vor m\u00f6glichen Patentverletzungsanspr\u00fcchen im Zusammenhang mit Patenten f\u00fcr verschlie\u00dfbare Bodensysteme.","og_url":"https:\/\/i4f.com\/de\/licensees\/l2c-labelling-program\/","og_site_name":"i4F","article_modified_time":"2021-12-10T10:13:20+00:00","twitter_card":"summary_large_image","twitter_misc":{"Est. reading time":"1 minute"},"schema":{"@context":"https:\/\/schema.org","@graph":[{"@type":"WebPage","@id":"https:\/\/i4f.com\/de\/licensees\/l2c-labelling-program\/","url":"https:\/\/i4f.com\/de\/licensees\/l2c-labelling-program\/","name":"L2C-Kennzeichnungsprogramm - i4F","isPartOf":{"@id":"https:\/\/i4f.com\/de\/#website"},"datePublished":"2021-06-10T12:45:07+00:00","dateModified":"2021-12-10T10:13:20+00:00","description":"Das auf dem L2C-Programm basierende Kennzeichnungssystem von i4F sch\u00fctzt Lizenznehmer vor m\u00f6glichen Patentverletzungsanspr\u00fcchen im Zusammenhang mit Patenten f\u00fcr verschlie\u00dfbare Bodensysteme.","breadcrumb":{"@id":"https:\/\/i4f.com\/de\/licensees\/l2c-labelling-program\/#breadcrumb"},"inLanguage":"de-DE","potentialAction":[{"@type":"ReadAction","target":["https:\/\/i4f.com\/de\/licensees\/l2c-labelling-program\/"]}]},{"@type":"BreadcrumbList","@id":"https:\/\/i4f.com\/de\/licensees\/l2c-labelling-program\/#breadcrumb","itemListElement":[{"@type":"ListItem","position":1,"name":"Home","item":"https:\/\/i4f.com\/de\/"},{"@type":"ListItem","position":2,"name":"Lizenznehmer","item":"https:\/\/i4f.com\/de\/licensees\/"},{"@type":"ListItem","position":3,"name":"L2C-Kennzeichnungsprogramm"}]},{"@type":"WebSite","@id":"https:\/\/i4f.com\/de\/#website","url":"https:\/\/i4f.com\/de\/","name":"i4F","description":"","potentialAction":[{"@type":"SearchAction","target":{"@type":"EntryPoint","urlTemplate":"https:\/\/i4f.com\/de\/?s={search_term_string}"},"query-input":{"@type":"PropertyValueSpecification","valueRequired":true,"valueName":"search_term_string"}}],"inLanguage":"de-DE"}]}},"_links":{"self":[{"href":"https:\/\/i4f.com\/de\/wp-json\/wp\/v2\/pages\/2998","targetHints":{"allow":["GET"]}}],"collection":[{"href":"https:\/\/i4f.com\/de\/wp-json\/wp\/v2\/pages"}],"about":[{"href":"https:\/\/i4f.com\/de\/wp-json\/wp\/v2\/types\/page"}],"author":[{"embeddable":true,"href":"https:\/\/i4f.com\/de\/wp-json\/wp\/v2\/users\/14"}],"replies":[{"embeddable":true,"href":"https:\/\/i4f.com\/de\/wp-json\/wp\/v2\/comments?post=2998"}],"version-history":[{"count":4,"href":"https:\/\/i4f.com\/de\/wp-json\/wp\/v2\/pages\/2998\/revisions"}],"predecessor-version":[{"id":3532,"href":"https:\/\/i4f.com\/de\/wp-json\/wp\/v2\/pages\/2998\/revisions\/3532"}],"up":[{"embeddable":true,"href":"https:\/\/i4f.com\/de\/wp-json\/wp\/v2\/pages\/3002"}],"wp:attachment":[{"href":"https:\/\/i4f.com\/de\/wp-json\/wp\/v2\/media?parent=2998"}],"curies":[{"name":"wp","href":"https:\/\/api.w.org\/{rel}","templated":true}]}}