{"id":2896,"date":"2021-06-21T12:03:14","date_gmt":"2021-06-21T12:03:14","guid":{"rendered":"https:\/\/i4f.com\/wall-ceiling-technology\/"},"modified":"2025-10-31T10:48:02","modified_gmt":"2025-10-31T10:48:02","slug":"wall-ceiling-technology","status":"publish","type":"page","link":"https:\/\/i4f.com\/de\/technologies\/wall-ceiling-technology\/","title":{"rendered":"Technologien f\u00fcr Decken- und Wandverkleidungen"},"content":{"rendered":"        <section class=\"block hero\" id=\"block_6863aed74e407\">\n          <div class=\"hero-content\" style=\"background-image: url('https:\/\/i4f.com\/app\/uploads\/2021\/06\/Wall-and-ceiling-technology-header-1520x640.jpg')\">\n                              <img loading=\"lazy\" decoding=\"async\" src=\"https:\/\/i4f.com\/app\/uploads\/2021\/06\/Wall-and-ceiling-technology-header-1440x640.jpg\" alt=\"A woman with her head against a wall which has light blue pentagons highlighted\"\n         srcset=\"https:\/\/i4f.com\/app\/uploads\/2021\/06\/Wall-and-ceiling-technology-header-350x0-c-default.jpg 320w,https:\/\/i4f.com\/app\/uploads\/2021\/06\/Wall-and-ceiling-technology-header-1440x640.jpg 640w, https:\/\/i4f.com\/app\/uploads\/2021\/06\/Wall-and-ceiling-technology-header.jpg 1024w\"\n         sizes=\"auto, 100vw\" class=\"img-fluid hero-mobile\" width=\"1440\"\n         height=\"640\"\/>\n    \n\n            <div class=\"container\">\n              <div class=\"overlay\"><\/div>\n              <div class=\"row align-items-center\">\n                <div class=\"col-lg-5\">\n                  <div class=\"hero-body\">\n                    <div class=\"hero-logo\">\n                      <img decoding=\"async\" src=\"https:\/\/i4f.com\/app\/uploads\/2025\/07\/i4F-Wall-and-Ceiling-Technologies-Cluster-new-logo_aeonik-203x50.png\" alt=\"\" \/>\n                    <\/div>\n                    <h1>i4f Decken- und Wandverkleidungen<\/h1>\n                    <p>Erschlie\u00dfen Sie neue M\u00e4rkte mit unseren 3D-Wand-, Flachwand- und Deckeninstallationssystemen\u00a0\u2013 und haben Sie den ganzen Raum im Griff. <\/p>\n                    <p class=\"hero-links\">\n                      <a href=\"#Drive-your\" class=\"btn  btn-primary\">Sehen Sie sich unsere Technologien an &nbsp; <svg width=\"24\" height=\"24\" viewBox=\"0 0 24 24\" fill=\"none\" xmlns=\"http:\/\/www.w3.org\/2000\/svg\">\n<path d=\"M12 5V19\" stroke=\"#304757\" stroke-width=\"2\" stroke-linecap=\"round\" stroke-linejoin=\"round\"\/>\n<path d=\"M19 12L12 19L5 12\" stroke=\"#304757\" stroke-width=\"2\" stroke-linecap=\"round\" stroke-linejoin=\"round\"\/>\n<\/svg>\n<\/a>\n                      <a href=\"https:\/\/i4f.com\/contact\/?tab=block_60d3b16e96657-2-form#block_60d3b16596656\" class=\"btn  btn-outline-secondary\">Werden Sie Lizenznehmer<\/a>\n                    <\/p>\n                  <\/div>\n                <\/div>\n                <div class=\"col d-none d-lg-block hero-spacer\">\n                <\/div>\n              <\/div>\n            <\/div>\n          <\/div>\n        <\/section>\n\n        <section class=\"block is-default cta cta-icon center\" id=\"Drive-your\">\n          <div class=\"container\">\n  <div class=\"row\">\n    <div class=\"col-lg-8 offset-lg-2\">\n          <h2>Bringen Sie Ihr Bodenbelagsgesch\u00e4ft in Schwung<\/h2>\n          <p>i4F Verlegesysteme f\u00fcr Wand- und Deckenbel\u00e4ge erm\u00f6glichen es Bodenbelagsherstellern nicht nur, neue M\u00e4rkte zu erschlie\u00dfen, sondern auch bestehende Designs zu nutzen, indem sie neue Kollektionen auf den Markt bringen, die Bodenbelag, Wand und Decke kombinieren.<\/p>\n          <div class=\"row icons justify-content-center\">\n            <div class=\"col-lg-3\">\n                <p><img decoding=\"async\" src=\"https:\/\/i4f.com\/app\/themes\/i4f\/assets\/img\/icon\/Icon__Growth.svg\" \/><\/p>\n                <p>Attraktive Wachstumschancen<\/p>\n            <\/div>\n            <div class=\"col-lg-3\">\n                <p><img decoding=\"async\" src=\"https:\/\/i4f.com\/app\/themes\/i4f\/assets\/img\/icon\/Icon__Design.svg\" \/><\/p>\n                <p>Unendlich viele Designs<\/p>\n            <\/div>\n            <div class=\"col-lg-3\">\n                <p><img decoding=\"async\" src=\"https:\/\/i4f.com\/app\/themes\/i4f\/assets\/img\/icon\/Icon__Materials.svg\" \/><\/p>\n                <p>Alle Materialien<\/p>\n            <\/div>\n            <div class=\"col-lg-3\">\n                <p><img decoding=\"async\" src=\"https:\/\/i4f.com\/app\/themes\/i4f\/assets\/img\/icon\/Icon__Resistant.svg\" \/><\/p>\n                <p>Feuchtigkeits- und hitzebest\u00e4ndig<\/p>\n            <\/div>\n          <\/div>\n      <\/div>\n    <\/div>\n  <\/div>\n          <\/div>\n        <\/section>\n\n        <section class=\"block is-default video\" id=\"block_6863aed74e498\">\n          <div class=\"container\">\n  <div class=\"row\">\n      <div class=\"col-md-8 offset-md-2\">\n          <!-- test: not_cn -->\n      <div class=\"video-player\">\n        <div class=\"video-cover\">\n                                     <img loading=\"lazy\" decoding=\"async\" src=\"https:\/\/i4f.com\/app\/uploads\/2025\/02\/i4f-logo_wordpress-920x518.png\" alt=\"Video thumbnail\"\n         srcset=\"https:\/\/i4f.com\/app\/uploads\/2025\/02\/i4f-logo_wordpress-350x0-c-default.png 320w,https:\/\/i4f.com\/app\/uploads\/2025\/02\/i4f-logo_wordpress-920x518.png 640w, https:\/\/i4f.com\/app\/uploads\/2025\/02\/i4f-logo_wordpress.png 1024w\"\n         sizes=\"auto, 100vw\" class=\"img-fluid\" width=\"920\"\n         height=\"518\"\/>\n    \n\n          <button class=\"play-btn\"><svg width=\"75\" height=\"75\" viewBox=\"0 0 75 75\" fill=\"none\" xmlns=\"http:\/\/www.w3.org\/2000\/svg\">\n<circle cx=\"37.0634\" cy=\"37.5633\" r=\"36.5634\" fill=\"url(#paint0_linear)\" stroke=\"white\"\/>\n<path d=\"M28.6621 25.2088L48.4293 38.0574L28.6621 50.9061V25.2088Z\" fill=\"white\"\/>\n<defs>\n<linearGradient id=\"paint0_linear\" x1=\"-2.1099e-06\" y1=\"41.1243\" x2=\"74.1268\" y2=\"41.1243\" gradientUnits=\"userSpaceOnUse\">\n<stop stop-color=\"#465865\"\/>\n<stop offset=\"1\" stop-color=\"#0A0E11\"\/>\n<\/linearGradient>\n<\/defs>\n<\/svg>\n<span>3:21<\/span><\/button>\n        <\/div>\n        <div class=\"ratio ratio-16x9\">\n          <iframe loading=\"lazy\" title=\"I4F Kronospan animatie: Wall &amp; Ceiling Technology overview\" width=\"920\" height=\"518\" src=\"https:\/\/www.youtube.com\/embed\/BZZ4yFW-Cec?feature=oembed&#038;controls=1&#038;hd=1&#038;autohide=1&#038;rel=0\" frameborder=\"0\" allow=\"accelerometer; autoplay; clipboard-write; encrypted-media; gyroscope; picture-in-picture; web-share\" referrerpolicy=\"strict-origin-when-cross-origin\" allowfullscreen class=\"embed-responsive-item\"><\/iframe>\n        <\/div>\n      <\/div>\n                      <h3 class=\"h5 mt-4\">\u00dcberblick \u00fcber die Wand- und Deckentechnologie<\/h3>\n        \n    <\/div>\n    <\/div>\n          <\/div>\n        <\/section>\n\n        <section class=\"block text-image video align-right \" id=\"block_6863aed74e4ca\">\n        <div class=\"container-outer\">\n          <div class=\"container\">\n            <div class=\"row align-items-center\">\n            <div class=\"responsive_reverse\">\n<div class=\"col-xl-7 order-xl-2\">\n                <div class=\"txtimg-body\">\n                    <h2>3D Wandpaneel-Installationssystem<\/h2>\n                    <p>Ein neues, patentiertes Verlegesystem, das es erm\u00f6glicht, drei verschiedene Ebenen von Paneelen miteinander zu verbinden und einen erstaunlichen 3D-Effekt an den W\u00e4nden zu erzielen.<\/p>\n\n\n                <\/div>\n                <div class=\"col-xl-5 order-xl-1\">\n                <div class=\"txtimg-image text-center\">\n                                      <img loading=\"lazy\" decoding=\"async\" src=\"https:\/\/i4f.com\/app\/uploads\/2025\/02\/Kronowall_5934_3D_-920x518.jpg\" alt=\"\"\n         srcset=\"https:\/\/i4f.com\/app\/uploads\/2025\/02\/Kronowall_5934_3D_-scaled-350x0-c-default.jpg 320w,https:\/\/i4f.com\/app\/uploads\/2025\/02\/Kronowall_5934_3D_-920x518.jpg 640w, https:\/\/i4f.com\/app\/uploads\/2025\/02\/Kronowall_5934_3D_-1840x1036.jpg 1024w\"\n         sizes=\"auto, 100vw\" class=\"img-fluid\" width=\"920\"\n         height=\"518\"\/>\n    \n\n                <\/div>\n                <\/div>\n              <\/div>\n                    <p>\n                        <a href=\"https:\/\/i4f.com\/app\/uploads\/2021\/06\/Wall-3D-Flat-and-ceiling-Panel-ENG-low-res.pdf\" class=\"btn  btn-primary\">PDF downloaden<\/a>\n                        <\/p>\n                  <\/div>\n                <\/div>\n              <\/div>  \n            <\/div>\n              <div class=\"responsive_default align-items-center\">\n                <div class=\"col-xl-7 order-xl-2\">\n                  <div class=\"txtimg-image text-center\">\n                                      <img loading=\"lazy\" decoding=\"async\" src=\"https:\/\/i4f.com\/app\/uploads\/2025\/02\/Kronowall_5934_3D_-920x518.jpg\" alt=\"\"\n         srcset=\"https:\/\/i4f.com\/app\/uploads\/2025\/02\/Kronowall_5934_3D_-scaled-350x0-c-default.jpg 320w,https:\/\/i4f.com\/app\/uploads\/2025\/02\/Kronowall_5934_3D_-920x518.jpg 640w, https:\/\/i4f.com\/app\/uploads\/2025\/02\/Kronowall_5934_3D_-1840x1036.jpg 1024w\"\n         sizes=\"auto, 100vw\" class=\"img-fluid\" width=\"920\"\n         height=\"518\"\/>\n    \n\n                  <\/div>\n                <\/div>\n                <div class=\"col-xl-5 order-xl-1\">\n                  <div class=\"txtimg-body\">\n                    <h2>3D Wandpaneel-Installationssystem<\/h2>\n                    <p>Ein neues, patentiertes Verlegesystem, das es erm\u00f6glicht, drei verschiedene Ebenen von Paneelen miteinander zu verbinden und einen erstaunlichen 3D-Effekt an den W\u00e4nden zu erzielen.<\/p>\n\n                    <p>\n                        <a href=\"https:\/\/i4f.com\/app\/uploads\/2021\/06\/Wall-3D-Flat-and-ceiling-Panel-ENG-low-res.pdf\" class=\"btn  btn-primary\">PDF downloaden<\/a>\n                        <\/p>\n                  <\/div>\n                <\/div>\n              <\/div>\n            <\/div>\n          <\/div>\n        <\/div>\n        <\/section>\n\n        <section class=\"block text-image main align-left overlap\" id=\"block_6863aed74e500\">\n        <div class=\"container-outer\">\n        <div class=\"block-wrapper\">\n          <div class=\"container\">\n            <div class=\"row align-items-center\">\n            <div class=\"responsive_reverse\">\n<div class=\"col-xl-6\">\n                <div class=\"txtimg-body\">\n                    <h2>Installationssysteme f\u00fcr Wand- und Deckenbel\u00e4ge<\/h2>\n                    <p>Ein Wand- und Deckenpaneel-Klicksystem mit einem innovativen Profil, das variable Verbindungsm\u00f6glichkeiten f\u00fcr eine einfache Montage und vielf\u00e4ltige Gestaltungsm\u00f6glichkeiten bietet. Eine spezielle Verriegelungsanwendung f\u00fcr verklebte Wandverkleidungen ist ebenfalls erh\u00e4ltlich.<\/p>\n<ul>\n<li>Leicht zu installieren<\/li>\n<li>F\u00fcr alle Materialien geeignet<\/li>\n<li>Kombinieren und anpassen von Designoptionen<\/li>\n<\/ul>\n\n\n                <\/div>\n                <div class=\"col-xl-6\">\n                <div class=\"txtimg-image text-center\">\n                                      <img loading=\"lazy\" decoding=\"async\" src=\"https:\/\/i4f.com\/app\/uploads\/2025\/02\/Kronowall_K035_3D-920x518.jpg\" alt=\"\"\n         srcset=\"https:\/\/i4f.com\/app\/uploads\/2025\/02\/Kronowall_K035_3D-scaled-350x0-c-default.jpg 320w,https:\/\/i4f.com\/app\/uploads\/2025\/02\/Kronowall_K035_3D-920x518.jpg 640w, https:\/\/i4f.com\/app\/uploads\/2025\/02\/Kronowall_K035_3D-1840x1036.jpg 1024w\"\n         sizes=\"auto, 100vw\" class=\"img-fluid\" width=\"920\"\n         height=\"518\"\/>\n    \n\n                <\/div>\n                <\/div>\n              <\/div>\n                    <p>\n                        <a href=\"https:\/\/i4f.com\/app\/uploads\/2021\/06\/Wall-3D-Flat-and-ceiling-Panel-ENG-low-res.pdf\" class=\"btn  btn-primary\">PDF downloaden<\/a>\n                        <\/p>\n                  <\/div>\n                <\/div>\n              <\/div>  \n            <\/div>\n              <div class=\"responsive_default align-items-center\">\n                <div class=\"col-xl-6\">\n                  <div class=\"txtimg-image text-center\">\n                                      <img loading=\"lazy\" decoding=\"async\" src=\"https:\/\/i4f.com\/app\/uploads\/2025\/02\/Kronowall_K035_3D-920x518.jpg\" alt=\"\"\n         srcset=\"https:\/\/i4f.com\/app\/uploads\/2025\/02\/Kronowall_K035_3D-scaled-350x0-c-default.jpg 320w,https:\/\/i4f.com\/app\/uploads\/2025\/02\/Kronowall_K035_3D-920x518.jpg 640w, https:\/\/i4f.com\/app\/uploads\/2025\/02\/Kronowall_K035_3D-1840x1036.jpg 1024w\"\n         sizes=\"auto, 100vw\" class=\"img-fluid\" width=\"920\"\n         height=\"518\"\/>\n    \n\n                  <\/div>\n                <\/div>\n                <div class=\"col-xl-6\">\n                  <div class=\"txtimg-body\">\n                    <h2>Installationssysteme f\u00fcr Wand- und Deckenbel\u00e4ge<\/h2>\n                    <p>Ein Wand- und Deckenpaneel-Klicksystem mit einem innovativen Profil, das variable Verbindungsm\u00f6glichkeiten f\u00fcr eine einfache Montage und vielf\u00e4ltige Gestaltungsm\u00f6glichkeiten bietet. Eine spezielle Verriegelungsanwendung f\u00fcr verklebte Wandverkleidungen ist ebenfalls erh\u00e4ltlich.<\/p>\n<ul>\n<li>Leicht zu installieren<\/li>\n<li>F\u00fcr alle Materialien geeignet<\/li>\n<li>Kombinieren und anpassen von Designoptionen<\/li>\n<\/ul>\n\n                    <p>\n                        <a href=\"https:\/\/i4f.com\/app\/uploads\/2021\/06\/Wall-3D-Flat-and-ceiling-Panel-ENG-low-res.pdf\" class=\"btn  btn-primary\">PDF downloaden<\/a>\n                        <\/p>\n                  <\/div>\n                <\/div>\n              <\/div>\n            <\/div>\n          <\/div>\n        <\/div>\n        <\/div>\n        <\/section>\n\n        <section class=\"block cta image\" id=\"block_60ddb636d0802\">\n          <div class=\"container\">\n  <div class=\"row\">\n    <div class=\"col-lg-8 offset-lg-2\">\n      <div class=\"cta-bg\">\n        <div class=\"row align-items-center\">\n          <div class=\"col-xl-3\">\n            <div class=\"cta-image\">\n                                <img loading=\"lazy\" decoding=\"async\" src=\"https:\/\/i4f.com\/app\/uploads\/2021\/06\/Newsletter-preview-1-360x370.png\" alt=\"A tablet with a picture of the website\"\n         srcset=\"https:\/\/i4f.com\/app\/uploads\/2021\/06\/Newsletter-preview-1-350x0-c-default.png 320w,https:\/\/i4f.com\/app\/uploads\/2021\/06\/Newsletter-preview-1-360x370.png 640w, https:\/\/i4f.com\/app\/uploads\/2021\/06\/Newsletter-preview-1-716x740.png 1024w\"\n         sizes=\"auto, 100vw\" class=\"img-fluid\" width=\"360\"\n         height=\"370\"\/>\n    \n\n            <\/div>\n          <\/div>\n          <div class=\"col-xl-9\">\n            <div class=\"cta-content\">\n              <h3>Mit i4F auf dem neuesten Stand bleiben<\/h3>\n              <ul>\n                <li>Die neuesten Branchennachrichten direkt in Ihrem Posteingang<\/li>\n                <li>Erfahren Sie mehr \u00fcber unsere Technologien und \u00fcber kommende Veranstaltungen<\/li>\n              <\/ul>\n              <form action=\"\/de\/technologies\/wall-ceiling-technology\/#block_60ddb636d0802\" method=\"post\" class=\"form-mailing-list form-process\" data-action=\"subscribe\" data-nonce=\"e3de8f13bb\" data-post-id=\"2896\" novalidate>\n                <div class='form-container'>\n                  <div class=\"alert alert-danger error\"><\/div>\n                  <label for=\"email\">Ihre E-Mail Adresse<\/label>\n                  <div class=\"row g-0 align-items-center\">\n                    <div class=\"col-6\">\n                      <input id=\"email\" name=\"email\" type=\"email\" value=\"\" class=\"form-control\" \/>\n                    <\/div>\n                    <div class=\"col-6\">\n                      <button class=\"btn btn-sm btn-primary\">Halten Sie mich auf dem Laufenden<\/button>\n                    <\/div>\n                  <\/div>\n                <\/div>\n                <div class=\"form-thank-you\">\n                  <h3>Danke f\u00fcr Ihre Anmeldung<\/h3>\n                <\/div>\n              <\/form>\n            <\/div>\n          <\/div>\n        <\/div>\n      <\/div>\n    <\/div>\n  <\/div>\n          <\/div>\n        <\/section>\n\n","protected":false},"excerpt":{"rendered":"","protected":false},"author":14,"featured_media":0,"parent":2930,"menu_order":0,"comment_status":"closed","ping_status":"closed","template":"","meta":{"_acf_changed":false,"content-type":"","footnotes":""},"class_list":["post-2896","page","type-page","status-publish","hentry"],"acf":[],"yoast_head":"<!-- This site is optimized with the Yoast SEO plugin v24.8.1 - https:\/\/yoast.com\/wordpress\/plugins\/seo\/ -->\n<title>Wand- und Deckeninstallationssysteme &amp; Technologien | i4F<\/title>\n<meta name=\"description\" content=\"Mit den i4F- Installationssystemen f\u00fcr Wand- und Deckenverkleidungen lassen sich drei Plattenebenen miteinander verbinden, um 3D-Effekte zu erzielen. Es gibt variable Verbindungsoptionen f\u00fcr vielf\u00e4ltige Gestaltungsm\u00f6glichkeiten.\" \/>\n<meta name=\"robots\" content=\"index, follow, max-snippet:-1, max-image-preview:large, max-video-preview:-1\" \/>\n<link rel=\"canonical\" href=\"https:\/\/i4f.com\/de\/technologies\/wall-ceiling-technology\/\" \/>\n<meta property=\"og:locale\" content=\"de_DE\" \/>\n<meta property=\"og:type\" content=\"article\" \/>\n<meta property=\"og:title\" content=\"Wand- und Deckeninstallationssysteme &amp; Technologien | i4F\" \/>\n<meta property=\"og:description\" content=\"Mit den i4F- Installationssystemen f\u00fcr Wand- und Deckenverkleidungen lassen sich drei Plattenebenen miteinander verbinden, um 3D-Effekte zu erzielen. Es gibt variable Verbindungsoptionen f\u00fcr vielf\u00e4ltige Gestaltungsm\u00f6glichkeiten.\" \/>\n<meta property=\"og:url\" content=\"https:\/\/i4f.com\/de\/technologies\/wall-ceiling-technology\/\" \/>\n<meta property=\"og:site_name\" content=\"i4F\" \/>\n<meta property=\"article:modified_time\" content=\"2025-10-31T10:48:02+00:00\" \/>\n<meta name=\"twitter:card\" content=\"summary_large_image\" \/>\n<script type=\"application\/ld+json\" class=\"yoast-schema-graph\">{\"@context\":\"https:\/\/schema.org\",\"@graph\":[{\"@type\":\"WebPage\",\"@id\":\"https:\/\/i4f.com\/de\/technologies\/wall-ceiling-technology\/\",\"url\":\"https:\/\/i4f.com\/de\/technologies\/wall-ceiling-technology\/\",\"name\":\"Wand- und Deckeninstallationssysteme & Technologien | i4F\",\"isPartOf\":{\"@id\":\"https:\/\/i4f.com\/de\/#website\"},\"datePublished\":\"2021-06-21T12:03:14+00:00\",\"dateModified\":\"2025-10-31T10:48:02+00:00\",\"description\":\"Mit den i4F- Installationssystemen f\u00fcr Wand- und Deckenverkleidungen lassen sich drei Plattenebenen miteinander verbinden, um 3D-Effekte zu erzielen. Es gibt variable Verbindungsoptionen f\u00fcr vielf\u00e4ltige Gestaltungsm\u00f6glichkeiten.\",\"breadcrumb\":{\"@id\":\"https:\/\/i4f.com\/de\/technologies\/wall-ceiling-technology\/#breadcrumb\"},\"inLanguage\":\"de-DE\",\"potentialAction\":[{\"@type\":\"ReadAction\",\"target\":[\"https:\/\/i4f.com\/de\/technologies\/wall-ceiling-technology\/\"]}]},{\"@type\":\"BreadcrumbList\",\"@id\":\"https:\/\/i4f.com\/de\/technologies\/wall-ceiling-technology\/#breadcrumb\",\"itemListElement\":[{\"@type\":\"ListItem\",\"position\":1,\"name\":\"Home\",\"item\":\"https:\/\/i4f.com\/de\/\"},{\"@type\":\"ListItem\",\"position\":2,\"name\":\"Technologien\",\"item\":\"https:\/\/i4f.com\/de\/technologies\/\"},{\"@type\":\"ListItem\",\"position\":3,\"name\":\"Technologien f\u00fcr Decken- und Wandverkleidungen\"}]},{\"@type\":\"WebSite\",\"@id\":\"https:\/\/i4f.com\/de\/#website\",\"url\":\"https:\/\/i4f.com\/de\/\",\"name\":\"i4F\",\"description\":\"\",\"potentialAction\":[{\"@type\":\"SearchAction\",\"target\":{\"@type\":\"EntryPoint\",\"urlTemplate\":\"https:\/\/i4f.com\/de\/?s={search_term_string}\"},\"query-input\":{\"@type\":\"PropertyValueSpecification\",\"valueRequired\":true,\"valueName\":\"search_term_string\"}}],\"inLanguage\":\"de-DE\"}]}<\/script>\n<!-- \/ Yoast SEO plugin. -->","yoast_head_json":{"title":"Wand- und Deckeninstallationssysteme & Technologien | i4F","description":"Mit den i4F- Installationssystemen f\u00fcr Wand- und Deckenverkleidungen lassen sich drei Plattenebenen miteinander verbinden, um 3D-Effekte zu erzielen. Es gibt variable Verbindungsoptionen f\u00fcr vielf\u00e4ltige Gestaltungsm\u00f6glichkeiten.","robots":{"index":"index","follow":"follow","max-snippet":"max-snippet:-1","max-image-preview":"max-image-preview:large","max-video-preview":"max-video-preview:-1"},"canonical":"https:\/\/i4f.com\/de\/technologies\/wall-ceiling-technology\/","og_locale":"de_DE","og_type":"article","og_title":"Wand- und Deckeninstallationssysteme & Technologien | i4F","og_description":"Mit den i4F- Installationssystemen f\u00fcr Wand- und Deckenverkleidungen lassen sich drei Plattenebenen miteinander verbinden, um 3D-Effekte zu erzielen. Es gibt variable Verbindungsoptionen f\u00fcr vielf\u00e4ltige Gestaltungsm\u00f6glichkeiten.","og_url":"https:\/\/i4f.com\/de\/technologies\/wall-ceiling-technology\/","og_site_name":"i4F","article_modified_time":"2025-10-31T10:48:02+00:00","twitter_card":"summary_large_image","schema":{"@context":"https:\/\/schema.org","@graph":[{"@type":"WebPage","@id":"https:\/\/i4f.com\/de\/technologies\/wall-ceiling-technology\/","url":"https:\/\/i4f.com\/de\/technologies\/wall-ceiling-technology\/","name":"Wand- und Deckeninstallationssysteme & Technologien | i4F","isPartOf":{"@id":"https:\/\/i4f.com\/de\/#website"},"datePublished":"2021-06-21T12:03:14+00:00","dateModified":"2025-10-31T10:48:02+00:00","description":"Mit den i4F- Installationssystemen f\u00fcr Wand- und Deckenverkleidungen lassen sich drei Plattenebenen miteinander verbinden, um 3D-Effekte zu erzielen. Es gibt variable Verbindungsoptionen f\u00fcr vielf\u00e4ltige Gestaltungsm\u00f6glichkeiten.","breadcrumb":{"@id":"https:\/\/i4f.com\/de\/technologies\/wall-ceiling-technology\/#breadcrumb"},"inLanguage":"de-DE","potentialAction":[{"@type":"ReadAction","target":["https:\/\/i4f.com\/de\/technologies\/wall-ceiling-technology\/"]}]},{"@type":"BreadcrumbList","@id":"https:\/\/i4f.com\/de\/technologies\/wall-ceiling-technology\/#breadcrumb","itemListElement":[{"@type":"ListItem","position":1,"name":"Home","item":"https:\/\/i4f.com\/de\/"},{"@type":"ListItem","position":2,"name":"Technologien","item":"https:\/\/i4f.com\/de\/technologies\/"},{"@type":"ListItem","position":3,"name":"Technologien f\u00fcr Decken- und Wandverkleidungen"}]},{"@type":"WebSite","@id":"https:\/\/i4f.com\/de\/#website","url":"https:\/\/i4f.com\/de\/","name":"i4F","description":"","potentialAction":[{"@type":"SearchAction","target":{"@type":"EntryPoint","urlTemplate":"https:\/\/i4f.com\/de\/?s={search_term_string}"},"query-input":{"@type":"PropertyValueSpecification","valueRequired":true,"valueName":"search_term_string"}}],"inLanguage":"de-DE"}]}},"_links":{"self":[{"href":"https:\/\/i4f.com\/de\/wp-json\/wp\/v2\/pages\/2896","targetHints":{"allow":["GET"]}}],"collection":[{"href":"https:\/\/i4f.com\/de\/wp-json\/wp\/v2\/pages"}],"about":[{"href":"https:\/\/i4f.com\/de\/wp-json\/wp\/v2\/types\/page"}],"author":[{"embeddable":true,"href":"https:\/\/i4f.com\/de\/wp-json\/wp\/v2\/users\/14"}],"replies":[{"embeddable":true,"href":"https:\/\/i4f.com\/de\/wp-json\/wp\/v2\/comments?post=2896"}],"version-history":[{"count":8,"href":"https:\/\/i4f.com\/de\/wp-json\/wp\/v2\/pages\/2896\/revisions"}],"predecessor-version":[{"id":9642,"href":"https:\/\/i4f.com\/de\/wp-json\/wp\/v2\/pages\/2896\/revisions\/9642"}],"up":[{"embeddable":true,"href":"https:\/\/i4f.com\/de\/wp-json\/wp\/v2\/pages\/2930"}],"wp:attachment":[{"href":"https:\/\/i4f.com\/de\/wp-json\/wp\/v2\/media?parent=2896"}],"curies":[{"name":"wp","href":"https:\/\/api.w.org\/{rel}","templated":true}]}}