{"id":2880,"date":"2021-06-21T13:29:19","date_gmt":"2021-06-21T13:29:19","guid":{"rendered":"https:\/\/i4f.com\/process-technologies\/"},"modified":"2025-10-31T10:51:40","modified_gmt":"2025-10-31T10:51:40","slug":"process-technologies","status":"publish","type":"page","link":"https:\/\/i4f.com\/de\/technologies\/process-technologies\/","title":{"rendered":"Prozesstechnologien f\u00fcr nachhaltige Bodenbel\u00e4ge"},"content":{"rendered":"        <section class=\"block hero\" id=\"block_6863af8de47b5\">\n          <div class=\"hero-content\" style=\"background-image: url('https:\/\/i4f.com\/app\/uploads\/2021\/06\/Process-technology-header-1520x640.jpg')\">\n                              <img loading=\"lazy\" decoding=\"async\" src=\"https:\/\/i4f.com\/app\/uploads\/2021\/06\/Process-technology-header-1440x640.jpg\" alt=\"Woman with safety gear lining up wood\"\n         srcset=\"https:\/\/i4f.com\/app\/uploads\/2021\/06\/Process-technology-header-350x0-c-default.jpg 320w,https:\/\/i4f.com\/app\/uploads\/2021\/06\/Process-technology-header-1440x640.jpg 640w, https:\/\/i4f.com\/app\/uploads\/2021\/06\/Process-technology-header.jpg 1024w\"\n         sizes=\"auto, 100vw\" class=\"img-fluid hero-mobile\" width=\"1440\"\n         height=\"640\"\/>\n    \n\n            <div class=\"container\">\n              <div class=\"overlay\"><\/div>\n              <div class=\"row align-items-center\">\n                <div class=\"col-lg-5\">\n                  <div class=\"hero-body\">\n                    <div class=\"hero-logo\">\n                      <img decoding=\"async\" src=\"https:\/\/i4f.com\/app\/uploads\/2025\/07\/i4F-Process-Technologies-Cluster-new-logo_aeonik_-147x50.png\" alt=\"\" \/>\n                    <\/div>\n                    <h1>Das Richtige tun<\/h1>\n                    <p>Nachhaltige Materialeinsparungen sind gut f\u00fcr die Industrie\u00a0\u2013 und f\u00fcr unseren Planeten. i4F lizenziert innovative Herstellungsverfahren, die der globalen Bodenbelagsindustrie helfen, ihre Nachhaltigkeits- und Kostenmanagementziele zu erreichen.<\/p>\n                    <p class=\"hero-links\">\n                      <a href=\"#process-technologies\" class=\"btn  btn-primary\">Sehen Sie sich unsere Technologien an &nbsp; <svg width=\"24\" height=\"24\" viewBox=\"0 0 24 24\" fill=\"none\" xmlns=\"http:\/\/www.w3.org\/2000\/svg\">\n<path d=\"M12 5V19\" stroke=\"#304757\" stroke-width=\"2\" stroke-linecap=\"round\" stroke-linejoin=\"round\"\/>\n<path d=\"M19 12L12 19L5 12\" stroke=\"#304757\" stroke-width=\"2\" stroke-linecap=\"round\" stroke-linejoin=\"round\"\/>\n<\/svg>\n<\/a>\n                      <a href=\"https:\/\/i4f.com\/contact\/#block_60d3b16e96657-2-form\" class=\"btn  btn-outline-secondary\">Werden Sie Lizenznehmer<\/a>\n                    <\/p>\n                  <\/div>\n                <\/div>\n                <div class=\"col d-none d-lg-block hero-spacer\">\n                <\/div>\n              <\/div>\n            <\/div>\n          <\/div>\n        <\/section>\n\n        <section class=\"block is-white heading center\" id=\"block_6863af8de47f6\">\n          <div class=\"container\">\n  <div class=\"row\">\n    <div class=\"col-lg-8 offset-lg-2\">\n      <p class=\"section\">PROZESSTECHNOLOGIEN<\/p>\n      <h2>Unseren Planeten sch\u00fctzen und Kosten senken<\/h2>\n    <\/div>\n  <\/div>\n          <\/div>\n        <\/section>\n\n        <section class=\"block is-white video\" id=\"process-technologies\">\n          <div class=\"container\">\n  <div class=\"row\">\n      <div class=\"col-md-8 offset-md-2\">\n          <!-- test: not_cn -->\n      <div class=\"video-player\">\n        <div class=\"video-cover\">\n                                     <img loading=\"lazy\" decoding=\"async\" src=\"https:\/\/i4f.com\/app\/uploads\/2025\/02\/i4f-logo_wordpress-920x518.png\" alt=\"Video thumbnail\"\n         srcset=\"https:\/\/i4f.com\/app\/uploads\/2025\/02\/i4f-logo_wordpress-350x0-c-default.png 320w,https:\/\/i4f.com\/app\/uploads\/2025\/02\/i4f-logo_wordpress-920x518.png 640w, https:\/\/i4f.com\/app\/uploads\/2025\/02\/i4f-logo_wordpress.png 1024w\"\n         sizes=\"auto, 100vw\" class=\"img-fluid\" width=\"920\"\n         height=\"518\"\/>\n    \n\n          <button class=\"play-btn\"><svg width=\"75\" height=\"75\" viewBox=\"0 0 75 75\" fill=\"none\" xmlns=\"http:\/\/www.w3.org\/2000\/svg\">\n<circle cx=\"37.0634\" cy=\"37.5633\" r=\"36.5634\" fill=\"url(#paint0_linear)\" stroke=\"white\"\/>\n<path d=\"M28.6621 25.2088L48.4293 38.0574L28.6621 50.9061V25.2088Z\" fill=\"white\"\/>\n<defs>\n<linearGradient id=\"paint0_linear\" x1=\"-2.1099e-06\" y1=\"41.1243\" x2=\"74.1268\" y2=\"41.1243\" gradientUnits=\"userSpaceOnUse\">\n<stop stop-color=\"#465865\"\/>\n<stop offset=\"1\" stop-color=\"#0A0E11\"\/>\n<\/linearGradient>\n<\/defs>\n<\/svg>\n<\/button>\n        <\/div>\n        <div class=\"ratio ratio-16x9\">\n          <iframe loading=\"lazy\" title=\"I4F&#039;s Patent Cluster Concept: Process Technologies\" width=\"920\" height=\"518\" src=\"https:\/\/www.youtube.com\/embed\/DfwYhmdzHyg?feature=oembed&#038;controls=1&#038;hd=1&#038;autohide=1&#038;rel=0\" frameborder=\"0\" allow=\"accelerometer; autoplay; clipboard-write; encrypted-media; gyroscope; picture-in-picture; web-share\" referrerpolicy=\"strict-origin-when-cross-origin\" allowfullscreen class=\"embed-responsive-item\"><\/iframe>\n        <\/div>\n      <\/div>\n                    \n    <\/div>\n    <\/div>\n          <\/div>\n        <\/section>\n\n\n\n        <section class=\"block text-image main align-right \" id=\"block_6863af8de484f\">\n        <div class=\"container-outer\">\n          <div class=\"container\">\n            <div class=\"row align-items-center\">\n            <div class=\"responsive_reverse\">\n<div class=\"col-xl-7 order-xl-2\">\n                <div class=\"txtimg-body\">\n                    <div class=\"logo\">\n                      <img decoding=\"async\" src=\"https:\/\/i4f.com\/app\/uploads\/2025\/02\/i4F-Be-Lite-logo.pdf-2-96x50.png\" alt=\"\" \/>\n                    <\/div>\n                    <h2>Nachhaltige Einsparungen und unglaublich leicht<\/h2>\n                    <p>Schon vom Buzz um die i4F Be-Lite\u00ae-Technologie geh\u00f6rt? Mit dieser nachhaltigen Methode werden SPC-Paneele unglaublich leicht gefertigt, wodurch der Einsatz von Kernmaterialien um bis zu beeindruckende 20\u202f% reduziert wird. Gleichzeitig sinken die Transportkosten um mindestens 6\u202f% und der CO\u2082-Aussto\u00df wird auf jeder Etappe des Paneel-Lebenswegs \u2013 von der Fabrik bis zur Verlegung \u2013 eingespart.<\/p>\n<p>Seien Sie freundlicher zur Umwelt mit i4F Be-Lite\u00ae.<\/p>\n\n\n                <\/div>\n                <div class=\"col-xl-5 order-xl-1\">\n                <div class=\"txtimg-image text-center\">\n                                      <img loading=\"lazy\" decoding=\"async\" src=\"https:\/\/i4f.com\/app\/uploads\/2022\/09\/Square-shape-920x518.jpg\" alt=\"Be-Lite\"\n         srcset=\"https:\/\/i4f.com\/app\/uploads\/2022\/09\/Square-shape-350x0-c-default.jpg 320w,https:\/\/i4f.com\/app\/uploads\/2022\/09\/Square-shape-920x518.jpg 640w, https:\/\/i4f.com\/app\/uploads\/2022\/09\/Square-shape-1840x1036.jpg 1024w\"\n         sizes=\"auto, 100vw\" class=\"img-fluid\" width=\"920\"\n         height=\"518\"\/>\n    \n\n                <\/div>\n                <\/div>\n              <\/div>\n                    <p>\n                        <a href=\"https:\/\/i4f.com\/belite\/\" class=\"btn  btn-primary\">Mehr erfahren<\/a>\n                        <\/p>\n                  <\/div>\n                <\/div>\n              <\/div>  \n            <\/div>\n              <div class=\"responsive_default align-items-center\">\n                <div class=\"col-xl-7 order-xl-2\">\n                  <div class=\"txtimg-image text-center\">\n                                      <img loading=\"lazy\" decoding=\"async\" src=\"https:\/\/i4f.com\/app\/uploads\/2022\/09\/Square-shape-920x518.jpg\" alt=\"Be-Lite\"\n         srcset=\"https:\/\/i4f.com\/app\/uploads\/2022\/09\/Square-shape-350x0-c-default.jpg 320w,https:\/\/i4f.com\/app\/uploads\/2022\/09\/Square-shape-920x518.jpg 640w, https:\/\/i4f.com\/app\/uploads\/2022\/09\/Square-shape-1840x1036.jpg 1024w\"\n         sizes=\"auto, 100vw\" class=\"img-fluid\" width=\"920\"\n         height=\"518\"\/>\n    \n\n                  <\/div>\n                <\/div>\n                <div class=\"col-xl-5 order-xl-1\">\n                  <div class=\"txtimg-body\">\n                    <div class=\"logo\">\n                      <img decoding=\"async\" src=\"https:\/\/i4f.com\/app\/uploads\/2025\/02\/i4F-Be-Lite-logo.pdf-2-96x50.png\" alt=\"\" \/>\n                    <\/div>\n                    <h2>Nachhaltige Einsparungen und unglaublich leicht<\/h2>\n                    <p>Schon vom Buzz um die i4F Be-Lite\u00ae-Technologie geh\u00f6rt? Mit dieser nachhaltigen Methode werden SPC-Paneele unglaublich leicht gefertigt, wodurch der Einsatz von Kernmaterialien um bis zu beeindruckende 20\u202f% reduziert wird. Gleichzeitig sinken die Transportkosten um mindestens 6\u202f% und der CO\u2082-Aussto\u00df wird auf jeder Etappe des Paneel-Lebenswegs \u2013 von der Fabrik bis zur Verlegung \u2013 eingespart.<\/p>\n<p>Seien Sie freundlicher zur Umwelt mit i4F Be-Lite\u00ae.<\/p>\n\n                    <p>\n                        <a href=\"https:\/\/i4f.com\/belite\/\" class=\"btn  btn-primary\">Mehr erfahren<\/a>\n                        <\/p>\n                  <\/div>\n                <\/div>\n              <\/div>\n            <\/div>\n          <\/div>\n        <\/div>\n        <\/section>\n\n        <section class=\"block text-image main align-left \" id=\"block_6863af8de4880\">\n        <div class=\"container-outer\">\n          <div class=\"container\">\n            <div class=\"row align-items-center\">\n            <div class=\"responsive_reverse\">\n<div class=\"col-xl-7\">\n                <div class=\"txtimg-body\">\n                    <div class=\"logo\">\n                      <img decoding=\"async\" src=\"https:\/\/i4f.com\/app\/uploads\/2025\/02\/i4F-Be-Lite-logo.pdf-1-96x50.png\" alt=\"\" \/>\n                    <\/div>\n                    <h2>Aufquellen stoppen, Spa\u00df nicht<\/h2>\n                    <p>i4F AquaProtect ist eine hochpr\u00e4zise, ressourcenschonende Impr\u00e4gnierungstechnologie, die HDF-Laminate vor Wasseraufquellen um bis zu 75\u202f% sch\u00fctzt und somit die Gesamtwasserbest\u00e4ndigkeit erheblich erh\u00f6ht. Die Technologie tr\u00e4gt einen hydrophoben Impr\u00e4gnierstoff auf, vermeidet unn\u00f6tiges \u00dcberspr\u00fchen und versiegelt die Kanten sowohl von V-Fugen- als auch von nicht V-Fugen-Laminatelementen. Mit AquaProtect behandelte Laminatb\u00f6den erf\u00fcllen alle anerkannten internationalen Standards und Tests zur Wasserbest\u00e4ndigkeit von Laminat, einschlie\u00dflich NALFA und ISO 4760.<\/p>\n\n\n                <\/div>\n                <div class=\"col-xl-5\">\n                <div class=\"txtimg-image text-center\">\n                                      <img loading=\"lazy\" decoding=\"async\" src=\"https:\/\/i4f.com\/app\/uploads\/2023\/01\/Drop-lock-i-click4U-water-resistant-water-drop-edit-920x518.jpg\" alt=\"Aquaprotect\"\n         srcset=\"https:\/\/i4f.com\/app\/uploads\/2023\/01\/Drop-lock-i-click4U-water-resistant-water-drop-edit-350x0-c-default.jpg 320w,https:\/\/i4f.com\/app\/uploads\/2023\/01\/Drop-lock-i-click4U-water-resistant-water-drop-edit-920x518.jpg 640w, https:\/\/i4f.com\/app\/uploads\/2023\/01\/Drop-lock-i-click4U-water-resistant-water-drop-edit-1840x1036.jpg 1024w\"\n         sizes=\"auto, 100vw\" class=\"img-fluid\" width=\"920\"\n         height=\"518\"\/>\n    \n\n                <\/div>\n                <\/div>\n              <\/div>\n                    <p>\n                        <a href=\"https:\/\/i4f.com\/aquaprotect\/\" class=\"btn  btn-primary\">Mehr erfahren<\/a>\n                        <\/p>\n                  <\/div>\n                <\/div>\n              <\/div>  \n            <\/div>\n              <div class=\"responsive_default align-items-center\">\n                <div class=\"col-xl-7\">\n                  <div class=\"txtimg-image text-center\">\n                                      <img loading=\"lazy\" decoding=\"async\" src=\"https:\/\/i4f.com\/app\/uploads\/2023\/01\/Drop-lock-i-click4U-water-resistant-water-drop-edit-920x518.jpg\" alt=\"Aquaprotect\"\n         srcset=\"https:\/\/i4f.com\/app\/uploads\/2023\/01\/Drop-lock-i-click4U-water-resistant-water-drop-edit-350x0-c-default.jpg 320w,https:\/\/i4f.com\/app\/uploads\/2023\/01\/Drop-lock-i-click4U-water-resistant-water-drop-edit-920x518.jpg 640w, https:\/\/i4f.com\/app\/uploads\/2023\/01\/Drop-lock-i-click4U-water-resistant-water-drop-edit-1840x1036.jpg 1024w\"\n         sizes=\"auto, 100vw\" class=\"img-fluid\" width=\"920\"\n         height=\"518\"\/>\n    \n\n                  <\/div>\n                <\/div>\n                <div class=\"col-xl-5\">\n                  <div class=\"txtimg-body\">\n                    <div class=\"logo\">\n                      <img decoding=\"async\" src=\"https:\/\/i4f.com\/app\/uploads\/2025\/02\/i4F-Be-Lite-logo.pdf-1-96x50.png\" alt=\"\" \/>\n                    <\/div>\n                    <h2>Aufquellen stoppen, Spa\u00df nicht<\/h2>\n                    <p>i4F AquaProtect ist eine hochpr\u00e4zise, ressourcenschonende Impr\u00e4gnierungstechnologie, die HDF-Laminate vor Wasseraufquellen um bis zu 75\u202f% sch\u00fctzt und somit die Gesamtwasserbest\u00e4ndigkeit erheblich erh\u00f6ht. Die Technologie tr\u00e4gt einen hydrophoben Impr\u00e4gnierstoff auf, vermeidet unn\u00f6tiges \u00dcberspr\u00fchen und versiegelt die Kanten sowohl von V-Fugen- als auch von nicht V-Fugen-Laminatelementen. Mit AquaProtect behandelte Laminatb\u00f6den erf\u00fcllen alle anerkannten internationalen Standards und Tests zur Wasserbest\u00e4ndigkeit von Laminat, einschlie\u00dflich NALFA und ISO 4760.<\/p>\n\n                    <p>\n                        <a href=\"https:\/\/i4f.com\/aquaprotect\/\" class=\"btn  btn-primary\">Mehr erfahren<\/a>\n                        <\/p>\n                  <\/div>\n                <\/div>\n              <\/div>\n            <\/div>\n          <\/div>\n        <\/div>\n        <\/section>\n\n        <section class=\"block text-image main align-right \" id=\"block_6863af8de48a8\">\n        <div class=\"container-outer\">\n          <div class=\"container\">\n            <div class=\"row align-items-center\">\n            <div class=\"responsive_reverse\">\n<div class=\"col-xl-7 order-xl-2\">\n                <div class=\"txtimg-body\">\n                    <h2>Eine Barriere gegen Klebstoff, Tinte und Reklamationen<\/h2>\n                    <p>Dieses Herstellungsverfahren verhindert, dass Klebstoff- und Farbflecken bis zur Oberfl\u00e4che des Vinylbodens durchdringen. Das hilft auch, kostspielige finanzielle Anspr\u00fcche nach der Verlegung zu verhindern.<\/p>\n\n\n                <\/div>\n                <div class=\"col-xl-5 order-xl-1\">\n                <div class=\"txtimg-image text-center\">\n                                      <img loading=\"lazy\" decoding=\"async\" src=\"https:\/\/i4f.com\/app\/uploads\/2021\/06\/Barrier-against-ink-and-glue-1.jpg\" alt=\"Roll of paper with a logo super imposed on top\"\n         srcset=\"https:\/\/i4f.com\/app\/uploads\/2021\/06\/Barrier-against-ink-and-glue-1-350x0-c-default.jpg 320w,https:\/\/i4f.com\/app\/uploads\/2021\/06\/Barrier-against-ink-and-glue-1.jpg 640w, https:\/\/i4f.com\/app\/uploads\/2021\/06\/Barrier-against-ink-and-glue-1.jpg 1024w\"\n         sizes=\"auto, 100vw\" class=\"img-fluid\" width=\"616\"\n         height=\"418\"\/>\n    \n\n                <\/div>\n                <\/div>\n              <\/div>\n                  <\/div>\n                <\/div>\n              <\/div>  \n            <\/div>\n              <div class=\"responsive_default align-items-center\">\n                <div class=\"col-xl-7 order-xl-2\">\n                  <div class=\"txtimg-image text-center\">\n                                      <img loading=\"lazy\" decoding=\"async\" src=\"https:\/\/i4f.com\/app\/uploads\/2021\/06\/Barrier-against-ink-and-glue-1.jpg\" alt=\"Roll of paper with a logo super imposed on top\"\n         srcset=\"https:\/\/i4f.com\/app\/uploads\/2021\/06\/Barrier-against-ink-and-glue-1-350x0-c-default.jpg 320w,https:\/\/i4f.com\/app\/uploads\/2021\/06\/Barrier-against-ink-and-glue-1.jpg 640w, https:\/\/i4f.com\/app\/uploads\/2021\/06\/Barrier-against-ink-and-glue-1.jpg 1024w\"\n         sizes=\"auto, 100vw\" class=\"img-fluid\" width=\"616\"\n         height=\"418\"\/>\n    \n\n                  <\/div>\n                <\/div>\n                <div class=\"col-xl-5 order-xl-1\">\n                  <div class=\"txtimg-body\">\n                    <h2>Eine Barriere gegen Klebstoff, Tinte und Reklamationen<\/h2>\n                    <p>Dieses Herstellungsverfahren verhindert, dass Klebstoff- und Farbflecken bis zur Oberfl\u00e4che des Vinylbodens durchdringen. Das hilft auch, kostspielige finanzielle Anspr\u00fcche nach der Verlegung zu verhindern.<\/p>\n\n                  <\/div>\n                <\/div>\n              <\/div>\n            <\/div>\n          <\/div>\n        <\/div>\n        <\/section>\n\n\n\n        <section class=\"block cta image\" id=\"block_60ddb636d0802\">\n          <div class=\"container\">\n  <div class=\"row\">\n    <div class=\"col-lg-8 offset-lg-2\">\n      <div class=\"cta-bg\">\n        <div class=\"row align-items-center\">\n          <div class=\"col-xl-3\">\n            <div class=\"cta-image\">\n                                <img loading=\"lazy\" decoding=\"async\" src=\"https:\/\/i4f.com\/app\/uploads\/2021\/06\/Newsletter-preview-1-360x370.png\" alt=\"A tablet with a picture of the website\"\n         srcset=\"https:\/\/i4f.com\/app\/uploads\/2021\/06\/Newsletter-preview-1-350x0-c-default.png 320w,https:\/\/i4f.com\/app\/uploads\/2021\/06\/Newsletter-preview-1-360x370.png 640w, https:\/\/i4f.com\/app\/uploads\/2021\/06\/Newsletter-preview-1-716x740.png 1024w\"\n         sizes=\"auto, 100vw\" class=\"img-fluid\" width=\"360\"\n         height=\"370\"\/>\n    \n\n            <\/div>\n          <\/div>\n          <div class=\"col-xl-9\">\n            <div class=\"cta-content\">\n              <h3>Mit i4F auf dem neuesten Stand bleiben<\/h3>\n              <ul>\n                <li>Die neuesten Branchennachrichten direkt in Ihrem Posteingang<\/li>\n                <li>Erfahren Sie mehr \u00fcber unsere Technologien und \u00fcber kommende Veranstaltungen<\/li>\n              <\/ul>\n              <form action=\"\/de\/technologies\/process-technologies\/#block_60ddb636d0802\" method=\"post\" class=\"form-mailing-list form-process\" data-action=\"subscribe\" data-nonce=\"33e18f21b1\" data-post-id=\"2880\" novalidate>\n                <div class='form-container'>\n                  <div class=\"alert alert-danger error\"><\/div>\n                  <label for=\"email\">Ihre E-Mail Adresse<\/label>\n                  <div class=\"row g-0 align-items-center\">\n                    <div class=\"col-6\">\n                      <input id=\"email\" name=\"email\" type=\"email\" value=\"\" class=\"form-control\" \/>\n                    <\/div>\n                    <div class=\"col-6\">\n                      <button class=\"btn btn-sm btn-primary\">Halten Sie mich auf dem Laufenden<\/button>\n                    <\/div>\n                  <\/div>\n                <\/div>\n                <div class=\"form-thank-you\">\n                  <h3>Danke f\u00fcr Ihre Anmeldung<\/h3>\n                <\/div>\n              <\/form>\n            <\/div>\n          <\/div>\n        <\/div>\n      <\/div>\n    <\/div>\n  <\/div>\n          <\/div>\n        <\/section>\n\n","protected":false},"excerpt":{"rendered":"","protected":false},"author":14,"featured_media":0,"parent":2930,"menu_order":0,"comment_status":"closed","ping_status":"closed","template":"","meta":{"_acf_changed":false,"content-type":"","footnotes":""},"class_list":["post-2880","page","type-page","status-publish","hentry"],"acf":[],"yoast_head":"<!-- This site is optimized with the Yoast SEO plugin v24.8.1 - https:\/\/yoast.com\/wordpress\/plugins\/seo\/ -->\n<title>i4F lizenziert Fertigungsprozesse | Nachhaltigkeit | i4F<\/title>\n<meta name=\"description\" content=\"i4F lizenziert Verfahren wie Liquid Laminate Technology (LLT) Light und LevioTech, die den Herstellern helfen, ihre Ziele im Bereich Nachhaltigkeit und Kostenmanagement zu erreichen.\" \/>\n<meta name=\"robots\" content=\"index, follow, max-snippet:-1, max-image-preview:large, max-video-preview:-1\" \/>\n<link rel=\"canonical\" href=\"https:\/\/i4f.com\/de\/technologies\/process-technologies\/\" \/>\n<meta property=\"og:locale\" content=\"de_DE\" \/>\n<meta property=\"og:type\" content=\"article\" \/>\n<meta property=\"og:title\" content=\"i4F lizenziert Fertigungsprozesse | Nachhaltigkeit | i4F\" \/>\n<meta property=\"og:description\" content=\"i4F lizenziert Verfahren wie Liquid Laminate Technology (LLT) Light und LevioTech, die den Herstellern helfen, ihre Ziele im Bereich Nachhaltigkeit und Kostenmanagement zu erreichen.\" \/>\n<meta property=\"og:url\" content=\"https:\/\/i4f.com\/de\/technologies\/process-technologies\/\" \/>\n<meta property=\"og:site_name\" content=\"i4F\" \/>\n<meta property=\"article:modified_time\" content=\"2025-10-31T10:51:40+00:00\" \/>\n<meta name=\"twitter:card\" content=\"summary_large_image\" \/>\n<script type=\"application\/ld+json\" class=\"yoast-schema-graph\">{\"@context\":\"https:\/\/schema.org\",\"@graph\":[{\"@type\":\"WebPage\",\"@id\":\"https:\/\/i4f.com\/de\/technologies\/process-technologies\/\",\"url\":\"https:\/\/i4f.com\/de\/technologies\/process-technologies\/\",\"name\":\"i4F lizenziert Fertigungsprozesse | Nachhaltigkeit | i4F\",\"isPartOf\":{\"@id\":\"https:\/\/i4f.com\/de\/#website\"},\"datePublished\":\"2021-06-21T13:29:19+00:00\",\"dateModified\":\"2025-10-31T10:51:40+00:00\",\"description\":\"i4F lizenziert Verfahren wie Liquid Laminate Technology (LLT) Light und LevioTech, die den Herstellern helfen, ihre Ziele im Bereich Nachhaltigkeit und Kostenmanagement zu erreichen.\",\"breadcrumb\":{\"@id\":\"https:\/\/i4f.com\/de\/technologies\/process-technologies\/#breadcrumb\"},\"inLanguage\":\"de-DE\",\"potentialAction\":[{\"@type\":\"ReadAction\",\"target\":[\"https:\/\/i4f.com\/de\/technologies\/process-technologies\/\"]}]},{\"@type\":\"BreadcrumbList\",\"@id\":\"https:\/\/i4f.com\/de\/technologies\/process-technologies\/#breadcrumb\",\"itemListElement\":[{\"@type\":\"ListItem\",\"position\":1,\"name\":\"Home\",\"item\":\"https:\/\/i4f.com\/de\/\"},{\"@type\":\"ListItem\",\"position\":2,\"name\":\"Technologien\",\"item\":\"https:\/\/i4f.com\/de\/technologies\/\"},{\"@type\":\"ListItem\",\"position\":3,\"name\":\"Prozesstechnologien f\u00fcr nachhaltige Bodenbel\u00e4ge\"}]},{\"@type\":\"WebSite\",\"@id\":\"https:\/\/i4f.com\/de\/#website\",\"url\":\"https:\/\/i4f.com\/de\/\",\"name\":\"i4F\",\"description\":\"\",\"potentialAction\":[{\"@type\":\"SearchAction\",\"target\":{\"@type\":\"EntryPoint\",\"urlTemplate\":\"https:\/\/i4f.com\/de\/?s={search_term_string}\"},\"query-input\":{\"@type\":\"PropertyValueSpecification\",\"valueRequired\":true,\"valueName\":\"search_term_string\"}}],\"inLanguage\":\"de-DE\"}]}<\/script>\n<!-- \/ Yoast SEO plugin. -->","yoast_head_json":{"title":"i4F lizenziert Fertigungsprozesse | Nachhaltigkeit | i4F","description":"i4F lizenziert Verfahren wie Liquid Laminate Technology (LLT) Light und LevioTech, die den Herstellern helfen, ihre Ziele im Bereich Nachhaltigkeit und Kostenmanagement zu erreichen.","robots":{"index":"index","follow":"follow","max-snippet":"max-snippet:-1","max-image-preview":"max-image-preview:large","max-video-preview":"max-video-preview:-1"},"canonical":"https:\/\/i4f.com\/de\/technologies\/process-technologies\/","og_locale":"de_DE","og_type":"article","og_title":"i4F lizenziert Fertigungsprozesse | Nachhaltigkeit | i4F","og_description":"i4F lizenziert Verfahren wie Liquid Laminate Technology (LLT) Light und LevioTech, die den Herstellern helfen, ihre Ziele im Bereich Nachhaltigkeit und Kostenmanagement zu erreichen.","og_url":"https:\/\/i4f.com\/de\/technologies\/process-technologies\/","og_site_name":"i4F","article_modified_time":"2025-10-31T10:51:40+00:00","twitter_card":"summary_large_image","schema":{"@context":"https:\/\/schema.org","@graph":[{"@type":"WebPage","@id":"https:\/\/i4f.com\/de\/technologies\/process-technologies\/","url":"https:\/\/i4f.com\/de\/technologies\/process-technologies\/","name":"i4F lizenziert Fertigungsprozesse | Nachhaltigkeit | i4F","isPartOf":{"@id":"https:\/\/i4f.com\/de\/#website"},"datePublished":"2021-06-21T13:29:19+00:00","dateModified":"2025-10-31T10:51:40+00:00","description":"i4F lizenziert Verfahren wie Liquid Laminate Technology (LLT) Light und LevioTech, die den Herstellern helfen, ihre Ziele im Bereich Nachhaltigkeit und Kostenmanagement zu erreichen.","breadcrumb":{"@id":"https:\/\/i4f.com\/de\/technologies\/process-technologies\/#breadcrumb"},"inLanguage":"de-DE","potentialAction":[{"@type":"ReadAction","target":["https:\/\/i4f.com\/de\/technologies\/process-technologies\/"]}]},{"@type":"BreadcrumbList","@id":"https:\/\/i4f.com\/de\/technologies\/process-technologies\/#breadcrumb","itemListElement":[{"@type":"ListItem","position":1,"name":"Home","item":"https:\/\/i4f.com\/de\/"},{"@type":"ListItem","position":2,"name":"Technologien","item":"https:\/\/i4f.com\/de\/technologies\/"},{"@type":"ListItem","position":3,"name":"Prozesstechnologien f\u00fcr nachhaltige Bodenbel\u00e4ge"}]},{"@type":"WebSite","@id":"https:\/\/i4f.com\/de\/#website","url":"https:\/\/i4f.com\/de\/","name":"i4F","description":"","potentialAction":[{"@type":"SearchAction","target":{"@type":"EntryPoint","urlTemplate":"https:\/\/i4f.com\/de\/?s={search_term_string}"},"query-input":{"@type":"PropertyValueSpecification","valueRequired":true,"valueName":"search_term_string"}}],"inLanguage":"de-DE"}]}},"_links":{"self":[{"href":"https:\/\/i4f.com\/de\/wp-json\/wp\/v2\/pages\/2880","targetHints":{"allow":["GET"]}}],"collection":[{"href":"https:\/\/i4f.com\/de\/wp-json\/wp\/v2\/pages"}],"about":[{"href":"https:\/\/i4f.com\/de\/wp-json\/wp\/v2\/types\/page"}],"author":[{"embeddable":true,"href":"https:\/\/i4f.com\/de\/wp-json\/wp\/v2\/users\/14"}],"replies":[{"embeddable":true,"href":"https:\/\/i4f.com\/de\/wp-json\/wp\/v2\/comments?post=2880"}],"version-history":[{"count":18,"href":"https:\/\/i4f.com\/de\/wp-json\/wp\/v2\/pages\/2880\/revisions"}],"predecessor-version":[{"id":9646,"href":"https:\/\/i4f.com\/de\/wp-json\/wp\/v2\/pages\/2880\/revisions\/9646"}],"up":[{"embeddable":true,"href":"https:\/\/i4f.com\/de\/wp-json\/wp\/v2\/pages\/2930"}],"wp:attachment":[{"href":"https:\/\/i4f.com\/de\/wp-json\/wp\/v2\/media?parent=2880"}],"curies":[{"name":"wp","href":"https:\/\/api.w.org\/{rel}","templated":true}]}}